{"id":128097,"date":"2025-09-04T13:28:02","date_gmt":"2025-09-04T11:28:09","guid":{"rendered":"https:\/\/grontkontor.dk\/?post_type=product&#038;p=128097"},"modified":"2025-09-10T09:56:28","modified_gmt":"2025-09-10T07:56:28","slug":"notesbog-a4-natur-eu-linjeret","status":"publish","type":"product","link":"https:\/\/grontkontor.dk\/no\/shop\/notesbog-a4-natur-eu-linjeret\/","title":{"rendered":"Notatbok A4 natur EU-f\u00f4ret"},"content":{"rendered":"<p>Ta kontroll over notatene og ideene dine med v\u00e5r EU-produserte A4-notatbok med linjerte sider. Dette er det ideelle verkt\u00f8yet for de som verdsetter orden og struktur. Enten du skriver m\u00f8tenotater, lager gj\u00f8rem\u00e5lslister eller organiserer studiene dine, s\u00f8rger de linjerte sidene for at skrivingen din forblir ryddig og lett \u00e5 lese. Den klassiske A4-st\u00f8rrelsen gir den perfekte balansen mellom rikelig med skriveplass og enkel h\u00e5ndtering, slik at du kan bruke den hvor som helst. Bra som et eksklusivt utdelingsark til messer og arrangementer, hvor det m\u00e5 v\u00e6re fokus p\u00e5 kvalitet og ansvar.<br \/>\nTilgjengelig i en rekke farger, samt med logotrykk.    <\/p>\n<p>Bygget for \u00e5 vare med kvalitet i tankene<br \/>\nV\u00e5r EU-produserte A4-notatbok er mer enn bare papir og omslag, den er et symbol p\u00e5 kvalitet og slitesterk design. Med et solid mykt omslag og en solid stift p\u00e5 baksiden, er den b\u00e6rbare PC-en designet for \u00e5 vare til daglig bruk, b\u00e5de p\u00e5 kontoret og p\u00e5 farten. De 80 papirsidene med linjer s\u00f8rger for at notatene dine ser profesjonelle ut. Vi kombinerer et rent og minimalistisk design med et produkt som er b\u00e5de p\u00e5litelig og behagelig \u00e5 bruke.   <\/p>\n<p>Velg et milj\u00f8vennlig og lokalprodusert produkt<br \/>\nN\u00e5r du velger v\u00e5r notatbok, st\u00f8tter du en mer ansvarlig produksjon. Den er stolt produsert i EU, noe som ikke bare garanterer den h\u00f8yeste kvalitetsstandarden, men ogs\u00e5 reduserer transportavstander og CO2-utslipp. Innpakningen er laget av FSC-sertifisert resirkulert papir, og limet er vannbasert, noe som understreker v\u00e5r forpliktelse til \u00e5 skape et milj\u00f8vennlig og klimavennlig produkt.  <\/p>\n<p>Gj\u00f8r ditt neste kj\u00f8p til en investering i b\u00e5de produktiviteten og milj\u00f8et. V\u00e5r EU-produserte notatbok med linjerte sider er det perfekte valget for den kresne forbrukeren. Bestill den i dag og f\u00f8l forskjellen i dine daglige rutiner.  <\/p>\n<p data-start=\"2355\" data-end=\"2441\">[bigso_all]<\/p>\n","protected":false},"excerpt":{"rendered":"<p>Ta kontroll over notatene og ideene dine med v\u00e5r EU-produserte A4-notatbok med linjerte sider. Dette er det ideelle verkt\u00f8yet for de som verdsetter orden og struktur. Enten du skriver m\u00f8tenotater, lager gj\u00f8rem\u00e5lslister eller organiserer studiene dine, s\u00f8rger de linjerte sidene for at skrivingen din forblir ryddig og lett \u00e5 lese. Den klassiske A4-st\u00f8rrelsen gir den [&hellip;]<\/p>\n","protected":false},"featured_media":128018,"comment_status":"closed","ping_status":"closed","template":"","meta":{"_acf_changed":false},"product_cat":[3199,3508,3611,3610,3195],"product_tag":[4770,3854,3859,3736,3612],"class_list":{"0":"post-128097","1":"product","2":"type-product","3":"status-publish","4":"has-post-thumbnail","6":"product_cat-dummy-moq-1-no","7":"product_cat-naturlig-resirkulert-papir","8":"product_cat-notatboker","9":"product_cat-papir-og-pads","10":"product_cat-produktserier","11":"product_tag-notatblokker-no-2","12":"product_tag-notatboker","13":"product_tag-notisblokk-no","14":"product_tag-notisblokk","15":"product_tag-notisbok","16":"tm-has-options","18":"first","19":"instock","20":"taxable","21":"shipping-taxable","22":"purchasable","23":"product-type-simple"},"acf":[],"yoast_head":"<!-- This site is optimized with the Yoast SEO Premium plugin v21.2 (Yoast SEO v21.2) - https:\/\/yoast.com\/wordpress\/plugins\/seo\/ -->\n<title>EU-produsert A4-notatbok i resirkulert papir<\/title>\n<meta name=\"description\" content=\"Kj\u00f8p en EU-produsert A4-notatbok med linjerte sider, perfekt for organisering. Tilgjengelig i forskjellige farger og med logotrykk.\" \/>\n<meta name=\"robots\" content=\"index, follow, max-snippet:-1, max-image-preview:large, max-video-preview:-1\" \/>\n<link rel=\"canonical\" href=\"https:\/\/grontkontor.dk\/shop\/notesbog-a4-natur-eu-linjeret\/\" \/>\n<meta property=\"og:locale\" content=\"en_US\" \/>\n<meta property=\"og:type\" content=\"article\" \/>\n<meta property=\"og:title\" content=\"Notatbok A4 natur EU-f\u00f4ret\" \/>\n<meta property=\"og:description\" content=\"Kj\u00f8p en EU-produsert A4-notatbok med linjerte sider, perfekt for organisering. Tilgjengelig i forskjellige farger og med logotrykk.\" \/>\n<meta property=\"og:url\" content=\"https:\/\/grontkontor.dk\/shop\/notesbog-a4-natur-eu-linjeret\/\" \/>\n<meta property=\"og:site_name\" content=\"Gr\u00f8nt Kontor\" \/>\n<meta property=\"article:publisher\" content=\"https:\/\/www.facebook.com\/grontkontor.dk\/\" \/>\n<meta property=\"article:modified_time\" content=\"2025-09-10T07:56:28+00:00\" \/>\n<meta property=\"og:image\" content=\"https:\/\/grontkontor.dk\/wp-content\/uploads\/2025\/09\/A4-notesbog-produceret-i-EU.jpg\" \/>\n\t<meta property=\"og:image:width\" content=\"900\" \/>\n\t<meta property=\"og:image:height\" content=\"639\" \/>\n\t<meta property=\"og:image:type\" content=\"image\/jpeg\" \/>\n<meta name=\"twitter:card\" content=\"summary_large_image\" \/>\n<meta name=\"twitter:label1\" content=\"Est. reading time\" \/>\n\t<meta name=\"twitter:data1\" content=\"2 minutes\" \/>\n<script type=\"application\/ld+json\" class=\"yoast-schema-graph\">{\"@context\":\"https:\/\/schema.org\",\"@graph\":[{\"@type\":\"WebPage\",\"@id\":\"https:\/\/grontkontor.dk\/shop\/notesbog-a4-natur-eu-linjeret\/\",\"url\":\"https:\/\/grontkontor.dk\/shop\/notesbog-a4-natur-eu-linjeret\/\",\"name\":\"EU-produsert A4-notatbok i resirkulert papir\",\"isPartOf\":{\"@id\":\"https:\/\/grontkontor.dk\/#website\"},\"datePublished\":\"2025-09-04T11:28:09+00:00\",\"dateModified\":\"2025-09-10T07:56:28+00:00\",\"description\":\"Kj\u00f8p en EU-produsert A4-notatbok med linjerte sider, perfekt for organisering. Tilgjengelig i forskjellige farger og med logotrykk.\",\"breadcrumb\":{\"@id\":\"https:\/\/grontkontor.dk\/shop\/notesbog-a4-natur-eu-linjeret\/#breadcrumb\"},\"inLanguage\":\"no-NO\",\"potentialAction\":[{\"@type\":\"ReadAction\",\"target\":[\"https:\/\/grontkontor.dk\/shop\/notesbog-a4-natur-eu-linjeret\/\"]}]},{\"@type\":\"BreadcrumbList\",\"@id\":\"https:\/\/grontkontor.dk\/shop\/notesbog-a4-natur-eu-linjeret\/#breadcrumb\",\"itemListElement\":[{\"@type\":\"ListItem\",\"position\":1,\"name\":\"Forside\",\"item\":\"https:\/\/grontkontor.dk\/\"},{\"@type\":\"ListItem\",\"position\":2,\"name\":\"Butikk\",\"item\":\"https:\/\/grontkontor.dk\/no\/butikk-2\/\"},{\"@type\":\"ListItem\",\"position\":3,\"name\":\"Produktserier\",\"item\":\"https:\/\/grontkontor.dk\/no\/produkt-kategori\/produktserier\/\"},{\"@type\":\"ListItem\",\"position\":4,\"name\":\"Naturlig resirkulert papir\",\"item\":\"https:\/\/grontkontor.dk\/no\/produkt-kategori\/produktserier\/naturlig-resirkulert-papir\/\"},{\"@type\":\"ListItem\",\"position\":5,\"name\":\"Notatbok A4 natur EU-f\u00f4ret\"}]},{\"@type\":\"WebSite\",\"@id\":\"https:\/\/grontkontor.dk\/#website\",\"url\":\"https:\/\/grontkontor.dk\/\",\"name\":\"Gr\u00f8nt Kontor\",\"description\":\"Milj\u00f8venlige produkter til kontor og erhverv med fokus p\u00e5 b\u00e6redygtighed, design og fair trade.\",\"publisher\":{\"@id\":\"https:\/\/grontkontor.dk\/#organization\"},\"potentialAction\":[{\"@type\":\"SearchAction\",\"target\":{\"@type\":\"EntryPoint\",\"urlTemplate\":\"https:\/\/grontkontor.dk\/?s={search_term_string}\"},\"query-input\":\"required name=search_term_string\"}],\"inLanguage\":\"no-NO\"},{\"@type\":\"Organization\",\"@id\":\"https:\/\/grontkontor.dk\/#organization\",\"name\":\"Gr\u00f8nt Kontor\",\"url\":\"https:\/\/grontkontor.dk\/\",\"logo\":{\"@type\":\"ImageObject\",\"inLanguage\":\"no-NO\",\"@id\":\"https:\/\/grontkontor.dk\/#\/schema\/logo\/image\/\",\"url\":\"https:\/\/grontkontor.dk\/wp-content\/uploads\/2014\/02\/Logo_groent_kontor_300x80.png\",\"contentUrl\":\"https:\/\/grontkontor.dk\/wp-content\/uploads\/2014\/02\/Logo_groent_kontor_300x80.png\",\"width\":300,\"height\":80,\"caption\":\"Gr\u00f8nt Kontor\"},\"image\":{\"@id\":\"https:\/\/grontkontor.dk\/#\/schema\/logo\/image\/\"},\"sameAs\":[\"https:\/\/www.facebook.com\/grontkontor.dk\/\"]}]}<\/script>\n<!-- \/ Yoast SEO Premium plugin. -->","yoast_head_json":{"title":"EU-produsert A4-notatbok i resirkulert papir","description":"Kj\u00f8p en EU-produsert A4-notatbok med linjerte sider, perfekt for organisering. Tilgjengelig i forskjellige farger og med logotrykk.","robots":{"index":"index","follow":"follow","max-snippet":"max-snippet:-1","max-image-preview":"max-image-preview:large","max-video-preview":"max-video-preview:-1"},"canonical":"https:\/\/grontkontor.dk\/shop\/notesbog-a4-natur-eu-linjeret\/","og_locale":"en_US","og_type":"article","og_title":"Notatbok A4 natur EU-f\u00f4ret","og_description":"Kj\u00f8p en EU-produsert A4-notatbok med linjerte sider, perfekt for organisering. Tilgjengelig i forskjellige farger og med logotrykk.","og_url":"https:\/\/grontkontor.dk\/shop\/notesbog-a4-natur-eu-linjeret\/","og_site_name":"Gr\u00f8nt Kontor","article_publisher":"https:\/\/www.facebook.com\/grontkontor.dk\/","article_modified_time":"2025-09-10T07:56:28+00:00","og_image":[{"width":900,"height":639,"url":"https:\/\/grontkontor.dk\/wp-content\/uploads\/2025\/09\/A4-notesbog-produceret-i-EU.jpg","type":"image\/jpeg"}],"twitter_card":"summary_large_image","twitter_misc":{"Est. reading time":"2 minutes"},"schema":{"@context":"https:\/\/schema.org","@graph":[{"@type":"WebPage","@id":"https:\/\/grontkontor.dk\/shop\/notesbog-a4-natur-eu-linjeret\/","url":"https:\/\/grontkontor.dk\/shop\/notesbog-a4-natur-eu-linjeret\/","name":"EU-produsert A4-notatbok i resirkulert papir","isPartOf":{"@id":"https:\/\/grontkontor.dk\/#website"},"datePublished":"2025-09-04T11:28:09+00:00","dateModified":"2025-09-10T07:56:28+00:00","description":"Kj\u00f8p en EU-produsert A4-notatbok med linjerte sider, perfekt for organisering. Tilgjengelig i forskjellige farger og med logotrykk.","breadcrumb":{"@id":"https:\/\/grontkontor.dk\/shop\/notesbog-a4-natur-eu-linjeret\/#breadcrumb"},"inLanguage":"no-NO","potentialAction":[{"@type":"ReadAction","target":["https:\/\/grontkontor.dk\/shop\/notesbog-a4-natur-eu-linjeret\/"]}]},{"@type":"BreadcrumbList","@id":"https:\/\/grontkontor.dk\/shop\/notesbog-a4-natur-eu-linjeret\/#breadcrumb","itemListElement":[{"@type":"ListItem","position":1,"name":"Forside","item":"https:\/\/grontkontor.dk\/"},{"@type":"ListItem","position":2,"name":"Butikk","item":"https:\/\/grontkontor.dk\/no\/butikk-2\/"},{"@type":"ListItem","position":3,"name":"Produktserier","item":"https:\/\/grontkontor.dk\/no\/produkt-kategori\/produktserier\/"},{"@type":"ListItem","position":4,"name":"Naturlig resirkulert papir","item":"https:\/\/grontkontor.dk\/no\/produkt-kategori\/produktserier\/naturlig-resirkulert-papir\/"},{"@type":"ListItem","position":5,"name":"Notatbok A4 natur EU-f\u00f4ret"}]},{"@type":"WebSite","@id":"https:\/\/grontkontor.dk\/#website","url":"https:\/\/grontkontor.dk\/","name":"Gr\u00f8nt Kontor","description":"Milj\u00f8venlige produkter til kontor og erhverv med fokus p\u00e5 b\u00e6redygtighed, design og fair trade.","publisher":{"@id":"https:\/\/grontkontor.dk\/#organization"},"potentialAction":[{"@type":"SearchAction","target":{"@type":"EntryPoint","urlTemplate":"https:\/\/grontkontor.dk\/?s={search_term_string}"},"query-input":"required name=search_term_string"}],"inLanguage":"no-NO"},{"@type":"Organization","@id":"https:\/\/grontkontor.dk\/#organization","name":"Gr\u00f8nt Kontor","url":"https:\/\/grontkontor.dk\/","logo":{"@type":"ImageObject","inLanguage":"no-NO","@id":"https:\/\/grontkontor.dk\/#\/schema\/logo\/image\/","url":"https:\/\/grontkontor.dk\/wp-content\/uploads\/2014\/02\/Logo_groent_kontor_300x80.png","contentUrl":"https:\/\/grontkontor.dk\/wp-content\/uploads\/2014\/02\/Logo_groent_kontor_300x80.png","width":300,"height":80,"caption":"Gr\u00f8nt Kontor"},"image":{"@id":"https:\/\/grontkontor.dk\/#\/schema\/logo\/image\/"},"sameAs":["https:\/\/www.facebook.com\/grontkontor.dk\/"]}]}},"_links":{"self":[{"href":"https:\/\/grontkontor.dk\/no\/wp-json\/wp\/v2\/product\/128097"}],"collection":[{"href":"https:\/\/grontkontor.dk\/no\/wp-json\/wp\/v2\/product"}],"about":[{"href":"https:\/\/grontkontor.dk\/no\/wp-json\/wp\/v2\/types\/product"}],"replies":[{"embeddable":true,"href":"https:\/\/grontkontor.dk\/no\/wp-json\/wp\/v2\/comments?post=128097"}],"wp:featuredmedia":[{"embeddable":true,"href":"https:\/\/grontkontor.dk\/no\/wp-json\/wp\/v2\/media\/128018"}],"wp:attachment":[{"href":"https:\/\/grontkontor.dk\/no\/wp-json\/wp\/v2\/media?parent=128097"}],"wp:term":[{"taxonomy":"product_cat","embeddable":true,"href":"https:\/\/grontkontor.dk\/no\/wp-json\/wp\/v2\/product_cat?post=128097"},{"taxonomy":"product_tag","embeddable":true,"href":"https:\/\/grontkontor.dk\/no\/wp-json\/wp\/v2\/product_tag?post=128097"}],"curies":[{"name":"wp","href":"https:\/\/api.w.org\/{rel}","templated":true}]}}