{"id":128106,"date":"2025-09-04T14:33:00","date_gmt":"2025-09-04T12:33:01","guid":{"rendered":"https:\/\/grontkontor.dk\/?post_type=product&#038;p=128106"},"modified":"2025-11-06T10:45:20","modified_gmt":"2025-11-06T09:45:20","slug":"regn-poncho-genanvendt-plast-pose","status":"publish","type":"product","link":"https:\/\/grontkontor.dk\/no\/shop\/regn-poncho-genanvendt-plast-pose\/","title":{"rendered":"Regntrekk med pose i rPET"},"content":{"rendered":"<p>En stilig beskyttelse mot regn<br \/>\nGj\u00f8r dine gjester og deltakere en god service, selv n\u00e5r v\u00e6ret er ertende. V\u00e5rt regntrekk i resirkulert plastpose er den ideelle og ansvarlige l\u00f8sningen for hoteller, arrangementer og festivaler. Med en st\u00f8rrelse p\u00e5 102 x 127 cm er dette regntrekket for voksne laget av lett og vanntett LDPE-materiale som gir effektiv beskyttelse mot regn og vind. Det er et enkelt, men kraftig salgsprodukt som skaper glede hos mottakeren.   <\/p>\n<p>Regntrekket v\u00e5rt er laget av slitesterkt LDPE-materiale, et p\u00e5litelig valg for beskyttelse mot regn.<br \/>\nFor bedrifter som prioriterer en kompromissl\u00f8s gr\u00f8nn profil, tilbyr vi ogs\u00e5 regntrekk i bioplast. Det er imidlertid viktig \u00e5 merke seg at bioplast har kortere holdbarhet og levetid sammenlignet med LDPE, og vi anbefaler derfor ikke at bioplastmodellene lagres over lengre perioder. Denne l\u00f8sningen er optimal n\u00e5r du \u00f8nsker \u00e5 signalisere en sterk milj\u00f8profil med et produkt for umiddelbar bruk. Vi h\u00e5per snart \u00e5 kunne tilby regntrekk laget av milj\u00f8vennlige materialer, men inntil da er dette v\u00e5rt beste alternativ for et langvarig, relativt milj\u00f8vennlig regntrekk.   <\/p>\n<p>Kan leveres med eller uten logotrykk p\u00e5 vesken, samt veske i fargene: bl\u00e5, hvit, r\u00f8d, gr\u00f8nn og svart.<\/p>\n<p>Det som virkelig skiller dette produktet er emballasjen. Hvert regntrekk er pakket i en matchende pose med resirkulert RPET-polyester, et materiale laget av resirkulerte plastflasker. Denne l\u00f8sningen understreker ikke bare et milj\u00f8vennlig budskap, men fremmer ogs\u00e5 resirkulering av plastavfall. Veskens justerbare lukking og medf\u00f8lgende karabinkrok gj\u00f8r det enkelt for gjestene dine \u00e5 ta den med deg p\u00e5 farten, enten det er for \u00e5 henge p\u00e5 en veske eller p\u00e5 et belte. Her f\u00e5r du et regntrekk i en resirkulert plastpose som er et tydelig bevis p\u00e5 merkevarens bekymring for milj\u00f8et.    <\/p>\n<div id=\"model-response-message-contentr_fa49cde90495a534\" class=\"markdown markdown-main-panel enable-updated-hr-color\" dir=\"ltr\">\n<p>Perfekt for ditt merke<br \/>\nV\u00e5r regnponcho er ikke bare et praktisk element, men ogs\u00e5 et kraftig merkevareverkt\u00f8y. Du kan tilby dem for salg i resepsjonen, i billettkontoret eller som en del av en velkomstpakke. Med et bredt spekter av farger kan du velge den som passer best til ditt merke eller tema. Det synlige RPET-merket p\u00e5 vesken er et symbol p\u00e5 kvalitet og bevis p\u00e5 ditt positive bidrag. Velg et produkt som kombinerer funksjonalitet med et positivt milj\u00f8avtrykk. Med v\u00e5r regnponcho styrker du omd\u00f8mmet ditt og skaper goodwill hos kundene dine, som vil sette pris p\u00e5 innsatsen din. Bestill i dag og la virksomheten din skinne \u2013 uansett v\u00e6r.      <\/p>\n<\/div>\n<p>[rpet]<\/p>\n","protected":false},"excerpt":{"rendered":"<p>En stilig beskyttelse mot regn Gj\u00f8r dine gjester og deltakere en god service, selv n\u00e5r v\u00e6ret er ertende. V\u00e5rt regntrekk i resirkulert plastpose er den ideelle og ansvarlige l\u00f8sningen for hoteller, arrangementer og festivaler. Med en st\u00f8rrelse p\u00e5 102 x 127 cm er dette regntrekket for voksne laget av lett og vanntett LDPE-materiale som gir [&hellip;]<\/p>\n","protected":false},"featured_media":128120,"comment_status":"closed","ping_status":"closed","template":"","meta":{"_acf_changed":false},"product_cat":[3199,3437,3194,3476,3223,3201],"product_tag":[3973,4189],"class_list":{"0":"post-128106","1":"product","2":"type-product","3":"status-publish","4":"has-post-thumbnail","6":"product_cat-dummy-moq-1-no","7":"product_cat-hotell-restaurant","8":"product_cat-klimavennlige-firmagaver","9":"product_cat-klaer","10":"product_cat-messe-og-arrangement","11":"product_cat-sport-og-fritid-no","12":"product_tag-klaer","13":"product_tag-regndekke","14":"pa_farve-blaa-no","15":"pa_farve-groenn","16":"pa_farve-hvit","17":"pa_farve-roed-no","18":"pa_farve-svart","19":"tm-has-options","21":"first","22":"instock","23":"taxable","24":"shipping-taxable","25":"purchasable","26":"product-type-variable","27":"has-default-attributes"},"acf":[],"yoast_head":"<!-- This site is optimized with the Yoast SEO Premium plugin v21.2 (Yoast SEO v21.2) - https:\/\/yoast.com\/wordpress\/plugins\/seo\/ -->\n<title>Regntrekk i resirkulert plastpose<\/title>\n<meta name=\"description\" content=\"Regntrekk i resirkulerte plastposer er den perfekte l\u00f8sningen for hoteller og festivaler. Selg eller del ut ponchoen og tilby gjestene en praktisk service.\" \/>\n<meta name=\"robots\" content=\"index, follow, max-snippet:-1, max-image-preview:large, max-video-preview:-1\" \/>\n<link rel=\"canonical\" href=\"https:\/\/grontkontor.dk\/no\/shop\/regn-poncho-genanvendt-plast-pose\/\" \/>\n<meta property=\"og:locale\" content=\"en_US\" \/>\n<meta property=\"og:type\" content=\"article\" \/>\n<meta property=\"og:title\" content=\"Regntrekk med pose i rPET\" \/>\n<meta property=\"og:description\" content=\"Regntrekk i resirkulerte plastposer er den perfekte l\u00f8sningen for hoteller og festivaler. Selg eller del ut ponchoen og tilby gjestene en praktisk service.\" \/>\n<meta property=\"og:url\" content=\"https:\/\/grontkontor.dk\/no\/shop\/regn-poncho-genanvendt-plast-pose\/\" \/>\n<meta property=\"og:site_name\" content=\"Gr\u00f8nt Kontor\" \/>\n<meta property=\"article:publisher\" content=\"https:\/\/www.facebook.com\/grontkontor.dk\/\" \/>\n<meta property=\"article:modified_time\" content=\"2025-11-06T09:45:20+00:00\" \/>\n<meta property=\"og:image\" content=\"https:\/\/grontkontor.dk\/wp-content\/uploads\/2025\/09\/Regnslag-i-genavendt-plast-collage.jpg\" \/>\n\t<meta property=\"og:image:width\" content=\"900\" \/>\n\t<meta property=\"og:image:height\" content=\"639\" \/>\n\t<meta property=\"og:image:type\" content=\"image\/jpeg\" \/>\n<meta name=\"twitter:card\" content=\"summary_large_image\" \/>\n<meta name=\"twitter:label1\" content=\"Est. reading time\" \/>\n\t<meta name=\"twitter:data1\" content=\"2 minutes\" \/>\n<script type=\"application\/ld+json\" class=\"yoast-schema-graph\">{\"@context\":\"https:\/\/schema.org\",\"@graph\":[{\"@type\":\"WebPage\",\"@id\":\"https:\/\/grontkontor.dk\/no\/shop\/regn-poncho-genanvendt-plast-pose\/\",\"url\":\"https:\/\/grontkontor.dk\/no\/shop\/regn-poncho-genanvendt-plast-pose\/\",\"name\":\"Regntrekk i resirkulert plastpose\",\"isPartOf\":{\"@id\":\"https:\/\/grontkontor.dk\/#website\"},\"datePublished\":\"2025-09-04T12:33:01+00:00\",\"dateModified\":\"2025-11-06T09:45:20+00:00\",\"description\":\"Regntrekk i resirkulerte plastposer er den perfekte l\u00f8sningen for hoteller og festivaler. Selg eller del ut ponchoen og tilby gjestene en praktisk service.\",\"breadcrumb\":{\"@id\":\"https:\/\/grontkontor.dk\/no\/shop\/regn-poncho-genanvendt-plast-pose\/#breadcrumb\"},\"inLanguage\":\"no-NO\",\"potentialAction\":[{\"@type\":\"ReadAction\",\"target\":[\"https:\/\/grontkontor.dk\/no\/shop\/regn-poncho-genanvendt-plast-pose\/\"]}]},{\"@type\":\"BreadcrumbList\",\"@id\":\"https:\/\/grontkontor.dk\/no\/shop\/regn-poncho-genanvendt-plast-pose\/#breadcrumb\",\"itemListElement\":[{\"@type\":\"ListItem\",\"position\":1,\"name\":\"Forside\",\"item\":\"https:\/\/grontkontor.dk\/\"},{\"@type\":\"ListItem\",\"position\":2,\"name\":\"Butikk\",\"item\":\"https:\/\/grontkontor.dk\/no\/butikk-2\/\"},{\"@type\":\"ListItem\",\"position\":3,\"name\":\"Sport og fritid\",\"item\":\"https:\/\/grontkontor.dk\/produkt-kategori\/sport-og-fritid\/\"},{\"@type\":\"ListItem\",\"position\":4,\"name\":\"Regntrekk med pose i rPET\"}]},{\"@type\":\"WebSite\",\"@id\":\"https:\/\/grontkontor.dk\/#website\",\"url\":\"https:\/\/grontkontor.dk\/\",\"name\":\"Gr\u00f8nt Kontor\",\"description\":\"Milj\u00f8venlige produkter til kontor og erhverv med fokus p\u00e5 b\u00e6redygtighed, design og fair trade.\",\"publisher\":{\"@id\":\"https:\/\/grontkontor.dk\/#organization\"},\"potentialAction\":[{\"@type\":\"SearchAction\",\"target\":{\"@type\":\"EntryPoint\",\"urlTemplate\":\"https:\/\/grontkontor.dk\/?s={search_term_string}\"},\"query-input\":\"required name=search_term_string\"}],\"inLanguage\":\"no-NO\"},{\"@type\":\"Organization\",\"@id\":\"https:\/\/grontkontor.dk\/#organization\",\"name\":\"Gr\u00f8nt Kontor\",\"url\":\"https:\/\/grontkontor.dk\/\",\"logo\":{\"@type\":\"ImageObject\",\"inLanguage\":\"no-NO\",\"@id\":\"https:\/\/grontkontor.dk\/#\/schema\/logo\/image\/\",\"url\":\"https:\/\/grontkontor.dk\/wp-content\/uploads\/2014\/02\/Logo_groent_kontor_300x80.png\",\"contentUrl\":\"https:\/\/grontkontor.dk\/wp-content\/uploads\/2014\/02\/Logo_groent_kontor_300x80.png\",\"width\":300,\"height\":80,\"caption\":\"Gr\u00f8nt Kontor\"},\"image\":{\"@id\":\"https:\/\/grontkontor.dk\/#\/schema\/logo\/image\/\"},\"sameAs\":[\"https:\/\/www.facebook.com\/grontkontor.dk\/\"]}]}<\/script>\n<!-- \/ Yoast SEO Premium plugin. -->","yoast_head_json":{"title":"Regntrekk i resirkulert plastpose","description":"Regntrekk i resirkulerte plastposer er den perfekte l\u00f8sningen for hoteller og festivaler. Selg eller del ut ponchoen og tilby gjestene en praktisk service.","robots":{"index":"index","follow":"follow","max-snippet":"max-snippet:-1","max-image-preview":"max-image-preview:large","max-video-preview":"max-video-preview:-1"},"canonical":"https:\/\/grontkontor.dk\/no\/shop\/regn-poncho-genanvendt-plast-pose\/","og_locale":"en_US","og_type":"article","og_title":"Regntrekk med pose i rPET","og_description":"Regntrekk i resirkulerte plastposer er den perfekte l\u00f8sningen for hoteller og festivaler. Selg eller del ut ponchoen og tilby gjestene en praktisk service.","og_url":"https:\/\/grontkontor.dk\/no\/shop\/regn-poncho-genanvendt-plast-pose\/","og_site_name":"Gr\u00f8nt Kontor","article_publisher":"https:\/\/www.facebook.com\/grontkontor.dk\/","article_modified_time":"2025-11-06T09:45:20+00:00","og_image":[{"width":900,"height":639,"url":"https:\/\/grontkontor.dk\/wp-content\/uploads\/2025\/09\/Regnslag-i-genavendt-plast-collage.jpg","type":"image\/jpeg"}],"twitter_card":"summary_large_image","twitter_misc":{"Est. reading time":"2 minutes"},"schema":{"@context":"https:\/\/schema.org","@graph":[{"@type":"WebPage","@id":"https:\/\/grontkontor.dk\/no\/shop\/regn-poncho-genanvendt-plast-pose\/","url":"https:\/\/grontkontor.dk\/no\/shop\/regn-poncho-genanvendt-plast-pose\/","name":"Regntrekk i resirkulert plastpose","isPartOf":{"@id":"https:\/\/grontkontor.dk\/#website"},"datePublished":"2025-09-04T12:33:01+00:00","dateModified":"2025-11-06T09:45:20+00:00","description":"Regntrekk i resirkulerte plastposer er den perfekte l\u00f8sningen for hoteller og festivaler. Selg eller del ut ponchoen og tilby gjestene en praktisk service.","breadcrumb":{"@id":"https:\/\/grontkontor.dk\/no\/shop\/regn-poncho-genanvendt-plast-pose\/#breadcrumb"},"inLanguage":"no-NO","potentialAction":[{"@type":"ReadAction","target":["https:\/\/grontkontor.dk\/no\/shop\/regn-poncho-genanvendt-plast-pose\/"]}]},{"@type":"BreadcrumbList","@id":"https:\/\/grontkontor.dk\/no\/shop\/regn-poncho-genanvendt-plast-pose\/#breadcrumb","itemListElement":[{"@type":"ListItem","position":1,"name":"Forside","item":"https:\/\/grontkontor.dk\/"},{"@type":"ListItem","position":2,"name":"Butikk","item":"https:\/\/grontkontor.dk\/no\/butikk-2\/"},{"@type":"ListItem","position":3,"name":"Sport og fritid","item":"https:\/\/grontkontor.dk\/produkt-kategori\/sport-og-fritid\/"},{"@type":"ListItem","position":4,"name":"Regntrekk med pose i rPET"}]},{"@type":"WebSite","@id":"https:\/\/grontkontor.dk\/#website","url":"https:\/\/grontkontor.dk\/","name":"Gr\u00f8nt Kontor","description":"Milj\u00f8venlige produkter til kontor og erhverv med fokus p\u00e5 b\u00e6redygtighed, design og fair trade.","publisher":{"@id":"https:\/\/grontkontor.dk\/#organization"},"potentialAction":[{"@type":"SearchAction","target":{"@type":"EntryPoint","urlTemplate":"https:\/\/grontkontor.dk\/?s={search_term_string}"},"query-input":"required name=search_term_string"}],"inLanguage":"no-NO"},{"@type":"Organization","@id":"https:\/\/grontkontor.dk\/#organization","name":"Gr\u00f8nt Kontor","url":"https:\/\/grontkontor.dk\/","logo":{"@type":"ImageObject","inLanguage":"no-NO","@id":"https:\/\/grontkontor.dk\/#\/schema\/logo\/image\/","url":"https:\/\/grontkontor.dk\/wp-content\/uploads\/2014\/02\/Logo_groent_kontor_300x80.png","contentUrl":"https:\/\/grontkontor.dk\/wp-content\/uploads\/2014\/02\/Logo_groent_kontor_300x80.png","width":300,"height":80,"caption":"Gr\u00f8nt Kontor"},"image":{"@id":"https:\/\/grontkontor.dk\/#\/schema\/logo\/image\/"},"sameAs":["https:\/\/www.facebook.com\/grontkontor.dk\/"]}]}},"_links":{"self":[{"href":"https:\/\/grontkontor.dk\/no\/wp-json\/wp\/v2\/product\/128106"}],"collection":[{"href":"https:\/\/grontkontor.dk\/no\/wp-json\/wp\/v2\/product"}],"about":[{"href":"https:\/\/grontkontor.dk\/no\/wp-json\/wp\/v2\/types\/product"}],"replies":[{"embeddable":true,"href":"https:\/\/grontkontor.dk\/no\/wp-json\/wp\/v2\/comments?post=128106"}],"wp:featuredmedia":[{"embeddable":true,"href":"https:\/\/grontkontor.dk\/no\/wp-json\/wp\/v2\/media\/128120"}],"wp:attachment":[{"href":"https:\/\/grontkontor.dk\/no\/wp-json\/wp\/v2\/media?parent=128106"}],"wp:term":[{"taxonomy":"product_cat","embeddable":true,"href":"https:\/\/grontkontor.dk\/no\/wp-json\/wp\/v2\/product_cat?post=128106"},{"taxonomy":"product_tag","embeddable":true,"href":"https:\/\/grontkontor.dk\/no\/wp-json\/wp\/v2\/product_tag?post=128106"}],"curies":[{"name":"wp","href":"https:\/\/api.w.org\/{rel}","templated":true}]}}