{"id":128980,"date":"2025-09-18T10:22:14","date_gmt":"2025-09-18T08:22:14","guid":{"rendered":"https:\/\/grontkontor.dk\/?post_type=product&#038;p=128980"},"modified":"2025-09-30T14:29:34","modified_gmt":"2025-09-30T12:29:34","slug":"lille-vaegreol-fsc-egetrae","status":"publish","type":"product","link":"https:\/\/grontkontor.dk\/no\/shop\/lille-vaegreol-fsc-egetrae\/","title":{"rendered":"Liten vegghylle FSC eik"},"content":{"rendered":"<p>Skap et elegant og organisert hjem med et milj\u00f8vennlig veggstativ i FSC eik som kombinerer minimalistisk design med en ansvarlig tiln\u00e6rming til materialer. Bokhyllen er et vakkert og funksjonelt m\u00f8bel som passer perfekt inn i ethvert rom i hjemmet ditt \u2013 enten det er stuen, kj\u00f8kkenet, soverommet eller gangen. Den er laget av FSC-sertifisert\u00ae eik, som garanterer at treet kommer fra ansvarlig skogbruk. Det er et bevisst valg som sikrer at du innreder hjemmet ditt med et produkt som respekterer skogene v\u00e5re og planeten.   <\/p>\n<p>Enkelt og elegant milj\u00f8vennlig veggstativ i FSC-eik, som er utrolig enkelt \u00e5 integrere i enhver innredning. Du kan bruke den til \u00e5 vise favorittgjenstandene dine, som et sted \u00e5 oppbevare kokeb\u00f8kene dine, eller som en praktisk l\u00f8sning for n\u00f8kler og inngang i gangen. Hyllens allsidighet gj\u00f8r den til et uunnv\u00e6rlig element for de som s\u00f8ker en kombinasjon av stil og funksjonalitet.  <\/p>\n<p>Den varme gl\u00f8den og den naturlige teksturen til eiketreet gir et tidl\u00f8st og innbydende element til innredningen din. Hyllen er ikke bare funksjonell, men ogs\u00e5 visuelt tiltalende, noe som gj\u00f8r den til et m\u00f8bel som b\u00e5de er vakkert \u00e5 se p\u00e5 og behagelig \u00e5 ta p\u00e5. Ved \u00e5 velge dette klimavennlige m\u00f8belet f\u00e5r du en holdbar l\u00f8sning for dine oppbevaringsbehov som er designet for \u00e5 vare i mange \u00e5r fremover. Vegghyllen v\u00e5r er et perfekt eksempel p\u00e5 hvordan vakkert design og et milj\u00f8vennlig valg kan g\u00e5 h\u00e5nd i h\u00e5nd.   <\/p>\n<p>[FSC_s]<\/p>\n<p>[tryk]<\/p>\n<a href=\"https:\/\/ic.fsc.org\/en\/\" target=\"window\"><img loading=\"lazy\" decoding=\"async\" class=\"size-full wp-image-12735\" src=\"https:\/\/grontkontor.dk\/wp-content\/uploads\/2019\/04\/fsc-certificeret.png\" \n\t\t alt=\"FSC-certificeret\" title=\"FSC-certificeret\" width=\"44\" height=\"51\" border=0\/><\/a>\n","protected":false},"excerpt":{"rendered":"<p>Skap et elegant og organisert hjem med et milj\u00f8vennlig veggstativ i FSC eik som kombinerer minimalistisk design med en ansvarlig tiln\u00e6rming til materialer. Bokhyllen er et vakkert og funksjonelt m\u00f8bel som passer perfekt inn i ethvert rom i hjemmet ditt \u2013 enten det er stuen, kj\u00f8kkenet, soverommet eller gangen. Den er laget av FSC-sertifisert\u00ae eik, [&hellip;]<\/p>\n","protected":false},"featured_media":128987,"comment_status":"closed","ping_status":"closed","template":"","meta":{"_acf_changed":false},"product_cat":[3313,3199,3883,2657,3195],"product_tag":[3614,3547,3601],"class_list":{"0":"post-128980","1":"product","2":"type-product","3":"status-publish","4":"has-post-thumbnail","6":"product_cat-diverse-inventar-no","7":"product_cat-dummy-moq-1-no","8":"product_cat-eik","9":"product_cat-nyheter","10":"product_cat-produktserier","11":"product_tag-bokhylle","12":"product_tag-moebel-no","13":"product_tag-vegghylle","14":"tm-has-options","16":"first","17":"instock","18":"taxable","19":"shipping-taxable","20":"purchasable","21":"product-type-simple"},"acf":[],"yoast_head":"<!-- This site is optimized with the Yoast SEO Premium plugin v21.2 (Yoast SEO v21.2) - https:\/\/yoast.com\/wordpress\/plugins\/seo\/ -->\n<title>Milj\u00f8vennlig veggstativ i FSC eik<\/title>\n<meta name=\"description\" content=\"Klimavennlig veggstativ i FSC-eik. Med denne milj\u00f8vennlige bokhyllen f\u00e5r du et vakkert og funksjonelt m\u00f8bel til hjemmet ditt\" \/>\n<meta name=\"robots\" content=\"index, follow, max-snippet:-1, max-image-preview:large, max-video-preview:-1\" \/>\n<link rel=\"canonical\" href=\"https:\/\/grontkontor.dk\/no\/shop\/lille-vaegreol-fsc-egetrae\/\" \/>\n<meta property=\"og:locale\" content=\"en_US\" \/>\n<meta property=\"og:type\" content=\"article\" \/>\n<meta property=\"og:title\" content=\"Liten vegghylle FSC eik\" \/>\n<meta property=\"og:description\" content=\"Klimavennlig veggstativ i FSC-eik. Med denne milj\u00f8vennlige bokhyllen f\u00e5r du et vakkert og funksjonelt m\u00f8bel til hjemmet ditt\" \/>\n<meta property=\"og:url\" content=\"https:\/\/grontkontor.dk\/no\/shop\/lille-vaegreol-fsc-egetrae\/\" \/>\n<meta property=\"og:site_name\" content=\"Gr\u00f8nt Kontor\" \/>\n<meta property=\"article:publisher\" content=\"https:\/\/www.facebook.com\/grontkontor.dk\/\" \/>\n<meta property=\"article:modified_time\" content=\"2025-09-30T12:29:34+00:00\" \/>\n<meta property=\"og:image\" content=\"https:\/\/grontkontor.dk\/wp-content\/uploads\/2023\/03\/Opslagstavle-FSC-egetrae-klimavenlig.jpg\" \/>\n\t<meta property=\"og:image:width\" content=\"900\" \/>\n\t<meta property=\"og:image:height\" content=\"639\" \/>\n\t<meta property=\"og:image:type\" content=\"image\/jpeg\" \/>\n<meta name=\"twitter:card\" content=\"summary_large_image\" \/>\n<meta name=\"twitter:label1\" content=\"Est. reading time\" \/>\n\t<meta name=\"twitter:data1\" content=\"1 minute\" \/>\n<script type=\"application\/ld+json\" class=\"yoast-schema-graph\">{\"@context\":\"https:\/\/schema.org\",\"@graph\":[{\"@type\":\"WebPage\",\"@id\":\"https:\/\/grontkontor.dk\/no\/shop\/lille-vaegreol-fsc-egetrae\/\",\"url\":\"https:\/\/grontkontor.dk\/no\/shop\/lille-vaegreol-fsc-egetrae\/\",\"name\":\"Milj\u00f8vennlig veggstativ i FSC eik\",\"isPartOf\":{\"@id\":\"https:\/\/grontkontor.dk\/#website\"},\"datePublished\":\"2025-09-18T08:22:14+00:00\",\"dateModified\":\"2025-09-30T12:29:34+00:00\",\"description\":\"Klimavennlig veggstativ i FSC-eik. Med denne milj\u00f8vennlige bokhyllen f\u00e5r du et vakkert og funksjonelt m\u00f8bel til hjemmet ditt\",\"breadcrumb\":{\"@id\":\"https:\/\/grontkontor.dk\/no\/shop\/lille-vaegreol-fsc-egetrae\/#breadcrumb\"},\"inLanguage\":\"no-NO\",\"potentialAction\":[{\"@type\":\"ReadAction\",\"target\":[\"https:\/\/grontkontor.dk\/no\/shop\/lille-vaegreol-fsc-egetrae\/\"]}]},{\"@type\":\"BreadcrumbList\",\"@id\":\"https:\/\/grontkontor.dk\/no\/shop\/lille-vaegreol-fsc-egetrae\/#breadcrumb\",\"itemListElement\":[{\"@type\":\"ListItem\",\"position\":1,\"name\":\"Forside\",\"item\":\"https:\/\/grontkontor.dk\/\"},{\"@type\":\"ListItem\",\"position\":2,\"name\":\"Butikk\",\"item\":\"https:\/\/grontkontor.dk\/no\/butikk-2\/\"},{\"@type\":\"ListItem\",\"position\":3,\"name\":\"M\u00f8bler og inventar\",\"item\":\"https:\/\/grontkontor.dk\/produkt-kategori\/mobler-og-inventar\/\"},{\"@type\":\"ListItem\",\"position\":4,\"name\":\"Diverse inventar\",\"item\":\"https:\/\/grontkontor.dk\/produkt-kategori\/mobler-og-inventar\/diverse-inventar\/\"},{\"@type\":\"ListItem\",\"position\":5,\"name\":\"Liten vegghylle FSC eik\"}]},{\"@type\":\"WebSite\",\"@id\":\"https:\/\/grontkontor.dk\/#website\",\"url\":\"https:\/\/grontkontor.dk\/\",\"name\":\"Gr\u00f8nt Kontor\",\"description\":\"Milj\u00f8venlige produkter til kontor og erhverv med fokus p\u00e5 b\u00e6redygtighed, design og fair trade.\",\"publisher\":{\"@id\":\"https:\/\/grontkontor.dk\/#organization\"},\"potentialAction\":[{\"@type\":\"SearchAction\",\"target\":{\"@type\":\"EntryPoint\",\"urlTemplate\":\"https:\/\/grontkontor.dk\/?s={search_term_string}\"},\"query-input\":\"required name=search_term_string\"}],\"inLanguage\":\"no-NO\"},{\"@type\":\"Organization\",\"@id\":\"https:\/\/grontkontor.dk\/#organization\",\"name\":\"Gr\u00f8nt Kontor\",\"url\":\"https:\/\/grontkontor.dk\/\",\"logo\":{\"@type\":\"ImageObject\",\"inLanguage\":\"no-NO\",\"@id\":\"https:\/\/grontkontor.dk\/#\/schema\/logo\/image\/\",\"url\":\"https:\/\/grontkontor.dk\/wp-content\/uploads\/2014\/02\/Logo_groent_kontor_300x80.png\",\"contentUrl\":\"https:\/\/grontkontor.dk\/wp-content\/uploads\/2014\/02\/Logo_groent_kontor_300x80.png\",\"width\":300,\"height\":80,\"caption\":\"Gr\u00f8nt Kontor\"},\"image\":{\"@id\":\"https:\/\/grontkontor.dk\/#\/schema\/logo\/image\/\"},\"sameAs\":[\"https:\/\/www.facebook.com\/grontkontor.dk\/\"]}]}<\/script>\n<!-- \/ Yoast SEO Premium plugin. -->","yoast_head_json":{"title":"Milj\u00f8vennlig veggstativ i FSC eik","description":"Klimavennlig veggstativ i FSC-eik. Med denne milj\u00f8vennlige bokhyllen f\u00e5r du et vakkert og funksjonelt m\u00f8bel til hjemmet ditt","robots":{"index":"index","follow":"follow","max-snippet":"max-snippet:-1","max-image-preview":"max-image-preview:large","max-video-preview":"max-video-preview:-1"},"canonical":"https:\/\/grontkontor.dk\/no\/shop\/lille-vaegreol-fsc-egetrae\/","og_locale":"en_US","og_type":"article","og_title":"Liten vegghylle FSC eik","og_description":"Klimavennlig veggstativ i FSC-eik. Med denne milj\u00f8vennlige bokhyllen f\u00e5r du et vakkert og funksjonelt m\u00f8bel til hjemmet ditt","og_url":"https:\/\/grontkontor.dk\/no\/shop\/lille-vaegreol-fsc-egetrae\/","og_site_name":"Gr\u00f8nt Kontor","article_publisher":"https:\/\/www.facebook.com\/grontkontor.dk\/","article_modified_time":"2025-09-30T12:29:34+00:00","og_image":[{"width":900,"height":639,"url":"https:\/\/grontkontor.dk\/wp-content\/uploads\/2023\/03\/Opslagstavle-FSC-egetrae-klimavenlig.jpg","type":"image\/jpeg"}],"twitter_card":"summary_large_image","twitter_misc":{"Est. reading time":"1 minute"},"schema":{"@context":"https:\/\/schema.org","@graph":[{"@type":"WebPage","@id":"https:\/\/grontkontor.dk\/no\/shop\/lille-vaegreol-fsc-egetrae\/","url":"https:\/\/grontkontor.dk\/no\/shop\/lille-vaegreol-fsc-egetrae\/","name":"Milj\u00f8vennlig veggstativ i FSC eik","isPartOf":{"@id":"https:\/\/grontkontor.dk\/#website"},"datePublished":"2025-09-18T08:22:14+00:00","dateModified":"2025-09-30T12:29:34+00:00","description":"Klimavennlig veggstativ i FSC-eik. Med denne milj\u00f8vennlige bokhyllen f\u00e5r du et vakkert og funksjonelt m\u00f8bel til hjemmet ditt","breadcrumb":{"@id":"https:\/\/grontkontor.dk\/no\/shop\/lille-vaegreol-fsc-egetrae\/#breadcrumb"},"inLanguage":"no-NO","potentialAction":[{"@type":"ReadAction","target":["https:\/\/grontkontor.dk\/no\/shop\/lille-vaegreol-fsc-egetrae\/"]}]},{"@type":"BreadcrumbList","@id":"https:\/\/grontkontor.dk\/no\/shop\/lille-vaegreol-fsc-egetrae\/#breadcrumb","itemListElement":[{"@type":"ListItem","position":1,"name":"Forside","item":"https:\/\/grontkontor.dk\/"},{"@type":"ListItem","position":2,"name":"Butikk","item":"https:\/\/grontkontor.dk\/no\/butikk-2\/"},{"@type":"ListItem","position":3,"name":"M\u00f8bler og inventar","item":"https:\/\/grontkontor.dk\/produkt-kategori\/mobler-og-inventar\/"},{"@type":"ListItem","position":4,"name":"Diverse inventar","item":"https:\/\/grontkontor.dk\/produkt-kategori\/mobler-og-inventar\/diverse-inventar\/"},{"@type":"ListItem","position":5,"name":"Liten vegghylle FSC eik"}]},{"@type":"WebSite","@id":"https:\/\/grontkontor.dk\/#website","url":"https:\/\/grontkontor.dk\/","name":"Gr\u00f8nt Kontor","description":"Milj\u00f8venlige produkter til kontor og erhverv med fokus p\u00e5 b\u00e6redygtighed, design og fair trade.","publisher":{"@id":"https:\/\/grontkontor.dk\/#organization"},"potentialAction":[{"@type":"SearchAction","target":{"@type":"EntryPoint","urlTemplate":"https:\/\/grontkontor.dk\/?s={search_term_string}"},"query-input":"required name=search_term_string"}],"inLanguage":"no-NO"},{"@type":"Organization","@id":"https:\/\/grontkontor.dk\/#organization","name":"Gr\u00f8nt Kontor","url":"https:\/\/grontkontor.dk\/","logo":{"@type":"ImageObject","inLanguage":"no-NO","@id":"https:\/\/grontkontor.dk\/#\/schema\/logo\/image\/","url":"https:\/\/grontkontor.dk\/wp-content\/uploads\/2014\/02\/Logo_groent_kontor_300x80.png","contentUrl":"https:\/\/grontkontor.dk\/wp-content\/uploads\/2014\/02\/Logo_groent_kontor_300x80.png","width":300,"height":80,"caption":"Gr\u00f8nt Kontor"},"image":{"@id":"https:\/\/grontkontor.dk\/#\/schema\/logo\/image\/"},"sameAs":["https:\/\/www.facebook.com\/grontkontor.dk\/"]}]}},"_links":{"self":[{"href":"https:\/\/grontkontor.dk\/no\/wp-json\/wp\/v2\/product\/128980"}],"collection":[{"href":"https:\/\/grontkontor.dk\/no\/wp-json\/wp\/v2\/product"}],"about":[{"href":"https:\/\/grontkontor.dk\/no\/wp-json\/wp\/v2\/types\/product"}],"replies":[{"embeddable":true,"href":"https:\/\/grontkontor.dk\/no\/wp-json\/wp\/v2\/comments?post=128980"}],"wp:featuredmedia":[{"embeddable":true,"href":"https:\/\/grontkontor.dk\/no\/wp-json\/wp\/v2\/media\/128987"}],"wp:attachment":[{"href":"https:\/\/grontkontor.dk\/no\/wp-json\/wp\/v2\/media?parent=128980"}],"wp:term":[{"taxonomy":"product_cat","embeddable":true,"href":"https:\/\/grontkontor.dk\/no\/wp-json\/wp\/v2\/product_cat?post=128980"},{"taxonomy":"product_tag","embeddable":true,"href":"https:\/\/grontkontor.dk\/no\/wp-json\/wp\/v2\/product_tag?post=128980"}],"curies":[{"name":"wp","href":"https:\/\/api.w.org\/{rel}","templated":true}]}}