{"id":129044,"date":"2025-09-11T14:23:00","date_gmt":"2025-09-19T18:22:23","guid":{"rendered":"https:\/\/grontkontor.dk\/shop\/t-shirt-oekologisk-bomuld-herre-175-gsm\/"},"modified":"2025-11-06T09:56:51","modified_gmt":"2025-11-06T08:56:51","slug":"t-shirt-oekologisk-bomuld-herre-175-gsm","status":"publish","type":"product","link":"https:\/\/grontkontor.dk\/no\/shop\/t-shirt-oekologisk-bomuld-herre-175-gsm\/","title":{"rendered":"T-skjorte i \u00f8kologisk bomull for menn 175 g\/m\u00b2"},"content":{"rendered":"<p>Gi merkevaren din et l\u00f8ft og dine ansatte en gave med v\u00e5r milj\u00f8vennlige t-skjorte til bedrifter. Denne t-skjorten kombinerer klassisk design med et sterkt budskap om ansvar. Den er laget av en myk og behagelig blanding av 100 % \u00f8kologisk bomull. De naturlige materialene er ikke bare behagelige \u00e5 ha p\u00e5, men er ogs\u00e5 valgt med omtanke for planeten. Denne kombinasjonen av materialer sikrer et lett og luftig produkt som er perfekt for daglig bruk.    <\/p>\n<p>V\u00e5r milj\u00f8vennlige bedrifts-t-skjorte er den ideelle firmagaven eller en del av en ansattuniform. Med en vekt p\u00e5 175 g\/m\u00b2 er kvaliteten p\u00e5 topp, noe som gir en slitesterk t-skjorte som holder formen og fargen vask etter vask. For \u00e5 sikre et optimalt utskriftsresultat anbefaler vi overf\u00f8ringstrykk eller dobbelttrykk p\u00e5 de m\u00f8rke fargene, noe som gir et bedre utseende.  <\/p>\n<p>Denne klimavennlige t-skjorten kan bestilles i et bredt spekter av st\u00f8rrelser, fra XS til 4XL, og du st\u00e5r fritt til \u00e5 blande farger og st\u00f8rrelser i bestillingen din. Vi tilbyr logotrykk i opptil 4 farger, avhengig av valgt trykkmetode, samt broderi, slik at du kan tilpasse t-skjorten akkurat slik du \u00f8nsker. Minimumsbestillingen er 25 stk. Velg denne t-skjorten og vis at din bedrift tar milj\u00f8vennlig produksjon p\u00e5 alvor, samtidig som du gir en deilig og praktisk gave.   <\/p>\n<p>[oekobomuld]<\/p>\n<p>[gots_s]<\/p>\n<p>&amp;nbsp;<\/p>\n<a href=\"https:\/\/www.eco-branding.dk\/miljoemaerkning\/gots.aspx\" rel=\"noopener\" target=\"_blank\"><img loading=\"lazy\" decoding=\"async\" class=\"size-full wp-image-12808\" src=\"https:\/\/grontkontor.dk\/wp-content\/uploads\/2019\/04\/gots-certificeret.jpg\" \n   alt=\"Gots certificeret - din garanti for, at produktet indeholder mindst 70% ?kologisk bomuld\"  description=\"Gots certificeret - din garanti for, at produktet indeholder mindst 70% ?kologisk bomuld\" width=\"50\" height=\"50\" \n\t border=0 \/><\/a>\n","protected":false},"excerpt":{"rendered":"<p>Gi merkevaren din et l\u00f8ft og dine ansatte en gave med v\u00e5r milj\u00f8vennlige t-skjorte til bedrifter. Denne t-skjorten kombinerer klassisk design med et sterkt budskap om ansvar. Den er laget av en myk og behagelig blanding av 100 % \u00f8kologisk bomull. De naturlige materialene er ikke bare behagelige \u00e5 ha p\u00e5, men er ogs\u00e5 valgt [&hellip;]<\/p>\n","protected":false},"featured_media":128734,"comment_status":"closed","ping_status":"closed","template":"","meta":{"_acf_changed":false},"product_cat":[3225,3194,2657,4840],"product_tag":[4805,4806,3477,4807,4808],"class_list":{"0":"post-129044","1":"product","2":"type-product","3":"status-publish","4":"has-post-thumbnail","6":"product_cat-dummy-moq-10-50-no","7":"product_cat-klimavennlige-firmagaver","8":"product_cat-nyheter","9":"product_cat-t-skjorter-gensere-og-poloskjorter","10":"product_tag-skjorte","11":"product_tag-t-skjorte-no","12":"product_tag-t-skjorte","13":"product_tag-t-skjorter","14":"product_tag-t-skjorter-no","15":"pa_farve-appelsin","16":"pa_farve-army-groenn","17":"pa_farve-beige-no","18":"pa_farve-blek-rosa","19":"pa_farve-bordeaux-no","20":"pa_farve-flaske-groenn","21":"pa_farve-graa-no-2","22":"pa_farve-gul-no-2","23":"pa_farve-hvit","24":"pa_farve-knust-hvit","25":"pa_farve-kongeblaa-no","26":"pa_farve-lysegraa","27":"pa_farve-lysegroenn","28":"pa_farve-marine","29":"pa_farve-moerkegraa-no","30":"pa_farve-moerk-roed","31":"pa_farve-moerkeblaa-no","32":"pa_farve-moerkegroenn","33":"pa_farve-natur-no","34":"pa_farve-rosa","35":"pa_farve-roed-no","36":"pa_farve-svart","37":"pa_farve-turkis-no-2","38":"tm-has-options","40":"first","41":"instock","42":"sale","43":"taxable","44":"shipping-taxable","45":"purchasable","46":"product-type-simple"},"acf":[],"yoast_head":"<!-- This site is optimized with the Yoast SEO Premium plugin v21.2 (Yoast SEO v21.2) - https:\/\/yoast.com\/wordpress\/plugins\/seo\/ -->\n<title>Milj\u00f8vennlig t-skjorte for bedrifter i \u00f8kologisk bomull<\/title>\n<meta name=\"description\" content=\"Milj\u00f8vennlig t-skjorte for bedrifter i \u00f8kologisk bomull. Det er et klimavennlig valg som kan leveres i flere st\u00f8rrelser og med logoen din trykt p\u00e5.\" \/>\n<meta name=\"robots\" content=\"index, follow, max-snippet:-1, max-image-preview:large, max-video-preview:-1\" \/>\n<link rel=\"canonical\" href=\"https:\/\/grontkontor.dk\/no\/shop\/t-shirt-oekologisk-bomuld-herre-175-gsm\/\" \/>\n<meta property=\"og:locale\" content=\"en_US\" \/>\n<meta property=\"og:type\" content=\"article\" \/>\n<meta property=\"og:title\" content=\"T-skjorte i \u00f8kologisk bomull for menn 175 g\/m\u00b2\" \/>\n<meta property=\"og:description\" content=\"Milj\u00f8vennlig t-skjorte for bedrifter i \u00f8kologisk bomull. Det er et klimavennlig valg som kan leveres i flere st\u00f8rrelser og med logoen din trykt p\u00e5.\" \/>\n<meta property=\"og:url\" content=\"https:\/\/grontkontor.dk\/no\/shop\/t-shirt-oekologisk-bomuld-herre-175-gsm\/\" \/>\n<meta property=\"og:site_name\" content=\"Gr\u00f8nt Kontor\" \/>\n<meta property=\"article:publisher\" content=\"https:\/\/www.facebook.com\/grontkontor.dk\/\" \/>\n<meta property=\"article:modified_time\" content=\"2025-11-06T08:56:51+00:00\" \/>\n<meta property=\"og:image\" content=\"https:\/\/grontkontor.dk\/wp-content\/uploads\/2024\/11\/Klimavenlig-t-shirt-herre-i-oekologisk-bomuld-175-gsm-sort.jpg\" \/>\n\t<meta property=\"og:image:width\" content=\"900\" \/>\n\t<meta property=\"og:image:height\" content=\"639\" \/>\n\t<meta property=\"og:image:type\" content=\"image\/jpeg\" \/>\n<meta name=\"twitter:card\" content=\"summary_large_image\" \/>\n<meta name=\"twitter:label1\" content=\"Est. reading time\" \/>\n\t<meta name=\"twitter:data1\" content=\"1 minute\" \/>\n<script type=\"application\/ld+json\" class=\"yoast-schema-graph\">{\"@context\":\"https:\/\/schema.org\",\"@graph\":[{\"@type\":\"WebPage\",\"@id\":\"https:\/\/grontkontor.dk\/no\/shop\/t-shirt-oekologisk-bomuld-herre-175-gsm\/\",\"url\":\"https:\/\/grontkontor.dk\/no\/shop\/t-shirt-oekologisk-bomuld-herre-175-gsm\/\",\"name\":\"Milj\u00f8vennlig t-skjorte for bedrifter i \u00f8kologisk bomull\",\"isPartOf\":{\"@id\":\"https:\/\/grontkontor.dk\/#website\"},\"datePublished\":\"2025-09-19T18:22:23+00:00\",\"dateModified\":\"2025-11-06T08:56:51+00:00\",\"description\":\"Milj\u00f8vennlig t-skjorte for bedrifter i \u00f8kologisk bomull. Det er et klimavennlig valg som kan leveres i flere st\u00f8rrelser og med logoen din trykt p\u00e5.\",\"breadcrumb\":{\"@id\":\"https:\/\/grontkontor.dk\/no\/shop\/t-shirt-oekologisk-bomuld-herre-175-gsm\/#breadcrumb\"},\"inLanguage\":\"no-NO\",\"potentialAction\":[{\"@type\":\"ReadAction\",\"target\":[\"https:\/\/grontkontor.dk\/no\/shop\/t-shirt-oekologisk-bomuld-herre-175-gsm\/\"]}]},{\"@type\":\"BreadcrumbList\",\"@id\":\"https:\/\/grontkontor.dk\/no\/shop\/t-shirt-oekologisk-bomuld-herre-175-gsm\/#breadcrumb\",\"itemListElement\":[{\"@type\":\"ListItem\",\"position\":1,\"name\":\"Forside\",\"item\":\"https:\/\/grontkontor.dk\/\"},{\"@type\":\"ListItem\",\"position\":2,\"name\":\"Butikk\",\"item\":\"https:\/\/grontkontor.dk\/no\/butikk-2\/\"},{\"@type\":\"ListItem\",\"position\":3,\"name\":\"Kl\u00e6r\",\"item\":\"https:\/\/grontkontor.dk\/no\/produkt-kategori\/klaer\/\"},{\"@type\":\"ListItem\",\"position\":4,\"name\":\"T-skjorter, gensere og poloskjorter\",\"item\":\"https:\/\/grontkontor.dk\/no\/produkt-kategori\/klaer\/t-skjorter-gensere-og-poloskjorter\/\"},{\"@type\":\"ListItem\",\"position\":5,\"name\":\"T-skjorte i \u00f8kologisk bomull for menn 175 g\/m\u00b2\"}]},{\"@type\":\"WebSite\",\"@id\":\"https:\/\/grontkontor.dk\/#website\",\"url\":\"https:\/\/grontkontor.dk\/\",\"name\":\"Gr\u00f8nt Kontor\",\"description\":\"Milj\u00f8venlige produkter til kontor og erhverv med fokus p\u00e5 b\u00e6redygtighed, design og fair trade.\",\"publisher\":{\"@id\":\"https:\/\/grontkontor.dk\/#organization\"},\"potentialAction\":[{\"@type\":\"SearchAction\",\"target\":{\"@type\":\"EntryPoint\",\"urlTemplate\":\"https:\/\/grontkontor.dk\/?s={search_term_string}\"},\"query-input\":\"required name=search_term_string\"}],\"inLanguage\":\"no-NO\"},{\"@type\":\"Organization\",\"@id\":\"https:\/\/grontkontor.dk\/#organization\",\"name\":\"Gr\u00f8nt Kontor\",\"url\":\"https:\/\/grontkontor.dk\/\",\"logo\":{\"@type\":\"ImageObject\",\"inLanguage\":\"no-NO\",\"@id\":\"https:\/\/grontkontor.dk\/#\/schema\/logo\/image\/\",\"url\":\"https:\/\/grontkontor.dk\/wp-content\/uploads\/2014\/02\/Logo_groent_kontor_300x80.png\",\"contentUrl\":\"https:\/\/grontkontor.dk\/wp-content\/uploads\/2014\/02\/Logo_groent_kontor_300x80.png\",\"width\":300,\"height\":80,\"caption\":\"Gr\u00f8nt Kontor\"},\"image\":{\"@id\":\"https:\/\/grontkontor.dk\/#\/schema\/logo\/image\/\"},\"sameAs\":[\"https:\/\/www.facebook.com\/grontkontor.dk\/\"]}]}<\/script>\n<!-- \/ Yoast SEO Premium plugin. -->","yoast_head_json":{"title":"Milj\u00f8vennlig t-skjorte for bedrifter i \u00f8kologisk bomull","description":"Milj\u00f8vennlig t-skjorte for bedrifter i \u00f8kologisk bomull. Det er et klimavennlig valg som kan leveres i flere st\u00f8rrelser og med logoen din trykt p\u00e5.","robots":{"index":"index","follow":"follow","max-snippet":"max-snippet:-1","max-image-preview":"max-image-preview:large","max-video-preview":"max-video-preview:-1"},"canonical":"https:\/\/grontkontor.dk\/no\/shop\/t-shirt-oekologisk-bomuld-herre-175-gsm\/","og_locale":"en_US","og_type":"article","og_title":"T-skjorte i \u00f8kologisk bomull for menn 175 g\/m\u00b2","og_description":"Milj\u00f8vennlig t-skjorte for bedrifter i \u00f8kologisk bomull. Det er et klimavennlig valg som kan leveres i flere st\u00f8rrelser og med logoen din trykt p\u00e5.","og_url":"https:\/\/grontkontor.dk\/no\/shop\/t-shirt-oekologisk-bomuld-herre-175-gsm\/","og_site_name":"Gr\u00f8nt Kontor","article_publisher":"https:\/\/www.facebook.com\/grontkontor.dk\/","article_modified_time":"2025-11-06T08:56:51+00:00","og_image":[{"width":900,"height":639,"url":"https:\/\/grontkontor.dk\/wp-content\/uploads\/2024\/11\/Klimavenlig-t-shirt-herre-i-oekologisk-bomuld-175-gsm-sort.jpg","type":"image\/jpeg"}],"twitter_card":"summary_large_image","twitter_misc":{"Est. reading time":"1 minute"},"schema":{"@context":"https:\/\/schema.org","@graph":[{"@type":"WebPage","@id":"https:\/\/grontkontor.dk\/no\/shop\/t-shirt-oekologisk-bomuld-herre-175-gsm\/","url":"https:\/\/grontkontor.dk\/no\/shop\/t-shirt-oekologisk-bomuld-herre-175-gsm\/","name":"Milj\u00f8vennlig t-skjorte for bedrifter i \u00f8kologisk bomull","isPartOf":{"@id":"https:\/\/grontkontor.dk\/#website"},"datePublished":"2025-09-19T18:22:23+00:00","dateModified":"2025-11-06T08:56:51+00:00","description":"Milj\u00f8vennlig t-skjorte for bedrifter i \u00f8kologisk bomull. Det er et klimavennlig valg som kan leveres i flere st\u00f8rrelser og med logoen din trykt p\u00e5.","breadcrumb":{"@id":"https:\/\/grontkontor.dk\/no\/shop\/t-shirt-oekologisk-bomuld-herre-175-gsm\/#breadcrumb"},"inLanguage":"no-NO","potentialAction":[{"@type":"ReadAction","target":["https:\/\/grontkontor.dk\/no\/shop\/t-shirt-oekologisk-bomuld-herre-175-gsm\/"]}]},{"@type":"BreadcrumbList","@id":"https:\/\/grontkontor.dk\/no\/shop\/t-shirt-oekologisk-bomuld-herre-175-gsm\/#breadcrumb","itemListElement":[{"@type":"ListItem","position":1,"name":"Forside","item":"https:\/\/grontkontor.dk\/"},{"@type":"ListItem","position":2,"name":"Butikk","item":"https:\/\/grontkontor.dk\/no\/butikk-2\/"},{"@type":"ListItem","position":3,"name":"Kl\u00e6r","item":"https:\/\/grontkontor.dk\/no\/produkt-kategori\/klaer\/"},{"@type":"ListItem","position":4,"name":"T-skjorter, gensere og poloskjorter","item":"https:\/\/grontkontor.dk\/no\/produkt-kategori\/klaer\/t-skjorter-gensere-og-poloskjorter\/"},{"@type":"ListItem","position":5,"name":"T-skjorte i \u00f8kologisk bomull for menn 175 g\/m\u00b2"}]},{"@type":"WebSite","@id":"https:\/\/grontkontor.dk\/#website","url":"https:\/\/grontkontor.dk\/","name":"Gr\u00f8nt Kontor","description":"Milj\u00f8venlige produkter til kontor og erhverv med fokus p\u00e5 b\u00e6redygtighed, design og fair trade.","publisher":{"@id":"https:\/\/grontkontor.dk\/#organization"},"potentialAction":[{"@type":"SearchAction","target":{"@type":"EntryPoint","urlTemplate":"https:\/\/grontkontor.dk\/?s={search_term_string}"},"query-input":"required name=search_term_string"}],"inLanguage":"no-NO"},{"@type":"Organization","@id":"https:\/\/grontkontor.dk\/#organization","name":"Gr\u00f8nt Kontor","url":"https:\/\/grontkontor.dk\/","logo":{"@type":"ImageObject","inLanguage":"no-NO","@id":"https:\/\/grontkontor.dk\/#\/schema\/logo\/image\/","url":"https:\/\/grontkontor.dk\/wp-content\/uploads\/2014\/02\/Logo_groent_kontor_300x80.png","contentUrl":"https:\/\/grontkontor.dk\/wp-content\/uploads\/2014\/02\/Logo_groent_kontor_300x80.png","width":300,"height":80,"caption":"Gr\u00f8nt Kontor"},"image":{"@id":"https:\/\/grontkontor.dk\/#\/schema\/logo\/image\/"},"sameAs":["https:\/\/www.facebook.com\/grontkontor.dk\/"]}]}},"_links":{"self":[{"href":"https:\/\/grontkontor.dk\/no\/wp-json\/wp\/v2\/product\/129044"}],"collection":[{"href":"https:\/\/grontkontor.dk\/no\/wp-json\/wp\/v2\/product"}],"about":[{"href":"https:\/\/grontkontor.dk\/no\/wp-json\/wp\/v2\/types\/product"}],"replies":[{"embeddable":true,"href":"https:\/\/grontkontor.dk\/no\/wp-json\/wp\/v2\/comments?post=129044"}],"wp:featuredmedia":[{"embeddable":true,"href":"https:\/\/grontkontor.dk\/no\/wp-json\/wp\/v2\/media\/128734"}],"wp:attachment":[{"href":"https:\/\/grontkontor.dk\/no\/wp-json\/wp\/v2\/media?parent=129044"}],"wp:term":[{"taxonomy":"product_cat","embeddable":true,"href":"https:\/\/grontkontor.dk\/no\/wp-json\/wp\/v2\/product_cat?post=129044"},{"taxonomy":"product_tag","embeddable":true,"href":"https:\/\/grontkontor.dk\/no\/wp-json\/wp\/v2\/product_tag?post=129044"}],"curies":[{"name":"wp","href":"https:\/\/api.w.org\/{rel}","templated":true}]}}