{"id":129046,"date":"2025-09-17T09:17:49","date_gmt":"2025-09-19T18:22:34","guid":{"rendered":"https:\/\/grontkontor.dk\/shop\/t-shirt-oekologisk-bomuld-dame-175-gsm\/"},"modified":"2025-11-06T09:56:58","modified_gmt":"2025-11-06T08:56:58","slug":"t-shirt-oekologisk-bomuld-dame-175-gsm","status":"publish","type":"product","link":"https:\/\/grontkontor.dk\/no\/shop\/t-shirt-oekologisk-bomuld-dame-175-gsm\/","title":{"rendered":"T-skjorte \u00f8kologisk bomull dame 175 g\/m\u00b2"},"content":{"rendered":"<p>Gi merkevaren din et l\u00f8ft og dine ansatte en gave som gj\u00f8r en forskjell med v\u00e5re milj\u00f8vennlige dame-t-skjorter i \u00f8kologisk bomull. Denne t-skjorten kombinerer klassisk design med et sterkt budskap om ansvar. Den er laget av 100 % \u00f8kologisk bomull, en myk og behagelig blanding valgt med omsorg for planeten. De naturlige materialene er ikke bare behagelige \u00e5 ha p\u00e5, men er ogs\u00e5 et bevisst valg for et mindre fotavtrykk. Denne t-skjorten er derfor et klimavennlig produkt som er lett og luftig, perfekt til hverdagsbruk, og den sender et tydelig signal om bekymring for milj\u00f8et.    <\/p>\n<p>Denne t-skjorten er spesielt designet for kvinner, med en passform som er b\u00e5de stilig og komfortabel. Den er tilgjengelig i st\u00f8rrelser fra S til XXL, slik at du enkelt kan finne riktig st\u00f8rrelse for dine ansatte. Med en vekt p\u00e5 175 g\/m\u00b2 er kvaliteten p\u00e5 topp, noe som gir en slitesterk t-skjorte som holder formen og fargen vask etter vask. For \u00e5 sikre et optimalt utskriftsresultat anbefaler vi overf\u00f8ringstrykk eller dobbelttrykk p\u00e5 de m\u00f8rke fargene, noe som gir et bedre utseende.   <\/p>\n<p>V\u00e5re milj\u00f8vennlige dame-t-skjorter i \u00f8kologisk bomull er den ideelle firmagaven eller en del av de ansattes uniform. Den kan bestilles i et bredt spekter av farger, og du st\u00e5r fritt til \u00e5 blande farger og st\u00f8rrelser i bestillingen din. Vi tilbyr logotrykk i opptil fire farger, avhengig av valgt trykkmetode, samt broderi, slik at du kan tilpasse t-skjorten akkurat slik du \u00f8nsker. Minimumsbestillingen er 25 stk. Velg denne t-skjorten og vis at din bedrift tar ansvarlig produksjon p\u00e5 alvor, samtidig som du gir en deilig og praktisk gave.    <\/p>\n<p>[oekobomuld]<\/p>\n<p>[gots_s]<\/p>\n<p>&amp;nbsp;<\/p>\n<a href=\"https:\/\/www.eco-branding.dk\/miljoemaerkning\/gots.aspx\" rel=\"noopener\" target=\"_blank\"><img loading=\"lazy\" decoding=\"async\" class=\"size-full wp-image-12808\" src=\"https:\/\/grontkontor.dk\/wp-content\/uploads\/2019\/04\/gots-certificeret.jpg\" \n   alt=\"Gots certificeret - din garanti for, at produktet indeholder mindst 70% ?kologisk bomuld\"  description=\"Gots certificeret - din garanti for, at produktet indeholder mindst 70% ?kologisk bomuld\" width=\"50\" height=\"50\" \n\t border=0 \/><\/a>\n","protected":false},"excerpt":{"rendered":"<p>Gi merkevaren din et l\u00f8ft og dine ansatte en gave som gj\u00f8r en forskjell med v\u00e5re milj\u00f8vennlige dame-t-skjorter i \u00f8kologisk bomull. Denne t-skjorten kombinerer klassisk design med et sterkt budskap om ansvar. Den er laget av 100 % \u00f8kologisk bomull, en myk og behagelig blanding valgt med omsorg for planeten. De naturlige materialene er ikke [&hellip;]<\/p>\n","protected":false},"featured_media":116943,"comment_status":"closed","ping_status":"closed","template":"","meta":{"_acf_changed":false},"product_cat":[3225,3194,2657,4840],"product_tag":[4805,3477,4806,4808,4807],"class_list":{"0":"post-129046","1":"product","2":"type-product","3":"status-publish","4":"has-post-thumbnail","6":"product_cat-dummy-moq-10-50-no","7":"product_cat-klimavennlige-firmagaver","8":"product_cat-nyheter","9":"product_cat-t-skjorter-gensere-og-poloskjorter","10":"product_tag-skjorte","11":"product_tag-t-skjorte","12":"product_tag-t-skjorte-no","13":"product_tag-t-skjorter-no","14":"product_tag-t-skjorter","15":"pa_farve-blaa-no","16":"pa_farve-graa-no-2","17":"pa_farve-hvit","18":"pa_farve-knust-hvit","19":"pa_farve-moerkeblaa-no","20":"pa_farve-natur-no","21":"pa_farve-roed-no","22":"pa_farve-svart","23":"tm-has-options","25":"first","26":"instock","27":"sale","28":"taxable","29":"shipping-taxable","30":"purchasable","31":"product-type-simple"},"acf":[],"yoast_head":"<!-- This site is optimized with the Yoast SEO Premium plugin v21.2 (Yoast SEO v21.2) - https:\/\/yoast.com\/wordpress\/plugins\/seo\/ -->\n<title>Milj\u00f8vennlige dame-t-skjorter i \u00f8kologisk bomull<\/title>\n<meta name=\"description\" content=\"Milj\u00f8vennlige dame-t-skjorter i \u00f8kologisk bomull. V\u00e5r klimavennlige t-skjorte er perfekt for firmagaver, kan leveres med logoen din trykt p\u00e5.\" \/>\n<meta name=\"robots\" content=\"index, follow, max-snippet:-1, max-image-preview:large, max-video-preview:-1\" \/>\n<link rel=\"canonical\" href=\"https:\/\/grontkontor.dk\/no\/shop\/t-shirt-oekologisk-bomuld-dame-175-gsm\/\" \/>\n<meta property=\"og:locale\" content=\"en_US\" \/>\n<meta property=\"og:type\" content=\"article\" \/>\n<meta property=\"og:title\" content=\"T-skjorte \u00f8kologisk bomull dame 175 g\/m\u00b2\" \/>\n<meta property=\"og:description\" content=\"Milj\u00f8vennlige dame-t-skjorter i \u00f8kologisk bomull. V\u00e5r klimavennlige t-skjorte er perfekt for firmagaver, kan leveres med logoen din trykt p\u00e5.\" \/>\n<meta property=\"og:url\" content=\"https:\/\/grontkontor.dk\/no\/shop\/t-shirt-oekologisk-bomuld-dame-175-gsm\/\" \/>\n<meta property=\"og:site_name\" content=\"Gr\u00f8nt Kontor\" \/>\n<meta property=\"article:publisher\" content=\"https:\/\/www.facebook.com\/grontkontor.dk\/\" \/>\n<meta property=\"article:modified_time\" content=\"2025-11-06T08:56:58+00:00\" \/>\n<meta property=\"og:image\" content=\"https:\/\/grontkontor.dk\/wp-content\/uploads\/2024\/11\/Klimavenlig-t-shirt-i-oekologisk-bomuld-hvid.jpg\" \/>\n\t<meta property=\"og:image:width\" content=\"900\" \/>\n\t<meta property=\"og:image:height\" content=\"639\" \/>\n\t<meta property=\"og:image:type\" content=\"image\/jpeg\" \/>\n<meta name=\"twitter:card\" content=\"summary_large_image\" \/>\n<meta name=\"twitter:label1\" content=\"Est. reading time\" \/>\n\t<meta name=\"twitter:data1\" content=\"1 minute\" \/>\n<script type=\"application\/ld+json\" class=\"yoast-schema-graph\">{\"@context\":\"https:\/\/schema.org\",\"@graph\":[{\"@type\":\"WebPage\",\"@id\":\"https:\/\/grontkontor.dk\/no\/shop\/t-shirt-oekologisk-bomuld-dame-175-gsm\/\",\"url\":\"https:\/\/grontkontor.dk\/no\/shop\/t-shirt-oekologisk-bomuld-dame-175-gsm\/\",\"name\":\"Milj\u00f8vennlige dame-t-skjorter i \u00f8kologisk bomull\",\"isPartOf\":{\"@id\":\"https:\/\/grontkontor.dk\/#website\"},\"datePublished\":\"2025-09-19T18:22:34+00:00\",\"dateModified\":\"2025-11-06T08:56:58+00:00\",\"description\":\"Milj\u00f8vennlige dame-t-skjorter i \u00f8kologisk bomull. V\u00e5r klimavennlige t-skjorte er perfekt for firmagaver, kan leveres med logoen din trykt p\u00e5.\",\"breadcrumb\":{\"@id\":\"https:\/\/grontkontor.dk\/no\/shop\/t-shirt-oekologisk-bomuld-dame-175-gsm\/#breadcrumb\"},\"inLanguage\":\"no-NO\",\"potentialAction\":[{\"@type\":\"ReadAction\",\"target\":[\"https:\/\/grontkontor.dk\/no\/shop\/t-shirt-oekologisk-bomuld-dame-175-gsm\/\"]}]},{\"@type\":\"BreadcrumbList\",\"@id\":\"https:\/\/grontkontor.dk\/no\/shop\/t-shirt-oekologisk-bomuld-dame-175-gsm\/#breadcrumb\",\"itemListElement\":[{\"@type\":\"ListItem\",\"position\":1,\"name\":\"Forside\",\"item\":\"https:\/\/grontkontor.dk\/\"},{\"@type\":\"ListItem\",\"position\":2,\"name\":\"Butikk\",\"item\":\"https:\/\/grontkontor.dk\/no\/butikk-2\/\"},{\"@type\":\"ListItem\",\"position\":3,\"name\":\"Bekl\u00e6dning\",\"item\":\"https:\/\/grontkontor.dk\/produkt-kategori\/beklaedning\/\"},{\"@type\":\"ListItem\",\"position\":4,\"name\":\"T-shirts, sweat shirts og polo shirts\",\"item\":\"https:\/\/grontkontor.dk\/produkt-kategori\/beklaedning\/t-shirts-sweat-shirts-og-polo-shirts\/\"},{\"@type\":\"ListItem\",\"position\":5,\"name\":\"T-skjorte \u00f8kologisk bomull dame 175 g\/m\u00b2\"}]},{\"@type\":\"WebSite\",\"@id\":\"https:\/\/grontkontor.dk\/#website\",\"url\":\"https:\/\/grontkontor.dk\/\",\"name\":\"Gr\u00f8nt Kontor\",\"description\":\"Milj\u00f8venlige produkter til kontor og erhverv med fokus p\u00e5 b\u00e6redygtighed, design og fair trade.\",\"publisher\":{\"@id\":\"https:\/\/grontkontor.dk\/#organization\"},\"potentialAction\":[{\"@type\":\"SearchAction\",\"target\":{\"@type\":\"EntryPoint\",\"urlTemplate\":\"https:\/\/grontkontor.dk\/?s={search_term_string}\"},\"query-input\":\"required name=search_term_string\"}],\"inLanguage\":\"no-NO\"},{\"@type\":\"Organization\",\"@id\":\"https:\/\/grontkontor.dk\/#organization\",\"name\":\"Gr\u00f8nt Kontor\",\"url\":\"https:\/\/grontkontor.dk\/\",\"logo\":{\"@type\":\"ImageObject\",\"inLanguage\":\"no-NO\",\"@id\":\"https:\/\/grontkontor.dk\/#\/schema\/logo\/image\/\",\"url\":\"https:\/\/grontkontor.dk\/wp-content\/uploads\/2014\/02\/Logo_groent_kontor_300x80.png\",\"contentUrl\":\"https:\/\/grontkontor.dk\/wp-content\/uploads\/2014\/02\/Logo_groent_kontor_300x80.png\",\"width\":300,\"height\":80,\"caption\":\"Gr\u00f8nt Kontor\"},\"image\":{\"@id\":\"https:\/\/grontkontor.dk\/#\/schema\/logo\/image\/\"},\"sameAs\":[\"https:\/\/www.facebook.com\/grontkontor.dk\/\"]}]}<\/script>\n<!-- \/ Yoast SEO Premium plugin. -->","yoast_head_json":{"title":"Milj\u00f8vennlige dame-t-skjorter i \u00f8kologisk bomull","description":"Milj\u00f8vennlige dame-t-skjorter i \u00f8kologisk bomull. V\u00e5r klimavennlige t-skjorte er perfekt for firmagaver, kan leveres med logoen din trykt p\u00e5.","robots":{"index":"index","follow":"follow","max-snippet":"max-snippet:-1","max-image-preview":"max-image-preview:large","max-video-preview":"max-video-preview:-1"},"canonical":"https:\/\/grontkontor.dk\/no\/shop\/t-shirt-oekologisk-bomuld-dame-175-gsm\/","og_locale":"en_US","og_type":"article","og_title":"T-skjorte \u00f8kologisk bomull dame 175 g\/m\u00b2","og_description":"Milj\u00f8vennlige dame-t-skjorter i \u00f8kologisk bomull. V\u00e5r klimavennlige t-skjorte er perfekt for firmagaver, kan leveres med logoen din trykt p\u00e5.","og_url":"https:\/\/grontkontor.dk\/no\/shop\/t-shirt-oekologisk-bomuld-dame-175-gsm\/","og_site_name":"Gr\u00f8nt Kontor","article_publisher":"https:\/\/www.facebook.com\/grontkontor.dk\/","article_modified_time":"2025-11-06T08:56:58+00:00","og_image":[{"width":900,"height":639,"url":"https:\/\/grontkontor.dk\/wp-content\/uploads\/2024\/11\/Klimavenlig-t-shirt-i-oekologisk-bomuld-hvid.jpg","type":"image\/jpeg"}],"twitter_card":"summary_large_image","twitter_misc":{"Est. reading time":"1 minute"},"schema":{"@context":"https:\/\/schema.org","@graph":[{"@type":"WebPage","@id":"https:\/\/grontkontor.dk\/no\/shop\/t-shirt-oekologisk-bomuld-dame-175-gsm\/","url":"https:\/\/grontkontor.dk\/no\/shop\/t-shirt-oekologisk-bomuld-dame-175-gsm\/","name":"Milj\u00f8vennlige dame-t-skjorter i \u00f8kologisk bomull","isPartOf":{"@id":"https:\/\/grontkontor.dk\/#website"},"datePublished":"2025-09-19T18:22:34+00:00","dateModified":"2025-11-06T08:56:58+00:00","description":"Milj\u00f8vennlige dame-t-skjorter i \u00f8kologisk bomull. V\u00e5r klimavennlige t-skjorte er perfekt for firmagaver, kan leveres med logoen din trykt p\u00e5.","breadcrumb":{"@id":"https:\/\/grontkontor.dk\/no\/shop\/t-shirt-oekologisk-bomuld-dame-175-gsm\/#breadcrumb"},"inLanguage":"no-NO","potentialAction":[{"@type":"ReadAction","target":["https:\/\/grontkontor.dk\/no\/shop\/t-shirt-oekologisk-bomuld-dame-175-gsm\/"]}]},{"@type":"BreadcrumbList","@id":"https:\/\/grontkontor.dk\/no\/shop\/t-shirt-oekologisk-bomuld-dame-175-gsm\/#breadcrumb","itemListElement":[{"@type":"ListItem","position":1,"name":"Forside","item":"https:\/\/grontkontor.dk\/"},{"@type":"ListItem","position":2,"name":"Butikk","item":"https:\/\/grontkontor.dk\/no\/butikk-2\/"},{"@type":"ListItem","position":3,"name":"Bekl\u00e6dning","item":"https:\/\/grontkontor.dk\/produkt-kategori\/beklaedning\/"},{"@type":"ListItem","position":4,"name":"T-shirts, sweat shirts og polo shirts","item":"https:\/\/grontkontor.dk\/produkt-kategori\/beklaedning\/t-shirts-sweat-shirts-og-polo-shirts\/"},{"@type":"ListItem","position":5,"name":"T-skjorte \u00f8kologisk bomull dame 175 g\/m\u00b2"}]},{"@type":"WebSite","@id":"https:\/\/grontkontor.dk\/#website","url":"https:\/\/grontkontor.dk\/","name":"Gr\u00f8nt Kontor","description":"Milj\u00f8venlige produkter til kontor og erhverv med fokus p\u00e5 b\u00e6redygtighed, design og fair trade.","publisher":{"@id":"https:\/\/grontkontor.dk\/#organization"},"potentialAction":[{"@type":"SearchAction","target":{"@type":"EntryPoint","urlTemplate":"https:\/\/grontkontor.dk\/?s={search_term_string}"},"query-input":"required name=search_term_string"}],"inLanguage":"no-NO"},{"@type":"Organization","@id":"https:\/\/grontkontor.dk\/#organization","name":"Gr\u00f8nt Kontor","url":"https:\/\/grontkontor.dk\/","logo":{"@type":"ImageObject","inLanguage":"no-NO","@id":"https:\/\/grontkontor.dk\/#\/schema\/logo\/image\/","url":"https:\/\/grontkontor.dk\/wp-content\/uploads\/2014\/02\/Logo_groent_kontor_300x80.png","contentUrl":"https:\/\/grontkontor.dk\/wp-content\/uploads\/2014\/02\/Logo_groent_kontor_300x80.png","width":300,"height":80,"caption":"Gr\u00f8nt Kontor"},"image":{"@id":"https:\/\/grontkontor.dk\/#\/schema\/logo\/image\/"},"sameAs":["https:\/\/www.facebook.com\/grontkontor.dk\/"]}]}},"_links":{"self":[{"href":"https:\/\/grontkontor.dk\/no\/wp-json\/wp\/v2\/product\/129046"}],"collection":[{"href":"https:\/\/grontkontor.dk\/no\/wp-json\/wp\/v2\/product"}],"about":[{"href":"https:\/\/grontkontor.dk\/no\/wp-json\/wp\/v2\/types\/product"}],"replies":[{"embeddable":true,"href":"https:\/\/grontkontor.dk\/no\/wp-json\/wp\/v2\/comments?post=129046"}],"wp:featuredmedia":[{"embeddable":true,"href":"https:\/\/grontkontor.dk\/no\/wp-json\/wp\/v2\/media\/116943"}],"wp:attachment":[{"href":"https:\/\/grontkontor.dk\/no\/wp-json\/wp\/v2\/media?parent=129046"}],"wp:term":[{"taxonomy":"product_cat","embeddable":true,"href":"https:\/\/grontkontor.dk\/no\/wp-json\/wp\/v2\/product_cat?post=129046"},{"taxonomy":"product_tag","embeddable":true,"href":"https:\/\/grontkontor.dk\/no\/wp-json\/wp\/v2\/product_tag?post=129046"}],"curies":[{"name":"wp","href":"https:\/\/api.w.org\/{rel}","templated":true}]}}