{"id":129048,"date":"2023-09-22T13:55:58","date_gmt":"2025-09-19T18:22:48","guid":{"rendered":"https:\/\/grontkontor.dk\/shop\/mulepose-rpet-recycled-polyester-m-u-tryk-haster\/"},"modified":"2025-09-19T20:22:48","modified_gmt":"2025-09-19T18:22:48","slug":"mulepose-rpet-recycled-polyester-m-u-tryk-haster","status":"publish","type":"product","link":"https:\/\/grontkontor.dk\/no\/shop\/mulepose-rpet-recycled-polyester-m-u-tryk-haster\/","title":{"rendered":"Tote bag rPET resirkulert polyester uten trykk &#8211; Haster"},"content":{"rendered":"<p>En veske er en praktisk hverdagsgjenstand. Og det kan sende et sterkt signal om bekymring for milj\u00f8et. V\u00e5re superklimavennlige Fair Trade-vesker m\u00e5ler 38&#215;42 cm og er laget av vakker gr\u00e5, sertifisert resirkulert polyester med en stoffkvalitet p\u00e5 150 g\/m\u00b2. Materialet er resirkulert, noe som gj\u00f8r handleposen til et milj\u00f8vennlig alternativ til tradisjonelle handleposer i plast eller papir.<br \/>\nSom standard kommer vesken med et brunt milj\u00f8sertifikat som understreker den gr\u00f8nne profilen. Hvis du vil ha et ekstra preg, kan den valgfritt leveres med sertifiseringer p\u00e5 en p\u00e5sydd bomullsetikett, som gir et eksklusivt og komplett utseende.<br \/>\nDenne klimavennlige vesken er produsert i EU under Fair Trade-forhold, noe som sikrer gode arbeidsforhold og en ansvarlig produksjonsprosess. Den fungerer perfekt som b\u00e6repose, handlepose eller profilartikkel, og den kan bestilles b\u00e5de med og uten logotrykk. Vi tilbyr fullfargetrykk slik at logoen eller budskapet ditt fremst\u00e5r klart og skarpt \u2013 ideelt for messer, arrangementer og firmagaver.<br \/>\nMed en minimumsbestilling p\u00e5 100 stk er disse handleposene ideelle for bedrifter, organisasjoner og arrangementer som \u00f8nsker \u00e5 kombinere funksjonalitet med en klimavennlig profil. Den lette, men slitesterke kvaliteten gj\u00f8r dem behagelige \u00e5 bruke i hverdagen, samtidig som de kan brukes igjen og igjen.<br \/>\nEnten du bruker den som en praktisk handlepose, stilig b\u00e6reveske eller som en del av en kampanje, er denne vesken et milj\u00f8vennlig valg som sender riktig signal. Med sitt moderne design, resirkulerte materialer og muligheten for personlig trykk f\u00e5r du et produkt som er b\u00e5de smart og ansvarlig.<br \/>\n[rpet_s] [fairtrade_s] [rcs_s]<\/p>\n<p><img loading=\"lazy\" decoding=\"async\" class=\"size-medium wp-image-21008\" src=\"https:\/\/grontkontor.dk\/wp-content\/uploads\/2020\/11\/eu-flag_1-300x199.jpg\" alt=\"Fremstillet i EU\" width=\"76\" height=\"50\" srcset=\"https:\/\/grontkontor.dk\/wp-content\/uploads\/2020\/11\/eu-flag_1-300x199.jpg 300w, https:\/\/grontkontor.dk\/wp-content\/uploads\/2020\/11\/eu-flag_1.jpg 530w\" sizes=\"(max-width: 76px) 100vw, 76px\" \/> <a href=\"http:\/\/www.fairtrade-maerket.dk\/\" target=\"window\"><img loading=\"lazy\" decoding=\"async\" class=\"alignnone size-full\" src=\"https:\/\/grontkontor.dk\/wp-content\/uploads\/2019\/04\/fairtrade-certificeret.jpg\" \n  alt=\"Fair trade certifikatet - din garanti for at arbejdere og b?nder har fair arbejdsforhold og indt?gt\" width=\"49\" height=\"50\" border=0 \/><\/a> <a href=\"https:\/\/www.google.com\/url?sa=t&rct=j&q=&esrc=s&source=web&cd=&cad=rja&uact=8&ved=2ahUKEwjv06L8rZ7xAhXFjqQKHSDxAMoQFjACegQIExAD&url=https%3A%2F%2Fcertifications.controlunion.com%2Fen%2Fcertification-programs%2Fcertification-programs%2Frcs-blended-recycled-claim-standard&usg=AOvVaw3EUq5Cz3W8o2_9SLL-aQ3V\"><img loading=\"lazy\" decoding=\"async\" src=\"https:\/\/grontkontor.dk\/wp-content\/uploads\/2021\/06\/recycled-blended-claim-standard.jpg\" alt=\"\" width=\"50\" height=\"50\" class=\"alignnone size-full wp-image-24839\" \/><\/a> <\/p>\n","protected":false},"excerpt":{"rendered":"<p>En veske er en praktisk hverdagsgjenstand. Og det kan sende et sterkt signal om bekymring for milj\u00f8et. V\u00e5re superklimavennlige Fair Trade-vesker m\u00e5ler 38&#215;42 cm og er laget av vakker gr\u00e5, sertifisert resirkulert polyester med en stoffkvalitet p\u00e5 150 g\/m\u00b2. Materialet er resirkulert, noe som gj\u00f8r handleposen til et milj\u00f8vennlig alternativ til tradisjonelle handleposer i plast [&hellip;]<\/p>\n","protected":false},"featured_media":55326,"comment_status":"closed","ping_status":"closed","template":"","meta":{"_acf_changed":false},"product_cat":[3210,3541,3194,3539],"product_tag":[3542,3215,3217,3961],"class_list":{"0":"post-129048","1":"product","2":"type-product","3":"status-publish","4":"has-post-thumbnail","6":"product_cat-stoffposer","7":"product_cat-dummy-moq-50-100-no","8":"product_cat-klimavennlige-firmagaver","9":"product_cat-vesker-poser-og-deksler","10":"product_tag-bomull-bag","11":"product_tag-baerepose-no","12":"product_tag-tote-bag-no","13":"product_tag-oekologisk-bomullspose","14":"tm-has-options","16":"first","17":"instock","18":"taxable","19":"shipping-taxable","20":"purchasable","21":"product-type-simple"},"acf":[],"yoast_head":"<!-- This site is optimized with the Yoast SEO Premium plugin v21.2 (Yoast SEO v21.2) - https:\/\/yoast.com\/wordpress\/plugins\/seo\/ -->\n<title>Tote bag rPET resirkulert polyester uten trykk - Haster - Gr\u00f8nt Kontor<\/title>\n<meta name=\"description\" content=\"Klimavennlig Fair Trade veske i sertifisert resirkulert polyester. Milj\u00f8vennlig, gjenbrukbar b\u00e6repose\/handlepose med eller uten logotrykk \u2013 laget i EU.\" \/>\n<meta name=\"robots\" content=\"index, follow, max-snippet:-1, max-image-preview:large, max-video-preview:-1\" \/>\n<link rel=\"canonical\" href=\"https:\/\/grontkontor.dk\/no\/shop\/mulepose-rpet-recycled-polyester-m-u-tryk-haster\/\" \/>\n<meta property=\"og:locale\" content=\"en_US\" \/>\n<meta property=\"og:type\" content=\"article\" \/>\n<meta property=\"og:title\" content=\"Tote bag rPET resirkulert polyester uten trykk - Haster\" \/>\n<meta property=\"og:description\" content=\"Klimavennlig Fair Trade veske i sertifisert resirkulert polyester. Milj\u00f8vennlig, gjenbrukbar b\u00e6repose\/handlepose med eller uten logotrykk \u2013 laget i EU.\" \/>\n<meta property=\"og:url\" content=\"https:\/\/grontkontor.dk\/no\/shop\/mulepose-rpet-recycled-polyester-m-u-tryk-haster\/\" \/>\n<meta property=\"og:site_name\" content=\"Gr\u00f8nt Kontor\" \/>\n<meta property=\"article:publisher\" content=\"https:\/\/www.facebook.com\/grontkontor.dk\/\" \/>\n<meta property=\"og:image\" content=\"https:\/\/grontkontor.dk\/wp-content\/uploads\/2021\/06\/Mulepose-recycled-bomuld-150gsm.jpg\" \/>\n\t<meta property=\"og:image:width\" content=\"900\" \/>\n\t<meta property=\"og:image:height\" content=\"639\" \/>\n\t<meta property=\"og:image:type\" content=\"image\/jpeg\" \/>\n<meta name=\"twitter:card\" content=\"summary_large_image\" \/>\n<meta name=\"twitter:label1\" content=\"Est. reading time\" \/>\n\t<meta name=\"twitter:data1\" content=\"1 minute\" \/>\n<script type=\"application\/ld+json\" class=\"yoast-schema-graph\">{\"@context\":\"https:\/\/schema.org\",\"@graph\":[{\"@type\":\"WebPage\",\"@id\":\"https:\/\/grontkontor.dk\/no\/shop\/mulepose-rpet-recycled-polyester-m-u-tryk-haster\/\",\"url\":\"https:\/\/grontkontor.dk\/no\/shop\/mulepose-rpet-recycled-polyester-m-u-tryk-haster\/\",\"name\":\"Tote bag rPET resirkulert polyester uten trykk - Haster - Gr\u00f8nt Kontor\",\"isPartOf\":{\"@id\":\"https:\/\/grontkontor.dk\/#website\"},\"datePublished\":\"2025-09-19T18:22:48+00:00\",\"dateModified\":\"2025-09-19T18:22:48+00:00\",\"description\":\"Klimavennlig Fair Trade veske i sertifisert resirkulert polyester. Milj\u00f8vennlig, gjenbrukbar b\u00e6repose\/handlepose med eller uten logotrykk \u2013 laget i EU.\",\"breadcrumb\":{\"@id\":\"https:\/\/grontkontor.dk\/no\/shop\/mulepose-rpet-recycled-polyester-m-u-tryk-haster\/#breadcrumb\"},\"inLanguage\":\"no-NO\",\"potentialAction\":[{\"@type\":\"ReadAction\",\"target\":[\"https:\/\/grontkontor.dk\/no\/shop\/mulepose-rpet-recycled-polyester-m-u-tryk-haster\/\"]}]},{\"@type\":\"BreadcrumbList\",\"@id\":\"https:\/\/grontkontor.dk\/no\/shop\/mulepose-rpet-recycled-polyester-m-u-tryk-haster\/#breadcrumb\",\"itemListElement\":[{\"@type\":\"ListItem\",\"position\":1,\"name\":\"Forside\",\"item\":\"https:\/\/grontkontor.dk\/\"},{\"@type\":\"ListItem\",\"position\":2,\"name\":\"Butikk\",\"item\":\"https:\/\/grontkontor.dk\/no\/butikk-2\/\"},{\"@type\":\"ListItem\",\"position\":3,\"name\":\"Tote bag rPET resirkulert polyester uten trykk &#8211; Haster\"}]},{\"@type\":\"WebSite\",\"@id\":\"https:\/\/grontkontor.dk\/#website\",\"url\":\"https:\/\/grontkontor.dk\/\",\"name\":\"Gr\u00f8nt Kontor\",\"description\":\"Milj\u00f8venlige produkter til kontor og erhverv med fokus p\u00e5 b\u00e6redygtighed, design og fair trade.\",\"publisher\":{\"@id\":\"https:\/\/grontkontor.dk\/#organization\"},\"potentialAction\":[{\"@type\":\"SearchAction\",\"target\":{\"@type\":\"EntryPoint\",\"urlTemplate\":\"https:\/\/grontkontor.dk\/?s={search_term_string}\"},\"query-input\":\"required name=search_term_string\"}],\"inLanguage\":\"no-NO\"},{\"@type\":\"Organization\",\"@id\":\"https:\/\/grontkontor.dk\/#organization\",\"name\":\"Gr\u00f8nt Kontor\",\"url\":\"https:\/\/grontkontor.dk\/\",\"logo\":{\"@type\":\"ImageObject\",\"inLanguage\":\"no-NO\",\"@id\":\"https:\/\/grontkontor.dk\/#\/schema\/logo\/image\/\",\"url\":\"https:\/\/grontkontor.dk\/wp-content\/uploads\/2014\/02\/Logo_groent_kontor_300x80.png\",\"contentUrl\":\"https:\/\/grontkontor.dk\/wp-content\/uploads\/2014\/02\/Logo_groent_kontor_300x80.png\",\"width\":300,\"height\":80,\"caption\":\"Gr\u00f8nt Kontor\"},\"image\":{\"@id\":\"https:\/\/grontkontor.dk\/#\/schema\/logo\/image\/\"},\"sameAs\":[\"https:\/\/www.facebook.com\/grontkontor.dk\/\"]}]}<\/script>\n<!-- \/ Yoast SEO Premium plugin. -->","yoast_head_json":{"title":"Tote bag rPET resirkulert polyester uten trykk - Haster - Gr\u00f8nt Kontor","description":"Klimavennlig Fair Trade veske i sertifisert resirkulert polyester. Milj\u00f8vennlig, gjenbrukbar b\u00e6repose\/handlepose med eller uten logotrykk \u2013 laget i EU.","robots":{"index":"index","follow":"follow","max-snippet":"max-snippet:-1","max-image-preview":"max-image-preview:large","max-video-preview":"max-video-preview:-1"},"canonical":"https:\/\/grontkontor.dk\/no\/shop\/mulepose-rpet-recycled-polyester-m-u-tryk-haster\/","og_locale":"en_US","og_type":"article","og_title":"Tote bag rPET resirkulert polyester uten trykk - Haster","og_description":"Klimavennlig Fair Trade veske i sertifisert resirkulert polyester. Milj\u00f8vennlig, gjenbrukbar b\u00e6repose\/handlepose med eller uten logotrykk \u2013 laget i EU.","og_url":"https:\/\/grontkontor.dk\/no\/shop\/mulepose-rpet-recycled-polyester-m-u-tryk-haster\/","og_site_name":"Gr\u00f8nt Kontor","article_publisher":"https:\/\/www.facebook.com\/grontkontor.dk\/","og_image":[{"width":900,"height":639,"url":"https:\/\/grontkontor.dk\/wp-content\/uploads\/2021\/06\/Mulepose-recycled-bomuld-150gsm.jpg","type":"image\/jpeg"}],"twitter_card":"summary_large_image","twitter_misc":{"Est. reading time":"1 minute"},"schema":{"@context":"https:\/\/schema.org","@graph":[{"@type":"WebPage","@id":"https:\/\/grontkontor.dk\/no\/shop\/mulepose-rpet-recycled-polyester-m-u-tryk-haster\/","url":"https:\/\/grontkontor.dk\/no\/shop\/mulepose-rpet-recycled-polyester-m-u-tryk-haster\/","name":"Tote bag rPET resirkulert polyester uten trykk - Haster - Gr\u00f8nt Kontor","isPartOf":{"@id":"https:\/\/grontkontor.dk\/#website"},"datePublished":"2025-09-19T18:22:48+00:00","dateModified":"2025-09-19T18:22:48+00:00","description":"Klimavennlig Fair Trade veske i sertifisert resirkulert polyester. Milj\u00f8vennlig, gjenbrukbar b\u00e6repose\/handlepose med eller uten logotrykk \u2013 laget i EU.","breadcrumb":{"@id":"https:\/\/grontkontor.dk\/no\/shop\/mulepose-rpet-recycled-polyester-m-u-tryk-haster\/#breadcrumb"},"inLanguage":"no-NO","potentialAction":[{"@type":"ReadAction","target":["https:\/\/grontkontor.dk\/no\/shop\/mulepose-rpet-recycled-polyester-m-u-tryk-haster\/"]}]},{"@type":"BreadcrumbList","@id":"https:\/\/grontkontor.dk\/no\/shop\/mulepose-rpet-recycled-polyester-m-u-tryk-haster\/#breadcrumb","itemListElement":[{"@type":"ListItem","position":1,"name":"Forside","item":"https:\/\/grontkontor.dk\/"},{"@type":"ListItem","position":2,"name":"Butikk","item":"https:\/\/grontkontor.dk\/no\/butikk-2\/"},{"@type":"ListItem","position":3,"name":"Tote bag rPET resirkulert polyester uten trykk &#8211; Haster"}]},{"@type":"WebSite","@id":"https:\/\/grontkontor.dk\/#website","url":"https:\/\/grontkontor.dk\/","name":"Gr\u00f8nt Kontor","description":"Milj\u00f8venlige produkter til kontor og erhverv med fokus p\u00e5 b\u00e6redygtighed, design og fair trade.","publisher":{"@id":"https:\/\/grontkontor.dk\/#organization"},"potentialAction":[{"@type":"SearchAction","target":{"@type":"EntryPoint","urlTemplate":"https:\/\/grontkontor.dk\/?s={search_term_string}"},"query-input":"required name=search_term_string"}],"inLanguage":"no-NO"},{"@type":"Organization","@id":"https:\/\/grontkontor.dk\/#organization","name":"Gr\u00f8nt Kontor","url":"https:\/\/grontkontor.dk\/","logo":{"@type":"ImageObject","inLanguage":"no-NO","@id":"https:\/\/grontkontor.dk\/#\/schema\/logo\/image\/","url":"https:\/\/grontkontor.dk\/wp-content\/uploads\/2014\/02\/Logo_groent_kontor_300x80.png","contentUrl":"https:\/\/grontkontor.dk\/wp-content\/uploads\/2014\/02\/Logo_groent_kontor_300x80.png","width":300,"height":80,"caption":"Gr\u00f8nt Kontor"},"image":{"@id":"https:\/\/grontkontor.dk\/#\/schema\/logo\/image\/"},"sameAs":["https:\/\/www.facebook.com\/grontkontor.dk\/"]}]}},"_links":{"self":[{"href":"https:\/\/grontkontor.dk\/no\/wp-json\/wp\/v2\/product\/129048"}],"collection":[{"href":"https:\/\/grontkontor.dk\/no\/wp-json\/wp\/v2\/product"}],"about":[{"href":"https:\/\/grontkontor.dk\/no\/wp-json\/wp\/v2\/types\/product"}],"replies":[{"embeddable":true,"href":"https:\/\/grontkontor.dk\/no\/wp-json\/wp\/v2\/comments?post=129048"}],"wp:featuredmedia":[{"embeddable":true,"href":"https:\/\/grontkontor.dk\/no\/wp-json\/wp\/v2\/media\/55326"}],"wp:attachment":[{"href":"https:\/\/grontkontor.dk\/no\/wp-json\/wp\/v2\/media?parent=129048"}],"wp:term":[{"taxonomy":"product_cat","embeddable":true,"href":"https:\/\/grontkontor.dk\/no\/wp-json\/wp\/v2\/product_cat?post=129048"},{"taxonomy":"product_tag","embeddable":true,"href":"https:\/\/grontkontor.dk\/no\/wp-json\/wp\/v2\/product_tag?post=129048"}],"curies":[{"name":"wp","href":"https:\/\/api.w.org\/{rel}","templated":true}]}}