{"id":129068,"date":"2025-09-22T11:40:37","date_gmt":"2025-09-22T09:40:38","guid":{"rendered":"https:\/\/grontkontor.dk\/?post_type=product&#038;p=129068"},"modified":"2025-09-30T14:29:45","modified_gmt":"2025-09-30T12:29:45","slug":"forklaede-oekologisk-bomuld-220-gsm","status":"publish","type":"product","link":"https:\/\/grontkontor.dk\/no\/shop\/forklaede-oekologisk-bomuld-220-gsm\/","title":{"rendered":"Forkle \u00f8kologisk bomull 220 g\/m\u00b2"},"content":{"rendered":"<p>Forvandle matlagingsopplevelsen din med et milj\u00f8vennlig forkle i \u00f8kologisk bomull som kombinerer stil med en ansvarlig tiln\u00e6rming til materialer. Dette forkleet er den perfekte kombinasjonen av komfort og funksjonalitet, og det er skapt for de som setter pris p\u00e5 b\u00e5de kvalitet og ansvar. Den er laget av h\u00f8ykvalitets 220 g\/m\u00b2 \u00f8kologisk bomull, som gir et b\u00e5de deilig og mykt stoff som ogs\u00e5 er robust og slitesterkt. Den sterke kvaliteten s\u00f8rger for at forkleet t\u00e5ler hverdagens utfordringer p\u00e5 kj\u00f8kkenet eller ved grillen.   <\/p>\n<p>Det stripete forkleet er tilgjengelig i bl\u00e5tt og natur, med eller uten logotrykk eller broderi.  [broderi]<\/p>\n<p>Her f\u00e5r du et milj\u00f8vennlig forkle i \u00f8kologisk bomull som er designet med praktiske detaljer som gj\u00f8r matlagingen enklere. Den er utstyrt med en komfortabel nakkestropp som kan justeres for perfekt passform, samt knytestropper som s\u00f8rger for at forkleet sitter som det skal. Den store frontlommen er ideell for oppbevaring av redskaper, en oppskrift eller telefonen din, slik at du alltid har det viktigste for h\u00e5nden.  <\/p>\n<p>Dette forkleet er ikke bare et praktisk verkt\u00f8y, men ogs\u00e5 en fin og klimavennlig firmagave som viser omtanke for ansatte og kunder. Det er et produkt som utstr\u00e5ler kvalitet og ansvar og sender et tydelig signal om at din bedrift tar milj\u00f8hensyn p\u00e5 alvor. Gj\u00f8r merkevaren din mer synlig med et funksjonelt produkt som kan brukes igjen og igjen. V\u00e5rt forkle er et bevis p\u00e5 at du kan kombinere god stil med ansvarlig produksjon.   <\/p>\n<p>[bomuld_s]<\/p>\n<p>&nbsp;<\/p>\n<a href=\"https:\/\/www.eco-branding.dk\/miljoemaerkning\/gots.aspx\" rel=\"noopener\" target=\"_blank\"><img loading=\"lazy\" decoding=\"async\" class=\"size-full wp-image-12808\" src=\"https:\/\/grontkontor.dk\/wp-content\/uploads\/2019\/04\/gots-certificeret.jpg\" \n   alt=\"Gots certificeret - din garanti for, at produktet indeholder mindst 70% ?kologisk bomuld\"  description=\"Gots certificeret - din garanti for, at produktet indeholder mindst 70% ?kologisk bomuld\" width=\"50\" height=\"50\" \n\t border=0 \/><\/a>\n","protected":false},"excerpt":{"rendered":"<p>Forvandle matlagingsopplevelsen din med et milj\u00f8vennlig forkle i \u00f8kologisk bomull som kombinerer stil med en ansvarlig tiln\u00e6rming til materialer. Dette forkleet er den perfekte kombinasjonen av komfort og funksjonalitet, og det er skapt for de som setter pris p\u00e5 b\u00e5de kvalitet og ansvar. Den er laget av h\u00f8ykvalitets 220 g\/m\u00b2 \u00f8kologisk bomull, som gir et [&hellip;]<\/p>\n","protected":false},"featured_media":129078,"comment_status":"closed","ping_status":"closed","template":"","meta":{"_acf_changed":false},"product_cat":[3199,3437,3194,2657],"product_tag":[4053,3834,3727,3835],"class_list":{"0":"post-129068","1":"product","2":"type-product","3":"status-publish","4":"has-post-thumbnail","6":"product_cat-dummy-moq-1-no","7":"product_cat-hotell-restaurant","8":"product_cat-klimavennlige-firmagaver","9":"product_cat-nyheter","10":"product_tag-forkle","11":"product_tag-hotell-no","12":"product_tag-kjoekken","13":"product_tag-restaurering","14":"pa_farve-marine","15":"pa_farve-natur-no","16":"tm-has-options","18":"first","19":"instock","20":"taxable","21":"shipping-taxable","22":"purchasable","23":"product-type-variable","24":"has-default-attributes"},"acf":[],"yoast_head":"<!-- This site is optimized with the Yoast SEO Premium plugin v21.2 (Yoast SEO v21.2) - https:\/\/yoast.com\/wordpress\/plugins\/seo\/ -->\n<title>Milj\u00f8vennlig forkle i \u00f8kologisk bomull<\/title>\n<meta name=\"description\" content=\"Milj\u00f8vennlig forkle i \u00f8kologisk bomull. Forkleet er laget av 220 g\/m\u00b2 kvalitet og kan leveres med trykk eller broderi.\" \/>\n<meta name=\"robots\" content=\"index, follow, max-snippet:-1, max-image-preview:large, max-video-preview:-1\" \/>\n<link rel=\"canonical\" href=\"https:\/\/grontkontor.dk\/no\/shop\/forklaede-oekologisk-bomuld-220-gsm\/\" \/>\n<meta property=\"og:locale\" content=\"en_US\" \/>\n<meta property=\"og:type\" content=\"article\" \/>\n<meta property=\"og:title\" content=\"Forkle \u00f8kologisk bomull 220 g\/m\u00b2\" \/>\n<meta property=\"og:description\" content=\"Milj\u00f8vennlig forkle i \u00f8kologisk bomull. Forkleet er laget av 220 g\/m\u00b2 kvalitet og kan leveres med trykk eller broderi.\" \/>\n<meta property=\"og:url\" content=\"https:\/\/grontkontor.dk\/no\/shop\/forklaede-oekologisk-bomuld-220-gsm\/\" \/>\n<meta property=\"og:site_name\" content=\"Gr\u00f8nt Kontor\" \/>\n<meta property=\"article:publisher\" content=\"https:\/\/www.facebook.com\/grontkontor.dk\/\" \/>\n<meta property=\"article:modified_time\" content=\"2025-09-30T12:29:45+00:00\" \/>\n<meta property=\"og:image\" content=\"https:\/\/grontkontor.dk\/wp-content\/uploads\/2025\/09\/Miljoevenligt-forklaede-i-oekologisk-bomuld-collage.jpg\" \/>\n\t<meta property=\"og:image:width\" content=\"900\" \/>\n\t<meta property=\"og:image:height\" content=\"639\" \/>\n\t<meta property=\"og:image:type\" content=\"image\/jpeg\" \/>\n<meta name=\"twitter:card\" content=\"summary_large_image\" \/>\n<meta name=\"twitter:label1\" content=\"Est. reading time\" \/>\n\t<meta name=\"twitter:data1\" content=\"1 minute\" \/>\n<script type=\"application\/ld+json\" class=\"yoast-schema-graph\">{\"@context\":\"https:\/\/schema.org\",\"@graph\":[{\"@type\":\"WebPage\",\"@id\":\"https:\/\/grontkontor.dk\/no\/shop\/forklaede-oekologisk-bomuld-220-gsm\/\",\"url\":\"https:\/\/grontkontor.dk\/no\/shop\/forklaede-oekologisk-bomuld-220-gsm\/\",\"name\":\"Milj\u00f8vennlig forkle i \u00f8kologisk bomull\",\"isPartOf\":{\"@id\":\"https:\/\/grontkontor.dk\/#website\"},\"datePublished\":\"2025-09-22T09:40:38+00:00\",\"dateModified\":\"2025-09-30T12:29:45+00:00\",\"description\":\"Milj\u00f8vennlig forkle i \u00f8kologisk bomull. Forkleet er laget av 220 g\/m\u00b2 kvalitet og kan leveres med trykk eller broderi.\",\"breadcrumb\":{\"@id\":\"https:\/\/grontkontor.dk\/no\/shop\/forklaede-oekologisk-bomuld-220-gsm\/#breadcrumb\"},\"inLanguage\":\"no-NO\",\"potentialAction\":[{\"@type\":\"ReadAction\",\"target\":[\"https:\/\/grontkontor.dk\/no\/shop\/forklaede-oekologisk-bomuld-220-gsm\/\"]}]},{\"@type\":\"BreadcrumbList\",\"@id\":\"https:\/\/grontkontor.dk\/no\/shop\/forklaede-oekologisk-bomuld-220-gsm\/#breadcrumb\",\"itemListElement\":[{\"@type\":\"ListItem\",\"position\":1,\"name\":\"Forside\",\"item\":\"https:\/\/grontkontor.dk\/\"},{\"@type\":\"ListItem\",\"position\":2,\"name\":\"Butikk\",\"item\":\"https:\/\/grontkontor.dk\/no\/butikk-2\/\"},{\"@type\":\"ListItem\",\"position\":3,\"name\":\"Dummy MOQ 1\",\"item\":\"https:\/\/grontkontor.dk\/no\/produkt-kategori\/dummy-moq-1-no\/\"},{\"@type\":\"ListItem\",\"position\":4,\"name\":\"Forkle \u00f8kologisk bomull 220 g\/m\u00b2\"}]},{\"@type\":\"WebSite\",\"@id\":\"https:\/\/grontkontor.dk\/#website\",\"url\":\"https:\/\/grontkontor.dk\/\",\"name\":\"Gr\u00f8nt Kontor\",\"description\":\"Milj\u00f8venlige produkter til kontor og erhverv med fokus p\u00e5 b\u00e6redygtighed, design og fair trade.\",\"publisher\":{\"@id\":\"https:\/\/grontkontor.dk\/#organization\"},\"potentialAction\":[{\"@type\":\"SearchAction\",\"target\":{\"@type\":\"EntryPoint\",\"urlTemplate\":\"https:\/\/grontkontor.dk\/?s={search_term_string}\"},\"query-input\":\"required name=search_term_string\"}],\"inLanguage\":\"no-NO\"},{\"@type\":\"Organization\",\"@id\":\"https:\/\/grontkontor.dk\/#organization\",\"name\":\"Gr\u00f8nt Kontor\",\"url\":\"https:\/\/grontkontor.dk\/\",\"logo\":{\"@type\":\"ImageObject\",\"inLanguage\":\"no-NO\",\"@id\":\"https:\/\/grontkontor.dk\/#\/schema\/logo\/image\/\",\"url\":\"https:\/\/grontkontor.dk\/wp-content\/uploads\/2014\/02\/Logo_groent_kontor_300x80.png\",\"contentUrl\":\"https:\/\/grontkontor.dk\/wp-content\/uploads\/2014\/02\/Logo_groent_kontor_300x80.png\",\"width\":300,\"height\":80,\"caption\":\"Gr\u00f8nt Kontor\"},\"image\":{\"@id\":\"https:\/\/grontkontor.dk\/#\/schema\/logo\/image\/\"},\"sameAs\":[\"https:\/\/www.facebook.com\/grontkontor.dk\/\"]}]}<\/script>\n<!-- \/ Yoast SEO Premium plugin. -->","yoast_head_json":{"title":"Milj\u00f8vennlig forkle i \u00f8kologisk bomull","description":"Milj\u00f8vennlig forkle i \u00f8kologisk bomull. Forkleet er laget av 220 g\/m\u00b2 kvalitet og kan leveres med trykk eller broderi.","robots":{"index":"index","follow":"follow","max-snippet":"max-snippet:-1","max-image-preview":"max-image-preview:large","max-video-preview":"max-video-preview:-1"},"canonical":"https:\/\/grontkontor.dk\/no\/shop\/forklaede-oekologisk-bomuld-220-gsm\/","og_locale":"en_US","og_type":"article","og_title":"Forkle \u00f8kologisk bomull 220 g\/m\u00b2","og_description":"Milj\u00f8vennlig forkle i \u00f8kologisk bomull. Forkleet er laget av 220 g\/m\u00b2 kvalitet og kan leveres med trykk eller broderi.","og_url":"https:\/\/grontkontor.dk\/no\/shop\/forklaede-oekologisk-bomuld-220-gsm\/","og_site_name":"Gr\u00f8nt Kontor","article_publisher":"https:\/\/www.facebook.com\/grontkontor.dk\/","article_modified_time":"2025-09-30T12:29:45+00:00","og_image":[{"width":900,"height":639,"url":"https:\/\/grontkontor.dk\/wp-content\/uploads\/2025\/09\/Miljoevenligt-forklaede-i-oekologisk-bomuld-collage.jpg","type":"image\/jpeg"}],"twitter_card":"summary_large_image","twitter_misc":{"Est. reading time":"1 minute"},"schema":{"@context":"https:\/\/schema.org","@graph":[{"@type":"WebPage","@id":"https:\/\/grontkontor.dk\/no\/shop\/forklaede-oekologisk-bomuld-220-gsm\/","url":"https:\/\/grontkontor.dk\/no\/shop\/forklaede-oekologisk-bomuld-220-gsm\/","name":"Milj\u00f8vennlig forkle i \u00f8kologisk bomull","isPartOf":{"@id":"https:\/\/grontkontor.dk\/#website"},"datePublished":"2025-09-22T09:40:38+00:00","dateModified":"2025-09-30T12:29:45+00:00","description":"Milj\u00f8vennlig forkle i \u00f8kologisk bomull. Forkleet er laget av 220 g\/m\u00b2 kvalitet og kan leveres med trykk eller broderi.","breadcrumb":{"@id":"https:\/\/grontkontor.dk\/no\/shop\/forklaede-oekologisk-bomuld-220-gsm\/#breadcrumb"},"inLanguage":"no-NO","potentialAction":[{"@type":"ReadAction","target":["https:\/\/grontkontor.dk\/no\/shop\/forklaede-oekologisk-bomuld-220-gsm\/"]}]},{"@type":"BreadcrumbList","@id":"https:\/\/grontkontor.dk\/no\/shop\/forklaede-oekologisk-bomuld-220-gsm\/#breadcrumb","itemListElement":[{"@type":"ListItem","position":1,"name":"Forside","item":"https:\/\/grontkontor.dk\/"},{"@type":"ListItem","position":2,"name":"Butikk","item":"https:\/\/grontkontor.dk\/no\/butikk-2\/"},{"@type":"ListItem","position":3,"name":"Dummy MOQ 1","item":"https:\/\/grontkontor.dk\/no\/produkt-kategori\/dummy-moq-1-no\/"},{"@type":"ListItem","position":4,"name":"Forkle \u00f8kologisk bomull 220 g\/m\u00b2"}]},{"@type":"WebSite","@id":"https:\/\/grontkontor.dk\/#website","url":"https:\/\/grontkontor.dk\/","name":"Gr\u00f8nt Kontor","description":"Milj\u00f8venlige produkter til kontor og erhverv med fokus p\u00e5 b\u00e6redygtighed, design og fair trade.","publisher":{"@id":"https:\/\/grontkontor.dk\/#organization"},"potentialAction":[{"@type":"SearchAction","target":{"@type":"EntryPoint","urlTemplate":"https:\/\/grontkontor.dk\/?s={search_term_string}"},"query-input":"required name=search_term_string"}],"inLanguage":"no-NO"},{"@type":"Organization","@id":"https:\/\/grontkontor.dk\/#organization","name":"Gr\u00f8nt Kontor","url":"https:\/\/grontkontor.dk\/","logo":{"@type":"ImageObject","inLanguage":"no-NO","@id":"https:\/\/grontkontor.dk\/#\/schema\/logo\/image\/","url":"https:\/\/grontkontor.dk\/wp-content\/uploads\/2014\/02\/Logo_groent_kontor_300x80.png","contentUrl":"https:\/\/grontkontor.dk\/wp-content\/uploads\/2014\/02\/Logo_groent_kontor_300x80.png","width":300,"height":80,"caption":"Gr\u00f8nt Kontor"},"image":{"@id":"https:\/\/grontkontor.dk\/#\/schema\/logo\/image\/"},"sameAs":["https:\/\/www.facebook.com\/grontkontor.dk\/"]}]}},"_links":{"self":[{"href":"https:\/\/grontkontor.dk\/no\/wp-json\/wp\/v2\/product\/129068"}],"collection":[{"href":"https:\/\/grontkontor.dk\/no\/wp-json\/wp\/v2\/product"}],"about":[{"href":"https:\/\/grontkontor.dk\/no\/wp-json\/wp\/v2\/types\/product"}],"replies":[{"embeddable":true,"href":"https:\/\/grontkontor.dk\/no\/wp-json\/wp\/v2\/comments?post=129068"}],"wp:featuredmedia":[{"embeddable":true,"href":"https:\/\/grontkontor.dk\/no\/wp-json\/wp\/v2\/media\/129078"}],"wp:attachment":[{"href":"https:\/\/grontkontor.dk\/no\/wp-json\/wp\/v2\/media?parent=129068"}],"wp:term":[{"taxonomy":"product_cat","embeddable":true,"href":"https:\/\/grontkontor.dk\/no\/wp-json\/wp\/v2\/product_cat?post=129068"},{"taxonomy":"product_tag","embeddable":true,"href":"https:\/\/grontkontor.dk\/no\/wp-json\/wp\/v2\/product_tag?post=129068"}],"curies":[{"name":"wp","href":"https:\/\/api.w.org\/{rel}","templated":true}]}}