{"id":129662,"date":"2025-10-01T08:53:26","date_gmt":"2025-10-01T06:53:32","guid":{"rendered":"https:\/\/grontkontor.dk\/?post_type=product&#038;p=129662"},"modified":"2025-11-03T09:58:44","modified_gmt":"2025-11-03T08:58:44","slug":"halstoerklaede-oekologisk-bomuld","status":"publish","type":"product","link":"https:\/\/grontkontor.dk\/no\/shop\/halstoerklaede-oekologisk-bomuld\/","title":{"rendered":"Skjerf \u00f8kologisk bomull"},"content":{"rendered":"<p>Oppgrader stilen din med et klimavennlig skjerf i \u00f8kologisk bomull som gir b\u00e5de myk komfort og et ansvarlig valg. Dette skjerfet er laget av 100% \u00f8kologisk bomull, som sikrer en utrolig myk og behagelig f\u00f8lelse mot huden. Ved \u00e5 velge \u00f8kologisk bomull bidrar du til \u00e5 redusere bruken av plantevernmidler og vannforbruk, noe som gj\u00f8r dette til et virkelig milj\u00f8vennlig tilbeh\u00f8r. Det er et bevis p\u00e5 at du kan kle deg stilig uten \u00e5 g\u00e5 p\u00e5 akkord med \u00e5 ta vare p\u00e5 planeten.   <\/p>\n<p>Skjerfet er tilgjengelig i et bredt spekter av farger, slik at du enkelt kan finne den nyansen som passer perfekt til garderoben din eller bedriftens profil. Det er den ideelle firmagaven eller et elegant tilbeh\u00f8r for ansatte som \u00f8nsker \u00e5 forbedre et klimavennlig image. Som en fin detalj er skjerfet utstyrt med en tydelig etikett som bekrefter at det er laget av \u00f8kologisk bomull.  <\/p>\n<p>Dette klimavennlige skjerfet i \u00f8kologisk bomull kommer i en matchende \u00f8kologisk bomullspose med sn\u00f8ring, noe som gj\u00f8r det til en vakker og ferdigpakket gave. Posen er ikke bare praktisk for oppbevaring, men reduserer ogs\u00e5 behovet for engangsemballasje. Muligheten til \u00e5 legge til logoen eller budskapet ditt med trykk gj\u00f8r dette skjerfet til et effektivt markedsf\u00f8ringsverkt\u00f8y som kombinerer eleganse med et sterkt, milj\u00f8vennlig budskap.<\/p>\n","protected":false},"excerpt":{"rendered":"<p><br data-mce-bogus=\"1\"><\/p>\n","protected":false},"featured_media":129738,"comment_status":"closed","ping_status":"closed","template":"","meta":{"_acf_changed":false},"product_cat":[3199,4835,2657,3201],"product_tag":[4022],"class_list":{"0":"post-129662","1":"product","2":"type-product","3":"status-publish","4":"has-post-thumbnail","6":"product_cat-dummy-moq-1-no","7":"product_cat-hodeplagg","8":"product_cat-nyheter","9":"product_cat-sport-og-fritid-no","10":"product_tag-hodeplagg","11":"tm-has-options","13":"first","14":"instock","15":"taxable","16":"shipping-taxable","17":"purchasable","18":"product-type-variable","19":"has-default-attributes"},"acf":[],"yoast_head":"<!-- This site is optimized with the Yoast SEO Premium plugin v21.2 (Yoast SEO v21.2) - https:\/\/yoast.com\/wordpress\/plugins\/seo\/ -->\n<title>Klimavennlig skjerf i \u00f8kologisk bomull<\/title>\n<meta name=\"description\" content=\"Klimavennlig skjerf i \u00f8kologisk bomull. Finnes i flere farger med eller uten logotrykk. Perfekt for firmagaver eller utdeling til messer og arrangementer.\" \/>\n<meta name=\"robots\" content=\"index, follow, max-snippet:-1, max-image-preview:large, max-video-preview:-1\" \/>\n<link rel=\"canonical\" href=\"https:\/\/grontkontor.dk\/no\/shop\/halstoerklaede-oekologisk-bomuld\/\" \/>\n<meta property=\"og:locale\" content=\"en_US\" \/>\n<meta property=\"og:type\" content=\"article\" \/>\n<meta property=\"og:title\" content=\"Skjerf \u00f8kologisk bomull\" \/>\n<meta property=\"og:description\" content=\"Klimavennlig skjerf i \u00f8kologisk bomull. Finnes i flere farger med eller uten logotrykk. Perfekt for firmagaver eller utdeling til messer og arrangementer.\" \/>\n<meta property=\"og:url\" content=\"https:\/\/grontkontor.dk\/no\/shop\/halstoerklaede-oekologisk-bomuld\/\" \/>\n<meta property=\"og:site_name\" content=\"Gr\u00f8nt Kontor\" \/>\n<meta property=\"article:publisher\" content=\"https:\/\/www.facebook.com\/grontkontor.dk\/\" \/>\n<meta property=\"article:modified_time\" content=\"2025-11-03T08:58:44+00:00\" \/>\n<meta property=\"og:image\" content=\"https:\/\/grontkontor.dk\/wp-content\/uploads\/2025\/10\/Klimavenligt-halstoerklaede-oekologisk-bomuld-collage.jpg\" \/>\n\t<meta property=\"og:image:width\" content=\"900\" \/>\n\t<meta property=\"og:image:height\" content=\"639\" \/>\n\t<meta property=\"og:image:type\" content=\"image\/jpeg\" \/>\n<meta name=\"twitter:card\" content=\"summary_large_image\" \/>\n<meta name=\"twitter:label1\" content=\"Est. reading time\" \/>\n\t<meta name=\"twitter:data1\" content=\"1 minute\" \/>\n<script type=\"application\/ld+json\" class=\"yoast-schema-graph\">{\"@context\":\"https:\/\/schema.org\",\"@graph\":[{\"@type\":\"WebPage\",\"@id\":\"https:\/\/grontkontor.dk\/no\/shop\/halstoerklaede-oekologisk-bomuld\/\",\"url\":\"https:\/\/grontkontor.dk\/no\/shop\/halstoerklaede-oekologisk-bomuld\/\",\"name\":\"Klimavennlig skjerf i \u00f8kologisk bomull\",\"isPartOf\":{\"@id\":\"https:\/\/grontkontor.dk\/#website\"},\"datePublished\":\"2025-10-01T06:53:32+00:00\",\"dateModified\":\"2025-11-03T08:58:44+00:00\",\"description\":\"Klimavennlig skjerf i \u00f8kologisk bomull. Finnes i flere farger med eller uten logotrykk. Perfekt for firmagaver eller utdeling til messer og arrangementer.\",\"breadcrumb\":{\"@id\":\"https:\/\/grontkontor.dk\/no\/shop\/halstoerklaede-oekologisk-bomuld\/#breadcrumb\"},\"inLanguage\":\"no-NO\",\"potentialAction\":[{\"@type\":\"ReadAction\",\"target\":[\"https:\/\/grontkontor.dk\/no\/shop\/halstoerklaede-oekologisk-bomuld\/\"]}]},{\"@type\":\"BreadcrumbList\",\"@id\":\"https:\/\/grontkontor.dk\/no\/shop\/halstoerklaede-oekologisk-bomuld\/#breadcrumb\",\"itemListElement\":[{\"@type\":\"ListItem\",\"position\":1,\"name\":\"Forside\",\"item\":\"https:\/\/grontkontor.dk\/\"},{\"@type\":\"ListItem\",\"position\":2,\"name\":\"Butikk\",\"item\":\"https:\/\/grontkontor.dk\/no\/butikk-2\/\"},{\"@type\":\"ListItem\",\"position\":3,\"name\":\"Bekl\u00e6dning\",\"item\":\"https:\/\/grontkontor.dk\/produkt-kategori\/beklaedning\/\"},{\"@type\":\"ListItem\",\"position\":4,\"name\":\"Hovedbekl\u00e6dning\",\"item\":\"https:\/\/grontkontor.dk\/produkt-kategori\/beklaedning\/hovedbeklaedning\/\"},{\"@type\":\"ListItem\",\"position\":5,\"name\":\"Skjerf \u00f8kologisk bomull\"}]},{\"@type\":\"WebSite\",\"@id\":\"https:\/\/grontkontor.dk\/#website\",\"url\":\"https:\/\/grontkontor.dk\/\",\"name\":\"Gr\u00f8nt Kontor\",\"description\":\"Milj\u00f8venlige produkter til kontor og erhverv med fokus p\u00e5 b\u00e6redygtighed, design og fair trade.\",\"publisher\":{\"@id\":\"https:\/\/grontkontor.dk\/#organization\"},\"potentialAction\":[{\"@type\":\"SearchAction\",\"target\":{\"@type\":\"EntryPoint\",\"urlTemplate\":\"https:\/\/grontkontor.dk\/?s={search_term_string}\"},\"query-input\":\"required name=search_term_string\"}],\"inLanguage\":\"no-NO\"},{\"@type\":\"Organization\",\"@id\":\"https:\/\/grontkontor.dk\/#organization\",\"name\":\"Gr\u00f8nt Kontor\",\"url\":\"https:\/\/grontkontor.dk\/\",\"logo\":{\"@type\":\"ImageObject\",\"inLanguage\":\"no-NO\",\"@id\":\"https:\/\/grontkontor.dk\/#\/schema\/logo\/image\/\",\"url\":\"https:\/\/grontkontor.dk\/wp-content\/uploads\/2014\/02\/Logo_groent_kontor_300x80.png\",\"contentUrl\":\"https:\/\/grontkontor.dk\/wp-content\/uploads\/2014\/02\/Logo_groent_kontor_300x80.png\",\"width\":300,\"height\":80,\"caption\":\"Gr\u00f8nt Kontor\"},\"image\":{\"@id\":\"https:\/\/grontkontor.dk\/#\/schema\/logo\/image\/\"},\"sameAs\":[\"https:\/\/www.facebook.com\/grontkontor.dk\/\"]}]}<\/script>\n<!-- \/ Yoast SEO Premium plugin. -->","yoast_head_json":{"title":"Klimavennlig skjerf i \u00f8kologisk bomull","description":"Klimavennlig skjerf i \u00f8kologisk bomull. Finnes i flere farger med eller uten logotrykk. Perfekt for firmagaver eller utdeling til messer og arrangementer.","robots":{"index":"index","follow":"follow","max-snippet":"max-snippet:-1","max-image-preview":"max-image-preview:large","max-video-preview":"max-video-preview:-1"},"canonical":"https:\/\/grontkontor.dk\/no\/shop\/halstoerklaede-oekologisk-bomuld\/","og_locale":"en_US","og_type":"article","og_title":"Skjerf \u00f8kologisk bomull","og_description":"Klimavennlig skjerf i \u00f8kologisk bomull. Finnes i flere farger med eller uten logotrykk. Perfekt for firmagaver eller utdeling til messer og arrangementer.","og_url":"https:\/\/grontkontor.dk\/no\/shop\/halstoerklaede-oekologisk-bomuld\/","og_site_name":"Gr\u00f8nt Kontor","article_publisher":"https:\/\/www.facebook.com\/grontkontor.dk\/","article_modified_time":"2025-11-03T08:58:44+00:00","og_image":[{"width":900,"height":639,"url":"https:\/\/grontkontor.dk\/wp-content\/uploads\/2025\/10\/Klimavenligt-halstoerklaede-oekologisk-bomuld-collage.jpg","type":"image\/jpeg"}],"twitter_card":"summary_large_image","twitter_misc":{"Est. reading time":"1 minute"},"schema":{"@context":"https:\/\/schema.org","@graph":[{"@type":"WebPage","@id":"https:\/\/grontkontor.dk\/no\/shop\/halstoerklaede-oekologisk-bomuld\/","url":"https:\/\/grontkontor.dk\/no\/shop\/halstoerklaede-oekologisk-bomuld\/","name":"Klimavennlig skjerf i \u00f8kologisk bomull","isPartOf":{"@id":"https:\/\/grontkontor.dk\/#website"},"datePublished":"2025-10-01T06:53:32+00:00","dateModified":"2025-11-03T08:58:44+00:00","description":"Klimavennlig skjerf i \u00f8kologisk bomull. Finnes i flere farger med eller uten logotrykk. Perfekt for firmagaver eller utdeling til messer og arrangementer.","breadcrumb":{"@id":"https:\/\/grontkontor.dk\/no\/shop\/halstoerklaede-oekologisk-bomuld\/#breadcrumb"},"inLanguage":"no-NO","potentialAction":[{"@type":"ReadAction","target":["https:\/\/grontkontor.dk\/no\/shop\/halstoerklaede-oekologisk-bomuld\/"]}]},{"@type":"BreadcrumbList","@id":"https:\/\/grontkontor.dk\/no\/shop\/halstoerklaede-oekologisk-bomuld\/#breadcrumb","itemListElement":[{"@type":"ListItem","position":1,"name":"Forside","item":"https:\/\/grontkontor.dk\/"},{"@type":"ListItem","position":2,"name":"Butikk","item":"https:\/\/grontkontor.dk\/no\/butikk-2\/"},{"@type":"ListItem","position":3,"name":"Bekl\u00e6dning","item":"https:\/\/grontkontor.dk\/produkt-kategori\/beklaedning\/"},{"@type":"ListItem","position":4,"name":"Hovedbekl\u00e6dning","item":"https:\/\/grontkontor.dk\/produkt-kategori\/beklaedning\/hovedbeklaedning\/"},{"@type":"ListItem","position":5,"name":"Skjerf \u00f8kologisk bomull"}]},{"@type":"WebSite","@id":"https:\/\/grontkontor.dk\/#website","url":"https:\/\/grontkontor.dk\/","name":"Gr\u00f8nt Kontor","description":"Milj\u00f8venlige produkter til kontor og erhverv med fokus p\u00e5 b\u00e6redygtighed, design og fair trade.","publisher":{"@id":"https:\/\/grontkontor.dk\/#organization"},"potentialAction":[{"@type":"SearchAction","target":{"@type":"EntryPoint","urlTemplate":"https:\/\/grontkontor.dk\/?s={search_term_string}"},"query-input":"required name=search_term_string"}],"inLanguage":"no-NO"},{"@type":"Organization","@id":"https:\/\/grontkontor.dk\/#organization","name":"Gr\u00f8nt Kontor","url":"https:\/\/grontkontor.dk\/","logo":{"@type":"ImageObject","inLanguage":"no-NO","@id":"https:\/\/grontkontor.dk\/#\/schema\/logo\/image\/","url":"https:\/\/grontkontor.dk\/wp-content\/uploads\/2014\/02\/Logo_groent_kontor_300x80.png","contentUrl":"https:\/\/grontkontor.dk\/wp-content\/uploads\/2014\/02\/Logo_groent_kontor_300x80.png","width":300,"height":80,"caption":"Gr\u00f8nt Kontor"},"image":{"@id":"https:\/\/grontkontor.dk\/#\/schema\/logo\/image\/"},"sameAs":["https:\/\/www.facebook.com\/grontkontor.dk\/"]}]}},"_links":{"self":[{"href":"https:\/\/grontkontor.dk\/no\/wp-json\/wp\/v2\/product\/129662"}],"collection":[{"href":"https:\/\/grontkontor.dk\/no\/wp-json\/wp\/v2\/product"}],"about":[{"href":"https:\/\/grontkontor.dk\/no\/wp-json\/wp\/v2\/types\/product"}],"replies":[{"embeddable":true,"href":"https:\/\/grontkontor.dk\/no\/wp-json\/wp\/v2\/comments?post=129662"}],"wp:featuredmedia":[{"embeddable":true,"href":"https:\/\/grontkontor.dk\/no\/wp-json\/wp\/v2\/media\/129738"}],"wp:attachment":[{"href":"https:\/\/grontkontor.dk\/no\/wp-json\/wp\/v2\/media?parent=129662"}],"wp:term":[{"taxonomy":"product_cat","embeddable":true,"href":"https:\/\/grontkontor.dk\/no\/wp-json\/wp\/v2\/product_cat?post=129662"},{"taxonomy":"product_tag","embeddable":true,"href":"https:\/\/grontkontor.dk\/no\/wp-json\/wp\/v2\/product_tag?post=129662"}],"curies":[{"name":"wp","href":"https:\/\/api.w.org\/{rel}","templated":true}]}}