{"id":129796,"date":"2025-10-06T12:51:34","date_gmt":"2025-10-06T10:51:35","guid":{"rendered":"https:\/\/grontkontor.dk\/?post_type=product&#038;p=129796"},"modified":"2025-11-03T09:58:55","modified_gmt":"2025-11-03T08:58:55","slug":"brevbakke-fsc-eg","status":"publish","type":"product","link":"https:\/\/grontkontor.dk\/no\/shop\/brevbakke-fsc-eg\/","title":{"rendered":"Brevbrett FSC eik"},"content":{"rendered":"<p>Skap orden og stil p\u00e5 skrivebordet ditt med et klimavennlig brevbrett i FSC-eikefiner p\u00e5 en kjerne av FSC-sertifisert MDF-plate. Denne brevskuffen er den perfekte oppbevaringsl\u00f8sningen for deg som verdsetter et ryddig kontor og et milj\u00f8vennlig valg. Den er laget av FSC-sertifisert tre, noe som garanterer at materialet kommer fra ansvarlig skogbruk. Ved \u00e5 velge dette brettet sikrer du et kvalitetsprodukt som har minimal innvirkning p\u00e5 milj\u00f8et.   <\/p>\n<p>Den naturlige finishen og det solide treverket gir et varmt og profesjonelt utseende til ethvert kontor. Med dette klimavennlige brevbrettet i FSC-eik f\u00e5r du et produkt som er designet for \u00e5 maksimere arbeidsplassen din effektivt. Den er utstyrt med tre separate skuffer, noe som gir deg god plass til \u00e5 organisere dokumenter, brev, mapper eller til og med personlige eiendeler. Denne tredelte inndelingen hjelper deg med \u00e5 skille p\u00e5g\u00e5ende prosjekter fra ferdige oppgaver, slik at du enkelt kan holde deg oppdatert og fokusere p\u00e5 de viktigste oppgavene dine. Med sin stilige og praktiske design er denne brevskuffen mer enn bare en oppbevaringsenhet, den er et elegant tillegg til innredningen din. Den kombinerer funksjonalitet med et klimavennlig utseende, noe som gj\u00f8r den til et ideelt valg for det moderne kontoret. Invester i dette slitesterke brevskuffen og nyt et organisert og stilig skrivebord i \u00e5rene som kommer.      <\/p>\n<p>[FSC_s] [tryk]<\/p>\n<a href=\"https:\/\/ic.fsc.org\/en\/\" target=\"window\"><img loading=\"lazy\" decoding=\"async\" class=\"size-full wp-image-12735\" src=\"https:\/\/grontkontor.dk\/wp-content\/uploads\/2019\/04\/fsc-certificeret.png\" \n\t\t alt=\"FSC-certificeret\" title=\"FSC-certificeret\" width=\"44\" height=\"51\" border=0\/><\/a>\n","protected":false},"excerpt":{"rendered":"<p>Skap orden og stil p\u00e5 skrivebordet ditt med et klimavennlig brevbrett i FSC-eikefiner p\u00e5 en kjerne av FSC-sertifisert MDF-plate. Denne brevskuffen er den perfekte oppbevaringsl\u00f8sningen for deg som verdsetter et ryddig kontor og et milj\u00f8vennlig valg. Den er laget av FSC-sertifisert tre, noe som garanterer at materialet kommer fra ansvarlig skogbruk. Ved \u00e5 velge dette [&hellip;]<\/p>\n","protected":false},"featured_media":129800,"comment_status":"closed","ping_status":"closed","template":"","meta":{"_acf_changed":false},"product_cat":[3516,3313,3199,3883,4021,2657,3195],"product_tag":[3522,3547],"class_list":{"0":"post-129796","1":"product","2":"type-product","3":"status-publish","4":"has-post-thumbnail","6":"product_cat-brevskuffer","7":"product_cat-diverse-inventar-no","8":"product_cat-dummy-moq-1-no","9":"product_cat-eik","10":"product_cat-lagring-av-dokumenter","11":"product_cat-nyheter","12":"product_cat-produktserier","13":"product_tag-brevskuff","14":"product_tag-moebel-no","15":"tm-has-options","17":"first","18":"instock","19":"taxable","20":"shipping-taxable","21":"purchasable","22":"product-type-simple"},"acf":[],"yoast_head":"<!-- This site is optimized with the Yoast SEO Premium plugin v21.2 (Yoast SEO v21.2) - https:\/\/yoast.com\/wordpress\/plugins\/seo\/ -->\n<title>Klimavennlig brevbrett FSC<\/title>\n<meta name=\"description\" content=\"Kj\u00f8p et klimavennlig FSC-brevbrett til kontoret ditt. Den er laget av FSC-sertifisert tre og har tre brett for smart oppbevaring. Lag et ryddig og milj\u00f8vennlig skrivebord med stil.\" \/>\n<meta name=\"robots\" content=\"index, follow, max-snippet:-1, max-image-preview:large, max-video-preview:-1\" \/>\n<link rel=\"canonical\" href=\"https:\/\/grontkontor.dk\/no\/shop\/brevbakke-fsc-eg\/\" \/>\n<meta property=\"og:locale\" content=\"en_US\" \/>\n<meta property=\"og:type\" content=\"article\" \/>\n<meta property=\"og:title\" content=\"Brevbrett FSC eik\" \/>\n<meta property=\"og:description\" content=\"Kj\u00f8p et klimavennlig FSC-brevbrett til kontoret ditt. Den er laget av FSC-sertifisert tre og har tre brett for smart oppbevaring. Lag et ryddig og milj\u00f8vennlig skrivebord med stil.\" \/>\n<meta property=\"og:url\" content=\"https:\/\/grontkontor.dk\/no\/shop\/brevbakke-fsc-eg\/\" \/>\n<meta property=\"og:site_name\" content=\"Gr\u00f8nt Kontor\" \/>\n<meta property=\"article:publisher\" content=\"https:\/\/www.facebook.com\/grontkontor.dk\/\" \/>\n<meta property=\"article:modified_time\" content=\"2025-11-03T08:58:55+00:00\" \/>\n<meta property=\"og:image\" content=\"https:\/\/grontkontor.dk\/wp-content\/uploads\/2025\/10\/Klimavenlig-brevbakke-FSC-boeg.jpg\" \/>\n\t<meta property=\"og:image:width\" content=\"900\" \/>\n\t<meta property=\"og:image:height\" content=\"639\" \/>\n\t<meta property=\"og:image:type\" content=\"image\/jpeg\" \/>\n<meta name=\"twitter:card\" content=\"summary_large_image\" \/>\n<meta name=\"twitter:label1\" content=\"Est. reading time\" \/>\n\t<meta name=\"twitter:data1\" content=\"1 minute\" \/>\n<script type=\"application\/ld+json\" class=\"yoast-schema-graph\">{\"@context\":\"https:\/\/schema.org\",\"@graph\":[{\"@type\":\"WebPage\",\"@id\":\"https:\/\/grontkontor.dk\/no\/shop\/brevbakke-fsc-eg\/\",\"url\":\"https:\/\/grontkontor.dk\/no\/shop\/brevbakke-fsc-eg\/\",\"name\":\"Klimavennlig brevbrett FSC\",\"isPartOf\":{\"@id\":\"https:\/\/grontkontor.dk\/#website\"},\"datePublished\":\"2025-10-06T10:51:35+00:00\",\"dateModified\":\"2025-11-03T08:58:55+00:00\",\"description\":\"Kj\u00f8p et klimavennlig FSC-brevbrett til kontoret ditt. Den er laget av FSC-sertifisert tre og har tre brett for smart oppbevaring. Lag et ryddig og milj\u00f8vennlig skrivebord med stil.\",\"breadcrumb\":{\"@id\":\"https:\/\/grontkontor.dk\/no\/shop\/brevbakke-fsc-eg\/#breadcrumb\"},\"inLanguage\":\"no-NO\",\"potentialAction\":[{\"@type\":\"ReadAction\",\"target\":[\"https:\/\/grontkontor.dk\/no\/shop\/brevbakke-fsc-eg\/\"]}]},{\"@type\":\"BreadcrumbList\",\"@id\":\"https:\/\/grontkontor.dk\/no\/shop\/brevbakke-fsc-eg\/#breadcrumb\",\"itemListElement\":[{\"@type\":\"ListItem\",\"position\":1,\"name\":\"Forside\",\"item\":\"https:\/\/grontkontor.dk\/\"},{\"@type\":\"ListItem\",\"position\":2,\"name\":\"Butikk\",\"item\":\"https:\/\/grontkontor.dk\/no\/butikk-2\/\"},{\"@type\":\"ListItem\",\"position\":3,\"name\":\"M\u00f8bler og inventar\",\"item\":\"https:\/\/grontkontor.dk\/produkt-kategori\/mobler-og-inventar\/\"},{\"@type\":\"ListItem\",\"position\":4,\"name\":\"Diverse inventar\",\"item\":\"https:\/\/grontkontor.dk\/produkt-kategori\/mobler-og-inventar\/diverse-inventar\/\"},{\"@type\":\"ListItem\",\"position\":5,\"name\":\"Brevbrett FSC eik\"}]},{\"@type\":\"WebSite\",\"@id\":\"https:\/\/grontkontor.dk\/#website\",\"url\":\"https:\/\/grontkontor.dk\/\",\"name\":\"Gr\u00f8nt Kontor\",\"description\":\"Milj\u00f8venlige produkter til kontor og erhverv med fokus p\u00e5 b\u00e6redygtighed, design og fair trade.\",\"publisher\":{\"@id\":\"https:\/\/grontkontor.dk\/#organization\"},\"potentialAction\":[{\"@type\":\"SearchAction\",\"target\":{\"@type\":\"EntryPoint\",\"urlTemplate\":\"https:\/\/grontkontor.dk\/?s={search_term_string}\"},\"query-input\":\"required name=search_term_string\"}],\"inLanguage\":\"no-NO\"},{\"@type\":\"Organization\",\"@id\":\"https:\/\/grontkontor.dk\/#organization\",\"name\":\"Gr\u00f8nt Kontor\",\"url\":\"https:\/\/grontkontor.dk\/\",\"logo\":{\"@type\":\"ImageObject\",\"inLanguage\":\"no-NO\",\"@id\":\"https:\/\/grontkontor.dk\/#\/schema\/logo\/image\/\",\"url\":\"https:\/\/grontkontor.dk\/wp-content\/uploads\/2014\/02\/Logo_groent_kontor_300x80.png\",\"contentUrl\":\"https:\/\/grontkontor.dk\/wp-content\/uploads\/2014\/02\/Logo_groent_kontor_300x80.png\",\"width\":300,\"height\":80,\"caption\":\"Gr\u00f8nt Kontor\"},\"image\":{\"@id\":\"https:\/\/grontkontor.dk\/#\/schema\/logo\/image\/\"},\"sameAs\":[\"https:\/\/www.facebook.com\/grontkontor.dk\/\"]}]}<\/script>\n<!-- \/ Yoast SEO Premium plugin. -->","yoast_head_json":{"title":"Klimavennlig brevbrett FSC","description":"Kj\u00f8p et klimavennlig FSC-brevbrett til kontoret ditt. Den er laget av FSC-sertifisert tre og har tre brett for smart oppbevaring. Lag et ryddig og milj\u00f8vennlig skrivebord med stil.","robots":{"index":"index","follow":"follow","max-snippet":"max-snippet:-1","max-image-preview":"max-image-preview:large","max-video-preview":"max-video-preview:-1"},"canonical":"https:\/\/grontkontor.dk\/no\/shop\/brevbakke-fsc-eg\/","og_locale":"en_US","og_type":"article","og_title":"Brevbrett FSC eik","og_description":"Kj\u00f8p et klimavennlig FSC-brevbrett til kontoret ditt. Den er laget av FSC-sertifisert tre og har tre brett for smart oppbevaring. Lag et ryddig og milj\u00f8vennlig skrivebord med stil.","og_url":"https:\/\/grontkontor.dk\/no\/shop\/brevbakke-fsc-eg\/","og_site_name":"Gr\u00f8nt Kontor","article_publisher":"https:\/\/www.facebook.com\/grontkontor.dk\/","article_modified_time":"2025-11-03T08:58:55+00:00","og_image":[{"width":900,"height":639,"url":"https:\/\/grontkontor.dk\/wp-content\/uploads\/2025\/10\/Klimavenlig-brevbakke-FSC-boeg.jpg","type":"image\/jpeg"}],"twitter_card":"summary_large_image","twitter_misc":{"Est. reading time":"1 minute"},"schema":{"@context":"https:\/\/schema.org","@graph":[{"@type":"WebPage","@id":"https:\/\/grontkontor.dk\/no\/shop\/brevbakke-fsc-eg\/","url":"https:\/\/grontkontor.dk\/no\/shop\/brevbakke-fsc-eg\/","name":"Klimavennlig brevbrett FSC","isPartOf":{"@id":"https:\/\/grontkontor.dk\/#website"},"datePublished":"2025-10-06T10:51:35+00:00","dateModified":"2025-11-03T08:58:55+00:00","description":"Kj\u00f8p et klimavennlig FSC-brevbrett til kontoret ditt. Den er laget av FSC-sertifisert tre og har tre brett for smart oppbevaring. Lag et ryddig og milj\u00f8vennlig skrivebord med stil.","breadcrumb":{"@id":"https:\/\/grontkontor.dk\/no\/shop\/brevbakke-fsc-eg\/#breadcrumb"},"inLanguage":"no-NO","potentialAction":[{"@type":"ReadAction","target":["https:\/\/grontkontor.dk\/no\/shop\/brevbakke-fsc-eg\/"]}]},{"@type":"BreadcrumbList","@id":"https:\/\/grontkontor.dk\/no\/shop\/brevbakke-fsc-eg\/#breadcrumb","itemListElement":[{"@type":"ListItem","position":1,"name":"Forside","item":"https:\/\/grontkontor.dk\/"},{"@type":"ListItem","position":2,"name":"Butikk","item":"https:\/\/grontkontor.dk\/no\/butikk-2\/"},{"@type":"ListItem","position":3,"name":"M\u00f8bler og inventar","item":"https:\/\/grontkontor.dk\/produkt-kategori\/mobler-og-inventar\/"},{"@type":"ListItem","position":4,"name":"Diverse inventar","item":"https:\/\/grontkontor.dk\/produkt-kategori\/mobler-og-inventar\/diverse-inventar\/"},{"@type":"ListItem","position":5,"name":"Brevbrett FSC eik"}]},{"@type":"WebSite","@id":"https:\/\/grontkontor.dk\/#website","url":"https:\/\/grontkontor.dk\/","name":"Gr\u00f8nt Kontor","description":"Milj\u00f8venlige produkter til kontor og erhverv med fokus p\u00e5 b\u00e6redygtighed, design og fair trade.","publisher":{"@id":"https:\/\/grontkontor.dk\/#organization"},"potentialAction":[{"@type":"SearchAction","target":{"@type":"EntryPoint","urlTemplate":"https:\/\/grontkontor.dk\/?s={search_term_string}"},"query-input":"required name=search_term_string"}],"inLanguage":"no-NO"},{"@type":"Organization","@id":"https:\/\/grontkontor.dk\/#organization","name":"Gr\u00f8nt Kontor","url":"https:\/\/grontkontor.dk\/","logo":{"@type":"ImageObject","inLanguage":"no-NO","@id":"https:\/\/grontkontor.dk\/#\/schema\/logo\/image\/","url":"https:\/\/grontkontor.dk\/wp-content\/uploads\/2014\/02\/Logo_groent_kontor_300x80.png","contentUrl":"https:\/\/grontkontor.dk\/wp-content\/uploads\/2014\/02\/Logo_groent_kontor_300x80.png","width":300,"height":80,"caption":"Gr\u00f8nt Kontor"},"image":{"@id":"https:\/\/grontkontor.dk\/#\/schema\/logo\/image\/"},"sameAs":["https:\/\/www.facebook.com\/grontkontor.dk\/"]}]}},"_links":{"self":[{"href":"https:\/\/grontkontor.dk\/no\/wp-json\/wp\/v2\/product\/129796"}],"collection":[{"href":"https:\/\/grontkontor.dk\/no\/wp-json\/wp\/v2\/product"}],"about":[{"href":"https:\/\/grontkontor.dk\/no\/wp-json\/wp\/v2\/types\/product"}],"replies":[{"embeddable":true,"href":"https:\/\/grontkontor.dk\/no\/wp-json\/wp\/v2\/comments?post=129796"}],"wp:featuredmedia":[{"embeddable":true,"href":"https:\/\/grontkontor.dk\/no\/wp-json\/wp\/v2\/media\/129800"}],"wp:attachment":[{"href":"https:\/\/grontkontor.dk\/no\/wp-json\/wp\/v2\/media?parent=129796"}],"wp:term":[{"taxonomy":"product_cat","embeddable":true,"href":"https:\/\/grontkontor.dk\/no\/wp-json\/wp\/v2\/product_cat?post=129796"},{"taxonomy":"product_tag","embeddable":true,"href":"https:\/\/grontkontor.dk\/no\/wp-json\/wp\/v2\/product_tag?post=129796"}],"curies":[{"name":"wp","href":"https:\/\/api.w.org\/{rel}","templated":true}]}}