{"id":129856,"date":"2025-10-08T15:45:14","date_gmt":"2025-10-08T13:45:18","guid":{"rendered":"https:\/\/grontkontor.dk\/?post_type=product&#038;p=129856"},"modified":"2025-11-03T10:00:13","modified_gmt":"2025-11-03T09:00:13","slug":"vandflaske-recycled-rustfrit-staal-800-ml","status":"publish","type":"product","link":"https:\/\/grontkontor.dk\/no\/shop\/vandflaske-recycled-rustfrit-staal-800-ml\/","title":{"rendered":"Vannflaske resirkulert rustfritt st\u00e5l 800 ml"},"content":{"rendered":"<p>Gj\u00f8r vannflasken din til et milj\u00f8vennlig uttrykk med en milj\u00f8vennlig vannflaske i resirkulert st\u00e5l. Denne flasken er designet for \u00e5 f\u00f8lge deg uansett hvor du g\u00e5r, og er et bevis p\u00e5 at funksjonalitet og ansvar kan g\u00e5 h\u00e5nd i h\u00e5nd. Flasken har en kapasitet p\u00e5 800 ml og er laget av resirkulert rustfritt st\u00e5l med en stilig, metallisk finish. St\u00e5l er et av de mest ettertraktede materialene og har en h\u00f8y grad av resirkulerbarhet. N\u00e5r den behandles riktig, gir den nye ressurser for uendelig bruk, noe som gj\u00f8r flasken til en del av den sirkul\u00e6re \u00f8konomien.    <\/p>\n<p>Flasken er utstyrt med en svart skrukork som sikrer en optimal forsegling, slik at du unng\u00e5r u\u00f8nskede lekkasjer i posen. For enkel transport inkluderer den en metallkarabinkrok som enkelt kan festes til ryggsekken eller utstyret. Som et synlig tegn p\u00e5 opprinnelsen har flasken et diskret merke som indikerer at den er laget av resirkulert rustfritt st\u00e5l \u2013 et klimavennlig valg som sender et tydelig budskap.  <\/p>\n<p>F\u00e5 en milj\u00f8vennlig vannflaske i resirkulert st\u00e5l, som er et robust og holdbart alternativ til engangsflasker. Den kombinerer et moderne utseende med lang levetid og er den perfekte l\u00f8sningen for de som \u00f8nsker \u00e5 redusere plastforbruket. <\/p>\n<p>[staal_recycled]<\/p>\n<p>&nbsp;<\/p>\n<img loading=\"lazy\" decoding=\"async\" src=\"https:\/\/grontkontor.dk\/wp-content\/uploads\/2021\/02\/genbrug.jpg\" alt=\"Fremstillet af genbrugsmaterialer\" width=\"50\" height=\"50\" class=\"size-full wp-image-23031\" srcset=\"https:\/\/grontkontor.dk\/wp-content\/uploads\/2021\/02\/genbrug.jpg 199w, https:\/\/grontkontor.dk\/wp-content\/uploads\/2021\/02\/genbrug-100x100.jpg 100w\" sizes=\"(max-width: 50px) 100vw, 50px\" \/>\n","protected":false},"excerpt":{"rendered":"<p>Gj\u00f8r vannflasken din til et milj\u00f8vennlig uttrykk med en milj\u00f8vennlig vannflaske i resirkulert st\u00e5l. Denne flasken er designet for \u00e5 f\u00f8lge deg uansett hvor du g\u00e5r, og er et bevis p\u00e5 at funksjonalitet og ansvar kan g\u00e5 h\u00e5nd i h\u00e5nd. Flasken har en kapasitet p\u00e5 800 ml og er laget av resirkulert rustfritt st\u00e5l med [&hellip;]<\/p>\n","protected":false},"featured_media":129927,"comment_status":"closed","ping_status":"closed","template":"","meta":{"_acf_changed":false},"product_cat":[3199,3216,2657,4393,3214],"product_tag":[4872,4869,3992,3753,3704,3218,4873,4871,3993,4867],"class_list":{"0":"post-129856","1":"product","2":"type-product","3":"status-publish","4":"has-post-thumbnail","6":"product_cat-dummy-moq-1-no","7":"product_cat-mat-og-drikke","8":"product_cat-nyheter","9":"product_cat-vannflasker-og-termosflasker-no","10":"product_cat-vannflasker-og-termosflasker","11":"product_tag-drikkeflaske-resirkulert","12":"product_tag-drikkeflaske-staal","13":"product_tag-drikkeflasker","14":"product_tag-vannflaske-no-2","15":"product_tag-vannflaske-no","16":"product_tag-vannflaske","17":"product_tag-vannflaske-resirkulert","18":"product_tag-vannflaske-staal","19":"product_tag-vannflasker","20":"product_tag-vannkanner","21":"pa_farve-blaa-no","22":"pa_farve-groenn","23":"pa_farve-hvit","24":"pa_farve-lyseblaa-no","25":"pa_farve-marine","26":"pa_farve-roed-no","27":"pa_farve-svart","28":"pa_farve-soelv-no","29":"tm-has-options","31":"first","32":"instock","33":"taxable","34":"shipping-taxable","35":"purchasable","36":"product-type-variable","37":"has-default-attributes"},"acf":[],"yoast_head":"<!-- This site is optimized with the Yoast SEO Premium plugin v21.2 (Yoast SEO v21.2) - https:\/\/yoast.com\/wordpress\/plugins\/seo\/ -->\n<title>Milj\u00f8vennlig vannflaske i resirkulert st\u00e5l<\/title>\n<meta name=\"description\" content=\"Kj\u00f8p en milj\u00f8vennlig vannflaske i resirkulert st\u00e5l p\u00e5 800 ml. Flasken har skrukork, karabinkrok og er laget av resirkulert st\u00e5l. Et holdbart og klimavennlig valg som reduserer plastforbruket ditt.\" \/>\n<meta name=\"robots\" content=\"index, follow, max-snippet:-1, max-image-preview:large, max-video-preview:-1\" \/>\n<link rel=\"canonical\" href=\"https:\/\/grontkontor.dk\/no\/shop\/vandflaske-recycled-rustfrit-staal-800-ml\/\" \/>\n<meta property=\"og:locale\" content=\"en_US\" \/>\n<meta property=\"og:type\" content=\"article\" \/>\n<meta property=\"og:title\" content=\"Vannflaske resirkulert rustfritt st\u00e5l 800 ml\" \/>\n<meta property=\"og:description\" content=\"Kj\u00f8p en milj\u00f8vennlig vannflaske i resirkulert st\u00e5l p\u00e5 800 ml. Flasken har skrukork, karabinkrok og er laget av resirkulert st\u00e5l. Et holdbart og klimavennlig valg som reduserer plastforbruket ditt.\" \/>\n<meta property=\"og:url\" content=\"https:\/\/grontkontor.dk\/no\/shop\/vandflaske-recycled-rustfrit-staal-800-ml\/\" \/>\n<meta property=\"og:site_name\" content=\"Gr\u00f8nt Kontor\" \/>\n<meta property=\"article:publisher\" content=\"https:\/\/www.facebook.com\/grontkontor.dk\/\" \/>\n<meta property=\"article:modified_time\" content=\"2025-11-03T09:00:13+00:00\" \/>\n<meta property=\"og:image\" content=\"https:\/\/grontkontor.dk\/wp-content\/uploads\/2025\/10\/Miljoevenlig-vandflaske-i-recycled-staal-collage.jpg\" \/>\n\t<meta property=\"og:image:width\" content=\"900\" \/>\n\t<meta property=\"og:image:height\" content=\"639\" \/>\n\t<meta property=\"og:image:type\" content=\"image\/jpeg\" \/>\n<meta name=\"twitter:card\" content=\"summary_large_image\" \/>\n<meta name=\"twitter:label1\" content=\"Est. reading time\" \/>\n\t<meta name=\"twitter:data1\" content=\"1 minute\" \/>\n<script type=\"application\/ld+json\" class=\"yoast-schema-graph\">{\"@context\":\"https:\/\/schema.org\",\"@graph\":[{\"@type\":\"WebPage\",\"@id\":\"https:\/\/grontkontor.dk\/no\/shop\/vandflaske-recycled-rustfrit-staal-800-ml\/\",\"url\":\"https:\/\/grontkontor.dk\/no\/shop\/vandflaske-recycled-rustfrit-staal-800-ml\/\",\"name\":\"Milj\u00f8vennlig vannflaske i resirkulert st\u00e5l\",\"isPartOf\":{\"@id\":\"https:\/\/grontkontor.dk\/#website\"},\"datePublished\":\"2025-10-08T13:45:18+00:00\",\"dateModified\":\"2025-11-03T09:00:13+00:00\",\"description\":\"Kj\u00f8p en milj\u00f8vennlig vannflaske i resirkulert st\u00e5l p\u00e5 800 ml. Flasken har skrukork, karabinkrok og er laget av resirkulert st\u00e5l. Et holdbart og klimavennlig valg som reduserer plastforbruket ditt.\",\"breadcrumb\":{\"@id\":\"https:\/\/grontkontor.dk\/no\/shop\/vandflaske-recycled-rustfrit-staal-800-ml\/#breadcrumb\"},\"inLanguage\":\"no-NO\",\"potentialAction\":[{\"@type\":\"ReadAction\",\"target\":[\"https:\/\/grontkontor.dk\/no\/shop\/vandflaske-recycled-rustfrit-staal-800-ml\/\"]}]},{\"@type\":\"BreadcrumbList\",\"@id\":\"https:\/\/grontkontor.dk\/no\/shop\/vandflaske-recycled-rustfrit-staal-800-ml\/#breadcrumb\",\"itemListElement\":[{\"@type\":\"ListItem\",\"position\":1,\"name\":\"Forside\",\"item\":\"https:\/\/grontkontor.dk\/\"},{\"@type\":\"ListItem\",\"position\":2,\"name\":\"Butikk\",\"item\":\"https:\/\/grontkontor.dk\/no\/butikk-2\/\"},{\"@type\":\"ListItem\",\"position\":3,\"name\":\"Mad og drikke\",\"item\":\"https:\/\/grontkontor.dk\/produkt-kategori\/mad-og-drikke\/\"},{\"@type\":\"ListItem\",\"position\":4,\"name\":\"Drikkedunke og termoflasker\",\"item\":\"https:\/\/grontkontor.dk\/produkt-kategori\/mad-og-drikke\/drikkedunke-og-termoflasker\/\"},{\"@type\":\"ListItem\",\"position\":5,\"name\":\"Vannflaske resirkulert rustfritt st\u00e5l 800 ml\"}]},{\"@type\":\"WebSite\",\"@id\":\"https:\/\/grontkontor.dk\/#website\",\"url\":\"https:\/\/grontkontor.dk\/\",\"name\":\"Gr\u00f8nt Kontor\",\"description\":\"Milj\u00f8venlige produkter til kontor og erhverv med fokus p\u00e5 b\u00e6redygtighed, design og fair trade.\",\"publisher\":{\"@id\":\"https:\/\/grontkontor.dk\/#organization\"},\"potentialAction\":[{\"@type\":\"SearchAction\",\"target\":{\"@type\":\"EntryPoint\",\"urlTemplate\":\"https:\/\/grontkontor.dk\/?s={search_term_string}\"},\"query-input\":\"required name=search_term_string\"}],\"inLanguage\":\"no-NO\"},{\"@type\":\"Organization\",\"@id\":\"https:\/\/grontkontor.dk\/#organization\",\"name\":\"Gr\u00f8nt Kontor\",\"url\":\"https:\/\/grontkontor.dk\/\",\"logo\":{\"@type\":\"ImageObject\",\"inLanguage\":\"no-NO\",\"@id\":\"https:\/\/grontkontor.dk\/#\/schema\/logo\/image\/\",\"url\":\"https:\/\/grontkontor.dk\/wp-content\/uploads\/2014\/02\/Logo_groent_kontor_300x80.png\",\"contentUrl\":\"https:\/\/grontkontor.dk\/wp-content\/uploads\/2014\/02\/Logo_groent_kontor_300x80.png\",\"width\":300,\"height\":80,\"caption\":\"Gr\u00f8nt Kontor\"},\"image\":{\"@id\":\"https:\/\/grontkontor.dk\/#\/schema\/logo\/image\/\"},\"sameAs\":[\"https:\/\/www.facebook.com\/grontkontor.dk\/\"]}]}<\/script>\n<!-- \/ Yoast SEO Premium plugin. -->","yoast_head_json":{"title":"Milj\u00f8vennlig vannflaske i resirkulert st\u00e5l","description":"Kj\u00f8p en milj\u00f8vennlig vannflaske i resirkulert st\u00e5l p\u00e5 800 ml. Flasken har skrukork, karabinkrok og er laget av resirkulert st\u00e5l. Et holdbart og klimavennlig valg som reduserer plastforbruket ditt.","robots":{"index":"index","follow":"follow","max-snippet":"max-snippet:-1","max-image-preview":"max-image-preview:large","max-video-preview":"max-video-preview:-1"},"canonical":"https:\/\/grontkontor.dk\/no\/shop\/vandflaske-recycled-rustfrit-staal-800-ml\/","og_locale":"en_US","og_type":"article","og_title":"Vannflaske resirkulert rustfritt st\u00e5l 800 ml","og_description":"Kj\u00f8p en milj\u00f8vennlig vannflaske i resirkulert st\u00e5l p\u00e5 800 ml. Flasken har skrukork, karabinkrok og er laget av resirkulert st\u00e5l. Et holdbart og klimavennlig valg som reduserer plastforbruket ditt.","og_url":"https:\/\/grontkontor.dk\/no\/shop\/vandflaske-recycled-rustfrit-staal-800-ml\/","og_site_name":"Gr\u00f8nt Kontor","article_publisher":"https:\/\/www.facebook.com\/grontkontor.dk\/","article_modified_time":"2025-11-03T09:00:13+00:00","og_image":[{"width":900,"height":639,"url":"https:\/\/grontkontor.dk\/wp-content\/uploads\/2025\/10\/Miljoevenlig-vandflaske-i-recycled-staal-collage.jpg","type":"image\/jpeg"}],"twitter_card":"summary_large_image","twitter_misc":{"Est. reading time":"1 minute"},"schema":{"@context":"https:\/\/schema.org","@graph":[{"@type":"WebPage","@id":"https:\/\/grontkontor.dk\/no\/shop\/vandflaske-recycled-rustfrit-staal-800-ml\/","url":"https:\/\/grontkontor.dk\/no\/shop\/vandflaske-recycled-rustfrit-staal-800-ml\/","name":"Milj\u00f8vennlig vannflaske i resirkulert st\u00e5l","isPartOf":{"@id":"https:\/\/grontkontor.dk\/#website"},"datePublished":"2025-10-08T13:45:18+00:00","dateModified":"2025-11-03T09:00:13+00:00","description":"Kj\u00f8p en milj\u00f8vennlig vannflaske i resirkulert st\u00e5l p\u00e5 800 ml. Flasken har skrukork, karabinkrok og er laget av resirkulert st\u00e5l. Et holdbart og klimavennlig valg som reduserer plastforbruket ditt.","breadcrumb":{"@id":"https:\/\/grontkontor.dk\/no\/shop\/vandflaske-recycled-rustfrit-staal-800-ml\/#breadcrumb"},"inLanguage":"no-NO","potentialAction":[{"@type":"ReadAction","target":["https:\/\/grontkontor.dk\/no\/shop\/vandflaske-recycled-rustfrit-staal-800-ml\/"]}]},{"@type":"BreadcrumbList","@id":"https:\/\/grontkontor.dk\/no\/shop\/vandflaske-recycled-rustfrit-staal-800-ml\/#breadcrumb","itemListElement":[{"@type":"ListItem","position":1,"name":"Forside","item":"https:\/\/grontkontor.dk\/"},{"@type":"ListItem","position":2,"name":"Butikk","item":"https:\/\/grontkontor.dk\/no\/butikk-2\/"},{"@type":"ListItem","position":3,"name":"Mad og drikke","item":"https:\/\/grontkontor.dk\/produkt-kategori\/mad-og-drikke\/"},{"@type":"ListItem","position":4,"name":"Drikkedunke og termoflasker","item":"https:\/\/grontkontor.dk\/produkt-kategori\/mad-og-drikke\/drikkedunke-og-termoflasker\/"},{"@type":"ListItem","position":5,"name":"Vannflaske resirkulert rustfritt st\u00e5l 800 ml"}]},{"@type":"WebSite","@id":"https:\/\/grontkontor.dk\/#website","url":"https:\/\/grontkontor.dk\/","name":"Gr\u00f8nt Kontor","description":"Milj\u00f8venlige produkter til kontor og erhverv med fokus p\u00e5 b\u00e6redygtighed, design og fair trade.","publisher":{"@id":"https:\/\/grontkontor.dk\/#organization"},"potentialAction":[{"@type":"SearchAction","target":{"@type":"EntryPoint","urlTemplate":"https:\/\/grontkontor.dk\/?s={search_term_string}"},"query-input":"required name=search_term_string"}],"inLanguage":"no-NO"},{"@type":"Organization","@id":"https:\/\/grontkontor.dk\/#organization","name":"Gr\u00f8nt Kontor","url":"https:\/\/grontkontor.dk\/","logo":{"@type":"ImageObject","inLanguage":"no-NO","@id":"https:\/\/grontkontor.dk\/#\/schema\/logo\/image\/","url":"https:\/\/grontkontor.dk\/wp-content\/uploads\/2014\/02\/Logo_groent_kontor_300x80.png","contentUrl":"https:\/\/grontkontor.dk\/wp-content\/uploads\/2014\/02\/Logo_groent_kontor_300x80.png","width":300,"height":80,"caption":"Gr\u00f8nt Kontor"},"image":{"@id":"https:\/\/grontkontor.dk\/#\/schema\/logo\/image\/"},"sameAs":["https:\/\/www.facebook.com\/grontkontor.dk\/"]}]}},"_links":{"self":[{"href":"https:\/\/grontkontor.dk\/no\/wp-json\/wp\/v2\/product\/129856"}],"collection":[{"href":"https:\/\/grontkontor.dk\/no\/wp-json\/wp\/v2\/product"}],"about":[{"href":"https:\/\/grontkontor.dk\/no\/wp-json\/wp\/v2\/types\/product"}],"replies":[{"embeddable":true,"href":"https:\/\/grontkontor.dk\/no\/wp-json\/wp\/v2\/comments?post=129856"}],"wp:featuredmedia":[{"embeddable":true,"href":"https:\/\/grontkontor.dk\/no\/wp-json\/wp\/v2\/media\/129927"}],"wp:attachment":[{"href":"https:\/\/grontkontor.dk\/no\/wp-json\/wp\/v2\/media?parent=129856"}],"wp:term":[{"taxonomy":"product_cat","embeddable":true,"href":"https:\/\/grontkontor.dk\/no\/wp-json\/wp\/v2\/product_cat?post=129856"},{"taxonomy":"product_tag","embeddable":true,"href":"https:\/\/grontkontor.dk\/no\/wp-json\/wp\/v2\/product_tag?post=129856"}],"curies":[{"name":"wp","href":"https:\/\/api.w.org\/{rel}","templated":true}]}}