{"id":130028,"date":"2025-10-20T11:37:42","date_gmt":"2025-10-20T09:37:43","guid":{"rendered":"https:\/\/grontkontor.dk\/?post_type=product&#038;p=130028"},"modified":"2025-11-03T09:58:54","modified_gmt":"2025-11-03T08:58:54","slug":"julepynt-i-skifer-juletrae","status":"publish","type":"product","link":"https:\/\/grontkontor.dk\/no\/shop\/julepynt-i-skifer-juletrae\/","title":{"rendered":"Julepynt i skifer &#8211; Juletre"},"content":{"rendered":"<p>Gi julepynten din et unikt og ansvarlig preg med milj\u00f8vennlig julepynt i skifer. Denne vakre hengeren er et elegant alternativ til tradisjonelle plastpynt og er laget av naturskifer. Materialet gir et rustikt og tidl\u00f8st uttrykk som passer perfekt inn i b\u00e5de det moderne og det klassiske julehjemmet. Skiferens m\u00f8rke, matte overflate skaper en vakker kontrast til juletreets gr\u00f8nne farge og lysets gl\u00f8d.   <\/p>\n<p>Tilgjengelig med eller uten gravering eller logotrykk<\/p>\n<p>F\u00e5 milj\u00f8vennlig julepynt i form av en skifer som et klassisk juletre og kom med en snorhenger slik at den er klar til \u00e5 henges opp umiddelbart. Skifer er et ekstremt slitesterkt og naturlig materiale, noe som gj\u00f8r dette til et klimavennlig valg som du kan gjenbruke \u00e5r etter \u00e5r. Det er et lite, men viktig skritt mot en mer milj\u00f8vennlig jul.  <\/p>\n<p>Dekorasjonene er perfekte som en gjennomtenkt og stilig julegave til ansatte, kunder eller som en del av en gavekurv. Det er en elegant m\u00e5te \u00e5 vise at din bedrift verdsetter kvalitet og naturlige materialer. Dekorasjonene kan med fordel graveres med en logo eller en personlig julemelding, noe som gj\u00f8r den til et minneverdig stykke julepynt. Gj\u00f8r \u00e5rets julegave klimavennlig og vakker.   <\/p>\n<p>&nbsp;<\/p>\n","protected":false},"excerpt":{"rendered":"<p>Gi julepynten din et unikt og ansvarlig preg med milj\u00f8vennlig julepynt i skifer. Denne vakre hengeren er et elegant alternativ til tradisjonelle plastpynt og er laget av naturskifer. Materialet gir et rustikt og tidl\u00f8st uttrykk som passer perfekt inn i b\u00e5de det moderne og det klassiske julehjemmet. Skiferens m\u00f8rke, matte overflate skaper en vakker kontrast [&hellip;]<\/p>\n","protected":false},"featured_media":130032,"comment_status":"closed","ping_status":"closed","template":"","meta":{"_acf_changed":false},"product_cat":[3199,4851,2657],"product_tag":[4852,3661],"class_list":{"0":"post-130028","1":"product","2":"type-product","3":"status-publish","4":"has-post-thumbnail","6":"product_cat-dummy-moq-1-no","7":"product_cat-jul-og-hoeytider","8":"product_cat-nyheter","9":"product_tag-jul-no","10":"product_tag-juledekorasjoner","11":"tm-has-options","13":"first","14":"instock","15":"taxable","16":"shipping-taxable","17":"purchasable","18":"product-type-simple"},"acf":[],"yoast_head":"<!-- This site is optimized with the Yoast SEO Premium plugin v21.2 (Yoast SEO v21.2) - https:\/\/yoast.com\/wordpress\/plugins\/seo\/ -->\n<title>Milj\u00f8vennlig julepynt i skifer<\/title>\n<meta name=\"description\" content=\"Kj\u00f8p milj\u00f8vennlig julepynt i skifer. Den naturlige skiferhengeren er et klimavennlig valg til juletreet. Rustikk, elegant og perfekt for firmagaver.\" \/>\n<meta name=\"robots\" content=\"index, follow, max-snippet:-1, max-image-preview:large, max-video-preview:-1\" \/>\n<link rel=\"canonical\" href=\"https:\/\/grontkontor.dk\/no\/shop\/julepynt-i-skifer-juletrae\/\" \/>\n<meta property=\"og:locale\" content=\"en_US\" \/>\n<meta property=\"og:type\" content=\"article\" \/>\n<meta property=\"og:title\" content=\"Julepynt i skifer - Juletre\" \/>\n<meta property=\"og:description\" content=\"Kj\u00f8p milj\u00f8vennlig julepynt i skifer. Den naturlige skiferhengeren er et klimavennlig valg til juletreet. Rustikk, elegant og perfekt for firmagaver.\" \/>\n<meta property=\"og:url\" content=\"https:\/\/grontkontor.dk\/no\/shop\/julepynt-i-skifer-juletrae\/\" \/>\n<meta property=\"og:site_name\" content=\"Gr\u00f8nt Kontor\" \/>\n<meta property=\"article:publisher\" content=\"https:\/\/www.facebook.com\/grontkontor.dk\/\" \/>\n<meta property=\"article:modified_time\" content=\"2025-11-03T08:58:54+00:00\" \/>\n<meta property=\"og:image\" content=\"https:\/\/grontkontor.dk\/wp-content\/uploads\/2025\/10\/Miljoevenligt-jylepynt-i-skifer-juletrae.jpg\" \/>\n\t<meta property=\"og:image:width\" content=\"900\" \/>\n\t<meta property=\"og:image:height\" content=\"639\" \/>\n\t<meta property=\"og:image:type\" content=\"image\/jpeg\" \/>\n<meta name=\"twitter:card\" content=\"summary_large_image\" \/>\n<meta name=\"twitter:label1\" content=\"Est. reading time\" \/>\n\t<meta name=\"twitter:data1\" content=\"1 minute\" \/>\n<script type=\"application\/ld+json\" class=\"yoast-schema-graph\">{\"@context\":\"https:\/\/schema.org\",\"@graph\":[{\"@type\":\"WebPage\",\"@id\":\"https:\/\/grontkontor.dk\/no\/shop\/julepynt-i-skifer-juletrae\/\",\"url\":\"https:\/\/grontkontor.dk\/no\/shop\/julepynt-i-skifer-juletrae\/\",\"name\":\"Milj\u00f8vennlig julepynt i skifer\",\"isPartOf\":{\"@id\":\"https:\/\/grontkontor.dk\/#website\"},\"datePublished\":\"2025-10-20T09:37:43+00:00\",\"dateModified\":\"2025-11-03T08:58:54+00:00\",\"description\":\"Kj\u00f8p milj\u00f8vennlig julepynt i skifer. Den naturlige skiferhengeren er et klimavennlig valg til juletreet. Rustikk, elegant og perfekt for firmagaver.\",\"breadcrumb\":{\"@id\":\"https:\/\/grontkontor.dk\/no\/shop\/julepynt-i-skifer-juletrae\/#breadcrumb\"},\"inLanguage\":\"no-NO\",\"potentialAction\":[{\"@type\":\"ReadAction\",\"target\":[\"https:\/\/grontkontor.dk\/no\/shop\/julepynt-i-skifer-juletrae\/\"]}]},{\"@type\":\"BreadcrumbList\",\"@id\":\"https:\/\/grontkontor.dk\/no\/shop\/julepynt-i-skifer-juletrae\/#breadcrumb\",\"itemListElement\":[{\"@type\":\"ListItem\",\"position\":1,\"name\":\"Forside\",\"item\":\"https:\/\/grontkontor.dk\/\"},{\"@type\":\"ListItem\",\"position\":2,\"name\":\"Butikk\",\"item\":\"https:\/\/grontkontor.dk\/no\/butikk-2\/\"},{\"@type\":\"ListItem\",\"position\":3,\"name\":\"Jul og h\u00f8jtid\",\"item\":\"https:\/\/grontkontor.dk\/produkt-kategori\/jul-og-hoejtid\/\"},{\"@type\":\"ListItem\",\"position\":4,\"name\":\"Julepynt i skifer &#8211; Juletre\"}]},{\"@type\":\"WebSite\",\"@id\":\"https:\/\/grontkontor.dk\/#website\",\"url\":\"https:\/\/grontkontor.dk\/\",\"name\":\"Gr\u00f8nt Kontor\",\"description\":\"Milj\u00f8venlige produkter til kontor og erhverv med fokus p\u00e5 b\u00e6redygtighed, design og fair trade.\",\"publisher\":{\"@id\":\"https:\/\/grontkontor.dk\/#organization\"},\"potentialAction\":[{\"@type\":\"SearchAction\",\"target\":{\"@type\":\"EntryPoint\",\"urlTemplate\":\"https:\/\/grontkontor.dk\/?s={search_term_string}\"},\"query-input\":\"required name=search_term_string\"}],\"inLanguage\":\"no-NO\"},{\"@type\":\"Organization\",\"@id\":\"https:\/\/grontkontor.dk\/#organization\",\"name\":\"Gr\u00f8nt Kontor\",\"url\":\"https:\/\/grontkontor.dk\/\",\"logo\":{\"@type\":\"ImageObject\",\"inLanguage\":\"no-NO\",\"@id\":\"https:\/\/grontkontor.dk\/#\/schema\/logo\/image\/\",\"url\":\"https:\/\/grontkontor.dk\/wp-content\/uploads\/2014\/02\/Logo_groent_kontor_300x80.png\",\"contentUrl\":\"https:\/\/grontkontor.dk\/wp-content\/uploads\/2014\/02\/Logo_groent_kontor_300x80.png\",\"width\":300,\"height\":80,\"caption\":\"Gr\u00f8nt Kontor\"},\"image\":{\"@id\":\"https:\/\/grontkontor.dk\/#\/schema\/logo\/image\/\"},\"sameAs\":[\"https:\/\/www.facebook.com\/grontkontor.dk\/\"]}]}<\/script>\n<!-- \/ Yoast SEO Premium plugin. -->","yoast_head_json":{"title":"Milj\u00f8vennlig julepynt i skifer","description":"Kj\u00f8p milj\u00f8vennlig julepynt i skifer. Den naturlige skiferhengeren er et klimavennlig valg til juletreet. Rustikk, elegant og perfekt for firmagaver.","robots":{"index":"index","follow":"follow","max-snippet":"max-snippet:-1","max-image-preview":"max-image-preview:large","max-video-preview":"max-video-preview:-1"},"canonical":"https:\/\/grontkontor.dk\/no\/shop\/julepynt-i-skifer-juletrae\/","og_locale":"en_US","og_type":"article","og_title":"Julepynt i skifer - Juletre","og_description":"Kj\u00f8p milj\u00f8vennlig julepynt i skifer. Den naturlige skiferhengeren er et klimavennlig valg til juletreet. Rustikk, elegant og perfekt for firmagaver.","og_url":"https:\/\/grontkontor.dk\/no\/shop\/julepynt-i-skifer-juletrae\/","og_site_name":"Gr\u00f8nt Kontor","article_publisher":"https:\/\/www.facebook.com\/grontkontor.dk\/","article_modified_time":"2025-11-03T08:58:54+00:00","og_image":[{"width":900,"height":639,"url":"https:\/\/grontkontor.dk\/wp-content\/uploads\/2025\/10\/Miljoevenligt-jylepynt-i-skifer-juletrae.jpg","type":"image\/jpeg"}],"twitter_card":"summary_large_image","twitter_misc":{"Est. reading time":"1 minute"},"schema":{"@context":"https:\/\/schema.org","@graph":[{"@type":"WebPage","@id":"https:\/\/grontkontor.dk\/no\/shop\/julepynt-i-skifer-juletrae\/","url":"https:\/\/grontkontor.dk\/no\/shop\/julepynt-i-skifer-juletrae\/","name":"Milj\u00f8vennlig julepynt i skifer","isPartOf":{"@id":"https:\/\/grontkontor.dk\/#website"},"datePublished":"2025-10-20T09:37:43+00:00","dateModified":"2025-11-03T08:58:54+00:00","description":"Kj\u00f8p milj\u00f8vennlig julepynt i skifer. Den naturlige skiferhengeren er et klimavennlig valg til juletreet. Rustikk, elegant og perfekt for firmagaver.","breadcrumb":{"@id":"https:\/\/grontkontor.dk\/no\/shop\/julepynt-i-skifer-juletrae\/#breadcrumb"},"inLanguage":"no-NO","potentialAction":[{"@type":"ReadAction","target":["https:\/\/grontkontor.dk\/no\/shop\/julepynt-i-skifer-juletrae\/"]}]},{"@type":"BreadcrumbList","@id":"https:\/\/grontkontor.dk\/no\/shop\/julepynt-i-skifer-juletrae\/#breadcrumb","itemListElement":[{"@type":"ListItem","position":1,"name":"Forside","item":"https:\/\/grontkontor.dk\/"},{"@type":"ListItem","position":2,"name":"Butikk","item":"https:\/\/grontkontor.dk\/no\/butikk-2\/"},{"@type":"ListItem","position":3,"name":"Jul og h\u00f8jtid","item":"https:\/\/grontkontor.dk\/produkt-kategori\/jul-og-hoejtid\/"},{"@type":"ListItem","position":4,"name":"Julepynt i skifer &#8211; Juletre"}]},{"@type":"WebSite","@id":"https:\/\/grontkontor.dk\/#website","url":"https:\/\/grontkontor.dk\/","name":"Gr\u00f8nt Kontor","description":"Milj\u00f8venlige produkter til kontor og erhverv med fokus p\u00e5 b\u00e6redygtighed, design og fair trade.","publisher":{"@id":"https:\/\/grontkontor.dk\/#organization"},"potentialAction":[{"@type":"SearchAction","target":{"@type":"EntryPoint","urlTemplate":"https:\/\/grontkontor.dk\/?s={search_term_string}"},"query-input":"required name=search_term_string"}],"inLanguage":"no-NO"},{"@type":"Organization","@id":"https:\/\/grontkontor.dk\/#organization","name":"Gr\u00f8nt Kontor","url":"https:\/\/grontkontor.dk\/","logo":{"@type":"ImageObject","inLanguage":"no-NO","@id":"https:\/\/grontkontor.dk\/#\/schema\/logo\/image\/","url":"https:\/\/grontkontor.dk\/wp-content\/uploads\/2014\/02\/Logo_groent_kontor_300x80.png","contentUrl":"https:\/\/grontkontor.dk\/wp-content\/uploads\/2014\/02\/Logo_groent_kontor_300x80.png","width":300,"height":80,"caption":"Gr\u00f8nt Kontor"},"image":{"@id":"https:\/\/grontkontor.dk\/#\/schema\/logo\/image\/"},"sameAs":["https:\/\/www.facebook.com\/grontkontor.dk\/"]}]}},"_links":{"self":[{"href":"https:\/\/grontkontor.dk\/no\/wp-json\/wp\/v2\/product\/130028"}],"collection":[{"href":"https:\/\/grontkontor.dk\/no\/wp-json\/wp\/v2\/product"}],"about":[{"href":"https:\/\/grontkontor.dk\/no\/wp-json\/wp\/v2\/types\/product"}],"replies":[{"embeddable":true,"href":"https:\/\/grontkontor.dk\/no\/wp-json\/wp\/v2\/comments?post=130028"}],"wp:featuredmedia":[{"embeddable":true,"href":"https:\/\/grontkontor.dk\/no\/wp-json\/wp\/v2\/media\/130032"}],"wp:attachment":[{"href":"https:\/\/grontkontor.dk\/no\/wp-json\/wp\/v2\/media?parent=130028"}],"wp:term":[{"taxonomy":"product_cat","embeddable":true,"href":"https:\/\/grontkontor.dk\/no\/wp-json\/wp\/v2\/product_cat?post=130028"},{"taxonomy":"product_tag","embeddable":true,"href":"https:\/\/grontkontor.dk\/no\/wp-json\/wp\/v2\/product_tag?post=130028"}],"curies":[{"name":"wp","href":"https:\/\/api.w.org\/{rel}","templated":true}]}}