{"id":130069,"date":"2025-10-20T14:38:47","date_gmt":"2025-10-20T12:38:48","guid":{"rendered":"https:\/\/grontkontor.dk\/?post_type=product&#038;p=130069"},"modified":"2025-11-03T09:59:44","modified_gmt":"2025-11-03T08:59:44","slug":"julepyntsaet-i-boeg","status":"publish","type":"product","link":"https:\/\/grontkontor.dk\/no\/shop\/julepyntsaet-i-boeg\/","title":{"rendered":"Juledekorasjonssett i b\u00f8k"},"content":{"rendered":"<p>Skap en naturlig og varm julestemning med dette milj\u00f8vennlige juledekorasjonssettet i b\u00f8ke. Dette settet er det ideelle valget for de som \u00f8nsker \u00e5 dekorere med stil samtidig som de tar et milj\u00f8vennlig valg. Settet best\u00e5r av seks vakre kleshengere, laget av slitesterkt b\u00f8ketre. Designet inkluderer klassiske motiver som julekuler, juletr\u00e6r og sn\u00f8fnugg, noe som gir juletreet ditt et tidl\u00f8st og elegant utseende. Kommer i en brun gaveeske med gode signaler om b\u00e6rekraft.    <\/p>\n<p>Hvert stykke ornament er utstyrt med en jutesnor, som understreker det naturlige utseendet. B\u00e5de b\u00f8ketreet og jutetauet er kjent for \u00e5 v\u00e6re slitesterke materialer, noe som gj\u00f8r dette settet til et klimavennlig valg du kan gjenbruke \u00e5r etter \u00e5r. Ved \u00e5 velge tre fremfor plast bidrar du til \u00e5 redusere ditt milj\u00f8avtrykk og skaper en jul med omtanke.  <\/p>\n<p>Milj\u00f8vennlig juledekorasjonssett i b\u00f8ketre er ikke bare vakkert for ditt eget hjem; Det er ogs\u00e5 den perfekte gaven. Settet kommer elegant presentert i en boks med kraftpapp. Dette gj\u00f8r settet til en ideell firmagave, en gjennomtenkt medarbeidergave eller en julehilsen som skiller seg ut. Dekorer juletreet ditt med disse naturlige ornamentene og nyt den enkle skj\u00f8nnheten som varer.<\/p>\n","protected":false},"excerpt":{"rendered":"<p>Skap en naturlig og varm julestemning med dette milj\u00f8vennlige juledekorasjonssettet i b\u00f8ke. Dette settet er det ideelle valget for de som \u00f8nsker \u00e5 dekorere med stil samtidig som de tar et milj\u00f8vennlig valg. Settet best\u00e5r av seks vakre kleshengere, laget av slitesterkt b\u00f8ketre. Designet inkluderer klassiske motiver som julekuler, juletr\u00e6r og sn\u00f8fnugg, noe som gir [&hellip;]<\/p>\n","protected":false},"featured_media":130074,"comment_status":"closed","ping_status":"closed","template":"","meta":{"_acf_changed":false},"product_cat":[3199,4851,2657],"product_tag":[4852,3661],"class_list":{"0":"post-130069","1":"product","2":"type-product","3":"status-publish","4":"has-post-thumbnail","6":"product_cat-dummy-moq-1-no","7":"product_cat-jul-og-hoeytider","8":"product_cat-nyheter","9":"product_tag-jul-no","10":"product_tag-juledekorasjoner","11":"tm-has-options","13":"first","14":"instock","15":"taxable","16":"shipping-taxable","17":"purchasable","18":"product-type-simple"},"acf":[],"yoast_head":"<!-- This site is optimized with the Yoast SEO Premium plugin v21.2 (Yoast SEO v21.2) - https:\/\/yoast.com\/wordpress\/plugins\/seo\/ -->\n<title>Milj\u00f8vennlig juledekorasjonssett i b\u00f8ketre<\/title>\n<meta name=\"description\" content=\"Kj\u00f8p et milj\u00f8vennlig juledekorasjonssett i b\u00f8ke. Settet inneholder 6 julepynt i tre (kuler, tr\u00e6r, sn\u00f8fnugg) og jutesnor. Et klimavennlig og holdbart valg, levert i en str\u00f8mboks.\" \/>\n<meta name=\"robots\" content=\"index, follow, max-snippet:-1, max-image-preview:large, max-video-preview:-1\" \/>\n<link rel=\"canonical\" href=\"https:\/\/grontkontor.dk\/no\/shop\/julepyntsaet-i-boeg\/\" \/>\n<meta property=\"og:locale\" content=\"en_US\" \/>\n<meta property=\"og:type\" content=\"article\" \/>\n<meta property=\"og:title\" content=\"Juledekorasjonssett i b\u00f8k\" \/>\n<meta property=\"og:description\" content=\"Kj\u00f8p et milj\u00f8vennlig juledekorasjonssett i b\u00f8ke. Settet inneholder 6 julepynt i tre (kuler, tr\u00e6r, sn\u00f8fnugg) og jutesnor. Et klimavennlig og holdbart valg, levert i en str\u00f8mboks.\" \/>\n<meta property=\"og:url\" content=\"https:\/\/grontkontor.dk\/no\/shop\/julepyntsaet-i-boeg\/\" \/>\n<meta property=\"og:site_name\" content=\"Gr\u00f8nt Kontor\" \/>\n<meta property=\"article:publisher\" content=\"https:\/\/www.facebook.com\/grontkontor.dk\/\" \/>\n<meta property=\"article:modified_time\" content=\"2025-11-03T08:59:44+00:00\" \/>\n<meta property=\"og:image\" content=\"https:\/\/grontkontor.dk\/wp-content\/uploads\/2025\/10\/Klimavenligt-jylepyntsaet-i-boeg.jpg\" \/>\n\t<meta property=\"og:image:width\" content=\"900\" \/>\n\t<meta property=\"og:image:height\" content=\"639\" \/>\n\t<meta property=\"og:image:type\" content=\"image\/jpeg\" \/>\n<meta name=\"twitter:card\" content=\"summary_large_image\" \/>\n<meta name=\"twitter:label1\" content=\"Est. reading time\" \/>\n\t<meta name=\"twitter:data1\" content=\"1 minute\" \/>\n<script type=\"application\/ld+json\" class=\"yoast-schema-graph\">{\"@context\":\"https:\/\/schema.org\",\"@graph\":[{\"@type\":\"WebPage\",\"@id\":\"https:\/\/grontkontor.dk\/no\/shop\/julepyntsaet-i-boeg\/\",\"url\":\"https:\/\/grontkontor.dk\/no\/shop\/julepyntsaet-i-boeg\/\",\"name\":\"Milj\u00f8vennlig juledekorasjonssett i b\u00f8ketre\",\"isPartOf\":{\"@id\":\"https:\/\/grontkontor.dk\/#website\"},\"datePublished\":\"2025-10-20T12:38:48+00:00\",\"dateModified\":\"2025-11-03T08:59:44+00:00\",\"description\":\"Kj\u00f8p et milj\u00f8vennlig juledekorasjonssett i b\u00f8ke. Settet inneholder 6 julepynt i tre (kuler, tr\u00e6r, sn\u00f8fnugg) og jutesnor. Et klimavennlig og holdbart valg, levert i en str\u00f8mboks.\",\"breadcrumb\":{\"@id\":\"https:\/\/grontkontor.dk\/no\/shop\/julepyntsaet-i-boeg\/#breadcrumb\"},\"inLanguage\":\"no-NO\",\"potentialAction\":[{\"@type\":\"ReadAction\",\"target\":[\"https:\/\/grontkontor.dk\/no\/shop\/julepyntsaet-i-boeg\/\"]}]},{\"@type\":\"BreadcrumbList\",\"@id\":\"https:\/\/grontkontor.dk\/no\/shop\/julepyntsaet-i-boeg\/#breadcrumb\",\"itemListElement\":[{\"@type\":\"ListItem\",\"position\":1,\"name\":\"Forside\",\"item\":\"https:\/\/grontkontor.dk\/\"},{\"@type\":\"ListItem\",\"position\":2,\"name\":\"Butikk\",\"item\":\"https:\/\/grontkontor.dk\/no\/butikk-2\/\"},{\"@type\":\"ListItem\",\"position\":3,\"name\":\"Jul og h\u00f8jtid\",\"item\":\"https:\/\/grontkontor.dk\/produkt-kategori\/jul-og-hoejtid\/\"},{\"@type\":\"ListItem\",\"position\":4,\"name\":\"Juledekorasjonssett i b\u00f8k\"}]},{\"@type\":\"WebSite\",\"@id\":\"https:\/\/grontkontor.dk\/#website\",\"url\":\"https:\/\/grontkontor.dk\/\",\"name\":\"Gr\u00f8nt Kontor\",\"description\":\"Milj\u00f8venlige produkter til kontor og erhverv med fokus p\u00e5 b\u00e6redygtighed, design og fair trade.\",\"publisher\":{\"@id\":\"https:\/\/grontkontor.dk\/#organization\"},\"potentialAction\":[{\"@type\":\"SearchAction\",\"target\":{\"@type\":\"EntryPoint\",\"urlTemplate\":\"https:\/\/grontkontor.dk\/?s={search_term_string}\"},\"query-input\":\"required name=search_term_string\"}],\"inLanguage\":\"no-NO\"},{\"@type\":\"Organization\",\"@id\":\"https:\/\/grontkontor.dk\/#organization\",\"name\":\"Gr\u00f8nt Kontor\",\"url\":\"https:\/\/grontkontor.dk\/\",\"logo\":{\"@type\":\"ImageObject\",\"inLanguage\":\"no-NO\",\"@id\":\"https:\/\/grontkontor.dk\/#\/schema\/logo\/image\/\",\"url\":\"https:\/\/grontkontor.dk\/wp-content\/uploads\/2014\/02\/Logo_groent_kontor_300x80.png\",\"contentUrl\":\"https:\/\/grontkontor.dk\/wp-content\/uploads\/2014\/02\/Logo_groent_kontor_300x80.png\",\"width\":300,\"height\":80,\"caption\":\"Gr\u00f8nt Kontor\"},\"image\":{\"@id\":\"https:\/\/grontkontor.dk\/#\/schema\/logo\/image\/\"},\"sameAs\":[\"https:\/\/www.facebook.com\/grontkontor.dk\/\"]}]}<\/script>\n<!-- \/ Yoast SEO Premium plugin. -->","yoast_head_json":{"title":"Milj\u00f8vennlig juledekorasjonssett i b\u00f8ketre","description":"Kj\u00f8p et milj\u00f8vennlig juledekorasjonssett i b\u00f8ke. Settet inneholder 6 julepynt i tre (kuler, tr\u00e6r, sn\u00f8fnugg) og jutesnor. Et klimavennlig og holdbart valg, levert i en str\u00f8mboks.","robots":{"index":"index","follow":"follow","max-snippet":"max-snippet:-1","max-image-preview":"max-image-preview:large","max-video-preview":"max-video-preview:-1"},"canonical":"https:\/\/grontkontor.dk\/no\/shop\/julepyntsaet-i-boeg\/","og_locale":"en_US","og_type":"article","og_title":"Juledekorasjonssett i b\u00f8k","og_description":"Kj\u00f8p et milj\u00f8vennlig juledekorasjonssett i b\u00f8ke. Settet inneholder 6 julepynt i tre (kuler, tr\u00e6r, sn\u00f8fnugg) og jutesnor. Et klimavennlig og holdbart valg, levert i en str\u00f8mboks.","og_url":"https:\/\/grontkontor.dk\/no\/shop\/julepyntsaet-i-boeg\/","og_site_name":"Gr\u00f8nt Kontor","article_publisher":"https:\/\/www.facebook.com\/grontkontor.dk\/","article_modified_time":"2025-11-03T08:59:44+00:00","og_image":[{"width":900,"height":639,"url":"https:\/\/grontkontor.dk\/wp-content\/uploads\/2025\/10\/Klimavenligt-jylepyntsaet-i-boeg.jpg","type":"image\/jpeg"}],"twitter_card":"summary_large_image","twitter_misc":{"Est. reading time":"1 minute"},"schema":{"@context":"https:\/\/schema.org","@graph":[{"@type":"WebPage","@id":"https:\/\/grontkontor.dk\/no\/shop\/julepyntsaet-i-boeg\/","url":"https:\/\/grontkontor.dk\/no\/shop\/julepyntsaet-i-boeg\/","name":"Milj\u00f8vennlig juledekorasjonssett i b\u00f8ketre","isPartOf":{"@id":"https:\/\/grontkontor.dk\/#website"},"datePublished":"2025-10-20T12:38:48+00:00","dateModified":"2025-11-03T08:59:44+00:00","description":"Kj\u00f8p et milj\u00f8vennlig juledekorasjonssett i b\u00f8ke. Settet inneholder 6 julepynt i tre (kuler, tr\u00e6r, sn\u00f8fnugg) og jutesnor. Et klimavennlig og holdbart valg, levert i en str\u00f8mboks.","breadcrumb":{"@id":"https:\/\/grontkontor.dk\/no\/shop\/julepyntsaet-i-boeg\/#breadcrumb"},"inLanguage":"no-NO","potentialAction":[{"@type":"ReadAction","target":["https:\/\/grontkontor.dk\/no\/shop\/julepyntsaet-i-boeg\/"]}]},{"@type":"BreadcrumbList","@id":"https:\/\/grontkontor.dk\/no\/shop\/julepyntsaet-i-boeg\/#breadcrumb","itemListElement":[{"@type":"ListItem","position":1,"name":"Forside","item":"https:\/\/grontkontor.dk\/"},{"@type":"ListItem","position":2,"name":"Butikk","item":"https:\/\/grontkontor.dk\/no\/butikk-2\/"},{"@type":"ListItem","position":3,"name":"Jul og h\u00f8jtid","item":"https:\/\/grontkontor.dk\/produkt-kategori\/jul-og-hoejtid\/"},{"@type":"ListItem","position":4,"name":"Juledekorasjonssett i b\u00f8k"}]},{"@type":"WebSite","@id":"https:\/\/grontkontor.dk\/#website","url":"https:\/\/grontkontor.dk\/","name":"Gr\u00f8nt Kontor","description":"Milj\u00f8venlige produkter til kontor og erhverv med fokus p\u00e5 b\u00e6redygtighed, design og fair trade.","publisher":{"@id":"https:\/\/grontkontor.dk\/#organization"},"potentialAction":[{"@type":"SearchAction","target":{"@type":"EntryPoint","urlTemplate":"https:\/\/grontkontor.dk\/?s={search_term_string}"},"query-input":"required name=search_term_string"}],"inLanguage":"no-NO"},{"@type":"Organization","@id":"https:\/\/grontkontor.dk\/#organization","name":"Gr\u00f8nt Kontor","url":"https:\/\/grontkontor.dk\/","logo":{"@type":"ImageObject","inLanguage":"no-NO","@id":"https:\/\/grontkontor.dk\/#\/schema\/logo\/image\/","url":"https:\/\/grontkontor.dk\/wp-content\/uploads\/2014\/02\/Logo_groent_kontor_300x80.png","contentUrl":"https:\/\/grontkontor.dk\/wp-content\/uploads\/2014\/02\/Logo_groent_kontor_300x80.png","width":300,"height":80,"caption":"Gr\u00f8nt Kontor"},"image":{"@id":"https:\/\/grontkontor.dk\/#\/schema\/logo\/image\/"},"sameAs":["https:\/\/www.facebook.com\/grontkontor.dk\/"]}]}},"_links":{"self":[{"href":"https:\/\/grontkontor.dk\/no\/wp-json\/wp\/v2\/product\/130069"}],"collection":[{"href":"https:\/\/grontkontor.dk\/no\/wp-json\/wp\/v2\/product"}],"about":[{"href":"https:\/\/grontkontor.dk\/no\/wp-json\/wp\/v2\/types\/product"}],"replies":[{"embeddable":true,"href":"https:\/\/grontkontor.dk\/no\/wp-json\/wp\/v2\/comments?post=130069"}],"wp:featuredmedia":[{"embeddable":true,"href":"https:\/\/grontkontor.dk\/no\/wp-json\/wp\/v2\/media\/130074"}],"wp:attachment":[{"href":"https:\/\/grontkontor.dk\/no\/wp-json\/wp\/v2\/media?parent=130069"}],"wp:term":[{"taxonomy":"product_cat","embeddable":true,"href":"https:\/\/grontkontor.dk\/no\/wp-json\/wp\/v2\/product_cat?post=130069"},{"taxonomy":"product_tag","embeddable":true,"href":"https:\/\/grontkontor.dk\/no\/wp-json\/wp\/v2\/product_tag?post=130069"}],"curies":[{"name":"wp","href":"https:\/\/api.w.org\/{rel}","templated":true}]}}