{"id":130185,"date":"2025-10-21T15:56:22","date_gmt":"2025-10-21T13:56:32","guid":{"rendered":"https:\/\/grontkontor.dk\/?post_type=product&#038;p=130185"},"modified":"2025-11-03T09:59:38","modified_gmt":"2025-11-03T08:59:38","slug":"julemandspose-bomuld","status":"publish","type":"product","link":"https:\/\/grontkontor.dk\/no\/shop\/julemandspose-bomuld\/","title":{"rendered":"Julenissen Veske Bomull"},"content":{"rendered":"<p>Gj\u00f8r \u00e5rets gaveinnpakning til en del av julegleden med v\u00e5r klimavennlige julegavepose i bomull. Denne store og romslige vesken er det perfekte milj\u00f8vennlige alternativet til tradisjonelt gavepapir og engangsemballasje. Denne julegaveposen er laget av en sterk bomullskvalitet p\u00e5 180 g\/m\u00b2, og s\u00f8rger for at gavene dine oppbevares trygt og presentabelt. Med sine sjener\u00f8se dimensjoner p\u00e5 ca. 50&#215;70 cm er den stor nok til selv de mest volumin\u00f8se gaver og juleoverraskelser.   <\/p>\n<p>Tilgjengelig med eller uten logotrykk.<\/p>\n<p>Dette er den ultimate nissevesken som med sn\u00f8ring s\u00f8rger for at innholdet forblir skjult til det magiske \u00f8yeblikket. Gjenbrukbarheten gj\u00f8r det til et virkelig klimavennlig produkt som kan brukes \u00e5r etter \u00e5r, noe som reduserer avfallet ditt betydelig. Det er ikke bare praktisk; Det er ogs\u00e5 en vakker del av julepynten under treet.  <\/p>\n<p>V\u00e5r klimavennlige julegavepose i bomull er et utmerket valg som firmagave der du \u00f8nsker \u00e5 pakke inn personalgaver stilig med omtanke for milj\u00f8et. Vesken kan enkelt tilpasses med trykk av firmalogoen eller en julemelding, noe som gj\u00f8r den til et unikt og milj\u00f8vennlig markedsf\u00f8ringsverkt\u00f8y. Send et tydelig budskap om ansvar og velg en gjenbrukbar l\u00f8sning for \u00e5rets gaver.  <\/p>\n<p data-start=\"350\" data-end=\"656\">[bomuld]<\/p>\n<p data-start=\"350\" data-end=\"656\"><a href=\"https:\/\/en.wikipedia.org\/wiki\/Blue_Angel_(certification)\" rel=\"noopener\" target=\"_blank\"><img loading=\"lazy\" decoding=\"async\" class=\"size-full wp-image-12701\" src=\"https:\/\/grontkontor.dk\/wp-content\/uploads\/2023\/09\/amfori-logo.jpg\" width=\"202\" height=\"62\" border=0 \/><\/a><\/p>\n","protected":false},"excerpt":{"rendered":"<p>Gj\u00f8r \u00e5rets gaveinnpakning til en del av julegleden med v\u00e5r klimavennlige julegavepose i bomull. Denne store og romslige vesken er det perfekte milj\u00f8vennlige alternativet til tradisjonelt gavepapir og engangsemballasje. Denne julegaveposen er laget av en sterk bomullskvalitet p\u00e5 180 g\/m\u00b2, og s\u00f8rger for at gavene dine oppbevares trygt og presentabelt. Med sine sjener\u00f8se dimensjoner p\u00e5 [&hellip;]<\/p>\n","protected":false},"featured_media":130264,"comment_status":"closed","ping_status":"closed","template":"","meta":{"_acf_changed":false},"product_cat":[3210,3199,4395,4851,2657],"product_tag":[3637,4852],"class_list":{"0":"post-130185","1":"product","2":"type-product","3":"status-publish","4":"has-post-thumbnail","6":"product_cat-stoffposer","7":"product_cat-dummy-moq-1-no","8":"product_cat-gaveposer-og-gaveesker","9":"product_cat-jul-og-hoeytider","10":"product_cat-nyheter","11":"product_tag-gavepose-no","12":"product_tag-jul-no","13":"pa_farve-groenn","14":"pa_farve-roed-no","15":"tm-has-options","17":"first","18":"instock","19":"taxable","20":"shipping-taxable","21":"purchasable","22":"product-type-variable","23":"has-default-attributes"},"acf":[],"yoast_head":"<!-- This site is optimized with the Yoast SEO Premium plugin v21.2 (Yoast SEO v21.2) - https:\/\/yoast.com\/wordpress\/plugins\/seo\/ -->\n<title>Klimavennlig julegavepose i bomull<\/title>\n<meta name=\"description\" content=\"Kj\u00f8p en klimavennlig julegavepose i bomull (ca. 50x70 cm). Den store julenisseposen er et milj\u00f8vennlig alternativ til gavepapir. Perfekt som julegavepose til firmagaver og resirkulering \u00e5r etter \u00e5r.\" \/>\n<meta name=\"robots\" content=\"index, follow, max-snippet:-1, max-image-preview:large, max-video-preview:-1\" \/>\n<link rel=\"canonical\" href=\"https:\/\/grontkontor.dk\/no\/shop\/julemandspose-bomuld\/\" \/>\n<meta property=\"og:locale\" content=\"en_US\" \/>\n<meta property=\"og:type\" content=\"article\" \/>\n<meta property=\"og:title\" content=\"Julenissen Veske Bomull\" \/>\n<meta property=\"og:description\" content=\"Kj\u00f8p en klimavennlig julegavepose i bomull (ca. 50x70 cm). Den store julenisseposen er et milj\u00f8vennlig alternativ til gavepapir. Perfekt som julegavepose til firmagaver og resirkulering \u00e5r etter \u00e5r.\" \/>\n<meta property=\"og:url\" content=\"https:\/\/grontkontor.dk\/no\/shop\/julemandspose-bomuld\/\" \/>\n<meta property=\"og:site_name\" content=\"Gr\u00f8nt Kontor\" \/>\n<meta property=\"article:publisher\" content=\"https:\/\/www.facebook.com\/grontkontor.dk\/\" \/>\n<meta property=\"article:modified_time\" content=\"2025-11-03T08:59:38+00:00\" \/>\n<meta property=\"og:image\" content=\"https:\/\/grontkontor.dk\/wp-content\/uploads\/2025\/10\/Klimavenlig-julegavepose-i-bomuld-groen.jpg\" \/>\n\t<meta property=\"og:image:width\" content=\"900\" \/>\n\t<meta property=\"og:image:height\" content=\"639\" \/>\n\t<meta property=\"og:image:type\" content=\"image\/jpeg\" \/>\n<meta name=\"twitter:card\" content=\"summary_large_image\" \/>\n<meta name=\"twitter:label1\" content=\"Est. reading time\" \/>\n\t<meta name=\"twitter:data1\" content=\"1 minute\" \/>\n<script type=\"application\/ld+json\" class=\"yoast-schema-graph\">{\"@context\":\"https:\/\/schema.org\",\"@graph\":[{\"@type\":\"WebPage\",\"@id\":\"https:\/\/grontkontor.dk\/no\/shop\/julemandspose-bomuld\/\",\"url\":\"https:\/\/grontkontor.dk\/no\/shop\/julemandspose-bomuld\/\",\"name\":\"Klimavennlig julegavepose i bomull\",\"isPartOf\":{\"@id\":\"https:\/\/grontkontor.dk\/#website\"},\"datePublished\":\"2025-10-21T13:56:32+00:00\",\"dateModified\":\"2025-11-03T08:59:38+00:00\",\"description\":\"Kj\u00f8p en klimavennlig julegavepose i bomull (ca. 50x70 cm). Den store julenisseposen er et milj\u00f8vennlig alternativ til gavepapir. Perfekt som julegavepose til firmagaver og resirkulering \u00e5r etter \u00e5r.\",\"breadcrumb\":{\"@id\":\"https:\/\/grontkontor.dk\/no\/shop\/julemandspose-bomuld\/#breadcrumb\"},\"inLanguage\":\"no-NO\",\"potentialAction\":[{\"@type\":\"ReadAction\",\"target\":[\"https:\/\/grontkontor.dk\/no\/shop\/julemandspose-bomuld\/\"]}]},{\"@type\":\"BreadcrumbList\",\"@id\":\"https:\/\/grontkontor.dk\/no\/shop\/julemandspose-bomuld\/#breadcrumb\",\"itemListElement\":[{\"@type\":\"ListItem\",\"position\":1,\"name\":\"Forside\",\"item\":\"https:\/\/grontkontor.dk\/\"},{\"@type\":\"ListItem\",\"position\":2,\"name\":\"Butikk\",\"item\":\"https:\/\/grontkontor.dk\/no\/butikk-2\/\"},{\"@type\":\"ListItem\",\"position\":3,\"name\":\"Vesker, vesker og trekk\",\"item\":\"https:\/\/grontkontor.dk\/no\/produkt-kategori\/vesker-poser-og-deksler\/\"},{\"@type\":\"ListItem\",\"position\":4,\"name\":\"B\u00e6reposer\",\"item\":\"https:\/\/grontkontor.dk\/no\/produkt-kategori\/vesker-poser-og-deksler\/stoffposer\/\"},{\"@type\":\"ListItem\",\"position\":5,\"name\":\"Julenissen Veske Bomull\"}]},{\"@type\":\"WebSite\",\"@id\":\"https:\/\/grontkontor.dk\/#website\",\"url\":\"https:\/\/grontkontor.dk\/\",\"name\":\"Gr\u00f8nt Kontor\",\"description\":\"Milj\u00f8venlige produkter til kontor og erhverv med fokus p\u00e5 b\u00e6redygtighed, design og fair trade.\",\"publisher\":{\"@id\":\"https:\/\/grontkontor.dk\/#organization\"},\"potentialAction\":[{\"@type\":\"SearchAction\",\"target\":{\"@type\":\"EntryPoint\",\"urlTemplate\":\"https:\/\/grontkontor.dk\/?s={search_term_string}\"},\"query-input\":\"required name=search_term_string\"}],\"inLanguage\":\"no-NO\"},{\"@type\":\"Organization\",\"@id\":\"https:\/\/grontkontor.dk\/#organization\",\"name\":\"Gr\u00f8nt Kontor\",\"url\":\"https:\/\/grontkontor.dk\/\",\"logo\":{\"@type\":\"ImageObject\",\"inLanguage\":\"no-NO\",\"@id\":\"https:\/\/grontkontor.dk\/#\/schema\/logo\/image\/\",\"url\":\"https:\/\/grontkontor.dk\/wp-content\/uploads\/2014\/02\/Logo_groent_kontor_300x80.png\",\"contentUrl\":\"https:\/\/grontkontor.dk\/wp-content\/uploads\/2014\/02\/Logo_groent_kontor_300x80.png\",\"width\":300,\"height\":80,\"caption\":\"Gr\u00f8nt Kontor\"},\"image\":{\"@id\":\"https:\/\/grontkontor.dk\/#\/schema\/logo\/image\/\"},\"sameAs\":[\"https:\/\/www.facebook.com\/grontkontor.dk\/\"]}]}<\/script>\n<!-- \/ Yoast SEO Premium plugin. -->","yoast_head_json":{"title":"Klimavennlig julegavepose i bomull","description":"Kj\u00f8p en klimavennlig julegavepose i bomull (ca. 50x70 cm). Den store julenisseposen er et milj\u00f8vennlig alternativ til gavepapir. Perfekt som julegavepose til firmagaver og resirkulering \u00e5r etter \u00e5r.","robots":{"index":"index","follow":"follow","max-snippet":"max-snippet:-1","max-image-preview":"max-image-preview:large","max-video-preview":"max-video-preview:-1"},"canonical":"https:\/\/grontkontor.dk\/no\/shop\/julemandspose-bomuld\/","og_locale":"en_US","og_type":"article","og_title":"Julenissen Veske Bomull","og_description":"Kj\u00f8p en klimavennlig julegavepose i bomull (ca. 50x70 cm). Den store julenisseposen er et milj\u00f8vennlig alternativ til gavepapir. Perfekt som julegavepose til firmagaver og resirkulering \u00e5r etter \u00e5r.","og_url":"https:\/\/grontkontor.dk\/no\/shop\/julemandspose-bomuld\/","og_site_name":"Gr\u00f8nt Kontor","article_publisher":"https:\/\/www.facebook.com\/grontkontor.dk\/","article_modified_time":"2025-11-03T08:59:38+00:00","og_image":[{"width":900,"height":639,"url":"https:\/\/grontkontor.dk\/wp-content\/uploads\/2025\/10\/Klimavenlig-julegavepose-i-bomuld-groen.jpg","type":"image\/jpeg"}],"twitter_card":"summary_large_image","twitter_misc":{"Est. reading time":"1 minute"},"schema":{"@context":"https:\/\/schema.org","@graph":[{"@type":"WebPage","@id":"https:\/\/grontkontor.dk\/no\/shop\/julemandspose-bomuld\/","url":"https:\/\/grontkontor.dk\/no\/shop\/julemandspose-bomuld\/","name":"Klimavennlig julegavepose i bomull","isPartOf":{"@id":"https:\/\/grontkontor.dk\/#website"},"datePublished":"2025-10-21T13:56:32+00:00","dateModified":"2025-11-03T08:59:38+00:00","description":"Kj\u00f8p en klimavennlig julegavepose i bomull (ca. 50x70 cm). Den store julenisseposen er et milj\u00f8vennlig alternativ til gavepapir. Perfekt som julegavepose til firmagaver og resirkulering \u00e5r etter \u00e5r.","breadcrumb":{"@id":"https:\/\/grontkontor.dk\/no\/shop\/julemandspose-bomuld\/#breadcrumb"},"inLanguage":"no-NO","potentialAction":[{"@type":"ReadAction","target":["https:\/\/grontkontor.dk\/no\/shop\/julemandspose-bomuld\/"]}]},{"@type":"BreadcrumbList","@id":"https:\/\/grontkontor.dk\/no\/shop\/julemandspose-bomuld\/#breadcrumb","itemListElement":[{"@type":"ListItem","position":1,"name":"Forside","item":"https:\/\/grontkontor.dk\/"},{"@type":"ListItem","position":2,"name":"Butikk","item":"https:\/\/grontkontor.dk\/no\/butikk-2\/"},{"@type":"ListItem","position":3,"name":"Vesker, vesker og trekk","item":"https:\/\/grontkontor.dk\/no\/produkt-kategori\/vesker-poser-og-deksler\/"},{"@type":"ListItem","position":4,"name":"B\u00e6reposer","item":"https:\/\/grontkontor.dk\/no\/produkt-kategori\/vesker-poser-og-deksler\/stoffposer\/"},{"@type":"ListItem","position":5,"name":"Julenissen Veske Bomull"}]},{"@type":"WebSite","@id":"https:\/\/grontkontor.dk\/#website","url":"https:\/\/grontkontor.dk\/","name":"Gr\u00f8nt Kontor","description":"Milj\u00f8venlige produkter til kontor og erhverv med fokus p\u00e5 b\u00e6redygtighed, design og fair trade.","publisher":{"@id":"https:\/\/grontkontor.dk\/#organization"},"potentialAction":[{"@type":"SearchAction","target":{"@type":"EntryPoint","urlTemplate":"https:\/\/grontkontor.dk\/?s={search_term_string}"},"query-input":"required name=search_term_string"}],"inLanguage":"no-NO"},{"@type":"Organization","@id":"https:\/\/grontkontor.dk\/#organization","name":"Gr\u00f8nt Kontor","url":"https:\/\/grontkontor.dk\/","logo":{"@type":"ImageObject","inLanguage":"no-NO","@id":"https:\/\/grontkontor.dk\/#\/schema\/logo\/image\/","url":"https:\/\/grontkontor.dk\/wp-content\/uploads\/2014\/02\/Logo_groent_kontor_300x80.png","contentUrl":"https:\/\/grontkontor.dk\/wp-content\/uploads\/2014\/02\/Logo_groent_kontor_300x80.png","width":300,"height":80,"caption":"Gr\u00f8nt Kontor"},"image":{"@id":"https:\/\/grontkontor.dk\/#\/schema\/logo\/image\/"},"sameAs":["https:\/\/www.facebook.com\/grontkontor.dk\/"]}]}},"_links":{"self":[{"href":"https:\/\/grontkontor.dk\/no\/wp-json\/wp\/v2\/product\/130185"}],"collection":[{"href":"https:\/\/grontkontor.dk\/no\/wp-json\/wp\/v2\/product"}],"about":[{"href":"https:\/\/grontkontor.dk\/no\/wp-json\/wp\/v2\/types\/product"}],"replies":[{"embeddable":true,"href":"https:\/\/grontkontor.dk\/no\/wp-json\/wp\/v2\/comments?post=130185"}],"wp:featuredmedia":[{"embeddable":true,"href":"https:\/\/grontkontor.dk\/no\/wp-json\/wp\/v2\/media\/130264"}],"wp:attachment":[{"href":"https:\/\/grontkontor.dk\/no\/wp-json\/wp\/v2\/media?parent=130185"}],"wp:term":[{"taxonomy":"product_cat","embeddable":true,"href":"https:\/\/grontkontor.dk\/no\/wp-json\/wp\/v2\/product_cat?post=130185"},{"taxonomy":"product_tag","embeddable":true,"href":"https:\/\/grontkontor.dk\/no\/wp-json\/wp\/v2\/product_tag?post=130185"}],"curies":[{"name":"wp","href":"https:\/\/api.w.org\/{rel}","templated":true}]}}