{"id":130285,"date":"2025-10-22T13:41:05","date_gmt":"2025-10-22T11:41:06","guid":{"rendered":"https:\/\/grontkontor.dk\/?post_type=product&#038;p=130285"},"modified":"2025-11-03T09:59:38","modified_gmt":"2025-11-03T08:59:38","slug":"menukortholder-til-jul","status":"publish","type":"product","link":"https:\/\/grontkontor.dk\/no\/shop\/menukortholder-til-jul\/","title":{"rendered":"Menykortholder til jul"},"content":{"rendered":"<p>Skap en koselig og profesjonell atmosf\u00e6re i restauranten eller butikken din med en klimavennlig menykortholder i tre. Denne elegante holderen er det perfekte verkt\u00f8yet for \u00e5 presentere menyer, tilbud, bordkort eller sm\u00e5 p\u00e5 en stilig m\u00e5te. Holdens base er laget av naturlig tre, et milj\u00f8vennlig materiale som bidrar til et varmt og innbydende utseende. Treets naturlige struktur og den juleinspirerte metallklipsen skaper en sjarmerende kombinasjon som er spesielt egnet for h\u00f8ytider, men som ogs\u00e5 kan brukes hele \u00e5ret.   <\/p>\n<p>Menykortholderen i tre er utstyrt med en solid metallklips som sikrer at kortene, bildene eller notatene dine holdes sikkert p\u00e5 plass. Den er ideell b\u00e5de for \u00e5 holde styr p\u00e5 dagens spesialiteter eller for \u00e5 sette et dekorativt preg p\u00e5 bordet eller benken. Den solide basen sikrer stabilitet slik at holderen ikke velter lett.  <\/p>\n<p>Ved \u00e5 velge denne holderen tar du et klimavennlig valg som sender et signal om bekymring for milj\u00f8et. Den naturlige trebasen er et milj\u00f8vennlig alternativ til mange plastl\u00f8sninger og er designet for \u00e5 vare lenge. Enten du bruker den til \u00e5 organisere kontoret ditt eller for \u00e5 \u00f8nske gjestene dine velkommen, er dette et praktisk og vakkert tillegg til innredningen din<\/p>\n","protected":false},"excerpt":{"rendered":"<p>Skap en koselig og profesjonell atmosf\u00e6re i restauranten eller butikken din med en klimavennlig menykortholder i tre. Denne elegante holderen er det perfekte verkt\u00f8yet for \u00e5 presentere menyer, tilbud, bordkort eller sm\u00e5 p\u00e5 en stilig m\u00e5te. Holdens base er laget av naturlig tre, et milj\u00f8vennlig materiale som bidrar til et varmt og innbydende utseende. Treets [&hellip;]<\/p>\n","protected":false},"featured_media":130294,"comment_status":"closed","ping_status":"closed","template":"","meta":{"_acf_changed":false},"product_cat":[3205,3199,3437,4851,3194,3216,2657],"product_tag":[4852,4721],"class_list":{"0":"post-130285","1":"product","2":"type-product","3":"status-publish","4":"has-post-thumbnail","6":"product_cat-bambus-no","7":"product_cat-dummy-moq-1-no","8":"product_cat-hotell-restaurant","9":"product_cat-jul-og-hoeytider","10":"product_cat-klimavennlige-firmagaver","11":"product_cat-mat-og-drikke","12":"product_cat-nyheter","13":"product_tag-jul-no","14":"product_tag-meny-no-2","15":"tm-has-options","17":"first","18":"instock","19":"taxable","20":"shipping-taxable","21":"purchasable","22":"product-type-variable","23":"has-default-attributes"},"acf":[],"yoast_head":"<!-- This site is optimized with the Yoast SEO Premium plugin v21.2 (Yoast SEO v21.2) - https:\/\/yoast.com\/wordpress\/plugins\/seo\/ -->\n<title>Klimavennlig menykortholder i tre<\/title>\n<meta name=\"description\" content=\"Kj\u00f8p en klimavennlig menykortholder i tre for menyer, bilder og notater. Holderen har en solid metallklips og en milj\u00f8vennlig base i naturlig tre. Perfekt for et profesjonelt og koselig utseende.\" \/>\n<meta name=\"robots\" content=\"index, follow, max-snippet:-1, max-image-preview:large, max-video-preview:-1\" \/>\n<link rel=\"canonical\" href=\"https:\/\/grontkontor.dk\/no\/shop\/menukortholder-til-jul\/\" \/>\n<meta property=\"og:locale\" content=\"en_US\" \/>\n<meta property=\"og:type\" content=\"article\" \/>\n<meta property=\"og:title\" content=\"Menykortholder til jul\" \/>\n<meta property=\"og:description\" content=\"Kj\u00f8p en klimavennlig menykortholder i tre for menyer, bilder og notater. Holderen har en solid metallklips og en milj\u00f8vennlig base i naturlig tre. Perfekt for et profesjonelt og koselig utseende.\" \/>\n<meta property=\"og:url\" content=\"https:\/\/grontkontor.dk\/no\/shop\/menukortholder-til-jul\/\" \/>\n<meta property=\"og:site_name\" content=\"Gr\u00f8nt Kontor\" \/>\n<meta property=\"article:publisher\" content=\"https:\/\/www.facebook.com\/grontkontor.dk\/\" \/>\n<meta property=\"article:modified_time\" content=\"2025-11-03T08:59:38+00:00\" \/>\n<meta property=\"og:image\" content=\"https:\/\/grontkontor.dk\/wp-content\/uploads\/2025\/10\/Klimavenlig-menukortholder-i-trae-til-jul.jpg\" \/>\n\t<meta property=\"og:image:width\" content=\"900\" \/>\n\t<meta property=\"og:image:height\" content=\"639\" \/>\n\t<meta property=\"og:image:type\" content=\"image\/jpeg\" \/>\n<meta name=\"twitter:card\" content=\"summary_large_image\" \/>\n<meta name=\"twitter:label1\" content=\"Est. reading time\" \/>\n\t<meta name=\"twitter:data1\" content=\"1 minute\" \/>\n<script type=\"application\/ld+json\" class=\"yoast-schema-graph\">{\"@context\":\"https:\/\/schema.org\",\"@graph\":[{\"@type\":\"WebPage\",\"@id\":\"https:\/\/grontkontor.dk\/no\/shop\/menukortholder-til-jul\/\",\"url\":\"https:\/\/grontkontor.dk\/no\/shop\/menukortholder-til-jul\/\",\"name\":\"Klimavennlig menykortholder i tre\",\"isPartOf\":{\"@id\":\"https:\/\/grontkontor.dk\/#website\"},\"datePublished\":\"2025-10-22T11:41:06+00:00\",\"dateModified\":\"2025-11-03T08:59:38+00:00\",\"description\":\"Kj\u00f8p en klimavennlig menykortholder i tre for menyer, bilder og notater. Holderen har en solid metallklips og en milj\u00f8vennlig base i naturlig tre. Perfekt for et profesjonelt og koselig utseende.\",\"breadcrumb\":{\"@id\":\"https:\/\/grontkontor.dk\/no\/shop\/menukortholder-til-jul\/#breadcrumb\"},\"inLanguage\":\"no-NO\",\"potentialAction\":[{\"@type\":\"ReadAction\",\"target\":[\"https:\/\/grontkontor.dk\/no\/shop\/menukortholder-til-jul\/\"]}]},{\"@type\":\"BreadcrumbList\",\"@id\":\"https:\/\/grontkontor.dk\/no\/shop\/menukortholder-til-jul\/#breadcrumb\",\"itemListElement\":[{\"@type\":\"ListItem\",\"position\":1,\"name\":\"Forside\",\"item\":\"https:\/\/grontkontor.dk\/\"},{\"@type\":\"ListItem\",\"position\":2,\"name\":\"Butikk\",\"item\":\"https:\/\/grontkontor.dk\/no\/butikk-2\/\"},{\"@type\":\"ListItem\",\"position\":3,\"name\":\"Jul og h\u00f8jtid\",\"item\":\"https:\/\/grontkontor.dk\/produkt-kategori\/jul-og-hoejtid\/\"},{\"@type\":\"ListItem\",\"position\":4,\"name\":\"Menykortholder til jul\"}]},{\"@type\":\"WebSite\",\"@id\":\"https:\/\/grontkontor.dk\/#website\",\"url\":\"https:\/\/grontkontor.dk\/\",\"name\":\"Gr\u00f8nt Kontor\",\"description\":\"Milj\u00f8venlige produkter til kontor og erhverv med fokus p\u00e5 b\u00e6redygtighed, design og fair trade.\",\"publisher\":{\"@id\":\"https:\/\/grontkontor.dk\/#organization\"},\"potentialAction\":[{\"@type\":\"SearchAction\",\"target\":{\"@type\":\"EntryPoint\",\"urlTemplate\":\"https:\/\/grontkontor.dk\/?s={search_term_string}\"},\"query-input\":\"required name=search_term_string\"}],\"inLanguage\":\"no-NO\"},{\"@type\":\"Organization\",\"@id\":\"https:\/\/grontkontor.dk\/#organization\",\"name\":\"Gr\u00f8nt Kontor\",\"url\":\"https:\/\/grontkontor.dk\/\",\"logo\":{\"@type\":\"ImageObject\",\"inLanguage\":\"no-NO\",\"@id\":\"https:\/\/grontkontor.dk\/#\/schema\/logo\/image\/\",\"url\":\"https:\/\/grontkontor.dk\/wp-content\/uploads\/2014\/02\/Logo_groent_kontor_300x80.png\",\"contentUrl\":\"https:\/\/grontkontor.dk\/wp-content\/uploads\/2014\/02\/Logo_groent_kontor_300x80.png\",\"width\":300,\"height\":80,\"caption\":\"Gr\u00f8nt Kontor\"},\"image\":{\"@id\":\"https:\/\/grontkontor.dk\/#\/schema\/logo\/image\/\"},\"sameAs\":[\"https:\/\/www.facebook.com\/grontkontor.dk\/\"]}]}<\/script>\n<!-- \/ Yoast SEO Premium plugin. -->","yoast_head_json":{"title":"Klimavennlig menykortholder i tre","description":"Kj\u00f8p en klimavennlig menykortholder i tre for menyer, bilder og notater. Holderen har en solid metallklips og en milj\u00f8vennlig base i naturlig tre. Perfekt for et profesjonelt og koselig utseende.","robots":{"index":"index","follow":"follow","max-snippet":"max-snippet:-1","max-image-preview":"max-image-preview:large","max-video-preview":"max-video-preview:-1"},"canonical":"https:\/\/grontkontor.dk\/no\/shop\/menukortholder-til-jul\/","og_locale":"en_US","og_type":"article","og_title":"Menykortholder til jul","og_description":"Kj\u00f8p en klimavennlig menykortholder i tre for menyer, bilder og notater. Holderen har en solid metallklips og en milj\u00f8vennlig base i naturlig tre. Perfekt for et profesjonelt og koselig utseende.","og_url":"https:\/\/grontkontor.dk\/no\/shop\/menukortholder-til-jul\/","og_site_name":"Gr\u00f8nt Kontor","article_publisher":"https:\/\/www.facebook.com\/grontkontor.dk\/","article_modified_time":"2025-11-03T08:59:38+00:00","og_image":[{"width":900,"height":639,"url":"https:\/\/grontkontor.dk\/wp-content\/uploads\/2025\/10\/Klimavenlig-menukortholder-i-trae-til-jul.jpg","type":"image\/jpeg"}],"twitter_card":"summary_large_image","twitter_misc":{"Est. reading time":"1 minute"},"schema":{"@context":"https:\/\/schema.org","@graph":[{"@type":"WebPage","@id":"https:\/\/grontkontor.dk\/no\/shop\/menukortholder-til-jul\/","url":"https:\/\/grontkontor.dk\/no\/shop\/menukortholder-til-jul\/","name":"Klimavennlig menykortholder i tre","isPartOf":{"@id":"https:\/\/grontkontor.dk\/#website"},"datePublished":"2025-10-22T11:41:06+00:00","dateModified":"2025-11-03T08:59:38+00:00","description":"Kj\u00f8p en klimavennlig menykortholder i tre for menyer, bilder og notater. Holderen har en solid metallklips og en milj\u00f8vennlig base i naturlig tre. Perfekt for et profesjonelt og koselig utseende.","breadcrumb":{"@id":"https:\/\/grontkontor.dk\/no\/shop\/menukortholder-til-jul\/#breadcrumb"},"inLanguage":"no-NO","potentialAction":[{"@type":"ReadAction","target":["https:\/\/grontkontor.dk\/no\/shop\/menukortholder-til-jul\/"]}]},{"@type":"BreadcrumbList","@id":"https:\/\/grontkontor.dk\/no\/shop\/menukortholder-til-jul\/#breadcrumb","itemListElement":[{"@type":"ListItem","position":1,"name":"Forside","item":"https:\/\/grontkontor.dk\/"},{"@type":"ListItem","position":2,"name":"Butikk","item":"https:\/\/grontkontor.dk\/no\/butikk-2\/"},{"@type":"ListItem","position":3,"name":"Jul og h\u00f8jtid","item":"https:\/\/grontkontor.dk\/produkt-kategori\/jul-og-hoejtid\/"},{"@type":"ListItem","position":4,"name":"Menykortholder til jul"}]},{"@type":"WebSite","@id":"https:\/\/grontkontor.dk\/#website","url":"https:\/\/grontkontor.dk\/","name":"Gr\u00f8nt Kontor","description":"Milj\u00f8venlige produkter til kontor og erhverv med fokus p\u00e5 b\u00e6redygtighed, design og fair trade.","publisher":{"@id":"https:\/\/grontkontor.dk\/#organization"},"potentialAction":[{"@type":"SearchAction","target":{"@type":"EntryPoint","urlTemplate":"https:\/\/grontkontor.dk\/?s={search_term_string}"},"query-input":"required name=search_term_string"}],"inLanguage":"no-NO"},{"@type":"Organization","@id":"https:\/\/grontkontor.dk\/#organization","name":"Gr\u00f8nt Kontor","url":"https:\/\/grontkontor.dk\/","logo":{"@type":"ImageObject","inLanguage":"no-NO","@id":"https:\/\/grontkontor.dk\/#\/schema\/logo\/image\/","url":"https:\/\/grontkontor.dk\/wp-content\/uploads\/2014\/02\/Logo_groent_kontor_300x80.png","contentUrl":"https:\/\/grontkontor.dk\/wp-content\/uploads\/2014\/02\/Logo_groent_kontor_300x80.png","width":300,"height":80,"caption":"Gr\u00f8nt Kontor"},"image":{"@id":"https:\/\/grontkontor.dk\/#\/schema\/logo\/image\/"},"sameAs":["https:\/\/www.facebook.com\/grontkontor.dk\/"]}]}},"_links":{"self":[{"href":"https:\/\/grontkontor.dk\/no\/wp-json\/wp\/v2\/product\/130285"}],"collection":[{"href":"https:\/\/grontkontor.dk\/no\/wp-json\/wp\/v2\/product"}],"about":[{"href":"https:\/\/grontkontor.dk\/no\/wp-json\/wp\/v2\/types\/product"}],"replies":[{"embeddable":true,"href":"https:\/\/grontkontor.dk\/no\/wp-json\/wp\/v2\/comments?post=130285"}],"wp:featuredmedia":[{"embeddable":true,"href":"https:\/\/grontkontor.dk\/no\/wp-json\/wp\/v2\/media\/130294"}],"wp:attachment":[{"href":"https:\/\/grontkontor.dk\/no\/wp-json\/wp\/v2\/media?parent=130285"}],"wp:term":[{"taxonomy":"product_cat","embeddable":true,"href":"https:\/\/grontkontor.dk\/no\/wp-json\/wp\/v2\/product_cat?post=130285"},{"taxonomy":"product_tag","embeddable":true,"href":"https:\/\/grontkontor.dk\/no\/wp-json\/wp\/v2\/product_tag?post=130285"}],"curies":[{"name":"wp","href":"https:\/\/api.w.org\/{rel}","templated":true}]}}