{"id":130307,"date":"2025-10-22T14:18:32","date_gmt":"2025-10-22T12:18:33","guid":{"rendered":"https:\/\/grontkontor.dk\/?post_type=product&#038;p=130307"},"modified":"2025-11-06T09:22:20","modified_gmt":"2025-11-06T08:22:20","slug":"yoyo-i-klassisk-design-i-fyrretrae","status":"publish","type":"product","link":"https:\/\/grontkontor.dk\/no\/shop\/yoyo-i-klassisk-design-i-fyrretrae\/","title":{"rendered":"Yoyo i klassisk design i furu"},"content":{"rendered":"<p>Denne jojoen i klassisk design er b\u00e5de morsom og b\u00e6rekraftig \u2013 en tidl\u00f8s lekeklassiker som gir glede til b\u00e5de barn og voksne. Den er laget av naturlig furu, har en vakker, glatt overflate og en lett, behagelig vekt som gj\u00f8r den enkel \u00e5 h\u00e5ndtere for alle aldersgrupper. Det naturlige treet gir hver jojo sitt eget unike utseende, og samtidig er det et milj\u00f8vennlig alternativ til plastleker.  <\/p>\n<p>Jojoen er en perfekt giveaway for messer, arrangementer og kampanjer der du \u00f8nsker \u00e5 kombinere underholdning med et gr\u00f8nt budskap. Den er ogs\u00e5 ideell som gave til barn i barnehager, skoler eller skolefritidsordninger \u2013 et lite stykke nostalgi som oppmuntrer til lek og bevegelse.<br \/>\nProduktet kan leveres med firmalogo eller budskap trykt i opptil fire farger, og kan trykkes p\u00e5 begge sider av jojoen (trykkflate \u00d830 mm). Det gir en flott mulighet til \u00e5 skape et personlig og gjenkjennelig uttrykk som b\u00e5de sprer glede og styrker merkevaren din.  <\/p>\n<p>Velg den klassiske jojoen i tre n\u00e5r du vil gi et enkelt, b\u00e6rekraftig og minneverdig produkt som brukes \u2013 og huskes.<\/p>\n","protected":false},"excerpt":{"rendered":"<p>Denne jojoen i klassisk design er b\u00e5de morsom og b\u00e6rekraftig \u2013 en tidl\u00f8s lekeklassiker som gir glede til b\u00e5de barn og voksne. Den er laget av naturlig furu, har en vakker, glatt overflate og en lett, behagelig vekt som gj\u00f8r den enkel \u00e5 h\u00e5ndtere for alle aldersgrupper. Det naturlige treet gir hver jojo sitt eget [&hellip;]<\/p>\n","protected":false},"featured_media":53982,"comment_status":"closed","ping_status":"closed","template":"","meta":{"_acf_changed":false},"product_cat":[3199,3194],"product_tag":[4223,4233],"class_list":{"0":"post-130307","1":"product","2":"type-product","3":"status-publish","4":"has-post-thumbnail","6":"product_cat-dummy-moq-1-no","7":"product_cat-klimavennlige-firmagaver","8":"product_tag-leketoey","9":"product_tag-yoyo-no","10":"tm-has-options","12":"first","13":"instock","14":"taxable","15":"shipping-taxable","16":"purchasable","17":"product-type-simple"},"acf":[],"yoast_head":"<!-- This site is optimized with the Yoast SEO Premium plugin v21.2 (Yoast SEO v21.2) - https:\/\/yoast.com\/wordpress\/plugins\/seo\/ -->\n<title>Yoyo i klassisk design i furu - Gr\u00f8nt Kontor<\/title>\n<meta name=\"robots\" content=\"index, follow, max-snippet:-1, max-image-preview:large, max-video-preview:-1\" \/>\n<link rel=\"canonical\" href=\"https:\/\/grontkontor.dk\/no\/shop\/yoyo-i-klassisk-design-i-fyrretrae\/\" \/>\n<meta property=\"og:locale\" content=\"en_US\" \/>\n<meta property=\"og:type\" content=\"article\" \/>\n<meta property=\"og:title\" content=\"Yoyo i klassisk design i furu\" \/>\n<meta property=\"og:description\" content=\"Denne jojoen i klassisk design er b\u00e5de morsom og b\u00e6rekraftig \u2013 en tidl\u00f8s lekeklassiker som gir glede til b\u00e5de barn og voksne. Den er laget av naturlig furu, har en vakker, glatt overflate og en lett, behagelig vekt som gj\u00f8r den enkel \u00e5 h\u00e5ndtere for alle aldersgrupper. Det naturlige treet gir hver jojo sitt eget [&hellip;]\" \/>\n<meta property=\"og:url\" content=\"https:\/\/grontkontor.dk\/no\/shop\/yoyo-i-klassisk-design-i-fyrretrae\/\" \/>\n<meta property=\"og:site_name\" content=\"Gr\u00f8nt Kontor\" \/>\n<meta property=\"article:publisher\" content=\"https:\/\/www.facebook.com\/grontkontor.dk\/\" \/>\n<meta property=\"article:modified_time\" content=\"2025-11-06T08:22:20+00:00\" \/>\n<meta property=\"og:image\" content=\"https:\/\/grontkontor.dk\/wp-content\/uploads\/2020\/03\/yoyo-baeredygtigt-trae-02.jpg\" \/>\n\t<meta property=\"og:image:width\" content=\"800\" \/>\n\t<meta property=\"og:image:height\" content=\"568\" \/>\n\t<meta property=\"og:image:type\" content=\"image\/jpeg\" \/>\n<meta name=\"twitter:card\" content=\"summary_large_image\" \/>\n<meta name=\"twitter:label1\" content=\"Est. reading time\" \/>\n\t<meta name=\"twitter:data1\" content=\"1 minute\" \/>\n<script type=\"application\/ld+json\" class=\"yoast-schema-graph\">{\"@context\":\"https:\/\/schema.org\",\"@graph\":[{\"@type\":\"WebPage\",\"@id\":\"https:\/\/grontkontor.dk\/no\/shop\/yoyo-i-klassisk-design-i-fyrretrae\/\",\"url\":\"https:\/\/grontkontor.dk\/no\/shop\/yoyo-i-klassisk-design-i-fyrretrae\/\",\"name\":\"Yoyo i klassisk design i furu - Gr\u00f8nt Kontor\",\"isPartOf\":{\"@id\":\"https:\/\/grontkontor.dk\/#website\"},\"datePublished\":\"2025-10-22T12:18:33+00:00\",\"dateModified\":\"2025-11-06T08:22:20+00:00\",\"breadcrumb\":{\"@id\":\"https:\/\/grontkontor.dk\/no\/shop\/yoyo-i-klassisk-design-i-fyrretrae\/#breadcrumb\"},\"inLanguage\":\"no-NO\",\"potentialAction\":[{\"@type\":\"ReadAction\",\"target\":[\"https:\/\/grontkontor.dk\/no\/shop\/yoyo-i-klassisk-design-i-fyrretrae\/\"]}]},{\"@type\":\"BreadcrumbList\",\"@id\":\"https:\/\/grontkontor.dk\/no\/shop\/yoyo-i-klassisk-design-i-fyrretrae\/#breadcrumb\",\"itemListElement\":[{\"@type\":\"ListItem\",\"position\":1,\"name\":\"Forside\",\"item\":\"https:\/\/grontkontor.dk\/\"},{\"@type\":\"ListItem\",\"position\":2,\"name\":\"Butikk\",\"item\":\"https:\/\/grontkontor.dk\/no\/butikk-2\/\"},{\"@type\":\"ListItem\",\"position\":3,\"name\":\"Dummy MOQ 1\",\"item\":\"https:\/\/grontkontor.dk\/produkt-kategori\/dummy-moq-1\/\"},{\"@type\":\"ListItem\",\"position\":4,\"name\":\"Yoyo i klassisk design i furu\"}]},{\"@type\":\"WebSite\",\"@id\":\"https:\/\/grontkontor.dk\/#website\",\"url\":\"https:\/\/grontkontor.dk\/\",\"name\":\"Gr\u00f8nt Kontor\",\"description\":\"Milj\u00f8venlige produkter til kontor og erhverv med fokus p\u00e5 b\u00e6redygtighed, design og fair trade.\",\"publisher\":{\"@id\":\"https:\/\/grontkontor.dk\/#organization\"},\"potentialAction\":[{\"@type\":\"SearchAction\",\"target\":{\"@type\":\"EntryPoint\",\"urlTemplate\":\"https:\/\/grontkontor.dk\/?s={search_term_string}\"},\"query-input\":\"required name=search_term_string\"}],\"inLanguage\":\"no-NO\"},{\"@type\":\"Organization\",\"@id\":\"https:\/\/grontkontor.dk\/#organization\",\"name\":\"Gr\u00f8nt Kontor\",\"url\":\"https:\/\/grontkontor.dk\/\",\"logo\":{\"@type\":\"ImageObject\",\"inLanguage\":\"no-NO\",\"@id\":\"https:\/\/grontkontor.dk\/#\/schema\/logo\/image\/\",\"url\":\"https:\/\/grontkontor.dk\/wp-content\/uploads\/2014\/02\/Logo_groent_kontor_300x80.png\",\"contentUrl\":\"https:\/\/grontkontor.dk\/wp-content\/uploads\/2014\/02\/Logo_groent_kontor_300x80.png\",\"width\":300,\"height\":80,\"caption\":\"Gr\u00f8nt Kontor\"},\"image\":{\"@id\":\"https:\/\/grontkontor.dk\/#\/schema\/logo\/image\/\"},\"sameAs\":[\"https:\/\/www.facebook.com\/grontkontor.dk\/\"]}]}<\/script>\n<!-- \/ Yoast SEO Premium plugin. -->","yoast_head_json":{"title":"Yoyo i klassisk design i furu - Gr\u00f8nt Kontor","robots":{"index":"index","follow":"follow","max-snippet":"max-snippet:-1","max-image-preview":"max-image-preview:large","max-video-preview":"max-video-preview:-1"},"canonical":"https:\/\/grontkontor.dk\/no\/shop\/yoyo-i-klassisk-design-i-fyrretrae\/","og_locale":"en_US","og_type":"article","og_title":"Yoyo i klassisk design i furu","og_description":"Denne jojoen i klassisk design er b\u00e5de morsom og b\u00e6rekraftig \u2013 en tidl\u00f8s lekeklassiker som gir glede til b\u00e5de barn og voksne. Den er laget av naturlig furu, har en vakker, glatt overflate og en lett, behagelig vekt som gj\u00f8r den enkel \u00e5 h\u00e5ndtere for alle aldersgrupper. Det naturlige treet gir hver jojo sitt eget [&hellip;]","og_url":"https:\/\/grontkontor.dk\/no\/shop\/yoyo-i-klassisk-design-i-fyrretrae\/","og_site_name":"Gr\u00f8nt Kontor","article_publisher":"https:\/\/www.facebook.com\/grontkontor.dk\/","article_modified_time":"2025-11-06T08:22:20+00:00","og_image":[{"width":800,"height":568,"url":"https:\/\/grontkontor.dk\/wp-content\/uploads\/2020\/03\/yoyo-baeredygtigt-trae-02.jpg","type":"image\/jpeg"}],"twitter_card":"summary_large_image","twitter_misc":{"Est. reading time":"1 minute"},"schema":{"@context":"https:\/\/schema.org","@graph":[{"@type":"WebPage","@id":"https:\/\/grontkontor.dk\/no\/shop\/yoyo-i-klassisk-design-i-fyrretrae\/","url":"https:\/\/grontkontor.dk\/no\/shop\/yoyo-i-klassisk-design-i-fyrretrae\/","name":"Yoyo i klassisk design i furu - Gr\u00f8nt Kontor","isPartOf":{"@id":"https:\/\/grontkontor.dk\/#website"},"datePublished":"2025-10-22T12:18:33+00:00","dateModified":"2025-11-06T08:22:20+00:00","breadcrumb":{"@id":"https:\/\/grontkontor.dk\/no\/shop\/yoyo-i-klassisk-design-i-fyrretrae\/#breadcrumb"},"inLanguage":"no-NO","potentialAction":[{"@type":"ReadAction","target":["https:\/\/grontkontor.dk\/no\/shop\/yoyo-i-klassisk-design-i-fyrretrae\/"]}]},{"@type":"BreadcrumbList","@id":"https:\/\/grontkontor.dk\/no\/shop\/yoyo-i-klassisk-design-i-fyrretrae\/#breadcrumb","itemListElement":[{"@type":"ListItem","position":1,"name":"Forside","item":"https:\/\/grontkontor.dk\/"},{"@type":"ListItem","position":2,"name":"Butikk","item":"https:\/\/grontkontor.dk\/no\/butikk-2\/"},{"@type":"ListItem","position":3,"name":"Dummy MOQ 1","item":"https:\/\/grontkontor.dk\/produkt-kategori\/dummy-moq-1\/"},{"@type":"ListItem","position":4,"name":"Yoyo i klassisk design i furu"}]},{"@type":"WebSite","@id":"https:\/\/grontkontor.dk\/#website","url":"https:\/\/grontkontor.dk\/","name":"Gr\u00f8nt Kontor","description":"Milj\u00f8venlige produkter til kontor og erhverv med fokus p\u00e5 b\u00e6redygtighed, design og fair trade.","publisher":{"@id":"https:\/\/grontkontor.dk\/#organization"},"potentialAction":[{"@type":"SearchAction","target":{"@type":"EntryPoint","urlTemplate":"https:\/\/grontkontor.dk\/?s={search_term_string}"},"query-input":"required name=search_term_string"}],"inLanguage":"no-NO"},{"@type":"Organization","@id":"https:\/\/grontkontor.dk\/#organization","name":"Gr\u00f8nt Kontor","url":"https:\/\/grontkontor.dk\/","logo":{"@type":"ImageObject","inLanguage":"no-NO","@id":"https:\/\/grontkontor.dk\/#\/schema\/logo\/image\/","url":"https:\/\/grontkontor.dk\/wp-content\/uploads\/2014\/02\/Logo_groent_kontor_300x80.png","contentUrl":"https:\/\/grontkontor.dk\/wp-content\/uploads\/2014\/02\/Logo_groent_kontor_300x80.png","width":300,"height":80,"caption":"Gr\u00f8nt Kontor"},"image":{"@id":"https:\/\/grontkontor.dk\/#\/schema\/logo\/image\/"},"sameAs":["https:\/\/www.facebook.com\/grontkontor.dk\/"]}]}},"_links":{"self":[{"href":"https:\/\/grontkontor.dk\/no\/wp-json\/wp\/v2\/product\/130307"}],"collection":[{"href":"https:\/\/grontkontor.dk\/no\/wp-json\/wp\/v2\/product"}],"about":[{"href":"https:\/\/grontkontor.dk\/no\/wp-json\/wp\/v2\/types\/product"}],"replies":[{"embeddable":true,"href":"https:\/\/grontkontor.dk\/no\/wp-json\/wp\/v2\/comments?post=130307"}],"wp:featuredmedia":[{"embeddable":true,"href":"https:\/\/grontkontor.dk\/no\/wp-json\/wp\/v2\/media\/53982"}],"wp:attachment":[{"href":"https:\/\/grontkontor.dk\/no\/wp-json\/wp\/v2\/media?parent=130307"}],"wp:term":[{"taxonomy":"product_cat","embeddable":true,"href":"https:\/\/grontkontor.dk\/no\/wp-json\/wp\/v2\/product_cat?post=130307"},{"taxonomy":"product_tag","embeddable":true,"href":"https:\/\/grontkontor.dk\/no\/wp-json\/wp\/v2\/product_tag?post=130307"}],"curies":[{"name":"wp","href":"https:\/\/api.w.org\/{rel}","templated":true}]}}