{"id":130374,"date":"2025-10-24T11:47:47","date_gmt":"2025-10-24T09:47:51","guid":{"rendered":"https:\/\/grontkontor.dk\/?post_type=product&#038;p=130374"},"modified":"2025-11-06T09:22:21","modified_gmt":"2025-11-06T08:22:21","slug":"julepynt-i-papir-med-blomsterfroe-eu-stjerne","status":"publish","type":"product","link":"https:\/\/grontkontor.dk\/no\/shop\/julepynt-i-papir-med-blomsterfroe-eu-stjerne\/","title":{"rendered":"Papir julepynt med blomsterfr\u00f8 EU &#8211; stjerne"},"content":{"rendered":"<p>Milj\u00f8vennlig julestjerne laget av papir med blomsterfr\u00f8 tilsatt i forskjellige motiver. N\u00e5r sesongen er over, kan ornamenter plantes i hagen eller potten, hvor de vil spire i forskjellige villblomster. Jute suspensjon.<br \/>\nInstruksjoner for planting er angitt p\u00e5 baksiden.<\/p>\n<p>Laget i Europa.<\/p>\n<p>Dimensjoner:<\/p>\n<p>Juletre: 6,5&#215;8 cm<br \/>\nJulekule: 7&#215;8 cm<br \/>\nStjerne: 8&#215;8 cm<\/p>\n<p>[papir]<br \/>\n[jute]<\/p>\n<p>&amp;nbsp;<\/p>\n<img loading=\"lazy\" decoding=\"async\" class=\"size-medium wp-image-21008\" src=\"https:\/\/grontkontor.dk\/wp-content\/uploads\/2020\/11\/eu-flag_1-300x199.jpg\" alt=\"Fremstillet i EU\" width=\"76\" height=\"50\" srcset=\"https:\/\/grontkontor.dk\/wp-content\/uploads\/2020\/11\/eu-flag_1-300x199.jpg 300w, https:\/\/grontkontor.dk\/wp-content\/uploads\/2020\/11\/eu-flag_1.jpg 530w\" sizes=\"(max-width: 76px) 100vw, 76px\" \/>\n","protected":false},"excerpt":{"rendered":"<p>Milj\u00f8vennlig julestjerne laget av papir med blomsterfr\u00f8 tilsatt i forskjellige motiver. N\u00e5r sesongen er over, kan ornamenter plantes i hagen eller potten, hvor de vil spire i forskjellige villblomster. Jute suspensjon. Instruksjoner for planting er angitt p\u00e5 baksiden. Laget i Europa. Dimensjoner: Juletre: 6,5&#215;8 cm Julekule: 7&#215;8 cm Stjerne: 8&#215;8 cm [papir] [jute] &amp;nbsp;<\/p>\n","protected":false},"featured_media":78749,"comment_status":"closed","ping_status":"closed","template":"","meta":{"_acf_changed":false},"product_cat":[3199,4851,3194,2657],"product_tag":[4852,3661],"class_list":{"0":"post-130374","1":"product","2":"type-product","3":"status-publish","4":"has-post-thumbnail","6":"product_cat-dummy-moq-1-no","7":"product_cat-jul-og-hoeytider","8":"product_cat-klimavennlige-firmagaver","9":"product_cat-nyheter","10":"product_tag-jul-no","11":"product_tag-juledekorasjoner","12":"tm-has-options","14":"first","15":"instock","16":"taxable","17":"shipping-taxable","18":"purchasable","19":"product-type-simple"},"acf":[],"yoast_head":"<!-- This site is optimized with the Yoast SEO Premium plugin v21.2 (Yoast SEO v21.2) - https:\/\/yoast.com\/wordpress\/plugins\/seo\/ -->\n<title>Papir julepynt med blomsterfr\u00f8 EU - stjerne - Gr\u00f8nt Kontor<\/title>\n<meta name=\"robots\" content=\"index, follow, max-snippet:-1, max-image-preview:large, max-video-preview:-1\" \/>\n<link rel=\"canonical\" href=\"https:\/\/grontkontor.dk\/no\/shop\/julepynt-i-papir-med-blomsterfroe-eu-stjerne\/\" \/>\n<meta property=\"og:locale\" content=\"en_US\" \/>\n<meta property=\"og:type\" content=\"article\" \/>\n<meta property=\"og:title\" content=\"Papir julepynt med blomsterfr\u00f8 EU - stjerne\" \/>\n<meta property=\"og:description\" content=\"Milj\u00f8vennlig julestjerne laget av papir med blomsterfr\u00f8 tilsatt i forskjellige motiver. N\u00e5r sesongen er over, kan ornamenter plantes i hagen eller potten, hvor de vil spire i forskjellige villblomster. Jute suspensjon. Instruksjoner for planting er angitt p\u00e5 baksiden. Laget i Europa. Dimensjoner: Juletre: 6,5&#215;8 cm Julekule: 7&#215;8 cm Stjerne: 8&#215;8 cm [papir] [jute] &amp;nbsp;\" \/>\n<meta property=\"og:url\" content=\"https:\/\/grontkontor.dk\/no\/shop\/julepynt-i-papir-med-blomsterfroe-eu-stjerne\/\" \/>\n<meta property=\"og:site_name\" content=\"Gr\u00f8nt Kontor\" \/>\n<meta property=\"article:publisher\" content=\"https:\/\/www.facebook.com\/grontkontor.dk\/\" \/>\n<meta property=\"article:modified_time\" content=\"2025-11-06T08:22:21+00:00\" \/>\n<meta property=\"og:image\" content=\"https:\/\/grontkontor.dk\/wp-content\/uploads\/2023\/10\/Miljoevenligt-julepynt-i-papir-med-blomsterfroe-stjerne.jpg\" \/>\n\t<meta property=\"og:image:width\" content=\"900\" \/>\n\t<meta property=\"og:image:height\" content=\"639\" \/>\n\t<meta property=\"og:image:type\" content=\"image\/jpeg\" \/>\n<meta name=\"twitter:card\" content=\"summary_large_image\" \/>\n<script type=\"application\/ld+json\" class=\"yoast-schema-graph\">{\"@context\":\"https:\/\/schema.org\",\"@graph\":[{\"@type\":\"WebPage\",\"@id\":\"https:\/\/grontkontor.dk\/no\/shop\/julepynt-i-papir-med-blomsterfroe-eu-stjerne\/\",\"url\":\"https:\/\/grontkontor.dk\/no\/shop\/julepynt-i-papir-med-blomsterfroe-eu-stjerne\/\",\"name\":\"Papir julepynt med blomsterfr\u00f8 EU - stjerne - Gr\u00f8nt Kontor\",\"isPartOf\":{\"@id\":\"https:\/\/grontkontor.dk\/#website\"},\"datePublished\":\"2025-10-24T09:47:51+00:00\",\"dateModified\":\"2025-11-06T08:22:21+00:00\",\"breadcrumb\":{\"@id\":\"https:\/\/grontkontor.dk\/no\/shop\/julepynt-i-papir-med-blomsterfroe-eu-stjerne\/#breadcrumb\"},\"inLanguage\":\"no-NO\",\"potentialAction\":[{\"@type\":\"ReadAction\",\"target\":[\"https:\/\/grontkontor.dk\/no\/shop\/julepynt-i-papir-med-blomsterfroe-eu-stjerne\/\"]}]},{\"@type\":\"BreadcrumbList\",\"@id\":\"https:\/\/grontkontor.dk\/no\/shop\/julepynt-i-papir-med-blomsterfroe-eu-stjerne\/#breadcrumb\",\"itemListElement\":[{\"@type\":\"ListItem\",\"position\":1,\"name\":\"Forside\",\"item\":\"https:\/\/grontkontor.dk\/\"},{\"@type\":\"ListItem\",\"position\":2,\"name\":\"Butikk\",\"item\":\"https:\/\/grontkontor.dk\/no\/butikk-2\/\"},{\"@type\":\"ListItem\",\"position\":3,\"name\":\"Jul og h\u00f8jtid\",\"item\":\"https:\/\/grontkontor.dk\/produkt-kategori\/jul-og-hoejtid\/\"},{\"@type\":\"ListItem\",\"position\":4,\"name\":\"Papir julepynt med blomsterfr\u00f8 EU &#8211; stjerne\"}]},{\"@type\":\"WebSite\",\"@id\":\"https:\/\/grontkontor.dk\/#website\",\"url\":\"https:\/\/grontkontor.dk\/\",\"name\":\"Gr\u00f8nt Kontor\",\"description\":\"Milj\u00f8venlige produkter til kontor og erhverv med fokus p\u00e5 b\u00e6redygtighed, design og fair trade.\",\"publisher\":{\"@id\":\"https:\/\/grontkontor.dk\/#organization\"},\"potentialAction\":[{\"@type\":\"SearchAction\",\"target\":{\"@type\":\"EntryPoint\",\"urlTemplate\":\"https:\/\/grontkontor.dk\/?s={search_term_string}\"},\"query-input\":\"required name=search_term_string\"}],\"inLanguage\":\"no-NO\"},{\"@type\":\"Organization\",\"@id\":\"https:\/\/grontkontor.dk\/#organization\",\"name\":\"Gr\u00f8nt Kontor\",\"url\":\"https:\/\/grontkontor.dk\/\",\"logo\":{\"@type\":\"ImageObject\",\"inLanguage\":\"no-NO\",\"@id\":\"https:\/\/grontkontor.dk\/#\/schema\/logo\/image\/\",\"url\":\"https:\/\/grontkontor.dk\/wp-content\/uploads\/2014\/02\/Logo_groent_kontor_300x80.png\",\"contentUrl\":\"https:\/\/grontkontor.dk\/wp-content\/uploads\/2014\/02\/Logo_groent_kontor_300x80.png\",\"width\":300,\"height\":80,\"caption\":\"Gr\u00f8nt Kontor\"},\"image\":{\"@id\":\"https:\/\/grontkontor.dk\/#\/schema\/logo\/image\/\"},\"sameAs\":[\"https:\/\/www.facebook.com\/grontkontor.dk\/\"]}]}<\/script>\n<!-- \/ Yoast SEO Premium plugin. -->","yoast_head_json":{"title":"Papir julepynt med blomsterfr\u00f8 EU - stjerne - Gr\u00f8nt Kontor","robots":{"index":"index","follow":"follow","max-snippet":"max-snippet:-1","max-image-preview":"max-image-preview:large","max-video-preview":"max-video-preview:-1"},"canonical":"https:\/\/grontkontor.dk\/no\/shop\/julepynt-i-papir-med-blomsterfroe-eu-stjerne\/","og_locale":"en_US","og_type":"article","og_title":"Papir julepynt med blomsterfr\u00f8 EU - stjerne","og_description":"Milj\u00f8vennlig julestjerne laget av papir med blomsterfr\u00f8 tilsatt i forskjellige motiver. N\u00e5r sesongen er over, kan ornamenter plantes i hagen eller potten, hvor de vil spire i forskjellige villblomster. Jute suspensjon. Instruksjoner for planting er angitt p\u00e5 baksiden. Laget i Europa. Dimensjoner: Juletre: 6,5&#215;8 cm Julekule: 7&#215;8 cm Stjerne: 8&#215;8 cm [papir] [jute] &amp;nbsp;","og_url":"https:\/\/grontkontor.dk\/no\/shop\/julepynt-i-papir-med-blomsterfroe-eu-stjerne\/","og_site_name":"Gr\u00f8nt Kontor","article_publisher":"https:\/\/www.facebook.com\/grontkontor.dk\/","article_modified_time":"2025-11-06T08:22:21+00:00","og_image":[{"width":900,"height":639,"url":"https:\/\/grontkontor.dk\/wp-content\/uploads\/2023\/10\/Miljoevenligt-julepynt-i-papir-med-blomsterfroe-stjerne.jpg","type":"image\/jpeg"}],"twitter_card":"summary_large_image","schema":{"@context":"https:\/\/schema.org","@graph":[{"@type":"WebPage","@id":"https:\/\/grontkontor.dk\/no\/shop\/julepynt-i-papir-med-blomsterfroe-eu-stjerne\/","url":"https:\/\/grontkontor.dk\/no\/shop\/julepynt-i-papir-med-blomsterfroe-eu-stjerne\/","name":"Papir julepynt med blomsterfr\u00f8 EU - stjerne - Gr\u00f8nt Kontor","isPartOf":{"@id":"https:\/\/grontkontor.dk\/#website"},"datePublished":"2025-10-24T09:47:51+00:00","dateModified":"2025-11-06T08:22:21+00:00","breadcrumb":{"@id":"https:\/\/grontkontor.dk\/no\/shop\/julepynt-i-papir-med-blomsterfroe-eu-stjerne\/#breadcrumb"},"inLanguage":"no-NO","potentialAction":[{"@type":"ReadAction","target":["https:\/\/grontkontor.dk\/no\/shop\/julepynt-i-papir-med-blomsterfroe-eu-stjerne\/"]}]},{"@type":"BreadcrumbList","@id":"https:\/\/grontkontor.dk\/no\/shop\/julepynt-i-papir-med-blomsterfroe-eu-stjerne\/#breadcrumb","itemListElement":[{"@type":"ListItem","position":1,"name":"Forside","item":"https:\/\/grontkontor.dk\/"},{"@type":"ListItem","position":2,"name":"Butikk","item":"https:\/\/grontkontor.dk\/no\/butikk-2\/"},{"@type":"ListItem","position":3,"name":"Jul og h\u00f8jtid","item":"https:\/\/grontkontor.dk\/produkt-kategori\/jul-og-hoejtid\/"},{"@type":"ListItem","position":4,"name":"Papir julepynt med blomsterfr\u00f8 EU &#8211; stjerne"}]},{"@type":"WebSite","@id":"https:\/\/grontkontor.dk\/#website","url":"https:\/\/grontkontor.dk\/","name":"Gr\u00f8nt Kontor","description":"Milj\u00f8venlige produkter til kontor og erhverv med fokus p\u00e5 b\u00e6redygtighed, design og fair trade.","publisher":{"@id":"https:\/\/grontkontor.dk\/#organization"},"potentialAction":[{"@type":"SearchAction","target":{"@type":"EntryPoint","urlTemplate":"https:\/\/grontkontor.dk\/?s={search_term_string}"},"query-input":"required name=search_term_string"}],"inLanguage":"no-NO"},{"@type":"Organization","@id":"https:\/\/grontkontor.dk\/#organization","name":"Gr\u00f8nt Kontor","url":"https:\/\/grontkontor.dk\/","logo":{"@type":"ImageObject","inLanguage":"no-NO","@id":"https:\/\/grontkontor.dk\/#\/schema\/logo\/image\/","url":"https:\/\/grontkontor.dk\/wp-content\/uploads\/2014\/02\/Logo_groent_kontor_300x80.png","contentUrl":"https:\/\/grontkontor.dk\/wp-content\/uploads\/2014\/02\/Logo_groent_kontor_300x80.png","width":300,"height":80,"caption":"Gr\u00f8nt Kontor"},"image":{"@id":"https:\/\/grontkontor.dk\/#\/schema\/logo\/image\/"},"sameAs":["https:\/\/www.facebook.com\/grontkontor.dk\/"]}]}},"_links":{"self":[{"href":"https:\/\/grontkontor.dk\/no\/wp-json\/wp\/v2\/product\/130374"}],"collection":[{"href":"https:\/\/grontkontor.dk\/no\/wp-json\/wp\/v2\/product"}],"about":[{"href":"https:\/\/grontkontor.dk\/no\/wp-json\/wp\/v2\/types\/product"}],"replies":[{"embeddable":true,"href":"https:\/\/grontkontor.dk\/no\/wp-json\/wp\/v2\/comments?post=130374"}],"wp:featuredmedia":[{"embeddable":true,"href":"https:\/\/grontkontor.dk\/no\/wp-json\/wp\/v2\/media\/78749"}],"wp:attachment":[{"href":"https:\/\/grontkontor.dk\/no\/wp-json\/wp\/v2\/media?parent=130374"}],"wp:term":[{"taxonomy":"product_cat","embeddable":true,"href":"https:\/\/grontkontor.dk\/no\/wp-json\/wp\/v2\/product_cat?post=130374"},{"taxonomy":"product_tag","embeddable":true,"href":"https:\/\/grontkontor.dk\/no\/wp-json\/wp\/v2\/product_tag?post=130374"}],"curies":[{"name":"wp","href":"https:\/\/api.w.org\/{rel}","templated":true}]}}