{"id":130401,"date":"2025-10-27T13:15:26","date_gmt":"2025-10-27T12:15:29","guid":{"rendered":"https:\/\/grontkontor.dk\/?post_type=product&#038;p=130401"},"modified":"2025-11-03T09:59:08","modified_gmt":"2025-11-03T08:59:08","slug":"cykellygtesaet","status":"publish","type":"product","link":"https:\/\/grontkontor.dk\/no\/shop\/cykellygtesaet\/","title":{"rendered":"Sykkellyssett med eller uten logotrykk"},"content":{"rendered":"<p data-start=\"294\" data-end=\"533\">\u00d8k synligheten p\u00e5 veien med dette praktiske sykkellyktsettet med eller uten logotrykk. Settet best\u00e5r av to LED-lys \u2013 ett for frontlyset og ett for baklyset \u2013 som s\u00f8rger for god belysning og \u00f8kt sikkerhet under b\u00e5de dag- og kveldskj\u00f8ring. <\/p>\n<p data-start=\"535\" data-end=\"780\">Hvert lys har to lysmoduser: et konstant lys og et blinkende lys, slik at du kan velge den innstillingen som passer best for dine behov og omgivelser. Lysene drives av knappcellebatterier (inkludert), s\u00e5 de er klare til bruk rett ut av esken. <\/p>\n<p data-start=\"782\" data-end=\"1024\">Sykkellysene leveres i et slagfast etui med magnetisk lukking, som beskytter lysene under lagring eller transport. Deres kompakte st\u00f8rrelse og lette design gj\u00f8r dem enkle \u00e5 montere p\u00e5 styret eller setepinnen \u2013 ingen verkt\u00f8y kreves. <\/p>\n<p data-start=\"1026\" data-end=\"1361\">Dette sykkellyssettet er ideelt for b\u00e5de privat bruk, arrangementer eller som firmagave. Du kan velge settet med eller uten logotrykk for \u00e5 passe din bedrifts profil og visuelle identitet. Et logotrykk p\u00e5 etuiet eller lysene gj\u00f8r settet til en funksjonell reklameartikkel som kunder og ansatte vil ha glede av i mange \u00e5r.  <\/p>\n<p>Settet er ikke spesielt milj\u00f8vennlig, men er et uttrykk for v\u00e5rt \u00f8nske om \u00e5 betjene syklistene p\u00e5 best mulig m\u00e5te.<\/p>\n<p>&nbsp;<\/p>\n","protected":false},"excerpt":{"rendered":"<p>\u00d8k synligheten p\u00e5 veien med dette praktiske sykkellyktsettet med eller uten logotrykk. Settet best\u00e5r av to LED-lys \u2013 ett for frontlyset og ett for baklyset \u2013 som s\u00f8rger for god belysning og \u00f8kt sikkerhet under b\u00e5de dag- og kveldskj\u00f8ring. Hvert lys har to lysmoduser: et konstant lys og et blinkende lys, slik at du kan [&hellip;]<\/p>\n","protected":false},"featured_media":130407,"comment_status":"closed","ping_status":"closed","template":"","meta":{"_acf_changed":false},"product_cat":[3199],"product_tag":[],"class_list":{"0":"post-130401","1":"product","2":"type-product","3":"status-publish","4":"has-post-thumbnail","6":"product_cat-dummy-moq-1-no","7":"tm-has-options","9":"first","10":"instock","11":"taxable","12":"shipping-taxable","13":"purchasable","14":"product-type-simple"},"acf":[],"yoast_head":"<!-- This site is optimized with the Yoast SEO Premium plugin v21.2 (Yoast SEO v21.2) - https:\/\/yoast.com\/wordpress\/plugins\/seo\/ -->\n<title>Sykkellyssett med eller uten logotrykk<\/title>\n<meta name=\"description\" content=\"Sykkellyssett med eller uten logotrykk. 2 LED-lys med faste og blinkende lys, levert i et solid etui med batterier inkludert.\" \/>\n<meta name=\"robots\" content=\"index, follow, max-snippet:-1, max-image-preview:large, max-video-preview:-1\" \/>\n<link rel=\"canonical\" href=\"https:\/\/grontkontor.dk\/no\/shop\/cykellygtesaet\/\" \/>\n<meta property=\"og:locale\" content=\"en_US\" \/>\n<meta property=\"og:type\" content=\"article\" \/>\n<meta property=\"og:title\" content=\"Sykkellyssett med eller uten logotrykk\" \/>\n<meta property=\"og:description\" content=\"Sykkellyssett med eller uten logotrykk. 2 LED-lys med faste og blinkende lys, levert i et solid etui med batterier inkludert.\" \/>\n<meta property=\"og:url\" content=\"https:\/\/grontkontor.dk\/no\/shop\/cykellygtesaet\/\" \/>\n<meta property=\"og:site_name\" content=\"Gr\u00f8nt Kontor\" \/>\n<meta property=\"article:publisher\" content=\"https:\/\/www.facebook.com\/grontkontor.dk\/\" \/>\n<meta property=\"article:modified_time\" content=\"2025-11-03T08:59:08+00:00\" \/>\n<meta property=\"og:image\" content=\"https:\/\/grontkontor.dk\/wp-content\/uploads\/2025\/10\/Cykellygtesaet-med-eller-uden-logotryk.jpg\" \/>\n\t<meta property=\"og:image:width\" content=\"900\" \/>\n\t<meta property=\"og:image:height\" content=\"639\" \/>\n\t<meta property=\"og:image:type\" content=\"image\/jpeg\" \/>\n<meta name=\"twitter:card\" content=\"summary_large_image\" \/>\n<meta name=\"twitter:label1\" content=\"Est. reading time\" \/>\n\t<meta name=\"twitter:data1\" content=\"1 minute\" \/>\n<script type=\"application\/ld+json\" class=\"yoast-schema-graph\">{\"@context\":\"https:\/\/schema.org\",\"@graph\":[{\"@type\":\"WebPage\",\"@id\":\"https:\/\/grontkontor.dk\/no\/shop\/cykellygtesaet\/\",\"url\":\"https:\/\/grontkontor.dk\/no\/shop\/cykellygtesaet\/\",\"name\":\"Sykkellyssett med eller uten logotrykk\",\"isPartOf\":{\"@id\":\"https:\/\/grontkontor.dk\/#website\"},\"datePublished\":\"2025-10-27T12:15:29+00:00\",\"dateModified\":\"2025-11-03T08:59:08+00:00\",\"description\":\"Sykkellyssett med eller uten logotrykk. 2 LED-lys med faste og blinkende lys, levert i et solid etui med batterier inkludert.\",\"breadcrumb\":{\"@id\":\"https:\/\/grontkontor.dk\/no\/shop\/cykellygtesaet\/#breadcrumb\"},\"inLanguage\":\"no-NO\",\"potentialAction\":[{\"@type\":\"ReadAction\",\"target\":[\"https:\/\/grontkontor.dk\/no\/shop\/cykellygtesaet\/\"]}]},{\"@type\":\"BreadcrumbList\",\"@id\":\"https:\/\/grontkontor.dk\/no\/shop\/cykellygtesaet\/#breadcrumb\",\"itemListElement\":[{\"@type\":\"ListItem\",\"position\":1,\"name\":\"Forside\",\"item\":\"https:\/\/grontkontor.dk\/\"},{\"@type\":\"ListItem\",\"position\":2,\"name\":\"Butikk\",\"item\":\"https:\/\/grontkontor.dk\/no\/butikk-2\/\"},{\"@type\":\"ListItem\",\"position\":3,\"name\":\"Dummy MOQ 1\",\"item\":\"https:\/\/grontkontor.dk\/produkt-kategori\/dummy-moq-1\/\"},{\"@type\":\"ListItem\",\"position\":4,\"name\":\"Sykkellyssett med eller uten logotrykk\"}]},{\"@type\":\"WebSite\",\"@id\":\"https:\/\/grontkontor.dk\/#website\",\"url\":\"https:\/\/grontkontor.dk\/\",\"name\":\"Gr\u00f8nt Kontor\",\"description\":\"Milj\u00f8venlige produkter til kontor og erhverv med fokus p\u00e5 b\u00e6redygtighed, design og fair trade.\",\"publisher\":{\"@id\":\"https:\/\/grontkontor.dk\/#organization\"},\"potentialAction\":[{\"@type\":\"SearchAction\",\"target\":{\"@type\":\"EntryPoint\",\"urlTemplate\":\"https:\/\/grontkontor.dk\/?s={search_term_string}\"},\"query-input\":\"required name=search_term_string\"}],\"inLanguage\":\"no-NO\"},{\"@type\":\"Organization\",\"@id\":\"https:\/\/grontkontor.dk\/#organization\",\"name\":\"Gr\u00f8nt Kontor\",\"url\":\"https:\/\/grontkontor.dk\/\",\"logo\":{\"@type\":\"ImageObject\",\"inLanguage\":\"no-NO\",\"@id\":\"https:\/\/grontkontor.dk\/#\/schema\/logo\/image\/\",\"url\":\"https:\/\/grontkontor.dk\/wp-content\/uploads\/2014\/02\/Logo_groent_kontor_300x80.png\",\"contentUrl\":\"https:\/\/grontkontor.dk\/wp-content\/uploads\/2014\/02\/Logo_groent_kontor_300x80.png\",\"width\":300,\"height\":80,\"caption\":\"Gr\u00f8nt Kontor\"},\"image\":{\"@id\":\"https:\/\/grontkontor.dk\/#\/schema\/logo\/image\/\"},\"sameAs\":[\"https:\/\/www.facebook.com\/grontkontor.dk\/\"]}]}<\/script>\n<!-- \/ Yoast SEO Premium plugin. -->","yoast_head_json":{"title":"Sykkellyssett med eller uten logotrykk","description":"Sykkellyssett med eller uten logotrykk. 2 LED-lys med faste og blinkende lys, levert i et solid etui med batterier inkludert.","robots":{"index":"index","follow":"follow","max-snippet":"max-snippet:-1","max-image-preview":"max-image-preview:large","max-video-preview":"max-video-preview:-1"},"canonical":"https:\/\/grontkontor.dk\/no\/shop\/cykellygtesaet\/","og_locale":"en_US","og_type":"article","og_title":"Sykkellyssett med eller uten logotrykk","og_description":"Sykkellyssett med eller uten logotrykk. 2 LED-lys med faste og blinkende lys, levert i et solid etui med batterier inkludert.","og_url":"https:\/\/grontkontor.dk\/no\/shop\/cykellygtesaet\/","og_site_name":"Gr\u00f8nt Kontor","article_publisher":"https:\/\/www.facebook.com\/grontkontor.dk\/","article_modified_time":"2025-11-03T08:59:08+00:00","og_image":[{"width":900,"height":639,"url":"https:\/\/grontkontor.dk\/wp-content\/uploads\/2025\/10\/Cykellygtesaet-med-eller-uden-logotryk.jpg","type":"image\/jpeg"}],"twitter_card":"summary_large_image","twitter_misc":{"Est. reading time":"1 minute"},"schema":{"@context":"https:\/\/schema.org","@graph":[{"@type":"WebPage","@id":"https:\/\/grontkontor.dk\/no\/shop\/cykellygtesaet\/","url":"https:\/\/grontkontor.dk\/no\/shop\/cykellygtesaet\/","name":"Sykkellyssett med eller uten logotrykk","isPartOf":{"@id":"https:\/\/grontkontor.dk\/#website"},"datePublished":"2025-10-27T12:15:29+00:00","dateModified":"2025-11-03T08:59:08+00:00","description":"Sykkellyssett med eller uten logotrykk. 2 LED-lys med faste og blinkende lys, levert i et solid etui med batterier inkludert.","breadcrumb":{"@id":"https:\/\/grontkontor.dk\/no\/shop\/cykellygtesaet\/#breadcrumb"},"inLanguage":"no-NO","potentialAction":[{"@type":"ReadAction","target":["https:\/\/grontkontor.dk\/no\/shop\/cykellygtesaet\/"]}]},{"@type":"BreadcrumbList","@id":"https:\/\/grontkontor.dk\/no\/shop\/cykellygtesaet\/#breadcrumb","itemListElement":[{"@type":"ListItem","position":1,"name":"Forside","item":"https:\/\/grontkontor.dk\/"},{"@type":"ListItem","position":2,"name":"Butikk","item":"https:\/\/grontkontor.dk\/no\/butikk-2\/"},{"@type":"ListItem","position":3,"name":"Dummy MOQ 1","item":"https:\/\/grontkontor.dk\/produkt-kategori\/dummy-moq-1\/"},{"@type":"ListItem","position":4,"name":"Sykkellyssett med eller uten logotrykk"}]},{"@type":"WebSite","@id":"https:\/\/grontkontor.dk\/#website","url":"https:\/\/grontkontor.dk\/","name":"Gr\u00f8nt Kontor","description":"Milj\u00f8venlige produkter til kontor og erhverv med fokus p\u00e5 b\u00e6redygtighed, design og fair trade.","publisher":{"@id":"https:\/\/grontkontor.dk\/#organization"},"potentialAction":[{"@type":"SearchAction","target":{"@type":"EntryPoint","urlTemplate":"https:\/\/grontkontor.dk\/?s={search_term_string}"},"query-input":"required name=search_term_string"}],"inLanguage":"no-NO"},{"@type":"Organization","@id":"https:\/\/grontkontor.dk\/#organization","name":"Gr\u00f8nt Kontor","url":"https:\/\/grontkontor.dk\/","logo":{"@type":"ImageObject","inLanguage":"no-NO","@id":"https:\/\/grontkontor.dk\/#\/schema\/logo\/image\/","url":"https:\/\/grontkontor.dk\/wp-content\/uploads\/2014\/02\/Logo_groent_kontor_300x80.png","contentUrl":"https:\/\/grontkontor.dk\/wp-content\/uploads\/2014\/02\/Logo_groent_kontor_300x80.png","width":300,"height":80,"caption":"Gr\u00f8nt Kontor"},"image":{"@id":"https:\/\/grontkontor.dk\/#\/schema\/logo\/image\/"},"sameAs":["https:\/\/www.facebook.com\/grontkontor.dk\/"]}]}},"_links":{"self":[{"href":"https:\/\/grontkontor.dk\/no\/wp-json\/wp\/v2\/product\/130401"}],"collection":[{"href":"https:\/\/grontkontor.dk\/no\/wp-json\/wp\/v2\/product"}],"about":[{"href":"https:\/\/grontkontor.dk\/no\/wp-json\/wp\/v2\/types\/product"}],"replies":[{"embeddable":true,"href":"https:\/\/grontkontor.dk\/no\/wp-json\/wp\/v2\/comments?post=130401"}],"wp:featuredmedia":[{"embeddable":true,"href":"https:\/\/grontkontor.dk\/no\/wp-json\/wp\/v2\/media\/130407"}],"wp:attachment":[{"href":"https:\/\/grontkontor.dk\/no\/wp-json\/wp\/v2\/media?parent=130401"}],"wp:term":[{"taxonomy":"product_cat","embeddable":true,"href":"https:\/\/grontkontor.dk\/no\/wp-json\/wp\/v2\/product_cat?post=130401"},{"taxonomy":"product_tag","embeddable":true,"href":"https:\/\/grontkontor.dk\/no\/wp-json\/wp\/v2\/product_tag?post=130401"}],"curies":[{"name":"wp","href":"https:\/\/api.w.org\/{rel}","templated":true}]}}