{"id":130476,"date":"2025-10-28T13:03:47","date_gmt":"2025-10-28T12:03:48","guid":{"rendered":"https:\/\/grontkontor.dk\/?post_type=product&#038;p=130476"},"modified":"2025-11-03T09:50:18","modified_gmt":"2025-11-03T08:50:18","slug":"julepynt-i-trae-med-granfroe-julekugle-eu","status":"publish","type":"product","link":"https:\/\/grontkontor.dk\/no\/shop\/julepynt-i-trae-med-granfroe-julekugle-eu\/","title":{"rendered":"Julepynt i tre med granfr\u00f8 &#8211; Julekule EU"},"content":{"rendered":"<p>Pynt til jul med eleganse og ansvarlighet med klimavennlig julepynt produsert i EU. Denne vakre julekulen er et milj\u00f8vennlig alternativ til konvensjonelle plastdekorasjoner, laget med b\u00e5de design og planeten i tankene. Julekulen er laget av naturlig tre, et fornybart materiale som gir juletreet ditt et varmt, tidl\u00f8st og autentisk utseende. Den glatte finishen og den klassiske runde formen gj\u00f8r den til et allsidig element i enhver juledekorasjon.   <\/p>\n<p>Klimavennlig julepynt produsert i Europa understreker et sterkt budskap om kvalitet og lokal produksjon. Ved \u00e5 v\u00e6re produsert i EU sikrer vi at produktet oppfyller h\u00f8ye krav til b\u00e5de milj\u00f8 og arbeidsmilj\u00f8. Ballen er utstyrt med en rustikk snor for oppheng, som fullf\u00f8rer det naturlige utseendet. Denne kulen er et lite, men viktig skritt mot en mer klimavennlig og ansvarlig jul.   <\/p>\n<p>Julekulen er den perfekte gaven til ansatte, kunder eller som en del av en firmagave. Den kan enkelt tilpasses med utskrift eller gravering av logoen din, noe som gj\u00f8r den til et minneverdig og milj\u00f8vennlig stykke julepynt. Velg disse pyntene for \u00e5 forene stil, tradisjon og etisk produksjon i julefeiringen.  <\/p>\n<p>[jute]<\/p>\n<img loading=\"lazy\" decoding=\"async\" class=\"size-medium wp-image-21008\" src=\"https:\/\/grontkontor.dk\/wp-content\/uploads\/2020\/11\/eu-flag_1-300x199.jpg\" alt=\"Fremstillet i EU\" width=\"76\" height=\"50\" srcset=\"https:\/\/grontkontor.dk\/wp-content\/uploads\/2020\/11\/eu-flag_1-300x199.jpg 300w, https:\/\/grontkontor.dk\/wp-content\/uploads\/2020\/11\/eu-flag_1.jpg 530w\" sizes=\"(max-width: 76px) 100vw, 76px\" \/>\n","protected":false},"excerpt":{"rendered":"<p>Pynt til jul med eleganse og ansvarlighet med klimavennlig julepynt produsert i EU. Denne vakre julekulen er et milj\u00f8vennlig alternativ til konvensjonelle plastdekorasjoner, laget med b\u00e5de design og planeten i tankene. Julekulen er laget av naturlig tre, et fornybart materiale som gir juletreet ditt et varmt, tidl\u00f8st og autentisk utseende. Den glatte finishen og den [&hellip;]<\/p>\n","protected":false},"featured_media":130480,"comment_status":"closed","ping_status":"closed","template":"","meta":{"_acf_changed":false},"product_cat":[3199,4851,3194,2657],"product_tag":[4852,3661],"class_list":{"0":"post-130476","1":"product","2":"type-product","3":"status-publish","4":"has-post-thumbnail","6":"product_cat-dummy-moq-1-no","7":"product_cat-jul-og-hoeytider","8":"product_cat-klimavennlige-firmagaver","9":"product_cat-nyheter","10":"product_tag-jul-no","11":"product_tag-juledekorasjoner","12":"tm-has-options","14":"first","15":"instock","16":"taxable","17":"shipping-taxable","18":"purchasable","19":"product-type-simple"},"acf":[],"yoast_head":"<!-- This site is optimized with the Yoast SEO Premium plugin v21.2 (Yoast SEO v21.2) - https:\/\/yoast.com\/wordpress\/plugins\/seo\/ -->\n<title>Klimavennlig julepynt produsert i EU<\/title>\n<meta name=\"description\" content=\"Kj\u00f8p klimavennlig julepynt laget i EU. V\u00e5r julekule i tre er et milj\u00f8vennlig og holdbart valg. Perfekt til juletreet eller som en klimavennlig firmagave.\" \/>\n<meta name=\"robots\" content=\"index, follow, max-snippet:-1, max-image-preview:large, max-video-preview:-1\" \/>\n<link rel=\"canonical\" href=\"https:\/\/grontkontor.dk\/no\/shop\/julepynt-i-trae-med-granfroe-julekugle-eu\/\" \/>\n<meta property=\"og:locale\" content=\"en_US\" \/>\n<meta property=\"og:type\" content=\"article\" \/>\n<meta property=\"og:title\" content=\"Julepynt i tre med granfr\u00f8 - Julekule EU\" \/>\n<meta property=\"og:description\" content=\"Kj\u00f8p klimavennlig julepynt laget i EU. V\u00e5r julekule i tre er et milj\u00f8vennlig og holdbart valg. Perfekt til juletreet eller som en klimavennlig firmagave.\" \/>\n<meta property=\"og:url\" content=\"https:\/\/grontkontor.dk\/no\/shop\/julepynt-i-trae-med-granfroe-julekugle-eu\/\" \/>\n<meta property=\"og:site_name\" content=\"Gr\u00f8nt Kontor\" \/>\n<meta property=\"article:publisher\" content=\"https:\/\/www.facebook.com\/grontkontor.dk\/\" \/>\n<meta property=\"article:modified_time\" content=\"2025-11-03T08:50:18+00:00\" \/>\n<meta property=\"og:image\" content=\"https:\/\/grontkontor.dk\/wp-content\/uploads\/2025\/10\/Klimavenligt-julepynt-produceret-i-EU.jpg\" \/>\n\t<meta property=\"og:image:width\" content=\"900\" \/>\n\t<meta property=\"og:image:height\" content=\"639\" \/>\n\t<meta property=\"og:image:type\" content=\"image\/jpeg\" \/>\n<meta name=\"twitter:card\" content=\"summary_large_image\" \/>\n<meta name=\"twitter:label1\" content=\"Est. reading time\" \/>\n\t<meta name=\"twitter:data1\" content=\"1 minute\" \/>\n<script type=\"application\/ld+json\" class=\"yoast-schema-graph\">{\"@context\":\"https:\/\/schema.org\",\"@graph\":[{\"@type\":\"WebPage\",\"@id\":\"https:\/\/grontkontor.dk\/no\/shop\/julepynt-i-trae-med-granfroe-julekugle-eu\/\",\"url\":\"https:\/\/grontkontor.dk\/no\/shop\/julepynt-i-trae-med-granfroe-julekugle-eu\/\",\"name\":\"Klimavennlig julepynt produsert i EU\",\"isPartOf\":{\"@id\":\"https:\/\/grontkontor.dk\/#website\"},\"datePublished\":\"2025-10-28T12:03:48+00:00\",\"dateModified\":\"2025-11-03T08:50:18+00:00\",\"description\":\"Kj\u00f8p klimavennlig julepynt laget i EU. V\u00e5r julekule i tre er et milj\u00f8vennlig og holdbart valg. Perfekt til juletreet eller som en klimavennlig firmagave.\",\"breadcrumb\":{\"@id\":\"https:\/\/grontkontor.dk\/no\/shop\/julepynt-i-trae-med-granfroe-julekugle-eu\/#breadcrumb\"},\"inLanguage\":\"no-NO\",\"potentialAction\":[{\"@type\":\"ReadAction\",\"target\":[\"https:\/\/grontkontor.dk\/no\/shop\/julepynt-i-trae-med-granfroe-julekugle-eu\/\"]}]},{\"@type\":\"BreadcrumbList\",\"@id\":\"https:\/\/grontkontor.dk\/no\/shop\/julepynt-i-trae-med-granfroe-julekugle-eu\/#breadcrumb\",\"itemListElement\":[{\"@type\":\"ListItem\",\"position\":1,\"name\":\"Forside\",\"item\":\"https:\/\/grontkontor.dk\/\"},{\"@type\":\"ListItem\",\"position\":2,\"name\":\"Butikk\",\"item\":\"https:\/\/grontkontor.dk\/no\/butikk-2\/\"},{\"@type\":\"ListItem\",\"position\":3,\"name\":\"Klimavenlige firmagaver\",\"item\":\"https:\/\/grontkontor.dk\/produkt-kategori\/klimavenlige-firmagaver\/\"},{\"@type\":\"ListItem\",\"position\":4,\"name\":\"Julepynt i tre med granfr\u00f8 &#8211; Julekule EU\"}]},{\"@type\":\"WebSite\",\"@id\":\"https:\/\/grontkontor.dk\/#website\",\"url\":\"https:\/\/grontkontor.dk\/\",\"name\":\"Gr\u00f8nt Kontor\",\"description\":\"Milj\u00f8venlige produkter til kontor og erhverv med fokus p\u00e5 b\u00e6redygtighed, design og fair trade.\",\"publisher\":{\"@id\":\"https:\/\/grontkontor.dk\/#organization\"},\"potentialAction\":[{\"@type\":\"SearchAction\",\"target\":{\"@type\":\"EntryPoint\",\"urlTemplate\":\"https:\/\/grontkontor.dk\/?s={search_term_string}\"},\"query-input\":\"required name=search_term_string\"}],\"inLanguage\":\"no-NO\"},{\"@type\":\"Organization\",\"@id\":\"https:\/\/grontkontor.dk\/#organization\",\"name\":\"Gr\u00f8nt Kontor\",\"url\":\"https:\/\/grontkontor.dk\/\",\"logo\":{\"@type\":\"ImageObject\",\"inLanguage\":\"no-NO\",\"@id\":\"https:\/\/grontkontor.dk\/#\/schema\/logo\/image\/\",\"url\":\"https:\/\/grontkontor.dk\/wp-content\/uploads\/2014\/02\/Logo_groent_kontor_300x80.png\",\"contentUrl\":\"https:\/\/grontkontor.dk\/wp-content\/uploads\/2014\/02\/Logo_groent_kontor_300x80.png\",\"width\":300,\"height\":80,\"caption\":\"Gr\u00f8nt Kontor\"},\"image\":{\"@id\":\"https:\/\/grontkontor.dk\/#\/schema\/logo\/image\/\"},\"sameAs\":[\"https:\/\/www.facebook.com\/grontkontor.dk\/\"]}]}<\/script>\n<!-- \/ Yoast SEO Premium plugin. -->","yoast_head_json":{"title":"Klimavennlig julepynt produsert i EU","description":"Kj\u00f8p klimavennlig julepynt laget i EU. V\u00e5r julekule i tre er et milj\u00f8vennlig og holdbart valg. Perfekt til juletreet eller som en klimavennlig firmagave.","robots":{"index":"index","follow":"follow","max-snippet":"max-snippet:-1","max-image-preview":"max-image-preview:large","max-video-preview":"max-video-preview:-1"},"canonical":"https:\/\/grontkontor.dk\/no\/shop\/julepynt-i-trae-med-granfroe-julekugle-eu\/","og_locale":"en_US","og_type":"article","og_title":"Julepynt i tre med granfr\u00f8 - Julekule EU","og_description":"Kj\u00f8p klimavennlig julepynt laget i EU. V\u00e5r julekule i tre er et milj\u00f8vennlig og holdbart valg. Perfekt til juletreet eller som en klimavennlig firmagave.","og_url":"https:\/\/grontkontor.dk\/no\/shop\/julepynt-i-trae-med-granfroe-julekugle-eu\/","og_site_name":"Gr\u00f8nt Kontor","article_publisher":"https:\/\/www.facebook.com\/grontkontor.dk\/","article_modified_time":"2025-11-03T08:50:18+00:00","og_image":[{"width":900,"height":639,"url":"https:\/\/grontkontor.dk\/wp-content\/uploads\/2025\/10\/Klimavenligt-julepynt-produceret-i-EU.jpg","type":"image\/jpeg"}],"twitter_card":"summary_large_image","twitter_misc":{"Est. reading time":"1 minute"},"schema":{"@context":"https:\/\/schema.org","@graph":[{"@type":"WebPage","@id":"https:\/\/grontkontor.dk\/no\/shop\/julepynt-i-trae-med-granfroe-julekugle-eu\/","url":"https:\/\/grontkontor.dk\/no\/shop\/julepynt-i-trae-med-granfroe-julekugle-eu\/","name":"Klimavennlig julepynt produsert i EU","isPartOf":{"@id":"https:\/\/grontkontor.dk\/#website"},"datePublished":"2025-10-28T12:03:48+00:00","dateModified":"2025-11-03T08:50:18+00:00","description":"Kj\u00f8p klimavennlig julepynt laget i EU. V\u00e5r julekule i tre er et milj\u00f8vennlig og holdbart valg. Perfekt til juletreet eller som en klimavennlig firmagave.","breadcrumb":{"@id":"https:\/\/grontkontor.dk\/no\/shop\/julepynt-i-trae-med-granfroe-julekugle-eu\/#breadcrumb"},"inLanguage":"no-NO","potentialAction":[{"@type":"ReadAction","target":["https:\/\/grontkontor.dk\/no\/shop\/julepynt-i-trae-med-granfroe-julekugle-eu\/"]}]},{"@type":"BreadcrumbList","@id":"https:\/\/grontkontor.dk\/no\/shop\/julepynt-i-trae-med-granfroe-julekugle-eu\/#breadcrumb","itemListElement":[{"@type":"ListItem","position":1,"name":"Forside","item":"https:\/\/grontkontor.dk\/"},{"@type":"ListItem","position":2,"name":"Butikk","item":"https:\/\/grontkontor.dk\/no\/butikk-2\/"},{"@type":"ListItem","position":3,"name":"Klimavenlige firmagaver","item":"https:\/\/grontkontor.dk\/produkt-kategori\/klimavenlige-firmagaver\/"},{"@type":"ListItem","position":4,"name":"Julepynt i tre med granfr\u00f8 &#8211; Julekule EU"}]},{"@type":"WebSite","@id":"https:\/\/grontkontor.dk\/#website","url":"https:\/\/grontkontor.dk\/","name":"Gr\u00f8nt Kontor","description":"Milj\u00f8venlige produkter til kontor og erhverv med fokus p\u00e5 b\u00e6redygtighed, design og fair trade.","publisher":{"@id":"https:\/\/grontkontor.dk\/#organization"},"potentialAction":[{"@type":"SearchAction","target":{"@type":"EntryPoint","urlTemplate":"https:\/\/grontkontor.dk\/?s={search_term_string}"},"query-input":"required name=search_term_string"}],"inLanguage":"no-NO"},{"@type":"Organization","@id":"https:\/\/grontkontor.dk\/#organization","name":"Gr\u00f8nt Kontor","url":"https:\/\/grontkontor.dk\/","logo":{"@type":"ImageObject","inLanguage":"no-NO","@id":"https:\/\/grontkontor.dk\/#\/schema\/logo\/image\/","url":"https:\/\/grontkontor.dk\/wp-content\/uploads\/2014\/02\/Logo_groent_kontor_300x80.png","contentUrl":"https:\/\/grontkontor.dk\/wp-content\/uploads\/2014\/02\/Logo_groent_kontor_300x80.png","width":300,"height":80,"caption":"Gr\u00f8nt Kontor"},"image":{"@id":"https:\/\/grontkontor.dk\/#\/schema\/logo\/image\/"},"sameAs":["https:\/\/www.facebook.com\/grontkontor.dk\/"]}]}},"_links":{"self":[{"href":"https:\/\/grontkontor.dk\/no\/wp-json\/wp\/v2\/product\/130476"}],"collection":[{"href":"https:\/\/grontkontor.dk\/no\/wp-json\/wp\/v2\/product"}],"about":[{"href":"https:\/\/grontkontor.dk\/no\/wp-json\/wp\/v2\/types\/product"}],"replies":[{"embeddable":true,"href":"https:\/\/grontkontor.dk\/no\/wp-json\/wp\/v2\/comments?post=130476"}],"wp:featuredmedia":[{"embeddable":true,"href":"https:\/\/grontkontor.dk\/no\/wp-json\/wp\/v2\/media\/130480"}],"wp:attachment":[{"href":"https:\/\/grontkontor.dk\/no\/wp-json\/wp\/v2\/media?parent=130476"}],"wp:term":[{"taxonomy":"product_cat","embeddable":true,"href":"https:\/\/grontkontor.dk\/no\/wp-json\/wp\/v2\/product_cat?post=130476"},{"taxonomy":"product_tag","embeddable":true,"href":"https:\/\/grontkontor.dk\/no\/wp-json\/wp\/v2\/product_tag?post=130476"}],"curies":[{"name":"wp","href":"https:\/\/api.w.org\/{rel}","templated":true}]}}