{"id":130563,"date":"2025-10-29T13:42:59","date_gmt":"2025-10-29T12:43:00","guid":{"rendered":"https:\/\/grontkontor.dk\/?post_type=product&#038;p=130563"},"modified":"2025-11-06T09:22:37","modified_gmt":"2025-11-06T08:22:37","slug":"oekologisk-chokolade-roerepinde","status":"publish","type":"product","link":"https:\/\/grontkontor.dk\/no\/shop\/oekologisk-chokolade-roerepinde\/","title":{"rendered":"\u00d8kologiske sjokolader\u00f8rere"},"content":{"rendered":"<p>Gj\u00f8r den varme drikken din til en luksuri\u00f8s sjokoladeopplevelse med v\u00e5rt sett med \u00f8kologiske sjokolader\u00f8rere. Disse pinnemikserne er den perfekte m\u00e5ten \u00e5 nyte en intens og rik sjokoladesmak samtidig som du tar et milj\u00f8vennlig valg. Hver pinne best\u00e5r av fyldig, m\u00f8rk sjokolade med 72 % kakaoinnhold, noe som sikrer en kraftig og dyp smaksopplevelse som smelter perfekt i varm melk eller kaffe.  <\/p>\n<p>Disse \u00f8kologiske sjokolader\u00f8rerne er laget av \u00f8kologiske ingredienser, og understreker v\u00e5rt fokus p\u00e5 kvalitet og ansvar. Ved \u00e5 velge \u00f8kologisk sikrer du et klimavennlig produkt som er produsert med respekt for naturen. Den enkle nytelsen av en varm sjokolademelk blir dermed ogs\u00e5 et bevisst valg.  <\/p>\n<p>Hver pakke inneholder to r\u00f8repinner, ideelle for deling eller for to \u00f8yeblikk med ren velv\u00e6re. R\u00f8r sjokoladen i 1,5 dl varm melk til en klassisk varm sjokolade. Eller gi kaffen et ekstra kick: r\u00f8r sjokoladen til varm, sterk kaffe, tilsett en d\u00e6sj whisky, konjakk eller tequila, og topp med pisket krem og et dryss kanel for en himmelsk godbit. Disse r\u00f8rerne er den perfekte lille firmagaven eller et milj\u00f8vennlig tillegg til kaffepauser.   <\/p>\n<p>Egenvekt: 50g<br \/>\nIngredienser:<br \/>\n Kakaomasse*, r\u00f8rsukker*, kakaosm\u00f8r*.<br \/>\nEmulgator: soyalecitin*<br \/>\n* = \u00d8kologisk<br \/>\nMinst 70 % kakao i sjokoladen.<br \/>\nKan inneholde spor av<br \/>\nmelk, mandler og hasseln\u00f8tter<br \/>\nN\u00e6ringsinformasjon per 100 g.:Energi<br \/>\n 2218 KJ<br \/>\nEnergi 535 Kcal<br \/>\nFett 41g \u2013 hvorav mettet fett 25g<br \/>\nKarbohydrater 31g \u2013 hvorav sukker 27g<br \/>\nProtein 8,4g<br \/>\nSalt 0,03g<br \/>\n<a href=\"https:\/\/www.foedevarestyrelsen.dk\/Leksikon\/Sider\/%C3%98-m%C3%A6rket.aspx\"><img loading=\"lazy\" decoding=\"async\" class=\"size-medium wp-image-24418\" src=\"https:\/\/grontkontor.dk\/wp-content\/uploads\/2024\/05\/statskontrolleret-oekologisk-2.jpg\" alt=\"Statskontrolleret \u00f8kologisk\" width=\"54\" height=\"50\" \/><\/a><\/p>\n","protected":false},"excerpt":{"rendered":"<p>Gj\u00f8r den varme drikken din til en luksuri\u00f8s sjokoladeopplevelse med v\u00e5rt sett med \u00f8kologiske sjokolader\u00f8rere. Disse pinnemikserne er den perfekte m\u00e5ten \u00e5 nyte en intens og rik sjokoladesmak samtidig som du tar et milj\u00f8vennlig valg. Hver pinne best\u00e5r av fyldig, m\u00f8rk sjokolade med 72 % kakaoinnhold, noe som sikrer en kraftig og dyp smaksopplevelse som [&hellip;]<\/p>\n","protected":false},"featured_media":130567,"comment_status":"closed","ping_status":"closed","template":"","meta":{"_acf_changed":false},"product_cat":[3225,4851,3818,3224,3820],"product_tag":[3226],"class_list":{"0":"post-130563","1":"product","2":"type-product","3":"status-publish","4":"has-post-thumbnail","6":"product_cat-dummy-moq-10-50-no","7":"product_cat-jul-og-hoeytider","8":"product_cat-knase-og-snacks","9":"product_cat-soetsaker-og-snacks","10":"product_cat-soetsaker-snacks-og-snacks","11":"product_tag-sjokolade","12":"tm-no-options","14":"first","15":"instock","16":"taxable","17":"shipping-taxable","18":"purchasable","19":"product-type-simple"},"acf":[],"yoast_head":"<!-- This site is optimized with the Yoast SEO Premium plugin v21.2 (Yoast SEO v21.2) - https:\/\/yoast.com\/wordpress\/plugins\/seo\/ -->\n<title>\u00d8kologiske sjokolader\u00f8rere<\/title>\n<meta name=\"description\" content=\"Kj\u00f8p \u00f8kologiske sjokolader\u00f8rere (2 stk.) med 72% m\u00f8rk sjokolade. R\u00f8r sjokoladen i varm melk eller kaffe for en luksuri\u00f8s drikke. Et klimavennlig og milj\u00f8vennlig valg.\" \/>\n<meta name=\"robots\" content=\"index, follow, max-snippet:-1, max-image-preview:large, max-video-preview:-1\" \/>\n<link rel=\"canonical\" href=\"https:\/\/grontkontor.dk\/no\/shop\/oekologisk-chokolade-roerepinde\/\" \/>\n<meta property=\"og:locale\" content=\"en_US\" \/>\n<meta property=\"og:type\" content=\"article\" \/>\n<meta property=\"og:title\" content=\"\u00d8kologiske sjokolader\u00f8rere\" \/>\n<meta property=\"og:description\" content=\"Kj\u00f8p \u00f8kologiske sjokolader\u00f8rere (2 stk.) med 72% m\u00f8rk sjokolade. R\u00f8r sjokoladen i varm melk eller kaffe for en luksuri\u00f8s drikke. Et klimavennlig og milj\u00f8vennlig valg.\" \/>\n<meta property=\"og:url\" content=\"https:\/\/grontkontor.dk\/no\/shop\/oekologisk-chokolade-roerepinde\/\" \/>\n<meta property=\"og:site_name\" content=\"Gr\u00f8nt Kontor\" \/>\n<meta property=\"article:publisher\" content=\"https:\/\/www.facebook.com\/grontkontor.dk\/\" \/>\n<meta property=\"article:modified_time\" content=\"2025-11-06T08:22:37+00:00\" \/>\n<meta property=\"og:image\" content=\"https:\/\/grontkontor.dk\/wp-content\/uploads\/2025\/10\/Oekologisk-chokolade-roerepinde.jpg\" \/>\n\t<meta property=\"og:image:width\" content=\"900\" \/>\n\t<meta property=\"og:image:height\" content=\"639\" \/>\n\t<meta property=\"og:image:type\" content=\"image\/jpeg\" \/>\n<meta name=\"twitter:card\" content=\"summary_large_image\" \/>\n<meta name=\"twitter:label1\" content=\"Est. reading time\" \/>\n\t<meta name=\"twitter:data1\" content=\"1 minute\" \/>\n<script type=\"application\/ld+json\" class=\"yoast-schema-graph\">{\"@context\":\"https:\/\/schema.org\",\"@graph\":[{\"@type\":\"WebPage\",\"@id\":\"https:\/\/grontkontor.dk\/no\/shop\/oekologisk-chokolade-roerepinde\/\",\"url\":\"https:\/\/grontkontor.dk\/no\/shop\/oekologisk-chokolade-roerepinde\/\",\"name\":\"\u00d8kologiske sjokolader\u00f8rere\",\"isPartOf\":{\"@id\":\"https:\/\/grontkontor.dk\/#website\"},\"datePublished\":\"2025-10-29T12:43:00+00:00\",\"dateModified\":\"2025-11-06T08:22:37+00:00\",\"description\":\"Kj\u00f8p \u00f8kologiske sjokolader\u00f8rere (2 stk.) med 72% m\u00f8rk sjokolade. R\u00f8r sjokoladen i varm melk eller kaffe for en luksuri\u00f8s drikke. Et klimavennlig og milj\u00f8vennlig valg.\",\"breadcrumb\":{\"@id\":\"https:\/\/grontkontor.dk\/no\/shop\/oekologisk-chokolade-roerepinde\/#breadcrumb\"},\"inLanguage\":\"no-NO\",\"potentialAction\":[{\"@type\":\"ReadAction\",\"target\":[\"https:\/\/grontkontor.dk\/no\/shop\/oekologisk-chokolade-roerepinde\/\"]}]},{\"@type\":\"BreadcrumbList\",\"@id\":\"https:\/\/grontkontor.dk\/no\/shop\/oekologisk-chokolade-roerepinde\/#breadcrumb\",\"itemListElement\":[{\"@type\":\"ListItem\",\"position\":1,\"name\":\"Forside\",\"item\":\"https:\/\/grontkontor.dk\/\"},{\"@type\":\"ListItem\",\"position\":2,\"name\":\"Butikk\",\"item\":\"https:\/\/grontkontor.dk\/no\/butikk-2\/\"},{\"@type\":\"ListItem\",\"position\":3,\"name\":\"Mad og drikke\",\"item\":\"https:\/\/grontkontor.dk\/produkt-kategori\/mad-og-drikke\/\"},{\"@type\":\"ListItem\",\"position\":4,\"name\":\"Slik og snacks\",\"item\":\"https:\/\/grontkontor.dk\/produkt-kategori\/mad-og-drikke\/slik-og-snacks\/\"},{\"@type\":\"ListItem\",\"position\":5,\"name\":\"\u00d8kologiske sjokolader\u00f8rere\"}]},{\"@type\":\"WebSite\",\"@id\":\"https:\/\/grontkontor.dk\/#website\",\"url\":\"https:\/\/grontkontor.dk\/\",\"name\":\"Gr\u00f8nt Kontor\",\"description\":\"Milj\u00f8venlige produkter til kontor og erhverv med fokus p\u00e5 b\u00e6redygtighed, design og fair trade.\",\"publisher\":{\"@id\":\"https:\/\/grontkontor.dk\/#organization\"},\"potentialAction\":[{\"@type\":\"SearchAction\",\"target\":{\"@type\":\"EntryPoint\",\"urlTemplate\":\"https:\/\/grontkontor.dk\/?s={search_term_string}\"},\"query-input\":\"required name=search_term_string\"}],\"inLanguage\":\"no-NO\"},{\"@type\":\"Organization\",\"@id\":\"https:\/\/grontkontor.dk\/#organization\",\"name\":\"Gr\u00f8nt Kontor\",\"url\":\"https:\/\/grontkontor.dk\/\",\"logo\":{\"@type\":\"ImageObject\",\"inLanguage\":\"no-NO\",\"@id\":\"https:\/\/grontkontor.dk\/#\/schema\/logo\/image\/\",\"url\":\"https:\/\/grontkontor.dk\/wp-content\/uploads\/2014\/02\/Logo_groent_kontor_300x80.png\",\"contentUrl\":\"https:\/\/grontkontor.dk\/wp-content\/uploads\/2014\/02\/Logo_groent_kontor_300x80.png\",\"width\":300,\"height\":80,\"caption\":\"Gr\u00f8nt Kontor\"},\"image\":{\"@id\":\"https:\/\/grontkontor.dk\/#\/schema\/logo\/image\/\"},\"sameAs\":[\"https:\/\/www.facebook.com\/grontkontor.dk\/\"]}]}<\/script>\n<!-- \/ Yoast SEO Premium plugin. -->","yoast_head_json":{"title":"\u00d8kologiske sjokolader\u00f8rere","description":"Kj\u00f8p \u00f8kologiske sjokolader\u00f8rere (2 stk.) med 72% m\u00f8rk sjokolade. R\u00f8r sjokoladen i varm melk eller kaffe for en luksuri\u00f8s drikke. Et klimavennlig og milj\u00f8vennlig valg.","robots":{"index":"index","follow":"follow","max-snippet":"max-snippet:-1","max-image-preview":"max-image-preview:large","max-video-preview":"max-video-preview:-1"},"canonical":"https:\/\/grontkontor.dk\/no\/shop\/oekologisk-chokolade-roerepinde\/","og_locale":"en_US","og_type":"article","og_title":"\u00d8kologiske sjokolader\u00f8rere","og_description":"Kj\u00f8p \u00f8kologiske sjokolader\u00f8rere (2 stk.) med 72% m\u00f8rk sjokolade. R\u00f8r sjokoladen i varm melk eller kaffe for en luksuri\u00f8s drikke. Et klimavennlig og milj\u00f8vennlig valg.","og_url":"https:\/\/grontkontor.dk\/no\/shop\/oekologisk-chokolade-roerepinde\/","og_site_name":"Gr\u00f8nt Kontor","article_publisher":"https:\/\/www.facebook.com\/grontkontor.dk\/","article_modified_time":"2025-11-06T08:22:37+00:00","og_image":[{"width":900,"height":639,"url":"https:\/\/grontkontor.dk\/wp-content\/uploads\/2025\/10\/Oekologisk-chokolade-roerepinde.jpg","type":"image\/jpeg"}],"twitter_card":"summary_large_image","twitter_misc":{"Est. reading time":"1 minute"},"schema":{"@context":"https:\/\/schema.org","@graph":[{"@type":"WebPage","@id":"https:\/\/grontkontor.dk\/no\/shop\/oekologisk-chokolade-roerepinde\/","url":"https:\/\/grontkontor.dk\/no\/shop\/oekologisk-chokolade-roerepinde\/","name":"\u00d8kologiske sjokolader\u00f8rere","isPartOf":{"@id":"https:\/\/grontkontor.dk\/#website"},"datePublished":"2025-10-29T12:43:00+00:00","dateModified":"2025-11-06T08:22:37+00:00","description":"Kj\u00f8p \u00f8kologiske sjokolader\u00f8rere (2 stk.) med 72% m\u00f8rk sjokolade. R\u00f8r sjokoladen i varm melk eller kaffe for en luksuri\u00f8s drikke. Et klimavennlig og milj\u00f8vennlig valg.","breadcrumb":{"@id":"https:\/\/grontkontor.dk\/no\/shop\/oekologisk-chokolade-roerepinde\/#breadcrumb"},"inLanguage":"no-NO","potentialAction":[{"@type":"ReadAction","target":["https:\/\/grontkontor.dk\/no\/shop\/oekologisk-chokolade-roerepinde\/"]}]},{"@type":"BreadcrumbList","@id":"https:\/\/grontkontor.dk\/no\/shop\/oekologisk-chokolade-roerepinde\/#breadcrumb","itemListElement":[{"@type":"ListItem","position":1,"name":"Forside","item":"https:\/\/grontkontor.dk\/"},{"@type":"ListItem","position":2,"name":"Butikk","item":"https:\/\/grontkontor.dk\/no\/butikk-2\/"},{"@type":"ListItem","position":3,"name":"Mad og drikke","item":"https:\/\/grontkontor.dk\/produkt-kategori\/mad-og-drikke\/"},{"@type":"ListItem","position":4,"name":"Slik og snacks","item":"https:\/\/grontkontor.dk\/produkt-kategori\/mad-og-drikke\/slik-og-snacks\/"},{"@type":"ListItem","position":5,"name":"\u00d8kologiske sjokolader\u00f8rere"}]},{"@type":"WebSite","@id":"https:\/\/grontkontor.dk\/#website","url":"https:\/\/grontkontor.dk\/","name":"Gr\u00f8nt Kontor","description":"Milj\u00f8venlige produkter til kontor og erhverv med fokus p\u00e5 b\u00e6redygtighed, design og fair trade.","publisher":{"@id":"https:\/\/grontkontor.dk\/#organization"},"potentialAction":[{"@type":"SearchAction","target":{"@type":"EntryPoint","urlTemplate":"https:\/\/grontkontor.dk\/?s={search_term_string}"},"query-input":"required name=search_term_string"}],"inLanguage":"no-NO"},{"@type":"Organization","@id":"https:\/\/grontkontor.dk\/#organization","name":"Gr\u00f8nt Kontor","url":"https:\/\/grontkontor.dk\/","logo":{"@type":"ImageObject","inLanguage":"no-NO","@id":"https:\/\/grontkontor.dk\/#\/schema\/logo\/image\/","url":"https:\/\/grontkontor.dk\/wp-content\/uploads\/2014\/02\/Logo_groent_kontor_300x80.png","contentUrl":"https:\/\/grontkontor.dk\/wp-content\/uploads\/2014\/02\/Logo_groent_kontor_300x80.png","width":300,"height":80,"caption":"Gr\u00f8nt Kontor"},"image":{"@id":"https:\/\/grontkontor.dk\/#\/schema\/logo\/image\/"},"sameAs":["https:\/\/www.facebook.com\/grontkontor.dk\/"]}]}},"_links":{"self":[{"href":"https:\/\/grontkontor.dk\/no\/wp-json\/wp\/v2\/product\/130563"}],"collection":[{"href":"https:\/\/grontkontor.dk\/no\/wp-json\/wp\/v2\/product"}],"about":[{"href":"https:\/\/grontkontor.dk\/no\/wp-json\/wp\/v2\/types\/product"}],"replies":[{"embeddable":true,"href":"https:\/\/grontkontor.dk\/no\/wp-json\/wp\/v2\/comments?post=130563"}],"wp:featuredmedia":[{"embeddable":true,"href":"https:\/\/grontkontor.dk\/no\/wp-json\/wp\/v2\/media\/130567"}],"wp:attachment":[{"href":"https:\/\/grontkontor.dk\/no\/wp-json\/wp\/v2\/media?parent=130563"}],"wp:term":[{"taxonomy":"product_cat","embeddable":true,"href":"https:\/\/grontkontor.dk\/no\/wp-json\/wp\/v2\/product_cat?post=130563"},{"taxonomy":"product_tag","embeddable":true,"href":"https:\/\/grontkontor.dk\/no\/wp-json\/wp\/v2\/product_tag?post=130563"}],"curies":[{"name":"wp","href":"https:\/\/api.w.org\/{rel}","templated":true}]}}