{"id":130573,"date":"2025-10-29T14:23:01","date_gmt":"2025-10-29T13:23:02","guid":{"rendered":"https:\/\/grontkontor.dk\/?post_type=product&#038;p=130573"},"modified":"2025-11-06T09:22:43","modified_gmt":"2025-11-06T08:22:43","slug":"oekologisk-marcipangris","status":"publish","type":"product","link":"https:\/\/grontkontor.dk\/no\/shop\/oekologisk-marcipangris\/","title":{"rendered":"\u00d8kologisk marsipangris"},"content":{"rendered":"<p>Gj\u00f8r julaften eller mandelgaven ekstra spesiell med en \u00f8kologisk marsipangris. Denne s\u00f8te marsipangrisen er den perfekte kombinasjonen av tradisjon og gourmetkvalitet, og den er laget for \u00e5 blidgj\u00f8re enhver julebegivenhet. Grisen i seg selv er laget av den fineste marsipan, som gir en myk og autentisk smaksopplevelse som h\u00f8rer julen til.  <\/p>\n<p>Grisen er elegant belagt med et tykt lag med intens, m\u00f8rk sjokolade med hele 72 % kakaoinnhold. Denne kontrasten mellom den s\u00f8te marsipanen og den sterke, m\u00f8rke sjokoladen sikrer en sublim smakssammensetning. Som en festlig finish er grisen dekorert med prikker av hvit sjokolade.  <\/p>\n<p>F\u00e5 \u00f8kologisk marsipangris som er laget av \u00f8kologiske ingredienser, noe som understreker kvaliteten og gj\u00f8r den til et milj\u00f8vennlig valg. Ved \u00e5 velge \u00f8kologisk st\u00f8tter du mer ansvarlig produksjon og klimavennlig landbruk. Denne marsipangrisen er ikke bare en godbit; Det er ogs\u00e5 en vakker og omtenksom gave. Den er ideell som den ultimate mandelgaven, en elegant firmagave eller som en del av et luksuri\u00f8st julebord. Feir jul med god smak og god samvittighet.    <\/p>\n<p>Nettovekt: 45 g<br \/>\nIngredienser:<br \/>\n Mandler* (40 %, S\u00f8r-Europa), r\u00f8rsukker*, kakaomasse* (Dom.Rep), glukosesirup*, kakaosm\u00f8r*, helmelkspulver* *=\u00f8kologisk<br \/>\nMinst 72 % kakao i sjokoladen.<br \/>\nKan inneholde spor av<br \/>\nhasseln\u00f8tt, soya<br \/>\nN\u00e6ringsinformasjon per 100 g.:Energy<br \/>\n 2061 KJ<br \/>\nEnergy 492 Kcal<br \/>\nFett 33g \u2013 hvorav mettet fett 9,1g<br \/>\nKarbohydrater 36g \u2013 hvorav sukker 33g<br \/>\nProtein 9,4g<br \/>\nSalt 0,01g<br \/>\nKostfiber 6,79g<br \/>\n<a href=\"https:\/\/www.foedevarestyrelsen.dk\/Leksikon\/Sider\/%C3%98-m%C3%A6rket.aspx\"><img loading=\"lazy\" decoding=\"async\" class=\"size-medium wp-image-24418\" src=\"https:\/\/grontkontor.dk\/wp-content\/uploads\/2024\/05\/statskontrolleret-oekologisk-2.jpg\" alt=\"Statskontrolleret \u00f8kologisk\" width=\"54\" height=\"50\" \/><\/a><\/p>\n","protected":false},"excerpt":{"rendered":"<p>Gj\u00f8r julaften eller mandelgaven ekstra spesiell med en \u00f8kologisk marsipangris. Denne s\u00f8te marsipangrisen er den perfekte kombinasjonen av tradisjon og gourmetkvalitet, og den er laget for \u00e5 blidgj\u00f8re enhver julebegivenhet. Grisen i seg selv er laget av den fineste marsipan, som gir en myk og autentisk smaksopplevelse som h\u00f8rer julen til. Grisen er elegant belagt [&hellip;]<\/p>\n","protected":false},"featured_media":130577,"comment_status":"closed","ping_status":"closed","template":"","meta":{"_acf_changed":false},"product_cat":[3225,4851,3224,3820],"product_tag":[4852,3226],"class_list":{"0":"post-130573","1":"product","2":"type-product","3":"status-publish","4":"has-post-thumbnail","6":"product_cat-dummy-moq-10-50-no","7":"product_cat-jul-og-hoeytider","8":"product_cat-soetsaker-og-snacks","9":"product_cat-soetsaker-snacks-og-snacks","10":"product_tag-jul-no","11":"product_tag-sjokolade","12":"tm-no-options","14":"first","15":"instock","16":"taxable","17":"shipping-taxable","18":"purchasable","19":"product-type-simple"},"acf":[],"yoast_head":"<!-- This site is optimized with the Yoast SEO Premium plugin v21.2 (Yoast SEO v21.2) - https:\/\/yoast.com\/wordpress\/plugins\/seo\/ -->\n<title>\u00d8kologisk marsipangris<\/title>\n<meta name=\"description\" content=\"Kj\u00f8p en \u00f8kologisk marsipangris belagt med 72 % m\u00f8rk sjokolade og dekorert med hvit sjokolade. Perfekt mandelgave og et milj\u00f8vennlig og klimavennlig valg til jul.\" \/>\n<meta name=\"robots\" content=\"index, follow, max-snippet:-1, max-image-preview:large, max-video-preview:-1\" \/>\n<link rel=\"canonical\" href=\"https:\/\/grontkontor.dk\/no\/shop\/oekologisk-marcipangris\/\" \/>\n<meta property=\"og:locale\" content=\"en_US\" \/>\n<meta property=\"og:type\" content=\"article\" \/>\n<meta property=\"og:title\" content=\"\u00d8kologisk marsipangris\" \/>\n<meta property=\"og:description\" content=\"Kj\u00f8p en \u00f8kologisk marsipangris belagt med 72 % m\u00f8rk sjokolade og dekorert med hvit sjokolade. Perfekt mandelgave og et milj\u00f8vennlig og klimavennlig valg til jul.\" \/>\n<meta property=\"og:url\" content=\"https:\/\/grontkontor.dk\/no\/shop\/oekologisk-marcipangris\/\" \/>\n<meta property=\"og:site_name\" content=\"Gr\u00f8nt Kontor\" \/>\n<meta property=\"article:publisher\" content=\"https:\/\/www.facebook.com\/grontkontor.dk\/\" \/>\n<meta property=\"article:modified_time\" content=\"2025-11-06T08:22:43+00:00\" \/>\n<meta property=\"og:image\" content=\"https:\/\/grontkontor.dk\/wp-content\/uploads\/2025\/10\/Oekologisk-marcipangris.jpg\" \/>\n\t<meta property=\"og:image:width\" content=\"900\" \/>\n\t<meta property=\"og:image:height\" content=\"639\" \/>\n\t<meta property=\"og:image:type\" content=\"image\/jpeg\" \/>\n<meta name=\"twitter:card\" content=\"summary_large_image\" \/>\n<meta name=\"twitter:label1\" content=\"Est. reading time\" \/>\n\t<meta name=\"twitter:data1\" content=\"1 minute\" \/>\n<script type=\"application\/ld+json\" class=\"yoast-schema-graph\">{\"@context\":\"https:\/\/schema.org\",\"@graph\":[{\"@type\":\"WebPage\",\"@id\":\"https:\/\/grontkontor.dk\/no\/shop\/oekologisk-marcipangris\/\",\"url\":\"https:\/\/grontkontor.dk\/no\/shop\/oekologisk-marcipangris\/\",\"name\":\"\u00d8kologisk marsipangris\",\"isPartOf\":{\"@id\":\"https:\/\/grontkontor.dk\/#website\"},\"datePublished\":\"2025-10-29T13:23:02+00:00\",\"dateModified\":\"2025-11-06T08:22:43+00:00\",\"description\":\"Kj\u00f8p en \u00f8kologisk marsipangris belagt med 72 % m\u00f8rk sjokolade og dekorert med hvit sjokolade. Perfekt mandelgave og et milj\u00f8vennlig og klimavennlig valg til jul.\",\"breadcrumb\":{\"@id\":\"https:\/\/grontkontor.dk\/no\/shop\/oekologisk-marcipangris\/#breadcrumb\"},\"inLanguage\":\"no-NO\",\"potentialAction\":[{\"@type\":\"ReadAction\",\"target\":[\"https:\/\/grontkontor.dk\/no\/shop\/oekologisk-marcipangris\/\"]}]},{\"@type\":\"BreadcrumbList\",\"@id\":\"https:\/\/grontkontor.dk\/no\/shop\/oekologisk-marcipangris\/#breadcrumb\",\"itemListElement\":[{\"@type\":\"ListItem\",\"position\":1,\"name\":\"Forside\",\"item\":\"https:\/\/grontkontor.dk\/\"},{\"@type\":\"ListItem\",\"position\":2,\"name\":\"Butikk\",\"item\":\"https:\/\/grontkontor.dk\/no\/butikk-2\/\"},{\"@type\":\"ListItem\",\"position\":3,\"name\":\"Mad og drikke\",\"item\":\"https:\/\/grontkontor.dk\/produkt-kategori\/mad-og-drikke\/\"},{\"@type\":\"ListItem\",\"position\":4,\"name\":\"Slik og snacks\",\"item\":\"https:\/\/grontkontor.dk\/produkt-kategori\/mad-og-drikke\/slik-og-snacks\/\"},{\"@type\":\"ListItem\",\"position\":5,\"name\":\"\u00d8kologisk marsipangris\"}]},{\"@type\":\"WebSite\",\"@id\":\"https:\/\/grontkontor.dk\/#website\",\"url\":\"https:\/\/grontkontor.dk\/\",\"name\":\"Gr\u00f8nt Kontor\",\"description\":\"Milj\u00f8venlige produkter til kontor og erhverv med fokus p\u00e5 b\u00e6redygtighed, design og fair trade.\",\"publisher\":{\"@id\":\"https:\/\/grontkontor.dk\/#organization\"},\"potentialAction\":[{\"@type\":\"SearchAction\",\"target\":{\"@type\":\"EntryPoint\",\"urlTemplate\":\"https:\/\/grontkontor.dk\/?s={search_term_string}\"},\"query-input\":\"required name=search_term_string\"}],\"inLanguage\":\"no-NO\"},{\"@type\":\"Organization\",\"@id\":\"https:\/\/grontkontor.dk\/#organization\",\"name\":\"Gr\u00f8nt Kontor\",\"url\":\"https:\/\/grontkontor.dk\/\",\"logo\":{\"@type\":\"ImageObject\",\"inLanguage\":\"no-NO\",\"@id\":\"https:\/\/grontkontor.dk\/#\/schema\/logo\/image\/\",\"url\":\"https:\/\/grontkontor.dk\/wp-content\/uploads\/2014\/02\/Logo_groent_kontor_300x80.png\",\"contentUrl\":\"https:\/\/grontkontor.dk\/wp-content\/uploads\/2014\/02\/Logo_groent_kontor_300x80.png\",\"width\":300,\"height\":80,\"caption\":\"Gr\u00f8nt Kontor\"},\"image\":{\"@id\":\"https:\/\/grontkontor.dk\/#\/schema\/logo\/image\/\"},\"sameAs\":[\"https:\/\/www.facebook.com\/grontkontor.dk\/\"]}]}<\/script>\n<!-- \/ Yoast SEO Premium plugin. -->","yoast_head_json":{"title":"\u00d8kologisk marsipangris","description":"Kj\u00f8p en \u00f8kologisk marsipangris belagt med 72 % m\u00f8rk sjokolade og dekorert med hvit sjokolade. Perfekt mandelgave og et milj\u00f8vennlig og klimavennlig valg til jul.","robots":{"index":"index","follow":"follow","max-snippet":"max-snippet:-1","max-image-preview":"max-image-preview:large","max-video-preview":"max-video-preview:-1"},"canonical":"https:\/\/grontkontor.dk\/no\/shop\/oekologisk-marcipangris\/","og_locale":"en_US","og_type":"article","og_title":"\u00d8kologisk marsipangris","og_description":"Kj\u00f8p en \u00f8kologisk marsipangris belagt med 72 % m\u00f8rk sjokolade og dekorert med hvit sjokolade. Perfekt mandelgave og et milj\u00f8vennlig og klimavennlig valg til jul.","og_url":"https:\/\/grontkontor.dk\/no\/shop\/oekologisk-marcipangris\/","og_site_name":"Gr\u00f8nt Kontor","article_publisher":"https:\/\/www.facebook.com\/grontkontor.dk\/","article_modified_time":"2025-11-06T08:22:43+00:00","og_image":[{"width":900,"height":639,"url":"https:\/\/grontkontor.dk\/wp-content\/uploads\/2025\/10\/Oekologisk-marcipangris.jpg","type":"image\/jpeg"}],"twitter_card":"summary_large_image","twitter_misc":{"Est. reading time":"1 minute"},"schema":{"@context":"https:\/\/schema.org","@graph":[{"@type":"WebPage","@id":"https:\/\/grontkontor.dk\/no\/shop\/oekologisk-marcipangris\/","url":"https:\/\/grontkontor.dk\/no\/shop\/oekologisk-marcipangris\/","name":"\u00d8kologisk marsipangris","isPartOf":{"@id":"https:\/\/grontkontor.dk\/#website"},"datePublished":"2025-10-29T13:23:02+00:00","dateModified":"2025-11-06T08:22:43+00:00","description":"Kj\u00f8p en \u00f8kologisk marsipangris belagt med 72 % m\u00f8rk sjokolade og dekorert med hvit sjokolade. Perfekt mandelgave og et milj\u00f8vennlig og klimavennlig valg til jul.","breadcrumb":{"@id":"https:\/\/grontkontor.dk\/no\/shop\/oekologisk-marcipangris\/#breadcrumb"},"inLanguage":"no-NO","potentialAction":[{"@type":"ReadAction","target":["https:\/\/grontkontor.dk\/no\/shop\/oekologisk-marcipangris\/"]}]},{"@type":"BreadcrumbList","@id":"https:\/\/grontkontor.dk\/no\/shop\/oekologisk-marcipangris\/#breadcrumb","itemListElement":[{"@type":"ListItem","position":1,"name":"Forside","item":"https:\/\/grontkontor.dk\/"},{"@type":"ListItem","position":2,"name":"Butikk","item":"https:\/\/grontkontor.dk\/no\/butikk-2\/"},{"@type":"ListItem","position":3,"name":"Mad og drikke","item":"https:\/\/grontkontor.dk\/produkt-kategori\/mad-og-drikke\/"},{"@type":"ListItem","position":4,"name":"Slik og snacks","item":"https:\/\/grontkontor.dk\/produkt-kategori\/mad-og-drikke\/slik-og-snacks\/"},{"@type":"ListItem","position":5,"name":"\u00d8kologisk marsipangris"}]},{"@type":"WebSite","@id":"https:\/\/grontkontor.dk\/#website","url":"https:\/\/grontkontor.dk\/","name":"Gr\u00f8nt Kontor","description":"Milj\u00f8venlige produkter til kontor og erhverv med fokus p\u00e5 b\u00e6redygtighed, design og fair trade.","publisher":{"@id":"https:\/\/grontkontor.dk\/#organization"},"potentialAction":[{"@type":"SearchAction","target":{"@type":"EntryPoint","urlTemplate":"https:\/\/grontkontor.dk\/?s={search_term_string}"},"query-input":"required name=search_term_string"}],"inLanguage":"no-NO"},{"@type":"Organization","@id":"https:\/\/grontkontor.dk\/#organization","name":"Gr\u00f8nt Kontor","url":"https:\/\/grontkontor.dk\/","logo":{"@type":"ImageObject","inLanguage":"no-NO","@id":"https:\/\/grontkontor.dk\/#\/schema\/logo\/image\/","url":"https:\/\/grontkontor.dk\/wp-content\/uploads\/2014\/02\/Logo_groent_kontor_300x80.png","contentUrl":"https:\/\/grontkontor.dk\/wp-content\/uploads\/2014\/02\/Logo_groent_kontor_300x80.png","width":300,"height":80,"caption":"Gr\u00f8nt Kontor"},"image":{"@id":"https:\/\/grontkontor.dk\/#\/schema\/logo\/image\/"},"sameAs":["https:\/\/www.facebook.com\/grontkontor.dk\/"]}]}},"_links":{"self":[{"href":"https:\/\/grontkontor.dk\/no\/wp-json\/wp\/v2\/product\/130573"}],"collection":[{"href":"https:\/\/grontkontor.dk\/no\/wp-json\/wp\/v2\/product"}],"about":[{"href":"https:\/\/grontkontor.dk\/no\/wp-json\/wp\/v2\/types\/product"}],"replies":[{"embeddable":true,"href":"https:\/\/grontkontor.dk\/no\/wp-json\/wp\/v2\/comments?post=130573"}],"wp:featuredmedia":[{"embeddable":true,"href":"https:\/\/grontkontor.dk\/no\/wp-json\/wp\/v2\/media\/130577"}],"wp:attachment":[{"href":"https:\/\/grontkontor.dk\/no\/wp-json\/wp\/v2\/media?parent=130573"}],"wp:term":[{"taxonomy":"product_cat","embeddable":true,"href":"https:\/\/grontkontor.dk\/no\/wp-json\/wp\/v2\/product_cat?post=130573"},{"taxonomy":"product_tag","embeddable":true,"href":"https:\/\/grontkontor.dk\/no\/wp-json\/wp\/v2\/product_tag?post=130573"}],"curies":[{"name":"wp","href":"https:\/\/api.w.org\/{rel}","templated":true}]}}