{"id":130609,"date":"2025-10-30T09:07:44","date_gmt":"2025-10-30T08:07:45","guid":{"rendered":"https:\/\/grontkontor.dk\/?post_type=product&#038;p=130609"},"modified":"2025-11-03T09:59:18","modified_gmt":"2025-11-03T08:59:18","slug":"julepynt-i-genanvendt-papir-juletrae","status":"publish","type":"product","link":"https:\/\/grontkontor.dk\/no\/shop\/julepynt-i-genanvendt-papir-juletrae\/","title":{"rendered":"Julepynt i resirkulert papir &#8211; Juletre"},"content":{"rendered":"<p>Dekorer hjemmet, kontoret eller butikken med stil og omsorg for milj\u00f8et med klimavennlig julepynt i resirkulert papir. Denne smarte juletrehengeren kombinerer et elegant design med et sterkt milj\u00f8vennlig budskap. Ornamentet er laget av papir som b\u00e6rer FSC Recycled-sertifiseringen (70 % resirkulert materiale), noe som gj\u00f8r det til et utmerket klimavennlig valg som st\u00f8tter den sirkul\u00e6re \u00f8konomien.  <\/p>\n<p>Kleshengeren er utformet som et sammenleggbart juletre og monteres enkelt med en diskret magnetisk lukking. Denne funksjonen gj\u00f8r det enkelt \u00e5 oppbevare dekorasjonene p\u00e5 en plassbesparende m\u00e5te n\u00e5r julen er over, slik at du kan gjenbruke dem \u00e5r etter \u00e5r. Dette bidrar til \u00e5 gj\u00f8re julen din mer ansvarlig og b\u00e6rekraftig.  <\/p>\n<p>Klimavennlig julepynt i resirkulert papir finnes i tre klassiske julefarger: natur, r\u00f8d og gr\u00f8nn, slik at du kan matche enhver innredningsstil. Dekorasjonene er den perfekte firmagaven eller giveawayen og kan bestilles med eller uten logotrykk. Ved \u00e5 legge til merkenavnet ditt til et s\u00e5 bevisst produkt, sender du et tydelig signal om bedriftens verdier.  <\/p>\n<p>[papir]<\/p>\n<p>&nbsp;<\/p>\n<a href=\"https:\/\/ic.fsc.org\/en\/\" target=\"window\"><img loading=\"lazy\" decoding=\"async\" class=\"size-full wp-image-12735\" src=\"https:\/\/grontkontor.dk\/wp-content\/uploads\/2019\/04\/fsc-certificeret.png\" \n\t\t alt=\"FSC-certificeret\" title=\"FSC-certificeret\" width=\"44\" height=\"51\" border=0\/><\/a>\n","protected":false},"excerpt":{"rendered":"<p>Dekorer hjemmet, kontoret eller butikken med stil og omsorg for milj\u00f8et med klimavennlig julepynt i resirkulert papir. Denne smarte juletrehengeren kombinerer et elegant design med et sterkt milj\u00f8vennlig budskap. Ornamentet er laget av papir som b\u00e6rer FSC Recycled-sertifiseringen (70 % resirkulert materiale), noe som gj\u00f8r det til et utmerket klimavennlig valg som st\u00f8tter den sirkul\u00e6re [&hellip;]<\/p>\n","protected":false},"featured_media":130765,"comment_status":"closed","ping_status":"closed","template":"","meta":{"_acf_changed":false},"product_cat":[3199,4851,3194,2657],"product_tag":[4852,3661],"class_list":{"0":"post-130609","1":"product","2":"type-product","3":"status-publish","4":"has-post-thumbnail","6":"product_cat-dummy-moq-1-no","7":"product_cat-jul-og-hoeytider","8":"product_cat-klimavennlige-firmagaver","9":"product_cat-nyheter","10":"product_tag-jul-no","11":"product_tag-juledekorasjoner","12":"pa_farve-groenn","13":"pa_farve-natur-no","14":"pa_farve-roed-no","15":"tm-has-options","17":"first","18":"instock","19":"taxable","20":"shipping-taxable","21":"purchasable","22":"product-type-variable","23":"has-default-attributes"},"acf":[],"yoast_head":"<!-- This site is optimized with the Yoast SEO Premium plugin v21.2 (Yoast SEO v21.2) - https:\/\/yoast.com\/wordpress\/plugins\/seo\/ -->\n<title>Klimavennlig julepynt i resirkulert papir<\/title>\n<meta name=\"description\" content=\"Kj\u00f8p klimavennlig julepynt i resirkulert papir. Den sammenleggbare juletrehengeren er tilgjengelig i naturlig, r\u00f8d og gr\u00f8nn og er et milj\u00f8vennlig og sirkul\u00e6rt valg.\" \/>\n<meta name=\"robots\" content=\"index, follow, max-snippet:-1, max-image-preview:large, max-video-preview:-1\" \/>\n<link rel=\"canonical\" href=\"https:\/\/grontkontor.dk\/no\/shop\/julepynt-i-genanvendt-papir-juletrae\/\" \/>\n<meta property=\"og:locale\" content=\"en_US\" \/>\n<meta property=\"og:type\" content=\"article\" \/>\n<meta property=\"og:title\" content=\"Julepynt i resirkulert papir - Juletre\" \/>\n<meta property=\"og:description\" content=\"Kj\u00f8p klimavennlig julepynt i resirkulert papir. Den sammenleggbare juletrehengeren er tilgjengelig i naturlig, r\u00f8d og gr\u00f8nn og er et milj\u00f8vennlig og sirkul\u00e6rt valg.\" \/>\n<meta property=\"og:url\" content=\"https:\/\/grontkontor.dk\/no\/shop\/julepynt-i-genanvendt-papir-juletrae\/\" \/>\n<meta property=\"og:site_name\" content=\"Gr\u00f8nt Kontor\" \/>\n<meta property=\"article:publisher\" content=\"https:\/\/www.facebook.com\/grontkontor.dk\/\" \/>\n<meta property=\"article:modified_time\" content=\"2025-11-03T08:59:18+00:00\" \/>\n<meta property=\"og:image\" content=\"https:\/\/grontkontor.dk\/wp-content\/uploads\/2025\/10\/Juletrae-FSC.jpg\" \/>\n\t<meta property=\"og:image:width\" content=\"900\" \/>\n\t<meta property=\"og:image:height\" content=\"639\" \/>\n\t<meta property=\"og:image:type\" content=\"image\/jpeg\" \/>\n<meta name=\"twitter:card\" content=\"summary_large_image\" \/>\n<meta name=\"twitter:label1\" content=\"Est. reading time\" \/>\n\t<meta name=\"twitter:data1\" content=\"1 minute\" \/>\n<script type=\"application\/ld+json\" class=\"yoast-schema-graph\">{\"@context\":\"https:\/\/schema.org\",\"@graph\":[{\"@type\":\"WebPage\",\"@id\":\"https:\/\/grontkontor.dk\/no\/shop\/julepynt-i-genanvendt-papir-juletrae\/\",\"url\":\"https:\/\/grontkontor.dk\/no\/shop\/julepynt-i-genanvendt-papir-juletrae\/\",\"name\":\"Klimavennlig julepynt i resirkulert papir\",\"isPartOf\":{\"@id\":\"https:\/\/grontkontor.dk\/#website\"},\"datePublished\":\"2025-10-30T08:07:45+00:00\",\"dateModified\":\"2025-11-03T08:59:18+00:00\",\"description\":\"Kj\u00f8p klimavennlig julepynt i resirkulert papir. Den sammenleggbare juletrehengeren er tilgjengelig i naturlig, r\u00f8d og gr\u00f8nn og er et milj\u00f8vennlig og sirkul\u00e6rt valg.\",\"breadcrumb\":{\"@id\":\"https:\/\/grontkontor.dk\/no\/shop\/julepynt-i-genanvendt-papir-juletrae\/#breadcrumb\"},\"inLanguage\":\"no-NO\",\"potentialAction\":[{\"@type\":\"ReadAction\",\"target\":[\"https:\/\/grontkontor.dk\/no\/shop\/julepynt-i-genanvendt-papir-juletrae\/\"]}]},{\"@type\":\"BreadcrumbList\",\"@id\":\"https:\/\/grontkontor.dk\/no\/shop\/julepynt-i-genanvendt-papir-juletrae\/#breadcrumb\",\"itemListElement\":[{\"@type\":\"ListItem\",\"position\":1,\"name\":\"Forside\",\"item\":\"https:\/\/grontkontor.dk\/\"},{\"@type\":\"ListItem\",\"position\":2,\"name\":\"Butikk\",\"item\":\"https:\/\/grontkontor.dk\/no\/butikk-2\/\"},{\"@type\":\"ListItem\",\"position\":3,\"name\":\"Klimavenlige firmagaver\",\"item\":\"https:\/\/grontkontor.dk\/produkt-kategori\/klimavenlige-firmagaver\/\"},{\"@type\":\"ListItem\",\"position\":4,\"name\":\"Julepynt i resirkulert papir &#8211; Juletre\"}]},{\"@type\":\"WebSite\",\"@id\":\"https:\/\/grontkontor.dk\/#website\",\"url\":\"https:\/\/grontkontor.dk\/\",\"name\":\"Gr\u00f8nt Kontor\",\"description\":\"Milj\u00f8venlige produkter til kontor og erhverv med fokus p\u00e5 b\u00e6redygtighed, design og fair trade.\",\"publisher\":{\"@id\":\"https:\/\/grontkontor.dk\/#organization\"},\"potentialAction\":[{\"@type\":\"SearchAction\",\"target\":{\"@type\":\"EntryPoint\",\"urlTemplate\":\"https:\/\/grontkontor.dk\/?s={search_term_string}\"},\"query-input\":\"required name=search_term_string\"}],\"inLanguage\":\"no-NO\"},{\"@type\":\"Organization\",\"@id\":\"https:\/\/grontkontor.dk\/#organization\",\"name\":\"Gr\u00f8nt Kontor\",\"url\":\"https:\/\/grontkontor.dk\/\",\"logo\":{\"@type\":\"ImageObject\",\"inLanguage\":\"no-NO\",\"@id\":\"https:\/\/grontkontor.dk\/#\/schema\/logo\/image\/\",\"url\":\"https:\/\/grontkontor.dk\/wp-content\/uploads\/2014\/02\/Logo_groent_kontor_300x80.png\",\"contentUrl\":\"https:\/\/grontkontor.dk\/wp-content\/uploads\/2014\/02\/Logo_groent_kontor_300x80.png\",\"width\":300,\"height\":80,\"caption\":\"Gr\u00f8nt Kontor\"},\"image\":{\"@id\":\"https:\/\/grontkontor.dk\/#\/schema\/logo\/image\/\"},\"sameAs\":[\"https:\/\/www.facebook.com\/grontkontor.dk\/\"]}]}<\/script>\n<!-- \/ Yoast SEO Premium plugin. -->","yoast_head_json":{"title":"Klimavennlig julepynt i resirkulert papir","description":"Kj\u00f8p klimavennlig julepynt i resirkulert papir. Den sammenleggbare juletrehengeren er tilgjengelig i naturlig, r\u00f8d og gr\u00f8nn og er et milj\u00f8vennlig og sirkul\u00e6rt valg.","robots":{"index":"index","follow":"follow","max-snippet":"max-snippet:-1","max-image-preview":"max-image-preview:large","max-video-preview":"max-video-preview:-1"},"canonical":"https:\/\/grontkontor.dk\/no\/shop\/julepynt-i-genanvendt-papir-juletrae\/","og_locale":"en_US","og_type":"article","og_title":"Julepynt i resirkulert papir - Juletre","og_description":"Kj\u00f8p klimavennlig julepynt i resirkulert papir. Den sammenleggbare juletrehengeren er tilgjengelig i naturlig, r\u00f8d og gr\u00f8nn og er et milj\u00f8vennlig og sirkul\u00e6rt valg.","og_url":"https:\/\/grontkontor.dk\/no\/shop\/julepynt-i-genanvendt-papir-juletrae\/","og_site_name":"Gr\u00f8nt Kontor","article_publisher":"https:\/\/www.facebook.com\/grontkontor.dk\/","article_modified_time":"2025-11-03T08:59:18+00:00","og_image":[{"width":900,"height":639,"url":"https:\/\/grontkontor.dk\/wp-content\/uploads\/2025\/10\/Juletrae-FSC.jpg","type":"image\/jpeg"}],"twitter_card":"summary_large_image","twitter_misc":{"Est. reading time":"1 minute"},"schema":{"@context":"https:\/\/schema.org","@graph":[{"@type":"WebPage","@id":"https:\/\/grontkontor.dk\/no\/shop\/julepynt-i-genanvendt-papir-juletrae\/","url":"https:\/\/grontkontor.dk\/no\/shop\/julepynt-i-genanvendt-papir-juletrae\/","name":"Klimavennlig julepynt i resirkulert papir","isPartOf":{"@id":"https:\/\/grontkontor.dk\/#website"},"datePublished":"2025-10-30T08:07:45+00:00","dateModified":"2025-11-03T08:59:18+00:00","description":"Kj\u00f8p klimavennlig julepynt i resirkulert papir. Den sammenleggbare juletrehengeren er tilgjengelig i naturlig, r\u00f8d og gr\u00f8nn og er et milj\u00f8vennlig og sirkul\u00e6rt valg.","breadcrumb":{"@id":"https:\/\/grontkontor.dk\/no\/shop\/julepynt-i-genanvendt-papir-juletrae\/#breadcrumb"},"inLanguage":"no-NO","potentialAction":[{"@type":"ReadAction","target":["https:\/\/grontkontor.dk\/no\/shop\/julepynt-i-genanvendt-papir-juletrae\/"]}]},{"@type":"BreadcrumbList","@id":"https:\/\/grontkontor.dk\/no\/shop\/julepynt-i-genanvendt-papir-juletrae\/#breadcrumb","itemListElement":[{"@type":"ListItem","position":1,"name":"Forside","item":"https:\/\/grontkontor.dk\/"},{"@type":"ListItem","position":2,"name":"Butikk","item":"https:\/\/grontkontor.dk\/no\/butikk-2\/"},{"@type":"ListItem","position":3,"name":"Klimavenlige firmagaver","item":"https:\/\/grontkontor.dk\/produkt-kategori\/klimavenlige-firmagaver\/"},{"@type":"ListItem","position":4,"name":"Julepynt i resirkulert papir &#8211; Juletre"}]},{"@type":"WebSite","@id":"https:\/\/grontkontor.dk\/#website","url":"https:\/\/grontkontor.dk\/","name":"Gr\u00f8nt Kontor","description":"Milj\u00f8venlige produkter til kontor og erhverv med fokus p\u00e5 b\u00e6redygtighed, design og fair trade.","publisher":{"@id":"https:\/\/grontkontor.dk\/#organization"},"potentialAction":[{"@type":"SearchAction","target":{"@type":"EntryPoint","urlTemplate":"https:\/\/grontkontor.dk\/?s={search_term_string}"},"query-input":"required name=search_term_string"}],"inLanguage":"no-NO"},{"@type":"Organization","@id":"https:\/\/grontkontor.dk\/#organization","name":"Gr\u00f8nt Kontor","url":"https:\/\/grontkontor.dk\/","logo":{"@type":"ImageObject","inLanguage":"no-NO","@id":"https:\/\/grontkontor.dk\/#\/schema\/logo\/image\/","url":"https:\/\/grontkontor.dk\/wp-content\/uploads\/2014\/02\/Logo_groent_kontor_300x80.png","contentUrl":"https:\/\/grontkontor.dk\/wp-content\/uploads\/2014\/02\/Logo_groent_kontor_300x80.png","width":300,"height":80,"caption":"Gr\u00f8nt Kontor"},"image":{"@id":"https:\/\/grontkontor.dk\/#\/schema\/logo\/image\/"},"sameAs":["https:\/\/www.facebook.com\/grontkontor.dk\/"]}]}},"_links":{"self":[{"href":"https:\/\/grontkontor.dk\/no\/wp-json\/wp\/v2\/product\/130609"}],"collection":[{"href":"https:\/\/grontkontor.dk\/no\/wp-json\/wp\/v2\/product"}],"about":[{"href":"https:\/\/grontkontor.dk\/no\/wp-json\/wp\/v2\/types\/product"}],"replies":[{"embeddable":true,"href":"https:\/\/grontkontor.dk\/no\/wp-json\/wp\/v2\/comments?post=130609"}],"wp:featuredmedia":[{"embeddable":true,"href":"https:\/\/grontkontor.dk\/no\/wp-json\/wp\/v2\/media\/130765"}],"wp:attachment":[{"href":"https:\/\/grontkontor.dk\/no\/wp-json\/wp\/v2\/media?parent=130609"}],"wp:term":[{"taxonomy":"product_cat","embeddable":true,"href":"https:\/\/grontkontor.dk\/no\/wp-json\/wp\/v2\/product_cat?post=130609"},{"taxonomy":"product_tag","embeddable":true,"href":"https:\/\/grontkontor.dk\/no\/wp-json\/wp\/v2\/product_tag?post=130609"}],"curies":[{"name":"wp","href":"https:\/\/api.w.org\/{rel}","templated":true}]}}