{"id":130667,"date":"2025-10-30T11:31:54","date_gmt":"2025-10-30T10:31:57","guid":{"rendered":"https:\/\/grontkontor.dk\/?post_type=product&#038;p=130667"},"modified":"2025-11-03T10:04:37","modified_gmt":"2025-11-03T09:04:37","slug":"julepynt-i-genanvendt-papir-julekugle","status":"publish","type":"product","link":"https:\/\/grontkontor.dk\/no\/shop\/julepynt-i-genanvendt-papir-julekugle\/","title":{"rendered":"Julepynt i resirkulert papir &#8211; Julekule"},"content":{"rendered":"<p>Lag en elegant og ansvarlig juledekorasjon med milj\u00f8vennlig julepynt i resirkulert papir. Denne vakre julekulen er et klimavennlig alternativ til tradisjonell plastpynt, designet for \u00e5 bringe varme og stil til hjemmet ditt. Ornamentene er laget av papir som er FSC Recycled-sertifisert, noe som garanterer et h\u00f8yt innhold av resirkulert materiale. Dette gj\u00f8r det til et sterkt milj\u00f8vennlig valg som st\u00f8tter den sirkul\u00e6re \u00f8konomien.   <\/p>\n<p>Kleshengeren har form som en klassisk julekule og kan enkelt brettes ut og festes med magnetisk lukking. Denne smarte, sammenleggbare funksjonen gj\u00f8r det utrolig enkelt \u00e5 oppbevare dekorasjonene etter ferien, slik at du kan gjenbruke dem \u00e5r etter \u00e5r. Julekulen er tilgjengelig i tre festlige farger: naturlig, r\u00f8d og gr\u00f8nn, noe som gir deg fleksibiliteten til \u00e5 matche din eksisterende julepynt.  <\/p>\n<p>Milj\u00f8vennlig julepynt i resirkulert papir er ideell som firmagave eller giveaway og kan bestilles med eller uten logotrykk. Ved \u00e5 tilby et slikt bevisst produkt sender bedriften din et klart budskap om bekymring for milj\u00f8et. Gj\u00f8r julen din mer klimavennlig og vakker med denne slitesterke og stilige julekulen.  <\/p>\n<p>[papir]<\/p>\n<p>&nbsp;<\/p>\n<a href=\"https:\/\/ic.fsc.org\/en\/\" target=\"window\"><img loading=\"lazy\" decoding=\"async\" class=\"size-full wp-image-12735\" src=\"https:\/\/grontkontor.dk\/wp-content\/uploads\/2019\/04\/fsc-certificeret.png\" \n\t\t alt=\"FSC-certificeret\" title=\"FSC-certificeret\" width=\"44\" height=\"51\" border=0\/><\/a>\n","protected":false},"excerpt":{"rendered":"<p>Lag en elegant og ansvarlig juledekorasjon med milj\u00f8vennlig julepynt i resirkulert papir. Denne vakre julekulen er et klimavennlig alternativ til tradisjonell plastpynt, designet for \u00e5 bringe varme og stil til hjemmet ditt. Ornamentene er laget av papir som er FSC Recycled-sertifisert, noe som garanterer et h\u00f8yt innhold av resirkulert materiale. Dette gj\u00f8r det til et [&hellip;]<\/p>\n","protected":false},"featured_media":130755,"comment_status":"closed","ping_status":"closed","template":"","meta":{"_acf_changed":false},"product_cat":[3199,4851,3194,2657],"product_tag":[4852,3661],"class_list":{"0":"post-130667","1":"product","2":"type-product","3":"status-publish","4":"has-post-thumbnail","6":"product_cat-dummy-moq-1-no","7":"product_cat-jul-og-hoeytider","8":"product_cat-klimavennlige-firmagaver","9":"product_cat-nyheter","10":"product_tag-jul-no","11":"product_tag-juledekorasjoner","12":"pa_farve-appelsin","13":"pa_farve-army-groenn","14":"pa_farve-assortert","15":"pa_farve-azure-no","16":"pa_farve-beige-no","17":"pa_farve-blande","18":"pa_farve-blek-rosa","19":"pa_farve-blaa-no-2","20":"pa_farve-blaa-no","21":"pa_farve-blaa-min-100-stk-no","22":"pa_farve-blaa-min-15-no","23":"pa_farve-blaa-min-15-stk-no","24":"pa_farve-blaa-gul-no","25":"pa_farve-blaa-groenn-gul","26":"pa_farve-blaatt-blekk","27":"pa_farve-bordeaux-no","28":"pa_farve-bringebaer-roed","29":"pa_farve-browne-no","30":"pa_farve-brun-no-2","31":"pa_farve-brun-no-3","32":"pa_farve-brun-no","33":"pa_farve-brun-med-svart-topp-og-bunn","34":"pa_farve-crimson-no","35":"pa_farve-dyp-groenn","36":"pa_farve-ed","37":"pa_farve-eik","38":"pa_farve-fersken-no","39":"pa_farve-fiolett","40":"pa_farve-flaske-groenn","41":"pa_farve-floete","42":"pa_farve-floete-no","43":"pa_farve-fuchsia-min-100-stk-no","44":"pa_farve-gjennomsiktig","45":"pa_farve-gjennomsiktig-no","46":"pa_farve-grafitt","47":"pa_farve-graa-no","48":"pa_farve-graa-no-2","49":"pa_farve-graa-min-100-stk-no","50":"pa_farve-groenn-no","51":"pa_farve-groenn","52":"pa_farve-gul-no-2","53":"pa_farve-gul-no","54":"pa_farve-gull","55":"pa_farve-havblaa","56":"pa_farve-hvit","57":"pa_farve-hvit-no","58":"pa_farve-hvit-pigmentert","59":"pa_farve-hvit-pigmentert-med-svart-topp-og-bunn","60":"pa_farve-hvitpigmentert-med-brun-topp-og-bunn","61":"pa_farve-kalk-no","62":"pa_farve-khaki-no","63":"pa_farve-knust-hvit","64":"pa_farve-koksgraa-no","65":"pa_farve-kongeblaa-no","66":"pa_farve-kongeblaa","67":"pa_farve-krenke","68":"pa_farve-lilla-no","69":"pa_farve-lime-groenn","70":"pa_farve-lyseblaa-no","71":"pa_farve-lysegraa","72":"pa_farve-lysegroenn","73":"pa_farve-magenta-no","74":"pa_farve-mange","75":"pa_farve-marine","76":"pa_farve-mynte","77":"pa_farve-moerk-graa-no","78":"pa_farve-moerkegraa-no","79":"pa_farve-moerk-roed","80":"pa_farve-moerkeblaa-no","81":"pa_farve-moerkegroenn","82":"pa_farve-natur-no","83":"pa_farve-natur-min-100-stk-no","84":"pa_farve-oliven-no","85":"pa_farve-parafin-groenn","86":"pa_farve-rosa","87":"pa_farve-roed-no","88":"pa_farve-roed-min-100-stk-no","89":"pa_farve-roed-min-15-no","90":"pa_farve-roed-min-15-blaa-min-15-no","91":"pa_farve-roed-min-15-stk-no","92":"pa_farve-roed-min-15-stk-blaa-min-15-stk-no","93":"pa_farve-roedbrun-no","94":"pa_farve-sandfarget","95":"pa_farve-sennep-no","96":"pa_farve-sennep-gul","97":"pa_farve-struktur-no","98":"pa_farve-svart-no","99":"pa_farve-svart","100":"pa_farve-svart-min-100-stk","101":"pa_farve-svart-blekk","102":"pa_farve-svart-gull-og-soelv","103":"pa_farve-soelv-no-3","104":"pa_farve-soelv-no-2","105":"pa_farve-soelv-no","106":"pa_farve-tre","107":"pa_farve-turkis-no","108":"pa_farve-turkis-no-2","109":"pa_farve-valnoett","110":"pa_farve-vin-roed","111":"tm-has-options","113":"first","114":"instock","115":"taxable","116":"shipping-taxable","117":"purchasable","118":"product-type-variable","119":"has-default-attributes"},"acf":[],"yoast_head":"<!-- This site is optimized with the Yoast SEO Premium plugin v21.2 (Yoast SEO v21.2) - https:\/\/yoast.com\/wordpress\/plugins\/seo\/ -->\n<title>Milj\u00f8vennlig julepynt i resirkulert papir<\/title>\n<meta name=\"description\" content=\"Kj\u00f8p milj\u00f8vennlig julepynt i resirkulert papir. Julekulen finnes i natur, r\u00f8d og gr\u00f8nn og er et klimavennlig og sirkul\u00e6rt valg.\" \/>\n<meta name=\"robots\" content=\"index, follow, max-snippet:-1, max-image-preview:large, max-video-preview:-1\" \/>\n<link rel=\"canonical\" href=\"https:\/\/grontkontor.dk\/no\/shop\/julepynt-i-genanvendt-papir-julekugle\/\" \/>\n<meta property=\"og:locale\" content=\"en_US\" \/>\n<meta property=\"og:type\" content=\"article\" \/>\n<meta property=\"og:title\" content=\"Julepynt i resirkulert papir - Julekule\" \/>\n<meta property=\"og:description\" content=\"Kj\u00f8p milj\u00f8vennlig julepynt i resirkulert papir. Julekulen finnes i natur, r\u00f8d og gr\u00f8nn og er et klimavennlig og sirkul\u00e6rt valg.\" \/>\n<meta property=\"og:url\" content=\"https:\/\/grontkontor.dk\/no\/shop\/julepynt-i-genanvendt-papir-julekugle\/\" \/>\n<meta property=\"og:site_name\" content=\"Gr\u00f8nt Kontor\" \/>\n<meta property=\"article:publisher\" content=\"https:\/\/www.facebook.com\/grontkontor.dk\/\" \/>\n<meta property=\"article:modified_time\" content=\"2025-11-03T09:04:37+00:00\" \/>\n<meta property=\"og:image\" content=\"https:\/\/grontkontor.dk\/wp-content\/uploads\/2025\/10\/Julekugler-FSC.jpg\" \/>\n\t<meta property=\"og:image:width\" content=\"1518\" \/>\n\t<meta property=\"og:image:height\" content=\"1078\" \/>\n\t<meta property=\"og:image:type\" content=\"image\/jpeg\" \/>\n<meta name=\"twitter:card\" content=\"summary_large_image\" \/>\n<meta name=\"twitter:label1\" content=\"Est. reading time\" \/>\n\t<meta name=\"twitter:data1\" content=\"1 minute\" \/>\n<script type=\"application\/ld+json\" class=\"yoast-schema-graph\">{\"@context\":\"https:\/\/schema.org\",\"@graph\":[{\"@type\":\"WebPage\",\"@id\":\"https:\/\/grontkontor.dk\/no\/shop\/julepynt-i-genanvendt-papir-julekugle\/\",\"url\":\"https:\/\/grontkontor.dk\/no\/shop\/julepynt-i-genanvendt-papir-julekugle\/\",\"name\":\"Milj\u00f8vennlig julepynt i resirkulert papir\",\"isPartOf\":{\"@id\":\"https:\/\/grontkontor.dk\/#website\"},\"datePublished\":\"2025-10-30T10:31:57+00:00\",\"dateModified\":\"2025-11-03T09:04:37+00:00\",\"description\":\"Kj\u00f8p milj\u00f8vennlig julepynt i resirkulert papir. Julekulen finnes i natur, r\u00f8d og gr\u00f8nn og er et klimavennlig og sirkul\u00e6rt valg.\",\"breadcrumb\":{\"@id\":\"https:\/\/grontkontor.dk\/no\/shop\/julepynt-i-genanvendt-papir-julekugle\/#breadcrumb\"},\"inLanguage\":\"no-NO\",\"potentialAction\":[{\"@type\":\"ReadAction\",\"target\":[\"https:\/\/grontkontor.dk\/no\/shop\/julepynt-i-genanvendt-papir-julekugle\/\"]}]},{\"@type\":\"BreadcrumbList\",\"@id\":\"https:\/\/grontkontor.dk\/no\/shop\/julepynt-i-genanvendt-papir-julekugle\/#breadcrumb\",\"itemListElement\":[{\"@type\":\"ListItem\",\"position\":1,\"name\":\"Forside\",\"item\":\"https:\/\/grontkontor.dk\/\"},{\"@type\":\"ListItem\",\"position\":2,\"name\":\"Butikk\",\"item\":\"https:\/\/grontkontor.dk\/no\/butikk-2\/\"},{\"@type\":\"ListItem\",\"position\":3,\"name\":\"Klimavenlige firmagaver\",\"item\":\"https:\/\/grontkontor.dk\/produkt-kategori\/klimavenlige-firmagaver\/\"},{\"@type\":\"ListItem\",\"position\":4,\"name\":\"Julepynt i resirkulert papir &#8211; Julekule\"}]},{\"@type\":\"WebSite\",\"@id\":\"https:\/\/grontkontor.dk\/#website\",\"url\":\"https:\/\/grontkontor.dk\/\",\"name\":\"Gr\u00f8nt Kontor\",\"description\":\"Milj\u00f8venlige produkter til kontor og erhverv med fokus p\u00e5 b\u00e6redygtighed, design og fair trade.\",\"publisher\":{\"@id\":\"https:\/\/grontkontor.dk\/#organization\"},\"potentialAction\":[{\"@type\":\"SearchAction\",\"target\":{\"@type\":\"EntryPoint\",\"urlTemplate\":\"https:\/\/grontkontor.dk\/?s={search_term_string}\"},\"query-input\":\"required name=search_term_string\"}],\"inLanguage\":\"no-NO\"},{\"@type\":\"Organization\",\"@id\":\"https:\/\/grontkontor.dk\/#organization\",\"name\":\"Gr\u00f8nt Kontor\",\"url\":\"https:\/\/grontkontor.dk\/\",\"logo\":{\"@type\":\"ImageObject\",\"inLanguage\":\"no-NO\",\"@id\":\"https:\/\/grontkontor.dk\/#\/schema\/logo\/image\/\",\"url\":\"https:\/\/grontkontor.dk\/wp-content\/uploads\/2014\/02\/Logo_groent_kontor_300x80.png\",\"contentUrl\":\"https:\/\/grontkontor.dk\/wp-content\/uploads\/2014\/02\/Logo_groent_kontor_300x80.png\",\"width\":300,\"height\":80,\"caption\":\"Gr\u00f8nt Kontor\"},\"image\":{\"@id\":\"https:\/\/grontkontor.dk\/#\/schema\/logo\/image\/\"},\"sameAs\":[\"https:\/\/www.facebook.com\/grontkontor.dk\/\"]}]}<\/script>\n<!-- \/ Yoast SEO Premium plugin. -->","yoast_head_json":{"title":"Milj\u00f8vennlig julepynt i resirkulert papir","description":"Kj\u00f8p milj\u00f8vennlig julepynt i resirkulert papir. Julekulen finnes i natur, r\u00f8d og gr\u00f8nn og er et klimavennlig og sirkul\u00e6rt valg.","robots":{"index":"index","follow":"follow","max-snippet":"max-snippet:-1","max-image-preview":"max-image-preview:large","max-video-preview":"max-video-preview:-1"},"canonical":"https:\/\/grontkontor.dk\/no\/shop\/julepynt-i-genanvendt-papir-julekugle\/","og_locale":"en_US","og_type":"article","og_title":"Julepynt i resirkulert papir - Julekule","og_description":"Kj\u00f8p milj\u00f8vennlig julepynt i resirkulert papir. Julekulen finnes i natur, r\u00f8d og gr\u00f8nn og er et klimavennlig og sirkul\u00e6rt valg.","og_url":"https:\/\/grontkontor.dk\/no\/shop\/julepynt-i-genanvendt-papir-julekugle\/","og_site_name":"Gr\u00f8nt Kontor","article_publisher":"https:\/\/www.facebook.com\/grontkontor.dk\/","article_modified_time":"2025-11-03T09:04:37+00:00","og_image":[{"width":1518,"height":1078,"url":"https:\/\/grontkontor.dk\/wp-content\/uploads\/2025\/10\/Julekugler-FSC.jpg","type":"image\/jpeg"}],"twitter_card":"summary_large_image","twitter_misc":{"Est. reading time":"1 minute"},"schema":{"@context":"https:\/\/schema.org","@graph":[{"@type":"WebPage","@id":"https:\/\/grontkontor.dk\/no\/shop\/julepynt-i-genanvendt-papir-julekugle\/","url":"https:\/\/grontkontor.dk\/no\/shop\/julepynt-i-genanvendt-papir-julekugle\/","name":"Milj\u00f8vennlig julepynt i resirkulert papir","isPartOf":{"@id":"https:\/\/grontkontor.dk\/#website"},"datePublished":"2025-10-30T10:31:57+00:00","dateModified":"2025-11-03T09:04:37+00:00","description":"Kj\u00f8p milj\u00f8vennlig julepynt i resirkulert papir. Julekulen finnes i natur, r\u00f8d og gr\u00f8nn og er et klimavennlig og sirkul\u00e6rt valg.","breadcrumb":{"@id":"https:\/\/grontkontor.dk\/no\/shop\/julepynt-i-genanvendt-papir-julekugle\/#breadcrumb"},"inLanguage":"no-NO","potentialAction":[{"@type":"ReadAction","target":["https:\/\/grontkontor.dk\/no\/shop\/julepynt-i-genanvendt-papir-julekugle\/"]}]},{"@type":"BreadcrumbList","@id":"https:\/\/grontkontor.dk\/no\/shop\/julepynt-i-genanvendt-papir-julekugle\/#breadcrumb","itemListElement":[{"@type":"ListItem","position":1,"name":"Forside","item":"https:\/\/grontkontor.dk\/"},{"@type":"ListItem","position":2,"name":"Butikk","item":"https:\/\/grontkontor.dk\/no\/butikk-2\/"},{"@type":"ListItem","position":3,"name":"Klimavenlige firmagaver","item":"https:\/\/grontkontor.dk\/produkt-kategori\/klimavenlige-firmagaver\/"},{"@type":"ListItem","position":4,"name":"Julepynt i resirkulert papir &#8211; Julekule"}]},{"@type":"WebSite","@id":"https:\/\/grontkontor.dk\/#website","url":"https:\/\/grontkontor.dk\/","name":"Gr\u00f8nt Kontor","description":"Milj\u00f8venlige produkter til kontor og erhverv med fokus p\u00e5 b\u00e6redygtighed, design og fair trade.","publisher":{"@id":"https:\/\/grontkontor.dk\/#organization"},"potentialAction":[{"@type":"SearchAction","target":{"@type":"EntryPoint","urlTemplate":"https:\/\/grontkontor.dk\/?s={search_term_string}"},"query-input":"required name=search_term_string"}],"inLanguage":"no-NO"},{"@type":"Organization","@id":"https:\/\/grontkontor.dk\/#organization","name":"Gr\u00f8nt Kontor","url":"https:\/\/grontkontor.dk\/","logo":{"@type":"ImageObject","inLanguage":"no-NO","@id":"https:\/\/grontkontor.dk\/#\/schema\/logo\/image\/","url":"https:\/\/grontkontor.dk\/wp-content\/uploads\/2014\/02\/Logo_groent_kontor_300x80.png","contentUrl":"https:\/\/grontkontor.dk\/wp-content\/uploads\/2014\/02\/Logo_groent_kontor_300x80.png","width":300,"height":80,"caption":"Gr\u00f8nt Kontor"},"image":{"@id":"https:\/\/grontkontor.dk\/#\/schema\/logo\/image\/"},"sameAs":["https:\/\/www.facebook.com\/grontkontor.dk\/"]}]}},"_links":{"self":[{"href":"https:\/\/grontkontor.dk\/no\/wp-json\/wp\/v2\/product\/130667"}],"collection":[{"href":"https:\/\/grontkontor.dk\/no\/wp-json\/wp\/v2\/product"}],"about":[{"href":"https:\/\/grontkontor.dk\/no\/wp-json\/wp\/v2\/types\/product"}],"replies":[{"embeddable":true,"href":"https:\/\/grontkontor.dk\/no\/wp-json\/wp\/v2\/comments?post=130667"}],"wp:featuredmedia":[{"embeddable":true,"href":"https:\/\/grontkontor.dk\/no\/wp-json\/wp\/v2\/media\/130755"}],"wp:attachment":[{"href":"https:\/\/grontkontor.dk\/no\/wp-json\/wp\/v2\/media?parent=130667"}],"wp:term":[{"taxonomy":"product_cat","embeddable":true,"href":"https:\/\/grontkontor.dk\/no\/wp-json\/wp\/v2\/product_cat?post=130667"},{"taxonomy":"product_tag","embeddable":true,"href":"https:\/\/grontkontor.dk\/no\/wp-json\/wp\/v2\/product_tag?post=130667"}],"curies":[{"name":"wp","href":"https:\/\/api.w.org\/{rel}","templated":true}]}}