{"id":130715,"date":"2025-10-30T13:02:48","date_gmt":"2025-10-30T12:02:51","guid":{"rendered":"https:\/\/grontkontor.dk\/?post_type=product&#038;p=130715"},"modified":"2025-11-06T14:05:25","modified_gmt":"2025-11-06T13:05:25","slug":"klimavenlig-keyhanger-bomuld-og-trae","status":"publish","type":"product","link":"https:\/\/grontkontor.dk\/no\/shop\/klimavenlig-keyhanger-bomuld-og-trae\/","title":{"rendered":"Klimavennlig bomulls- og tresnorer"},"content":{"rendered":"<p>Gi merkevaren din et milj\u00f8vennlig l\u00f8ft med en klimavennlig bomullssnor. Denne snoren er en stilig og ansvarlig m\u00e5te \u00e5 b\u00e6re ID-kort, n\u00f8kler eller annet tilbeh\u00f8r p\u00e5. Selve snoren er laget av myk bomull, som er et naturlig og behagelig materiale som f\u00f8les bra rundt halsen.  <\/p>\n<p>Snoren er utstyrt med en medaljong av naturlig tre som gir et autentisk og varmt utseende. Ved \u00e5 ha en klimavennlig bomullssnor sender du et tydelig signal om at din bedrift prioriterer naturlige og klimavennlige materialer. <\/p>\n<p>For \u00e5 sikre maksimal sikkerhet er snoren utstyrt med en sikkerhetsl\u00e5s av hvetestrom i nakken \u2013 et smart og milj\u00f8vennlig alternativ til tradisjonell plast. Denne sikkerhetsl\u00e5sen s\u00f8rger for at snorens sikkerhetsklips automatisk \u00e5pnes hvis den setter seg fast. Den unike kombinasjonen av tre, bomull og hvetehalm gj\u00f8r denne snoren til et sirkul\u00e6rt og gjennomtenkt produkt, perfekt som reklameartikkel eller som en del av personalets uniform.  <\/p>\n<p>[bomuld]<\/p>\n","protected":false},"excerpt":{"rendered":"<p>Gi merkevaren din et milj\u00f8vennlig l\u00f8ft med en klimavennlig bomullssnor. Denne snoren er en stilig og ansvarlig m\u00e5te \u00e5 b\u00e6re ID-kort, n\u00f8kler eller annet tilbeh\u00f8r p\u00e5. Selve snoren er laget av myk bomull, som er et naturlig og behagelig materiale som f\u00f8les bra rundt halsen. Snoren er utstyrt med en medaljong av naturlig tre som [&hellip;]<\/p>\n","protected":false},"featured_media":130730,"comment_status":"closed","ping_status":"closed","template":"","meta":{"_acf_changed":false},"product_cat":[3199,2657,3675],"product_tag":[3678,3680],"class_list":{"0":"post-130715","1":"product","2":"type-product","3":"status-publish","4":"has-post-thumbnail","6":"product_cat-dummy-moq-1-no","7":"product_cat-nyheter","8":"product_cat-tastehengere-og-navnelapper","9":"product_tag-keyhanger-no","10":"product_tag-lanyard","11":"tm-has-options","13":"first","14":"instock","15":"taxable","16":"shipping-taxable","17":"purchasable","18":"product-type-simple"},"acf":[],"yoast_head":"<!-- This site is optimized with the Yoast SEO Premium plugin v21.2 (Yoast SEO v21.2) - https:\/\/yoast.com\/wordpress\/plugins\/seo\/ -->\n<title>Klimavennlig bomullssnor<\/title>\n<meta name=\"description\" content=\"Kj\u00f8p en klimavennlig bomullssnor med en tremedalje og en sikkerhetsl\u00e5s laget av hvetehalm. Den er milj\u00f8vennlig og sirkul\u00e6r, perfekt som reklameartikkel eller firmagave.\" \/>\n<meta name=\"robots\" content=\"index, follow, max-snippet:-1, max-image-preview:large, max-video-preview:-1\" \/>\n<link rel=\"canonical\" href=\"https:\/\/grontkontor.dk\/no\/shop\/klimavenlig-keyhanger-bomuld-og-trae\/\" \/>\n<meta property=\"og:locale\" content=\"en_US\" \/>\n<meta property=\"og:type\" content=\"article\" \/>\n<meta property=\"og:title\" content=\"Klimavennlig bomulls- og tresnorer\" \/>\n<meta property=\"og:description\" content=\"Kj\u00f8p en klimavennlig bomullssnor med en tremedalje og en sikkerhetsl\u00e5s laget av hvetehalm. Den er milj\u00f8vennlig og sirkul\u00e6r, perfekt som reklameartikkel eller firmagave.\" \/>\n<meta property=\"og:url\" content=\"https:\/\/grontkontor.dk\/no\/shop\/klimavenlig-keyhanger-bomuld-og-trae\/\" \/>\n<meta property=\"og:site_name\" content=\"Gr\u00f8nt Kontor\" \/>\n<meta property=\"article:publisher\" content=\"https:\/\/www.facebook.com\/grontkontor.dk\/\" \/>\n<meta property=\"article:modified_time\" content=\"2025-11-06T13:05:25+00:00\" \/>\n<meta property=\"og:image\" content=\"https:\/\/grontkontor.dk\/wp-content\/uploads\/2025\/10\/Klimavenlig-keyhanger-i-bomuld.jpg\" \/>\n\t<meta property=\"og:image:width\" content=\"900\" \/>\n\t<meta property=\"og:image:height\" content=\"639\" \/>\n\t<meta property=\"og:image:type\" content=\"image\/jpeg\" \/>\n<meta name=\"twitter:card\" content=\"summary_large_image\" \/>\n<meta name=\"twitter:label1\" content=\"Est. reading time\" \/>\n\t<meta name=\"twitter:data1\" content=\"1 minute\" \/>\n<script type=\"application\/ld+json\" class=\"yoast-schema-graph\">{\"@context\":\"https:\/\/schema.org\",\"@graph\":[{\"@type\":\"WebPage\",\"@id\":\"https:\/\/grontkontor.dk\/no\/shop\/klimavenlig-keyhanger-bomuld-og-trae\/\",\"url\":\"https:\/\/grontkontor.dk\/no\/shop\/klimavenlig-keyhanger-bomuld-og-trae\/\",\"name\":\"Klimavennlig bomullssnor\",\"isPartOf\":{\"@id\":\"https:\/\/grontkontor.dk\/#website\"},\"datePublished\":\"2025-10-30T12:02:51+00:00\",\"dateModified\":\"2025-11-06T13:05:25+00:00\",\"description\":\"Kj\u00f8p en klimavennlig bomullssnor med en tremedalje og en sikkerhetsl\u00e5s laget av hvetehalm. Den er milj\u00f8vennlig og sirkul\u00e6r, perfekt som reklameartikkel eller firmagave.\",\"breadcrumb\":{\"@id\":\"https:\/\/grontkontor.dk\/no\/shop\/klimavenlig-keyhanger-bomuld-og-trae\/#breadcrumb\"},\"inLanguage\":\"no-NO\",\"potentialAction\":[{\"@type\":\"ReadAction\",\"target\":[\"https:\/\/grontkontor.dk\/no\/shop\/klimavenlig-keyhanger-bomuld-og-trae\/\"]}]},{\"@type\":\"BreadcrumbList\",\"@id\":\"https:\/\/grontkontor.dk\/no\/shop\/klimavenlig-keyhanger-bomuld-og-trae\/#breadcrumb\",\"itemListElement\":[{\"@type\":\"ListItem\",\"position\":1,\"name\":\"Forside\",\"item\":\"https:\/\/grontkontor.dk\/\"},{\"@type\":\"ListItem\",\"position\":2,\"name\":\"Butikk\",\"item\":\"https:\/\/grontkontor.dk\/no\/butikk-2\/\"},{\"@type\":\"ListItem\",\"position\":3,\"name\":\"Messe og event\",\"item\":\"https:\/\/grontkontor.dk\/produkt-kategori\/messe-og-event\/\"},{\"@type\":\"ListItem\",\"position\":4,\"name\":\"Keyhangers og navneskilte\",\"item\":\"https:\/\/grontkontor.dk\/produkt-kategori\/messe-og-event\/keyhangers-og-navneskilte\/\"},{\"@type\":\"ListItem\",\"position\":5,\"name\":\"Klimavennlig bomulls- og tresnorer\"}]},{\"@type\":\"WebSite\",\"@id\":\"https:\/\/grontkontor.dk\/#website\",\"url\":\"https:\/\/grontkontor.dk\/\",\"name\":\"Gr\u00f8nt Kontor\",\"description\":\"Milj\u00f8venlige produkter til kontor og erhverv med fokus p\u00e5 b\u00e6redygtighed, design og fair trade.\",\"publisher\":{\"@id\":\"https:\/\/grontkontor.dk\/#organization\"},\"potentialAction\":[{\"@type\":\"SearchAction\",\"target\":{\"@type\":\"EntryPoint\",\"urlTemplate\":\"https:\/\/grontkontor.dk\/?s={search_term_string}\"},\"query-input\":\"required name=search_term_string\"}],\"inLanguage\":\"no-NO\"},{\"@type\":\"Organization\",\"@id\":\"https:\/\/grontkontor.dk\/#organization\",\"name\":\"Gr\u00f8nt Kontor\",\"url\":\"https:\/\/grontkontor.dk\/\",\"logo\":{\"@type\":\"ImageObject\",\"inLanguage\":\"no-NO\",\"@id\":\"https:\/\/grontkontor.dk\/#\/schema\/logo\/image\/\",\"url\":\"https:\/\/grontkontor.dk\/wp-content\/uploads\/2014\/02\/Logo_groent_kontor_300x80.png\",\"contentUrl\":\"https:\/\/grontkontor.dk\/wp-content\/uploads\/2014\/02\/Logo_groent_kontor_300x80.png\",\"width\":300,\"height\":80,\"caption\":\"Gr\u00f8nt Kontor\"},\"image\":{\"@id\":\"https:\/\/grontkontor.dk\/#\/schema\/logo\/image\/\"},\"sameAs\":[\"https:\/\/www.facebook.com\/grontkontor.dk\/\"]}]}<\/script>\n<!-- \/ Yoast SEO Premium plugin. -->","yoast_head_json":{"title":"Klimavennlig bomullssnor","description":"Kj\u00f8p en klimavennlig bomullssnor med en tremedalje og en sikkerhetsl\u00e5s laget av hvetehalm. Den er milj\u00f8vennlig og sirkul\u00e6r, perfekt som reklameartikkel eller firmagave.","robots":{"index":"index","follow":"follow","max-snippet":"max-snippet:-1","max-image-preview":"max-image-preview:large","max-video-preview":"max-video-preview:-1"},"canonical":"https:\/\/grontkontor.dk\/no\/shop\/klimavenlig-keyhanger-bomuld-og-trae\/","og_locale":"en_US","og_type":"article","og_title":"Klimavennlig bomulls- og tresnorer","og_description":"Kj\u00f8p en klimavennlig bomullssnor med en tremedalje og en sikkerhetsl\u00e5s laget av hvetehalm. Den er milj\u00f8vennlig og sirkul\u00e6r, perfekt som reklameartikkel eller firmagave.","og_url":"https:\/\/grontkontor.dk\/no\/shop\/klimavenlig-keyhanger-bomuld-og-trae\/","og_site_name":"Gr\u00f8nt Kontor","article_publisher":"https:\/\/www.facebook.com\/grontkontor.dk\/","article_modified_time":"2025-11-06T13:05:25+00:00","og_image":[{"width":900,"height":639,"url":"https:\/\/grontkontor.dk\/wp-content\/uploads\/2025\/10\/Klimavenlig-keyhanger-i-bomuld.jpg","type":"image\/jpeg"}],"twitter_card":"summary_large_image","twitter_misc":{"Est. reading time":"1 minute"},"schema":{"@context":"https:\/\/schema.org","@graph":[{"@type":"WebPage","@id":"https:\/\/grontkontor.dk\/no\/shop\/klimavenlig-keyhanger-bomuld-og-trae\/","url":"https:\/\/grontkontor.dk\/no\/shop\/klimavenlig-keyhanger-bomuld-og-trae\/","name":"Klimavennlig bomullssnor","isPartOf":{"@id":"https:\/\/grontkontor.dk\/#website"},"datePublished":"2025-10-30T12:02:51+00:00","dateModified":"2025-11-06T13:05:25+00:00","description":"Kj\u00f8p en klimavennlig bomullssnor med en tremedalje og en sikkerhetsl\u00e5s laget av hvetehalm. Den er milj\u00f8vennlig og sirkul\u00e6r, perfekt som reklameartikkel eller firmagave.","breadcrumb":{"@id":"https:\/\/grontkontor.dk\/no\/shop\/klimavenlig-keyhanger-bomuld-og-trae\/#breadcrumb"},"inLanguage":"no-NO","potentialAction":[{"@type":"ReadAction","target":["https:\/\/grontkontor.dk\/no\/shop\/klimavenlig-keyhanger-bomuld-og-trae\/"]}]},{"@type":"BreadcrumbList","@id":"https:\/\/grontkontor.dk\/no\/shop\/klimavenlig-keyhanger-bomuld-og-trae\/#breadcrumb","itemListElement":[{"@type":"ListItem","position":1,"name":"Forside","item":"https:\/\/grontkontor.dk\/"},{"@type":"ListItem","position":2,"name":"Butikk","item":"https:\/\/grontkontor.dk\/no\/butikk-2\/"},{"@type":"ListItem","position":3,"name":"Messe og event","item":"https:\/\/grontkontor.dk\/produkt-kategori\/messe-og-event\/"},{"@type":"ListItem","position":4,"name":"Keyhangers og navneskilte","item":"https:\/\/grontkontor.dk\/produkt-kategori\/messe-og-event\/keyhangers-og-navneskilte\/"},{"@type":"ListItem","position":5,"name":"Klimavennlig bomulls- og tresnorer"}]},{"@type":"WebSite","@id":"https:\/\/grontkontor.dk\/#website","url":"https:\/\/grontkontor.dk\/","name":"Gr\u00f8nt Kontor","description":"Milj\u00f8venlige produkter til kontor og erhverv med fokus p\u00e5 b\u00e6redygtighed, design og fair trade.","publisher":{"@id":"https:\/\/grontkontor.dk\/#organization"},"potentialAction":[{"@type":"SearchAction","target":{"@type":"EntryPoint","urlTemplate":"https:\/\/grontkontor.dk\/?s={search_term_string}"},"query-input":"required name=search_term_string"}],"inLanguage":"no-NO"},{"@type":"Organization","@id":"https:\/\/grontkontor.dk\/#organization","name":"Gr\u00f8nt Kontor","url":"https:\/\/grontkontor.dk\/","logo":{"@type":"ImageObject","inLanguage":"no-NO","@id":"https:\/\/grontkontor.dk\/#\/schema\/logo\/image\/","url":"https:\/\/grontkontor.dk\/wp-content\/uploads\/2014\/02\/Logo_groent_kontor_300x80.png","contentUrl":"https:\/\/grontkontor.dk\/wp-content\/uploads\/2014\/02\/Logo_groent_kontor_300x80.png","width":300,"height":80,"caption":"Gr\u00f8nt Kontor"},"image":{"@id":"https:\/\/grontkontor.dk\/#\/schema\/logo\/image\/"},"sameAs":["https:\/\/www.facebook.com\/grontkontor.dk\/"]}]}},"_links":{"self":[{"href":"https:\/\/grontkontor.dk\/no\/wp-json\/wp\/v2\/product\/130715"}],"collection":[{"href":"https:\/\/grontkontor.dk\/no\/wp-json\/wp\/v2\/product"}],"about":[{"href":"https:\/\/grontkontor.dk\/no\/wp-json\/wp\/v2\/types\/product"}],"replies":[{"embeddable":true,"href":"https:\/\/grontkontor.dk\/no\/wp-json\/wp\/v2\/comments?post=130715"}],"wp:featuredmedia":[{"embeddable":true,"href":"https:\/\/grontkontor.dk\/no\/wp-json\/wp\/v2\/media\/130730"}],"wp:attachment":[{"href":"https:\/\/grontkontor.dk\/no\/wp-json\/wp\/v2\/media?parent=130715"}],"wp:term":[{"taxonomy":"product_cat","embeddable":true,"href":"https:\/\/grontkontor.dk\/no\/wp-json\/wp\/v2\/product_cat?post=130715"},{"taxonomy":"product_tag","embeddable":true,"href":"https:\/\/grontkontor.dk\/no\/wp-json\/wp\/v2\/product_tag?post=130715"}],"curies":[{"name":"wp","href":"https:\/\/api.w.org\/{rel}","templated":true}]}}