{"id":130912,"date":"2025-11-05T11:46:50","date_gmt":"2025-11-05T10:46:51","guid":{"rendered":"https:\/\/grontkontor.dk\/?post_type=product&#038;p=130912"},"modified":"2025-11-06T14:07:29","modified_gmt":"2025-11-06T13:07:29","slug":"saebedispenser-i-staal-sort","status":"publish","type":"product","link":"https:\/\/grontkontor.dk\/no\/shop\/saebedispenser-i-staal-sort\/","title":{"rendered":"S\u00e5pedispenser i st\u00e5l svart"},"content":{"rendered":"<p>Oppgrader badet ditt med stil og funksjonalitet ved hjelp av en klimavennlig s\u00e5pedispenser i st\u00e5l. Denne s\u00e5pedispenseren er det ideelle valget for de som \u00f8nsker \u00e5 kombinere et moderne, minimalistisk design med et slitesterkt materialvalg. Dispenseren er laget av svart rustfritt st\u00e5l, og presenterer seg med en vakker matt finish som gir et sofistikert og tidl\u00f8st utseende.  <\/p>\n<p>Med sine rette og elegante linjer er denne dispenseren et enkelt og diskret tillegg til ethvert bad eller gjestetoalett. Det svarte st\u00e5let er ikke bare estetisk tiltalende; Rustfritt st\u00e5l er ogs\u00e5 kjent for sin holdbarhet og h\u00f8ye resirkuleringsgrad, noe som gj\u00f8r denne l\u00f8sningen til et milj\u00f8vennlig valg som reduserer behovet for engangsplast. <\/p>\n<p>En klimavennlig s\u00e5pedispenser i st\u00e5l er et bevisst valg for et mer klimavennlig hjem. Den solide konstruksjonen sikrer lang levetid, og den matte overflaten er enkel \u00e5 vedlikeholde og holde ren. Velg denne dispenseren for \u00e5 skape et rent, moderne utseende og vise at du verdsetter b\u00e5de design og ansvar.  <\/p>\n<p>[staal]<\/p>\n<p>&nbsp;<\/p>\n","protected":false},"excerpt":{"rendered":"<p>Oppgrader badet ditt med stil og funksjonalitet ved hjelp av en klimavennlig s\u00e5pedispenser i st\u00e5l. Denne s\u00e5pedispenseren er det ideelle valget for de som \u00f8nsker \u00e5 kombinere et moderne, minimalistisk design med et slitesterkt materialvalg. Dispenseren er laget av svart rustfritt st\u00e5l, og presenterer seg med en vakker matt finish som gir et sofistikert og [&hellip;]<\/p>\n","protected":false},"featured_media":130917,"comment_status":"closed","ping_status":"closed","template":"","meta":{"_acf_changed":false},"product_cat":[3313,3199,3506,2657],"product_tag":[4898,4897],"class_list":{"0":"post-130912","1":"product","2":"type-product","3":"status-publish","4":"has-post-thumbnail","6":"product_cat-diverse-inventar-no","7":"product_cat-dummy-moq-1-no","8":"product_cat-journal-holdere","9":"product_cat-nyheter","10":"product_tag-baderom","11":"product_tag-saapedispenser","12":"tm-has-options","14":"first","15":"instock","16":"taxable","17":"shipping-taxable","18":"purchasable","19":"product-type-simple"},"acf":[],"yoast_head":"<!-- This site is optimized with the Yoast SEO Premium plugin v21.2 (Yoast SEO v21.2) - https:\/\/yoast.com\/wordpress\/plugins\/seo\/ -->\n<title>Klimavennlig s\u00e5pedispenser i st\u00e5l<\/title>\n<meta name=\"description\" content=\"Kj\u00f8p en klimavennlig s\u00e5pedispenser i st\u00e5l med en fin matt finish. Den svarte dispenseren er et milj\u00f8vennlig valg, har et elegant design og er perfekt for badet.\" \/>\n<meta name=\"robots\" content=\"index, follow, max-snippet:-1, max-image-preview:large, max-video-preview:-1\" \/>\n<link rel=\"canonical\" href=\"https:\/\/grontkontor.dk\/no\/shop\/saebedispenser-i-staal-sort\/\" \/>\n<meta property=\"og:locale\" content=\"en_US\" \/>\n<meta property=\"og:type\" content=\"article\" \/>\n<meta property=\"og:title\" content=\"S\u00e5pedispenser i st\u00e5l svart\" \/>\n<meta property=\"og:description\" content=\"Kj\u00f8p en klimavennlig s\u00e5pedispenser i st\u00e5l med en fin matt finish. Den svarte dispenseren er et milj\u00f8vennlig valg, har et elegant design og er perfekt for badet.\" \/>\n<meta property=\"og:url\" content=\"https:\/\/grontkontor.dk\/no\/shop\/saebedispenser-i-staal-sort\/\" \/>\n<meta property=\"og:site_name\" content=\"Gr\u00f8nt Kontor\" \/>\n<meta property=\"article:publisher\" content=\"https:\/\/www.facebook.com\/grontkontor.dk\/\" \/>\n<meta property=\"article:modified_time\" content=\"2025-11-06T13:07:29+00:00\" \/>\n<meta property=\"og:image\" content=\"https:\/\/grontkontor.dk\/wp-content\/uploads\/2025\/11\/Klimavenlig-saebedispenser-i-staal.jpg\" \/>\n\t<meta property=\"og:image:width\" content=\"900\" \/>\n\t<meta property=\"og:image:height\" content=\"639\" \/>\n\t<meta property=\"og:image:type\" content=\"image\/jpeg\" \/>\n<meta name=\"twitter:card\" content=\"summary_large_image\" \/>\n<meta name=\"twitter:label1\" content=\"Est. reading time\" \/>\n\t<meta name=\"twitter:data1\" content=\"1 minute\" \/>\n<script type=\"application\/ld+json\" class=\"yoast-schema-graph\">{\"@context\":\"https:\/\/schema.org\",\"@graph\":[{\"@type\":\"WebPage\",\"@id\":\"https:\/\/grontkontor.dk\/no\/shop\/saebedispenser-i-staal-sort\/\",\"url\":\"https:\/\/grontkontor.dk\/no\/shop\/saebedispenser-i-staal-sort\/\",\"name\":\"Klimavennlig s\u00e5pedispenser i st\u00e5l\",\"isPartOf\":{\"@id\":\"https:\/\/grontkontor.dk\/#website\"},\"datePublished\":\"2025-11-05T10:46:51+00:00\",\"dateModified\":\"2025-11-06T13:07:29+00:00\",\"description\":\"Kj\u00f8p en klimavennlig s\u00e5pedispenser i st\u00e5l med en fin matt finish. Den svarte dispenseren er et milj\u00f8vennlig valg, har et elegant design og er perfekt for badet.\",\"breadcrumb\":{\"@id\":\"https:\/\/grontkontor.dk\/no\/shop\/saebedispenser-i-staal-sort\/#breadcrumb\"},\"inLanguage\":\"no-NO\",\"potentialAction\":[{\"@type\":\"ReadAction\",\"target\":[\"https:\/\/grontkontor.dk\/no\/shop\/saebedispenser-i-staal-sort\/\"]}]},{\"@type\":\"BreadcrumbList\",\"@id\":\"https:\/\/grontkontor.dk\/no\/shop\/saebedispenser-i-staal-sort\/#breadcrumb\",\"itemListElement\":[{\"@type\":\"ListItem\",\"position\":1,\"name\":\"Forside\",\"item\":\"https:\/\/grontkontor.dk\/\"},{\"@type\":\"ListItem\",\"position\":2,\"name\":\"Butikk\",\"item\":\"https:\/\/grontkontor.dk\/no\/butikk-2\/\"},{\"@type\":\"ListItem\",\"position\":3,\"name\":\"Arkivering\",\"item\":\"https:\/\/grontkontor.dk\/produkt-kategori\/arkivering\/\"},{\"@type\":\"ListItem\",\"position\":4,\"name\":\"Tidsskriftholdere\",\"item\":\"https:\/\/grontkontor.dk\/produkt-kategori\/arkivering\/tidsskriftholdere\/\"},{\"@type\":\"ListItem\",\"position\":5,\"name\":\"S\u00e5pedispenser i st\u00e5l svart\"}]},{\"@type\":\"WebSite\",\"@id\":\"https:\/\/grontkontor.dk\/#website\",\"url\":\"https:\/\/grontkontor.dk\/\",\"name\":\"Gr\u00f8nt Kontor\",\"description\":\"Milj\u00f8venlige produkter til kontor og erhverv med fokus p\u00e5 b\u00e6redygtighed, design og fair trade.\",\"publisher\":{\"@id\":\"https:\/\/grontkontor.dk\/#organization\"},\"potentialAction\":[{\"@type\":\"SearchAction\",\"target\":{\"@type\":\"EntryPoint\",\"urlTemplate\":\"https:\/\/grontkontor.dk\/?s={search_term_string}\"},\"query-input\":\"required name=search_term_string\"}],\"inLanguage\":\"no-NO\"},{\"@type\":\"Organization\",\"@id\":\"https:\/\/grontkontor.dk\/#organization\",\"name\":\"Gr\u00f8nt Kontor\",\"url\":\"https:\/\/grontkontor.dk\/\",\"logo\":{\"@type\":\"ImageObject\",\"inLanguage\":\"no-NO\",\"@id\":\"https:\/\/grontkontor.dk\/#\/schema\/logo\/image\/\",\"url\":\"https:\/\/grontkontor.dk\/wp-content\/uploads\/2014\/02\/Logo_groent_kontor_300x80.png\",\"contentUrl\":\"https:\/\/grontkontor.dk\/wp-content\/uploads\/2014\/02\/Logo_groent_kontor_300x80.png\",\"width\":300,\"height\":80,\"caption\":\"Gr\u00f8nt Kontor\"},\"image\":{\"@id\":\"https:\/\/grontkontor.dk\/#\/schema\/logo\/image\/\"},\"sameAs\":[\"https:\/\/www.facebook.com\/grontkontor.dk\/\"]}]}<\/script>\n<!-- \/ Yoast SEO Premium plugin. -->","yoast_head_json":{"title":"Klimavennlig s\u00e5pedispenser i st\u00e5l","description":"Kj\u00f8p en klimavennlig s\u00e5pedispenser i st\u00e5l med en fin matt finish. Den svarte dispenseren er et milj\u00f8vennlig valg, har et elegant design og er perfekt for badet.","robots":{"index":"index","follow":"follow","max-snippet":"max-snippet:-1","max-image-preview":"max-image-preview:large","max-video-preview":"max-video-preview:-1"},"canonical":"https:\/\/grontkontor.dk\/no\/shop\/saebedispenser-i-staal-sort\/","og_locale":"en_US","og_type":"article","og_title":"S\u00e5pedispenser i st\u00e5l svart","og_description":"Kj\u00f8p en klimavennlig s\u00e5pedispenser i st\u00e5l med en fin matt finish. Den svarte dispenseren er et milj\u00f8vennlig valg, har et elegant design og er perfekt for badet.","og_url":"https:\/\/grontkontor.dk\/no\/shop\/saebedispenser-i-staal-sort\/","og_site_name":"Gr\u00f8nt Kontor","article_publisher":"https:\/\/www.facebook.com\/grontkontor.dk\/","article_modified_time":"2025-11-06T13:07:29+00:00","og_image":[{"width":900,"height":639,"url":"https:\/\/grontkontor.dk\/wp-content\/uploads\/2025\/11\/Klimavenlig-saebedispenser-i-staal.jpg","type":"image\/jpeg"}],"twitter_card":"summary_large_image","twitter_misc":{"Est. reading time":"1 minute"},"schema":{"@context":"https:\/\/schema.org","@graph":[{"@type":"WebPage","@id":"https:\/\/grontkontor.dk\/no\/shop\/saebedispenser-i-staal-sort\/","url":"https:\/\/grontkontor.dk\/no\/shop\/saebedispenser-i-staal-sort\/","name":"Klimavennlig s\u00e5pedispenser i st\u00e5l","isPartOf":{"@id":"https:\/\/grontkontor.dk\/#website"},"datePublished":"2025-11-05T10:46:51+00:00","dateModified":"2025-11-06T13:07:29+00:00","description":"Kj\u00f8p en klimavennlig s\u00e5pedispenser i st\u00e5l med en fin matt finish. Den svarte dispenseren er et milj\u00f8vennlig valg, har et elegant design og er perfekt for badet.","breadcrumb":{"@id":"https:\/\/grontkontor.dk\/no\/shop\/saebedispenser-i-staal-sort\/#breadcrumb"},"inLanguage":"no-NO","potentialAction":[{"@type":"ReadAction","target":["https:\/\/grontkontor.dk\/no\/shop\/saebedispenser-i-staal-sort\/"]}]},{"@type":"BreadcrumbList","@id":"https:\/\/grontkontor.dk\/no\/shop\/saebedispenser-i-staal-sort\/#breadcrumb","itemListElement":[{"@type":"ListItem","position":1,"name":"Forside","item":"https:\/\/grontkontor.dk\/"},{"@type":"ListItem","position":2,"name":"Butikk","item":"https:\/\/grontkontor.dk\/no\/butikk-2\/"},{"@type":"ListItem","position":3,"name":"Arkivering","item":"https:\/\/grontkontor.dk\/produkt-kategori\/arkivering\/"},{"@type":"ListItem","position":4,"name":"Tidsskriftholdere","item":"https:\/\/grontkontor.dk\/produkt-kategori\/arkivering\/tidsskriftholdere\/"},{"@type":"ListItem","position":5,"name":"S\u00e5pedispenser i st\u00e5l svart"}]},{"@type":"WebSite","@id":"https:\/\/grontkontor.dk\/#website","url":"https:\/\/grontkontor.dk\/","name":"Gr\u00f8nt Kontor","description":"Milj\u00f8venlige produkter til kontor og erhverv med fokus p\u00e5 b\u00e6redygtighed, design og fair trade.","publisher":{"@id":"https:\/\/grontkontor.dk\/#organization"},"potentialAction":[{"@type":"SearchAction","target":{"@type":"EntryPoint","urlTemplate":"https:\/\/grontkontor.dk\/?s={search_term_string}"},"query-input":"required name=search_term_string"}],"inLanguage":"no-NO"},{"@type":"Organization","@id":"https:\/\/grontkontor.dk\/#organization","name":"Gr\u00f8nt Kontor","url":"https:\/\/grontkontor.dk\/","logo":{"@type":"ImageObject","inLanguage":"no-NO","@id":"https:\/\/grontkontor.dk\/#\/schema\/logo\/image\/","url":"https:\/\/grontkontor.dk\/wp-content\/uploads\/2014\/02\/Logo_groent_kontor_300x80.png","contentUrl":"https:\/\/grontkontor.dk\/wp-content\/uploads\/2014\/02\/Logo_groent_kontor_300x80.png","width":300,"height":80,"caption":"Gr\u00f8nt Kontor"},"image":{"@id":"https:\/\/grontkontor.dk\/#\/schema\/logo\/image\/"},"sameAs":["https:\/\/www.facebook.com\/grontkontor.dk\/"]}]}},"_links":{"self":[{"href":"https:\/\/grontkontor.dk\/no\/wp-json\/wp\/v2\/product\/130912"}],"collection":[{"href":"https:\/\/grontkontor.dk\/no\/wp-json\/wp\/v2\/product"}],"about":[{"href":"https:\/\/grontkontor.dk\/no\/wp-json\/wp\/v2\/types\/product"}],"replies":[{"embeddable":true,"href":"https:\/\/grontkontor.dk\/no\/wp-json\/wp\/v2\/comments?post=130912"}],"wp:featuredmedia":[{"embeddable":true,"href":"https:\/\/grontkontor.dk\/no\/wp-json\/wp\/v2\/media\/130917"}],"wp:attachment":[{"href":"https:\/\/grontkontor.dk\/no\/wp-json\/wp\/v2\/media?parent=130912"}],"wp:term":[{"taxonomy":"product_cat","embeddable":true,"href":"https:\/\/grontkontor.dk\/no\/wp-json\/wp\/v2\/product_cat?post=130912"},{"taxonomy":"product_tag","embeddable":true,"href":"https:\/\/grontkontor.dk\/no\/wp-json\/wp\/v2\/product_tag?post=130912"}],"curies":[{"name":"wp","href":"https:\/\/api.w.org\/{rel}","templated":true}]}}