{"id":130923,"date":"2025-11-05T13:13:15","date_gmt":"2025-11-05T12:13:15","guid":{"rendered":"https:\/\/grontkontor.dk\/?post_type=product&#038;p=130923"},"modified":"2025-11-06T14:07:28","modified_gmt":"2025-11-06T13:07:28","slug":"toiletboerste-i-staal-sort","status":"publish","type":"product","link":"https:\/\/grontkontor.dk\/no\/shop\/toiletboerste-i-staal-sort\/","title":{"rendered":"Toalettb\u00f8rste i st\u00e5l svart"},"content":{"rendered":"<p>Legg til et snev av nordisk eleganse p\u00e5 badet ditt med en klimavennlig toalettb\u00f8rste i st\u00e5l. Dette stilige baderomstilbeh\u00f8ret kombinerer et minimalistisk design med et slitesterkt og milj\u00f8vennlig materialvalg. Toalettb\u00f8rsten er laget av svart rustfritt st\u00e5l og har en fin matt finish. De rene, rette linjene gir et enkelt og sofistikert uttrykk som umiddelbart tilf\u00f8rer et snev av eleganse til ethvert bad.   <\/p>\n<p>Rustfritt st\u00e5l er et sv\u00e6rt robust og resirkulerbart materiale, noe som gj\u00f8r denne l\u00f8sningen til et klimavennlig valg som sikrer lang levetid og holdbarhet. Ved \u00e5 velge st\u00e5l fremfor plast tar du et bevisst valg for et mer milj\u00f8vennlig hjem. Denne toalettb\u00f8rsten er designet for \u00e5 v\u00e6re diskret, men likevel stilig, og passer perfekt inn i den moderne skandinaviske innredningen.  <\/p>\n<p>En klimavennlig toalettb\u00f8rste i st\u00e5l er et bevis p\u00e5 at selv de mest funksjonelle gjenstandene kan v\u00e6re b\u00e5de vakre og ansvarlige. Den solide konstruksjonen sikrer stabilitet og hygiene, mens det elegante designet fullf\u00f8rer utseendet. Fullf\u00f8r badet ditt med et tilbeh\u00f8r som kombinerer estetikk og klimavennlig tenkning.  <\/p>\n<p>[staal]<\/p>\n<p>&nbsp;<\/p>\n","protected":false},"excerpt":{"rendered":"<p>Legg til et snev av nordisk eleganse p\u00e5 badet ditt med en klimavennlig toalettb\u00f8rste i st\u00e5l. Dette stilige baderomstilbeh\u00f8ret kombinerer et minimalistisk design med et slitesterkt og milj\u00f8vennlig materialvalg. Toalettb\u00f8rsten er laget av svart rustfritt st\u00e5l og har en fin matt finish. De rene, rette linjene gir et enkelt og sofistikert uttrykk som umiddelbart tilf\u00f8rer [&hellip;]<\/p>\n","protected":false},"featured_media":130927,"comment_status":"closed","ping_status":"closed","template":"","meta":{"_acf_changed":false},"product_cat":[3313,3199,3506,2657],"product_tag":[4898,4897],"class_list":{"0":"post-130923","1":"product","2":"type-product","3":"status-publish","4":"has-post-thumbnail","6":"product_cat-diverse-inventar-no","7":"product_cat-dummy-moq-1-no","8":"product_cat-journal-holdere","9":"product_cat-nyheter","10":"product_tag-baderom","11":"product_tag-saapedispenser","12":"tm-has-options","14":"first","15":"instock","16":"taxable","17":"shipping-taxable","18":"purchasable","19":"product-type-simple"},"acf":[],"yoast_head":"<!-- This site is optimized with the Yoast SEO Premium plugin v21.2 (Yoast SEO v21.2) - https:\/\/yoast.com\/wordpress\/plugins\/seo\/ -->\n<title>Klimavennlig toalettb\u00f8rste i st\u00e5l<\/title>\n<meta name=\"description\" content=\"Kj\u00f8p en klimavennlig toalettb\u00f8rste i st\u00e5l med matt svart finish. Toalettb\u00f8rsten er et milj\u00f8vennlig valg, har et elegant design og tilf\u00f8rer en nordisk stil til badet ditt.\" \/>\n<meta name=\"robots\" content=\"index, follow, max-snippet:-1, max-image-preview:large, max-video-preview:-1\" \/>\n<link rel=\"canonical\" href=\"https:\/\/grontkontor.dk\/no\/shop\/toiletboerste-i-staal-sort\/\" \/>\n<meta property=\"og:locale\" content=\"en_US\" \/>\n<meta property=\"og:type\" content=\"article\" \/>\n<meta property=\"og:title\" content=\"Toalettb\u00f8rste i st\u00e5l svart\" \/>\n<meta property=\"og:description\" content=\"Kj\u00f8p en klimavennlig toalettb\u00f8rste i st\u00e5l med matt svart finish. Toalettb\u00f8rsten er et milj\u00f8vennlig valg, har et elegant design og tilf\u00f8rer en nordisk stil til badet ditt.\" \/>\n<meta property=\"og:url\" content=\"https:\/\/grontkontor.dk\/no\/shop\/toiletboerste-i-staal-sort\/\" \/>\n<meta property=\"og:site_name\" content=\"Gr\u00f8nt Kontor\" \/>\n<meta property=\"article:publisher\" content=\"https:\/\/www.facebook.com\/grontkontor.dk\/\" \/>\n<meta property=\"article:modified_time\" content=\"2025-11-06T13:07:28+00:00\" \/>\n<meta property=\"og:image\" content=\"https:\/\/grontkontor.dk\/wp-content\/uploads\/2025\/11\/Klimavenlig-toiletboerste-staal.jpg\" \/>\n\t<meta property=\"og:image:width\" content=\"900\" \/>\n\t<meta property=\"og:image:height\" content=\"639\" \/>\n\t<meta property=\"og:image:type\" content=\"image\/jpeg\" \/>\n<meta name=\"twitter:card\" content=\"summary_large_image\" \/>\n<meta name=\"twitter:label1\" content=\"Est. reading time\" \/>\n\t<meta name=\"twitter:data1\" content=\"1 minute\" \/>\n<script type=\"application\/ld+json\" class=\"yoast-schema-graph\">{\"@context\":\"https:\/\/schema.org\",\"@graph\":[{\"@type\":\"WebPage\",\"@id\":\"https:\/\/grontkontor.dk\/no\/shop\/toiletboerste-i-staal-sort\/\",\"url\":\"https:\/\/grontkontor.dk\/no\/shop\/toiletboerste-i-staal-sort\/\",\"name\":\"Klimavennlig toalettb\u00f8rste i st\u00e5l\",\"isPartOf\":{\"@id\":\"https:\/\/grontkontor.dk\/#website\"},\"datePublished\":\"2025-11-05T12:13:15+00:00\",\"dateModified\":\"2025-11-06T13:07:28+00:00\",\"description\":\"Kj\u00f8p en klimavennlig toalettb\u00f8rste i st\u00e5l med matt svart finish. Toalettb\u00f8rsten er et milj\u00f8vennlig valg, har et elegant design og tilf\u00f8rer en nordisk stil til badet ditt.\",\"breadcrumb\":{\"@id\":\"https:\/\/grontkontor.dk\/no\/shop\/toiletboerste-i-staal-sort\/#breadcrumb\"},\"inLanguage\":\"no-NO\",\"potentialAction\":[{\"@type\":\"ReadAction\",\"target\":[\"https:\/\/grontkontor.dk\/no\/shop\/toiletboerste-i-staal-sort\/\"]}]},{\"@type\":\"BreadcrumbList\",\"@id\":\"https:\/\/grontkontor.dk\/no\/shop\/toiletboerste-i-staal-sort\/#breadcrumb\",\"itemListElement\":[{\"@type\":\"ListItem\",\"position\":1,\"name\":\"Forside\",\"item\":\"https:\/\/grontkontor.dk\/\"},{\"@type\":\"ListItem\",\"position\":2,\"name\":\"Butikk\",\"item\":\"https:\/\/grontkontor.dk\/no\/butikk-2\/\"},{\"@type\":\"ListItem\",\"position\":3,\"name\":\"Arkivering\",\"item\":\"https:\/\/grontkontor.dk\/produkt-kategori\/arkivering\/\"},{\"@type\":\"ListItem\",\"position\":4,\"name\":\"Tidsskriftholdere\",\"item\":\"https:\/\/grontkontor.dk\/produkt-kategori\/arkivering\/tidsskriftholdere\/\"},{\"@type\":\"ListItem\",\"position\":5,\"name\":\"Toalettb\u00f8rste i st\u00e5l svart\"}]},{\"@type\":\"WebSite\",\"@id\":\"https:\/\/grontkontor.dk\/#website\",\"url\":\"https:\/\/grontkontor.dk\/\",\"name\":\"Gr\u00f8nt Kontor\",\"description\":\"Milj\u00f8venlige produkter til kontor og erhverv med fokus p\u00e5 b\u00e6redygtighed, design og fair trade.\",\"publisher\":{\"@id\":\"https:\/\/grontkontor.dk\/#organization\"},\"potentialAction\":[{\"@type\":\"SearchAction\",\"target\":{\"@type\":\"EntryPoint\",\"urlTemplate\":\"https:\/\/grontkontor.dk\/?s={search_term_string}\"},\"query-input\":\"required name=search_term_string\"}],\"inLanguage\":\"no-NO\"},{\"@type\":\"Organization\",\"@id\":\"https:\/\/grontkontor.dk\/#organization\",\"name\":\"Gr\u00f8nt Kontor\",\"url\":\"https:\/\/grontkontor.dk\/\",\"logo\":{\"@type\":\"ImageObject\",\"inLanguage\":\"no-NO\",\"@id\":\"https:\/\/grontkontor.dk\/#\/schema\/logo\/image\/\",\"url\":\"https:\/\/grontkontor.dk\/wp-content\/uploads\/2014\/02\/Logo_groent_kontor_300x80.png\",\"contentUrl\":\"https:\/\/grontkontor.dk\/wp-content\/uploads\/2014\/02\/Logo_groent_kontor_300x80.png\",\"width\":300,\"height\":80,\"caption\":\"Gr\u00f8nt Kontor\"},\"image\":{\"@id\":\"https:\/\/grontkontor.dk\/#\/schema\/logo\/image\/\"},\"sameAs\":[\"https:\/\/www.facebook.com\/grontkontor.dk\/\"]}]}<\/script>\n<!-- \/ Yoast SEO Premium plugin. -->","yoast_head_json":{"title":"Klimavennlig toalettb\u00f8rste i st\u00e5l","description":"Kj\u00f8p en klimavennlig toalettb\u00f8rste i st\u00e5l med matt svart finish. Toalettb\u00f8rsten er et milj\u00f8vennlig valg, har et elegant design og tilf\u00f8rer en nordisk stil til badet ditt.","robots":{"index":"index","follow":"follow","max-snippet":"max-snippet:-1","max-image-preview":"max-image-preview:large","max-video-preview":"max-video-preview:-1"},"canonical":"https:\/\/grontkontor.dk\/no\/shop\/toiletboerste-i-staal-sort\/","og_locale":"en_US","og_type":"article","og_title":"Toalettb\u00f8rste i st\u00e5l svart","og_description":"Kj\u00f8p en klimavennlig toalettb\u00f8rste i st\u00e5l med matt svart finish. Toalettb\u00f8rsten er et milj\u00f8vennlig valg, har et elegant design og tilf\u00f8rer en nordisk stil til badet ditt.","og_url":"https:\/\/grontkontor.dk\/no\/shop\/toiletboerste-i-staal-sort\/","og_site_name":"Gr\u00f8nt Kontor","article_publisher":"https:\/\/www.facebook.com\/grontkontor.dk\/","article_modified_time":"2025-11-06T13:07:28+00:00","og_image":[{"width":900,"height":639,"url":"https:\/\/grontkontor.dk\/wp-content\/uploads\/2025\/11\/Klimavenlig-toiletboerste-staal.jpg","type":"image\/jpeg"}],"twitter_card":"summary_large_image","twitter_misc":{"Est. reading time":"1 minute"},"schema":{"@context":"https:\/\/schema.org","@graph":[{"@type":"WebPage","@id":"https:\/\/grontkontor.dk\/no\/shop\/toiletboerste-i-staal-sort\/","url":"https:\/\/grontkontor.dk\/no\/shop\/toiletboerste-i-staal-sort\/","name":"Klimavennlig toalettb\u00f8rste i st\u00e5l","isPartOf":{"@id":"https:\/\/grontkontor.dk\/#website"},"datePublished":"2025-11-05T12:13:15+00:00","dateModified":"2025-11-06T13:07:28+00:00","description":"Kj\u00f8p en klimavennlig toalettb\u00f8rste i st\u00e5l med matt svart finish. Toalettb\u00f8rsten er et milj\u00f8vennlig valg, har et elegant design og tilf\u00f8rer en nordisk stil til badet ditt.","breadcrumb":{"@id":"https:\/\/grontkontor.dk\/no\/shop\/toiletboerste-i-staal-sort\/#breadcrumb"},"inLanguage":"no-NO","potentialAction":[{"@type":"ReadAction","target":["https:\/\/grontkontor.dk\/no\/shop\/toiletboerste-i-staal-sort\/"]}]},{"@type":"BreadcrumbList","@id":"https:\/\/grontkontor.dk\/no\/shop\/toiletboerste-i-staal-sort\/#breadcrumb","itemListElement":[{"@type":"ListItem","position":1,"name":"Forside","item":"https:\/\/grontkontor.dk\/"},{"@type":"ListItem","position":2,"name":"Butikk","item":"https:\/\/grontkontor.dk\/no\/butikk-2\/"},{"@type":"ListItem","position":3,"name":"Arkivering","item":"https:\/\/grontkontor.dk\/produkt-kategori\/arkivering\/"},{"@type":"ListItem","position":4,"name":"Tidsskriftholdere","item":"https:\/\/grontkontor.dk\/produkt-kategori\/arkivering\/tidsskriftholdere\/"},{"@type":"ListItem","position":5,"name":"Toalettb\u00f8rste i st\u00e5l svart"}]},{"@type":"WebSite","@id":"https:\/\/grontkontor.dk\/#website","url":"https:\/\/grontkontor.dk\/","name":"Gr\u00f8nt Kontor","description":"Milj\u00f8venlige produkter til kontor og erhverv med fokus p\u00e5 b\u00e6redygtighed, design og fair trade.","publisher":{"@id":"https:\/\/grontkontor.dk\/#organization"},"potentialAction":[{"@type":"SearchAction","target":{"@type":"EntryPoint","urlTemplate":"https:\/\/grontkontor.dk\/?s={search_term_string}"},"query-input":"required name=search_term_string"}],"inLanguage":"no-NO"},{"@type":"Organization","@id":"https:\/\/grontkontor.dk\/#organization","name":"Gr\u00f8nt Kontor","url":"https:\/\/grontkontor.dk\/","logo":{"@type":"ImageObject","inLanguage":"no-NO","@id":"https:\/\/grontkontor.dk\/#\/schema\/logo\/image\/","url":"https:\/\/grontkontor.dk\/wp-content\/uploads\/2014\/02\/Logo_groent_kontor_300x80.png","contentUrl":"https:\/\/grontkontor.dk\/wp-content\/uploads\/2014\/02\/Logo_groent_kontor_300x80.png","width":300,"height":80,"caption":"Gr\u00f8nt Kontor"},"image":{"@id":"https:\/\/grontkontor.dk\/#\/schema\/logo\/image\/"},"sameAs":["https:\/\/www.facebook.com\/grontkontor.dk\/"]}]}},"_links":{"self":[{"href":"https:\/\/grontkontor.dk\/no\/wp-json\/wp\/v2\/product\/130923"}],"collection":[{"href":"https:\/\/grontkontor.dk\/no\/wp-json\/wp\/v2\/product"}],"about":[{"href":"https:\/\/grontkontor.dk\/no\/wp-json\/wp\/v2\/types\/product"}],"replies":[{"embeddable":true,"href":"https:\/\/grontkontor.dk\/no\/wp-json\/wp\/v2\/comments?post=130923"}],"wp:featuredmedia":[{"embeddable":true,"href":"https:\/\/grontkontor.dk\/no\/wp-json\/wp\/v2\/media\/130927"}],"wp:attachment":[{"href":"https:\/\/grontkontor.dk\/no\/wp-json\/wp\/v2\/media?parent=130923"}],"wp:term":[{"taxonomy":"product_cat","embeddable":true,"href":"https:\/\/grontkontor.dk\/no\/wp-json\/wp\/v2\/product_cat?post=130923"},{"taxonomy":"product_tag","embeddable":true,"href":"https:\/\/grontkontor.dk\/no\/wp-json\/wp\/v2\/product_tag?post=130923"}],"curies":[{"name":"wp","href":"https:\/\/api.w.org\/{rel}","templated":true}]}}