{"id":131554,"date":"2025-12-22T09:52:28","date_gmt":"2025-12-22T08:52:29","guid":{"rendered":"https:\/\/grontkontor.dk\/?post_type=product&#038;p=131554"},"modified":"2026-01-07T14:45:02","modified_gmt":"2026-01-07T13:45:02","slug":"musemaatte-i-kork-m-u-tryk","status":"publish","type":"product","link":"https:\/\/grontkontor.dk\/no\/shop\/musemaatte-i-kork-m-u-tryk\/","title":{"rendered":"Korke-musematte uten trykk"},"content":{"rendered":"<p>Denne milj\u00f8vennlige musematten er laget av naturlig kork og kombinerer funksjonalitet med et ansvarlig valg av materialer. Kork er et fornybart naturlig materiale som h\u00f8stes uten \u00e5 felle tr\u00e6r, noe som gj\u00f8r produktet til et klimavennlig alternativ til tradisjonelle plastmusematter. Materialets naturlige struktur gir musematten et varmt og estetisk uttrykk som passer perfekt b\u00e5de p\u00e5 kontoret og p\u00e5 arbeidsplassen hjemme.<br \/>\nKorkflaten er behagelig \u00e5 jobbe p\u00e5 og sikrer presis og jevn musebevegelse \u2013 enten du jobber med detaljert grafikk, tekstbehandling eller vanlig kontorarbeid. Samtidig er kork holdbart og lett \u00e5 vedlikeholde, noe som bidrar til lang levetid og redusert ressursforbruk over tid.<br \/>\nMusematten er utstyrt med en sklisikker gummibase, som sikrer at den ligger stabilt p\u00e5 skrivebordet, selv under intensiv bruk. Dette gir en mer ergonomisk og effektiv arbeidsopplevelse, hvor fokuset kan v\u00e6re p\u00e5 oppgavene i stedet for \u00e5 justere utstyret.<br \/>\nMed sitt funksjonelle design, naturlige materialer og lave milj\u00f8p\u00e5virkning er denne korkmusematten et \u00e5penbart valg for selskaper og enkeltpersoner som \u00f8nsker \u00e5 kombinere kvalitet, komfort og b\u00e6rekraft i hverdagen.<br \/>\n[kork]<\/p>\n<p>&nbsp;<\/p>\n","protected":false},"excerpt":{"rendered":"<p>Denne milj\u00f8vennlige musematten er laget av naturlig kork og kombinerer funksjonalitet med et ansvarlig valg av materialer. Kork er et fornybart naturlig materiale som h\u00f8stes uten \u00e5 felle tr\u00e6r, noe som gj\u00f8r produktet til et klimavennlig alternativ til tradisjonelle plastmusematter. Materialets naturlige struktur gir musematten et varmt og estetisk uttrykk som passer perfekt b\u00e5de p\u00e5 [&hellip;]<\/p>\n","protected":false},"featured_media":54101,"comment_status":"closed","ping_status":"closed","template":"","meta":{"_acf_changed":false},"product_cat":[3457,3199,3194,2657,3514],"product_tag":[4015],"class_list":{"0":"post-131554","1":"product","2":"type-product","3":"status-publish","4":"has-post-thumbnail","6":"product_cat-diverse-for-skrivebordet","7":"product_cat-dummy-moq-1-no","8":"product_cat-klimavennlige-firmagaver","9":"product_cat-nyheter","10":"product_cat-skrivebord-utstyr","11":"product_tag-musematte","12":"pa_farve-blande","13":"pa_farve-brun-no-2","14":"pa_farve-natur-no","15":"pa_farve-roedbrun-no","16":"tm-has-options","18":"first","19":"instock","20":"taxable","21":"shipping-taxable","22":"purchasable","23":"product-type-simple"},"acf":[],"yoast_head":"<!-- This site is optimized with the Yoast SEO Premium plugin v21.2 (Yoast SEO v21.2) - https:\/\/yoast.com\/wordpress\/plugins\/seo\/ -->\n<title>Korke-musematte uten trykk - Gr\u00f8nt Kontor<\/title>\n<meta name=\"robots\" content=\"index, follow, max-snippet:-1, max-image-preview:large, max-video-preview:-1\" \/>\n<link rel=\"canonical\" href=\"https:\/\/grontkontor.dk\/no\/shop\/musemaatte-i-kork-m-u-tryk\/\" \/>\n<meta property=\"og:locale\" content=\"en_US\" \/>\n<meta property=\"og:type\" content=\"article\" \/>\n<meta property=\"og:title\" content=\"Korke-musematte uten trykk\" \/>\n<meta property=\"og:description\" content=\"Denne milj\u00f8vennlige musematten er laget av naturlig kork og kombinerer funksjonalitet med et ansvarlig valg av materialer. Kork er et fornybart naturlig materiale som h\u00f8stes uten \u00e5 felle tr\u00e6r, noe som gj\u00f8r produktet til et klimavennlig alternativ til tradisjonelle plastmusematter. Materialets naturlige struktur gir musematten et varmt og estetisk uttrykk som passer perfekt b\u00e5de p\u00e5 [&hellip;]\" \/>\n<meta property=\"og:url\" content=\"https:\/\/grontkontor.dk\/no\/shop\/musemaatte-i-kork-m-u-tryk\/\" \/>\n<meta property=\"og:site_name\" content=\"Gr\u00f8nt Kontor\" \/>\n<meta property=\"article:publisher\" content=\"https:\/\/www.facebook.com\/grontkontor.dk\/\" \/>\n<meta property=\"article:modified_time\" content=\"2026-01-07T13:45:02+00:00\" \/>\n<meta property=\"og:image\" content=\"https:\/\/grontkontor.dk\/wp-content\/uploads\/2020\/04\/musemaatte-kork-02.jpg\" \/>\n\t<meta property=\"og:image:width\" content=\"800\" \/>\n\t<meta property=\"og:image:height\" content=\"568\" \/>\n\t<meta property=\"og:image:type\" content=\"image\/jpeg\" \/>\n<meta name=\"twitter:card\" content=\"summary_large_image\" \/>\n<meta name=\"twitter:label1\" content=\"Est. reading time\" \/>\n\t<meta name=\"twitter:data1\" content=\"1 minute\" \/>\n<script type=\"application\/ld+json\" class=\"yoast-schema-graph\">{\"@context\":\"https:\/\/schema.org\",\"@graph\":[{\"@type\":\"WebPage\",\"@id\":\"https:\/\/grontkontor.dk\/no\/shop\/musemaatte-i-kork-m-u-tryk\/\",\"url\":\"https:\/\/grontkontor.dk\/no\/shop\/musemaatte-i-kork-m-u-tryk\/\",\"name\":\"Korke-musematte uten trykk - Gr\u00f8nt Kontor\",\"isPartOf\":{\"@id\":\"https:\/\/grontkontor.dk\/#website\"},\"datePublished\":\"2025-12-22T08:52:29+00:00\",\"dateModified\":\"2026-01-07T13:45:02+00:00\",\"breadcrumb\":{\"@id\":\"https:\/\/grontkontor.dk\/no\/shop\/musemaatte-i-kork-m-u-tryk\/#breadcrumb\"},\"inLanguage\":\"no-NO\",\"potentialAction\":[{\"@type\":\"ReadAction\",\"target\":[\"https:\/\/grontkontor.dk\/no\/shop\/musemaatte-i-kork-m-u-tryk\/\"]}]},{\"@type\":\"BreadcrumbList\",\"@id\":\"https:\/\/grontkontor.dk\/no\/shop\/musemaatte-i-kork-m-u-tryk\/#breadcrumb\",\"itemListElement\":[{\"@type\":\"ListItem\",\"position\":1,\"name\":\"Forside\",\"item\":\"https:\/\/grontkontor.dk\/\"},{\"@type\":\"ListItem\",\"position\":2,\"name\":\"Butikk\",\"item\":\"https:\/\/grontkontor.dk\/no\/butikk-2\/\"},{\"@type\":\"ListItem\",\"position\":3,\"name\":\"Skrivebord utstyr\",\"item\":\"https:\/\/grontkontor.dk\/no\/produkt-kategori\/skrivebord-utstyr\/\"},{\"@type\":\"ListItem\",\"position\":4,\"name\":\"Diverse for skrivebordet\",\"item\":\"https:\/\/grontkontor.dk\/no\/produkt-kategori\/skrivebord-utstyr\/diverse-for-skrivebordet\/\"},{\"@type\":\"ListItem\",\"position\":5,\"name\":\"Korke-musematte uten trykk\"}]},{\"@type\":\"WebSite\",\"@id\":\"https:\/\/grontkontor.dk\/#website\",\"url\":\"https:\/\/grontkontor.dk\/\",\"name\":\"Gr\u00f8nt Kontor\",\"description\":\"Milj\u00f8venlige produkter til kontor og erhverv med fokus p\u00e5 b\u00e6redygtighed, design og fair trade.\",\"publisher\":{\"@id\":\"https:\/\/grontkontor.dk\/#organization\"},\"potentialAction\":[{\"@type\":\"SearchAction\",\"target\":{\"@type\":\"EntryPoint\",\"urlTemplate\":\"https:\/\/grontkontor.dk\/?s={search_term_string}\"},\"query-input\":\"required name=search_term_string\"}],\"inLanguage\":\"no-NO\"},{\"@type\":\"Organization\",\"@id\":\"https:\/\/grontkontor.dk\/#organization\",\"name\":\"Gr\u00f8nt Kontor\",\"url\":\"https:\/\/grontkontor.dk\/\",\"logo\":{\"@type\":\"ImageObject\",\"inLanguage\":\"no-NO\",\"@id\":\"https:\/\/grontkontor.dk\/#\/schema\/logo\/image\/\",\"url\":\"https:\/\/grontkontor.dk\/wp-content\/uploads\/2014\/02\/Logo_groent_kontor_300x80.png\",\"contentUrl\":\"https:\/\/grontkontor.dk\/wp-content\/uploads\/2014\/02\/Logo_groent_kontor_300x80.png\",\"width\":300,\"height\":80,\"caption\":\"Gr\u00f8nt Kontor\"},\"image\":{\"@id\":\"https:\/\/grontkontor.dk\/#\/schema\/logo\/image\/\"},\"sameAs\":[\"https:\/\/www.facebook.com\/grontkontor.dk\/\"]}]}<\/script>\n<!-- \/ Yoast SEO Premium plugin. -->","yoast_head_json":{"title":"Korke-musematte uten trykk - Gr\u00f8nt Kontor","robots":{"index":"index","follow":"follow","max-snippet":"max-snippet:-1","max-image-preview":"max-image-preview:large","max-video-preview":"max-video-preview:-1"},"canonical":"https:\/\/grontkontor.dk\/no\/shop\/musemaatte-i-kork-m-u-tryk\/","og_locale":"en_US","og_type":"article","og_title":"Korke-musematte uten trykk","og_description":"Denne milj\u00f8vennlige musematten er laget av naturlig kork og kombinerer funksjonalitet med et ansvarlig valg av materialer. Kork er et fornybart naturlig materiale som h\u00f8stes uten \u00e5 felle tr\u00e6r, noe som gj\u00f8r produktet til et klimavennlig alternativ til tradisjonelle plastmusematter. Materialets naturlige struktur gir musematten et varmt og estetisk uttrykk som passer perfekt b\u00e5de p\u00e5 [&hellip;]","og_url":"https:\/\/grontkontor.dk\/no\/shop\/musemaatte-i-kork-m-u-tryk\/","og_site_name":"Gr\u00f8nt Kontor","article_publisher":"https:\/\/www.facebook.com\/grontkontor.dk\/","article_modified_time":"2026-01-07T13:45:02+00:00","og_image":[{"width":800,"height":568,"url":"https:\/\/grontkontor.dk\/wp-content\/uploads\/2020\/04\/musemaatte-kork-02.jpg","type":"image\/jpeg"}],"twitter_card":"summary_large_image","twitter_misc":{"Est. reading time":"1 minute"},"schema":{"@context":"https:\/\/schema.org","@graph":[{"@type":"WebPage","@id":"https:\/\/grontkontor.dk\/no\/shop\/musemaatte-i-kork-m-u-tryk\/","url":"https:\/\/grontkontor.dk\/no\/shop\/musemaatte-i-kork-m-u-tryk\/","name":"Korke-musematte uten trykk - Gr\u00f8nt Kontor","isPartOf":{"@id":"https:\/\/grontkontor.dk\/#website"},"datePublished":"2025-12-22T08:52:29+00:00","dateModified":"2026-01-07T13:45:02+00:00","breadcrumb":{"@id":"https:\/\/grontkontor.dk\/no\/shop\/musemaatte-i-kork-m-u-tryk\/#breadcrumb"},"inLanguage":"no-NO","potentialAction":[{"@type":"ReadAction","target":["https:\/\/grontkontor.dk\/no\/shop\/musemaatte-i-kork-m-u-tryk\/"]}]},{"@type":"BreadcrumbList","@id":"https:\/\/grontkontor.dk\/no\/shop\/musemaatte-i-kork-m-u-tryk\/#breadcrumb","itemListElement":[{"@type":"ListItem","position":1,"name":"Forside","item":"https:\/\/grontkontor.dk\/"},{"@type":"ListItem","position":2,"name":"Butikk","item":"https:\/\/grontkontor.dk\/no\/butikk-2\/"},{"@type":"ListItem","position":3,"name":"Skrivebord utstyr","item":"https:\/\/grontkontor.dk\/no\/produkt-kategori\/skrivebord-utstyr\/"},{"@type":"ListItem","position":4,"name":"Diverse for skrivebordet","item":"https:\/\/grontkontor.dk\/no\/produkt-kategori\/skrivebord-utstyr\/diverse-for-skrivebordet\/"},{"@type":"ListItem","position":5,"name":"Korke-musematte uten trykk"}]},{"@type":"WebSite","@id":"https:\/\/grontkontor.dk\/#website","url":"https:\/\/grontkontor.dk\/","name":"Gr\u00f8nt Kontor","description":"Milj\u00f8venlige produkter til kontor og erhverv med fokus p\u00e5 b\u00e6redygtighed, design og fair trade.","publisher":{"@id":"https:\/\/grontkontor.dk\/#organization"},"potentialAction":[{"@type":"SearchAction","target":{"@type":"EntryPoint","urlTemplate":"https:\/\/grontkontor.dk\/?s={search_term_string}"},"query-input":"required name=search_term_string"}],"inLanguage":"no-NO"},{"@type":"Organization","@id":"https:\/\/grontkontor.dk\/#organization","name":"Gr\u00f8nt Kontor","url":"https:\/\/grontkontor.dk\/","logo":{"@type":"ImageObject","inLanguage":"no-NO","@id":"https:\/\/grontkontor.dk\/#\/schema\/logo\/image\/","url":"https:\/\/grontkontor.dk\/wp-content\/uploads\/2014\/02\/Logo_groent_kontor_300x80.png","contentUrl":"https:\/\/grontkontor.dk\/wp-content\/uploads\/2014\/02\/Logo_groent_kontor_300x80.png","width":300,"height":80,"caption":"Gr\u00f8nt Kontor"},"image":{"@id":"https:\/\/grontkontor.dk\/#\/schema\/logo\/image\/"},"sameAs":["https:\/\/www.facebook.com\/grontkontor.dk\/"]}]}},"_links":{"self":[{"href":"https:\/\/grontkontor.dk\/no\/wp-json\/wp\/v2\/product\/131554"}],"collection":[{"href":"https:\/\/grontkontor.dk\/no\/wp-json\/wp\/v2\/product"}],"about":[{"href":"https:\/\/grontkontor.dk\/no\/wp-json\/wp\/v2\/types\/product"}],"replies":[{"embeddable":true,"href":"https:\/\/grontkontor.dk\/no\/wp-json\/wp\/v2\/comments?post=131554"}],"wp:featuredmedia":[{"embeddable":true,"href":"https:\/\/grontkontor.dk\/no\/wp-json\/wp\/v2\/media\/54101"}],"wp:attachment":[{"href":"https:\/\/grontkontor.dk\/no\/wp-json\/wp\/v2\/media?parent=131554"}],"wp:term":[{"taxonomy":"product_cat","embeddable":true,"href":"https:\/\/grontkontor.dk\/no\/wp-json\/wp\/v2\/product_cat?post=131554"},{"taxonomy":"product_tag","embeddable":true,"href":"https:\/\/grontkontor.dk\/no\/wp-json\/wp\/v2\/product_tag?post=131554"}],"curies":[{"name":"wp","href":"https:\/\/api.w.org\/{rel}","templated":true}]}}