{"id":131656,"date":"2025-12-29T15:41:51","date_gmt":"2025-12-29T14:41:52","guid":{"rendered":"https:\/\/grontkontor.dk\/?post_type=product&#038;p=131656"},"modified":"2026-01-07T14:45:06","modified_gmt":"2026-01-07T13:45:06","slug":"notesrulle-extra-sticky-fsc-50mm-x-10m-blaa","status":"publish","type":"product","link":"https:\/\/grontkontor.dk\/no\/shop\/notesrulle-extra-sticky-fsc-50mm-x-10m-blaa\/","title":{"rendered":"Merk: Rull ekstra klebrig FSC 50mm x 10m Bl\u00e5"},"content":{"rendered":"<p>Merk: Roll Extra Sticky FSC blue er den perfekte milj\u00f8vennlige l\u00f8sningen for alle som trenger fleksibelt, selvklebende papir i hverdagen. Enten du jobber p\u00e5 kontor, studerer, underviser eller planlegger hjemme, gir denne notatblokken deg maksimal frihet og funksjonalitet \u2013 med omtanke for milj\u00f8et. <\/p>\n<p>Notatrullen er laget av FSC-sertifisert papir, som sikrer at r\u00e5materialene kommer fra ansvarlig skogbruk. Det ekstra sterke limet har full dekning p\u00e5 baksiden, s\u00e5 sedlene sitter godt fast, men kan fortsatt enkelt og uten spor av fj\u00e6r. Limet er langvarig og holder papiret flatt selv ved langvarig bruk, s\u00e5 notatene dine ser alltid pene og profesjonelle ut.  <\/p>\n<p>En av de store fordelene med Note Roll Extra Sticky er dens allsidighet. Den fester seg til et bredt spekter av overflater \u2013 inkludert buede \u2013 noe som gj\u00f8r den ideell for alt fra vegger og whiteboards til mapper, skjermer og bord. Du kan enkelt kutte eller rive akkurat den lengden du trenger og tilpasse notene til enhver situasjon.  <\/p>\n<p>Den plastfrie emballasjen st\u00f8tter det b\u00e6rekraftige valget og gj\u00f8r rullen enkel \u00e5 ta med p\u00e5 farten. Med Note Roll Extra Sticky FSC f\u00e5r du en smart, praktisk og ansvarlig l\u00f8sning for alle dine musikkbehov. <\/p>\n<a href=\"https:\/\/ic.fsc.org\/en\/\" target=\"window\"><img loading=\"lazy\" decoding=\"async\" class=\"size-full wp-image-12735\" src=\"https:\/\/grontkontor.dk\/wp-content\/uploads\/2019\/04\/fsc-certificeret.png\" \n\t\t alt=\"FSC-certificeret\" title=\"FSC-certificeret\" width=\"44\" height=\"51\" border=0\/><\/a>\n","protected":false},"excerpt":{"rendered":"<p>Merk: Roll Extra Sticky FSC blue er den perfekte milj\u00f8vennlige l\u00f8sningen for alle som trenger fleksibelt, selvklebende papir i hverdagen. Enten du jobber p\u00e5 kontor, studerer, underviser eller planlegger hjemme, gir denne notatblokken deg maksimal frihet og funksjonalitet \u2013 med omtanke for milj\u00f8et. Notatrullen er laget av FSC-sertifisert papir, som sikrer at r\u00e5materialene kommer fra [&hellip;]<\/p>\n","protected":false},"featured_media":131671,"comment_status":"closed","ping_status":"closed","template":"","meta":{"_acf_changed":false},"product_cat":[3199,3735,2657,3610],"product_tag":[3737,4084,4085,4088,4086],"class_list":{"0":"post-131656","1":"product","2":"type-product","3":"status-publish","4":"has-post-thumbnail","6":"product_cat-dummy-moq-1-no","7":"product_cat-memo-pads","8":"product_cat-nyheter","9":"product_cat-papir-og-pads","10":"product_tag-klistrelapper","11":"product_tag-notatblokker","12":"product_tag-notatblokker-no","13":"product_tag-post-it-no","14":"product_tag-sjekklister","15":"tm-has-options","17":"first","18":"instock","19":"taxable","20":"shipping-taxable","21":"purchasable","22":"product-type-simple"},"acf":[],"yoast_head":"<!-- This site is optimized with the Yoast SEO Premium plugin v21.2 (Yoast SEO v21.2) - https:\/\/yoast.com\/wordpress\/plugins\/seo\/ -->\n<title>Merk: Rull ekstra klebrig FSC 50mm x 10m Bl\u00e5 - Gr\u00f8nt Kontor<\/title>\n<meta name=\"robots\" content=\"index, follow, max-snippet:-1, max-image-preview:large, max-video-preview:-1\" \/>\n<link rel=\"canonical\" href=\"https:\/\/grontkontor.dk\/no\/shop\/notesrulle-extra-sticky-fsc-50mm-x-10m-blaa\/\" \/>\n<meta property=\"og:locale\" content=\"en_US\" \/>\n<meta property=\"og:type\" content=\"article\" \/>\n<meta property=\"og:title\" content=\"Merk: Rull ekstra klebrig FSC 50mm x 10m Bl\u00e5\" \/>\n<meta property=\"og:description\" content=\"Merk: Roll Extra Sticky FSC blue er den perfekte milj\u00f8vennlige l\u00f8sningen for alle som trenger fleksibelt, selvklebende papir i hverdagen. Enten du jobber p\u00e5 kontor, studerer, underviser eller planlegger hjemme, gir denne notatblokken deg maksimal frihet og funksjonalitet \u2013 med omtanke for milj\u00f8et. Notatrullen er laget av FSC-sertifisert papir, som sikrer at r\u00e5materialene kommer fra [&hellip;]\" \/>\n<meta property=\"og:url\" content=\"https:\/\/grontkontor.dk\/no\/shop\/notesrulle-extra-sticky-fsc-50mm-x-10m-blaa\/\" \/>\n<meta property=\"og:site_name\" content=\"Gr\u00f8nt Kontor\" \/>\n<meta property=\"article:publisher\" content=\"https:\/\/www.facebook.com\/grontkontor.dk\/\" \/>\n<meta property=\"article:modified_time\" content=\"2026-01-07T13:45:06+00:00\" \/>\n<meta property=\"og:image\" content=\"https:\/\/grontkontor.dk\/wp-content\/uploads\/2025\/12\/Notesrulle-Extra-Sticky-FSC-50mm-x-10m-blaa.jpg\" \/>\n\t<meta property=\"og:image:width\" content=\"500\" \/>\n\t<meta property=\"og:image:height\" content=\"500\" \/>\n\t<meta property=\"og:image:type\" content=\"image\/jpeg\" \/>\n<meta name=\"twitter:card\" content=\"summary_large_image\" \/>\n<meta name=\"twitter:label1\" content=\"Est. reading time\" \/>\n\t<meta name=\"twitter:data1\" content=\"1 minute\" \/>\n<script type=\"application\/ld+json\" class=\"yoast-schema-graph\">{\"@context\":\"https:\/\/schema.org\",\"@graph\":[{\"@type\":\"WebPage\",\"@id\":\"https:\/\/grontkontor.dk\/no\/shop\/notesrulle-extra-sticky-fsc-50mm-x-10m-blaa\/\",\"url\":\"https:\/\/grontkontor.dk\/no\/shop\/notesrulle-extra-sticky-fsc-50mm-x-10m-blaa\/\",\"name\":\"Merk: Rull ekstra klebrig FSC 50mm x 10m Bl\u00e5 - Gr\u00f8nt Kontor\",\"isPartOf\":{\"@id\":\"https:\/\/grontkontor.dk\/#website\"},\"datePublished\":\"2025-12-29T14:41:52+00:00\",\"dateModified\":\"2026-01-07T13:45:06+00:00\",\"breadcrumb\":{\"@id\":\"https:\/\/grontkontor.dk\/no\/shop\/notesrulle-extra-sticky-fsc-50mm-x-10m-blaa\/#breadcrumb\"},\"inLanguage\":\"no-NO\",\"potentialAction\":[{\"@type\":\"ReadAction\",\"target\":[\"https:\/\/grontkontor.dk\/no\/shop\/notesrulle-extra-sticky-fsc-50mm-x-10m-blaa\/\"]}]},{\"@type\":\"BreadcrumbList\",\"@id\":\"https:\/\/grontkontor.dk\/no\/shop\/notesrulle-extra-sticky-fsc-50mm-x-10m-blaa\/#breadcrumb\",\"itemListElement\":[{\"@type\":\"ListItem\",\"position\":1,\"name\":\"Forside\",\"item\":\"https:\/\/grontkontor.dk\/\"},{\"@type\":\"ListItem\",\"position\":2,\"name\":\"Butikk\",\"item\":\"https:\/\/grontkontor.dk\/no\/butikk-2\/\"},{\"@type\":\"ListItem\",\"position\":3,\"name\":\"Dummy MOQ 1\",\"item\":\"https:\/\/grontkontor.dk\/produkt-kategori\/dummy-moq-1\/\"},{\"@type\":\"ListItem\",\"position\":4,\"name\":\"Merk: Rull ekstra klebrig FSC 50mm x 10m Bl\u00e5\"}]},{\"@type\":\"WebSite\",\"@id\":\"https:\/\/grontkontor.dk\/#website\",\"url\":\"https:\/\/grontkontor.dk\/\",\"name\":\"Gr\u00f8nt Kontor\",\"description\":\"Milj\u00f8venlige produkter til kontor og erhverv med fokus p\u00e5 b\u00e6redygtighed, design og fair trade.\",\"publisher\":{\"@id\":\"https:\/\/grontkontor.dk\/#organization\"},\"potentialAction\":[{\"@type\":\"SearchAction\",\"target\":{\"@type\":\"EntryPoint\",\"urlTemplate\":\"https:\/\/grontkontor.dk\/?s={search_term_string}\"},\"query-input\":\"required name=search_term_string\"}],\"inLanguage\":\"no-NO\"},{\"@type\":\"Organization\",\"@id\":\"https:\/\/grontkontor.dk\/#organization\",\"name\":\"Gr\u00f8nt Kontor\",\"url\":\"https:\/\/grontkontor.dk\/\",\"logo\":{\"@type\":\"ImageObject\",\"inLanguage\":\"no-NO\",\"@id\":\"https:\/\/grontkontor.dk\/#\/schema\/logo\/image\/\",\"url\":\"https:\/\/grontkontor.dk\/wp-content\/uploads\/2014\/02\/Logo_groent_kontor_300x80.png\",\"contentUrl\":\"https:\/\/grontkontor.dk\/wp-content\/uploads\/2014\/02\/Logo_groent_kontor_300x80.png\",\"width\":300,\"height\":80,\"caption\":\"Gr\u00f8nt Kontor\"},\"image\":{\"@id\":\"https:\/\/grontkontor.dk\/#\/schema\/logo\/image\/\"},\"sameAs\":[\"https:\/\/www.facebook.com\/grontkontor.dk\/\"]}]}<\/script>\n<!-- \/ Yoast SEO Premium plugin. -->","yoast_head_json":{"title":"Merk: Rull ekstra klebrig FSC 50mm x 10m Bl\u00e5 - Gr\u00f8nt Kontor","robots":{"index":"index","follow":"follow","max-snippet":"max-snippet:-1","max-image-preview":"max-image-preview:large","max-video-preview":"max-video-preview:-1"},"canonical":"https:\/\/grontkontor.dk\/no\/shop\/notesrulle-extra-sticky-fsc-50mm-x-10m-blaa\/","og_locale":"en_US","og_type":"article","og_title":"Merk: Rull ekstra klebrig FSC 50mm x 10m Bl\u00e5","og_description":"Merk: Roll Extra Sticky FSC blue er den perfekte milj\u00f8vennlige l\u00f8sningen for alle som trenger fleksibelt, selvklebende papir i hverdagen. Enten du jobber p\u00e5 kontor, studerer, underviser eller planlegger hjemme, gir denne notatblokken deg maksimal frihet og funksjonalitet \u2013 med omtanke for milj\u00f8et. Notatrullen er laget av FSC-sertifisert papir, som sikrer at r\u00e5materialene kommer fra [&hellip;]","og_url":"https:\/\/grontkontor.dk\/no\/shop\/notesrulle-extra-sticky-fsc-50mm-x-10m-blaa\/","og_site_name":"Gr\u00f8nt Kontor","article_publisher":"https:\/\/www.facebook.com\/grontkontor.dk\/","article_modified_time":"2026-01-07T13:45:06+00:00","og_image":[{"width":500,"height":500,"url":"https:\/\/grontkontor.dk\/wp-content\/uploads\/2025\/12\/Notesrulle-Extra-Sticky-FSC-50mm-x-10m-blaa.jpg","type":"image\/jpeg"}],"twitter_card":"summary_large_image","twitter_misc":{"Est. reading time":"1 minute"},"schema":{"@context":"https:\/\/schema.org","@graph":[{"@type":"WebPage","@id":"https:\/\/grontkontor.dk\/no\/shop\/notesrulle-extra-sticky-fsc-50mm-x-10m-blaa\/","url":"https:\/\/grontkontor.dk\/no\/shop\/notesrulle-extra-sticky-fsc-50mm-x-10m-blaa\/","name":"Merk: Rull ekstra klebrig FSC 50mm x 10m Bl\u00e5 - Gr\u00f8nt Kontor","isPartOf":{"@id":"https:\/\/grontkontor.dk\/#website"},"datePublished":"2025-12-29T14:41:52+00:00","dateModified":"2026-01-07T13:45:06+00:00","breadcrumb":{"@id":"https:\/\/grontkontor.dk\/no\/shop\/notesrulle-extra-sticky-fsc-50mm-x-10m-blaa\/#breadcrumb"},"inLanguage":"no-NO","potentialAction":[{"@type":"ReadAction","target":["https:\/\/grontkontor.dk\/no\/shop\/notesrulle-extra-sticky-fsc-50mm-x-10m-blaa\/"]}]},{"@type":"BreadcrumbList","@id":"https:\/\/grontkontor.dk\/no\/shop\/notesrulle-extra-sticky-fsc-50mm-x-10m-blaa\/#breadcrumb","itemListElement":[{"@type":"ListItem","position":1,"name":"Forside","item":"https:\/\/grontkontor.dk\/"},{"@type":"ListItem","position":2,"name":"Butikk","item":"https:\/\/grontkontor.dk\/no\/butikk-2\/"},{"@type":"ListItem","position":3,"name":"Dummy MOQ 1","item":"https:\/\/grontkontor.dk\/produkt-kategori\/dummy-moq-1\/"},{"@type":"ListItem","position":4,"name":"Merk: Rull ekstra klebrig FSC 50mm x 10m Bl\u00e5"}]},{"@type":"WebSite","@id":"https:\/\/grontkontor.dk\/#website","url":"https:\/\/grontkontor.dk\/","name":"Gr\u00f8nt Kontor","description":"Milj\u00f8venlige produkter til kontor og erhverv med fokus p\u00e5 b\u00e6redygtighed, design og fair trade.","publisher":{"@id":"https:\/\/grontkontor.dk\/#organization"},"potentialAction":[{"@type":"SearchAction","target":{"@type":"EntryPoint","urlTemplate":"https:\/\/grontkontor.dk\/?s={search_term_string}"},"query-input":"required name=search_term_string"}],"inLanguage":"no-NO"},{"@type":"Organization","@id":"https:\/\/grontkontor.dk\/#organization","name":"Gr\u00f8nt Kontor","url":"https:\/\/grontkontor.dk\/","logo":{"@type":"ImageObject","inLanguage":"no-NO","@id":"https:\/\/grontkontor.dk\/#\/schema\/logo\/image\/","url":"https:\/\/grontkontor.dk\/wp-content\/uploads\/2014\/02\/Logo_groent_kontor_300x80.png","contentUrl":"https:\/\/grontkontor.dk\/wp-content\/uploads\/2014\/02\/Logo_groent_kontor_300x80.png","width":300,"height":80,"caption":"Gr\u00f8nt Kontor"},"image":{"@id":"https:\/\/grontkontor.dk\/#\/schema\/logo\/image\/"},"sameAs":["https:\/\/www.facebook.com\/grontkontor.dk\/"]}]}},"_links":{"self":[{"href":"https:\/\/grontkontor.dk\/no\/wp-json\/wp\/v2\/product\/131656"}],"collection":[{"href":"https:\/\/grontkontor.dk\/no\/wp-json\/wp\/v2\/product"}],"about":[{"href":"https:\/\/grontkontor.dk\/no\/wp-json\/wp\/v2\/types\/product"}],"replies":[{"embeddable":true,"href":"https:\/\/grontkontor.dk\/no\/wp-json\/wp\/v2\/comments?post=131656"}],"wp:featuredmedia":[{"embeddable":true,"href":"https:\/\/grontkontor.dk\/no\/wp-json\/wp\/v2\/media\/131671"}],"wp:attachment":[{"href":"https:\/\/grontkontor.dk\/no\/wp-json\/wp\/v2\/media?parent=131656"}],"wp:term":[{"taxonomy":"product_cat","embeddable":true,"href":"https:\/\/grontkontor.dk\/no\/wp-json\/wp\/v2\/product_cat?post=131656"},{"taxonomy":"product_tag","embeddable":true,"href":"https:\/\/grontkontor.dk\/no\/wp-json\/wp\/v2\/product_tag?post=131656"}],"curies":[{"name":"wp","href":"https:\/\/api.w.org\/{rel}","templated":true}]}}