{"id":85477,"date":"2024-04-18T14:01:05","date_gmt":"2024-05-28T09:17:23","guid":{"rendered":"https:\/\/grontkontor.dk\/shop\/klimavennlig-piknik-laget-i-bomull-stal-og-tre\/"},"modified":"2024-06-13T11:31:28","modified_gmt":"2024-06-13T09:31:28","slug":"klimavennlig-piknik-laget-i-bomull-stal-og-tre","status":"publish","type":"product","link":"https:\/\/grontkontor.dk\/no\/shop\/klimavennlig-piknik-laget-i-bomull-stal-og-tre\/","title":{"rendered":"Klimavennlig pikniksett i bomull, st\u00e5l og tre"},"content":{"rendered":"<p>2-seter, pikniksett. Presenteres i en solid 100% bomullspose med naturlig finish, glidel\u00e5s og h\u00e5ndtak. Forsterket innvendig med rom for diverse tilbeh\u00f8r.<\/p>\n<p>Inneholder:<br \/>\n2 skjeer, 2 kniver og 2 gafler i rustfritt st\u00e5l med naturlig treh\u00e5ndtak. 2 rustfrie st\u00e5lplater med en diameter p\u00e5 19,5 cm. 2 30 x 30 cm servietter med retrodesign i sjakk og en kombinasjon av svarte, gr\u00e5 og hvite nyanser. Korketrekker i rustfritt st\u00e5l med integrert blad og treh\u00e5ndtak. Skj\u00e6re- og serveringsbrett p\u00e5 15 x 15 cm, ogs\u00e5 i tre med utsk\u00e5rne h\u00e5ndtak.<\/p>\n<p>Tilgjengelig med\/uten trykk.<\/p>\n<p>Perfekt for bedrifts- eller ansattgaver eller til utend\u00f8rsarrangementer.<\/p>\n<p>[bomuld]<\/p>\n","protected":false},"excerpt":{"rendered":"<p>2-seter, pikniksett. Presenteres i en solid 100% bomullspose med naturlig finish, glidel\u00e5s og h\u00e5ndtak. Forsterket innvendig med rom for diverse tilbeh\u00f8r. Inneholder: 2 skjeer, 2 kniver og 2 gafler i rustfritt st\u00e5l med naturlig treh\u00e5ndtak. 2 rustfrie st\u00e5lplater med en diameter p\u00e5 19,5 cm. 2 30 x 30 cm servietter med retrodesign i sjakk og [&hellip;]<\/p>\n","protected":false},"featured_media":84226,"comment_status":"closed","ping_status":"closed","template":"","meta":{"_acf_changed":false},"product_cat":[3199,3194,3223,2657,3201],"product_tag":[],"class_list":{"0":"post-85477","1":"product","2":"type-product","3":"status-publish","4":"has-post-thumbnail","6":"product_cat-dummy-moq-1-no","7":"product_cat-klimavennlige-firmagaver","8":"product_cat-messe-og-arrangement","9":"product_cat-nyheter","10":"product_cat-sport-og-fritid-no","11":"tm-has-options","13":"first","14":"instock","15":"taxable","16":"shipping-taxable","17":"purchasable","18":"product-type-simple"},"acf":[],"yoast_head":"<!-- This site is optimized with the Yoast SEO Premium plugin v21.2 (Yoast SEO v21.2) - https:\/\/yoast.com\/wordpress\/plugins\/seo\/ -->\n<title>Klimavennlig pikniksett i bomull, st\u00e5l og tre - Gr\u00f8nt Kontor<\/title>\n<meta name=\"robots\" content=\"index, follow, max-snippet:-1, max-image-preview:large, max-video-preview:-1\" \/>\n<link rel=\"canonical\" href=\"https:\/\/grontkontor.dk\/no\/shop\/klimavennlig-piknik-laget-i-bomull-stal-og-tre\/\" \/>\n<meta property=\"og:locale\" content=\"en_US\" \/>\n<meta property=\"og:type\" content=\"article\" \/>\n<meta property=\"og:title\" content=\"Klimavennlig pikniksett i bomull, st\u00e5l og tre\" \/>\n<meta property=\"og:description\" content=\"2-seter, pikniksett. Presenteres i en solid 100% bomullspose med naturlig finish, glidel\u00e5s og h\u00e5ndtak. Forsterket innvendig med rom for diverse tilbeh\u00f8r. Inneholder: 2 skjeer, 2 kniver og 2 gafler i rustfritt st\u00e5l med naturlig treh\u00e5ndtak. 2 rustfrie st\u00e5lplater med en diameter p\u00e5 19,5 cm. 2 30 x 30 cm servietter med retrodesign i sjakk og [&hellip;]\" \/>\n<meta property=\"og:url\" content=\"https:\/\/grontkontor.dk\/no\/shop\/klimavennlig-piknik-laget-i-bomull-stal-og-tre\/\" \/>\n<meta property=\"og:site_name\" content=\"Gr\u00f8nt Kontor\" \/>\n<meta property=\"article:publisher\" content=\"https:\/\/www.facebook.com\/grontkontor.dk\/\" \/>\n<meta property=\"article:modified_time\" content=\"2024-06-13T09:31:28+00:00\" \/>\n<meta property=\"og:image\" content=\"https:\/\/grontkontor.dk\/wp-content\/uploads\/2024\/04\/Miljoevenligt-picnicsaet-i-bomuld-og-trae.jpg\" \/>\n\t<meta property=\"og:image:width\" content=\"900\" \/>\n\t<meta property=\"og:image:height\" content=\"639\" \/>\n\t<meta property=\"og:image:type\" content=\"image\/jpeg\" \/>\n<meta name=\"twitter:card\" content=\"summary_large_image\" \/>\n<meta name=\"twitter:label1\" content=\"Est. reading time\" \/>\n\t<meta name=\"twitter:data1\" content=\"1 minute\" \/>\n<script type=\"application\/ld+json\" class=\"yoast-schema-graph\">{\"@context\":\"https:\/\/schema.org\",\"@graph\":[{\"@type\":\"WebPage\",\"@id\":\"https:\/\/grontkontor.dk\/no\/shop\/klimavennlig-piknik-laget-i-bomull-stal-og-tre\/\",\"url\":\"https:\/\/grontkontor.dk\/no\/shop\/klimavennlig-piknik-laget-i-bomull-stal-og-tre\/\",\"name\":\"Klimavennlig pikniksett i bomull, st\u00e5l og tre - Gr\u00f8nt Kontor\",\"isPartOf\":{\"@id\":\"https:\/\/grontkontor.dk\/#website\"},\"datePublished\":\"2024-05-28T09:17:23+00:00\",\"dateModified\":\"2024-06-13T09:31:28+00:00\",\"breadcrumb\":{\"@id\":\"https:\/\/grontkontor.dk\/no\/shop\/klimavennlig-piknik-laget-i-bomull-stal-og-tre\/#breadcrumb\"},\"inLanguage\":\"no-NO\",\"potentialAction\":[{\"@type\":\"ReadAction\",\"target\":[\"https:\/\/grontkontor.dk\/no\/shop\/klimavennlig-piknik-laget-i-bomull-stal-og-tre\/\"]}]},{\"@type\":\"BreadcrumbList\",\"@id\":\"https:\/\/grontkontor.dk\/no\/shop\/klimavennlig-piknik-laget-i-bomull-stal-og-tre\/#breadcrumb\",\"itemListElement\":[{\"@type\":\"ListItem\",\"position\":1,\"name\":\"Forside\",\"item\":\"https:\/\/grontkontor.dk\/\"},{\"@type\":\"ListItem\",\"position\":2,\"name\":\"Butikk\",\"item\":\"https:\/\/grontkontor.dk\/no\/butikk-2\/\"},{\"@type\":\"ListItem\",\"position\":3,\"name\":\"Nyheder\",\"item\":\"https:\/\/grontkontor.dk\/produkt-kategori\/nyheder\/\"},{\"@type\":\"ListItem\",\"position\":4,\"name\":\"Klimavennlig pikniksett i bomull, st\u00e5l og tre\"}]},{\"@type\":\"WebSite\",\"@id\":\"https:\/\/grontkontor.dk\/#website\",\"url\":\"https:\/\/grontkontor.dk\/\",\"name\":\"Gr\u00f8nt Kontor\",\"description\":\"Milj\u00f8venlige produkter til kontor og erhverv med fokus p\u00e5 b\u00e6redygtighed, design og fair trade.\",\"publisher\":{\"@id\":\"https:\/\/grontkontor.dk\/#organization\"},\"potentialAction\":[{\"@type\":\"SearchAction\",\"target\":{\"@type\":\"EntryPoint\",\"urlTemplate\":\"https:\/\/grontkontor.dk\/?s={search_term_string}\"},\"query-input\":\"required name=search_term_string\"}],\"inLanguage\":\"no-NO\"},{\"@type\":\"Organization\",\"@id\":\"https:\/\/grontkontor.dk\/#organization\",\"name\":\"Gr\u00f8nt Kontor\",\"url\":\"https:\/\/grontkontor.dk\/\",\"logo\":{\"@type\":\"ImageObject\",\"inLanguage\":\"no-NO\",\"@id\":\"https:\/\/grontkontor.dk\/#\/schema\/logo\/image\/\",\"url\":\"https:\/\/grontkontor.dk\/wp-content\/uploads\/2014\/02\/Logo_groent_kontor_300x80.png\",\"contentUrl\":\"https:\/\/grontkontor.dk\/wp-content\/uploads\/2014\/02\/Logo_groent_kontor_300x80.png\",\"width\":300,\"height\":80,\"caption\":\"Gr\u00f8nt Kontor\"},\"image\":{\"@id\":\"https:\/\/grontkontor.dk\/#\/schema\/logo\/image\/\"},\"sameAs\":[\"https:\/\/www.facebook.com\/grontkontor.dk\/\"]}]}<\/script>\n<!-- \/ Yoast SEO Premium plugin. -->","yoast_head_json":{"title":"Klimavennlig pikniksett i bomull, st\u00e5l og tre - Gr\u00f8nt Kontor","robots":{"index":"index","follow":"follow","max-snippet":"max-snippet:-1","max-image-preview":"max-image-preview:large","max-video-preview":"max-video-preview:-1"},"canonical":"https:\/\/grontkontor.dk\/no\/shop\/klimavennlig-piknik-laget-i-bomull-stal-og-tre\/","og_locale":"en_US","og_type":"article","og_title":"Klimavennlig pikniksett i bomull, st\u00e5l og tre","og_description":"2-seter, pikniksett. Presenteres i en solid 100% bomullspose med naturlig finish, glidel\u00e5s og h\u00e5ndtak. Forsterket innvendig med rom for diverse tilbeh\u00f8r. Inneholder: 2 skjeer, 2 kniver og 2 gafler i rustfritt st\u00e5l med naturlig treh\u00e5ndtak. 2 rustfrie st\u00e5lplater med en diameter p\u00e5 19,5 cm. 2 30 x 30 cm servietter med retrodesign i sjakk og [&hellip;]","og_url":"https:\/\/grontkontor.dk\/no\/shop\/klimavennlig-piknik-laget-i-bomull-stal-og-tre\/","og_site_name":"Gr\u00f8nt Kontor","article_publisher":"https:\/\/www.facebook.com\/grontkontor.dk\/","article_modified_time":"2024-06-13T09:31:28+00:00","og_image":[{"width":900,"height":639,"url":"https:\/\/grontkontor.dk\/wp-content\/uploads\/2024\/04\/Miljoevenligt-picnicsaet-i-bomuld-og-trae.jpg","type":"image\/jpeg"}],"twitter_card":"summary_large_image","twitter_misc":{"Est. reading time":"1 minute"},"schema":{"@context":"https:\/\/schema.org","@graph":[{"@type":"WebPage","@id":"https:\/\/grontkontor.dk\/no\/shop\/klimavennlig-piknik-laget-i-bomull-stal-og-tre\/","url":"https:\/\/grontkontor.dk\/no\/shop\/klimavennlig-piknik-laget-i-bomull-stal-og-tre\/","name":"Klimavennlig pikniksett i bomull, st\u00e5l og tre - Gr\u00f8nt Kontor","isPartOf":{"@id":"https:\/\/grontkontor.dk\/#website"},"datePublished":"2024-05-28T09:17:23+00:00","dateModified":"2024-06-13T09:31:28+00:00","breadcrumb":{"@id":"https:\/\/grontkontor.dk\/no\/shop\/klimavennlig-piknik-laget-i-bomull-stal-og-tre\/#breadcrumb"},"inLanguage":"no-NO","potentialAction":[{"@type":"ReadAction","target":["https:\/\/grontkontor.dk\/no\/shop\/klimavennlig-piknik-laget-i-bomull-stal-og-tre\/"]}]},{"@type":"BreadcrumbList","@id":"https:\/\/grontkontor.dk\/no\/shop\/klimavennlig-piknik-laget-i-bomull-stal-og-tre\/#breadcrumb","itemListElement":[{"@type":"ListItem","position":1,"name":"Forside","item":"https:\/\/grontkontor.dk\/"},{"@type":"ListItem","position":2,"name":"Butikk","item":"https:\/\/grontkontor.dk\/no\/butikk-2\/"},{"@type":"ListItem","position":3,"name":"Nyheder","item":"https:\/\/grontkontor.dk\/produkt-kategori\/nyheder\/"},{"@type":"ListItem","position":4,"name":"Klimavennlig pikniksett i bomull, st\u00e5l og tre"}]},{"@type":"WebSite","@id":"https:\/\/grontkontor.dk\/#website","url":"https:\/\/grontkontor.dk\/","name":"Gr\u00f8nt Kontor","description":"Milj\u00f8venlige produkter til kontor og erhverv med fokus p\u00e5 b\u00e6redygtighed, design og fair trade.","publisher":{"@id":"https:\/\/grontkontor.dk\/#organization"},"potentialAction":[{"@type":"SearchAction","target":{"@type":"EntryPoint","urlTemplate":"https:\/\/grontkontor.dk\/?s={search_term_string}"},"query-input":"required name=search_term_string"}],"inLanguage":"no-NO"},{"@type":"Organization","@id":"https:\/\/grontkontor.dk\/#organization","name":"Gr\u00f8nt Kontor","url":"https:\/\/grontkontor.dk\/","logo":{"@type":"ImageObject","inLanguage":"no-NO","@id":"https:\/\/grontkontor.dk\/#\/schema\/logo\/image\/","url":"https:\/\/grontkontor.dk\/wp-content\/uploads\/2014\/02\/Logo_groent_kontor_300x80.png","contentUrl":"https:\/\/grontkontor.dk\/wp-content\/uploads\/2014\/02\/Logo_groent_kontor_300x80.png","width":300,"height":80,"caption":"Gr\u00f8nt Kontor"},"image":{"@id":"https:\/\/grontkontor.dk\/#\/schema\/logo\/image\/"},"sameAs":["https:\/\/www.facebook.com\/grontkontor.dk\/"]}]}},"_links":{"self":[{"href":"https:\/\/grontkontor.dk\/no\/wp-json\/wp\/v2\/product\/85477"}],"collection":[{"href":"https:\/\/grontkontor.dk\/no\/wp-json\/wp\/v2\/product"}],"about":[{"href":"https:\/\/grontkontor.dk\/no\/wp-json\/wp\/v2\/types\/product"}],"replies":[{"embeddable":true,"href":"https:\/\/grontkontor.dk\/no\/wp-json\/wp\/v2\/comments?post=85477"}],"wp:featuredmedia":[{"embeddable":true,"href":"https:\/\/grontkontor.dk\/no\/wp-json\/wp\/v2\/media\/84226"}],"wp:attachment":[{"href":"https:\/\/grontkontor.dk\/no\/wp-json\/wp\/v2\/media?parent=85477"}],"wp:term":[{"taxonomy":"product_cat","embeddable":true,"href":"https:\/\/grontkontor.dk\/no\/wp-json\/wp\/v2\/product_cat?post=85477"},{"taxonomy":"product_tag","embeddable":true,"href":"https:\/\/grontkontor.dk\/no\/wp-json\/wp\/v2\/product_tag?post=85477"}],"curies":[{"name":"wp","href":"https:\/\/api.w.org\/{rel}","templated":true}]}}