{"id":85481,"date":"2024-04-25T13:58:51","date_gmt":"2024-05-28T09:17:25","guid":{"rendered":"https:\/\/grontkontor.dk\/shop\/termos-flaske-sett-i-stal\/"},"modified":"2024-08-21T12:31:48","modified_gmt":"2024-08-21T10:31:48","slug":"termos-flaske-sett-i-stal","status":"publish","type":"product","link":"https:\/\/grontkontor.dk\/no\/shop\/termos-flaske-sett-i-stal\/","title":{"rendered":"St\u00e5l termos flaske sett"},"content":{"rendered":"<p>Termosflaske med 2 kopper i rustfritt st\u00e5l og lokk i milj\u00f8vennlig bambus. Volumet p\u00e5 termosene er 500 ml, mens de to koppene inneholder opptil 300 ml.<br \/>\nPerfekt for den milj\u00f8vennlige firmagaven eller for utend\u00f8rsarrangementer.<\/p>\n<p>&nbsp;<\/p>\n<p>[staal]<\/p>\n<p>[bambus_s]<\/p>\n<p>&nbsp;<\/p>\n<p>&nbsp;<\/p>\n","protected":false},"excerpt":{"rendered":"<p>Termosflaske med 2 kopper i rustfritt st\u00e5l og lokk i milj\u00f8vennlig bambus. Volumet p\u00e5 termosene er 500 ml, mens de to koppene inneholder opptil 300 ml. Perfekt for den milj\u00f8vennlige firmagaven eller for utend\u00f8rsarrangementer. &nbsp; [staal] [bambus_s] &nbsp; &nbsp;<\/p>\n","protected":false},"featured_media":84984,"comment_status":"closed","ping_status":"closed","template":"","meta":{"_acf_changed":false},"product_cat":[3199,3216,2657,3214,4393],"product_tag":[3298,3297],"class_list":{"0":"post-85481","1":"product","2":"type-product","3":"status-publish","4":"has-post-thumbnail","6":"product_cat-dummy-moq-1-no","7":"product_cat-mat-og-drikke","8":"product_cat-nyheter","9":"product_cat-vannflasker-og-termosflasker","10":"product_cat-vannflasker-og-termosflasker-no","11":"product_tag-termosflaske-no","12":"product_tag-termosflaske","13":"pa_farve-appelsin","14":"pa_farve-assortert","15":"pa_farve-azure-no","16":"pa_farve-beige-no","17":"pa_farve-blande","18":"pa_farve-blaa-no-2","19":"pa_farve-blaa-no","20":"pa_farve-blaa-min-100-stk-no","21":"pa_farve-blaa-min-15-no","22":"pa_farve-blaa-min-15-stk-no","23":"pa_farve-blaa-gul-no","24":"pa_farve-blaa-groenn-gul","25":"pa_farve-browne-no","26":"pa_farve-brun-no-3","27":"pa_farve-brun-no","28":"pa_farve-brun-no-2","29":"pa_farve-brun-med-svart-topp-og-bunn","30":"pa_farve-crimson-no","31":"pa_farve-dyp-groenn","32":"pa_farve-ed","33":"pa_farve-fiolett","34":"pa_farve-floete","35":"pa_farve-floete-no","36":"pa_farve-fuchsia-min-100-stk-no","37":"pa_farve-gjennomsiktig-no","38":"pa_farve-gjennomsiktig","39":"pa_farve-grafitt","40":"pa_farve-graa-no","41":"pa_farve-graa-no-2","42":"pa_farve-graa-min-100-stk-no","43":"pa_farve-groenn-no","44":"pa_farve-groenn","45":"pa_farve-gul-no","46":"pa_farve-gul-no-2","47":"pa_farve-gull","48":"pa_farve-havblaa","49":"pa_farve-hvit-no","50":"pa_farve-hvit","51":"pa_farve-hvit-pigmentert","52":"pa_farve-hvit-pigmentert-med-svart-topp-og-bunn","53":"pa_farve-hvitpigmentert-med-brun-topp-og-bunn","54":"pa_farve-kalk-no","55":"pa_farve-khaki-no","56":"pa_farve-kongeblaa","57":"pa_farve-krenke","58":"pa_farve-lilla-no","59":"pa_farve-lyseblaa-no","60":"pa_farve-lysegraa","61":"pa_farve-lysegroenn","62":"pa_farve-mange","63":"pa_farve-marine","64":"pa_farve-mynte","65":"pa_farve-moerkegraa-no","66":"pa_farve-moerk-graa-no","67":"pa_farve-moerkeblaa-no","68":"pa_farve-moerkegroenn","69":"pa_farve-natur-no","70":"pa_farve-natur-min-100-stk-no","71":"pa_farve-oliven-no","72":"pa_farve-rosa","73":"pa_farve-roed-no","74":"pa_farve-roed-min-100-stk-no","75":"pa_farve-roed-min-15-no","76":"pa_farve-roed-min-15-blaa-min-15-no","77":"pa_farve-roed-min-15-stk-no","78":"pa_farve-roed-min-15-stk-blaa-min-15-stk-no","79":"pa_farve-roedbrun-no","80":"pa_farve-sennep-no","81":"pa_farve-struktur-no","82":"pa_farve-svart","83":"pa_farve-svart-no","84":"pa_farve-svart-min-100-stk","85":"pa_farve-svart-gull-og-soelv","86":"pa_farve-soelv-no","87":"pa_farve-soelv-no-3","88":"pa_farve-soelv-no-2","89":"pa_farve-turkis-no","90":"pa_farve-turkis-no-2","91":"pa_farve-vin-roed","92":"tm-has-options","94":"first","95":"instock","96":"taxable","97":"shipping-taxable","98":"purchasable","99":"product-type-simple"},"acf":[],"yoast_head":"<!-- This site is optimized with the Yoast SEO Premium plugin v21.2 (Yoast SEO v21.2) - https:\/\/yoast.com\/wordpress\/plugins\/seo\/ -->\n<title>St\u00e5l termos flaske sett - Gr\u00f8nt Kontor<\/title>\n<meta name=\"robots\" content=\"index, follow, max-snippet:-1, max-image-preview:large, max-video-preview:-1\" \/>\n<link rel=\"canonical\" href=\"https:\/\/grontkontor.dk\/shop\/termoflaske-saet-i-staal\/\" \/>\n<meta property=\"og:locale\" content=\"en_US\" \/>\n<meta property=\"og:type\" content=\"article\" \/>\n<meta property=\"og:title\" content=\"St\u00e5l termos flaske sett\" \/>\n<meta property=\"og:description\" content=\"Termosflaske med 2 kopper i rustfritt st\u00e5l og lokk i milj\u00f8vennlig bambus. Volumet p\u00e5 termosene er 500 ml, mens de to koppene inneholder opptil 300 ml. Perfekt for den milj\u00f8vennlige firmagaven eller for utend\u00f8rsarrangementer. &nbsp; [staal] [bambus_s] &nbsp; &nbsp;\" \/>\n<meta property=\"og:url\" content=\"https:\/\/grontkontor.dk\/shop\/termoflaske-saet-i-staal\/\" \/>\n<meta property=\"og:site_name\" content=\"Gr\u00f8nt Kontor\" \/>\n<meta property=\"article:publisher\" content=\"https:\/\/www.facebook.com\/grontkontor.dk\/\" \/>\n<meta property=\"article:modified_time\" content=\"2024-08-21T10:31:48+00:00\" \/>\n<meta property=\"og:image\" content=\"https:\/\/grontkontor.dk\/wp-content\/uploads\/2024\/04\/Miljoevenligt-termokande-saet-i-staal-og-bambus.jpg\" \/>\n\t<meta property=\"og:image:width\" content=\"900\" \/>\n\t<meta property=\"og:image:height\" content=\"639\" \/>\n\t<meta property=\"og:image:type\" content=\"image\/jpeg\" \/>\n<meta name=\"twitter:card\" content=\"summary_large_image\" \/>\n<meta name=\"twitter:label1\" content=\"Est. reading time\" \/>\n\t<meta name=\"twitter:data1\" content=\"1 minute\" \/>\n<script type=\"application\/ld+json\" class=\"yoast-schema-graph\">{\"@context\":\"https:\/\/schema.org\",\"@graph\":[{\"@type\":\"WebPage\",\"@id\":\"https:\/\/grontkontor.dk\/shop\/termoflaske-saet-i-staal\/\",\"url\":\"https:\/\/grontkontor.dk\/shop\/termoflaske-saet-i-staal\/\",\"name\":\"St\u00e5l termos flaske sett - Gr\u00f8nt Kontor\",\"isPartOf\":{\"@id\":\"https:\/\/grontkontor.dk\/#website\"},\"datePublished\":\"2024-05-28T09:17:25+00:00\",\"dateModified\":\"2024-08-21T10:31:48+00:00\",\"breadcrumb\":{\"@id\":\"https:\/\/grontkontor.dk\/shop\/termoflaske-saet-i-staal\/#breadcrumb\"},\"inLanguage\":\"no-NO\",\"potentialAction\":[{\"@type\":\"ReadAction\",\"target\":[\"https:\/\/grontkontor.dk\/shop\/termoflaske-saet-i-staal\/\"]}]},{\"@type\":\"BreadcrumbList\",\"@id\":\"https:\/\/grontkontor.dk\/shop\/termoflaske-saet-i-staal\/#breadcrumb\",\"itemListElement\":[{\"@type\":\"ListItem\",\"position\":1,\"name\":\"Forside\",\"item\":\"https:\/\/grontkontor.dk\/\"},{\"@type\":\"ListItem\",\"position\":2,\"name\":\"Butikk\",\"item\":\"https:\/\/grontkontor.dk\/no\/butikk-2\/\"},{\"@type\":\"ListItem\",\"position\":3,\"name\":\"Mat og drikke\",\"item\":\"https:\/\/grontkontor.dk\/no\/produkt-kategori\/mat-og-drikke\/\"},{\"@type\":\"ListItem\",\"position\":4,\"name\":\"Vannflasker og termosflasker\",\"item\":\"https:\/\/grontkontor.dk\/no\/produkt-kategori\/mat-og-drikke\/vannflasker-og-termosflasker\/\"},{\"@type\":\"ListItem\",\"position\":5,\"name\":\"St\u00e5l termos flaske sett\"}]},{\"@type\":\"WebSite\",\"@id\":\"https:\/\/grontkontor.dk\/#website\",\"url\":\"https:\/\/grontkontor.dk\/\",\"name\":\"Gr\u00f8nt Kontor\",\"description\":\"Milj\u00f8venlige produkter til kontor og erhverv med fokus p\u00e5 b\u00e6redygtighed, design og fair trade.\",\"publisher\":{\"@id\":\"https:\/\/grontkontor.dk\/#organization\"},\"potentialAction\":[{\"@type\":\"SearchAction\",\"target\":{\"@type\":\"EntryPoint\",\"urlTemplate\":\"https:\/\/grontkontor.dk\/?s={search_term_string}\"},\"query-input\":\"required name=search_term_string\"}],\"inLanguage\":\"no-NO\"},{\"@type\":\"Organization\",\"@id\":\"https:\/\/grontkontor.dk\/#organization\",\"name\":\"Gr\u00f8nt Kontor\",\"url\":\"https:\/\/grontkontor.dk\/\",\"logo\":{\"@type\":\"ImageObject\",\"inLanguage\":\"no-NO\",\"@id\":\"https:\/\/grontkontor.dk\/#\/schema\/logo\/image\/\",\"url\":\"https:\/\/grontkontor.dk\/wp-content\/uploads\/2014\/02\/Logo_groent_kontor_300x80.png\",\"contentUrl\":\"https:\/\/grontkontor.dk\/wp-content\/uploads\/2014\/02\/Logo_groent_kontor_300x80.png\",\"width\":300,\"height\":80,\"caption\":\"Gr\u00f8nt Kontor\"},\"image\":{\"@id\":\"https:\/\/grontkontor.dk\/#\/schema\/logo\/image\/\"},\"sameAs\":[\"https:\/\/www.facebook.com\/grontkontor.dk\/\"]}]}<\/script>\n<!-- \/ Yoast SEO Premium plugin. -->","yoast_head_json":{"title":"St\u00e5l termos flaske sett - Gr\u00f8nt Kontor","robots":{"index":"index","follow":"follow","max-snippet":"max-snippet:-1","max-image-preview":"max-image-preview:large","max-video-preview":"max-video-preview:-1"},"canonical":"https:\/\/grontkontor.dk\/shop\/termoflaske-saet-i-staal\/","og_locale":"en_US","og_type":"article","og_title":"St\u00e5l termos flaske sett","og_description":"Termosflaske med 2 kopper i rustfritt st\u00e5l og lokk i milj\u00f8vennlig bambus. Volumet p\u00e5 termosene er 500 ml, mens de to koppene inneholder opptil 300 ml. Perfekt for den milj\u00f8vennlige firmagaven eller for utend\u00f8rsarrangementer. &nbsp; [staal] [bambus_s] &nbsp; &nbsp;","og_url":"https:\/\/grontkontor.dk\/shop\/termoflaske-saet-i-staal\/","og_site_name":"Gr\u00f8nt Kontor","article_publisher":"https:\/\/www.facebook.com\/grontkontor.dk\/","article_modified_time":"2024-08-21T10:31:48+00:00","og_image":[{"width":900,"height":639,"url":"https:\/\/grontkontor.dk\/wp-content\/uploads\/2024\/04\/Miljoevenligt-termokande-saet-i-staal-og-bambus.jpg","type":"image\/jpeg"}],"twitter_card":"summary_large_image","twitter_misc":{"Est. reading time":"1 minute"},"schema":{"@context":"https:\/\/schema.org","@graph":[{"@type":"WebPage","@id":"https:\/\/grontkontor.dk\/shop\/termoflaske-saet-i-staal\/","url":"https:\/\/grontkontor.dk\/shop\/termoflaske-saet-i-staal\/","name":"St\u00e5l termos flaske sett - Gr\u00f8nt Kontor","isPartOf":{"@id":"https:\/\/grontkontor.dk\/#website"},"datePublished":"2024-05-28T09:17:25+00:00","dateModified":"2024-08-21T10:31:48+00:00","breadcrumb":{"@id":"https:\/\/grontkontor.dk\/shop\/termoflaske-saet-i-staal\/#breadcrumb"},"inLanguage":"no-NO","potentialAction":[{"@type":"ReadAction","target":["https:\/\/grontkontor.dk\/shop\/termoflaske-saet-i-staal\/"]}]},{"@type":"BreadcrumbList","@id":"https:\/\/grontkontor.dk\/shop\/termoflaske-saet-i-staal\/#breadcrumb","itemListElement":[{"@type":"ListItem","position":1,"name":"Forside","item":"https:\/\/grontkontor.dk\/"},{"@type":"ListItem","position":2,"name":"Butikk","item":"https:\/\/grontkontor.dk\/no\/butikk-2\/"},{"@type":"ListItem","position":3,"name":"Mat og drikke","item":"https:\/\/grontkontor.dk\/no\/produkt-kategori\/mat-og-drikke\/"},{"@type":"ListItem","position":4,"name":"Vannflasker og termosflasker","item":"https:\/\/grontkontor.dk\/no\/produkt-kategori\/mat-og-drikke\/vannflasker-og-termosflasker\/"},{"@type":"ListItem","position":5,"name":"St\u00e5l termos flaske sett"}]},{"@type":"WebSite","@id":"https:\/\/grontkontor.dk\/#website","url":"https:\/\/grontkontor.dk\/","name":"Gr\u00f8nt Kontor","description":"Milj\u00f8venlige produkter til kontor og erhverv med fokus p\u00e5 b\u00e6redygtighed, design og fair trade.","publisher":{"@id":"https:\/\/grontkontor.dk\/#organization"},"potentialAction":[{"@type":"SearchAction","target":{"@type":"EntryPoint","urlTemplate":"https:\/\/grontkontor.dk\/?s={search_term_string}"},"query-input":"required name=search_term_string"}],"inLanguage":"no-NO"},{"@type":"Organization","@id":"https:\/\/grontkontor.dk\/#organization","name":"Gr\u00f8nt Kontor","url":"https:\/\/grontkontor.dk\/","logo":{"@type":"ImageObject","inLanguage":"no-NO","@id":"https:\/\/grontkontor.dk\/#\/schema\/logo\/image\/","url":"https:\/\/grontkontor.dk\/wp-content\/uploads\/2014\/02\/Logo_groent_kontor_300x80.png","contentUrl":"https:\/\/grontkontor.dk\/wp-content\/uploads\/2014\/02\/Logo_groent_kontor_300x80.png","width":300,"height":80,"caption":"Gr\u00f8nt Kontor"},"image":{"@id":"https:\/\/grontkontor.dk\/#\/schema\/logo\/image\/"},"sameAs":["https:\/\/www.facebook.com\/grontkontor.dk\/"]}]}},"_links":{"self":[{"href":"https:\/\/grontkontor.dk\/no\/wp-json\/wp\/v2\/product\/85481"}],"collection":[{"href":"https:\/\/grontkontor.dk\/no\/wp-json\/wp\/v2\/product"}],"about":[{"href":"https:\/\/grontkontor.dk\/no\/wp-json\/wp\/v2\/types\/product"}],"replies":[{"embeddable":true,"href":"https:\/\/grontkontor.dk\/no\/wp-json\/wp\/v2\/comments?post=85481"}],"wp:featuredmedia":[{"embeddable":true,"href":"https:\/\/grontkontor.dk\/no\/wp-json\/wp\/v2\/media\/84984"}],"wp:attachment":[{"href":"https:\/\/grontkontor.dk\/no\/wp-json\/wp\/v2\/media?parent=85481"}],"wp:term":[{"taxonomy":"product_cat","embeddable":true,"href":"https:\/\/grontkontor.dk\/no\/wp-json\/wp\/v2\/product_cat?post=85481"},{"taxonomy":"product_tag","embeddable":true,"href":"https:\/\/grontkontor.dk\/no\/wp-json\/wp\/v2\/product_tag?post=85481"}],"curies":[{"name":"wp","href":"https:\/\/api.w.org\/{rel}","templated":true}]}}