{"id":85511,"date":"2024-04-02T10:57:06","date_gmt":"2024-05-28T09:21:53","guid":{"rendered":"https:\/\/grontkontor.dk\/shop\/dustpan-sal-med-handtak-i-skulder\/"},"modified":"2024-05-28T11:21:53","modified_gmt":"2024-05-28T09:21:53","slug":"dustpan-sal-med-handtak-i-skulder","status":"publish","type":"product","link":"https:\/\/grontkontor.dk\/no\/shop\/dustpan-sal-med-handtak-i-skulder\/","title":{"rendered":"Dustpan sett med b\u00f8k h\u00e5ndtak"},"content":{"rendered":"<p>Dustpan-settet best\u00e5r av en kost og en dustpan, laget av slitesterkt b\u00f8k og metall. Med en b\u00f8rste i naturlig hesteh\u00e5r, som sikrer at ingen plastfibre slipper ut i naturen. Det lange h\u00e5ndtaket p\u00e5 st\u00f8vpannen og kosten gj\u00f8r det enkelt \u00e5 feie opp uten \u00e5 m\u00e5tte b\u00f8ye seg ned eller krype rundt p\u00e5 gulvet, noe som gj\u00f8r det til et praktisk tillegg til rengj\u00f8ringsutstyret ditt.<\/p>\n<p>Et milj\u00f8vennlig produkt for rengj\u00f8ring av kontoret eller hjemmet.<\/p>\n<p>[staal]<\/p>\n<p>&nbsp;<\/p>\n","protected":false},"excerpt":{"rendered":"<p>Dustpan-settet best\u00e5r av en kost og en dustpan, laget av slitesterkt b\u00f8k og metall. Med en b\u00f8rste i naturlig hesteh\u00e5r, som sikrer at ingen plastfibre slipper ut i naturen. Det lange h\u00e5ndtaket p\u00e5 st\u00f8vpannen og kosten gj\u00f8r det enkelt \u00e5 feie opp uten \u00e5 m\u00e5tte b\u00f8ye seg ned eller krype rundt p\u00e5 gulvet, noe som [&hellip;]<\/p>\n","protected":false},"featured_media":83464,"comment_status":"closed","ping_status":"closed","template":"","meta":{"_acf_changed":false},"product_cat":[3313,3199,2657,3303],"product_tag":[3315],"class_list":{"0":"post-85511","1":"product","2":"type-product","3":"status-publish","4":"has-post-thumbnail","6":"product_cat-diverse-inventar-no","7":"product_cat-dummy-moq-1-no","8":"product_cat-nyheter","9":"product_cat-renhold","10":"product_tag-feiebrett","11":"tm-has-options","13":"first","14":"instock","15":"taxable","16":"shipping-taxable","17":"purchasable","18":"product-type-simple"},"acf":[],"yoast_head":"<!-- This site is optimized with the Yoast SEO Premium plugin v21.2 (Yoast SEO v21.2) - https:\/\/yoast.com\/wordpress\/plugins\/seo\/ -->\n<title>Dustpan sett med b\u00f8k h\u00e5ndtak - Gr\u00f8nt Kontor<\/title>\n<meta name=\"robots\" content=\"index, follow, max-snippet:-1, max-image-preview:large, max-video-preview:-1\" \/>\n<link rel=\"canonical\" href=\"https:\/\/grontkontor.dk\/no\/shop\/dustpan-sal-med-handtak-i-skulder\/\" \/>\n<meta property=\"og:locale\" content=\"en_US\" \/>\n<meta property=\"og:type\" content=\"article\" \/>\n<meta property=\"og:title\" content=\"Dustpan sett med b\u00f8k h\u00e5ndtak\" \/>\n<meta property=\"og:description\" content=\"Dustpan-settet best\u00e5r av en kost og en dustpan, laget av slitesterkt b\u00f8k og metall. Med en b\u00f8rste i naturlig hesteh\u00e5r, som sikrer at ingen plastfibre slipper ut i naturen. Det lange h\u00e5ndtaket p\u00e5 st\u00f8vpannen og kosten gj\u00f8r det enkelt \u00e5 feie opp uten \u00e5 m\u00e5tte b\u00f8ye seg ned eller krype rundt p\u00e5 gulvet, noe som [&hellip;]\" \/>\n<meta property=\"og:url\" content=\"https:\/\/grontkontor.dk\/no\/shop\/dustpan-sal-med-handtak-i-skulder\/\" \/>\n<meta property=\"og:site_name\" content=\"Gr\u00f8nt Kontor\" \/>\n<meta property=\"article:publisher\" content=\"https:\/\/www.facebook.com\/grontkontor.dk\/\" \/>\n<meta property=\"og:image\" content=\"https:\/\/grontkontor.dk\/wp-content\/uploads\/2024\/04\/Miljoevenligt-fejebakkesaet-boeg.jpg\" \/>\n\t<meta property=\"og:image:width\" content=\"900\" \/>\n\t<meta property=\"og:image:height\" content=\"639\" \/>\n\t<meta property=\"og:image:type\" content=\"image\/jpeg\" \/>\n<meta name=\"twitter:card\" content=\"summary_large_image\" \/>\n<script type=\"application\/ld+json\" class=\"yoast-schema-graph\">{\"@context\":\"https:\/\/schema.org\",\"@graph\":[{\"@type\":\"WebPage\",\"@id\":\"https:\/\/grontkontor.dk\/no\/shop\/dustpan-sal-med-handtak-i-skulder\/\",\"url\":\"https:\/\/grontkontor.dk\/no\/shop\/dustpan-sal-med-handtak-i-skulder\/\",\"name\":\"Dustpan sett med b\u00f8k h\u00e5ndtak - Gr\u00f8nt Kontor\",\"isPartOf\":{\"@id\":\"https:\/\/grontkontor.dk\/#website\"},\"datePublished\":\"2024-05-28T09:21:53+00:00\",\"dateModified\":\"2024-05-28T09:21:53+00:00\",\"breadcrumb\":{\"@id\":\"https:\/\/grontkontor.dk\/no\/shop\/dustpan-sal-med-handtak-i-skulder\/#breadcrumb\"},\"inLanguage\":\"no-NO\",\"potentialAction\":[{\"@type\":\"ReadAction\",\"target\":[\"https:\/\/grontkontor.dk\/no\/shop\/dustpan-sal-med-handtak-i-skulder\/\"]}]},{\"@type\":\"BreadcrumbList\",\"@id\":\"https:\/\/grontkontor.dk\/no\/shop\/dustpan-sal-med-handtak-i-skulder\/#breadcrumb\",\"itemListElement\":[{\"@type\":\"ListItem\",\"position\":1,\"name\":\"Forside\",\"item\":\"https:\/\/grontkontor.dk\/\"},{\"@type\":\"ListItem\",\"position\":2,\"name\":\"Butikk\",\"item\":\"https:\/\/grontkontor.dk\/no\/butikk-2\/\"},{\"@type\":\"ListItem\",\"position\":3,\"name\":\"Reng\u00f8ring\",\"item\":\"https:\/\/grontkontor.dk\/produkt-kategori\/rengoering\/\"},{\"@type\":\"ListItem\",\"position\":4,\"name\":\"Dustpan sett med b\u00f8k h\u00e5ndtak\"}]},{\"@type\":\"WebSite\",\"@id\":\"https:\/\/grontkontor.dk\/#website\",\"url\":\"https:\/\/grontkontor.dk\/\",\"name\":\"Gr\u00f8nt Kontor\",\"description\":\"Milj\u00f8venlige produkter til kontor og erhverv med fokus p\u00e5 b\u00e6redygtighed, design og fair trade.\",\"publisher\":{\"@id\":\"https:\/\/grontkontor.dk\/#organization\"},\"potentialAction\":[{\"@type\":\"SearchAction\",\"target\":{\"@type\":\"EntryPoint\",\"urlTemplate\":\"https:\/\/grontkontor.dk\/?s={search_term_string}\"},\"query-input\":\"required name=search_term_string\"}],\"inLanguage\":\"no-NO\"},{\"@type\":\"Organization\",\"@id\":\"https:\/\/grontkontor.dk\/#organization\",\"name\":\"Gr\u00f8nt Kontor\",\"url\":\"https:\/\/grontkontor.dk\/\",\"logo\":{\"@type\":\"ImageObject\",\"inLanguage\":\"no-NO\",\"@id\":\"https:\/\/grontkontor.dk\/#\/schema\/logo\/image\/\",\"url\":\"https:\/\/grontkontor.dk\/wp-content\/uploads\/2014\/02\/Logo_groent_kontor_300x80.png\",\"contentUrl\":\"https:\/\/grontkontor.dk\/wp-content\/uploads\/2014\/02\/Logo_groent_kontor_300x80.png\",\"width\":300,\"height\":80,\"caption\":\"Gr\u00f8nt Kontor\"},\"image\":{\"@id\":\"https:\/\/grontkontor.dk\/#\/schema\/logo\/image\/\"},\"sameAs\":[\"https:\/\/www.facebook.com\/grontkontor.dk\/\"]}]}<\/script>\n<!-- \/ Yoast SEO Premium plugin. -->","yoast_head_json":{"title":"Dustpan sett med b\u00f8k h\u00e5ndtak - Gr\u00f8nt Kontor","robots":{"index":"index","follow":"follow","max-snippet":"max-snippet:-1","max-image-preview":"max-image-preview:large","max-video-preview":"max-video-preview:-1"},"canonical":"https:\/\/grontkontor.dk\/no\/shop\/dustpan-sal-med-handtak-i-skulder\/","og_locale":"en_US","og_type":"article","og_title":"Dustpan sett med b\u00f8k h\u00e5ndtak","og_description":"Dustpan-settet best\u00e5r av en kost og en dustpan, laget av slitesterkt b\u00f8k og metall. Med en b\u00f8rste i naturlig hesteh\u00e5r, som sikrer at ingen plastfibre slipper ut i naturen. Det lange h\u00e5ndtaket p\u00e5 st\u00f8vpannen og kosten gj\u00f8r det enkelt \u00e5 feie opp uten \u00e5 m\u00e5tte b\u00f8ye seg ned eller krype rundt p\u00e5 gulvet, noe som [&hellip;]","og_url":"https:\/\/grontkontor.dk\/no\/shop\/dustpan-sal-med-handtak-i-skulder\/","og_site_name":"Gr\u00f8nt Kontor","article_publisher":"https:\/\/www.facebook.com\/grontkontor.dk\/","og_image":[{"width":900,"height":639,"url":"https:\/\/grontkontor.dk\/wp-content\/uploads\/2024\/04\/Miljoevenligt-fejebakkesaet-boeg.jpg","type":"image\/jpeg"}],"twitter_card":"summary_large_image","schema":{"@context":"https:\/\/schema.org","@graph":[{"@type":"WebPage","@id":"https:\/\/grontkontor.dk\/no\/shop\/dustpan-sal-med-handtak-i-skulder\/","url":"https:\/\/grontkontor.dk\/no\/shop\/dustpan-sal-med-handtak-i-skulder\/","name":"Dustpan sett med b\u00f8k h\u00e5ndtak - Gr\u00f8nt Kontor","isPartOf":{"@id":"https:\/\/grontkontor.dk\/#website"},"datePublished":"2024-05-28T09:21:53+00:00","dateModified":"2024-05-28T09:21:53+00:00","breadcrumb":{"@id":"https:\/\/grontkontor.dk\/no\/shop\/dustpan-sal-med-handtak-i-skulder\/#breadcrumb"},"inLanguage":"no-NO","potentialAction":[{"@type":"ReadAction","target":["https:\/\/grontkontor.dk\/no\/shop\/dustpan-sal-med-handtak-i-skulder\/"]}]},{"@type":"BreadcrumbList","@id":"https:\/\/grontkontor.dk\/no\/shop\/dustpan-sal-med-handtak-i-skulder\/#breadcrumb","itemListElement":[{"@type":"ListItem","position":1,"name":"Forside","item":"https:\/\/grontkontor.dk\/"},{"@type":"ListItem","position":2,"name":"Butikk","item":"https:\/\/grontkontor.dk\/no\/butikk-2\/"},{"@type":"ListItem","position":3,"name":"Reng\u00f8ring","item":"https:\/\/grontkontor.dk\/produkt-kategori\/rengoering\/"},{"@type":"ListItem","position":4,"name":"Dustpan sett med b\u00f8k h\u00e5ndtak"}]},{"@type":"WebSite","@id":"https:\/\/grontkontor.dk\/#website","url":"https:\/\/grontkontor.dk\/","name":"Gr\u00f8nt Kontor","description":"Milj\u00f8venlige produkter til kontor og erhverv med fokus p\u00e5 b\u00e6redygtighed, design og fair trade.","publisher":{"@id":"https:\/\/grontkontor.dk\/#organization"},"potentialAction":[{"@type":"SearchAction","target":{"@type":"EntryPoint","urlTemplate":"https:\/\/grontkontor.dk\/?s={search_term_string}"},"query-input":"required name=search_term_string"}],"inLanguage":"no-NO"},{"@type":"Organization","@id":"https:\/\/grontkontor.dk\/#organization","name":"Gr\u00f8nt Kontor","url":"https:\/\/grontkontor.dk\/","logo":{"@type":"ImageObject","inLanguage":"no-NO","@id":"https:\/\/grontkontor.dk\/#\/schema\/logo\/image\/","url":"https:\/\/grontkontor.dk\/wp-content\/uploads\/2014\/02\/Logo_groent_kontor_300x80.png","contentUrl":"https:\/\/grontkontor.dk\/wp-content\/uploads\/2014\/02\/Logo_groent_kontor_300x80.png","width":300,"height":80,"caption":"Gr\u00f8nt Kontor"},"image":{"@id":"https:\/\/grontkontor.dk\/#\/schema\/logo\/image\/"},"sameAs":["https:\/\/www.facebook.com\/grontkontor.dk\/"]}]}},"_links":{"self":[{"href":"https:\/\/grontkontor.dk\/no\/wp-json\/wp\/v2\/product\/85511"}],"collection":[{"href":"https:\/\/grontkontor.dk\/no\/wp-json\/wp\/v2\/product"}],"about":[{"href":"https:\/\/grontkontor.dk\/no\/wp-json\/wp\/v2\/types\/product"}],"replies":[{"embeddable":true,"href":"https:\/\/grontkontor.dk\/no\/wp-json\/wp\/v2\/comments?post=85511"}],"wp:featuredmedia":[{"embeddable":true,"href":"https:\/\/grontkontor.dk\/no\/wp-json\/wp\/v2\/media\/83464"}],"wp:attachment":[{"href":"https:\/\/grontkontor.dk\/no\/wp-json\/wp\/v2\/media?parent=85511"}],"wp:term":[{"taxonomy":"product_cat","embeddable":true,"href":"https:\/\/grontkontor.dk\/no\/wp-json\/wp\/v2\/product_cat?post=85511"},{"taxonomy":"product_tag","embeddable":true,"href":"https:\/\/grontkontor.dk\/no\/wp-json\/wp\/v2\/product_tag?post=85511"}],"curies":[{"name":"wp","href":"https:\/\/api.w.org\/{rel}","templated":true}]}}