{"id":85695,"date":"2024-03-14T13:21:52","date_gmt":"2024-05-28T09:27:55","guid":{"rendered":"https:\/\/grontkontor.dk\/shop\/binders-32-mm\/"},"modified":"2024-05-28T11:27:55","modified_gmt":"2024-05-28T09:27:55","slug":"binders-32-mm","status":"publish","type":"product","link":"https:\/\/grontkontor.dk\/no\/shop\/binders-32-mm\/","title":{"rendered":"Binders 32 mm"},"content":{"rendered":"<p>Organiser l\u00f8st papir med disse sterke og holdbare bindersene laget av galvanisert st\u00e5ltr\u00e5d med skarpe ender (32 mm). En stor pakke med standardklipp for \u00e5 holde dokumentene p\u00e5 plass. Esken inneholder ca. 985 klips med en totalvekt p\u00e5 500 gram.<\/p>\n<p>[staal]<\/p>\n","protected":false},"excerpt":{"rendered":"<p>Organiser l\u00f8st papir med disse sterke og holdbare bindersene laget av galvanisert st\u00e5ltr\u00e5d med skarpe ender (32 mm). En stor pakke med standardklipp for \u00e5 holde dokumentene p\u00e5 plass. Esken inneholder ca. 985 klips med en totalvekt p\u00e5 500 gram. [staal]<\/p>\n","protected":false},"featured_media":82610,"comment_status":"closed","ping_status":"closed","template":"","meta":{"_acf_changed":false},"product_cat":[3457,3199,2657],"product_tag":[3459],"class_list":{"0":"post-85695","1":"product","2":"type-product","3":"status-publish","4":"has-post-thumbnail","6":"product_cat-diverse-for-skrivebordet","7":"product_cat-dummy-moq-1-no","8":"product_cat-nyheter","9":"product_tag-binders","10":"pa_farve-blaa-no","11":"pa_farve-graa-no-2","12":"pa_farve-svart","13":"tm-has-options","15":"first","16":"instock","17":"taxable","18":"shipping-taxable","19":"purchasable","20":"product-type-simple"},"acf":[],"yoast_head":"<!-- This site is optimized with the Yoast SEO Premium plugin v21.2 (Yoast SEO v21.2) - https:\/\/yoast.com\/wordpress\/plugins\/seo\/ -->\n<title>Binders 32 mm - Gr\u00f8nt Kontor<\/title>\n<meta name=\"robots\" content=\"index, follow, max-snippet:-1, max-image-preview:large, max-video-preview:-1\" \/>\n<link rel=\"canonical\" href=\"https:\/\/grontkontor.dk\/no\/shop\/binders-32-mm\/\" \/>\n<meta property=\"og:locale\" content=\"en_US\" \/>\n<meta property=\"og:type\" content=\"article\" \/>\n<meta property=\"og:title\" content=\"Binders 32 mm\" \/>\n<meta property=\"og:description\" content=\"Organiser l\u00f8st papir med disse sterke og holdbare bindersene laget av galvanisert st\u00e5ltr\u00e5d med skarpe ender (32 mm). En stor pakke med standardklipp for \u00e5 holde dokumentene p\u00e5 plass. Esken inneholder ca. 985 klips med en totalvekt p\u00e5 500 gram. [staal]\" \/>\n<meta property=\"og:url\" content=\"https:\/\/grontkontor.dk\/no\/shop\/binders-32-mm\/\" \/>\n<meta property=\"og:site_name\" content=\"Gr\u00f8nt Kontor\" \/>\n<meta property=\"article:publisher\" content=\"https:\/\/www.facebook.com\/grontkontor.dk\/\" \/>\n<meta property=\"og:image\" content=\"https:\/\/grontkontor.dk\/wp-content\/uploads\/2024\/03\/Clips-i-staal-i-aeske.jpg\" \/>\n\t<meta property=\"og:image:width\" content=\"900\" \/>\n\t<meta property=\"og:image:height\" content=\"639\" \/>\n\t<meta property=\"og:image:type\" content=\"image\/jpeg\" \/>\n<meta name=\"twitter:card\" content=\"summary_large_image\" \/>\n<script type=\"application\/ld+json\" class=\"yoast-schema-graph\">{\"@context\":\"https:\/\/schema.org\",\"@graph\":[{\"@type\":\"WebPage\",\"@id\":\"https:\/\/grontkontor.dk\/no\/shop\/binders-32-mm\/\",\"url\":\"https:\/\/grontkontor.dk\/no\/shop\/binders-32-mm\/\",\"name\":\"Binders 32 mm - Gr\u00f8nt Kontor\",\"isPartOf\":{\"@id\":\"https:\/\/grontkontor.dk\/#website\"},\"datePublished\":\"2024-05-28T09:27:55+00:00\",\"dateModified\":\"2024-05-28T09:27:55+00:00\",\"breadcrumb\":{\"@id\":\"https:\/\/grontkontor.dk\/no\/shop\/binders-32-mm\/#breadcrumb\"},\"inLanguage\":\"no-NO\",\"potentialAction\":[{\"@type\":\"ReadAction\",\"target\":[\"https:\/\/grontkontor.dk\/no\/shop\/binders-32-mm\/\"]}]},{\"@type\":\"BreadcrumbList\",\"@id\":\"https:\/\/grontkontor.dk\/no\/shop\/binders-32-mm\/#breadcrumb\",\"itemListElement\":[{\"@type\":\"ListItem\",\"position\":1,\"name\":\"Forside\",\"item\":\"https:\/\/grontkontor.dk\/\"},{\"@type\":\"ListItem\",\"position\":2,\"name\":\"Butikk\",\"item\":\"https:\/\/grontkontor.dk\/no\/butikk-2\/\"},{\"@type\":\"ListItem\",\"position\":3,\"name\":\"Skrivebord utstyr\",\"item\":\"https:\/\/grontkontor.dk\/no\/produkt-kategori\/skrivebord-utstyr\/\"},{\"@type\":\"ListItem\",\"position\":4,\"name\":\"Diverse for skrivebordet\",\"item\":\"https:\/\/grontkontor.dk\/no\/produkt-kategori\/skrivebord-utstyr\/diverse-for-skrivebordet\/\"},{\"@type\":\"ListItem\",\"position\":5,\"name\":\"Binders 32 mm\"}]},{\"@type\":\"WebSite\",\"@id\":\"https:\/\/grontkontor.dk\/#website\",\"url\":\"https:\/\/grontkontor.dk\/\",\"name\":\"Gr\u00f8nt Kontor\",\"description\":\"Milj\u00f8venlige produkter til kontor og erhverv med fokus p\u00e5 b\u00e6redygtighed, design og fair trade.\",\"publisher\":{\"@id\":\"https:\/\/grontkontor.dk\/#organization\"},\"potentialAction\":[{\"@type\":\"SearchAction\",\"target\":{\"@type\":\"EntryPoint\",\"urlTemplate\":\"https:\/\/grontkontor.dk\/?s={search_term_string}\"},\"query-input\":\"required name=search_term_string\"}],\"inLanguage\":\"no-NO\"},{\"@type\":\"Organization\",\"@id\":\"https:\/\/grontkontor.dk\/#organization\",\"name\":\"Gr\u00f8nt Kontor\",\"url\":\"https:\/\/grontkontor.dk\/\",\"logo\":{\"@type\":\"ImageObject\",\"inLanguage\":\"no-NO\",\"@id\":\"https:\/\/grontkontor.dk\/#\/schema\/logo\/image\/\",\"url\":\"https:\/\/grontkontor.dk\/wp-content\/uploads\/2014\/02\/Logo_groent_kontor_300x80.png\",\"contentUrl\":\"https:\/\/grontkontor.dk\/wp-content\/uploads\/2014\/02\/Logo_groent_kontor_300x80.png\",\"width\":300,\"height\":80,\"caption\":\"Gr\u00f8nt Kontor\"},\"image\":{\"@id\":\"https:\/\/grontkontor.dk\/#\/schema\/logo\/image\/\"},\"sameAs\":[\"https:\/\/www.facebook.com\/grontkontor.dk\/\"]}]}<\/script>\n<!-- \/ Yoast SEO Premium plugin. -->","yoast_head_json":{"title":"Binders 32 mm - Gr\u00f8nt Kontor","robots":{"index":"index","follow":"follow","max-snippet":"max-snippet:-1","max-image-preview":"max-image-preview:large","max-video-preview":"max-video-preview:-1"},"canonical":"https:\/\/grontkontor.dk\/no\/shop\/binders-32-mm\/","og_locale":"en_US","og_type":"article","og_title":"Binders 32 mm","og_description":"Organiser l\u00f8st papir med disse sterke og holdbare bindersene laget av galvanisert st\u00e5ltr\u00e5d med skarpe ender (32 mm). En stor pakke med standardklipp for \u00e5 holde dokumentene p\u00e5 plass. Esken inneholder ca. 985 klips med en totalvekt p\u00e5 500 gram. [staal]","og_url":"https:\/\/grontkontor.dk\/no\/shop\/binders-32-mm\/","og_site_name":"Gr\u00f8nt Kontor","article_publisher":"https:\/\/www.facebook.com\/grontkontor.dk\/","og_image":[{"width":900,"height":639,"url":"https:\/\/grontkontor.dk\/wp-content\/uploads\/2024\/03\/Clips-i-staal-i-aeske.jpg","type":"image\/jpeg"}],"twitter_card":"summary_large_image","schema":{"@context":"https:\/\/schema.org","@graph":[{"@type":"WebPage","@id":"https:\/\/grontkontor.dk\/no\/shop\/binders-32-mm\/","url":"https:\/\/grontkontor.dk\/no\/shop\/binders-32-mm\/","name":"Binders 32 mm - Gr\u00f8nt Kontor","isPartOf":{"@id":"https:\/\/grontkontor.dk\/#website"},"datePublished":"2024-05-28T09:27:55+00:00","dateModified":"2024-05-28T09:27:55+00:00","breadcrumb":{"@id":"https:\/\/grontkontor.dk\/no\/shop\/binders-32-mm\/#breadcrumb"},"inLanguage":"no-NO","potentialAction":[{"@type":"ReadAction","target":["https:\/\/grontkontor.dk\/no\/shop\/binders-32-mm\/"]}]},{"@type":"BreadcrumbList","@id":"https:\/\/grontkontor.dk\/no\/shop\/binders-32-mm\/#breadcrumb","itemListElement":[{"@type":"ListItem","position":1,"name":"Forside","item":"https:\/\/grontkontor.dk\/"},{"@type":"ListItem","position":2,"name":"Butikk","item":"https:\/\/grontkontor.dk\/no\/butikk-2\/"},{"@type":"ListItem","position":3,"name":"Skrivebord utstyr","item":"https:\/\/grontkontor.dk\/no\/produkt-kategori\/skrivebord-utstyr\/"},{"@type":"ListItem","position":4,"name":"Diverse for skrivebordet","item":"https:\/\/grontkontor.dk\/no\/produkt-kategori\/skrivebord-utstyr\/diverse-for-skrivebordet\/"},{"@type":"ListItem","position":5,"name":"Binders 32 mm"}]},{"@type":"WebSite","@id":"https:\/\/grontkontor.dk\/#website","url":"https:\/\/grontkontor.dk\/","name":"Gr\u00f8nt Kontor","description":"Milj\u00f8venlige produkter til kontor og erhverv med fokus p\u00e5 b\u00e6redygtighed, design og fair trade.","publisher":{"@id":"https:\/\/grontkontor.dk\/#organization"},"potentialAction":[{"@type":"SearchAction","target":{"@type":"EntryPoint","urlTemplate":"https:\/\/grontkontor.dk\/?s={search_term_string}"},"query-input":"required name=search_term_string"}],"inLanguage":"no-NO"},{"@type":"Organization","@id":"https:\/\/grontkontor.dk\/#organization","name":"Gr\u00f8nt Kontor","url":"https:\/\/grontkontor.dk\/","logo":{"@type":"ImageObject","inLanguage":"no-NO","@id":"https:\/\/grontkontor.dk\/#\/schema\/logo\/image\/","url":"https:\/\/grontkontor.dk\/wp-content\/uploads\/2014\/02\/Logo_groent_kontor_300x80.png","contentUrl":"https:\/\/grontkontor.dk\/wp-content\/uploads\/2014\/02\/Logo_groent_kontor_300x80.png","width":300,"height":80,"caption":"Gr\u00f8nt Kontor"},"image":{"@id":"https:\/\/grontkontor.dk\/#\/schema\/logo\/image\/"},"sameAs":["https:\/\/www.facebook.com\/grontkontor.dk\/"]}]}},"_links":{"self":[{"href":"https:\/\/grontkontor.dk\/no\/wp-json\/wp\/v2\/product\/85695"}],"collection":[{"href":"https:\/\/grontkontor.dk\/no\/wp-json\/wp\/v2\/product"}],"about":[{"href":"https:\/\/grontkontor.dk\/no\/wp-json\/wp\/v2\/types\/product"}],"replies":[{"embeddable":true,"href":"https:\/\/grontkontor.dk\/no\/wp-json\/wp\/v2\/comments?post=85695"}],"wp:featuredmedia":[{"embeddable":true,"href":"https:\/\/grontkontor.dk\/no\/wp-json\/wp\/v2\/media\/82610"}],"wp:attachment":[{"href":"https:\/\/grontkontor.dk\/no\/wp-json\/wp\/v2\/media?parent=85695"}],"wp:term":[{"taxonomy":"product_cat","embeddable":true,"href":"https:\/\/grontkontor.dk\/no\/wp-json\/wp\/v2\/product_cat?post=85695"},{"taxonomy":"product_tag","embeddable":true,"href":"https:\/\/grontkontor.dk\/no\/wp-json\/wp\/v2\/product_tag?post=85695"}],"curies":[{"name":"wp","href":"https:\/\/api.w.org\/{rel}","templated":true}]}}