{"id":85699,"date":"2024-03-20T14:41:22","date_gmt":"2024-05-28T09:27:55","guid":{"rendered":"https:\/\/grontkontor.dk\/shop\/tote-bag-med-murstein-bunn-resirkulert-bomull-og-jute-140-gsm\/"},"modified":"2024-06-18T09:58:54","modified_gmt":"2024-06-18T07:58:54","slug":"tote-bag-med-murstein-bunn-resirkulert-bomull-og-jute-140-gsm","status":"publish","type":"product","link":"https:\/\/grontkontor.dk\/no\/shop\/tote-bag-med-murstein-bunn-resirkulert-bomull-og-jute-140-gsm\/","title":{"rendered":"Tote bag med murstein base resirkulert bomull og jute 140 GSM"},"content":{"rendered":"<p>Klimavennlig tote bag\/strandveske med blokkbunn i jute og resirkulert bomull. Kvalitet: 140 gsm. Utstyrt med lange h\u00e5ndtak p\u00e5 70 cm. En fin milj\u00f8vennlig firmagave, egnet for \u00e5 h\u00e5ndtere brosjyrer p\u00e5 en messe eller et arrangement. Mulighet for utskrift p\u00e5 en eller begge sider.<\/p>\n<p>[genbrugsbomuld_s]<\/p>\n<p>[jute]<\/p>\n<p>&nbsp;<\/p>\n<p><img loading=\"lazy\" decoding=\"async\" src=\"https:\/\/grontkontor.dk\/wp-content\/uploads\/2021\/02\/genbrug.jpg\" alt=\"Fremstillet af genbrugsmaterialer\" width=\"50\" height=\"50\" class=\"size-full wp-image-23031\" srcset=\"https:\/\/grontkontor.dk\/wp-content\/uploads\/2021\/02\/genbrug.jpg 199w, https:\/\/grontkontor.dk\/wp-content\/uploads\/2021\/02\/genbrug-100x100.jpg 100w\" sizes=\"(max-width: 50px) 100vw, 50px\" \/> <a href=\"https:\/\/textileexchange.org\/standards\/recycled-claim-standard-global-recycled-standard\/\"><img loading=\"lazy\" decoding=\"async\" src=\"https:\/\/grontkontor.dk\/wp-content\/uploads\/2021\/06\/global-recycled-standard-1.jpg\" alt=\"Global recycled standard\" width=\"50\" height=\"50\" class=\"size-full wp-image-25504\" \/> <\/a><\/p>\n","protected":false},"excerpt":{"rendered":"<p>Klimavennlig tote bag\/strandveske med blokkbunn i jute og resirkulert bomull. Kvalitet: 140 gsm. Utstyrt med lange h\u00e5ndtak p\u00e5 70 cm. En fin milj\u00f8vennlig firmagave, egnet for \u00e5 h\u00e5ndtere brosjyrer p\u00e5 en messe eller et arrangement. Mulighet for utskrift p\u00e5 en eller begge sider. [genbrugsbomuld_s] [jute] &nbsp;<\/p>\n","protected":false},"featured_media":83111,"comment_status":"closed","ping_status":"closed","template":"","meta":{"_acf_changed":false},"product_cat":[3210,3199,4395,2657],"product_tag":[],"class_list":{"0":"post-85699","1":"product","2":"type-product","3":"status-publish","4":"has-post-thumbnail","6":"product_cat-stoffposer","7":"product_cat-dummy-moq-1-no","8":"product_cat-gaveposer-og-gaveesker","9":"product_cat-nyheter","10":"tm-has-options","12":"first","13":"instock","14":"taxable","15":"shipping-taxable","16":"purchasable","17":"product-type-variable","18":"has-default-attributes"},"acf":[],"yoast_head":"<!-- This site is optimized with the Yoast SEO Premium plugin v21.2 (Yoast SEO v21.2) - https:\/\/yoast.com\/wordpress\/plugins\/seo\/ -->\n<title>Tote bag med murstein base resirkulert bomull og jute 140 GSM - Gr\u00f8nt Kontor<\/title>\n<meta name=\"robots\" content=\"index, follow, max-snippet:-1, max-image-preview:large, max-video-preview:-1\" \/>\n<link rel=\"canonical\" href=\"https:\/\/grontkontor.dk\/shop\/mulepose-med-klodsbund-recycled-bomuld-og-jute-140-gsm\/\" \/>\n<meta property=\"og:locale\" content=\"en_US\" \/>\n<meta property=\"og:type\" content=\"article\" \/>\n<meta property=\"og:title\" content=\"Tote bag med murstein base resirkulert bomull og jute 140 GSM\" \/>\n<meta property=\"og:description\" content=\"Klimavennlig tote bag\/strandveske med blokkbunn i jute og resirkulert bomull. Kvalitet: 140 gsm. Utstyrt med lange h\u00e5ndtak p\u00e5 70 cm. En fin milj\u00f8vennlig firmagave, egnet for \u00e5 h\u00e5ndtere brosjyrer p\u00e5 en messe eller et arrangement. Mulighet for utskrift p\u00e5 en eller begge sider. [genbrugsbomuld_s] [jute] &nbsp;\" \/>\n<meta property=\"og:url\" content=\"https:\/\/grontkontor.dk\/shop\/mulepose-med-klodsbund-recycled-bomuld-og-jute-140-gsm\/\" \/>\n<meta property=\"og:site_name\" content=\"Gr\u00f8nt Kontor\" \/>\n<meta property=\"article:publisher\" content=\"https:\/\/www.facebook.com\/grontkontor.dk\/\" \/>\n<meta property=\"article:modified_time\" content=\"2024-06-18T07:58:54+00:00\" \/>\n<meta property=\"og:image\" content=\"https:\/\/grontkontor.dk\/wp-content\/uploads\/2024\/03\/Klimavenlig-mulepose-i-jute-og-genanvendt-bomuld-collage.jpg\" \/>\n\t<meta property=\"og:image:width\" content=\"900\" \/>\n\t<meta property=\"og:image:height\" content=\"639\" \/>\n\t<meta property=\"og:image:type\" content=\"image\/jpeg\" \/>\n<meta name=\"twitter:card\" content=\"summary_large_image\" \/>\n<script type=\"application\/ld+json\" class=\"yoast-schema-graph\">{\"@context\":\"https:\/\/schema.org\",\"@graph\":[{\"@type\":\"WebPage\",\"@id\":\"https:\/\/grontkontor.dk\/shop\/mulepose-med-klodsbund-recycled-bomuld-og-jute-140-gsm\/\",\"url\":\"https:\/\/grontkontor.dk\/shop\/mulepose-med-klodsbund-recycled-bomuld-og-jute-140-gsm\/\",\"name\":\"Tote bag med murstein base resirkulert bomull og jute 140 GSM - Gr\u00f8nt Kontor\",\"isPartOf\":{\"@id\":\"https:\/\/grontkontor.dk\/#website\"},\"datePublished\":\"2024-05-28T09:27:55+00:00\",\"dateModified\":\"2024-06-18T07:58:54+00:00\",\"breadcrumb\":{\"@id\":\"https:\/\/grontkontor.dk\/shop\/mulepose-med-klodsbund-recycled-bomuld-og-jute-140-gsm\/#breadcrumb\"},\"inLanguage\":\"no-NO\",\"potentialAction\":[{\"@type\":\"ReadAction\",\"target\":[\"https:\/\/grontkontor.dk\/shop\/mulepose-med-klodsbund-recycled-bomuld-og-jute-140-gsm\/\"]}]},{\"@type\":\"BreadcrumbList\",\"@id\":\"https:\/\/grontkontor.dk\/shop\/mulepose-med-klodsbund-recycled-bomuld-og-jute-140-gsm\/#breadcrumb\",\"itemListElement\":[{\"@type\":\"ListItem\",\"position\":1,\"name\":\"Forside\",\"item\":\"https:\/\/grontkontor.dk\/\"},{\"@type\":\"ListItem\",\"position\":2,\"name\":\"Butikk\",\"item\":\"https:\/\/grontkontor.dk\/no\/butikk-2\/\"},{\"@type\":\"ListItem\",\"position\":3,\"name\":\"Vesker, vesker og trekk\",\"item\":\"https:\/\/grontkontor.dk\/no\/produkt-kategori\/vesker-poser-og-deksler\/\"},{\"@type\":\"ListItem\",\"position\":4,\"name\":\"B\u00e6reposer\",\"item\":\"https:\/\/grontkontor.dk\/no\/produkt-kategori\/vesker-poser-og-deksler\/stoffposer\/\"},{\"@type\":\"ListItem\",\"position\":5,\"name\":\"Tote bag med murstein base resirkulert bomull og jute 140 GSM\"}]},{\"@type\":\"WebSite\",\"@id\":\"https:\/\/grontkontor.dk\/#website\",\"url\":\"https:\/\/grontkontor.dk\/\",\"name\":\"Gr\u00f8nt Kontor\",\"description\":\"Milj\u00f8venlige produkter til kontor og erhverv med fokus p\u00e5 b\u00e6redygtighed, design og fair trade.\",\"publisher\":{\"@id\":\"https:\/\/grontkontor.dk\/#organization\"},\"potentialAction\":[{\"@type\":\"SearchAction\",\"target\":{\"@type\":\"EntryPoint\",\"urlTemplate\":\"https:\/\/grontkontor.dk\/?s={search_term_string}\"},\"query-input\":\"required name=search_term_string\"}],\"inLanguage\":\"no-NO\"},{\"@type\":\"Organization\",\"@id\":\"https:\/\/grontkontor.dk\/#organization\",\"name\":\"Gr\u00f8nt Kontor\",\"url\":\"https:\/\/grontkontor.dk\/\",\"logo\":{\"@type\":\"ImageObject\",\"inLanguage\":\"no-NO\",\"@id\":\"https:\/\/grontkontor.dk\/#\/schema\/logo\/image\/\",\"url\":\"https:\/\/grontkontor.dk\/wp-content\/uploads\/2014\/02\/Logo_groent_kontor_300x80.png\",\"contentUrl\":\"https:\/\/grontkontor.dk\/wp-content\/uploads\/2014\/02\/Logo_groent_kontor_300x80.png\",\"width\":300,\"height\":80,\"caption\":\"Gr\u00f8nt Kontor\"},\"image\":{\"@id\":\"https:\/\/grontkontor.dk\/#\/schema\/logo\/image\/\"},\"sameAs\":[\"https:\/\/www.facebook.com\/grontkontor.dk\/\"]}]}<\/script>\n<!-- \/ Yoast SEO Premium plugin. -->","yoast_head_json":{"title":"Tote bag med murstein base resirkulert bomull og jute 140 GSM - Gr\u00f8nt Kontor","robots":{"index":"index","follow":"follow","max-snippet":"max-snippet:-1","max-image-preview":"max-image-preview:large","max-video-preview":"max-video-preview:-1"},"canonical":"https:\/\/grontkontor.dk\/shop\/mulepose-med-klodsbund-recycled-bomuld-og-jute-140-gsm\/","og_locale":"en_US","og_type":"article","og_title":"Tote bag med murstein base resirkulert bomull og jute 140 GSM","og_description":"Klimavennlig tote bag\/strandveske med blokkbunn i jute og resirkulert bomull. Kvalitet: 140 gsm. Utstyrt med lange h\u00e5ndtak p\u00e5 70 cm. En fin milj\u00f8vennlig firmagave, egnet for \u00e5 h\u00e5ndtere brosjyrer p\u00e5 en messe eller et arrangement. Mulighet for utskrift p\u00e5 en eller begge sider. [genbrugsbomuld_s] [jute] &nbsp;","og_url":"https:\/\/grontkontor.dk\/shop\/mulepose-med-klodsbund-recycled-bomuld-og-jute-140-gsm\/","og_site_name":"Gr\u00f8nt Kontor","article_publisher":"https:\/\/www.facebook.com\/grontkontor.dk\/","article_modified_time":"2024-06-18T07:58:54+00:00","og_image":[{"width":900,"height":639,"url":"https:\/\/grontkontor.dk\/wp-content\/uploads\/2024\/03\/Klimavenlig-mulepose-i-jute-og-genanvendt-bomuld-collage.jpg","type":"image\/jpeg"}],"twitter_card":"summary_large_image","schema":{"@context":"https:\/\/schema.org","@graph":[{"@type":"WebPage","@id":"https:\/\/grontkontor.dk\/shop\/mulepose-med-klodsbund-recycled-bomuld-og-jute-140-gsm\/","url":"https:\/\/grontkontor.dk\/shop\/mulepose-med-klodsbund-recycled-bomuld-og-jute-140-gsm\/","name":"Tote bag med murstein base resirkulert bomull og jute 140 GSM - Gr\u00f8nt Kontor","isPartOf":{"@id":"https:\/\/grontkontor.dk\/#website"},"datePublished":"2024-05-28T09:27:55+00:00","dateModified":"2024-06-18T07:58:54+00:00","breadcrumb":{"@id":"https:\/\/grontkontor.dk\/shop\/mulepose-med-klodsbund-recycled-bomuld-og-jute-140-gsm\/#breadcrumb"},"inLanguage":"no-NO","potentialAction":[{"@type":"ReadAction","target":["https:\/\/grontkontor.dk\/shop\/mulepose-med-klodsbund-recycled-bomuld-og-jute-140-gsm\/"]}]},{"@type":"BreadcrumbList","@id":"https:\/\/grontkontor.dk\/shop\/mulepose-med-klodsbund-recycled-bomuld-og-jute-140-gsm\/#breadcrumb","itemListElement":[{"@type":"ListItem","position":1,"name":"Forside","item":"https:\/\/grontkontor.dk\/"},{"@type":"ListItem","position":2,"name":"Butikk","item":"https:\/\/grontkontor.dk\/no\/butikk-2\/"},{"@type":"ListItem","position":3,"name":"Vesker, vesker og trekk","item":"https:\/\/grontkontor.dk\/no\/produkt-kategori\/vesker-poser-og-deksler\/"},{"@type":"ListItem","position":4,"name":"B\u00e6reposer","item":"https:\/\/grontkontor.dk\/no\/produkt-kategori\/vesker-poser-og-deksler\/stoffposer\/"},{"@type":"ListItem","position":5,"name":"Tote bag med murstein base resirkulert bomull og jute 140 GSM"}]},{"@type":"WebSite","@id":"https:\/\/grontkontor.dk\/#website","url":"https:\/\/grontkontor.dk\/","name":"Gr\u00f8nt Kontor","description":"Milj\u00f8venlige produkter til kontor og erhverv med fokus p\u00e5 b\u00e6redygtighed, design og fair trade.","publisher":{"@id":"https:\/\/grontkontor.dk\/#organization"},"potentialAction":[{"@type":"SearchAction","target":{"@type":"EntryPoint","urlTemplate":"https:\/\/grontkontor.dk\/?s={search_term_string}"},"query-input":"required name=search_term_string"}],"inLanguage":"no-NO"},{"@type":"Organization","@id":"https:\/\/grontkontor.dk\/#organization","name":"Gr\u00f8nt Kontor","url":"https:\/\/grontkontor.dk\/","logo":{"@type":"ImageObject","inLanguage":"no-NO","@id":"https:\/\/grontkontor.dk\/#\/schema\/logo\/image\/","url":"https:\/\/grontkontor.dk\/wp-content\/uploads\/2014\/02\/Logo_groent_kontor_300x80.png","contentUrl":"https:\/\/grontkontor.dk\/wp-content\/uploads\/2014\/02\/Logo_groent_kontor_300x80.png","width":300,"height":80,"caption":"Gr\u00f8nt Kontor"},"image":{"@id":"https:\/\/grontkontor.dk\/#\/schema\/logo\/image\/"},"sameAs":["https:\/\/www.facebook.com\/grontkontor.dk\/"]}]}},"_links":{"self":[{"href":"https:\/\/grontkontor.dk\/no\/wp-json\/wp\/v2\/product\/85699"}],"collection":[{"href":"https:\/\/grontkontor.dk\/no\/wp-json\/wp\/v2\/product"}],"about":[{"href":"https:\/\/grontkontor.dk\/no\/wp-json\/wp\/v2\/types\/product"}],"replies":[{"embeddable":true,"href":"https:\/\/grontkontor.dk\/no\/wp-json\/wp\/v2\/comments?post=85699"}],"wp:featuredmedia":[{"embeddable":true,"href":"https:\/\/grontkontor.dk\/no\/wp-json\/wp\/v2\/media\/83111"}],"wp:attachment":[{"href":"https:\/\/grontkontor.dk\/no\/wp-json\/wp\/v2\/media?parent=85699"}],"wp:term":[{"taxonomy":"product_cat","embeddable":true,"href":"https:\/\/grontkontor.dk\/no\/wp-json\/wp\/v2\/product_cat?post=85699"},{"taxonomy":"product_tag","embeddable":true,"href":"https:\/\/grontkontor.dk\/no\/wp-json\/wp\/v2\/product_tag?post=85699"}],"curies":[{"name":"wp","href":"https:\/\/api.w.org\/{rel}","templated":true}]}}