{"id":85723,"date":"2025-04-03T12:19:39","date_gmt":"2024-05-28T09:27:57","guid":{"rendered":"https:\/\/grontkontor.dk\/shop\/polo-t-skjorte-oorganisk-bomull\/"},"modified":"2025-11-06T10:08:02","modified_gmt":"2025-11-06T09:08:02","slug":"polo-t-skjorte-oorganisk-bomull","status":"publish","type":"product","link":"https:\/\/grontkontor.dk\/no\/shop\/polo-t-skjorte-oorganisk-bomull\/","title":{"rendered":"Polo t-skjorte tung \u00f8kologisk bomull uten trykk og broderi"},"content":{"rendered":"<p>En klassisk poloskjorte er alltid et trygt valg n\u00e5r du vil kombinere stil, komfort og omtanke. Denne klimavennlige unisex-poloskjorten er laget av 100 % \u00f8kologisk bomull, som gir en myk og behagelig kvalitet samtidig som den er et milj\u00f8vennlig alternativ til tradisjonelle tekstiler. Dette gj\u00f8r den ideell som firmakl\u00e6r, ansattegaver eller som en stilig reklameartikkel for messer og arrangementer.<br \/>\nPoloskjorten veier 180 g\/m\u00b2 og har en lett, men robust kvalitet som holder formen \u2013 selv etter gjentatt bruk og vask. Den er tilgjengelig i st\u00f8rrelser fra XS til XXL og kan bestilles i blandede farger og st\u00f8rrelser, noe som gir deg en fleksibel l\u00f8sning som passer alle i teamet ditt. Minimumsbestillingen er 25 stk, noe som gj\u00f8r det enkelt \u00e5 kle b\u00e5de sm\u00e5 og store grupper.<x id=\"gid_1\"><\/x>Poloskjorten kan leveres med logotrykk i opptil fire farger avhengig av trykkmetode eller med broderi hvis du \u00f8nsker et mer eksklusivt og slitesterkt uttrykk. N\u00e5r logoen din plasseres p\u00e5 en klimavennlig poloskjorte, f\u00e5r du ikke bare effektiv profilering \u2013 du sender ogs\u00e5 et tydelig signal om ansvar og gr\u00f8nne verdier.<x id=\"gid_2\"><\/x>Denne milj\u00f8vennlige poloskjorten i \u00f8kologisk bomull er derfor mer enn bare en klassisk del av garderoben. Det er et bevis p\u00e5 at profilkl\u00e6r kan v\u00e6re b\u00e5de klimavennlige, funksjonelle og stilige p\u00e5 samme tid.<br \/>\n[broderi]<\/p>\n<p>[bomuld]<\/p>\n<p>[gots_s]<\/p>\n<p>&amp;nbsp;<\/p>\n<a href=\"https:\/\/www.eco-branding.dk\/miljoemaerkning\/gots.aspx\" rel=\"noopener\" target=\"_blank\"><img loading=\"lazy\" decoding=\"async\" class=\"size-full wp-image-12808\" src=\"https:\/\/grontkontor.dk\/wp-content\/uploads\/2019\/04\/gots-certificeret.jpg\" \n   alt=\"Gots certificeret - din garanti for, at produktet indeholder mindst 70% ?kologisk bomuld\"  description=\"Gots certificeret - din garanti for, at produktet indeholder mindst 70% ?kologisk bomuld\" width=\"50\" height=\"50\" \n\t border=0 \/><\/a>\n","protected":false},"excerpt":{"rendered":"<p>En klassisk poloskjorte er alltid et trygt valg n\u00e5r du vil kombinere stil, komfort og omtanke. Denne klimavennlige unisex-poloskjorten er laget av 100 % \u00f8kologisk bomull, som gir en myk og behagelig kvalitet samtidig som den er et milj\u00f8vennlig alternativ til tradisjonelle tekstiler. Dette gj\u00f8r den ideell som firmakl\u00e6r, ansattegaver eller som en stilig reklameartikkel [&hellip;]<\/p>\n","protected":false},"featured_media":82851,"comment_status":"closed","ping_status":"closed","template":"","meta":{"_acf_changed":false},"product_cat":[3225,3194,2657,4840],"product_tag":[4884],"class_list":{"0":"post-85723","1":"product","2":"type-product","3":"status-publish","4":"has-post-thumbnail","6":"product_cat-dummy-moq-10-50-no","7":"product_cat-klimavennlige-firmagaver","8":"product_cat-nyheter","9":"product_cat-t-skjorter-gensere-og-poloskjorter","10":"product_tag-polo-skjorte","11":"pa_farve-blaa-no","12":"pa_farve-groenn","13":"pa_farve-gul-no-2","14":"pa_farve-lilla-no","15":"pa_farve-natur-no","16":"tm-has-styled-variations","17":"tm-has-options","19":"first","20":"instock","21":"taxable","22":"shipping-taxable","23":"purchasable","24":"product-type-simple"},"acf":[],"yoast_head":"<!-- This site is optimized with the Yoast SEO Premium plugin v21.2 (Yoast SEO v21.2) - https:\/\/yoast.com\/wordpress\/plugins\/seo\/ -->\n<title>Polo t-skjorte tung \u00f8kologisk bomull uten trykk og broderi - Gr\u00f8nt Kontor<\/title>\n<meta name=\"description\" content=\"Klimavennlig poloskjorte i 100% \u00f8kologisk bomull. Milj\u00f8vennlige profilkl\u00e6r i mange st\u00f8rrelser. Leveres med logotrykk og broderi. Min. 25 stk.\" \/>\n<meta name=\"robots\" content=\"index, follow, max-snippet:-1, max-image-preview:large, max-video-preview:-1\" \/>\n<link rel=\"canonical\" href=\"https:\/\/grontkontor.dk\/no\/shop\/polo-t-skjorte-oorganisk-bomull\/\" \/>\n<meta property=\"og:locale\" content=\"en_US\" \/>\n<meta property=\"og:type\" content=\"article\" \/>\n<meta property=\"og:title\" content=\"Polo t-skjorte tung \u00f8kologisk bomull uten trykk og broderi\" \/>\n<meta property=\"og:description\" content=\"Klimavennlig poloskjorte i 100% \u00f8kologisk bomull. Milj\u00f8vennlige profilkl\u00e6r i mange st\u00f8rrelser. Leveres med logotrykk og broderi. Min. 25 stk.\" \/>\n<meta property=\"og:url\" content=\"https:\/\/grontkontor.dk\/no\/shop\/polo-t-skjorte-oorganisk-bomull\/\" \/>\n<meta property=\"og:site_name\" content=\"Gr\u00f8nt Kontor\" \/>\n<meta property=\"article:publisher\" content=\"https:\/\/www.facebook.com\/grontkontor.dk\/\" \/>\n<meta property=\"article:modified_time\" content=\"2025-11-06T09:08:02+00:00\" \/>\n<meta property=\"og:image\" content=\"https:\/\/grontkontor.dk\/wp-content\/uploads\/2024\/03\/Klimavenlig-polo-pastel-unisex-collage.jpg\" \/>\n\t<meta property=\"og:image:width\" content=\"900\" \/>\n\t<meta property=\"og:image:height\" content=\"639\" \/>\n\t<meta property=\"og:image:type\" content=\"image\/jpeg\" \/>\n<meta name=\"twitter:card\" content=\"summary_large_image\" \/>\n<meta name=\"twitter:label1\" content=\"Est. reading time\" \/>\n\t<meta name=\"twitter:data1\" content=\"1 minute\" \/>\n<script type=\"application\/ld+json\" class=\"yoast-schema-graph\">{\"@context\":\"https:\/\/schema.org\",\"@graph\":[{\"@type\":\"WebPage\",\"@id\":\"https:\/\/grontkontor.dk\/no\/shop\/polo-t-skjorte-oorganisk-bomull\/\",\"url\":\"https:\/\/grontkontor.dk\/no\/shop\/polo-t-skjorte-oorganisk-bomull\/\",\"name\":\"Polo t-skjorte tung \u00f8kologisk bomull uten trykk og broderi - Gr\u00f8nt Kontor\",\"isPartOf\":{\"@id\":\"https:\/\/grontkontor.dk\/#website\"},\"datePublished\":\"2024-05-28T09:27:57+00:00\",\"dateModified\":\"2025-11-06T09:08:02+00:00\",\"description\":\"Klimavennlig poloskjorte i 100% \u00f8kologisk bomull. Milj\u00f8vennlige profilkl\u00e6r i mange st\u00f8rrelser. Leveres med logotrykk og broderi. Min. 25 stk.\",\"breadcrumb\":{\"@id\":\"https:\/\/grontkontor.dk\/no\/shop\/polo-t-skjorte-oorganisk-bomull\/#breadcrumb\"},\"inLanguage\":\"no-NO\",\"potentialAction\":[{\"@type\":\"ReadAction\",\"target\":[\"https:\/\/grontkontor.dk\/no\/shop\/polo-t-skjorte-oorganisk-bomull\/\"]}]},{\"@type\":\"BreadcrumbList\",\"@id\":\"https:\/\/grontkontor.dk\/no\/shop\/polo-t-skjorte-oorganisk-bomull\/#breadcrumb\",\"itemListElement\":[{\"@type\":\"ListItem\",\"position\":1,\"name\":\"Forside\",\"item\":\"https:\/\/grontkontor.dk\/\"},{\"@type\":\"ListItem\",\"position\":2,\"name\":\"Butikk\",\"item\":\"https:\/\/grontkontor.dk\/no\/butikk-2\/\"},{\"@type\":\"ListItem\",\"position\":3,\"name\":\"Dummy MOQ 10-50\",\"item\":\"https:\/\/grontkontor.dk\/no\/produkt-kategori\/dummy-moq-10-50-no\/\"},{\"@type\":\"ListItem\",\"position\":4,\"name\":\"Polo t-skjorte tung \u00f8kologisk bomull uten trykk og broderi\"}]},{\"@type\":\"WebSite\",\"@id\":\"https:\/\/grontkontor.dk\/#website\",\"url\":\"https:\/\/grontkontor.dk\/\",\"name\":\"Gr\u00f8nt Kontor\",\"description\":\"Milj\u00f8venlige produkter til kontor og erhverv med fokus p\u00e5 b\u00e6redygtighed, design og fair trade.\",\"publisher\":{\"@id\":\"https:\/\/grontkontor.dk\/#organization\"},\"potentialAction\":[{\"@type\":\"SearchAction\",\"target\":{\"@type\":\"EntryPoint\",\"urlTemplate\":\"https:\/\/grontkontor.dk\/?s={search_term_string}\"},\"query-input\":\"required name=search_term_string\"}],\"inLanguage\":\"no-NO\"},{\"@type\":\"Organization\",\"@id\":\"https:\/\/grontkontor.dk\/#organization\",\"name\":\"Gr\u00f8nt Kontor\",\"url\":\"https:\/\/grontkontor.dk\/\",\"logo\":{\"@type\":\"ImageObject\",\"inLanguage\":\"no-NO\",\"@id\":\"https:\/\/grontkontor.dk\/#\/schema\/logo\/image\/\",\"url\":\"https:\/\/grontkontor.dk\/wp-content\/uploads\/2014\/02\/Logo_groent_kontor_300x80.png\",\"contentUrl\":\"https:\/\/grontkontor.dk\/wp-content\/uploads\/2014\/02\/Logo_groent_kontor_300x80.png\",\"width\":300,\"height\":80,\"caption\":\"Gr\u00f8nt Kontor\"},\"image\":{\"@id\":\"https:\/\/grontkontor.dk\/#\/schema\/logo\/image\/\"},\"sameAs\":[\"https:\/\/www.facebook.com\/grontkontor.dk\/\"]}]}<\/script>\n<!-- \/ Yoast SEO Premium plugin. -->","yoast_head_json":{"title":"Polo t-skjorte tung \u00f8kologisk bomull uten trykk og broderi - Gr\u00f8nt Kontor","description":"Klimavennlig poloskjorte i 100% \u00f8kologisk bomull. Milj\u00f8vennlige profilkl\u00e6r i mange st\u00f8rrelser. Leveres med logotrykk og broderi. Min. 25 stk.","robots":{"index":"index","follow":"follow","max-snippet":"max-snippet:-1","max-image-preview":"max-image-preview:large","max-video-preview":"max-video-preview:-1"},"canonical":"https:\/\/grontkontor.dk\/no\/shop\/polo-t-skjorte-oorganisk-bomull\/","og_locale":"en_US","og_type":"article","og_title":"Polo t-skjorte tung \u00f8kologisk bomull uten trykk og broderi","og_description":"Klimavennlig poloskjorte i 100% \u00f8kologisk bomull. Milj\u00f8vennlige profilkl\u00e6r i mange st\u00f8rrelser. Leveres med logotrykk og broderi. Min. 25 stk.","og_url":"https:\/\/grontkontor.dk\/no\/shop\/polo-t-skjorte-oorganisk-bomull\/","og_site_name":"Gr\u00f8nt Kontor","article_publisher":"https:\/\/www.facebook.com\/grontkontor.dk\/","article_modified_time":"2025-11-06T09:08:02+00:00","og_image":[{"width":900,"height":639,"url":"https:\/\/grontkontor.dk\/wp-content\/uploads\/2024\/03\/Klimavenlig-polo-pastel-unisex-collage.jpg","type":"image\/jpeg"}],"twitter_card":"summary_large_image","twitter_misc":{"Est. reading time":"1 minute"},"schema":{"@context":"https:\/\/schema.org","@graph":[{"@type":"WebPage","@id":"https:\/\/grontkontor.dk\/no\/shop\/polo-t-skjorte-oorganisk-bomull\/","url":"https:\/\/grontkontor.dk\/no\/shop\/polo-t-skjorte-oorganisk-bomull\/","name":"Polo t-skjorte tung \u00f8kologisk bomull uten trykk og broderi - Gr\u00f8nt Kontor","isPartOf":{"@id":"https:\/\/grontkontor.dk\/#website"},"datePublished":"2024-05-28T09:27:57+00:00","dateModified":"2025-11-06T09:08:02+00:00","description":"Klimavennlig poloskjorte i 100% \u00f8kologisk bomull. Milj\u00f8vennlige profilkl\u00e6r i mange st\u00f8rrelser. Leveres med logotrykk og broderi. Min. 25 stk.","breadcrumb":{"@id":"https:\/\/grontkontor.dk\/no\/shop\/polo-t-skjorte-oorganisk-bomull\/#breadcrumb"},"inLanguage":"no-NO","potentialAction":[{"@type":"ReadAction","target":["https:\/\/grontkontor.dk\/no\/shop\/polo-t-skjorte-oorganisk-bomull\/"]}]},{"@type":"BreadcrumbList","@id":"https:\/\/grontkontor.dk\/no\/shop\/polo-t-skjorte-oorganisk-bomull\/#breadcrumb","itemListElement":[{"@type":"ListItem","position":1,"name":"Forside","item":"https:\/\/grontkontor.dk\/"},{"@type":"ListItem","position":2,"name":"Butikk","item":"https:\/\/grontkontor.dk\/no\/butikk-2\/"},{"@type":"ListItem","position":3,"name":"Dummy MOQ 10-50","item":"https:\/\/grontkontor.dk\/no\/produkt-kategori\/dummy-moq-10-50-no\/"},{"@type":"ListItem","position":4,"name":"Polo t-skjorte tung \u00f8kologisk bomull uten trykk og broderi"}]},{"@type":"WebSite","@id":"https:\/\/grontkontor.dk\/#website","url":"https:\/\/grontkontor.dk\/","name":"Gr\u00f8nt Kontor","description":"Milj\u00f8venlige produkter til kontor og erhverv med fokus p\u00e5 b\u00e6redygtighed, design og fair trade.","publisher":{"@id":"https:\/\/grontkontor.dk\/#organization"},"potentialAction":[{"@type":"SearchAction","target":{"@type":"EntryPoint","urlTemplate":"https:\/\/grontkontor.dk\/?s={search_term_string}"},"query-input":"required name=search_term_string"}],"inLanguage":"no-NO"},{"@type":"Organization","@id":"https:\/\/grontkontor.dk\/#organization","name":"Gr\u00f8nt Kontor","url":"https:\/\/grontkontor.dk\/","logo":{"@type":"ImageObject","inLanguage":"no-NO","@id":"https:\/\/grontkontor.dk\/#\/schema\/logo\/image\/","url":"https:\/\/grontkontor.dk\/wp-content\/uploads\/2014\/02\/Logo_groent_kontor_300x80.png","contentUrl":"https:\/\/grontkontor.dk\/wp-content\/uploads\/2014\/02\/Logo_groent_kontor_300x80.png","width":300,"height":80,"caption":"Gr\u00f8nt Kontor"},"image":{"@id":"https:\/\/grontkontor.dk\/#\/schema\/logo\/image\/"},"sameAs":["https:\/\/www.facebook.com\/grontkontor.dk\/"]}]}},"_links":{"self":[{"href":"https:\/\/grontkontor.dk\/no\/wp-json\/wp\/v2\/product\/85723"}],"collection":[{"href":"https:\/\/grontkontor.dk\/no\/wp-json\/wp\/v2\/product"}],"about":[{"href":"https:\/\/grontkontor.dk\/no\/wp-json\/wp\/v2\/types\/product"}],"replies":[{"embeddable":true,"href":"https:\/\/grontkontor.dk\/no\/wp-json\/wp\/v2\/comments?post=85723"}],"wp:featuredmedia":[{"embeddable":true,"href":"https:\/\/grontkontor.dk\/no\/wp-json\/wp\/v2\/media\/82851"}],"wp:attachment":[{"href":"https:\/\/grontkontor.dk\/no\/wp-json\/wp\/v2\/media?parent=85723"}],"wp:term":[{"taxonomy":"product_cat","embeddable":true,"href":"https:\/\/grontkontor.dk\/no\/wp-json\/wp\/v2\/product_cat?post=85723"},{"taxonomy":"product_tag","embeddable":true,"href":"https:\/\/grontkontor.dk\/no\/wp-json\/wp\/v2\/product_tag?post=85723"}],"curies":[{"name":"wp","href":"https:\/\/api.w.org\/{rel}","templated":true}]}}