{"id":85916,"date":"2023-09-22T13:16:37","date_gmt":"2024-05-28T09:32:23","guid":{"rendered":"https:\/\/grontkontor.dk\/shop\/binder-fsc-resirkulert-blaa\/"},"modified":"2024-06-27T09:56:21","modified_gmt":"2024-06-27T07:56:21","slug":"binder-fsc-resirkulert-blaa","status":"publish","type":"product","link":"https:\/\/grontkontor.dk\/no\/shop\/binder-fsc-resirkulert-blaa\/","title":{"rendered":"Bindemiddel FSC resirkulert &#8211; Bl\u00e5"},"content":{"rendered":"<p>Solid og klimavennlig bl\u00e5tt A4 bindemiddel i skandinavisk design, med standard 2-hulls mekanisme med metallskinne. Ryggbredde: 85 mm. Overflaten er laget av FSC-sertifisert laminatpapir med kornet tekstur, h\u00e5ndlaminert med vannbasert lim p\u00e5 en tykkere kjerne av resirkulert papp. En klima- og milj\u00f8vennlig perm perfekt for arkivering av dine dokumenter. Laget i EU.<\/p>\n<p><a href=\"https:\/\/ic.fsc.org\/en\/\" target=\"window\"><img loading=\"lazy\" decoding=\"async\" class=\"size-full wp-image-12735\" src=\"https:\/\/grontkontor.dk\/wp-content\/uploads\/2019\/04\/fsc-certificeret.png\" \n\t\t alt=\"FSC-certificeret\" title=\"FSC-certificeret\" width=\"44\" height=\"51\" border=0\/><\/a> [bigso_all]<\/p>\n","protected":false},"excerpt":{"rendered":"<p>Solid og klimavennlig bl\u00e5tt A4 bindemiddel i skandinavisk design, med standard 2-hulls mekanisme med metallskinne. Ryggbredde: 85 mm. Overflaten er laget av FSC-sertifisert laminatpapir med kornet tekstur, h\u00e5ndlaminert med vannbasert lim p\u00e5 en tykkere kjerne av resirkulert papp. En klima- og milj\u00f8vennlig perm perfekt for arkivering av dine dokumenter. Laget i EU. [bigso_all]<\/p>\n","protected":false},"featured_media":23125,"comment_status":"closed","ping_status":"closed","template":"","meta":{"_acf_changed":false},"product_cat":[3491,3526,3199,3195,3530],"product_tag":[3535,3533],"class_list":{"0":"post-85916","1":"product","2":"type-product","3":"status-publish","4":"has-post-thumbnail","6":"product_cat-arkivering-no","7":"product_cat-bindemiddel","8":"product_cat-dummy-moq-1-no","9":"product_cat-produktserier","10":"product_cat-resirkulert-papp-fsc-farget","11":"product_tag-bindemiddel-no","12":"product_tag-bindemiddel","13":"tm-has-options","15":"first","16":"instock","17":"taxable","18":"shipping-taxable","19":"purchasable","20":"product-type-simple"},"acf":[],"yoast_head":"<!-- This site is optimized with the Yoast SEO Premium plugin v21.2 (Yoast SEO v21.2) - https:\/\/yoast.com\/wordpress\/plugins\/seo\/ -->\n<title>Bindemiddel FSC resirkulert - Bl\u00e5 - Gr\u00f8nt Kontor<\/title>\n<meta name=\"robots\" content=\"index, follow, max-snippet:-1, max-image-preview:large, max-video-preview:-1\" \/>\n<link rel=\"canonical\" href=\"https:\/\/grontkontor.dk\/no\/shop\/binder-fsc-resirkulert-blaa\/\" \/>\n<meta property=\"og:locale\" content=\"en_US\" \/>\n<meta property=\"og:type\" content=\"article\" \/>\n<meta property=\"og:title\" content=\"Bindemiddel FSC resirkulert - Bl\u00e5\" \/>\n<meta property=\"og:description\" content=\"Solid og klimavennlig bl\u00e5tt A4 bindemiddel i skandinavisk design, med standard 2-hulls mekanisme med metallskinne. Ryggbredde: 85 mm. Overflaten er laget av FSC-sertifisert laminatpapir med kornet tekstur, h\u00e5ndlaminert med vannbasert lim p\u00e5 en tykkere kjerne av resirkulert papp. En klima- og milj\u00f8vennlig perm perfekt for arkivering av dine dokumenter. Laget i EU. [bigso_all]\" \/>\n<meta property=\"og:url\" content=\"https:\/\/grontkontor.dk\/no\/shop\/binder-fsc-resirkulert-blaa\/\" \/>\n<meta property=\"og:site_name\" content=\"Gr\u00f8nt Kontor\" \/>\n<meta property=\"article:publisher\" content=\"https:\/\/www.facebook.com\/grontkontor.dk\/\" \/>\n<meta property=\"article:modified_time\" content=\"2024-06-27T07:56:21+00:00\" \/>\n<meta property=\"og:image\" content=\"https:\/\/grontkontor.dk\/wp-content\/uploads\/2021\/03\/brevordner-fsc-genbrug-blaa-01.jpg\" \/>\n\t<meta property=\"og:image:width\" content=\"900\" \/>\n\t<meta property=\"og:image:height\" content=\"639\" \/>\n\t<meta property=\"og:image:type\" content=\"image\/jpeg\" \/>\n<meta name=\"twitter:card\" content=\"summary_large_image\" \/>\n<script type=\"application\/ld+json\" class=\"yoast-schema-graph\">{\"@context\":\"https:\/\/schema.org\",\"@graph\":[{\"@type\":\"WebPage\",\"@id\":\"https:\/\/grontkontor.dk\/no\/shop\/binder-fsc-resirkulert-blaa\/\",\"url\":\"https:\/\/grontkontor.dk\/no\/shop\/binder-fsc-resirkulert-blaa\/\",\"name\":\"Bindemiddel FSC resirkulert - Bl\u00e5 - Gr\u00f8nt Kontor\",\"isPartOf\":{\"@id\":\"https:\/\/grontkontor.dk\/#website\"},\"datePublished\":\"2024-05-28T09:32:23+00:00\",\"dateModified\":\"2024-06-27T07:56:21+00:00\",\"breadcrumb\":{\"@id\":\"https:\/\/grontkontor.dk\/no\/shop\/binder-fsc-resirkulert-blaa\/#breadcrumb\"},\"inLanguage\":\"no-NO\",\"potentialAction\":[{\"@type\":\"ReadAction\",\"target\":[\"https:\/\/grontkontor.dk\/no\/shop\/binder-fsc-resirkulert-blaa\/\"]}]},{\"@type\":\"BreadcrumbList\",\"@id\":\"https:\/\/grontkontor.dk\/no\/shop\/binder-fsc-resirkulert-blaa\/#breadcrumb\",\"itemListElement\":[{\"@type\":\"ListItem\",\"position\":1,\"name\":\"Forside\",\"item\":\"https:\/\/grontkontor.dk\/\"},{\"@type\":\"ListItem\",\"position\":2,\"name\":\"Butikk\",\"item\":\"https:\/\/grontkontor.dk\/no\/butikk-2\/\"},{\"@type\":\"ListItem\",\"position\":3,\"name\":\"Arkivering\",\"item\":\"https:\/\/grontkontor.dk\/produkt-kategori\/arkivering\/\"},{\"@type\":\"ListItem\",\"position\":4,\"name\":\"Ringbind\",\"item\":\"https:\/\/grontkontor.dk\/produkt-kategori\/arkivering\/ringbind\/\"},{\"@type\":\"ListItem\",\"position\":5,\"name\":\"Bindemiddel FSC resirkulert &#8211; Bl\u00e5\"}]},{\"@type\":\"WebSite\",\"@id\":\"https:\/\/grontkontor.dk\/#website\",\"url\":\"https:\/\/grontkontor.dk\/\",\"name\":\"Gr\u00f8nt Kontor\",\"description\":\"Milj\u00f8venlige produkter til kontor og erhverv med fokus p\u00e5 b\u00e6redygtighed, design og fair trade.\",\"publisher\":{\"@id\":\"https:\/\/grontkontor.dk\/#organization\"},\"potentialAction\":[{\"@type\":\"SearchAction\",\"target\":{\"@type\":\"EntryPoint\",\"urlTemplate\":\"https:\/\/grontkontor.dk\/?s={search_term_string}\"},\"query-input\":\"required name=search_term_string\"}],\"inLanguage\":\"no-NO\"},{\"@type\":\"Organization\",\"@id\":\"https:\/\/grontkontor.dk\/#organization\",\"name\":\"Gr\u00f8nt Kontor\",\"url\":\"https:\/\/grontkontor.dk\/\",\"logo\":{\"@type\":\"ImageObject\",\"inLanguage\":\"no-NO\",\"@id\":\"https:\/\/grontkontor.dk\/#\/schema\/logo\/image\/\",\"url\":\"https:\/\/grontkontor.dk\/wp-content\/uploads\/2014\/02\/Logo_groent_kontor_300x80.png\",\"contentUrl\":\"https:\/\/grontkontor.dk\/wp-content\/uploads\/2014\/02\/Logo_groent_kontor_300x80.png\",\"width\":300,\"height\":80,\"caption\":\"Gr\u00f8nt Kontor\"},\"image\":{\"@id\":\"https:\/\/grontkontor.dk\/#\/schema\/logo\/image\/\"},\"sameAs\":[\"https:\/\/www.facebook.com\/grontkontor.dk\/\"]}]}<\/script>\n<!-- \/ Yoast SEO Premium plugin. -->","yoast_head_json":{"title":"Bindemiddel FSC resirkulert - Bl\u00e5 - Gr\u00f8nt Kontor","robots":{"index":"index","follow":"follow","max-snippet":"max-snippet:-1","max-image-preview":"max-image-preview:large","max-video-preview":"max-video-preview:-1"},"canonical":"https:\/\/grontkontor.dk\/no\/shop\/binder-fsc-resirkulert-blaa\/","og_locale":"en_US","og_type":"article","og_title":"Bindemiddel FSC resirkulert - Bl\u00e5","og_description":"Solid og klimavennlig bl\u00e5tt A4 bindemiddel i skandinavisk design, med standard 2-hulls mekanisme med metallskinne. Ryggbredde: 85 mm. Overflaten er laget av FSC-sertifisert laminatpapir med kornet tekstur, h\u00e5ndlaminert med vannbasert lim p\u00e5 en tykkere kjerne av resirkulert papp. En klima- og milj\u00f8vennlig perm perfekt for arkivering av dine dokumenter. Laget i EU. [bigso_all]","og_url":"https:\/\/grontkontor.dk\/no\/shop\/binder-fsc-resirkulert-blaa\/","og_site_name":"Gr\u00f8nt Kontor","article_publisher":"https:\/\/www.facebook.com\/grontkontor.dk\/","article_modified_time":"2024-06-27T07:56:21+00:00","og_image":[{"width":900,"height":639,"url":"https:\/\/grontkontor.dk\/wp-content\/uploads\/2021\/03\/brevordner-fsc-genbrug-blaa-01.jpg","type":"image\/jpeg"}],"twitter_card":"summary_large_image","schema":{"@context":"https:\/\/schema.org","@graph":[{"@type":"WebPage","@id":"https:\/\/grontkontor.dk\/no\/shop\/binder-fsc-resirkulert-blaa\/","url":"https:\/\/grontkontor.dk\/no\/shop\/binder-fsc-resirkulert-blaa\/","name":"Bindemiddel FSC resirkulert - Bl\u00e5 - Gr\u00f8nt Kontor","isPartOf":{"@id":"https:\/\/grontkontor.dk\/#website"},"datePublished":"2024-05-28T09:32:23+00:00","dateModified":"2024-06-27T07:56:21+00:00","breadcrumb":{"@id":"https:\/\/grontkontor.dk\/no\/shop\/binder-fsc-resirkulert-blaa\/#breadcrumb"},"inLanguage":"no-NO","potentialAction":[{"@type":"ReadAction","target":["https:\/\/grontkontor.dk\/no\/shop\/binder-fsc-resirkulert-blaa\/"]}]},{"@type":"BreadcrumbList","@id":"https:\/\/grontkontor.dk\/no\/shop\/binder-fsc-resirkulert-blaa\/#breadcrumb","itemListElement":[{"@type":"ListItem","position":1,"name":"Forside","item":"https:\/\/grontkontor.dk\/"},{"@type":"ListItem","position":2,"name":"Butikk","item":"https:\/\/grontkontor.dk\/no\/butikk-2\/"},{"@type":"ListItem","position":3,"name":"Arkivering","item":"https:\/\/grontkontor.dk\/produkt-kategori\/arkivering\/"},{"@type":"ListItem","position":4,"name":"Ringbind","item":"https:\/\/grontkontor.dk\/produkt-kategori\/arkivering\/ringbind\/"},{"@type":"ListItem","position":5,"name":"Bindemiddel FSC resirkulert &#8211; Bl\u00e5"}]},{"@type":"WebSite","@id":"https:\/\/grontkontor.dk\/#website","url":"https:\/\/grontkontor.dk\/","name":"Gr\u00f8nt Kontor","description":"Milj\u00f8venlige produkter til kontor og erhverv med fokus p\u00e5 b\u00e6redygtighed, design og fair trade.","publisher":{"@id":"https:\/\/grontkontor.dk\/#organization"},"potentialAction":[{"@type":"SearchAction","target":{"@type":"EntryPoint","urlTemplate":"https:\/\/grontkontor.dk\/?s={search_term_string}"},"query-input":"required name=search_term_string"}],"inLanguage":"no-NO"},{"@type":"Organization","@id":"https:\/\/grontkontor.dk\/#organization","name":"Gr\u00f8nt Kontor","url":"https:\/\/grontkontor.dk\/","logo":{"@type":"ImageObject","inLanguage":"no-NO","@id":"https:\/\/grontkontor.dk\/#\/schema\/logo\/image\/","url":"https:\/\/grontkontor.dk\/wp-content\/uploads\/2014\/02\/Logo_groent_kontor_300x80.png","contentUrl":"https:\/\/grontkontor.dk\/wp-content\/uploads\/2014\/02\/Logo_groent_kontor_300x80.png","width":300,"height":80,"caption":"Gr\u00f8nt Kontor"},"image":{"@id":"https:\/\/grontkontor.dk\/#\/schema\/logo\/image\/"},"sameAs":["https:\/\/www.facebook.com\/grontkontor.dk\/"]}]}},"_links":{"self":[{"href":"https:\/\/grontkontor.dk\/no\/wp-json\/wp\/v2\/product\/85916"}],"collection":[{"href":"https:\/\/grontkontor.dk\/no\/wp-json\/wp\/v2\/product"}],"about":[{"href":"https:\/\/grontkontor.dk\/no\/wp-json\/wp\/v2\/types\/product"}],"replies":[{"embeddable":true,"href":"https:\/\/grontkontor.dk\/no\/wp-json\/wp\/v2\/comments?post=85916"}],"wp:featuredmedia":[{"embeddable":true,"href":"https:\/\/grontkontor.dk\/no\/wp-json\/wp\/v2\/media\/23125"}],"wp:attachment":[{"href":"https:\/\/grontkontor.dk\/no\/wp-json\/wp\/v2\/media?parent=85916"}],"wp:term":[{"taxonomy":"product_cat","embeddable":true,"href":"https:\/\/grontkontor.dk\/no\/wp-json\/wp\/v2\/product_cat?post=85916"},{"taxonomy":"product_tag","embeddable":true,"href":"https:\/\/grontkontor.dk\/no\/wp-json\/wp\/v2\/product_tag?post=85916"}],"curies":[{"name":"wp","href":"https:\/\/api.w.org\/{rel}","templated":true}]}}