{"id":85932,"date":"2023-09-22T13:05:07","date_gmt":"2024-05-28T09:32:25","guid":{"rendered":"https:\/\/grontkontor.dk\/shop\/brevskuff-resirkulert-plast-svart\/"},"modified":"2024-05-28T11:32:25","modified_gmt":"2024-05-28T09:32:25","slug":"brevskuff-resirkulert-plast-svart","status":"publish","type":"product","link":"https:\/\/grontkontor.dk\/no\/shop\/brevskuff-resirkulert-plast-svart\/","title":{"rendered":"Brevbrett i resirkulert plast"},"content":{"rendered":"<p>Trendy og klimavennlig A4-brevbrett i resirkulert plast til dokumentene dine. Et klima- og milj\u00f8vennlig produkt perfekt for \u00e5 holde orden p\u00e5 dokumentene dine. Stables.<br \/>\nDimensjoner: LxBxH 338 x 257 x 65 mm. Blue Angel sertifisert. Laget i EU.<br \/>\nFinnes ogs\u00e5 i gr\u00e5tt og bl\u00e5tt. Prisen gjelder for 1 stk.<\/p>\n<p>Resirkulert plast er \u2013 til tross for sin fossile opprinnelse \u2013 et klimavennlig materiale. Plast har et ekstremt h\u00f8yt karboninnhold, s\u00e5 resirkulert plast fungerer som et karbonsluk. Hvis plast ikke gjenvinnes, vil det enten brytes ned til CO2 og dermed bidra til drivhuseffekten, eller ende opp som forurensende avfall.<br \/>\nFor hvert tonn resirkulert plast spares 3,8 fat olje.<\/p>\n<p>[blaue_engel_s]<\/p>\n<p>&nbsp;<\/p>\n<p><img loading=\"lazy\" decoding=\"async\" src=\"https:\/\/grontkontor.dk\/wp-content\/uploads\/2021\/02\/genbrug.jpg\" alt=\"Fremstillet af genbrugsmaterialer\" width=\"50\" height=\"50\" class=\"size-full wp-image-23031\" srcset=\"https:\/\/grontkontor.dk\/wp-content\/uploads\/2021\/02\/genbrug.jpg 199w, https:\/\/grontkontor.dk\/wp-content\/uploads\/2021\/02\/genbrug-100x100.jpg 100w\" sizes=\"(max-width: 50px) 100vw, 50px\" \/> <img loading=\"lazy\" decoding=\"async\" class=\"size-medium wp-image-21008\" src=\"https:\/\/grontkontor.dk\/wp-content\/uploads\/2020\/11\/eu-flag_1-300x199.jpg\" alt=\"Fremstillet i EU\" width=\"76\" height=\"50\" srcset=\"https:\/\/grontkontor.dk\/wp-content\/uploads\/2020\/11\/eu-flag_1-300x199.jpg 300w, https:\/\/grontkontor.dk\/wp-content\/uploads\/2020\/11\/eu-flag_1.jpg 530w\" sizes=\"(max-width: 76px) 100vw, 76px\" \/><a href=\"https:\/\/en.wikipedia.org\/wiki\/Blue_Angel_(certification)\" rel=\"noopener\" target=\"_blank\"><img loading=\"lazy\" decoding=\"async\" class=\"size-full wp-image-12701\" src=\"https:\/\/grontkontor.dk\/wp-content\/uploads\/2019\/04\/blaa-engel.png\" \n\t\t alt=\"Bl? engel certificeret\" title=\"Bl? engel certificeret\" width=\"57\" height=\"62\" border=0 \/><\/a><\/p>\n","protected":false},"excerpt":{"rendered":"<p>Trendy og klimavennlig A4-brevbrett i resirkulert plast til dokumentene dine. Et klima- og milj\u00f8vennlig produkt perfekt for \u00e5 holde orden p\u00e5 dokumentene dine. Stables. Dimensjoner: LxBxH 338 x 257 x 65 mm. Blue Angel sertifisert. Laget i EU. Finnes ogs\u00e5 i gr\u00e5tt og bl\u00e5tt. Prisen gjelder for 1 stk. Resirkulert plast er \u2013 til tross [&hellip;]<\/p>\n","protected":false},"featured_media":52729,"comment_status":"closed","ping_status":"closed","template":"","meta":{"_acf_changed":false},"product_cat":[3516,3199,3195,3557,3514],"product_tag":[3549,3522,3551,3559],"class_list":{"0":"post-85932","1":"product","2":"type-product","3":"status-publish","4":"has-post-thumbnail","6":"product_cat-brevskuffer","7":"product_cat-dummy-moq-1-no","8":"product_cat-produktserier","9":"product_cat-resirkulert-plast-svart","10":"product_cat-skrivebord-utstyr","11":"product_tag-brev-bakke-no","12":"product_tag-brevskuff","13":"product_tag-brevskuffer","14":"product_tag-resirkulert-plast","15":"pa_farve-blaa-no","16":"pa_farve-graa-no-2","17":"pa_farve-svart","18":"tm-has-options","20":"first","21":"instock","22":"taxable","23":"shipping-taxable","24":"purchasable","25":"product-type-simple"},"acf":[],"yoast_head":"<!-- This site is optimized with the Yoast SEO Premium plugin v21.2 (Yoast SEO v21.2) - https:\/\/yoast.com\/wordpress\/plugins\/seo\/ -->\n<title>Brevbrett i resirkulert plast - Gr\u00f8nt Kontor<\/title>\n<meta name=\"robots\" content=\"index, follow, max-snippet:-1, max-image-preview:large, max-video-preview:-1\" \/>\n<link rel=\"canonical\" href=\"https:\/\/grontkontor.dk\/no\/shop\/brevskuff-resirkulert-plast-svart\/\" \/>\n<meta property=\"og:locale\" content=\"en_US\" \/>\n<meta property=\"og:type\" content=\"article\" \/>\n<meta property=\"og:title\" content=\"Brevbrett i resirkulert plast\" \/>\n<meta property=\"og:description\" content=\"Trendy og klimavennlig A4-brevbrett i resirkulert plast til dokumentene dine. Et klima- og milj\u00f8vennlig produkt perfekt for \u00e5 holde orden p\u00e5 dokumentene dine. Stables. Dimensjoner: LxBxH 338 x 257 x 65 mm. Blue Angel sertifisert. Laget i EU. Finnes ogs\u00e5 i gr\u00e5tt og bl\u00e5tt. Prisen gjelder for 1 stk. Resirkulert plast er \u2013 til tross [&hellip;]\" \/>\n<meta property=\"og:url\" content=\"https:\/\/grontkontor.dk\/no\/shop\/brevskuff-resirkulert-plast-svart\/\" \/>\n<meta property=\"og:site_name\" content=\"Gr\u00f8nt Kontor\" \/>\n<meta property=\"article:publisher\" content=\"https:\/\/www.facebook.com\/grontkontor.dk\/\" \/>\n<meta name=\"twitter:card\" content=\"summary_large_image\" \/>\n<meta name=\"twitter:label1\" content=\"Est. reading time\" \/>\n\t<meta name=\"twitter:data1\" content=\"1 minute\" \/>\n<script type=\"application\/ld+json\" class=\"yoast-schema-graph\">{\"@context\":\"https:\/\/schema.org\",\"@graph\":[{\"@type\":\"WebPage\",\"@id\":\"https:\/\/grontkontor.dk\/no\/shop\/brevskuff-resirkulert-plast-svart\/\",\"url\":\"https:\/\/grontkontor.dk\/no\/shop\/brevskuff-resirkulert-plast-svart\/\",\"name\":\"Brevbrett i resirkulert plast - Gr\u00f8nt Kontor\",\"isPartOf\":{\"@id\":\"https:\/\/grontkontor.dk\/#website\"},\"datePublished\":\"2024-05-28T09:32:25+00:00\",\"dateModified\":\"2024-05-28T09:32:25+00:00\",\"breadcrumb\":{\"@id\":\"https:\/\/grontkontor.dk\/no\/shop\/brevskuff-resirkulert-plast-svart\/#breadcrumb\"},\"inLanguage\":\"no-NO\",\"potentialAction\":[{\"@type\":\"ReadAction\",\"target\":[\"https:\/\/grontkontor.dk\/no\/shop\/brevskuff-resirkulert-plast-svart\/\"]}]},{\"@type\":\"BreadcrumbList\",\"@id\":\"https:\/\/grontkontor.dk\/no\/shop\/brevskuff-resirkulert-plast-svart\/#breadcrumb\",\"itemListElement\":[{\"@type\":\"ListItem\",\"position\":1,\"name\":\"Forside\",\"item\":\"https:\/\/grontkontor.dk\/\"},{\"@type\":\"ListItem\",\"position\":2,\"name\":\"Butikk\",\"item\":\"https:\/\/grontkontor.dk\/no\/butikk-2\/\"},{\"@type\":\"ListItem\",\"position\":3,\"name\":\"Skrivebord utstyr\",\"item\":\"https:\/\/grontkontor.dk\/no\/produkt-kategori\/skrivebord-utstyr\/\"},{\"@type\":\"ListItem\",\"position\":4,\"name\":\"Brevskuffer\",\"item\":\"https:\/\/grontkontor.dk\/no\/produkt-kategori\/skrivebord-utstyr\/brevskuffer\/\"},{\"@type\":\"ListItem\",\"position\":5,\"name\":\"Brevbrett i resirkulert plast\"}]},{\"@type\":\"WebSite\",\"@id\":\"https:\/\/grontkontor.dk\/#website\",\"url\":\"https:\/\/grontkontor.dk\/\",\"name\":\"Gr\u00f8nt Kontor\",\"description\":\"Milj\u00f8venlige produkter til kontor og erhverv med fokus p\u00e5 b\u00e6redygtighed, design og fair trade.\",\"publisher\":{\"@id\":\"https:\/\/grontkontor.dk\/#organization\"},\"potentialAction\":[{\"@type\":\"SearchAction\",\"target\":{\"@type\":\"EntryPoint\",\"urlTemplate\":\"https:\/\/grontkontor.dk\/?s={search_term_string}\"},\"query-input\":\"required name=search_term_string\"}],\"inLanguage\":\"no-NO\"},{\"@type\":\"Organization\",\"@id\":\"https:\/\/grontkontor.dk\/#organization\",\"name\":\"Gr\u00f8nt Kontor\",\"url\":\"https:\/\/grontkontor.dk\/\",\"logo\":{\"@type\":\"ImageObject\",\"inLanguage\":\"no-NO\",\"@id\":\"https:\/\/grontkontor.dk\/#\/schema\/logo\/image\/\",\"url\":\"https:\/\/grontkontor.dk\/wp-content\/uploads\/2014\/02\/Logo_groent_kontor_300x80.png\",\"contentUrl\":\"https:\/\/grontkontor.dk\/wp-content\/uploads\/2014\/02\/Logo_groent_kontor_300x80.png\",\"width\":300,\"height\":80,\"caption\":\"Gr\u00f8nt Kontor\"},\"image\":{\"@id\":\"https:\/\/grontkontor.dk\/#\/schema\/logo\/image\/\"},\"sameAs\":[\"https:\/\/www.facebook.com\/grontkontor.dk\/\"]}]}<\/script>\n<!-- \/ Yoast SEO Premium plugin. -->","yoast_head_json":{"title":"Brevbrett i resirkulert plast - Gr\u00f8nt Kontor","robots":{"index":"index","follow":"follow","max-snippet":"max-snippet:-1","max-image-preview":"max-image-preview:large","max-video-preview":"max-video-preview:-1"},"canonical":"https:\/\/grontkontor.dk\/no\/shop\/brevskuff-resirkulert-plast-svart\/","og_locale":"en_US","og_type":"article","og_title":"Brevbrett i resirkulert plast","og_description":"Trendy og klimavennlig A4-brevbrett i resirkulert plast til dokumentene dine. Et klima- og milj\u00f8vennlig produkt perfekt for \u00e5 holde orden p\u00e5 dokumentene dine. Stables. Dimensjoner: LxBxH 338 x 257 x 65 mm. Blue Angel sertifisert. Laget i EU. Finnes ogs\u00e5 i gr\u00e5tt og bl\u00e5tt. Prisen gjelder for 1 stk. Resirkulert plast er \u2013 til tross [&hellip;]","og_url":"https:\/\/grontkontor.dk\/no\/shop\/brevskuff-resirkulert-plast-svart\/","og_site_name":"Gr\u00f8nt Kontor","article_publisher":"https:\/\/www.facebook.com\/grontkontor.dk\/","twitter_card":"summary_large_image","twitter_misc":{"Est. reading time":"1 minute"},"schema":{"@context":"https:\/\/schema.org","@graph":[{"@type":"WebPage","@id":"https:\/\/grontkontor.dk\/no\/shop\/brevskuff-resirkulert-plast-svart\/","url":"https:\/\/grontkontor.dk\/no\/shop\/brevskuff-resirkulert-plast-svart\/","name":"Brevbrett i resirkulert plast - Gr\u00f8nt Kontor","isPartOf":{"@id":"https:\/\/grontkontor.dk\/#website"},"datePublished":"2024-05-28T09:32:25+00:00","dateModified":"2024-05-28T09:32:25+00:00","breadcrumb":{"@id":"https:\/\/grontkontor.dk\/no\/shop\/brevskuff-resirkulert-plast-svart\/#breadcrumb"},"inLanguage":"no-NO","potentialAction":[{"@type":"ReadAction","target":["https:\/\/grontkontor.dk\/no\/shop\/brevskuff-resirkulert-plast-svart\/"]}]},{"@type":"BreadcrumbList","@id":"https:\/\/grontkontor.dk\/no\/shop\/brevskuff-resirkulert-plast-svart\/#breadcrumb","itemListElement":[{"@type":"ListItem","position":1,"name":"Forside","item":"https:\/\/grontkontor.dk\/"},{"@type":"ListItem","position":2,"name":"Butikk","item":"https:\/\/grontkontor.dk\/no\/butikk-2\/"},{"@type":"ListItem","position":3,"name":"Skrivebord utstyr","item":"https:\/\/grontkontor.dk\/no\/produkt-kategori\/skrivebord-utstyr\/"},{"@type":"ListItem","position":4,"name":"Brevskuffer","item":"https:\/\/grontkontor.dk\/no\/produkt-kategori\/skrivebord-utstyr\/brevskuffer\/"},{"@type":"ListItem","position":5,"name":"Brevbrett i resirkulert plast"}]},{"@type":"WebSite","@id":"https:\/\/grontkontor.dk\/#website","url":"https:\/\/grontkontor.dk\/","name":"Gr\u00f8nt Kontor","description":"Milj\u00f8venlige produkter til kontor og erhverv med fokus p\u00e5 b\u00e6redygtighed, design og fair trade.","publisher":{"@id":"https:\/\/grontkontor.dk\/#organization"},"potentialAction":[{"@type":"SearchAction","target":{"@type":"EntryPoint","urlTemplate":"https:\/\/grontkontor.dk\/?s={search_term_string}"},"query-input":"required name=search_term_string"}],"inLanguage":"no-NO"},{"@type":"Organization","@id":"https:\/\/grontkontor.dk\/#organization","name":"Gr\u00f8nt Kontor","url":"https:\/\/grontkontor.dk\/","logo":{"@type":"ImageObject","inLanguage":"no-NO","@id":"https:\/\/grontkontor.dk\/#\/schema\/logo\/image\/","url":"https:\/\/grontkontor.dk\/wp-content\/uploads\/2014\/02\/Logo_groent_kontor_300x80.png","contentUrl":"https:\/\/grontkontor.dk\/wp-content\/uploads\/2014\/02\/Logo_groent_kontor_300x80.png","width":300,"height":80,"caption":"Gr\u00f8nt Kontor"},"image":{"@id":"https:\/\/grontkontor.dk\/#\/schema\/logo\/image\/"},"sameAs":["https:\/\/www.facebook.com\/grontkontor.dk\/"]}]}},"_links":{"self":[{"href":"https:\/\/grontkontor.dk\/no\/wp-json\/wp\/v2\/product\/85932"}],"collection":[{"href":"https:\/\/grontkontor.dk\/no\/wp-json\/wp\/v2\/product"}],"about":[{"href":"https:\/\/grontkontor.dk\/no\/wp-json\/wp\/v2\/types\/product"}],"replies":[{"embeddable":true,"href":"https:\/\/grontkontor.dk\/no\/wp-json\/wp\/v2\/comments?post=85932"}],"wp:featuredmedia":[{"embeddable":true,"href":"https:\/\/grontkontor.dk\/no\/wp-json\/wp\/v2\/media\/52729"}],"wp:attachment":[{"href":"https:\/\/grontkontor.dk\/no\/wp-json\/wp\/v2\/media?parent=85932"}],"wp:term":[{"taxonomy":"product_cat","embeddable":true,"href":"https:\/\/grontkontor.dk\/no\/wp-json\/wp\/v2\/product_cat?post=85932"},{"taxonomy":"product_tag","embeddable":true,"href":"https:\/\/grontkontor.dk\/no\/wp-json\/wp\/v2\/product_tag?post=85932"}],"curies":[{"name":"wp","href":"https:\/\/api.w.org\/{rel}","templated":true}]}}