{"id":86119,"date":"2024-02-06T11:08:42","date_gmt":"2024-05-28T09:41:28","guid":{"rendered":"https:\/\/grontkontor.dk\/shop\/cotes-du-rhone-biographie-oeko\/"},"modified":"2024-05-28T11:41:28","modified_gmt":"2024-05-28T09:41:28","slug":"cotes-du-rhone-biographie-oeko","status":"publish","type":"product","link":"https:\/\/grontkontor.dk\/no\/shop\/cotes-du-rhone-biographie-oeko\/","title":{"rendered":"C\u00f4tes-du-Rh\u00f4ne &#8220;Biographie&#8221; ECO"},"content":{"rendered":"<p>C\u00f4tes-du-Rh\u00f4ne &#8220;Biographie&#8221; er en dyp rubinr\u00f8dvin med friske toner av r\u00f8de frukter og subtile urter. Smaken er kompleks med kj\u00f8lige bringeb\u00e6r og rips, samt m\u00f8rke toner av lakris og sjokolade. Den \u00f8kologiske vinen er ren og saftig uten trep\u00e5virkning, perfekt til gastronomiske retter som fj\u00e6rkre, lam og ost. 14% alkohol.<\/p>\n<p>Et milj\u00f8venligt valg til firma- og medarbejdergave.<\/p>\n<p>Min. 6 stk.<\/p>\n<p><img loading=\"lazy\" decoding=\"async\" class=\"size-medium wp-image-21008\" src=\"https:\/\/grontkontor.dk\/wp-content\/uploads\/2020\/11\/eu-flag_1-300x199.jpg\" alt=\"Fremstillet i EU\" width=\"76\" height=\"50\" srcset=\"https:\/\/grontkontor.dk\/wp-content\/uploads\/2020\/11\/eu-flag_1-300x199.jpg 300w, https:\/\/grontkontor.dk\/wp-content\/uploads\/2020\/11\/eu-flag_1.jpg 530w\" sizes=\"(max-width: 76px) 100vw, 76px\" \/> <img decoding=\"async\" class=\"size-medium wp-image-21008\" src=\"https:\/\/grontkontor.dk\/wp-content\/uploads\/2024\/01\/eu_organic_smll.jpg\" alt=\"Fremstillet i EU\" height=\"50\" \/><\/p>\n<p lang=\"da-DK\">\n","protected":false},"excerpt":{"rendered":"<p>C\u00f4tes-du-Rh\u00f4ne &#8220;Biographie&#8221; er en dyp rubinr\u00f8dvin med friske toner av r\u00f8de frukter og subtile urter. Smaken er kompleks med kj\u00f8lige bringeb\u00e6r og rips, samt m\u00f8rke toner av lakris og sjokolade. Den \u00f8kologiske vinen er ren og saftig uten trep\u00e5virkning, perfekt til gastronomiske retter som fj\u00e6rkre, lam og ost. 14% alkohol. Et milj\u00f8venligt valg til firma- [&hellip;]<\/p>\n","protected":false},"featured_media":80697,"comment_status":"closed","ping_status":"closed","template":"","meta":{"_acf_changed":false},"product_cat":[2659,2658,2660,2657,2656],"product_tag":[2661],"class_list":{"0":"post-86119","1":"product","2":"type-product","3":"status-publish","4":"has-post-thumbnail","6":"product_cat-drikkevarer-no","7":"product_cat-drikkevarer-oel-vin-og-vand-no","8":"product_cat-dummy_vin-no","9":"product_cat-nyheter","10":"product_cat-oekologiske-vine-no","11":"product_tag-roedvin-no","12":"tm-has-options","14":"first","15":"instock","16":"taxable","17":"shipping-taxable","18":"purchasable","19":"product-type-simple"},"acf":[],"yoast_head":"<!-- This site is optimized with the Yoast SEO Premium plugin v21.2 (Yoast SEO v21.2) - https:\/\/yoast.com\/wordpress\/plugins\/seo\/ -->\n<title>C\u00f4tes-du-Rh\u00f4ne &quot;Biographie&quot; ECO - Gr\u00f8nt Kontor<\/title>\n<meta name=\"robots\" content=\"index, follow, max-snippet:-1, max-image-preview:large, max-video-preview:-1\" \/>\n<link rel=\"canonical\" href=\"https:\/\/grontkontor.dk\/no\/shop\/cotes-du-rhone-biographie-oeko\/\" \/>\n<meta property=\"og:locale\" content=\"en_US\" \/>\n<meta property=\"og:type\" content=\"article\" \/>\n<meta property=\"og:title\" content=\"C\u00f4tes-du-Rh\u00f4ne &quot;Biographie&quot; ECO\" \/>\n<meta property=\"og:description\" content=\"C\u00f4tes-du-Rh\u00f4ne &#8220;Biographie&#8221; er en dyp rubinr\u00f8dvin med friske toner av r\u00f8de frukter og subtile urter. Smaken er kompleks med kj\u00f8lige bringeb\u00e6r og rips, samt m\u00f8rke toner av lakris og sjokolade. Den \u00f8kologiske vinen er ren og saftig uten trep\u00e5virkning, perfekt til gastronomiske retter som fj\u00e6rkre, lam og ost. 14% alkohol. Et milj\u00f8venligt valg til firma- [&hellip;]\" \/>\n<meta property=\"og:url\" content=\"https:\/\/grontkontor.dk\/no\/shop\/cotes-du-rhone-biographie-oeko\/\" \/>\n<meta property=\"og:site_name\" content=\"Gr\u00f8nt Kontor\" \/>\n<meta property=\"article:publisher\" content=\"https:\/\/www.facebook.com\/grontkontor.dk\/\" \/>\n<meta property=\"og:image\" content=\"https:\/\/grontkontor.dk\/wp-content\/uploads\/2024\/02\/Klimavenlig-oekologisk-roedvin-2.jpg\" \/>\n\t<meta property=\"og:image:width\" content=\"900\" \/>\n\t<meta property=\"og:image:height\" content=\"639\" \/>\n\t<meta property=\"og:image:type\" content=\"image\/jpeg\" \/>\n<meta name=\"twitter:card\" content=\"summary_large_image\" \/>\n<script type=\"application\/ld+json\" class=\"yoast-schema-graph\">{\"@context\":\"https:\/\/schema.org\",\"@graph\":[{\"@type\":\"WebPage\",\"@id\":\"https:\/\/grontkontor.dk\/no\/shop\/cotes-du-rhone-biographie-oeko\/\",\"url\":\"https:\/\/grontkontor.dk\/no\/shop\/cotes-du-rhone-biographie-oeko\/\",\"name\":\"C\u00f4tes-du-Rh\u00f4ne \\\"Biographie\\\" ECO - Gr\u00f8nt Kontor\",\"isPartOf\":{\"@id\":\"https:\/\/grontkontor.dk\/#website\"},\"datePublished\":\"2024-05-28T09:41:28+00:00\",\"dateModified\":\"2024-05-28T09:41:28+00:00\",\"breadcrumb\":{\"@id\":\"https:\/\/grontkontor.dk\/no\/shop\/cotes-du-rhone-biographie-oeko\/#breadcrumb\"},\"inLanguage\":\"no-NO\",\"potentialAction\":[{\"@type\":\"ReadAction\",\"target\":[\"https:\/\/grontkontor.dk\/no\/shop\/cotes-du-rhone-biographie-oeko\/\"]}]},{\"@type\":\"BreadcrumbList\",\"@id\":\"https:\/\/grontkontor.dk\/no\/shop\/cotes-du-rhone-biographie-oeko\/#breadcrumb\",\"itemListElement\":[{\"@type\":\"ListItem\",\"position\":1,\"name\":\"Forside\",\"item\":\"https:\/\/grontkontor.dk\/\"},{\"@type\":\"ListItem\",\"position\":2,\"name\":\"Butikk\",\"item\":\"https:\/\/grontkontor.dk\/no\/butikk-2\/\"},{\"@type\":\"ListItem\",\"position\":3,\"name\":\"C\u00f4tes-du-Rh\u00f4ne &#8220;Biographie&#8221; ECO\"}]},{\"@type\":\"WebSite\",\"@id\":\"https:\/\/grontkontor.dk\/#website\",\"url\":\"https:\/\/grontkontor.dk\/\",\"name\":\"Gr\u00f8nt Kontor\",\"description\":\"Milj\u00f8venlige produkter til kontor og erhverv med fokus p\u00e5 b\u00e6redygtighed, design og fair trade.\",\"publisher\":{\"@id\":\"https:\/\/grontkontor.dk\/#organization\"},\"potentialAction\":[{\"@type\":\"SearchAction\",\"target\":{\"@type\":\"EntryPoint\",\"urlTemplate\":\"https:\/\/grontkontor.dk\/?s={search_term_string}\"},\"query-input\":\"required name=search_term_string\"}],\"inLanguage\":\"no-NO\"},{\"@type\":\"Organization\",\"@id\":\"https:\/\/grontkontor.dk\/#organization\",\"name\":\"Gr\u00f8nt Kontor\",\"url\":\"https:\/\/grontkontor.dk\/\",\"logo\":{\"@type\":\"ImageObject\",\"inLanguage\":\"no-NO\",\"@id\":\"https:\/\/grontkontor.dk\/#\/schema\/logo\/image\/\",\"url\":\"https:\/\/grontkontor.dk\/wp-content\/uploads\/2014\/02\/Logo_groent_kontor_300x80.png\",\"contentUrl\":\"https:\/\/grontkontor.dk\/wp-content\/uploads\/2014\/02\/Logo_groent_kontor_300x80.png\",\"width\":300,\"height\":80,\"caption\":\"Gr\u00f8nt Kontor\"},\"image\":{\"@id\":\"https:\/\/grontkontor.dk\/#\/schema\/logo\/image\/\"},\"sameAs\":[\"https:\/\/www.facebook.com\/grontkontor.dk\/\"]}]}<\/script>\n<!-- \/ Yoast SEO Premium plugin. -->","yoast_head_json":{"title":"C\u00f4tes-du-Rh\u00f4ne \"Biographie\" ECO - Gr\u00f8nt Kontor","robots":{"index":"index","follow":"follow","max-snippet":"max-snippet:-1","max-image-preview":"max-image-preview:large","max-video-preview":"max-video-preview:-1"},"canonical":"https:\/\/grontkontor.dk\/no\/shop\/cotes-du-rhone-biographie-oeko\/","og_locale":"en_US","og_type":"article","og_title":"C\u00f4tes-du-Rh\u00f4ne \"Biographie\" ECO","og_description":"C\u00f4tes-du-Rh\u00f4ne &#8220;Biographie&#8221; er en dyp rubinr\u00f8dvin med friske toner av r\u00f8de frukter og subtile urter. Smaken er kompleks med kj\u00f8lige bringeb\u00e6r og rips, samt m\u00f8rke toner av lakris og sjokolade. Den \u00f8kologiske vinen er ren og saftig uten trep\u00e5virkning, perfekt til gastronomiske retter som fj\u00e6rkre, lam og ost. 14% alkohol. Et milj\u00f8venligt valg til firma- [&hellip;]","og_url":"https:\/\/grontkontor.dk\/no\/shop\/cotes-du-rhone-biographie-oeko\/","og_site_name":"Gr\u00f8nt Kontor","article_publisher":"https:\/\/www.facebook.com\/grontkontor.dk\/","og_image":[{"width":900,"height":639,"url":"https:\/\/grontkontor.dk\/wp-content\/uploads\/2024\/02\/Klimavenlig-oekologisk-roedvin-2.jpg","type":"image\/jpeg"}],"twitter_card":"summary_large_image","schema":{"@context":"https:\/\/schema.org","@graph":[{"@type":"WebPage","@id":"https:\/\/grontkontor.dk\/no\/shop\/cotes-du-rhone-biographie-oeko\/","url":"https:\/\/grontkontor.dk\/no\/shop\/cotes-du-rhone-biographie-oeko\/","name":"C\u00f4tes-du-Rh\u00f4ne \"Biographie\" ECO - Gr\u00f8nt Kontor","isPartOf":{"@id":"https:\/\/grontkontor.dk\/#website"},"datePublished":"2024-05-28T09:41:28+00:00","dateModified":"2024-05-28T09:41:28+00:00","breadcrumb":{"@id":"https:\/\/grontkontor.dk\/no\/shop\/cotes-du-rhone-biographie-oeko\/#breadcrumb"},"inLanguage":"no-NO","potentialAction":[{"@type":"ReadAction","target":["https:\/\/grontkontor.dk\/no\/shop\/cotes-du-rhone-biographie-oeko\/"]}]},{"@type":"BreadcrumbList","@id":"https:\/\/grontkontor.dk\/no\/shop\/cotes-du-rhone-biographie-oeko\/#breadcrumb","itemListElement":[{"@type":"ListItem","position":1,"name":"Forside","item":"https:\/\/grontkontor.dk\/"},{"@type":"ListItem","position":2,"name":"Butikk","item":"https:\/\/grontkontor.dk\/no\/butikk-2\/"},{"@type":"ListItem","position":3,"name":"C\u00f4tes-du-Rh\u00f4ne &#8220;Biographie&#8221; ECO"}]},{"@type":"WebSite","@id":"https:\/\/grontkontor.dk\/#website","url":"https:\/\/grontkontor.dk\/","name":"Gr\u00f8nt Kontor","description":"Milj\u00f8venlige produkter til kontor og erhverv med fokus p\u00e5 b\u00e6redygtighed, design og fair trade.","publisher":{"@id":"https:\/\/grontkontor.dk\/#organization"},"potentialAction":[{"@type":"SearchAction","target":{"@type":"EntryPoint","urlTemplate":"https:\/\/grontkontor.dk\/?s={search_term_string}"},"query-input":"required name=search_term_string"}],"inLanguage":"no-NO"},{"@type":"Organization","@id":"https:\/\/grontkontor.dk\/#organization","name":"Gr\u00f8nt Kontor","url":"https:\/\/grontkontor.dk\/","logo":{"@type":"ImageObject","inLanguage":"no-NO","@id":"https:\/\/grontkontor.dk\/#\/schema\/logo\/image\/","url":"https:\/\/grontkontor.dk\/wp-content\/uploads\/2014\/02\/Logo_groent_kontor_300x80.png","contentUrl":"https:\/\/grontkontor.dk\/wp-content\/uploads\/2014\/02\/Logo_groent_kontor_300x80.png","width":300,"height":80,"caption":"Gr\u00f8nt Kontor"},"image":{"@id":"https:\/\/grontkontor.dk\/#\/schema\/logo\/image\/"},"sameAs":["https:\/\/www.facebook.com\/grontkontor.dk\/"]}]}},"_links":{"self":[{"href":"https:\/\/grontkontor.dk\/no\/wp-json\/wp\/v2\/product\/86119"}],"collection":[{"href":"https:\/\/grontkontor.dk\/no\/wp-json\/wp\/v2\/product"}],"about":[{"href":"https:\/\/grontkontor.dk\/no\/wp-json\/wp\/v2\/types\/product"}],"replies":[{"embeddable":true,"href":"https:\/\/grontkontor.dk\/no\/wp-json\/wp\/v2\/comments?post=86119"}],"wp:featuredmedia":[{"embeddable":true,"href":"https:\/\/grontkontor.dk\/no\/wp-json\/wp\/v2\/media\/80697"}],"wp:attachment":[{"href":"https:\/\/grontkontor.dk\/no\/wp-json\/wp\/v2\/media?parent=86119"}],"wp:term":[{"taxonomy":"product_cat","embeddable":true,"href":"https:\/\/grontkontor.dk\/no\/wp-json\/wp\/v2\/product_cat?post=86119"},{"taxonomy":"product_tag","embeddable":true,"href":"https:\/\/grontkontor.dk\/no\/wp-json\/wp\/v2\/product_tag?post=86119"}],"curies":[{"name":"wp","href":"https:\/\/api.w.org\/{rel}","templated":true}]}}