{"id":86476,"date":"2023-10-17T13:08:10","date_gmt":"2024-05-28T09:46:44","guid":{"rendered":"https:\/\/grontkontor.dk\/shop\/penn-med-evigheten-blyant-og-beroringspenn\/"},"modified":"2024-06-18T11:04:24","modified_gmt":"2024-06-18T09:04:24","slug":"penn-med-evigheten-blyant-og-beroringspenn","status":"publish","type":"product","link":"https:\/\/grontkontor.dk\/no\/shop\/penn-med-evigheten-blyant-og-beroringspenn\/","title":{"rendered":"Kulepenn med evigvarende blyant og ber\u00f8ringspenn"},"content":{"rendered":"<p>Milj\u00f8vennlig og multifunksjonell penn med ber\u00f8ringspenn, evigvarende penn og viskel\u00e6r. Den evigvarende pennen har en praktisk talt uendelig levetid, slik at du ikke trenger \u00e5 bytte penn om og om igjen, og pennen kan erstattes med parker-type p\u00e5fyll. Et klimavennlig valg for kontoret, som et utdelingsark for messer, arrangementer eller konferanser. Leveres i individuelt pakket bomullspose. Tilgjengelig med logotrykk eller gravering.<\/p>\n<p>&nbsp;<\/p>\n<p>[bambus]<\/p>\n","protected":false},"excerpt":{"rendered":"<p>Milj\u00f8vennlig og multifunksjonell penn med ber\u00f8ringspenn, evigvarende penn og viskel\u00e6r. Den evigvarende pennen har en praktisk talt uendelig levetid, slik at du ikke trenger \u00e5 bytte penn om og om igjen, og pennen kan erstattes med parker-type p\u00e5fyll. Et klimavennlig valg for kontoret, som et utdelingsark for messer, arrangementer eller konferanser. Leveres i individuelt pakket [&hellip;]<\/p>\n","protected":false},"featured_media":78651,"comment_status":"closed","ping_status":"closed","template":"","meta":{"_acf_changed":false},"product_cat":[3199,2657,3300,4394,3299],"product_tag":[3665,3302],"class_list":{"0":"post-86476","1":"product","2":"type-product","3":"status-publish","4":"has-post-thumbnail","6":"product_cat-dummy-moq-1-no","7":"product_cat-nyheter","8":"product_cat-penner","9":"product_cat-penner-og-blyanter","10":"product_cat-skrive-og-pekeutstyr","11":"product_tag-beroeringspenn","12":"product_tag-kulepenn","13":"tm-has-options","15":"first","16":"instock","17":"taxable","18":"shipping-taxable","19":"purchasable","20":"product-type-simple"},"acf":[],"yoast_head":"<!-- This site is optimized with the Yoast SEO Premium plugin v21.2 (Yoast SEO v21.2) - https:\/\/yoast.com\/wordpress\/plugins\/seo\/ -->\n<title>Kulepenn med evigvarende blyant og ber\u00f8ringspenn - Gr\u00f8nt Kontor<\/title>\n<meta name=\"robots\" content=\"index, follow, max-snippet:-1, max-image-preview:large, max-video-preview:-1\" \/>\n<link rel=\"canonical\" href=\"https:\/\/grontkontor.dk\/shop\/kuglepen-med-evighedsblyant-og-touchpen\/\" \/>\n<meta property=\"og:locale\" content=\"en_US\" \/>\n<meta property=\"og:type\" content=\"article\" \/>\n<meta property=\"og:title\" content=\"Kulepenn med evigvarende blyant og ber\u00f8ringspenn\" \/>\n<meta property=\"og:description\" content=\"Milj\u00f8vennlig og multifunksjonell penn med ber\u00f8ringspenn, evigvarende penn og viskel\u00e6r. Den evigvarende pennen har en praktisk talt uendelig levetid, slik at du ikke trenger \u00e5 bytte penn om og om igjen, og pennen kan erstattes med parker-type p\u00e5fyll. Et klimavennlig valg for kontoret, som et utdelingsark for messer, arrangementer eller konferanser. Leveres i individuelt pakket [&hellip;]\" \/>\n<meta property=\"og:url\" content=\"https:\/\/grontkontor.dk\/shop\/kuglepen-med-evighedsblyant-og-touchpen\/\" \/>\n<meta property=\"og:site_name\" content=\"Gr\u00f8nt Kontor\" \/>\n<meta property=\"article:publisher\" content=\"https:\/\/www.facebook.com\/grontkontor.dk\/\" \/>\n<meta property=\"article:modified_time\" content=\"2024-06-18T09:04:24+00:00\" \/>\n<meta property=\"og:image\" content=\"https:\/\/grontkontor.dk\/wp-content\/uploads\/2023\/10\/Miljoevenlig-bambus-kuglepen-med-evighedspen-og-touchpen.jpg\" \/>\n\t<meta property=\"og:image:width\" content=\"900\" \/>\n\t<meta property=\"og:image:height\" content=\"639\" \/>\n\t<meta property=\"og:image:type\" content=\"image\/jpeg\" \/>\n<meta name=\"twitter:card\" content=\"summary_large_image\" \/>\n<script type=\"application\/ld+json\" class=\"yoast-schema-graph\">{\"@context\":\"https:\/\/schema.org\",\"@graph\":[{\"@type\":\"WebPage\",\"@id\":\"https:\/\/grontkontor.dk\/shop\/kuglepen-med-evighedsblyant-og-touchpen\/\",\"url\":\"https:\/\/grontkontor.dk\/shop\/kuglepen-med-evighedsblyant-og-touchpen\/\",\"name\":\"Kulepenn med evigvarende blyant og ber\u00f8ringspenn - Gr\u00f8nt Kontor\",\"isPartOf\":{\"@id\":\"https:\/\/grontkontor.dk\/#website\"},\"datePublished\":\"2024-05-28T09:46:44+00:00\",\"dateModified\":\"2024-06-18T09:04:24+00:00\",\"breadcrumb\":{\"@id\":\"https:\/\/grontkontor.dk\/shop\/kuglepen-med-evighedsblyant-og-touchpen\/#breadcrumb\"},\"inLanguage\":\"no-NO\",\"potentialAction\":[{\"@type\":\"ReadAction\",\"target\":[\"https:\/\/grontkontor.dk\/shop\/kuglepen-med-evighedsblyant-og-touchpen\/\"]}]},{\"@type\":\"BreadcrumbList\",\"@id\":\"https:\/\/grontkontor.dk\/shop\/kuglepen-med-evighedsblyant-og-touchpen\/#breadcrumb\",\"itemListElement\":[{\"@type\":\"ListItem\",\"position\":1,\"name\":\"Forside\",\"item\":\"https:\/\/grontkontor.dk\/\"},{\"@type\":\"ListItem\",\"position\":2,\"name\":\"Butikk\",\"item\":\"https:\/\/grontkontor.dk\/no\/butikk-2\/\"},{\"@type\":\"ListItem\",\"position\":3,\"name\":\"Skrive- og pekeutstyr\",\"item\":\"https:\/\/grontkontor.dk\/no\/produkt-kategori\/skrive-og-pekeutstyr\/\"},{\"@type\":\"ListItem\",\"position\":4,\"name\":\"Penner\",\"item\":\"https:\/\/grontkontor.dk\/no\/produkt-kategori\/skrive-og-pekeutstyr\/penner\/\"},{\"@type\":\"ListItem\",\"position\":5,\"name\":\"Kulepenn med evigvarende blyant og ber\u00f8ringspenn\"}]},{\"@type\":\"WebSite\",\"@id\":\"https:\/\/grontkontor.dk\/#website\",\"url\":\"https:\/\/grontkontor.dk\/\",\"name\":\"Gr\u00f8nt Kontor\",\"description\":\"Milj\u00f8venlige produkter til kontor og erhverv med fokus p\u00e5 b\u00e6redygtighed, design og fair trade.\",\"publisher\":{\"@id\":\"https:\/\/grontkontor.dk\/#organization\"},\"potentialAction\":[{\"@type\":\"SearchAction\",\"target\":{\"@type\":\"EntryPoint\",\"urlTemplate\":\"https:\/\/grontkontor.dk\/?s={search_term_string}\"},\"query-input\":\"required name=search_term_string\"}],\"inLanguage\":\"no-NO\"},{\"@type\":\"Organization\",\"@id\":\"https:\/\/grontkontor.dk\/#organization\",\"name\":\"Gr\u00f8nt Kontor\",\"url\":\"https:\/\/grontkontor.dk\/\",\"logo\":{\"@type\":\"ImageObject\",\"inLanguage\":\"no-NO\",\"@id\":\"https:\/\/grontkontor.dk\/#\/schema\/logo\/image\/\",\"url\":\"https:\/\/grontkontor.dk\/wp-content\/uploads\/2014\/02\/Logo_groent_kontor_300x80.png\",\"contentUrl\":\"https:\/\/grontkontor.dk\/wp-content\/uploads\/2014\/02\/Logo_groent_kontor_300x80.png\",\"width\":300,\"height\":80,\"caption\":\"Gr\u00f8nt Kontor\"},\"image\":{\"@id\":\"https:\/\/grontkontor.dk\/#\/schema\/logo\/image\/\"},\"sameAs\":[\"https:\/\/www.facebook.com\/grontkontor.dk\/\"]}]}<\/script>\n<!-- \/ Yoast SEO Premium plugin. -->","yoast_head_json":{"title":"Kulepenn med evigvarende blyant og ber\u00f8ringspenn - Gr\u00f8nt Kontor","robots":{"index":"index","follow":"follow","max-snippet":"max-snippet:-1","max-image-preview":"max-image-preview:large","max-video-preview":"max-video-preview:-1"},"canonical":"https:\/\/grontkontor.dk\/shop\/kuglepen-med-evighedsblyant-og-touchpen\/","og_locale":"en_US","og_type":"article","og_title":"Kulepenn med evigvarende blyant og ber\u00f8ringspenn","og_description":"Milj\u00f8vennlig og multifunksjonell penn med ber\u00f8ringspenn, evigvarende penn og viskel\u00e6r. Den evigvarende pennen har en praktisk talt uendelig levetid, slik at du ikke trenger \u00e5 bytte penn om og om igjen, og pennen kan erstattes med parker-type p\u00e5fyll. Et klimavennlig valg for kontoret, som et utdelingsark for messer, arrangementer eller konferanser. Leveres i individuelt pakket [&hellip;]","og_url":"https:\/\/grontkontor.dk\/shop\/kuglepen-med-evighedsblyant-og-touchpen\/","og_site_name":"Gr\u00f8nt Kontor","article_publisher":"https:\/\/www.facebook.com\/grontkontor.dk\/","article_modified_time":"2024-06-18T09:04:24+00:00","og_image":[{"width":900,"height":639,"url":"https:\/\/grontkontor.dk\/wp-content\/uploads\/2023\/10\/Miljoevenlig-bambus-kuglepen-med-evighedspen-og-touchpen.jpg","type":"image\/jpeg"}],"twitter_card":"summary_large_image","schema":{"@context":"https:\/\/schema.org","@graph":[{"@type":"WebPage","@id":"https:\/\/grontkontor.dk\/shop\/kuglepen-med-evighedsblyant-og-touchpen\/","url":"https:\/\/grontkontor.dk\/shop\/kuglepen-med-evighedsblyant-og-touchpen\/","name":"Kulepenn med evigvarende blyant og ber\u00f8ringspenn - Gr\u00f8nt Kontor","isPartOf":{"@id":"https:\/\/grontkontor.dk\/#website"},"datePublished":"2024-05-28T09:46:44+00:00","dateModified":"2024-06-18T09:04:24+00:00","breadcrumb":{"@id":"https:\/\/grontkontor.dk\/shop\/kuglepen-med-evighedsblyant-og-touchpen\/#breadcrumb"},"inLanguage":"no-NO","potentialAction":[{"@type":"ReadAction","target":["https:\/\/grontkontor.dk\/shop\/kuglepen-med-evighedsblyant-og-touchpen\/"]}]},{"@type":"BreadcrumbList","@id":"https:\/\/grontkontor.dk\/shop\/kuglepen-med-evighedsblyant-og-touchpen\/#breadcrumb","itemListElement":[{"@type":"ListItem","position":1,"name":"Forside","item":"https:\/\/grontkontor.dk\/"},{"@type":"ListItem","position":2,"name":"Butikk","item":"https:\/\/grontkontor.dk\/no\/butikk-2\/"},{"@type":"ListItem","position":3,"name":"Skrive- og pekeutstyr","item":"https:\/\/grontkontor.dk\/no\/produkt-kategori\/skrive-og-pekeutstyr\/"},{"@type":"ListItem","position":4,"name":"Penner","item":"https:\/\/grontkontor.dk\/no\/produkt-kategori\/skrive-og-pekeutstyr\/penner\/"},{"@type":"ListItem","position":5,"name":"Kulepenn med evigvarende blyant og ber\u00f8ringspenn"}]},{"@type":"WebSite","@id":"https:\/\/grontkontor.dk\/#website","url":"https:\/\/grontkontor.dk\/","name":"Gr\u00f8nt Kontor","description":"Milj\u00f8venlige produkter til kontor og erhverv med fokus p\u00e5 b\u00e6redygtighed, design og fair trade.","publisher":{"@id":"https:\/\/grontkontor.dk\/#organization"},"potentialAction":[{"@type":"SearchAction","target":{"@type":"EntryPoint","urlTemplate":"https:\/\/grontkontor.dk\/?s={search_term_string}"},"query-input":"required name=search_term_string"}],"inLanguage":"no-NO"},{"@type":"Organization","@id":"https:\/\/grontkontor.dk\/#organization","name":"Gr\u00f8nt Kontor","url":"https:\/\/grontkontor.dk\/","logo":{"@type":"ImageObject","inLanguage":"no-NO","@id":"https:\/\/grontkontor.dk\/#\/schema\/logo\/image\/","url":"https:\/\/grontkontor.dk\/wp-content\/uploads\/2014\/02\/Logo_groent_kontor_300x80.png","contentUrl":"https:\/\/grontkontor.dk\/wp-content\/uploads\/2014\/02\/Logo_groent_kontor_300x80.png","width":300,"height":80,"caption":"Gr\u00f8nt Kontor"},"image":{"@id":"https:\/\/grontkontor.dk\/#\/schema\/logo\/image\/"},"sameAs":["https:\/\/www.facebook.com\/grontkontor.dk\/"]}]}},"_links":{"self":[{"href":"https:\/\/grontkontor.dk\/no\/wp-json\/wp\/v2\/product\/86476"}],"collection":[{"href":"https:\/\/grontkontor.dk\/no\/wp-json\/wp\/v2\/product"}],"about":[{"href":"https:\/\/grontkontor.dk\/no\/wp-json\/wp\/v2\/types\/product"}],"replies":[{"embeddable":true,"href":"https:\/\/grontkontor.dk\/no\/wp-json\/wp\/v2\/comments?post=86476"}],"wp:featuredmedia":[{"embeddable":true,"href":"https:\/\/grontkontor.dk\/no\/wp-json\/wp\/v2\/media\/78651"}],"wp:attachment":[{"href":"https:\/\/grontkontor.dk\/no\/wp-json\/wp\/v2\/media?parent=86476"}],"wp:term":[{"taxonomy":"product_cat","embeddable":true,"href":"https:\/\/grontkontor.dk\/no\/wp-json\/wp\/v2\/product_cat?post=86476"},{"taxonomy":"product_tag","embeddable":true,"href":"https:\/\/grontkontor.dk\/no\/wp-json\/wp\/v2\/product_tag?post=86476"}],"curies":[{"name":"wp","href":"https:\/\/api.w.org\/{rel}","templated":true}]}}