{"id":86511,"date":"2023-11-06T09:53:51","date_gmt":"2024-05-28T09:46:45","guid":{"rendered":"https:\/\/grontkontor.dk\/shop\/hendelse-krus-gjenbrukbar-500ml\/"},"modified":"2024-06-18T10:43:56","modified_gmt":"2024-06-18T08:43:56","slug":"hendelse-krus-gjenbrukbar-500ml","status":"publish","type":"product","link":"https:\/\/grontkontor.dk\/no\/shop\/hendelse-krus-gjenbrukbar-500ml\/","title":{"rendered":"Event krus gjenbrukbare 500ml"},"content":{"rendered":"<p>Festivalkrus i plast som kan vaskes og brukes igjen. Kruset er ikke laget av resirkulert plast, men i de fleste tilfeller et mer b\u00e6rekraftig alternativ til engangskopper. For enkeltarrangementer anbefaler vi imidlertid v\u00e5re <a href=\".. \/produkt\/plastfri-papir-kopp-logoprint-47-cl\/\">plastfrie engangskopper for varm drikke<\/a> (3 st\u00f8rrelser) eller <a href=\".. \/produkt\/plastfri-papp-skorpe-med-logo-print-47cl\/\">plastfrie engangskopper for kalde drikker<\/a> (3 st\u00f8rrelser) Leveres i 3 forskjellige farger uten logotrykk. Kruset er [food-c] ogs\u00e5 gjenbrukbart. T\u00e5ler oppvaskmaskin.<\/p>\n","protected":false},"excerpt":{"rendered":"<p>Festivalkrus i plast som kan vaskes og brukes igjen. Kruset er ikke laget av resirkulert plast, men i de fleste tilfeller et mer b\u00e6rekraftig alternativ til engangskopper. For enkeltarrangementer anbefaler vi imidlertid v\u00e5re plastfrie engangskopper for varm drikke (3 st\u00f8rrelser) eller plastfrie engangskopper for kalde drikker (3 st\u00f8rrelser) Leveres i 3 forskjellige farger uten logotrykk. [&hellip;]<\/p>\n","protected":false},"featured_media":79136,"comment_status":"closed","ping_status":"closed","template":"","meta":{"_acf_changed":false},"product_cat":[3541,3666,3312,3223,2657],"product_tag":[3668,3314,4771],"class_list":{"0":"post-86511","1":"product","2":"type-product","3":"status-publish","4":"has-post-thumbnail","6":"product_cat-dummy-moq-50-100-no","7":"product_cat-krus-og-kopper-til-messen-no","8":"product_cat-krus-kopper-etc","9":"product_cat-messe-og-arrangement","10":"product_cat-nyheter","11":"product_tag-festival-krus","12":"product_tag-krus-no","13":"product_tag-rot-krus","14":"pa_farve-gjennomsiktig","15":"pa_farve-hvit","16":"pa_farve-svart","17":"tm-has-options","19":"first","20":"instock","21":"taxable","22":"shipping-taxable","23":"purchasable","24":"product-type-variable","25":"has-default-attributes"},"acf":[],"yoast_head":"<!-- This site is optimized with the Yoast SEO Premium plugin v21.2 (Yoast SEO v21.2) - https:\/\/yoast.com\/wordpress\/plugins\/seo\/ -->\n<title>Event krus gjenbrukbare 500ml - Gr\u00f8nt Kontor<\/title>\n<meta name=\"robots\" content=\"index, follow, max-snippet:-1, max-image-preview:large, max-video-preview:-1\" \/>\n<link rel=\"canonical\" href=\"https:\/\/grontkontor.dk\/no\/shop\/hendelse-krus-gjenbrukbar-500ml\/\" \/>\n<meta property=\"og:locale\" content=\"en_US\" \/>\n<meta property=\"og:type\" content=\"article\" \/>\n<meta property=\"og:title\" content=\"Event krus gjenbrukbare 500ml\" \/>\n<meta property=\"og:description\" content=\"Festivalkrus i plast som kan vaskes og brukes igjen. Kruset er ikke laget av resirkulert plast, men i de fleste tilfeller et mer b\u00e6rekraftig alternativ til engangskopper. For enkeltarrangementer anbefaler vi imidlertid v\u00e5re plastfrie engangskopper for varm drikke (3 st\u00f8rrelser) eller plastfrie engangskopper for kalde drikker (3 st\u00f8rrelser) Leveres i 3 forskjellige farger uten logotrykk. [&hellip;]\" \/>\n<meta property=\"og:url\" content=\"https:\/\/grontkontor.dk\/no\/shop\/hendelse-krus-gjenbrukbar-500ml\/\" \/>\n<meta property=\"og:site_name\" content=\"Gr\u00f8nt Kontor\" \/>\n<meta property=\"article:publisher\" content=\"https:\/\/www.facebook.com\/grontkontor.dk\/\" \/>\n<meta property=\"article:modified_time\" content=\"2024-06-18T08:43:56+00:00\" \/>\n<meta property=\"og:image\" content=\"https:\/\/grontkontor.dk\/wp-content\/uploads\/2023\/11\/Festivalkrus-500ml-genanvendeligt-gennemsigtig.jpg\" \/>\n\t<meta property=\"og:image:width\" content=\"900\" \/>\n\t<meta property=\"og:image:height\" content=\"639\" \/>\n\t<meta property=\"og:image:type\" content=\"image\/jpeg\" \/>\n<meta name=\"twitter:card\" content=\"summary_large_image\" \/>\n<script type=\"application\/ld+json\" class=\"yoast-schema-graph\">{\"@context\":\"https:\/\/schema.org\",\"@graph\":[{\"@type\":\"WebPage\",\"@id\":\"https:\/\/grontkontor.dk\/no\/shop\/hendelse-krus-gjenbrukbar-500ml\/\",\"url\":\"https:\/\/grontkontor.dk\/no\/shop\/hendelse-krus-gjenbrukbar-500ml\/\",\"name\":\"Event krus gjenbrukbare 500ml - Gr\u00f8nt Kontor\",\"isPartOf\":{\"@id\":\"https:\/\/grontkontor.dk\/#website\"},\"datePublished\":\"2024-05-28T09:46:45+00:00\",\"dateModified\":\"2024-06-18T08:43:56+00:00\",\"breadcrumb\":{\"@id\":\"https:\/\/grontkontor.dk\/no\/shop\/hendelse-krus-gjenbrukbar-500ml\/#breadcrumb\"},\"inLanguage\":\"no-NO\",\"potentialAction\":[{\"@type\":\"ReadAction\",\"target\":[\"https:\/\/grontkontor.dk\/no\/shop\/hendelse-krus-gjenbrukbar-500ml\/\"]}]},{\"@type\":\"BreadcrumbList\",\"@id\":\"https:\/\/grontkontor.dk\/no\/shop\/hendelse-krus-gjenbrukbar-500ml\/#breadcrumb\",\"itemListElement\":[{\"@type\":\"ListItem\",\"position\":1,\"name\":\"Forside\",\"item\":\"https:\/\/grontkontor.dk\/\"},{\"@type\":\"ListItem\",\"position\":2,\"name\":\"Butikk\",\"item\":\"https:\/\/grontkontor.dk\/no\/butikk-2\/\"},{\"@type\":\"ListItem\",\"position\":3,\"name\":\"Mad og drikke\",\"item\":\"https:\/\/grontkontor.dk\/produkt-kategori\/mad-og-drikke\/\"},{\"@type\":\"ListItem\",\"position\":4,\"name\":\"Krus, kopper mm.\",\"item\":\"https:\/\/grontkontor.dk\/produkt-kategori\/mad-og-drikke\/to-go-krus-og-kopper\/\"},{\"@type\":\"ListItem\",\"position\":5,\"name\":\"Event krus gjenbrukbare 500ml\"}]},{\"@type\":\"WebSite\",\"@id\":\"https:\/\/grontkontor.dk\/#website\",\"url\":\"https:\/\/grontkontor.dk\/\",\"name\":\"Gr\u00f8nt Kontor\",\"description\":\"Milj\u00f8venlige produkter til kontor og erhverv med fokus p\u00e5 b\u00e6redygtighed, design og fair trade.\",\"publisher\":{\"@id\":\"https:\/\/grontkontor.dk\/#organization\"},\"potentialAction\":[{\"@type\":\"SearchAction\",\"target\":{\"@type\":\"EntryPoint\",\"urlTemplate\":\"https:\/\/grontkontor.dk\/?s={search_term_string}\"},\"query-input\":\"required name=search_term_string\"}],\"inLanguage\":\"no-NO\"},{\"@type\":\"Organization\",\"@id\":\"https:\/\/grontkontor.dk\/#organization\",\"name\":\"Gr\u00f8nt Kontor\",\"url\":\"https:\/\/grontkontor.dk\/\",\"logo\":{\"@type\":\"ImageObject\",\"inLanguage\":\"no-NO\",\"@id\":\"https:\/\/grontkontor.dk\/#\/schema\/logo\/image\/\",\"url\":\"https:\/\/grontkontor.dk\/wp-content\/uploads\/2014\/02\/Logo_groent_kontor_300x80.png\",\"contentUrl\":\"https:\/\/grontkontor.dk\/wp-content\/uploads\/2014\/02\/Logo_groent_kontor_300x80.png\",\"width\":300,\"height\":80,\"caption\":\"Gr\u00f8nt Kontor\"},\"image\":{\"@id\":\"https:\/\/grontkontor.dk\/#\/schema\/logo\/image\/\"},\"sameAs\":[\"https:\/\/www.facebook.com\/grontkontor.dk\/\"]}]}<\/script>\n<!-- \/ Yoast SEO Premium plugin. -->","yoast_head_json":{"title":"Event krus gjenbrukbare 500ml - Gr\u00f8nt Kontor","robots":{"index":"index","follow":"follow","max-snippet":"max-snippet:-1","max-image-preview":"max-image-preview:large","max-video-preview":"max-video-preview:-1"},"canonical":"https:\/\/grontkontor.dk\/no\/shop\/hendelse-krus-gjenbrukbar-500ml\/","og_locale":"en_US","og_type":"article","og_title":"Event krus gjenbrukbare 500ml","og_description":"Festivalkrus i plast som kan vaskes og brukes igjen. Kruset er ikke laget av resirkulert plast, men i de fleste tilfeller et mer b\u00e6rekraftig alternativ til engangskopper. For enkeltarrangementer anbefaler vi imidlertid v\u00e5re plastfrie engangskopper for varm drikke (3 st\u00f8rrelser) eller plastfrie engangskopper for kalde drikker (3 st\u00f8rrelser) Leveres i 3 forskjellige farger uten logotrykk. [&hellip;]","og_url":"https:\/\/grontkontor.dk\/no\/shop\/hendelse-krus-gjenbrukbar-500ml\/","og_site_name":"Gr\u00f8nt Kontor","article_publisher":"https:\/\/www.facebook.com\/grontkontor.dk\/","article_modified_time":"2024-06-18T08:43:56+00:00","og_image":[{"width":900,"height":639,"url":"https:\/\/grontkontor.dk\/wp-content\/uploads\/2023\/11\/Festivalkrus-500ml-genanvendeligt-gennemsigtig.jpg","type":"image\/jpeg"}],"twitter_card":"summary_large_image","schema":{"@context":"https:\/\/schema.org","@graph":[{"@type":"WebPage","@id":"https:\/\/grontkontor.dk\/no\/shop\/hendelse-krus-gjenbrukbar-500ml\/","url":"https:\/\/grontkontor.dk\/no\/shop\/hendelse-krus-gjenbrukbar-500ml\/","name":"Event krus gjenbrukbare 500ml - Gr\u00f8nt Kontor","isPartOf":{"@id":"https:\/\/grontkontor.dk\/#website"},"datePublished":"2024-05-28T09:46:45+00:00","dateModified":"2024-06-18T08:43:56+00:00","breadcrumb":{"@id":"https:\/\/grontkontor.dk\/no\/shop\/hendelse-krus-gjenbrukbar-500ml\/#breadcrumb"},"inLanguage":"no-NO","potentialAction":[{"@type":"ReadAction","target":["https:\/\/grontkontor.dk\/no\/shop\/hendelse-krus-gjenbrukbar-500ml\/"]}]},{"@type":"BreadcrumbList","@id":"https:\/\/grontkontor.dk\/no\/shop\/hendelse-krus-gjenbrukbar-500ml\/#breadcrumb","itemListElement":[{"@type":"ListItem","position":1,"name":"Forside","item":"https:\/\/grontkontor.dk\/"},{"@type":"ListItem","position":2,"name":"Butikk","item":"https:\/\/grontkontor.dk\/no\/butikk-2\/"},{"@type":"ListItem","position":3,"name":"Mad og drikke","item":"https:\/\/grontkontor.dk\/produkt-kategori\/mad-og-drikke\/"},{"@type":"ListItem","position":4,"name":"Krus, kopper mm.","item":"https:\/\/grontkontor.dk\/produkt-kategori\/mad-og-drikke\/to-go-krus-og-kopper\/"},{"@type":"ListItem","position":5,"name":"Event krus gjenbrukbare 500ml"}]},{"@type":"WebSite","@id":"https:\/\/grontkontor.dk\/#website","url":"https:\/\/grontkontor.dk\/","name":"Gr\u00f8nt Kontor","description":"Milj\u00f8venlige produkter til kontor og erhverv med fokus p\u00e5 b\u00e6redygtighed, design og fair trade.","publisher":{"@id":"https:\/\/grontkontor.dk\/#organization"},"potentialAction":[{"@type":"SearchAction","target":{"@type":"EntryPoint","urlTemplate":"https:\/\/grontkontor.dk\/?s={search_term_string}"},"query-input":"required name=search_term_string"}],"inLanguage":"no-NO"},{"@type":"Organization","@id":"https:\/\/grontkontor.dk\/#organization","name":"Gr\u00f8nt Kontor","url":"https:\/\/grontkontor.dk\/","logo":{"@type":"ImageObject","inLanguage":"no-NO","@id":"https:\/\/grontkontor.dk\/#\/schema\/logo\/image\/","url":"https:\/\/grontkontor.dk\/wp-content\/uploads\/2014\/02\/Logo_groent_kontor_300x80.png","contentUrl":"https:\/\/grontkontor.dk\/wp-content\/uploads\/2014\/02\/Logo_groent_kontor_300x80.png","width":300,"height":80,"caption":"Gr\u00f8nt Kontor"},"image":{"@id":"https:\/\/grontkontor.dk\/#\/schema\/logo\/image\/"},"sameAs":["https:\/\/www.facebook.com\/grontkontor.dk\/"]}]}},"_links":{"self":[{"href":"https:\/\/grontkontor.dk\/no\/wp-json\/wp\/v2\/product\/86511"}],"collection":[{"href":"https:\/\/grontkontor.dk\/no\/wp-json\/wp\/v2\/product"}],"about":[{"href":"https:\/\/grontkontor.dk\/no\/wp-json\/wp\/v2\/types\/product"}],"replies":[{"embeddable":true,"href":"https:\/\/grontkontor.dk\/no\/wp-json\/wp\/v2\/comments?post=86511"}],"wp:featuredmedia":[{"embeddable":true,"href":"https:\/\/grontkontor.dk\/no\/wp-json\/wp\/v2\/media\/79136"}],"wp:attachment":[{"href":"https:\/\/grontkontor.dk\/no\/wp-json\/wp\/v2\/media?parent=86511"}],"wp:term":[{"taxonomy":"product_cat","embeddable":true,"href":"https:\/\/grontkontor.dk\/no\/wp-json\/wp\/v2\/product_cat?post=86511"},{"taxonomy":"product_tag","embeddable":true,"href":"https:\/\/grontkontor.dk\/no\/wp-json\/wp\/v2\/product_tag?post=86511"}],"curies":[{"name":"wp","href":"https:\/\/api.w.org\/{rel}","templated":true}]}}