{"id":86585,"date":"2023-09-30T10:02:26","date_gmt":"2024-05-28T09:47:35","guid":{"rendered":"https:\/\/grontkontor.dk\/shop\/plastfri-papir-kopp-logo-utskrift-24cl\/"},"modified":"2024-06-04T10:23:51","modified_gmt":"2024-06-04T08:23:51","slug":"plastfri-papir-kopp-logo-utskrift-24cl","status":"publish","type":"product","link":"https:\/\/grontkontor.dk\/no\/shop\/plastfri-papir-kopp-logo-utskrift-24cl\/","title":{"rendered":"Plastfri pappkopp for varm drikke med logotrykk 24cl"},"content":{"rendered":"<p>Paper2Paper gjenbrukbare papirkopper laget av papir med vannbasert belegg og yttervegger i resirkulert papp. Papirkoppene kan gjenvinnes sammen med vanlig papiravfall.<\/p>\n<p>Krusene er dobbeltveggede og dermed spesielt egnet for varm drikke. Velg mellom matt og blank overflate &#8211; prisen er den samme. Du kan velge lokk laget av bagasse &#8211; biologisk nedbrytbare sukkerr\u00f8rfibre &#8211; separat.<\/p>\n<p>Papirbegeret er [food-c] et klima- og milj\u00f8vennlig produkt, produsert i EU og godkjent for form\u00e5let.<\/p>\n<p>MERK: Prisen er inkl. Oppstart og logotrykk i full farge. Du lager bare de &#8220;flate&#8221; designene, s\u00e5 tar vi oss av resten.<\/p>\n<p>Suveren kvalitet, superbillig og ogs\u00e5 klimavennlig &#8211; vinn vinn vinn.<\/p>\n<p>Laget av ca. 40% resirkulerte materialer. Kassering: Kan resirkuleres med generelt papiravfall.<br \/>\n<img loading=\"lazy\" decoding=\"async\" src=\"https:\/\/grontkontor.dk\/wp-content\/uploads\/2020\/03\/recycable_paper_certificate_2020.jpg\" alt=\"Recyclable paper certificate\" width=\"50\" height=\"50\" class=\"size-full wp-image-35728\" srcset=\"https:\/\/grontkontor.dk\/wp-content\/uploads\/2020\/03\/recycable_paper_certificate_2020.jpg 146w, https:\/\/grontkontor.dk\/wp-content\/uploads\/2020\/03\/recycable_paper_certificate_2020-100x100.jpg 100w\" sizes=\"(max-width: 50px) 100vw, 50px\" \/> <img loading=\"lazy\" decoding=\"async\" class=\"size-medium wp-image-21008\" src=\"https:\/\/grontkontor.dk\/wp-content\/uploads\/2020\/11\/eu-flag_1-300x199.jpg\" alt=\"Fremstillet i EU\" width=\"76\" height=\"50\" srcset=\"https:\/\/grontkontor.dk\/wp-content\/uploads\/2020\/11\/eu-flag_1-300x199.jpg 300w, https:\/\/grontkontor.dk\/wp-content\/uploads\/2020\/11\/eu-flag_1.jpg 530w\" sizes=\"(max-width: 76px) 100vw, 76px\" \/><\/p>\n","protected":false},"excerpt":{"rendered":"<p>Paper2Paper gjenbrukbare papirkopper laget av papir med vannbasert belegg og yttervegger i resirkulert papp. Papirkoppene kan gjenvinnes sammen med vanlig papiravfall. Krusene er dobbeltveggede og dermed spesielt egnet for varm drikke. Velg mellom matt og blank overflate &#8211; prisen er den samme. Du kan velge lokk laget av bagasse &#8211; biologisk nedbrytbare sukkerr\u00f8rfibre &#8211; separat. [&hellip;]<\/p>\n","protected":false},"featured_media":57880,"comment_status":"closed","ping_status":"closed","template":"","meta":{"_acf_changed":false},"product_cat":[3672,3666,2657],"product_tag":[3677,3674],"class_list":{"0":"post-86585","1":"product","2":"type-product","3":"status-publish","4":"has-post-thumbnail","6":"product_cat-engangskopper","7":"product_cat-krus-og-kopper-til-messen-no","8":"product_cat-nyheter","9":"product_tag-engangskopper","10":"product_tag-papir-kopper","11":"tm-has-options","13":"first","14":"instock","15":"taxable","16":"shipping-taxable","17":"purchasable","18":"product-type-simple"},"acf":[],"yoast_head":"<!-- This site is optimized with the Yoast SEO Premium plugin v21.2 (Yoast SEO v21.2) - https:\/\/yoast.com\/wordpress\/plugins\/seo\/ -->\n<title>Plastfri pappkopp for varm drikke med logotrykk 24cl - Gr\u00f8nt Kontor<\/title>\n<meta name=\"robots\" content=\"index, follow, max-snippet:-1, max-image-preview:large, max-video-preview:-1\" \/>\n<link rel=\"canonical\" href=\"https:\/\/grontkontor.dk\/shop\/plastfrit-papkrus-logotryk-24cl\/\" \/>\n<meta property=\"og:locale\" content=\"en_US\" \/>\n<meta property=\"og:type\" content=\"article\" \/>\n<meta property=\"og:title\" content=\"Plastfri pappkopp for varm drikke med logotrykk 24cl\" \/>\n<meta property=\"og:description\" content=\"Paper2Paper gjenbrukbare papirkopper laget av papir med vannbasert belegg og yttervegger i resirkulert papp. Papirkoppene kan gjenvinnes sammen med vanlig papiravfall. Krusene er dobbeltveggede og dermed spesielt egnet for varm drikke. Velg mellom matt og blank overflate &#8211; prisen er den samme. Du kan velge lokk laget av bagasse &#8211; biologisk nedbrytbare sukkerr\u00f8rfibre &#8211; separat. [&hellip;]\" \/>\n<meta property=\"og:url\" content=\"https:\/\/grontkontor.dk\/shop\/plastfrit-papkrus-logotryk-24cl\/\" \/>\n<meta property=\"og:site_name\" content=\"Gr\u00f8nt Kontor\" \/>\n<meta property=\"article:publisher\" content=\"https:\/\/www.facebook.com\/grontkontor.dk\/\" \/>\n<meta property=\"article:modified_time\" content=\"2024-06-04T08:23:51+00:00\" \/>\n<meta property=\"og:image\" content=\"https:\/\/grontkontor.dk\/wp-content\/uploads\/2019\/03\/Dobbeltvaegget_papbaeger_23cl-3.jpg\" \/>\n\t<meta property=\"og:image:width\" content=\"800\" \/>\n\t<meta property=\"og:image:height\" content=\"568\" \/>\n\t<meta property=\"og:image:type\" content=\"image\/jpeg\" \/>\n<meta name=\"twitter:card\" content=\"summary_large_image\" \/>\n<meta name=\"twitter:label1\" content=\"Est. reading time\" \/>\n\t<meta name=\"twitter:data1\" content=\"1 minute\" \/>\n<script type=\"application\/ld+json\" class=\"yoast-schema-graph\">{\"@context\":\"https:\/\/schema.org\",\"@graph\":[{\"@type\":\"WebPage\",\"@id\":\"https:\/\/grontkontor.dk\/shop\/plastfrit-papkrus-logotryk-24cl\/\",\"url\":\"https:\/\/grontkontor.dk\/shop\/plastfrit-papkrus-logotryk-24cl\/\",\"name\":\"Plastfri pappkopp for varm drikke med logotrykk 24cl - Gr\u00f8nt Kontor\",\"isPartOf\":{\"@id\":\"https:\/\/grontkontor.dk\/#website\"},\"datePublished\":\"2024-05-28T09:47:35+00:00\",\"dateModified\":\"2024-06-04T08:23:51+00:00\",\"breadcrumb\":{\"@id\":\"https:\/\/grontkontor.dk\/shop\/plastfrit-papkrus-logotryk-24cl\/#breadcrumb\"},\"inLanguage\":\"no-NO\",\"potentialAction\":[{\"@type\":\"ReadAction\",\"target\":[\"https:\/\/grontkontor.dk\/shop\/plastfrit-papkrus-logotryk-24cl\/\"]}]},{\"@type\":\"BreadcrumbList\",\"@id\":\"https:\/\/grontkontor.dk\/shop\/plastfrit-papkrus-logotryk-24cl\/#breadcrumb\",\"itemListElement\":[{\"@type\":\"ListItem\",\"position\":1,\"name\":\"Forside\",\"item\":\"https:\/\/grontkontor.dk\/\"},{\"@type\":\"ListItem\",\"position\":2,\"name\":\"Butikk\",\"item\":\"https:\/\/grontkontor.dk\/no\/butikk-2\/\"},{\"@type\":\"ListItem\",\"position\":3,\"name\":\"Mat og drikke\",\"item\":\"https:\/\/grontkontor.dk\/no\/produkt-kategori\/mat-og-drikke\/\"},{\"@type\":\"ListItem\",\"position\":4,\"name\":\"Engangskopper\",\"item\":\"https:\/\/grontkontor.dk\/no\/produkt-kategori\/mat-og-drikke\/engangskopper\/\"},{\"@type\":\"ListItem\",\"position\":5,\"name\":\"Plastfri pappkopp for varm drikke med logotrykk 24cl\"}]},{\"@type\":\"WebSite\",\"@id\":\"https:\/\/grontkontor.dk\/#website\",\"url\":\"https:\/\/grontkontor.dk\/\",\"name\":\"Gr\u00f8nt Kontor\",\"description\":\"Milj\u00f8venlige produkter til kontor og erhverv med fokus p\u00e5 b\u00e6redygtighed, design og fair trade.\",\"publisher\":{\"@id\":\"https:\/\/grontkontor.dk\/#organization\"},\"potentialAction\":[{\"@type\":\"SearchAction\",\"target\":{\"@type\":\"EntryPoint\",\"urlTemplate\":\"https:\/\/grontkontor.dk\/?s={search_term_string}\"},\"query-input\":\"required name=search_term_string\"}],\"inLanguage\":\"no-NO\"},{\"@type\":\"Organization\",\"@id\":\"https:\/\/grontkontor.dk\/#organization\",\"name\":\"Gr\u00f8nt Kontor\",\"url\":\"https:\/\/grontkontor.dk\/\",\"logo\":{\"@type\":\"ImageObject\",\"inLanguage\":\"no-NO\",\"@id\":\"https:\/\/grontkontor.dk\/#\/schema\/logo\/image\/\",\"url\":\"https:\/\/grontkontor.dk\/wp-content\/uploads\/2014\/02\/Logo_groent_kontor_300x80.png\",\"contentUrl\":\"https:\/\/grontkontor.dk\/wp-content\/uploads\/2014\/02\/Logo_groent_kontor_300x80.png\",\"width\":300,\"height\":80,\"caption\":\"Gr\u00f8nt Kontor\"},\"image\":{\"@id\":\"https:\/\/grontkontor.dk\/#\/schema\/logo\/image\/\"},\"sameAs\":[\"https:\/\/www.facebook.com\/grontkontor.dk\/\"]}]}<\/script>\n<!-- \/ Yoast SEO Premium plugin. -->","yoast_head_json":{"title":"Plastfri pappkopp for varm drikke med logotrykk 24cl - Gr\u00f8nt Kontor","robots":{"index":"index","follow":"follow","max-snippet":"max-snippet:-1","max-image-preview":"max-image-preview:large","max-video-preview":"max-video-preview:-1"},"canonical":"https:\/\/grontkontor.dk\/shop\/plastfrit-papkrus-logotryk-24cl\/","og_locale":"en_US","og_type":"article","og_title":"Plastfri pappkopp for varm drikke med logotrykk 24cl","og_description":"Paper2Paper gjenbrukbare papirkopper laget av papir med vannbasert belegg og yttervegger i resirkulert papp. Papirkoppene kan gjenvinnes sammen med vanlig papiravfall. Krusene er dobbeltveggede og dermed spesielt egnet for varm drikke. Velg mellom matt og blank overflate &#8211; prisen er den samme. Du kan velge lokk laget av bagasse &#8211; biologisk nedbrytbare sukkerr\u00f8rfibre &#8211; separat. [&hellip;]","og_url":"https:\/\/grontkontor.dk\/shop\/plastfrit-papkrus-logotryk-24cl\/","og_site_name":"Gr\u00f8nt Kontor","article_publisher":"https:\/\/www.facebook.com\/grontkontor.dk\/","article_modified_time":"2024-06-04T08:23:51+00:00","og_image":[{"width":800,"height":568,"url":"https:\/\/grontkontor.dk\/wp-content\/uploads\/2019\/03\/Dobbeltvaegget_papbaeger_23cl-3.jpg","type":"image\/jpeg"}],"twitter_card":"summary_large_image","twitter_misc":{"Est. reading time":"1 minute"},"schema":{"@context":"https:\/\/schema.org","@graph":[{"@type":"WebPage","@id":"https:\/\/grontkontor.dk\/shop\/plastfrit-papkrus-logotryk-24cl\/","url":"https:\/\/grontkontor.dk\/shop\/plastfrit-papkrus-logotryk-24cl\/","name":"Plastfri pappkopp for varm drikke med logotrykk 24cl - Gr\u00f8nt Kontor","isPartOf":{"@id":"https:\/\/grontkontor.dk\/#website"},"datePublished":"2024-05-28T09:47:35+00:00","dateModified":"2024-06-04T08:23:51+00:00","breadcrumb":{"@id":"https:\/\/grontkontor.dk\/shop\/plastfrit-papkrus-logotryk-24cl\/#breadcrumb"},"inLanguage":"no-NO","potentialAction":[{"@type":"ReadAction","target":["https:\/\/grontkontor.dk\/shop\/plastfrit-papkrus-logotryk-24cl\/"]}]},{"@type":"BreadcrumbList","@id":"https:\/\/grontkontor.dk\/shop\/plastfrit-papkrus-logotryk-24cl\/#breadcrumb","itemListElement":[{"@type":"ListItem","position":1,"name":"Forside","item":"https:\/\/grontkontor.dk\/"},{"@type":"ListItem","position":2,"name":"Butikk","item":"https:\/\/grontkontor.dk\/no\/butikk-2\/"},{"@type":"ListItem","position":3,"name":"Mat og drikke","item":"https:\/\/grontkontor.dk\/no\/produkt-kategori\/mat-og-drikke\/"},{"@type":"ListItem","position":4,"name":"Engangskopper","item":"https:\/\/grontkontor.dk\/no\/produkt-kategori\/mat-og-drikke\/engangskopper\/"},{"@type":"ListItem","position":5,"name":"Plastfri pappkopp for varm drikke med logotrykk 24cl"}]},{"@type":"WebSite","@id":"https:\/\/grontkontor.dk\/#website","url":"https:\/\/grontkontor.dk\/","name":"Gr\u00f8nt Kontor","description":"Milj\u00f8venlige produkter til kontor og erhverv med fokus p\u00e5 b\u00e6redygtighed, design og fair trade.","publisher":{"@id":"https:\/\/grontkontor.dk\/#organization"},"potentialAction":[{"@type":"SearchAction","target":{"@type":"EntryPoint","urlTemplate":"https:\/\/grontkontor.dk\/?s={search_term_string}"},"query-input":"required name=search_term_string"}],"inLanguage":"no-NO"},{"@type":"Organization","@id":"https:\/\/grontkontor.dk\/#organization","name":"Gr\u00f8nt Kontor","url":"https:\/\/grontkontor.dk\/","logo":{"@type":"ImageObject","inLanguage":"no-NO","@id":"https:\/\/grontkontor.dk\/#\/schema\/logo\/image\/","url":"https:\/\/grontkontor.dk\/wp-content\/uploads\/2014\/02\/Logo_groent_kontor_300x80.png","contentUrl":"https:\/\/grontkontor.dk\/wp-content\/uploads\/2014\/02\/Logo_groent_kontor_300x80.png","width":300,"height":80,"caption":"Gr\u00f8nt Kontor"},"image":{"@id":"https:\/\/grontkontor.dk\/#\/schema\/logo\/image\/"},"sameAs":["https:\/\/www.facebook.com\/grontkontor.dk\/"]}]}},"_links":{"self":[{"href":"https:\/\/grontkontor.dk\/no\/wp-json\/wp\/v2\/product\/86585"}],"collection":[{"href":"https:\/\/grontkontor.dk\/no\/wp-json\/wp\/v2\/product"}],"about":[{"href":"https:\/\/grontkontor.dk\/no\/wp-json\/wp\/v2\/types\/product"}],"replies":[{"embeddable":true,"href":"https:\/\/grontkontor.dk\/no\/wp-json\/wp\/v2\/comments?post=86585"}],"wp:featuredmedia":[{"embeddable":true,"href":"https:\/\/grontkontor.dk\/no\/wp-json\/wp\/v2\/media\/57880"}],"wp:attachment":[{"href":"https:\/\/grontkontor.dk\/no\/wp-json\/wp\/v2\/media?parent=86585"}],"wp:term":[{"taxonomy":"product_cat","embeddable":true,"href":"https:\/\/grontkontor.dk\/no\/wp-json\/wp\/v2\/product_cat?post=86585"},{"taxonomy":"product_tag","embeddable":true,"href":"https:\/\/grontkontor.dk\/no\/wp-json\/wp\/v2\/product_tag?post=86585"}],"curies":[{"name":"wp","href":"https:\/\/api.w.org\/{rel}","templated":true}]}}