{"id":86720,"date":"2023-09-30T10:05:58","date_gmt":"2024-05-28T09:47:41","guid":{"rendered":"https:\/\/grontkontor.dk\/shop\/keyhanger-i-kork-og-beter-fibre\/"},"modified":"2024-06-18T11:19:13","modified_gmt":"2024-06-18T09:19:13","slug":"keyhanger-i-kork-og-beter-fibre","status":"publish","type":"product","link":"https:\/\/grontkontor.dk\/no\/shop\/keyhanger-i-kork-og-beter-fibre\/","title":{"rendered":"Keyhanger i fibre i kork og sukkerr\u00f8r"},"content":{"rendered":"<p>Milj\u00f8vennlig snor\/snor i kork med mykt f\u00f4r i sukkerr\u00f8rfibre og sikkerhetsl\u00e5s i polypropylen\/hvetefiber.<\/p>\n<p>Et milj\u00f8vennlig alternativ til de velkjente plastsnorene, laget av 90% naturlige materialer.<\/p>\n<p>Kan bestilles med eller uten trykk.<\/p>\n<p>[kork]<\/p>\n<p>&nbsp;<\/p>\n","protected":false},"excerpt":{"rendered":"<p>Milj\u00f8vennlig snor\/snor i kork med mykt f\u00f4r i sukkerr\u00f8rfibre og sikkerhetsl\u00e5s i polypropylen\/hvetefiber. Et milj\u00f8vennlig alternativ til de velkjente plastsnorene, laget av 90% naturlige materialer. Kan bestilles med eller uten trykk. [kork] &nbsp;<\/p>\n","protected":false},"featured_media":58662,"comment_status":"closed","ping_status":"closed","template":"","meta":{"_acf_changed":false},"product_cat":[3199,2657,3675],"product_tag":[3678,3680],"class_list":{"0":"post-86720","1":"product","2":"type-product","3":"status-publish","4":"has-post-thumbnail","6":"product_cat-dummy-moq-1-no","7":"product_cat-nyheter","8":"product_cat-tastehengere-og-navnelapper","9":"product_tag-keyhanger-no","10":"product_tag-lanyard","11":"tm-has-options","13":"first","14":"instock","15":"featured","16":"taxable","17":"shipping-taxable","18":"purchasable","19":"product-type-simple"},"acf":[],"yoast_head":"<!-- This site is optimized with the Yoast SEO Premium plugin v21.2 (Yoast SEO v21.2) - https:\/\/yoast.com\/wordpress\/plugins\/seo\/ -->\n<title>Keyhanger i fibre i kork og sukkerr\u00f8r - Gr\u00f8nt Kontor<\/title>\n<meta name=\"robots\" content=\"index, follow, max-snippet:-1, max-image-preview:large, max-video-preview:-1\" \/>\n<link rel=\"canonical\" href=\"https:\/\/grontkontor.dk\/shop\/keyhanger-i-kork-og-sukkerroerfibre\/\" \/>\n<meta property=\"og:locale\" content=\"en_US\" \/>\n<meta property=\"og:type\" content=\"article\" \/>\n<meta property=\"og:title\" content=\"Keyhanger i fibre i kork og sukkerr\u00f8r\" \/>\n<meta property=\"og:description\" content=\"Milj\u00f8vennlig snor\/snor i kork med mykt f\u00f4r i sukkerr\u00f8rfibre og sikkerhetsl\u00e5s i polypropylen\/hvetefiber. Et milj\u00f8vennlig alternativ til de velkjente plastsnorene, laget av 90% naturlige materialer. Kan bestilles med eller uten trykk. [kork] &nbsp;\" \/>\n<meta property=\"og:url\" content=\"https:\/\/grontkontor.dk\/shop\/keyhanger-i-kork-og-sukkerroerfibre\/\" \/>\n<meta property=\"og:site_name\" content=\"Gr\u00f8nt Kontor\" \/>\n<meta property=\"article:publisher\" content=\"https:\/\/www.facebook.com\/grontkontor.dk\/\" \/>\n<meta property=\"article:modified_time\" content=\"2024-06-18T09:19:13+00:00\" \/>\n<meta property=\"og:image\" content=\"https:\/\/grontkontor.dk\/wp-content\/uploads\/2022\/11\/Keyhanger-kork-sukkerroerfibre-01.jpg\" \/>\n\t<meta property=\"og:image:width\" content=\"900\" \/>\n\t<meta property=\"og:image:height\" content=\"639\" \/>\n\t<meta property=\"og:image:type\" content=\"image\/jpeg\" \/>\n<meta name=\"twitter:card\" content=\"summary_large_image\" \/>\n<script type=\"application\/ld+json\" class=\"yoast-schema-graph\">{\"@context\":\"https:\/\/schema.org\",\"@graph\":[{\"@type\":\"WebPage\",\"@id\":\"https:\/\/grontkontor.dk\/shop\/keyhanger-i-kork-og-sukkerroerfibre\/\",\"url\":\"https:\/\/grontkontor.dk\/shop\/keyhanger-i-kork-og-sukkerroerfibre\/\",\"name\":\"Keyhanger i fibre i kork og sukkerr\u00f8r - Gr\u00f8nt Kontor\",\"isPartOf\":{\"@id\":\"https:\/\/grontkontor.dk\/#website\"},\"datePublished\":\"2024-05-28T09:47:41+00:00\",\"dateModified\":\"2024-06-18T09:19:13+00:00\",\"breadcrumb\":{\"@id\":\"https:\/\/grontkontor.dk\/shop\/keyhanger-i-kork-og-sukkerroerfibre\/#breadcrumb\"},\"inLanguage\":\"no-NO\",\"potentialAction\":[{\"@type\":\"ReadAction\",\"target\":[\"https:\/\/grontkontor.dk\/shop\/keyhanger-i-kork-og-sukkerroerfibre\/\"]}]},{\"@type\":\"BreadcrumbList\",\"@id\":\"https:\/\/grontkontor.dk\/shop\/keyhanger-i-kork-og-sukkerroerfibre\/#breadcrumb\",\"itemListElement\":[{\"@type\":\"ListItem\",\"position\":1,\"name\":\"Forside\",\"item\":\"https:\/\/grontkontor.dk\/\"},{\"@type\":\"ListItem\",\"position\":2,\"name\":\"Butikk\",\"item\":\"https:\/\/grontkontor.dk\/no\/butikk-2\/\"},{\"@type\":\"ListItem\",\"position\":3,\"name\":\"Messe og arrangement\",\"item\":\"https:\/\/grontkontor.dk\/no\/produkt-kategori\/messe-og-arrangement\/\"},{\"@type\":\"ListItem\",\"position\":4,\"name\":\"Tastehengere og navnelapper\",\"item\":\"https:\/\/grontkontor.dk\/no\/produkt-kategori\/messe-og-arrangement\/tastehengere-og-navnelapper\/\"},{\"@type\":\"ListItem\",\"position\":5,\"name\":\"Keyhanger i fibre i kork og sukkerr\u00f8r\"}]},{\"@type\":\"WebSite\",\"@id\":\"https:\/\/grontkontor.dk\/#website\",\"url\":\"https:\/\/grontkontor.dk\/\",\"name\":\"Gr\u00f8nt Kontor\",\"description\":\"Milj\u00f8venlige produkter til kontor og erhverv med fokus p\u00e5 b\u00e6redygtighed, design og fair trade.\",\"publisher\":{\"@id\":\"https:\/\/grontkontor.dk\/#organization\"},\"potentialAction\":[{\"@type\":\"SearchAction\",\"target\":{\"@type\":\"EntryPoint\",\"urlTemplate\":\"https:\/\/grontkontor.dk\/?s={search_term_string}\"},\"query-input\":\"required name=search_term_string\"}],\"inLanguage\":\"no-NO\"},{\"@type\":\"Organization\",\"@id\":\"https:\/\/grontkontor.dk\/#organization\",\"name\":\"Gr\u00f8nt Kontor\",\"url\":\"https:\/\/grontkontor.dk\/\",\"logo\":{\"@type\":\"ImageObject\",\"inLanguage\":\"no-NO\",\"@id\":\"https:\/\/grontkontor.dk\/#\/schema\/logo\/image\/\",\"url\":\"https:\/\/grontkontor.dk\/wp-content\/uploads\/2014\/02\/Logo_groent_kontor_300x80.png\",\"contentUrl\":\"https:\/\/grontkontor.dk\/wp-content\/uploads\/2014\/02\/Logo_groent_kontor_300x80.png\",\"width\":300,\"height\":80,\"caption\":\"Gr\u00f8nt Kontor\"},\"image\":{\"@id\":\"https:\/\/grontkontor.dk\/#\/schema\/logo\/image\/\"},\"sameAs\":[\"https:\/\/www.facebook.com\/grontkontor.dk\/\"]}]}<\/script>\n<!-- \/ Yoast SEO Premium plugin. -->","yoast_head_json":{"title":"Keyhanger i fibre i kork og sukkerr\u00f8r - Gr\u00f8nt Kontor","robots":{"index":"index","follow":"follow","max-snippet":"max-snippet:-1","max-image-preview":"max-image-preview:large","max-video-preview":"max-video-preview:-1"},"canonical":"https:\/\/grontkontor.dk\/shop\/keyhanger-i-kork-og-sukkerroerfibre\/","og_locale":"en_US","og_type":"article","og_title":"Keyhanger i fibre i kork og sukkerr\u00f8r","og_description":"Milj\u00f8vennlig snor\/snor i kork med mykt f\u00f4r i sukkerr\u00f8rfibre og sikkerhetsl\u00e5s i polypropylen\/hvetefiber. Et milj\u00f8vennlig alternativ til de velkjente plastsnorene, laget av 90% naturlige materialer. Kan bestilles med eller uten trykk. [kork] &nbsp;","og_url":"https:\/\/grontkontor.dk\/shop\/keyhanger-i-kork-og-sukkerroerfibre\/","og_site_name":"Gr\u00f8nt Kontor","article_publisher":"https:\/\/www.facebook.com\/grontkontor.dk\/","article_modified_time":"2024-06-18T09:19:13+00:00","og_image":[{"width":900,"height":639,"url":"https:\/\/grontkontor.dk\/wp-content\/uploads\/2022\/11\/Keyhanger-kork-sukkerroerfibre-01.jpg","type":"image\/jpeg"}],"twitter_card":"summary_large_image","schema":{"@context":"https:\/\/schema.org","@graph":[{"@type":"WebPage","@id":"https:\/\/grontkontor.dk\/shop\/keyhanger-i-kork-og-sukkerroerfibre\/","url":"https:\/\/grontkontor.dk\/shop\/keyhanger-i-kork-og-sukkerroerfibre\/","name":"Keyhanger i fibre i kork og sukkerr\u00f8r - Gr\u00f8nt Kontor","isPartOf":{"@id":"https:\/\/grontkontor.dk\/#website"},"datePublished":"2024-05-28T09:47:41+00:00","dateModified":"2024-06-18T09:19:13+00:00","breadcrumb":{"@id":"https:\/\/grontkontor.dk\/shop\/keyhanger-i-kork-og-sukkerroerfibre\/#breadcrumb"},"inLanguage":"no-NO","potentialAction":[{"@type":"ReadAction","target":["https:\/\/grontkontor.dk\/shop\/keyhanger-i-kork-og-sukkerroerfibre\/"]}]},{"@type":"BreadcrumbList","@id":"https:\/\/grontkontor.dk\/shop\/keyhanger-i-kork-og-sukkerroerfibre\/#breadcrumb","itemListElement":[{"@type":"ListItem","position":1,"name":"Forside","item":"https:\/\/grontkontor.dk\/"},{"@type":"ListItem","position":2,"name":"Butikk","item":"https:\/\/grontkontor.dk\/no\/butikk-2\/"},{"@type":"ListItem","position":3,"name":"Messe og arrangement","item":"https:\/\/grontkontor.dk\/no\/produkt-kategori\/messe-og-arrangement\/"},{"@type":"ListItem","position":4,"name":"Tastehengere og navnelapper","item":"https:\/\/grontkontor.dk\/no\/produkt-kategori\/messe-og-arrangement\/tastehengere-og-navnelapper\/"},{"@type":"ListItem","position":5,"name":"Keyhanger i fibre i kork og sukkerr\u00f8r"}]},{"@type":"WebSite","@id":"https:\/\/grontkontor.dk\/#website","url":"https:\/\/grontkontor.dk\/","name":"Gr\u00f8nt Kontor","description":"Milj\u00f8venlige produkter til kontor og erhverv med fokus p\u00e5 b\u00e6redygtighed, design og fair trade.","publisher":{"@id":"https:\/\/grontkontor.dk\/#organization"},"potentialAction":[{"@type":"SearchAction","target":{"@type":"EntryPoint","urlTemplate":"https:\/\/grontkontor.dk\/?s={search_term_string}"},"query-input":"required name=search_term_string"}],"inLanguage":"no-NO"},{"@type":"Organization","@id":"https:\/\/grontkontor.dk\/#organization","name":"Gr\u00f8nt Kontor","url":"https:\/\/grontkontor.dk\/","logo":{"@type":"ImageObject","inLanguage":"no-NO","@id":"https:\/\/grontkontor.dk\/#\/schema\/logo\/image\/","url":"https:\/\/grontkontor.dk\/wp-content\/uploads\/2014\/02\/Logo_groent_kontor_300x80.png","contentUrl":"https:\/\/grontkontor.dk\/wp-content\/uploads\/2014\/02\/Logo_groent_kontor_300x80.png","width":300,"height":80,"caption":"Gr\u00f8nt Kontor"},"image":{"@id":"https:\/\/grontkontor.dk\/#\/schema\/logo\/image\/"},"sameAs":["https:\/\/www.facebook.com\/grontkontor.dk\/"]}]}},"_links":{"self":[{"href":"https:\/\/grontkontor.dk\/no\/wp-json\/wp\/v2\/product\/86720"}],"collection":[{"href":"https:\/\/grontkontor.dk\/no\/wp-json\/wp\/v2\/product"}],"about":[{"href":"https:\/\/grontkontor.dk\/no\/wp-json\/wp\/v2\/types\/product"}],"replies":[{"embeddable":true,"href":"https:\/\/grontkontor.dk\/no\/wp-json\/wp\/v2\/comments?post=86720"}],"wp:featuredmedia":[{"embeddable":true,"href":"https:\/\/grontkontor.dk\/no\/wp-json\/wp\/v2\/media\/58662"}],"wp:attachment":[{"href":"https:\/\/grontkontor.dk\/no\/wp-json\/wp\/v2\/media?parent=86720"}],"wp:term":[{"taxonomy":"product_cat","embeddable":true,"href":"https:\/\/grontkontor.dk\/no\/wp-json\/wp\/v2\/product_cat?post=86720"},{"taxonomy":"product_tag","embeddable":true,"href":"https:\/\/grontkontor.dk\/no\/wp-json\/wp\/v2\/product_tag?post=86720"}],"curies":[{"name":"wp","href":"https:\/\/api.w.org\/{rel}","templated":true}]}}