{"id":86760,"date":"2023-09-22T14:06:53","date_gmt":"2024-05-28T09:48:30","guid":{"rendered":"https:\/\/grontkontor.dk\/shop\/termos-kolbe-staal-1000ml\/"},"modified":"2024-06-18T11:50:25","modified_gmt":"2024-06-18T09:50:25","slug":"termos-kolbe-staal-1000ml","status":"publish","type":"product","link":"https:\/\/grontkontor.dk\/no\/shop\/termos-kolbe-staal-1000ml\/","title":{"rendered":"St\u00e5l termos flaske 1000ml"},"content":{"rendered":"<p>Rustikk og eksklusiv termosflaske i rustfritt st\u00e5l. Lokk i st\u00e5l og milj\u00f8vennlig bambus med silikonring uten drypp. Et superslitesterkt og klimavennlig produkt perfekt for leirturen eller som gave til messer og arrangementer. Leveres individuelt pakket i en gaveeske.<br \/>\nPasser til oppvaskmaskin, ikke egnet for mikrob\u00f8lgeovn. Termosen er  [food-cs]<br \/>\nSt\u00f8rrelse: 1000 ml<\/p>\n<p>&nbsp;<\/p>\n<p>[staal]<\/p>\n<p>&nbsp;<\/p>\n<p>[bambus_s]<\/p>\n<p>&nbsp;<\/p>\n","protected":false},"excerpt":{"rendered":"<p>Rustikk og eksklusiv termosflaske i rustfritt st\u00e5l. Lokk i st\u00e5l og milj\u00f8vennlig bambus med silikonring uten drypp. Et superslitesterkt og klimavennlig produkt perfekt for leirturen eller som gave til messer og arrangementer. Leveres individuelt pakket i en gaveeske. Passer til oppvaskmaskin, ikke egnet for mikrob\u00f8lgeovn. Termosen er [food-cs] St\u00f8rrelse: 1000 ml &nbsp; [staal] &nbsp; [bambus_s] [&hellip;]<\/p>\n","protected":false},"featured_media":70563,"comment_status":"closed","ping_status":"closed","template":"","meta":{"_acf_changed":false},"product_cat":[3199,3216,2657,4393,3214],"product_tag":[3297],"class_list":{"0":"post-86760","1":"product","2":"type-product","3":"status-publish","4":"has-post-thumbnail","6":"product_cat-dummy-moq-1-no","7":"product_cat-mat-og-drikke","8":"product_cat-nyheter","9":"product_cat-vannflasker-og-termosflasker-no","10":"product_cat-vannflasker-og-termosflasker","11":"product_tag-termosflaske","12":"tm-has-options","14":"first","15":"instock","16":"taxable","17":"shipping-taxable","18":"purchasable","19":"product-type-simple"},"acf":[],"yoast_head":"<!-- This site is optimized with the Yoast SEO Premium plugin v21.2 (Yoast SEO v21.2) - https:\/\/yoast.com\/wordpress\/plugins\/seo\/ -->\n<title>St\u00e5l termos flaske 1000ml - Gr\u00f8nt Kontor<\/title>\n<meta name=\"robots\" content=\"index, follow, max-snippet:-1, max-image-preview:large, max-video-preview:-1\" \/>\n<link rel=\"canonical\" href=\"https:\/\/grontkontor.dk\/shop\/termoflaske-staal-1000ml\/\" \/>\n<meta property=\"og:locale\" content=\"en_US\" \/>\n<meta property=\"og:type\" content=\"article\" \/>\n<meta property=\"og:title\" content=\"St\u00e5l termos flaske 1000ml\" \/>\n<meta property=\"og:description\" content=\"Rustikk og eksklusiv termosflaske i rustfritt st\u00e5l. Lokk i st\u00e5l og milj\u00f8vennlig bambus med silikonring uten drypp. Et superslitesterkt og klimavennlig produkt perfekt for leirturen eller som gave til messer og arrangementer. Leveres individuelt pakket i en gaveeske. Passer til oppvaskmaskin, ikke egnet for mikrob\u00f8lgeovn. Termosen er [food-cs] St\u00f8rrelse: 1000 ml &nbsp; [staal] &nbsp; [bambus_s] [&hellip;]\" \/>\n<meta property=\"og:url\" content=\"https:\/\/grontkontor.dk\/shop\/termoflaske-staal-1000ml\/\" \/>\n<meta property=\"og:site_name\" content=\"Gr\u00f8nt Kontor\" \/>\n<meta property=\"article:publisher\" content=\"https:\/\/www.facebook.com\/grontkontor.dk\/\" \/>\n<meta property=\"article:modified_time\" content=\"2024-06-18T09:50:25+00:00\" \/>\n<meta property=\"og:image\" content=\"https:\/\/grontkontor.dk\/wp-content\/uploads\/2023\/09\/Miljoevenlig-staalflaske-1000-ml.jpg\" \/>\n\t<meta property=\"og:image:width\" content=\"900\" \/>\n\t<meta property=\"og:image:height\" content=\"639\" \/>\n\t<meta property=\"og:image:type\" content=\"image\/jpeg\" \/>\n<meta name=\"twitter:card\" content=\"summary_large_image\" \/>\n<script type=\"application\/ld+json\" class=\"yoast-schema-graph\">{\"@context\":\"https:\/\/schema.org\",\"@graph\":[{\"@type\":\"WebPage\",\"@id\":\"https:\/\/grontkontor.dk\/shop\/termoflaske-staal-1000ml\/\",\"url\":\"https:\/\/grontkontor.dk\/shop\/termoflaske-staal-1000ml\/\",\"name\":\"St\u00e5l termos flaske 1000ml - Gr\u00f8nt Kontor\",\"isPartOf\":{\"@id\":\"https:\/\/grontkontor.dk\/#website\"},\"datePublished\":\"2024-05-28T09:48:30+00:00\",\"dateModified\":\"2024-06-18T09:50:25+00:00\",\"breadcrumb\":{\"@id\":\"https:\/\/grontkontor.dk\/shop\/termoflaske-staal-1000ml\/#breadcrumb\"},\"inLanguage\":\"no-NO\",\"potentialAction\":[{\"@type\":\"ReadAction\",\"target\":[\"https:\/\/grontkontor.dk\/shop\/termoflaske-staal-1000ml\/\"]}]},{\"@type\":\"BreadcrumbList\",\"@id\":\"https:\/\/grontkontor.dk\/shop\/termoflaske-staal-1000ml\/#breadcrumb\",\"itemListElement\":[{\"@type\":\"ListItem\",\"position\":1,\"name\":\"Forside\",\"item\":\"https:\/\/grontkontor.dk\/\"},{\"@type\":\"ListItem\",\"position\":2,\"name\":\"Butikk\",\"item\":\"https:\/\/grontkontor.dk\/no\/butikk-2\/\"},{\"@type\":\"ListItem\",\"position\":3,\"name\":\"Klimavennlige firmagaver\",\"item\":\"https:\/\/grontkontor.dk\/no\/produkt-kategori\/klimavennlige-firmagaver\/\"},{\"@type\":\"ListItem\",\"position\":4,\"name\":\"Vannflasker og termosflasker\",\"item\":\"https:\/\/grontkontor.dk\/no\/produkt-kategori\/klimavennlige-firmagaver\/vannflasker-og-termosflasker-no\/\"},{\"@type\":\"ListItem\",\"position\":5,\"name\":\"St\u00e5l termos flaske 1000ml\"}]},{\"@type\":\"WebSite\",\"@id\":\"https:\/\/grontkontor.dk\/#website\",\"url\":\"https:\/\/grontkontor.dk\/\",\"name\":\"Gr\u00f8nt Kontor\",\"description\":\"Milj\u00f8venlige produkter til kontor og erhverv med fokus p\u00e5 b\u00e6redygtighed, design og fair trade.\",\"publisher\":{\"@id\":\"https:\/\/grontkontor.dk\/#organization\"},\"potentialAction\":[{\"@type\":\"SearchAction\",\"target\":{\"@type\":\"EntryPoint\",\"urlTemplate\":\"https:\/\/grontkontor.dk\/?s={search_term_string}\"},\"query-input\":\"required name=search_term_string\"}],\"inLanguage\":\"no-NO\"},{\"@type\":\"Organization\",\"@id\":\"https:\/\/grontkontor.dk\/#organization\",\"name\":\"Gr\u00f8nt Kontor\",\"url\":\"https:\/\/grontkontor.dk\/\",\"logo\":{\"@type\":\"ImageObject\",\"inLanguage\":\"no-NO\",\"@id\":\"https:\/\/grontkontor.dk\/#\/schema\/logo\/image\/\",\"url\":\"https:\/\/grontkontor.dk\/wp-content\/uploads\/2014\/02\/Logo_groent_kontor_300x80.png\",\"contentUrl\":\"https:\/\/grontkontor.dk\/wp-content\/uploads\/2014\/02\/Logo_groent_kontor_300x80.png\",\"width\":300,\"height\":80,\"caption\":\"Gr\u00f8nt Kontor\"},\"image\":{\"@id\":\"https:\/\/grontkontor.dk\/#\/schema\/logo\/image\/\"},\"sameAs\":[\"https:\/\/www.facebook.com\/grontkontor.dk\/\"]}]}<\/script>\n<!-- \/ Yoast SEO Premium plugin. -->","yoast_head_json":{"title":"St\u00e5l termos flaske 1000ml - Gr\u00f8nt Kontor","robots":{"index":"index","follow":"follow","max-snippet":"max-snippet:-1","max-image-preview":"max-image-preview:large","max-video-preview":"max-video-preview:-1"},"canonical":"https:\/\/grontkontor.dk\/shop\/termoflaske-staal-1000ml\/","og_locale":"en_US","og_type":"article","og_title":"St\u00e5l termos flaske 1000ml","og_description":"Rustikk og eksklusiv termosflaske i rustfritt st\u00e5l. Lokk i st\u00e5l og milj\u00f8vennlig bambus med silikonring uten drypp. Et superslitesterkt og klimavennlig produkt perfekt for leirturen eller som gave til messer og arrangementer. Leveres individuelt pakket i en gaveeske. Passer til oppvaskmaskin, ikke egnet for mikrob\u00f8lgeovn. Termosen er [food-cs] St\u00f8rrelse: 1000 ml &nbsp; [staal] &nbsp; [bambus_s] [&hellip;]","og_url":"https:\/\/grontkontor.dk\/shop\/termoflaske-staal-1000ml\/","og_site_name":"Gr\u00f8nt Kontor","article_publisher":"https:\/\/www.facebook.com\/grontkontor.dk\/","article_modified_time":"2024-06-18T09:50:25+00:00","og_image":[{"width":900,"height":639,"url":"https:\/\/grontkontor.dk\/wp-content\/uploads\/2023\/09\/Miljoevenlig-staalflaske-1000-ml.jpg","type":"image\/jpeg"}],"twitter_card":"summary_large_image","schema":{"@context":"https:\/\/schema.org","@graph":[{"@type":"WebPage","@id":"https:\/\/grontkontor.dk\/shop\/termoflaske-staal-1000ml\/","url":"https:\/\/grontkontor.dk\/shop\/termoflaske-staal-1000ml\/","name":"St\u00e5l termos flaske 1000ml - Gr\u00f8nt Kontor","isPartOf":{"@id":"https:\/\/grontkontor.dk\/#website"},"datePublished":"2024-05-28T09:48:30+00:00","dateModified":"2024-06-18T09:50:25+00:00","breadcrumb":{"@id":"https:\/\/grontkontor.dk\/shop\/termoflaske-staal-1000ml\/#breadcrumb"},"inLanguage":"no-NO","potentialAction":[{"@type":"ReadAction","target":["https:\/\/grontkontor.dk\/shop\/termoflaske-staal-1000ml\/"]}]},{"@type":"BreadcrumbList","@id":"https:\/\/grontkontor.dk\/shop\/termoflaske-staal-1000ml\/#breadcrumb","itemListElement":[{"@type":"ListItem","position":1,"name":"Forside","item":"https:\/\/grontkontor.dk\/"},{"@type":"ListItem","position":2,"name":"Butikk","item":"https:\/\/grontkontor.dk\/no\/butikk-2\/"},{"@type":"ListItem","position":3,"name":"Klimavennlige firmagaver","item":"https:\/\/grontkontor.dk\/no\/produkt-kategori\/klimavennlige-firmagaver\/"},{"@type":"ListItem","position":4,"name":"Vannflasker og termosflasker","item":"https:\/\/grontkontor.dk\/no\/produkt-kategori\/klimavennlige-firmagaver\/vannflasker-og-termosflasker-no\/"},{"@type":"ListItem","position":5,"name":"St\u00e5l termos flaske 1000ml"}]},{"@type":"WebSite","@id":"https:\/\/grontkontor.dk\/#website","url":"https:\/\/grontkontor.dk\/","name":"Gr\u00f8nt Kontor","description":"Milj\u00f8venlige produkter til kontor og erhverv med fokus p\u00e5 b\u00e6redygtighed, design og fair trade.","publisher":{"@id":"https:\/\/grontkontor.dk\/#organization"},"potentialAction":[{"@type":"SearchAction","target":{"@type":"EntryPoint","urlTemplate":"https:\/\/grontkontor.dk\/?s={search_term_string}"},"query-input":"required name=search_term_string"}],"inLanguage":"no-NO"},{"@type":"Organization","@id":"https:\/\/grontkontor.dk\/#organization","name":"Gr\u00f8nt Kontor","url":"https:\/\/grontkontor.dk\/","logo":{"@type":"ImageObject","inLanguage":"no-NO","@id":"https:\/\/grontkontor.dk\/#\/schema\/logo\/image\/","url":"https:\/\/grontkontor.dk\/wp-content\/uploads\/2014\/02\/Logo_groent_kontor_300x80.png","contentUrl":"https:\/\/grontkontor.dk\/wp-content\/uploads\/2014\/02\/Logo_groent_kontor_300x80.png","width":300,"height":80,"caption":"Gr\u00f8nt Kontor"},"image":{"@id":"https:\/\/grontkontor.dk\/#\/schema\/logo\/image\/"},"sameAs":["https:\/\/www.facebook.com\/grontkontor.dk\/"]}]}},"_links":{"self":[{"href":"https:\/\/grontkontor.dk\/no\/wp-json\/wp\/v2\/product\/86760"}],"collection":[{"href":"https:\/\/grontkontor.dk\/no\/wp-json\/wp\/v2\/product"}],"about":[{"href":"https:\/\/grontkontor.dk\/no\/wp-json\/wp\/v2\/types\/product"}],"replies":[{"embeddable":true,"href":"https:\/\/grontkontor.dk\/no\/wp-json\/wp\/v2\/comments?post=86760"}],"wp:featuredmedia":[{"embeddable":true,"href":"https:\/\/grontkontor.dk\/no\/wp-json\/wp\/v2\/media\/70563"}],"wp:attachment":[{"href":"https:\/\/grontkontor.dk\/no\/wp-json\/wp\/v2\/media?parent=86760"}],"wp:term":[{"taxonomy":"product_cat","embeddable":true,"href":"https:\/\/grontkontor.dk\/no\/wp-json\/wp\/v2\/product_cat?post=86760"},{"taxonomy":"product_tag","embeddable":true,"href":"https:\/\/grontkontor.dk\/no\/wp-json\/wp\/v2\/product_tag?post=86760"}],"curies":[{"name":"wp","href":"https:\/\/api.w.org\/{rel}","templated":true}]}}