{"id":86765,"date":"2023-09-30T09:00:39","date_gmt":"2024-05-28T09:48:30","guid":{"rendered":"https:\/\/grontkontor.dk\/shop\/plastfri-pappskorpe-med-logo-trykk-47cl\/"},"modified":"2024-05-28T11:48:30","modified_gmt":"2024-05-28T09:48:30","slug":"plastfri-pappskorpe-med-logo-trykk-47cl","status":"publish","type":"product","link":"https:\/\/grontkontor.dk\/no\/shop\/plastfri-pappskorpe-med-logo-trykk-47cl\/","title":{"rendered":"Plastfrie pappbegre for kalde drikker med logotrykk &#8211; 47cl"},"content":{"rendered":"<p>Paper2Papirbegre laget av 100 % papir med vannbasert belegg. Papirkoppene er laget av papir og kan resirkuleres sammen med vanlig papiravfall.<\/p>\n<p>Krusene er enkeltveggede og dermed spesielt egnet for kalde drikker. Et billig, klima- og milj\u00f8vennlig produkt, produsert i EU og godkjent for form\u00e5let.<\/p>\n<p>Du kan velge lokk laget av bagasse &#8211; biologisk nedbrytbare sukkerr\u00f8rfibre &#8211; separat. Papirkoppen er [food-c].<\/p>\n<p>MERK: Prisen inkluderer oppstart, emballasjeavgift og logotrykk i full farge. Du lager bare de &#8220;flate&#8221; designene, s\u00e5 tar vi oss av resten.<\/p>\n<p>Suveren kvalitet, superbillig og ogs\u00e5 klimavennlig \u2013 vinn vinn vinn.<\/p>\n<p>Kassering: Kan resirkuleres med generelt papiravfall.<\/p>\n<p><img loading=\"lazy\" decoding=\"async\" class=\"size-medium wp-image-21008\" src=\"https:\/\/grontkontor.dk\/wp-content\/uploads\/2020\/11\/eu-flag_1-300x199.jpg\" alt=\"Fremstillet i EU\" width=\"76\" height=\"50\" srcset=\"https:\/\/grontkontor.dk\/wp-content\/uploads\/2020\/11\/eu-flag_1-300x199.jpg 300w, https:\/\/grontkontor.dk\/wp-content\/uploads\/2020\/11\/eu-flag_1.jpg 530w\" sizes=\"(max-width: 76px) 100vw, 76px\" \/> <a href=\"https:\/\/www.google.com\/url?sa=t&rct=j&q=&esrc=s&source=web&cd=&cad=rja&uact=8&ved=2ahUKEwjv06L8rZ7xAhXFjqQKHSDxAMoQFjACegQIExAD&url=https%3A%2F%2Fcertifications.controlunion.com%2Fen%2Fcertification-programs%2Fcertification-programs%2Frcs-blended-recycled-claim-standard&usg=AOvVaw3EUq5Cz3W8o2_9SLL-aQ3V\"><img loading=\"lazy\" decoding=\"async\" src=\"https:\/\/grontkontor.dk\/wp-content\/uploads\/2021\/06\/recycled-blended-claim-standard.jpg\" alt=\"\" width=\"50\" height=\"50\" class=\"alignnone size-full wp-image-24839\" \/><\/a> <\/p>\n","protected":false},"excerpt":{"rendered":"<p>Paper2Papirbegre laget av 100 % papir med vannbasert belegg. Papirkoppene er laget av papir og kan resirkuleres sammen med vanlig papiravfall. Krusene er enkeltveggede og dermed spesielt egnet for kalde drikker. Et billig, klima- og milj\u00f8vennlig produkt, produsert i EU og godkjent for form\u00e5let. Du kan velge lokk laget av bagasse &#8211; biologisk nedbrytbare sukkerr\u00f8rfibre [&hellip;]<\/p>\n","protected":false},"featured_media":57910,"comment_status":"closed","ping_status":"closed","template":"","meta":{"_acf_changed":false},"product_cat":[3672,3666,2657],"product_tag":[3677],"class_list":{"0":"post-86765","1":"product","2":"type-product","3":"status-publish","4":"has-post-thumbnail","6":"product_cat-engangskopper","7":"product_cat-krus-og-kopper-til-messen-no","8":"product_cat-nyheter","9":"product_tag-engangskopper","10":"tm-has-options","12":"first","13":"instock","14":"taxable","15":"shipping-taxable","16":"purchasable","17":"product-type-simple"},"acf":[],"yoast_head":"<!-- This site is optimized with the Yoast SEO Premium plugin v21.2 (Yoast SEO v21.2) - https:\/\/yoast.com\/wordpress\/plugins\/seo\/ -->\n<title>Plastfrie pappbegre for kalde drikker med logotrykk - 47cl - Gr\u00f8nt Kontor<\/title>\n<meta name=\"robots\" content=\"index, follow, max-snippet:-1, max-image-preview:large, max-video-preview:-1\" \/>\n<link rel=\"canonical\" href=\"https:\/\/grontkontor.dk\/shop\/plastfri-papkrust-med-logotryk-47cl\/\" \/>\n<meta property=\"og:locale\" content=\"en_US\" \/>\n<meta property=\"og:type\" content=\"article\" \/>\n<meta property=\"og:title\" content=\"Plastfrie pappbegre for kalde drikker med logotrykk - 47cl\" \/>\n<meta property=\"og:description\" content=\"Paper2Papirbegre laget av 100 % papir med vannbasert belegg. Papirkoppene er laget av papir og kan resirkuleres sammen med vanlig papiravfall. Krusene er enkeltveggede og dermed spesielt egnet for kalde drikker. Et billig, klima- og milj\u00f8vennlig produkt, produsert i EU og godkjent for form\u00e5let. Du kan velge lokk laget av bagasse &#8211; biologisk nedbrytbare sukkerr\u00f8rfibre [&hellip;]\" \/>\n<meta property=\"og:url\" content=\"https:\/\/grontkontor.dk\/shop\/plastfri-papkrust-med-logotryk-47cl\/\" \/>\n<meta property=\"og:site_name\" content=\"Gr\u00f8nt Kontor\" \/>\n<meta property=\"article:publisher\" content=\"https:\/\/www.facebook.com\/grontkontor.dk\/\" \/>\n<meta property=\"og:image\" content=\"https:\/\/grontkontor.dk\/wp-content\/uploads\/2020\/03\/papkrus_enkeltvaegget_47cl-1.jpg\" \/>\n\t<meta property=\"og:image:width\" content=\"900\" \/>\n\t<meta property=\"og:image:height\" content=\"639\" \/>\n\t<meta property=\"og:image:type\" content=\"image\/jpeg\" \/>\n<meta name=\"twitter:card\" content=\"summary_large_image\" \/>\n<meta name=\"twitter:label1\" content=\"Est. reading time\" \/>\n\t<meta name=\"twitter:data1\" content=\"1 minute\" \/>\n<script type=\"application\/ld+json\" class=\"yoast-schema-graph\">{\"@context\":\"https:\/\/schema.org\",\"@graph\":[{\"@type\":\"WebPage\",\"@id\":\"https:\/\/grontkontor.dk\/shop\/plastfri-papkrust-med-logotryk-47cl\/\",\"url\":\"https:\/\/grontkontor.dk\/shop\/plastfri-papkrust-med-logotryk-47cl\/\",\"name\":\"Plastfrie pappbegre for kalde drikker med logotrykk - 47cl - Gr\u00f8nt Kontor\",\"isPartOf\":{\"@id\":\"https:\/\/grontkontor.dk\/#website\"},\"datePublished\":\"2024-05-28T09:48:30+00:00\",\"dateModified\":\"2024-05-28T09:48:30+00:00\",\"breadcrumb\":{\"@id\":\"https:\/\/grontkontor.dk\/shop\/plastfri-papkrust-med-logotryk-47cl\/#breadcrumb\"},\"inLanguage\":\"no-NO\",\"potentialAction\":[{\"@type\":\"ReadAction\",\"target\":[\"https:\/\/grontkontor.dk\/shop\/plastfri-papkrust-med-logotryk-47cl\/\"]}]},{\"@type\":\"BreadcrumbList\",\"@id\":\"https:\/\/grontkontor.dk\/shop\/plastfri-papkrust-med-logotryk-47cl\/#breadcrumb\",\"itemListElement\":[{\"@type\":\"ListItem\",\"position\":1,\"name\":\"Forside\",\"item\":\"https:\/\/grontkontor.dk\/\"},{\"@type\":\"ListItem\",\"position\":2,\"name\":\"Butikk\",\"item\":\"https:\/\/grontkontor.dk\/no\/butikk-2\/\"},{\"@type\":\"ListItem\",\"position\":3,\"name\":\"Mat og drikke\",\"item\":\"https:\/\/grontkontor.dk\/no\/produkt-kategori\/mat-og-drikke\/\"},{\"@type\":\"ListItem\",\"position\":4,\"name\":\"Engangskopper\",\"item\":\"https:\/\/grontkontor.dk\/no\/produkt-kategori\/mat-og-drikke\/engangskopper\/\"},{\"@type\":\"ListItem\",\"position\":5,\"name\":\"Plastfrie pappbegre for kalde drikker med logotrykk &#8211; 47cl\"}]},{\"@type\":\"WebSite\",\"@id\":\"https:\/\/grontkontor.dk\/#website\",\"url\":\"https:\/\/grontkontor.dk\/\",\"name\":\"Gr\u00f8nt Kontor\",\"description\":\"Milj\u00f8venlige produkter til kontor og erhverv med fokus p\u00e5 b\u00e6redygtighed, design og fair trade.\",\"publisher\":{\"@id\":\"https:\/\/grontkontor.dk\/#organization\"},\"potentialAction\":[{\"@type\":\"SearchAction\",\"target\":{\"@type\":\"EntryPoint\",\"urlTemplate\":\"https:\/\/grontkontor.dk\/?s={search_term_string}\"},\"query-input\":\"required name=search_term_string\"}],\"inLanguage\":\"no-NO\"},{\"@type\":\"Organization\",\"@id\":\"https:\/\/grontkontor.dk\/#organization\",\"name\":\"Gr\u00f8nt Kontor\",\"url\":\"https:\/\/grontkontor.dk\/\",\"logo\":{\"@type\":\"ImageObject\",\"inLanguage\":\"no-NO\",\"@id\":\"https:\/\/grontkontor.dk\/#\/schema\/logo\/image\/\",\"url\":\"https:\/\/grontkontor.dk\/wp-content\/uploads\/2014\/02\/Logo_groent_kontor_300x80.png\",\"contentUrl\":\"https:\/\/grontkontor.dk\/wp-content\/uploads\/2014\/02\/Logo_groent_kontor_300x80.png\",\"width\":300,\"height\":80,\"caption\":\"Gr\u00f8nt Kontor\"},\"image\":{\"@id\":\"https:\/\/grontkontor.dk\/#\/schema\/logo\/image\/\"},\"sameAs\":[\"https:\/\/www.facebook.com\/grontkontor.dk\/\"]}]}<\/script>\n<!-- \/ Yoast SEO Premium plugin. -->","yoast_head_json":{"title":"Plastfrie pappbegre for kalde drikker med logotrykk - 47cl - Gr\u00f8nt Kontor","robots":{"index":"index","follow":"follow","max-snippet":"max-snippet:-1","max-image-preview":"max-image-preview:large","max-video-preview":"max-video-preview:-1"},"canonical":"https:\/\/grontkontor.dk\/shop\/plastfri-papkrust-med-logotryk-47cl\/","og_locale":"en_US","og_type":"article","og_title":"Plastfrie pappbegre for kalde drikker med logotrykk - 47cl","og_description":"Paper2Papirbegre laget av 100 % papir med vannbasert belegg. Papirkoppene er laget av papir og kan resirkuleres sammen med vanlig papiravfall. Krusene er enkeltveggede og dermed spesielt egnet for kalde drikker. Et billig, klima- og milj\u00f8vennlig produkt, produsert i EU og godkjent for form\u00e5let. Du kan velge lokk laget av bagasse &#8211; biologisk nedbrytbare sukkerr\u00f8rfibre [&hellip;]","og_url":"https:\/\/grontkontor.dk\/shop\/plastfri-papkrust-med-logotryk-47cl\/","og_site_name":"Gr\u00f8nt Kontor","article_publisher":"https:\/\/www.facebook.com\/grontkontor.dk\/","og_image":[{"width":900,"height":639,"url":"https:\/\/grontkontor.dk\/wp-content\/uploads\/2020\/03\/papkrus_enkeltvaegget_47cl-1.jpg","type":"image\/jpeg"}],"twitter_card":"summary_large_image","twitter_misc":{"Est. reading time":"1 minute"},"schema":{"@context":"https:\/\/schema.org","@graph":[{"@type":"WebPage","@id":"https:\/\/grontkontor.dk\/shop\/plastfri-papkrust-med-logotryk-47cl\/","url":"https:\/\/grontkontor.dk\/shop\/plastfri-papkrust-med-logotryk-47cl\/","name":"Plastfrie pappbegre for kalde drikker med logotrykk - 47cl - Gr\u00f8nt Kontor","isPartOf":{"@id":"https:\/\/grontkontor.dk\/#website"},"datePublished":"2024-05-28T09:48:30+00:00","dateModified":"2024-05-28T09:48:30+00:00","breadcrumb":{"@id":"https:\/\/grontkontor.dk\/shop\/plastfri-papkrust-med-logotryk-47cl\/#breadcrumb"},"inLanguage":"no-NO","potentialAction":[{"@type":"ReadAction","target":["https:\/\/grontkontor.dk\/shop\/plastfri-papkrust-med-logotryk-47cl\/"]}]},{"@type":"BreadcrumbList","@id":"https:\/\/grontkontor.dk\/shop\/plastfri-papkrust-med-logotryk-47cl\/#breadcrumb","itemListElement":[{"@type":"ListItem","position":1,"name":"Forside","item":"https:\/\/grontkontor.dk\/"},{"@type":"ListItem","position":2,"name":"Butikk","item":"https:\/\/grontkontor.dk\/no\/butikk-2\/"},{"@type":"ListItem","position":3,"name":"Mat og drikke","item":"https:\/\/grontkontor.dk\/no\/produkt-kategori\/mat-og-drikke\/"},{"@type":"ListItem","position":4,"name":"Engangskopper","item":"https:\/\/grontkontor.dk\/no\/produkt-kategori\/mat-og-drikke\/engangskopper\/"},{"@type":"ListItem","position":5,"name":"Plastfrie pappbegre for kalde drikker med logotrykk &#8211; 47cl"}]},{"@type":"WebSite","@id":"https:\/\/grontkontor.dk\/#website","url":"https:\/\/grontkontor.dk\/","name":"Gr\u00f8nt Kontor","description":"Milj\u00f8venlige produkter til kontor og erhverv med fokus p\u00e5 b\u00e6redygtighed, design og fair trade.","publisher":{"@id":"https:\/\/grontkontor.dk\/#organization"},"potentialAction":[{"@type":"SearchAction","target":{"@type":"EntryPoint","urlTemplate":"https:\/\/grontkontor.dk\/?s={search_term_string}"},"query-input":"required name=search_term_string"}],"inLanguage":"no-NO"},{"@type":"Organization","@id":"https:\/\/grontkontor.dk\/#organization","name":"Gr\u00f8nt Kontor","url":"https:\/\/grontkontor.dk\/","logo":{"@type":"ImageObject","inLanguage":"no-NO","@id":"https:\/\/grontkontor.dk\/#\/schema\/logo\/image\/","url":"https:\/\/grontkontor.dk\/wp-content\/uploads\/2014\/02\/Logo_groent_kontor_300x80.png","contentUrl":"https:\/\/grontkontor.dk\/wp-content\/uploads\/2014\/02\/Logo_groent_kontor_300x80.png","width":300,"height":80,"caption":"Gr\u00f8nt Kontor"},"image":{"@id":"https:\/\/grontkontor.dk\/#\/schema\/logo\/image\/"},"sameAs":["https:\/\/www.facebook.com\/grontkontor.dk\/"]}]}},"_links":{"self":[{"href":"https:\/\/grontkontor.dk\/no\/wp-json\/wp\/v2\/product\/86765"}],"collection":[{"href":"https:\/\/grontkontor.dk\/no\/wp-json\/wp\/v2\/product"}],"about":[{"href":"https:\/\/grontkontor.dk\/no\/wp-json\/wp\/v2\/types\/product"}],"replies":[{"embeddable":true,"href":"https:\/\/grontkontor.dk\/no\/wp-json\/wp\/v2\/comments?post=86765"}],"wp:featuredmedia":[{"embeddable":true,"href":"https:\/\/grontkontor.dk\/no\/wp-json\/wp\/v2\/media\/57910"}],"wp:attachment":[{"href":"https:\/\/grontkontor.dk\/no\/wp-json\/wp\/v2\/media?parent=86765"}],"wp:term":[{"taxonomy":"product_cat","embeddable":true,"href":"https:\/\/grontkontor.dk\/no\/wp-json\/wp\/v2\/product_cat?post=86765"},{"taxonomy":"product_tag","embeddable":true,"href":"https:\/\/grontkontor.dk\/no\/wp-json\/wp\/v2\/product_tag?post=86765"}],"curies":[{"name":"wp","href":"https:\/\/api.w.org\/{rel}","templated":true}]}}