{"id":86783,"date":"2023-09-22T14:08:12","date_gmt":"2024-05-28T09:48:32","guid":{"rendered":"https:\/\/grontkontor.dk\/shop\/sma-jute-gavepose-fairtrade\/"},"modified":"2024-05-28T11:48:32","modified_gmt":"2024-05-28T09:48:32","slug":"sma-jute-gavepose-fairtrade","status":"publish","type":"product","link":"https:\/\/grontkontor.dk\/no\/shop\/sma-jute-gavepose-fairtrade\/","title":{"rendered":"Liten Jute gavepose Fairtrade"},"content":{"rendered":"<p>Gavepose laget av milj\u00f8vennlig jute. Perfekt for innpakning bedriftens og ansattes gaver eller som en brosjyre og giveaway for messer og arrangementer.<\/p>\n<p>Jutefibrene utvinnes fra hurtigvoksende korkorkorfrengplanter, fibrene er derfor biologisk nedbrytbare og klimavennlige.<\/p>\n<p><a class=\"light\" href=\"https:\/\/grontkontor.dk\/produkt\/stor-jute-gavepose-fairtrade\/\">Finnes ogs\u00e5 i st\u00f8rre versjon.<\/a><\/p>\n<p>[fairtrade_s]<\/p>\n<p lang=\"da-DK\"><span style=\"font-family: Arial, sans-serif;\"><span style=\"font-size: medium;\">[smeta_s]<\/span><\/span><\/p>\n<p><a href=\"http:\/\/www.fairtrade-maerket.dk\/\" target=\"window\"><img loading=\"lazy\" decoding=\"async\" class=\"alignnone size-full\" src=\"https:\/\/grontkontor.dk\/wp-content\/uploads\/2019\/04\/fairtrade-certificeret.jpg\" \n  alt=\"Fair trade certifikatet - din garanti for at arbejdere og b?nder har fair arbejdsforhold og indt?gt\" width=\"49\" height=\"50\" border=0 \/><\/a> <span style=\"font-family: Arial, sans-serif;\"><span style=\"font-size: medium;\"><a href=\"https:\/\/www.sedex.com\/our-services\/smeta-audit\/\"><img loading=\"lazy\" decoding=\"async\" class=\"size-full wp-image-25180\" src=\"https:\/\/grontkontor.dk\/wp-content\/uploads\/2021\/06\/smeta-audit-certificeret.jpg\" alt=\"SMETA-Audit certificeret for social ansvarlighed\" width=\"62\" height=\"62\" srcset=\"https:\/\/grontkontor.dk\/wp-content\/uploads\/2021\/06\/smeta-audit-certificeret.jpg 200w, https:\/\/grontkontor.dk\/wp-content\/uploads\/2021\/06\/smeta-audit-certificeret-100x100.jpg 100w\" sizes=\"(max-width: 62px) 100vw, 62px\" \/><\/a><\/span><\/span><\/p>\n<p>&nbsp;<\/p>\n","protected":false},"excerpt":{"rendered":"<p>Gavepose laget av milj\u00f8vennlig jute. Perfekt for innpakning bedriftens og ansattes gaver eller som en brosjyre og giveaway for messer og arrangementer. Jutefibrene utvinnes fra hurtigvoksende korkorkorfrengplanter, fibrene er derfor biologisk nedbrytbare og klimavennlige. Finnes ogs\u00e5 i st\u00f8rre versjon. [fairtrade_s] [smeta_s] &nbsp;<\/p>\n","protected":false},"featured_media":70897,"comment_status":"closed","ping_status":"closed","template":"","meta":{"_acf_changed":false},"product_cat":[3199,4395,2657,4447,3539],"product_tag":[3717,3637],"class_list":{"0":"post-86783","1":"product","2":"type-product","3":"status-publish","4":"has-post-thumbnail","6":"product_cat-dummy-moq-1-no","7":"product_cat-gaveposer-og-gaveesker","8":"product_cat-nyheter","9":"product_cat-papirposer-no-2","10":"product_cat-vesker-poser-og-deksler","11":"product_tag-emballasje","12":"product_tag-gavepose-no","13":"tm-has-options","15":"first","16":"instock","17":"taxable","18":"shipping-taxable","19":"purchasable","20":"product-type-simple"},"acf":[],"yoast_head":"<!-- This site is optimized with the Yoast SEO Premium plugin v21.2 (Yoast SEO v21.2) - https:\/\/yoast.com\/wordpress\/plugins\/seo\/ -->\n<title>Liten Jute gavepose Fairtrade - Gr\u00f8nt Kontor<\/title>\n<meta name=\"robots\" content=\"index, follow, max-snippet:-1, max-image-preview:large, max-video-preview:-1\" \/>\n<link rel=\"canonical\" href=\"https:\/\/grontkontor.dk\/no\/shop\/sma-jute-gavepose-fairtrade\/\" \/>\n<meta property=\"og:locale\" content=\"en_US\" \/>\n<meta property=\"og:type\" content=\"article\" \/>\n<meta property=\"og:title\" content=\"Liten Jute gavepose Fairtrade\" \/>\n<meta property=\"og:description\" content=\"Gavepose laget av milj\u00f8vennlig jute. Perfekt for innpakning bedriftens og ansattes gaver eller som en brosjyre og giveaway for messer og arrangementer. Jutefibrene utvinnes fra hurtigvoksende korkorkorfrengplanter, fibrene er derfor biologisk nedbrytbare og klimavennlige. Finnes ogs\u00e5 i st\u00f8rre versjon. [fairtrade_s] [smeta_s] &nbsp;\" \/>\n<meta property=\"og:url\" content=\"https:\/\/grontkontor.dk\/no\/shop\/sma-jute-gavepose-fairtrade\/\" \/>\n<meta property=\"og:site_name\" content=\"Gr\u00f8nt Kontor\" \/>\n<meta property=\"article:publisher\" content=\"https:\/\/www.facebook.com\/grontkontor.dk\/\" \/>\n<meta property=\"og:image\" content=\"https:\/\/grontkontor.dk\/wp-content\/uploads\/2023\/09\/Miljoevenlig-gavepose-i-jute-small.jpg\" \/>\n\t<meta property=\"og:image:width\" content=\"900\" \/>\n\t<meta property=\"og:image:height\" content=\"639\" \/>\n\t<meta property=\"og:image:type\" content=\"image\/jpeg\" \/>\n<meta name=\"twitter:card\" content=\"summary_large_image\" \/>\n<script type=\"application\/ld+json\" class=\"yoast-schema-graph\">{\"@context\":\"https:\/\/schema.org\",\"@graph\":[{\"@type\":\"WebPage\",\"@id\":\"https:\/\/grontkontor.dk\/no\/shop\/sma-jute-gavepose-fairtrade\/\",\"url\":\"https:\/\/grontkontor.dk\/no\/shop\/sma-jute-gavepose-fairtrade\/\",\"name\":\"Liten Jute gavepose Fairtrade - Gr\u00f8nt Kontor\",\"isPartOf\":{\"@id\":\"https:\/\/grontkontor.dk\/#website\"},\"datePublished\":\"2024-05-28T09:48:32+00:00\",\"dateModified\":\"2024-05-28T09:48:32+00:00\",\"breadcrumb\":{\"@id\":\"https:\/\/grontkontor.dk\/no\/shop\/sma-jute-gavepose-fairtrade\/#breadcrumb\"},\"inLanguage\":\"no-NO\",\"potentialAction\":[{\"@type\":\"ReadAction\",\"target\":[\"https:\/\/grontkontor.dk\/no\/shop\/sma-jute-gavepose-fairtrade\/\"]}]},{\"@type\":\"BreadcrumbList\",\"@id\":\"https:\/\/grontkontor.dk\/no\/shop\/sma-jute-gavepose-fairtrade\/#breadcrumb\",\"itemListElement\":[{\"@type\":\"ListItem\",\"position\":1,\"name\":\"Forside\",\"item\":\"https:\/\/grontkontor.dk\/\"},{\"@type\":\"ListItem\",\"position\":2,\"name\":\"Butikk\",\"item\":\"https:\/\/grontkontor.dk\/no\/butikk-2\/\"},{\"@type\":\"ListItem\",\"position\":3,\"name\":\"Poser, tasker og covers\",\"item\":\"https:\/\/grontkontor.dk\/produkt-kategori\/poser-tasker-covers\/\"},{\"@type\":\"ListItem\",\"position\":4,\"name\":\"Gaveposer\",\"item\":\"https:\/\/grontkontor.dk\/produkt-kategori\/poser-tasker-covers\/gaveposer\/\"},{\"@type\":\"ListItem\",\"position\":5,\"name\":\"Liten Jute gavepose Fairtrade\"}]},{\"@type\":\"WebSite\",\"@id\":\"https:\/\/grontkontor.dk\/#website\",\"url\":\"https:\/\/grontkontor.dk\/\",\"name\":\"Gr\u00f8nt Kontor\",\"description\":\"Milj\u00f8venlige produkter til kontor og erhverv med fokus p\u00e5 b\u00e6redygtighed, design og fair trade.\",\"publisher\":{\"@id\":\"https:\/\/grontkontor.dk\/#organization\"},\"potentialAction\":[{\"@type\":\"SearchAction\",\"target\":{\"@type\":\"EntryPoint\",\"urlTemplate\":\"https:\/\/grontkontor.dk\/?s={search_term_string}\"},\"query-input\":\"required name=search_term_string\"}],\"inLanguage\":\"no-NO\"},{\"@type\":\"Organization\",\"@id\":\"https:\/\/grontkontor.dk\/#organization\",\"name\":\"Gr\u00f8nt Kontor\",\"url\":\"https:\/\/grontkontor.dk\/\",\"logo\":{\"@type\":\"ImageObject\",\"inLanguage\":\"no-NO\",\"@id\":\"https:\/\/grontkontor.dk\/#\/schema\/logo\/image\/\",\"url\":\"https:\/\/grontkontor.dk\/wp-content\/uploads\/2014\/02\/Logo_groent_kontor_300x80.png\",\"contentUrl\":\"https:\/\/grontkontor.dk\/wp-content\/uploads\/2014\/02\/Logo_groent_kontor_300x80.png\",\"width\":300,\"height\":80,\"caption\":\"Gr\u00f8nt Kontor\"},\"image\":{\"@id\":\"https:\/\/grontkontor.dk\/#\/schema\/logo\/image\/\"},\"sameAs\":[\"https:\/\/www.facebook.com\/grontkontor.dk\/\"]}]}<\/script>\n<!-- \/ Yoast SEO Premium plugin. -->","yoast_head_json":{"title":"Liten Jute gavepose Fairtrade - Gr\u00f8nt Kontor","robots":{"index":"index","follow":"follow","max-snippet":"max-snippet:-1","max-image-preview":"max-image-preview:large","max-video-preview":"max-video-preview:-1"},"canonical":"https:\/\/grontkontor.dk\/no\/shop\/sma-jute-gavepose-fairtrade\/","og_locale":"en_US","og_type":"article","og_title":"Liten Jute gavepose Fairtrade","og_description":"Gavepose laget av milj\u00f8vennlig jute. Perfekt for innpakning bedriftens og ansattes gaver eller som en brosjyre og giveaway for messer og arrangementer. Jutefibrene utvinnes fra hurtigvoksende korkorkorfrengplanter, fibrene er derfor biologisk nedbrytbare og klimavennlige. Finnes ogs\u00e5 i st\u00f8rre versjon. [fairtrade_s] [smeta_s] &nbsp;","og_url":"https:\/\/grontkontor.dk\/no\/shop\/sma-jute-gavepose-fairtrade\/","og_site_name":"Gr\u00f8nt Kontor","article_publisher":"https:\/\/www.facebook.com\/grontkontor.dk\/","og_image":[{"width":900,"height":639,"url":"https:\/\/grontkontor.dk\/wp-content\/uploads\/2023\/09\/Miljoevenlig-gavepose-i-jute-small.jpg","type":"image\/jpeg"}],"twitter_card":"summary_large_image","schema":{"@context":"https:\/\/schema.org","@graph":[{"@type":"WebPage","@id":"https:\/\/grontkontor.dk\/no\/shop\/sma-jute-gavepose-fairtrade\/","url":"https:\/\/grontkontor.dk\/no\/shop\/sma-jute-gavepose-fairtrade\/","name":"Liten Jute gavepose Fairtrade - Gr\u00f8nt Kontor","isPartOf":{"@id":"https:\/\/grontkontor.dk\/#website"},"datePublished":"2024-05-28T09:48:32+00:00","dateModified":"2024-05-28T09:48:32+00:00","breadcrumb":{"@id":"https:\/\/grontkontor.dk\/no\/shop\/sma-jute-gavepose-fairtrade\/#breadcrumb"},"inLanguage":"no-NO","potentialAction":[{"@type":"ReadAction","target":["https:\/\/grontkontor.dk\/no\/shop\/sma-jute-gavepose-fairtrade\/"]}]},{"@type":"BreadcrumbList","@id":"https:\/\/grontkontor.dk\/no\/shop\/sma-jute-gavepose-fairtrade\/#breadcrumb","itemListElement":[{"@type":"ListItem","position":1,"name":"Forside","item":"https:\/\/grontkontor.dk\/"},{"@type":"ListItem","position":2,"name":"Butikk","item":"https:\/\/grontkontor.dk\/no\/butikk-2\/"},{"@type":"ListItem","position":3,"name":"Poser, tasker og covers","item":"https:\/\/grontkontor.dk\/produkt-kategori\/poser-tasker-covers\/"},{"@type":"ListItem","position":4,"name":"Gaveposer","item":"https:\/\/grontkontor.dk\/produkt-kategori\/poser-tasker-covers\/gaveposer\/"},{"@type":"ListItem","position":5,"name":"Liten Jute gavepose Fairtrade"}]},{"@type":"WebSite","@id":"https:\/\/grontkontor.dk\/#website","url":"https:\/\/grontkontor.dk\/","name":"Gr\u00f8nt Kontor","description":"Milj\u00f8venlige produkter til kontor og erhverv med fokus p\u00e5 b\u00e6redygtighed, design og fair trade.","publisher":{"@id":"https:\/\/grontkontor.dk\/#organization"},"potentialAction":[{"@type":"SearchAction","target":{"@type":"EntryPoint","urlTemplate":"https:\/\/grontkontor.dk\/?s={search_term_string}"},"query-input":"required name=search_term_string"}],"inLanguage":"no-NO"},{"@type":"Organization","@id":"https:\/\/grontkontor.dk\/#organization","name":"Gr\u00f8nt Kontor","url":"https:\/\/grontkontor.dk\/","logo":{"@type":"ImageObject","inLanguage":"no-NO","@id":"https:\/\/grontkontor.dk\/#\/schema\/logo\/image\/","url":"https:\/\/grontkontor.dk\/wp-content\/uploads\/2014\/02\/Logo_groent_kontor_300x80.png","contentUrl":"https:\/\/grontkontor.dk\/wp-content\/uploads\/2014\/02\/Logo_groent_kontor_300x80.png","width":300,"height":80,"caption":"Gr\u00f8nt Kontor"},"image":{"@id":"https:\/\/grontkontor.dk\/#\/schema\/logo\/image\/"},"sameAs":["https:\/\/www.facebook.com\/grontkontor.dk\/"]}]}},"_links":{"self":[{"href":"https:\/\/grontkontor.dk\/no\/wp-json\/wp\/v2\/product\/86783"}],"collection":[{"href":"https:\/\/grontkontor.dk\/no\/wp-json\/wp\/v2\/product"}],"about":[{"href":"https:\/\/grontkontor.dk\/no\/wp-json\/wp\/v2\/types\/product"}],"replies":[{"embeddable":true,"href":"https:\/\/grontkontor.dk\/no\/wp-json\/wp\/v2\/comments?post=86783"}],"wp:featuredmedia":[{"embeddable":true,"href":"https:\/\/grontkontor.dk\/no\/wp-json\/wp\/v2\/media\/70897"}],"wp:attachment":[{"href":"https:\/\/grontkontor.dk\/no\/wp-json\/wp\/v2\/media?parent=86783"}],"wp:term":[{"taxonomy":"product_cat","embeddable":true,"href":"https:\/\/grontkontor.dk\/no\/wp-json\/wp\/v2\/product_cat?post=86783"},{"taxonomy":"product_tag","embeddable":true,"href":"https:\/\/grontkontor.dk\/no\/wp-json\/wp\/v2\/product_tag?post=86783"}],"curies":[{"name":"wp","href":"https:\/\/api.w.org\/{rel}","templated":true}]}}