{"id":86853,"date":"2023-09-22T14:06:53","date_gmt":"2024-05-28T09:48:36","guid":{"rendered":"https:\/\/grontkontor.dk\/shop\/miljoevennlig-pakkefylling-av-tang\/"},"modified":"2024-05-28T11:48:36","modified_gmt":"2024-05-28T09:48:36","slug":"miljoevennlig-pakkefylling-av-tang","status":"publish","type":"product","link":"https:\/\/grontkontor.dk\/no\/shop\/miljoevennlig-pakkefylling-av-tang\/","title":{"rendered":"Milj\u00f8vennlig emballasjemateriale laget av tang"},"content":{"rendered":"<p>Biologisk nedbrytbart og klimavennlig pakkefyll laget av dansk \u00e5legress, som beskytter b\u00e5de klimaet og pakkene dine. Kan ogs\u00e5 brukes som et alternativ til h\u00f8y eller papir i gavekurver. \u00c5legraset lukter ikke tang, men har en mild lukt av salt og h\u00f8y. Etter bruk som boksfyll kan tangen brukes igjen i potter, balkongkasser eller i hagebed hvor den holder p\u00e5 fuktigheten, fungerer som gj\u00f8dsel med mineraler, vitaminer og n\u00e6ringsstoffer og som et beskyttende lag mot ugress. \u00c5legresset samles p\u00e5 de danske kystene hvor det samles og t\u00f8rkes i vind og sol \u2013 det h\u00f8stes derfor ikke fra havbunnen. \u00c5legresset er allergivennlig og naturlig motstandsdyktig mot r\u00e5te og sopp. Leveres i esker \u00e1 ca. 8 kg. <a href=\"https:\/\/ic.fsc.org\/en\/\" target=\"window\"><img loading=\"lazy\" decoding=\"async\" class=\"size-full wp-image-12735\" src=\"https:\/\/grontkontor.dk\/wp-content\/uploads\/2019\/04\/fsc-certificeret.png\" \n\t\t alt=\"FSC-certificeret\" title=\"FSC-certificeret\" width=\"44\" height=\"51\" border=0\/><\/a> <img loading=\"lazy\" decoding=\"async\" src=\"https:\/\/grontkontor.dk\/wp-content\/uploads\/2022\/04\/fremstillet-i-danmark.jpg\" alt=\"Fremstillet i dk danmark\" width=\"66\" height=\"50\" class=\"size-full wp-image-35747\" \/><\/p>\n","protected":false},"excerpt":{"rendered":"<p>Biologisk nedbrytbart og klimavennlig pakkefyll laget av dansk \u00e5legress, som beskytter b\u00e5de klimaet og pakkene dine. Kan ogs\u00e5 brukes som et alternativ til h\u00f8y eller papir i gavekurver. \u00c5legraset lukter ikke tang, men har en mild lukt av salt og h\u00f8y. Etter bruk som boksfyll kan tangen brukes igjen i potter, balkongkasser eller i hagebed [&hellip;]<\/p>\n","protected":false},"featured_media":70652,"comment_status":"closed","ping_status":"closed","template":"","meta":{"_acf_changed":false},"product_cat":[3225,2657],"product_tag":[3717,3731],"class_list":{"0":"post-86853","1":"product","2":"type-product","3":"status-publish","4":"has-post-thumbnail","6":"product_cat-dummy-moq-10-50-no","7":"product_cat-nyheter","8":"product_tag-emballasje","9":"product_tag-forsendelse-no","10":"tm-has-options","12":"first","13":"instock","14":"taxable","15":"shipping-taxable","16":"purchasable","17":"product-type-simple"},"acf":[],"yoast_head":"<!-- This site is optimized with the Yoast SEO Premium plugin v21.2 (Yoast SEO v21.2) - https:\/\/yoast.com\/wordpress\/plugins\/seo\/ -->\n<title>Milj\u00f8vennlig emballasjemateriale laget av tang - Gr\u00f8nt Kontor<\/title>\n<meta name=\"robots\" content=\"index, follow, max-snippet:-1, max-image-preview:large, max-video-preview:-1\" \/>\n<link rel=\"canonical\" href=\"https:\/\/grontkontor.dk\/no\/shop\/miljoevennlig-pakkefylling-av-tang\/\" \/>\n<meta property=\"og:locale\" content=\"en_US\" \/>\n<meta property=\"og:type\" content=\"article\" \/>\n<meta property=\"og:title\" content=\"Milj\u00f8vennlig emballasjemateriale laget av tang\" \/>\n<meta property=\"og:description\" content=\"Biologisk nedbrytbart og klimavennlig pakkefyll laget av dansk \u00e5legress, som beskytter b\u00e5de klimaet og pakkene dine. Kan ogs\u00e5 brukes som et alternativ til h\u00f8y eller papir i gavekurver. \u00c5legraset lukter ikke tang, men har en mild lukt av salt og h\u00f8y. Etter bruk som boksfyll kan tangen brukes igjen i potter, balkongkasser eller i hagebed [&hellip;]\" \/>\n<meta property=\"og:url\" content=\"https:\/\/grontkontor.dk\/no\/shop\/miljoevennlig-pakkefylling-av-tang\/\" \/>\n<meta property=\"og:site_name\" content=\"Gr\u00f8nt Kontor\" \/>\n<meta property=\"article:publisher\" content=\"https:\/\/www.facebook.com\/grontkontor.dk\/\" \/>\n<meta property=\"og:image\" content=\"https:\/\/grontkontor.dk\/wp-content\/uploads\/2023\/09\/Klimavenligt-pakkefyld-af-dansk-tang.jpg\" \/>\n\t<meta property=\"og:image:width\" content=\"900\" \/>\n\t<meta property=\"og:image:height\" content=\"639\" \/>\n\t<meta property=\"og:image:type\" content=\"image\/jpeg\" \/>\n<meta name=\"twitter:card\" content=\"summary_large_image\" \/>\n<meta name=\"twitter:label1\" content=\"Est. reading time\" \/>\n\t<meta name=\"twitter:data1\" content=\"1 minute\" \/>\n<script type=\"application\/ld+json\" class=\"yoast-schema-graph\">{\"@context\":\"https:\/\/schema.org\",\"@graph\":[{\"@type\":\"WebPage\",\"@id\":\"https:\/\/grontkontor.dk\/no\/shop\/miljoevennlig-pakkefylling-av-tang\/\",\"url\":\"https:\/\/grontkontor.dk\/no\/shop\/miljoevennlig-pakkefylling-av-tang\/\",\"name\":\"Milj\u00f8vennlig emballasjemateriale laget av tang - Gr\u00f8nt Kontor\",\"isPartOf\":{\"@id\":\"https:\/\/grontkontor.dk\/#website\"},\"datePublished\":\"2024-05-28T09:48:36+00:00\",\"dateModified\":\"2024-05-28T09:48:36+00:00\",\"breadcrumb\":{\"@id\":\"https:\/\/grontkontor.dk\/no\/shop\/miljoevennlig-pakkefylling-av-tang\/#breadcrumb\"},\"inLanguage\":\"no-NO\",\"potentialAction\":[{\"@type\":\"ReadAction\",\"target\":[\"https:\/\/grontkontor.dk\/no\/shop\/miljoevennlig-pakkefylling-av-tang\/\"]}]},{\"@type\":\"BreadcrumbList\",\"@id\":\"https:\/\/grontkontor.dk\/no\/shop\/miljoevennlig-pakkefylling-av-tang\/#breadcrumb\",\"itemListElement\":[{\"@type\":\"ListItem\",\"position\":1,\"name\":\"Forside\",\"item\":\"https:\/\/grontkontor.dk\/\"},{\"@type\":\"ListItem\",\"position\":2,\"name\":\"Butikk\",\"item\":\"https:\/\/grontkontor.dk\/no\/butikk-2\/\"},{\"@type\":\"ListItem\",\"position\":3,\"name\":\"Milj\u00f8vennlig emballasjemateriale laget av tang\"}]},{\"@type\":\"WebSite\",\"@id\":\"https:\/\/grontkontor.dk\/#website\",\"url\":\"https:\/\/grontkontor.dk\/\",\"name\":\"Gr\u00f8nt Kontor\",\"description\":\"Milj\u00f8venlige produkter til kontor og erhverv med fokus p\u00e5 b\u00e6redygtighed, design og fair trade.\",\"publisher\":{\"@id\":\"https:\/\/grontkontor.dk\/#organization\"},\"potentialAction\":[{\"@type\":\"SearchAction\",\"target\":{\"@type\":\"EntryPoint\",\"urlTemplate\":\"https:\/\/grontkontor.dk\/?s={search_term_string}\"},\"query-input\":\"required name=search_term_string\"}],\"inLanguage\":\"no-NO\"},{\"@type\":\"Organization\",\"@id\":\"https:\/\/grontkontor.dk\/#organization\",\"name\":\"Gr\u00f8nt Kontor\",\"url\":\"https:\/\/grontkontor.dk\/\",\"logo\":{\"@type\":\"ImageObject\",\"inLanguage\":\"no-NO\",\"@id\":\"https:\/\/grontkontor.dk\/#\/schema\/logo\/image\/\",\"url\":\"https:\/\/grontkontor.dk\/wp-content\/uploads\/2014\/02\/Logo_groent_kontor_300x80.png\",\"contentUrl\":\"https:\/\/grontkontor.dk\/wp-content\/uploads\/2014\/02\/Logo_groent_kontor_300x80.png\",\"width\":300,\"height\":80,\"caption\":\"Gr\u00f8nt Kontor\"},\"image\":{\"@id\":\"https:\/\/grontkontor.dk\/#\/schema\/logo\/image\/\"},\"sameAs\":[\"https:\/\/www.facebook.com\/grontkontor.dk\/\"]}]}<\/script>\n<!-- \/ Yoast SEO Premium plugin. -->","yoast_head_json":{"title":"Milj\u00f8vennlig emballasjemateriale laget av tang - Gr\u00f8nt Kontor","robots":{"index":"index","follow":"follow","max-snippet":"max-snippet:-1","max-image-preview":"max-image-preview:large","max-video-preview":"max-video-preview:-1"},"canonical":"https:\/\/grontkontor.dk\/no\/shop\/miljoevennlig-pakkefylling-av-tang\/","og_locale":"en_US","og_type":"article","og_title":"Milj\u00f8vennlig emballasjemateriale laget av tang","og_description":"Biologisk nedbrytbart og klimavennlig pakkefyll laget av dansk \u00e5legress, som beskytter b\u00e5de klimaet og pakkene dine. Kan ogs\u00e5 brukes som et alternativ til h\u00f8y eller papir i gavekurver. \u00c5legraset lukter ikke tang, men har en mild lukt av salt og h\u00f8y. Etter bruk som boksfyll kan tangen brukes igjen i potter, balkongkasser eller i hagebed [&hellip;]","og_url":"https:\/\/grontkontor.dk\/no\/shop\/miljoevennlig-pakkefylling-av-tang\/","og_site_name":"Gr\u00f8nt Kontor","article_publisher":"https:\/\/www.facebook.com\/grontkontor.dk\/","og_image":[{"width":900,"height":639,"url":"https:\/\/grontkontor.dk\/wp-content\/uploads\/2023\/09\/Klimavenligt-pakkefyld-af-dansk-tang.jpg","type":"image\/jpeg"}],"twitter_card":"summary_large_image","twitter_misc":{"Est. reading time":"1 minute"},"schema":{"@context":"https:\/\/schema.org","@graph":[{"@type":"WebPage","@id":"https:\/\/grontkontor.dk\/no\/shop\/miljoevennlig-pakkefylling-av-tang\/","url":"https:\/\/grontkontor.dk\/no\/shop\/miljoevennlig-pakkefylling-av-tang\/","name":"Milj\u00f8vennlig emballasjemateriale laget av tang - Gr\u00f8nt Kontor","isPartOf":{"@id":"https:\/\/grontkontor.dk\/#website"},"datePublished":"2024-05-28T09:48:36+00:00","dateModified":"2024-05-28T09:48:36+00:00","breadcrumb":{"@id":"https:\/\/grontkontor.dk\/no\/shop\/miljoevennlig-pakkefylling-av-tang\/#breadcrumb"},"inLanguage":"no-NO","potentialAction":[{"@type":"ReadAction","target":["https:\/\/grontkontor.dk\/no\/shop\/miljoevennlig-pakkefylling-av-tang\/"]}]},{"@type":"BreadcrumbList","@id":"https:\/\/grontkontor.dk\/no\/shop\/miljoevennlig-pakkefylling-av-tang\/#breadcrumb","itemListElement":[{"@type":"ListItem","position":1,"name":"Forside","item":"https:\/\/grontkontor.dk\/"},{"@type":"ListItem","position":2,"name":"Butikk","item":"https:\/\/grontkontor.dk\/no\/butikk-2\/"},{"@type":"ListItem","position":3,"name":"Milj\u00f8vennlig emballasjemateriale laget av tang"}]},{"@type":"WebSite","@id":"https:\/\/grontkontor.dk\/#website","url":"https:\/\/grontkontor.dk\/","name":"Gr\u00f8nt Kontor","description":"Milj\u00f8venlige produkter til kontor og erhverv med fokus p\u00e5 b\u00e6redygtighed, design og fair trade.","publisher":{"@id":"https:\/\/grontkontor.dk\/#organization"},"potentialAction":[{"@type":"SearchAction","target":{"@type":"EntryPoint","urlTemplate":"https:\/\/grontkontor.dk\/?s={search_term_string}"},"query-input":"required name=search_term_string"}],"inLanguage":"no-NO"},{"@type":"Organization","@id":"https:\/\/grontkontor.dk\/#organization","name":"Gr\u00f8nt Kontor","url":"https:\/\/grontkontor.dk\/","logo":{"@type":"ImageObject","inLanguage":"no-NO","@id":"https:\/\/grontkontor.dk\/#\/schema\/logo\/image\/","url":"https:\/\/grontkontor.dk\/wp-content\/uploads\/2014\/02\/Logo_groent_kontor_300x80.png","contentUrl":"https:\/\/grontkontor.dk\/wp-content\/uploads\/2014\/02\/Logo_groent_kontor_300x80.png","width":300,"height":80,"caption":"Gr\u00f8nt Kontor"},"image":{"@id":"https:\/\/grontkontor.dk\/#\/schema\/logo\/image\/"},"sameAs":["https:\/\/www.facebook.com\/grontkontor.dk\/"]}]}},"_links":{"self":[{"href":"https:\/\/grontkontor.dk\/no\/wp-json\/wp\/v2\/product\/86853"}],"collection":[{"href":"https:\/\/grontkontor.dk\/no\/wp-json\/wp\/v2\/product"}],"about":[{"href":"https:\/\/grontkontor.dk\/no\/wp-json\/wp\/v2\/types\/product"}],"replies":[{"embeddable":true,"href":"https:\/\/grontkontor.dk\/no\/wp-json\/wp\/v2\/comments?post=86853"}],"wp:featuredmedia":[{"embeddable":true,"href":"https:\/\/grontkontor.dk\/no\/wp-json\/wp\/v2\/media\/70652"}],"wp:attachment":[{"href":"https:\/\/grontkontor.dk\/no\/wp-json\/wp\/v2\/media?parent=86853"}],"wp:term":[{"taxonomy":"product_cat","embeddable":true,"href":"https:\/\/grontkontor.dk\/no\/wp-json\/wp\/v2\/product_cat?post=86853"},{"taxonomy":"product_tag","embeddable":true,"href":"https:\/\/grontkontor.dk\/no\/wp-json\/wp\/v2\/product_tag?post=86853"}],"curies":[{"name":"wp","href":"https:\/\/api.w.org\/{rel}","templated":true}]}}