{"id":86963,"date":"2023-09-22T14:02:52","date_gmt":"2024-05-28T09:54:54","guid":{"rendered":"https:\/\/grontkontor.dk\/shop\/okologisk-kaffe-espresso-1kg\/"},"modified":"2024-05-28T11:54:54","modified_gmt":"2024-05-28T09:54:54","slug":"okologisk-kaffe-espresso-1kg","status":"publish","type":"product","link":"https:\/\/grontkontor.dk\/no\/shop\/okologisk-kaffe-espresso-1kg\/","title":{"rendered":"\u00d8kologiske kaffeb\u00f8nner Espresso 1kg"},"content":{"rendered":"<p>H\u00e5ndplukket \u00f8kologisk arabica-kaffe fra fairtrade-sertifiserte kaffeplantasjer. Blandingen er rund og harmonisk med noter av sjokolade. Espressob\u00f8nnene brennes ekstra lenge, noe som gir en dyp m\u00f8rk farge og egner seg spesielt godt til \u00e5 males opp til den veldig fine og intense espressoen.<\/p>\n<p>Kaffen egner seg godt til espressomaskiner, kaffetraktere, filterkaffe og press.<\/p>\n<p>Minimum 6 stk. selges i esker p\u00e5 6 stk.<\/p>\n<p>Netto vekt: 1000 g<br \/>\nOpprinnelse: Papua Ny-Guinea, Etiopia og Peru<br \/>\nB\u00f8r lagres: T\u00f8rt og kj\u00f8lig<\/p>\n<p lang=\"da-DK\"><span style=\"font-family: Arial, sans-serif;\"><span style=\"font-size: medium;\"><a href=\"http:\/\/www.fairtrade-maerket.dk\/\" target=\"window\"><img loading=\"lazy\" decoding=\"async\" class=\"alignnone size-full\" src=\"https:\/\/grontkontor.dk\/wp-content\/uploads\/2019\/04\/fairtrade-certificeret.jpg\" \n  alt=\"Fair trade certifikatet - din garanti for at arbejdere og b?nder har fair arbejdsforhold og indt?gt\" width=\"49\" height=\"50\" border=0 \/><\/a><\/span><\/span><\/p>\n","protected":false},"excerpt":{"rendered":"<p>H\u00e5ndplukket \u00f8kologisk arabica-kaffe fra fairtrade-sertifiserte kaffeplantasjer. Blandingen er rund og harmonisk med noter av sjokolade. Espressob\u00f8nnene brennes ekstra lenge, noe som gir en dyp m\u00f8rk farge og egner seg spesielt godt til \u00e5 males opp til den veldig fine og intense espressoen. Kaffen egner seg godt til espressomaskiner, kaffetraktere, filterkaffe og press. Minimum 6 stk. [&hellip;]<\/p>\n","protected":false},"featured_media":69550,"comment_status":"closed","ping_status":"closed","template":"","meta":{"_acf_changed":false},"product_cat":[3225,3786,3194,3216,2657],"product_tag":[3787,3792],"class_list":{"0":"post-86963","1":"product","2":"type-product","3":"status-publish","4":"has-post-thumbnail","6":"product_cat-dummy-moq-10-50-no","7":"product_cat-kaffe-og-te-no","8":"product_cat-klimavennlige-firmagaver","9":"product_cat-mat-og-drikke","10":"product_cat-nyheter","11":"product_tag-kaffe-no","12":"product_tag-te-no","13":"tm-has-options","15":"first","16":"instock","17":"taxable","18":"shipping-taxable","19":"purchasable","20":"product-type-simple"},"acf":[],"yoast_head":"<!-- This site is optimized with the Yoast SEO Premium plugin v21.2 (Yoast SEO v21.2) - https:\/\/yoast.com\/wordpress\/plugins\/seo\/ -->\n<title>\u00d8kologiske kaffeb\u00f8nner Espresso 1kg - Gr\u00f8nt Kontor<\/title>\n<meta name=\"robots\" content=\"index, follow, max-snippet:-1, max-image-preview:large, max-video-preview:-1\" \/>\n<link rel=\"canonical\" href=\"https:\/\/grontkontor.dk\/no\/shop\/okologisk-kaffe-espresso-1kg\/\" \/>\n<meta property=\"og:locale\" content=\"en_US\" \/>\n<meta property=\"og:type\" content=\"article\" \/>\n<meta property=\"og:title\" content=\"\u00d8kologiske kaffeb\u00f8nner Espresso 1kg\" \/>\n<meta property=\"og:description\" content=\"H\u00e5ndplukket \u00f8kologisk arabica-kaffe fra fairtrade-sertifiserte kaffeplantasjer. Blandingen er rund og harmonisk med noter av sjokolade. Espressob\u00f8nnene brennes ekstra lenge, noe som gir en dyp m\u00f8rk farge og egner seg spesielt godt til \u00e5 males opp til den veldig fine og intense espressoen. Kaffen egner seg godt til espressomaskiner, kaffetraktere, filterkaffe og press. Minimum 6 stk. [&hellip;]\" \/>\n<meta property=\"og:url\" content=\"https:\/\/grontkontor.dk\/no\/shop\/okologisk-kaffe-espresso-1kg\/\" \/>\n<meta property=\"og:site_name\" content=\"Gr\u00f8nt Kontor\" \/>\n<meta property=\"article:publisher\" content=\"https:\/\/www.facebook.com\/grontkontor.dk\/\" \/>\n<meta property=\"og:image\" content=\"https:\/\/grontkontor.dk\/wp-content\/uploads\/2023\/09\/Fairtrade-oekologisk-kaffeboenner-espresso-1kg.jpg\" \/>\n\t<meta property=\"og:image:width\" content=\"900\" \/>\n\t<meta property=\"og:image:height\" content=\"639\" \/>\n\t<meta property=\"og:image:type\" content=\"image\/jpeg\" \/>\n<meta name=\"twitter:card\" content=\"summary_large_image\" \/>\n<script type=\"application\/ld+json\" class=\"yoast-schema-graph\">{\"@context\":\"https:\/\/schema.org\",\"@graph\":[{\"@type\":\"WebPage\",\"@id\":\"https:\/\/grontkontor.dk\/no\/shop\/okologisk-kaffe-espresso-1kg\/\",\"url\":\"https:\/\/grontkontor.dk\/no\/shop\/okologisk-kaffe-espresso-1kg\/\",\"name\":\"\u00d8kologiske kaffeb\u00f8nner Espresso 1kg - Gr\u00f8nt Kontor\",\"isPartOf\":{\"@id\":\"https:\/\/grontkontor.dk\/#website\"},\"datePublished\":\"2024-05-28T09:54:54+00:00\",\"dateModified\":\"2024-05-28T09:54:54+00:00\",\"breadcrumb\":{\"@id\":\"https:\/\/grontkontor.dk\/no\/shop\/okologisk-kaffe-espresso-1kg\/#breadcrumb\"},\"inLanguage\":\"no-NO\",\"potentialAction\":[{\"@type\":\"ReadAction\",\"target\":[\"https:\/\/grontkontor.dk\/no\/shop\/okologisk-kaffe-espresso-1kg\/\"]}]},{\"@type\":\"BreadcrumbList\",\"@id\":\"https:\/\/grontkontor.dk\/no\/shop\/okologisk-kaffe-espresso-1kg\/#breadcrumb\",\"itemListElement\":[{\"@type\":\"ListItem\",\"position\":1,\"name\":\"Forside\",\"item\":\"https:\/\/grontkontor.dk\/\"},{\"@type\":\"ListItem\",\"position\":2,\"name\":\"Butikk\",\"item\":\"https:\/\/grontkontor.dk\/no\/butikk-2\/\"},{\"@type\":\"ListItem\",\"position\":3,\"name\":\"Mat og drikke\",\"item\":\"https:\/\/grontkontor.dk\/no\/produkt-kategori\/mat-og-drikke\/\"},{\"@type\":\"ListItem\",\"position\":4,\"name\":\"Kaffe og te\",\"item\":\"https:\/\/grontkontor.dk\/no\/produkt-kategori\/kaffe-og-te-no\/\"},{\"@type\":\"ListItem\",\"position\":5,\"name\":\"\u00d8kologiske kaffeb\u00f8nner Espresso 1kg\"}]},{\"@type\":\"WebSite\",\"@id\":\"https:\/\/grontkontor.dk\/#website\",\"url\":\"https:\/\/grontkontor.dk\/\",\"name\":\"Gr\u00f8nt Kontor\",\"description\":\"Milj\u00f8venlige produkter til kontor og erhverv med fokus p\u00e5 b\u00e6redygtighed, design og fair trade.\",\"publisher\":{\"@id\":\"https:\/\/grontkontor.dk\/#organization\"},\"potentialAction\":[{\"@type\":\"SearchAction\",\"target\":{\"@type\":\"EntryPoint\",\"urlTemplate\":\"https:\/\/grontkontor.dk\/?s={search_term_string}\"},\"query-input\":\"required name=search_term_string\"}],\"inLanguage\":\"no-NO\"},{\"@type\":\"Organization\",\"@id\":\"https:\/\/grontkontor.dk\/#organization\",\"name\":\"Gr\u00f8nt Kontor\",\"url\":\"https:\/\/grontkontor.dk\/\",\"logo\":{\"@type\":\"ImageObject\",\"inLanguage\":\"no-NO\",\"@id\":\"https:\/\/grontkontor.dk\/#\/schema\/logo\/image\/\",\"url\":\"https:\/\/grontkontor.dk\/wp-content\/uploads\/2014\/02\/Logo_groent_kontor_300x80.png\",\"contentUrl\":\"https:\/\/grontkontor.dk\/wp-content\/uploads\/2014\/02\/Logo_groent_kontor_300x80.png\",\"width\":300,\"height\":80,\"caption\":\"Gr\u00f8nt Kontor\"},\"image\":{\"@id\":\"https:\/\/grontkontor.dk\/#\/schema\/logo\/image\/\"},\"sameAs\":[\"https:\/\/www.facebook.com\/grontkontor.dk\/\"]}]}<\/script>\n<!-- \/ Yoast SEO Premium plugin. -->","yoast_head_json":{"title":"\u00d8kologiske kaffeb\u00f8nner Espresso 1kg - Gr\u00f8nt Kontor","robots":{"index":"index","follow":"follow","max-snippet":"max-snippet:-1","max-image-preview":"max-image-preview:large","max-video-preview":"max-video-preview:-1"},"canonical":"https:\/\/grontkontor.dk\/no\/shop\/okologisk-kaffe-espresso-1kg\/","og_locale":"en_US","og_type":"article","og_title":"\u00d8kologiske kaffeb\u00f8nner Espresso 1kg","og_description":"H\u00e5ndplukket \u00f8kologisk arabica-kaffe fra fairtrade-sertifiserte kaffeplantasjer. Blandingen er rund og harmonisk med noter av sjokolade. Espressob\u00f8nnene brennes ekstra lenge, noe som gir en dyp m\u00f8rk farge og egner seg spesielt godt til \u00e5 males opp til den veldig fine og intense espressoen. Kaffen egner seg godt til espressomaskiner, kaffetraktere, filterkaffe og press. Minimum 6 stk. [&hellip;]","og_url":"https:\/\/grontkontor.dk\/no\/shop\/okologisk-kaffe-espresso-1kg\/","og_site_name":"Gr\u00f8nt Kontor","article_publisher":"https:\/\/www.facebook.com\/grontkontor.dk\/","og_image":[{"width":900,"height":639,"url":"https:\/\/grontkontor.dk\/wp-content\/uploads\/2023\/09\/Fairtrade-oekologisk-kaffeboenner-espresso-1kg.jpg","type":"image\/jpeg"}],"twitter_card":"summary_large_image","schema":{"@context":"https:\/\/schema.org","@graph":[{"@type":"WebPage","@id":"https:\/\/grontkontor.dk\/no\/shop\/okologisk-kaffe-espresso-1kg\/","url":"https:\/\/grontkontor.dk\/no\/shop\/okologisk-kaffe-espresso-1kg\/","name":"\u00d8kologiske kaffeb\u00f8nner Espresso 1kg - Gr\u00f8nt Kontor","isPartOf":{"@id":"https:\/\/grontkontor.dk\/#website"},"datePublished":"2024-05-28T09:54:54+00:00","dateModified":"2024-05-28T09:54:54+00:00","breadcrumb":{"@id":"https:\/\/grontkontor.dk\/no\/shop\/okologisk-kaffe-espresso-1kg\/#breadcrumb"},"inLanguage":"no-NO","potentialAction":[{"@type":"ReadAction","target":["https:\/\/grontkontor.dk\/no\/shop\/okologisk-kaffe-espresso-1kg\/"]}]},{"@type":"BreadcrumbList","@id":"https:\/\/grontkontor.dk\/no\/shop\/okologisk-kaffe-espresso-1kg\/#breadcrumb","itemListElement":[{"@type":"ListItem","position":1,"name":"Forside","item":"https:\/\/grontkontor.dk\/"},{"@type":"ListItem","position":2,"name":"Butikk","item":"https:\/\/grontkontor.dk\/no\/butikk-2\/"},{"@type":"ListItem","position":3,"name":"Mat og drikke","item":"https:\/\/grontkontor.dk\/no\/produkt-kategori\/mat-og-drikke\/"},{"@type":"ListItem","position":4,"name":"Kaffe og te","item":"https:\/\/grontkontor.dk\/no\/produkt-kategori\/kaffe-og-te-no\/"},{"@type":"ListItem","position":5,"name":"\u00d8kologiske kaffeb\u00f8nner Espresso 1kg"}]},{"@type":"WebSite","@id":"https:\/\/grontkontor.dk\/#website","url":"https:\/\/grontkontor.dk\/","name":"Gr\u00f8nt Kontor","description":"Milj\u00f8venlige produkter til kontor og erhverv med fokus p\u00e5 b\u00e6redygtighed, design og fair trade.","publisher":{"@id":"https:\/\/grontkontor.dk\/#organization"},"potentialAction":[{"@type":"SearchAction","target":{"@type":"EntryPoint","urlTemplate":"https:\/\/grontkontor.dk\/?s={search_term_string}"},"query-input":"required name=search_term_string"}],"inLanguage":"no-NO"},{"@type":"Organization","@id":"https:\/\/grontkontor.dk\/#organization","name":"Gr\u00f8nt Kontor","url":"https:\/\/grontkontor.dk\/","logo":{"@type":"ImageObject","inLanguage":"no-NO","@id":"https:\/\/grontkontor.dk\/#\/schema\/logo\/image\/","url":"https:\/\/grontkontor.dk\/wp-content\/uploads\/2014\/02\/Logo_groent_kontor_300x80.png","contentUrl":"https:\/\/grontkontor.dk\/wp-content\/uploads\/2014\/02\/Logo_groent_kontor_300x80.png","width":300,"height":80,"caption":"Gr\u00f8nt Kontor"},"image":{"@id":"https:\/\/grontkontor.dk\/#\/schema\/logo\/image\/"},"sameAs":["https:\/\/www.facebook.com\/grontkontor.dk\/"]}]}},"_links":{"self":[{"href":"https:\/\/grontkontor.dk\/no\/wp-json\/wp\/v2\/product\/86963"}],"collection":[{"href":"https:\/\/grontkontor.dk\/no\/wp-json\/wp\/v2\/product"}],"about":[{"href":"https:\/\/grontkontor.dk\/no\/wp-json\/wp\/v2\/types\/product"}],"replies":[{"embeddable":true,"href":"https:\/\/grontkontor.dk\/no\/wp-json\/wp\/v2\/comments?post=86963"}],"wp:featuredmedia":[{"embeddable":true,"href":"https:\/\/grontkontor.dk\/no\/wp-json\/wp\/v2\/media\/69550"}],"wp:attachment":[{"href":"https:\/\/grontkontor.dk\/no\/wp-json\/wp\/v2\/media?parent=86963"}],"wp:term":[{"taxonomy":"product_cat","embeddable":true,"href":"https:\/\/grontkontor.dk\/no\/wp-json\/wp\/v2\/product_cat?post=86963"},{"taxonomy":"product_tag","embeddable":true,"href":"https:\/\/grontkontor.dk\/no\/wp-json\/wp\/v2\/product_tag?post=86963"}],"curies":[{"name":"wp","href":"https:\/\/api.w.org\/{rel}","templated":true}]}}