{"id":87019,"date":"2023-09-22T14:05:13","date_gmt":"2024-05-28T09:54:58","guid":{"rendered":"https:\/\/grontkontor.dk\/shop\/plastfri-resirkulert-boblekonvolutt\/"},"modified":"2024-06-18T12:29:47","modified_gmt":"2024-06-18T10:29:47","slug":"plastfri-resirkulert-boblekonvolutt","status":"publish","type":"product","link":"https:\/\/grontkontor.dk\/no\/shop\/plastfri-resirkulert-boblekonvolutt\/","title":{"rendered":"Plastfri resirkulert boblekonvolutt"},"content":{"rendered":"<p>Plastfri boblekonvolutt i 100 % kraftresirkulert papir. Disse kraftige og holdbare posene er et flott milj\u00f8vennlig alternativ til plastposer. Posen er utstyrt med perforering og dobbel stripelukking, for enkel retur. Etter bruk kan posen sorteres som vanlig papir. Boblekonvolutten er Blue Angel-sertifisert.<\/p>\n<p>\u2022 100 % resirkulert papir.<br \/>\n\u2022 SUMO fraktposer er det perfekte milj\u00f8vennlige valget n\u00e5r du vil beskytte innholdet du sender.<br \/>\n\u2022 SUMO inneholder ingen plast og er derfor fullstendig resirkulerbar, i motsetning til tradisjonelle boblekonvolutter.<br \/>\n\u2022 Alle SUMO-poser har stripelukking.<br \/>\n\u2022 Sikker og st\u00f8tsikker.<br \/>\n\u2022 Polstret med papir over hele overflaten av posen.<\/p>\n<p>&nbsp;<\/p>\n<p>[papir]<\/p>\n<p><a href=\"https:\/\/en.wikipedia.org\/wiki\/Blue_Angel_(certification)\" rel=\"noopener\" target=\"_blank\"><img loading=\"lazy\" decoding=\"async\" class=\"size-full wp-image-12701\" src=\"https:\/\/grontkontor.dk\/wp-content\/uploads\/2019\/04\/blaa-engel.png\" \n\t\t alt=\"Bl? engel certificeret\" title=\"Bl? engel certificeret\" width=\"57\" height=\"62\" border=0 \/><\/a> <img loading=\"lazy\" decoding=\"async\" src=\"https:\/\/grontkontor.dk\/wp-content\/uploads\/2021\/02\/genbrug.jpg\" alt=\"Fremstillet af genbrugsmaterialer\" width=\"50\" height=\"50\" class=\"size-full wp-image-23031\" srcset=\"https:\/\/grontkontor.dk\/wp-content\/uploads\/2021\/02\/genbrug.jpg 199w, https:\/\/grontkontor.dk\/wp-content\/uploads\/2021\/02\/genbrug-100x100.jpg 100w\" sizes=\"(max-width: 50px) 100vw, 50px\" \/><\/p>\n","protected":false},"excerpt":{"rendered":"<p>Plastfri boblekonvolutt i 100 % kraftresirkulert papir. Disse kraftige og holdbare posene er et flott milj\u00f8vennlig alternativ til plastposer. Posen er utstyrt med perforering og dobbel stripelukking, for enkel retur. Etter bruk kan posen sorteres som vanlig papir. Boblekonvolutten er Blue Angel-sertifisert. \u2022 100 % resirkulert papir. \u2022 SUMO fraktposer er det perfekte milj\u00f8vennlige valget [&hellip;]<\/p>\n","protected":false},"featured_media":69921,"comment_status":"closed","ping_status":"closed","template":"","meta":{"_acf_changed":false},"product_cat":[3790,3782,3508,2657,3195,3781,3196],"product_tag":[3731,3795],"class_list":{"0":"post-87019","1":"product","2":"type-product","3":"status-publish","4":"has-post-thumbnail","6":"product_cat-dummy-moq-500-no","7":"product_cat-konvolutter","8":"product_cat-naturlig-resirkulert-papir","9":"product_cat-nyheter","10":"product_cat-produktserier","11":"product_cat-skrivesaker","12":"product_cat-trykksak","13":"product_tag-forsendelse-no","14":"product_tag-konvolutt","15":"tm-has-options","17":"first","18":"instock","19":"taxable","20":"shipping-taxable","21":"product-type-variable"},"acf":[],"yoast_head":"<!-- This site is optimized with the Yoast SEO Premium plugin v21.2 (Yoast SEO v21.2) - https:\/\/yoast.com\/wordpress\/plugins\/seo\/ -->\n<title>Plastfri resirkulert boblekonvolutt - Gr\u00f8nt Kontor<\/title>\n<meta name=\"robots\" content=\"index, follow, max-snippet:-1, max-image-preview:large, max-video-preview:-1\" \/>\n<link rel=\"canonical\" href=\"https:\/\/grontkontor.dk\/no\/shop\/plastfri-resirkulert-boblekonvolutt\/\" \/>\n<meta property=\"og:locale\" content=\"en_US\" \/>\n<meta property=\"og:type\" content=\"article\" \/>\n<meta property=\"og:title\" content=\"Plastfri resirkulert boblekonvolutt\" \/>\n<meta property=\"og:description\" content=\"Plastfri boblekonvolutt i 100 % kraftresirkulert papir. Disse kraftige og holdbare posene er et flott milj\u00f8vennlig alternativ til plastposer. Posen er utstyrt med perforering og dobbel stripelukking, for enkel retur. Etter bruk kan posen sorteres som vanlig papir. Boblekonvolutten er Blue Angel-sertifisert. \u2022 100 % resirkulert papir. \u2022 SUMO fraktposer er det perfekte milj\u00f8vennlige valget [&hellip;]\" \/>\n<meta property=\"og:url\" content=\"https:\/\/grontkontor.dk\/no\/shop\/plastfri-resirkulert-boblekonvolutt\/\" \/>\n<meta property=\"og:site_name\" content=\"Gr\u00f8nt Kontor\" \/>\n<meta property=\"article:publisher\" content=\"https:\/\/www.facebook.com\/grontkontor.dk\/\" \/>\n<meta property=\"article:modified_time\" content=\"2024-06-18T10:29:47+00:00\" \/>\n<meta property=\"og:image\" content=\"https:\/\/grontkontor.dk\/wp-content\/uploads\/2023\/09\/Sumo-boblekuvert.jpg\" \/>\n\t<meta property=\"og:image:width\" content=\"900\" \/>\n\t<meta property=\"og:image:height\" content=\"639\" \/>\n\t<meta property=\"og:image:type\" content=\"image\/jpeg\" \/>\n<meta name=\"twitter:card\" content=\"summary_large_image\" \/>\n<script type=\"application\/ld+json\" class=\"yoast-schema-graph\">{\"@context\":\"https:\/\/schema.org\",\"@graph\":[{\"@type\":\"WebPage\",\"@id\":\"https:\/\/grontkontor.dk\/no\/shop\/plastfri-resirkulert-boblekonvolutt\/\",\"url\":\"https:\/\/grontkontor.dk\/no\/shop\/plastfri-resirkulert-boblekonvolutt\/\",\"name\":\"Plastfri resirkulert boblekonvolutt - Gr\u00f8nt Kontor\",\"isPartOf\":{\"@id\":\"https:\/\/grontkontor.dk\/#website\"},\"datePublished\":\"2024-05-28T09:54:58+00:00\",\"dateModified\":\"2024-06-18T10:29:47+00:00\",\"breadcrumb\":{\"@id\":\"https:\/\/grontkontor.dk\/no\/shop\/plastfri-resirkulert-boblekonvolutt\/#breadcrumb\"},\"inLanguage\":\"no-NO\",\"potentialAction\":[{\"@type\":\"ReadAction\",\"target\":[\"https:\/\/grontkontor.dk\/no\/shop\/plastfri-resirkulert-boblekonvolutt\/\"]}]},{\"@type\":\"BreadcrumbList\",\"@id\":\"https:\/\/grontkontor.dk\/no\/shop\/plastfri-resirkulert-boblekonvolutt\/#breadcrumb\",\"itemListElement\":[{\"@type\":\"ListItem\",\"position\":1,\"name\":\"Forside\",\"item\":\"https:\/\/grontkontor.dk\/\"},{\"@type\":\"ListItem\",\"position\":2,\"name\":\"Butikk\",\"item\":\"https:\/\/grontkontor.dk\/no\/butikk-2\/\"},{\"@type\":\"ListItem\",\"position\":3,\"name\":\"Produktserier\",\"item\":\"https:\/\/grontkontor.dk\/no\/produkt-kategori\/produktserier\/\"},{\"@type\":\"ListItem\",\"position\":4,\"name\":\"Naturlig resirkulert papir\",\"item\":\"https:\/\/grontkontor.dk\/no\/produkt-kategori\/produktserier\/naturlig-resirkulert-papir\/\"},{\"@type\":\"ListItem\",\"position\":5,\"name\":\"Plastfri resirkulert boblekonvolutt\"}]},{\"@type\":\"WebSite\",\"@id\":\"https:\/\/grontkontor.dk\/#website\",\"url\":\"https:\/\/grontkontor.dk\/\",\"name\":\"Gr\u00f8nt Kontor\",\"description\":\"Milj\u00f8venlige produkter til kontor og erhverv med fokus p\u00e5 b\u00e6redygtighed, design og fair trade.\",\"publisher\":{\"@id\":\"https:\/\/grontkontor.dk\/#organization\"},\"potentialAction\":[{\"@type\":\"SearchAction\",\"target\":{\"@type\":\"EntryPoint\",\"urlTemplate\":\"https:\/\/grontkontor.dk\/?s={search_term_string}\"},\"query-input\":\"required name=search_term_string\"}],\"inLanguage\":\"no-NO\"},{\"@type\":\"Organization\",\"@id\":\"https:\/\/grontkontor.dk\/#organization\",\"name\":\"Gr\u00f8nt Kontor\",\"url\":\"https:\/\/grontkontor.dk\/\",\"logo\":{\"@type\":\"ImageObject\",\"inLanguage\":\"no-NO\",\"@id\":\"https:\/\/grontkontor.dk\/#\/schema\/logo\/image\/\",\"url\":\"https:\/\/grontkontor.dk\/wp-content\/uploads\/2014\/02\/Logo_groent_kontor_300x80.png\",\"contentUrl\":\"https:\/\/grontkontor.dk\/wp-content\/uploads\/2014\/02\/Logo_groent_kontor_300x80.png\",\"width\":300,\"height\":80,\"caption\":\"Gr\u00f8nt Kontor\"},\"image\":{\"@id\":\"https:\/\/grontkontor.dk\/#\/schema\/logo\/image\/\"},\"sameAs\":[\"https:\/\/www.facebook.com\/grontkontor.dk\/\"]}]}<\/script>\n<!-- \/ Yoast SEO Premium plugin. -->","yoast_head_json":{"title":"Plastfri resirkulert boblekonvolutt - Gr\u00f8nt Kontor","robots":{"index":"index","follow":"follow","max-snippet":"max-snippet:-1","max-image-preview":"max-image-preview:large","max-video-preview":"max-video-preview:-1"},"canonical":"https:\/\/grontkontor.dk\/no\/shop\/plastfri-resirkulert-boblekonvolutt\/","og_locale":"en_US","og_type":"article","og_title":"Plastfri resirkulert boblekonvolutt","og_description":"Plastfri boblekonvolutt i 100 % kraftresirkulert papir. Disse kraftige og holdbare posene er et flott milj\u00f8vennlig alternativ til plastposer. Posen er utstyrt med perforering og dobbel stripelukking, for enkel retur. Etter bruk kan posen sorteres som vanlig papir. Boblekonvolutten er Blue Angel-sertifisert. \u2022 100 % resirkulert papir. \u2022 SUMO fraktposer er det perfekte milj\u00f8vennlige valget [&hellip;]","og_url":"https:\/\/grontkontor.dk\/no\/shop\/plastfri-resirkulert-boblekonvolutt\/","og_site_name":"Gr\u00f8nt Kontor","article_publisher":"https:\/\/www.facebook.com\/grontkontor.dk\/","article_modified_time":"2024-06-18T10:29:47+00:00","og_image":[{"width":900,"height":639,"url":"https:\/\/grontkontor.dk\/wp-content\/uploads\/2023\/09\/Sumo-boblekuvert.jpg","type":"image\/jpeg"}],"twitter_card":"summary_large_image","schema":{"@context":"https:\/\/schema.org","@graph":[{"@type":"WebPage","@id":"https:\/\/grontkontor.dk\/no\/shop\/plastfri-resirkulert-boblekonvolutt\/","url":"https:\/\/grontkontor.dk\/no\/shop\/plastfri-resirkulert-boblekonvolutt\/","name":"Plastfri resirkulert boblekonvolutt - Gr\u00f8nt Kontor","isPartOf":{"@id":"https:\/\/grontkontor.dk\/#website"},"datePublished":"2024-05-28T09:54:58+00:00","dateModified":"2024-06-18T10:29:47+00:00","breadcrumb":{"@id":"https:\/\/grontkontor.dk\/no\/shop\/plastfri-resirkulert-boblekonvolutt\/#breadcrumb"},"inLanguage":"no-NO","potentialAction":[{"@type":"ReadAction","target":["https:\/\/grontkontor.dk\/no\/shop\/plastfri-resirkulert-boblekonvolutt\/"]}]},{"@type":"BreadcrumbList","@id":"https:\/\/grontkontor.dk\/no\/shop\/plastfri-resirkulert-boblekonvolutt\/#breadcrumb","itemListElement":[{"@type":"ListItem","position":1,"name":"Forside","item":"https:\/\/grontkontor.dk\/"},{"@type":"ListItem","position":2,"name":"Butikk","item":"https:\/\/grontkontor.dk\/no\/butikk-2\/"},{"@type":"ListItem","position":3,"name":"Produktserier","item":"https:\/\/grontkontor.dk\/no\/produkt-kategori\/produktserier\/"},{"@type":"ListItem","position":4,"name":"Naturlig resirkulert papir","item":"https:\/\/grontkontor.dk\/no\/produkt-kategori\/produktserier\/naturlig-resirkulert-papir\/"},{"@type":"ListItem","position":5,"name":"Plastfri resirkulert boblekonvolutt"}]},{"@type":"WebSite","@id":"https:\/\/grontkontor.dk\/#website","url":"https:\/\/grontkontor.dk\/","name":"Gr\u00f8nt Kontor","description":"Milj\u00f8venlige produkter til kontor og erhverv med fokus p\u00e5 b\u00e6redygtighed, design og fair trade.","publisher":{"@id":"https:\/\/grontkontor.dk\/#organization"},"potentialAction":[{"@type":"SearchAction","target":{"@type":"EntryPoint","urlTemplate":"https:\/\/grontkontor.dk\/?s={search_term_string}"},"query-input":"required name=search_term_string"}],"inLanguage":"no-NO"},{"@type":"Organization","@id":"https:\/\/grontkontor.dk\/#organization","name":"Gr\u00f8nt Kontor","url":"https:\/\/grontkontor.dk\/","logo":{"@type":"ImageObject","inLanguage":"no-NO","@id":"https:\/\/grontkontor.dk\/#\/schema\/logo\/image\/","url":"https:\/\/grontkontor.dk\/wp-content\/uploads\/2014\/02\/Logo_groent_kontor_300x80.png","contentUrl":"https:\/\/grontkontor.dk\/wp-content\/uploads\/2014\/02\/Logo_groent_kontor_300x80.png","width":300,"height":80,"caption":"Gr\u00f8nt Kontor"},"image":{"@id":"https:\/\/grontkontor.dk\/#\/schema\/logo\/image\/"},"sameAs":["https:\/\/www.facebook.com\/grontkontor.dk\/"]}]}},"_links":{"self":[{"href":"https:\/\/grontkontor.dk\/no\/wp-json\/wp\/v2\/product\/87019"}],"collection":[{"href":"https:\/\/grontkontor.dk\/no\/wp-json\/wp\/v2\/product"}],"about":[{"href":"https:\/\/grontkontor.dk\/no\/wp-json\/wp\/v2\/types\/product"}],"replies":[{"embeddable":true,"href":"https:\/\/grontkontor.dk\/no\/wp-json\/wp\/v2\/comments?post=87019"}],"wp:featuredmedia":[{"embeddable":true,"href":"https:\/\/grontkontor.dk\/no\/wp-json\/wp\/v2\/media\/69921"}],"wp:attachment":[{"href":"https:\/\/grontkontor.dk\/no\/wp-json\/wp\/v2\/media?parent=87019"}],"wp:term":[{"taxonomy":"product_cat","embeddable":true,"href":"https:\/\/grontkontor.dk\/no\/wp-json\/wp\/v2\/product_cat?post=87019"},{"taxonomy":"product_tag","embeddable":true,"href":"https:\/\/grontkontor.dk\/no\/wp-json\/wp\/v2\/product_tag?post=87019"}],"curies":[{"name":"wp","href":"https:\/\/api.w.org\/{rel}","templated":true}]}}