{"id":87022,"date":"2023-09-22T14:02:52","date_gmt":"2024-05-28T09:54:58","guid":{"rendered":"https:\/\/grontkontor.dk\/shop\/mini-terrarium-sett-m-u-print\/"},"modified":"2024-06-25T12:19:07","modified_gmt":"2024-06-25T10:19:07","slug":"mini-terrarium-sett-m-u-print","status":"publish","type":"product","link":"https:\/\/grontkontor.dk\/no\/shop\/mini-terrarium-sett-m-u-print\/","title":{"rendered":"Mini terrarium settm\/u trykk"},"content":{"rendered":"<p>Lag ditt eget miniterrarium med dette terrariumsettet. Denne innend\u00f8rshagen er laget av borosilikatglass med et lokk laget av milj\u00f8vennlig kork. Kan bestilles med print eller lasergravering p\u00e5 lokket.<br \/>\nInstruksjoner, kaktusfr\u00f8 og bambustang er inkludert.<\/p>\n<p>En hyggelig ansatt- eller firmagave til spesielle anledninger.<\/p>\n<p>Produsert i Europa<\/p>\n<p>&nbsp;<\/p>\n<p>[kork] [glas] [bambus]<\/p>\n<p>&nbsp;<\/p>\n<p><img loading=\"lazy\" decoding=\"async\" class=\"size-medium wp-image-21008\" src=\"https:\/\/grontkontor.dk\/wp-content\/uploads\/2020\/11\/eu-flag_1-300x199.jpg\" alt=\"Fremstillet i EU\" width=\"76\" height=\"50\" srcset=\"https:\/\/grontkontor.dk\/wp-content\/uploads\/2020\/11\/eu-flag_1-300x199.jpg 300w, https:\/\/grontkontor.dk\/wp-content\/uploads\/2020\/11\/eu-flag_1.jpg 530w\" sizes=\"(max-width: 76px) 100vw, 76px\" \/> <img loading=\"lazy\" decoding=\"async\" src=\"https:\/\/grontkontor.dk\/wp-content\/uploads\/2021\/02\/genbrug.jpg\" alt=\"Fremstillet af genbrugsmaterialer\" width=\"50\" height=\"50\" class=\"size-full wp-image-23031\" srcset=\"https:\/\/grontkontor.dk\/wp-content\/uploads\/2021\/02\/genbrug.jpg 199w, https:\/\/grontkontor.dk\/wp-content\/uploads\/2021\/02\/genbrug-100x100.jpg 100w\" sizes=\"(max-width: 50px) 100vw, 50px\" \/><\/p>\n","protected":false},"excerpt":{"rendered":"<p>Lag ditt eget miniterrarium med dette terrariumsettet. Denne innend\u00f8rshagen er laget av borosilikatglass med et lokk laget av milj\u00f8vennlig kork. Kan bestilles med print eller lasergravering p\u00e5 lokket. Instruksjoner, kaktusfr\u00f8 og bambustang er inkludert. En hyggelig ansatt- eller firmagave til spesielle anledninger. Produsert i Europa &nbsp; [kork] [glas] [bambus] &nbsp;<\/p>\n","protected":false},"featured_media":69518,"comment_status":"closed","ping_status":"closed","template":"","meta":{"_acf_changed":false},"product_cat":[3199,3194,2657,3652,3195],"product_tag":[3654,3806],"class_list":{"0":"post-87022","1":"product","2":"type-product","3":"status-publish","4":"has-post-thumbnail","6":"product_cat-dummy-moq-1-no","7":"product_cat-klimavennlige-firmagaver","8":"product_cat-nyheter","9":"product_cat-plant-gaver","10":"product_cat-produktserier","11":"product_tag-plant-gave","12":"product_tag-terrarium-sett","13":"tm-has-options","15":"first","16":"instock","17":"taxable","18":"shipping-taxable","19":"purchasable","20":"product-type-simple"},"acf":[],"yoast_head":"<!-- This site is optimized with the Yoast SEO Premium plugin v21.2 (Yoast SEO v21.2) - https:\/\/yoast.com\/wordpress\/plugins\/seo\/ -->\n<title>Mini terrarium settm\/u trykk - Gr\u00f8nt Kontor<\/title>\n<meta name=\"robots\" content=\"index, follow, max-snippet:-1, max-image-preview:large, max-video-preview:-1\" \/>\n<link rel=\"canonical\" href=\"https:\/\/grontkontor.dk\/no\/shop\/mini-terrarium-sett-m-u-print\/\" \/>\n<meta property=\"og:locale\" content=\"en_US\" \/>\n<meta property=\"og:type\" content=\"article\" \/>\n<meta property=\"og:title\" content=\"Mini terrarium settm\/u trykk\" \/>\n<meta property=\"og:description\" content=\"Lag ditt eget miniterrarium med dette terrariumsettet. Denne innend\u00f8rshagen er laget av borosilikatglass med et lokk laget av milj\u00f8vennlig kork. Kan bestilles med print eller lasergravering p\u00e5 lokket. Instruksjoner, kaktusfr\u00f8 og bambustang er inkludert. En hyggelig ansatt- eller firmagave til spesielle anledninger. Produsert i Europa &nbsp; [kork] [glas] [bambus] &nbsp;\" \/>\n<meta property=\"og:url\" content=\"https:\/\/grontkontor.dk\/no\/shop\/mini-terrarium-sett-m-u-print\/\" \/>\n<meta property=\"og:site_name\" content=\"Gr\u00f8nt Kontor\" \/>\n<meta property=\"article:publisher\" content=\"https:\/\/www.facebook.com\/grontkontor.dk\/\" \/>\n<meta property=\"article:modified_time\" content=\"2024-06-25T10:19:07+00:00\" \/>\n<meta property=\"og:image\" content=\"https:\/\/grontkontor.dk\/wp-content\/uploads\/2023\/09\/Mini-terrariesaet-glas-og-kork.jpg\" \/>\n\t<meta property=\"og:image:width\" content=\"900\" \/>\n\t<meta property=\"og:image:height\" content=\"639\" \/>\n\t<meta property=\"og:image:type\" content=\"image\/jpeg\" \/>\n<meta name=\"twitter:card\" content=\"summary_large_image\" \/>\n<script type=\"application\/ld+json\" class=\"yoast-schema-graph\">{\"@context\":\"https:\/\/schema.org\",\"@graph\":[{\"@type\":\"WebPage\",\"@id\":\"https:\/\/grontkontor.dk\/no\/shop\/mini-terrarium-sett-m-u-print\/\",\"url\":\"https:\/\/grontkontor.dk\/no\/shop\/mini-terrarium-sett-m-u-print\/\",\"name\":\"Mini terrarium settm\/u trykk - Gr\u00f8nt Kontor\",\"isPartOf\":{\"@id\":\"https:\/\/grontkontor.dk\/#website\"},\"datePublished\":\"2024-05-28T09:54:58+00:00\",\"dateModified\":\"2024-06-25T10:19:07+00:00\",\"breadcrumb\":{\"@id\":\"https:\/\/grontkontor.dk\/no\/shop\/mini-terrarium-sett-m-u-print\/#breadcrumb\"},\"inLanguage\":\"no-NO\",\"potentialAction\":[{\"@type\":\"ReadAction\",\"target\":[\"https:\/\/grontkontor.dk\/no\/shop\/mini-terrarium-sett-m-u-print\/\"]}]},{\"@type\":\"BreadcrumbList\",\"@id\":\"https:\/\/grontkontor.dk\/no\/shop\/mini-terrarium-sett-m-u-print\/#breadcrumb\",\"itemListElement\":[{\"@type\":\"ListItem\",\"position\":1,\"name\":\"Forside\",\"item\":\"https:\/\/grontkontor.dk\/\"},{\"@type\":\"ListItem\",\"position\":2,\"name\":\"Butikk\",\"item\":\"https:\/\/grontkontor.dk\/no\/butikk-2\/\"},{\"@type\":\"ListItem\",\"position\":3,\"name\":\"Produktserier\",\"item\":\"https:\/\/grontkontor.dk\/no\/produkt-kategori\/produktserier\/\"},{\"@type\":\"ListItem\",\"position\":4,\"name\":\"Plant gaver\",\"item\":\"https:\/\/grontkontor.dk\/no\/produkt-kategori\/produktserier\/plant-gaver\/\"},{\"@type\":\"ListItem\",\"position\":5,\"name\":\"Mini terrarium settm\/u trykk\"}]},{\"@type\":\"WebSite\",\"@id\":\"https:\/\/grontkontor.dk\/#website\",\"url\":\"https:\/\/grontkontor.dk\/\",\"name\":\"Gr\u00f8nt Kontor\",\"description\":\"Milj\u00f8venlige produkter til kontor og erhverv med fokus p\u00e5 b\u00e6redygtighed, design og fair trade.\",\"publisher\":{\"@id\":\"https:\/\/grontkontor.dk\/#organization\"},\"potentialAction\":[{\"@type\":\"SearchAction\",\"target\":{\"@type\":\"EntryPoint\",\"urlTemplate\":\"https:\/\/grontkontor.dk\/?s={search_term_string}\"},\"query-input\":\"required name=search_term_string\"}],\"inLanguage\":\"no-NO\"},{\"@type\":\"Organization\",\"@id\":\"https:\/\/grontkontor.dk\/#organization\",\"name\":\"Gr\u00f8nt Kontor\",\"url\":\"https:\/\/grontkontor.dk\/\",\"logo\":{\"@type\":\"ImageObject\",\"inLanguage\":\"no-NO\",\"@id\":\"https:\/\/grontkontor.dk\/#\/schema\/logo\/image\/\",\"url\":\"https:\/\/grontkontor.dk\/wp-content\/uploads\/2014\/02\/Logo_groent_kontor_300x80.png\",\"contentUrl\":\"https:\/\/grontkontor.dk\/wp-content\/uploads\/2014\/02\/Logo_groent_kontor_300x80.png\",\"width\":300,\"height\":80,\"caption\":\"Gr\u00f8nt Kontor\"},\"image\":{\"@id\":\"https:\/\/grontkontor.dk\/#\/schema\/logo\/image\/\"},\"sameAs\":[\"https:\/\/www.facebook.com\/grontkontor.dk\/\"]}]}<\/script>\n<!-- \/ Yoast SEO Premium plugin. -->","yoast_head_json":{"title":"Mini terrarium settm\/u trykk - Gr\u00f8nt Kontor","robots":{"index":"index","follow":"follow","max-snippet":"max-snippet:-1","max-image-preview":"max-image-preview:large","max-video-preview":"max-video-preview:-1"},"canonical":"https:\/\/grontkontor.dk\/no\/shop\/mini-terrarium-sett-m-u-print\/","og_locale":"en_US","og_type":"article","og_title":"Mini terrarium settm\/u trykk","og_description":"Lag ditt eget miniterrarium med dette terrariumsettet. Denne innend\u00f8rshagen er laget av borosilikatglass med et lokk laget av milj\u00f8vennlig kork. Kan bestilles med print eller lasergravering p\u00e5 lokket. Instruksjoner, kaktusfr\u00f8 og bambustang er inkludert. En hyggelig ansatt- eller firmagave til spesielle anledninger. Produsert i Europa &nbsp; [kork] [glas] [bambus] &nbsp;","og_url":"https:\/\/grontkontor.dk\/no\/shop\/mini-terrarium-sett-m-u-print\/","og_site_name":"Gr\u00f8nt Kontor","article_publisher":"https:\/\/www.facebook.com\/grontkontor.dk\/","article_modified_time":"2024-06-25T10:19:07+00:00","og_image":[{"width":900,"height":639,"url":"https:\/\/grontkontor.dk\/wp-content\/uploads\/2023\/09\/Mini-terrariesaet-glas-og-kork.jpg","type":"image\/jpeg"}],"twitter_card":"summary_large_image","schema":{"@context":"https:\/\/schema.org","@graph":[{"@type":"WebPage","@id":"https:\/\/grontkontor.dk\/no\/shop\/mini-terrarium-sett-m-u-print\/","url":"https:\/\/grontkontor.dk\/no\/shop\/mini-terrarium-sett-m-u-print\/","name":"Mini terrarium settm\/u trykk - Gr\u00f8nt Kontor","isPartOf":{"@id":"https:\/\/grontkontor.dk\/#website"},"datePublished":"2024-05-28T09:54:58+00:00","dateModified":"2024-06-25T10:19:07+00:00","breadcrumb":{"@id":"https:\/\/grontkontor.dk\/no\/shop\/mini-terrarium-sett-m-u-print\/#breadcrumb"},"inLanguage":"no-NO","potentialAction":[{"@type":"ReadAction","target":["https:\/\/grontkontor.dk\/no\/shop\/mini-terrarium-sett-m-u-print\/"]}]},{"@type":"BreadcrumbList","@id":"https:\/\/grontkontor.dk\/no\/shop\/mini-terrarium-sett-m-u-print\/#breadcrumb","itemListElement":[{"@type":"ListItem","position":1,"name":"Forside","item":"https:\/\/grontkontor.dk\/"},{"@type":"ListItem","position":2,"name":"Butikk","item":"https:\/\/grontkontor.dk\/no\/butikk-2\/"},{"@type":"ListItem","position":3,"name":"Produktserier","item":"https:\/\/grontkontor.dk\/no\/produkt-kategori\/produktserier\/"},{"@type":"ListItem","position":4,"name":"Plant gaver","item":"https:\/\/grontkontor.dk\/no\/produkt-kategori\/produktserier\/plant-gaver\/"},{"@type":"ListItem","position":5,"name":"Mini terrarium settm\/u trykk"}]},{"@type":"WebSite","@id":"https:\/\/grontkontor.dk\/#website","url":"https:\/\/grontkontor.dk\/","name":"Gr\u00f8nt Kontor","description":"Milj\u00f8venlige produkter til kontor og erhverv med fokus p\u00e5 b\u00e6redygtighed, design og fair trade.","publisher":{"@id":"https:\/\/grontkontor.dk\/#organization"},"potentialAction":[{"@type":"SearchAction","target":{"@type":"EntryPoint","urlTemplate":"https:\/\/grontkontor.dk\/?s={search_term_string}"},"query-input":"required name=search_term_string"}],"inLanguage":"no-NO"},{"@type":"Organization","@id":"https:\/\/grontkontor.dk\/#organization","name":"Gr\u00f8nt Kontor","url":"https:\/\/grontkontor.dk\/","logo":{"@type":"ImageObject","inLanguage":"no-NO","@id":"https:\/\/grontkontor.dk\/#\/schema\/logo\/image\/","url":"https:\/\/grontkontor.dk\/wp-content\/uploads\/2014\/02\/Logo_groent_kontor_300x80.png","contentUrl":"https:\/\/grontkontor.dk\/wp-content\/uploads\/2014\/02\/Logo_groent_kontor_300x80.png","width":300,"height":80,"caption":"Gr\u00f8nt Kontor"},"image":{"@id":"https:\/\/grontkontor.dk\/#\/schema\/logo\/image\/"},"sameAs":["https:\/\/www.facebook.com\/grontkontor.dk\/"]}]}},"_links":{"self":[{"href":"https:\/\/grontkontor.dk\/no\/wp-json\/wp\/v2\/product\/87022"}],"collection":[{"href":"https:\/\/grontkontor.dk\/no\/wp-json\/wp\/v2\/product"}],"about":[{"href":"https:\/\/grontkontor.dk\/no\/wp-json\/wp\/v2\/types\/product"}],"replies":[{"embeddable":true,"href":"https:\/\/grontkontor.dk\/no\/wp-json\/wp\/v2\/comments?post=87022"}],"wp:featuredmedia":[{"embeddable":true,"href":"https:\/\/grontkontor.dk\/no\/wp-json\/wp\/v2\/media\/69518"}],"wp:attachment":[{"href":"https:\/\/grontkontor.dk\/no\/wp-json\/wp\/v2\/media?parent=87022"}],"wp:term":[{"taxonomy":"product_cat","embeddable":true,"href":"https:\/\/grontkontor.dk\/no\/wp-json\/wp\/v2\/product_cat?post=87022"},{"taxonomy":"product_tag","embeddable":true,"href":"https:\/\/grontkontor.dk\/no\/wp-json\/wp\/v2\/product_tag?post=87022"}],"curies":[{"name":"wp","href":"https:\/\/api.w.org\/{rel}","templated":true}]}}