{"id":87050,"date":"2023-09-22T14:05:13","date_gmt":"2024-05-28T09:55:01","guid":{"rendered":"https:\/\/grontkontor.dk\/shop\/fraktpose-resirkulert-papir-xl\/"},"modified":"2024-06-18T12:22:18","modified_gmt":"2024-06-18T10:22:18","slug":"fraktpose-resirkulert-papir-xl","status":"publish","type":"product","link":"https:\/\/grontkontor.dk\/no\/shop\/fraktpose-resirkulert-papir-xl\/","title":{"rendered":"Fraktpose i resirkulert papir XL"},"content":{"rendered":"<p>Pr\u00f8veposer i 100% kraftresirkulert papir. Disse kraftige og holdbare posene er et flott milj\u00f8vennlig alternativ til plastposer. Posen er utstyrt med perforering og dobbel stripelukking, for enkel retur. Etter bruk kan posen sorteres som vanlig papir.<\/p>\n<p>&nbsp;<\/p>\n<p>[papir]<br \/>\n[FSC_s]<\/p>\n<p>&nbsp;<\/p>\n<p><img loading=\"lazy\" decoding=\"async\" src=\"https:\/\/grontkontor.dk\/wp-content\/uploads\/2021\/02\/genbrug.jpg\" alt=\"Fremstillet af genbrugsmaterialer\" width=\"50\" height=\"50\" class=\"size-full wp-image-23031\" srcset=\"https:\/\/grontkontor.dk\/wp-content\/uploads\/2021\/02\/genbrug.jpg 199w, https:\/\/grontkontor.dk\/wp-content\/uploads\/2021\/02\/genbrug-100x100.jpg 100w\" sizes=\"(max-width: 50px) 100vw, 50px\" \/> <a href=\"https:\/\/ic.fsc.org\/en\/\" target=\"window\"><img loading=\"lazy\" decoding=\"async\" class=\"size-full wp-image-12735\" src=\"https:\/\/grontkontor.dk\/wp-content\/uploads\/2019\/04\/fsc-certificeret.png\" \n\t\t alt=\"FSC-certificeret\" title=\"FSC-certificeret\" width=\"44\" height=\"51\" border=0\/><\/a><\/p>\n","protected":false},"excerpt":{"rendered":"<p>Pr\u00f8veposer i 100% kraftresirkulert papir. Disse kraftige og holdbare posene er et flott milj\u00f8vennlig alternativ til plastposer. Posen er utstyrt med perforering og dobbel stripelukking, for enkel retur. Etter bruk kan posen sorteres som vanlig papir. &nbsp; [papir] [FSC_s] &nbsp;<\/p>\n","protected":false},"featured_media":69903,"comment_status":"closed","ping_status":"closed","template":"","meta":{"_acf_changed":false},"product_cat":[3790,3782,3508,2657,3195,3781,3196],"product_tag":[3731,3795],"class_list":{"0":"post-87050","1":"product","2":"type-product","3":"status-publish","4":"has-post-thumbnail","6":"product_cat-dummy-moq-500-no","7":"product_cat-konvolutter","8":"product_cat-naturlig-resirkulert-papir","9":"product_cat-nyheter","10":"product_cat-produktserier","11":"product_cat-skrivesaker","12":"product_cat-trykksak","13":"product_tag-forsendelse-no","14":"product_tag-konvolutt","15":"tm-has-options","17":"first","18":"instock","19":"taxable","20":"shipping-taxable","21":"purchasable","22":"product-type-simple"},"acf":[],"yoast_head":"<!-- This site is optimized with the Yoast SEO Premium plugin v21.2 (Yoast SEO v21.2) - https:\/\/yoast.com\/wordpress\/plugins\/seo\/ -->\n<title>Fraktpose i resirkulert papir XL - Gr\u00f8nt Kontor<\/title>\n<meta name=\"robots\" content=\"index, follow, max-snippet:-1, max-image-preview:large, max-video-preview:-1\" \/>\n<link rel=\"canonical\" href=\"https:\/\/grontkontor.dk\/no\/shop\/fraktpose-resirkulert-papir-xl\/\" \/>\n<meta property=\"og:locale\" content=\"en_US\" \/>\n<meta property=\"og:type\" content=\"article\" \/>\n<meta property=\"og:title\" content=\"Fraktpose i resirkulert papir XL\" \/>\n<meta property=\"og:description\" content=\"Pr\u00f8veposer i 100% kraftresirkulert papir. Disse kraftige og holdbare posene er et flott milj\u00f8vennlig alternativ til plastposer. Posen er utstyrt med perforering og dobbel stripelukking, for enkel retur. Etter bruk kan posen sorteres som vanlig papir. &nbsp; [papir] [FSC_s] &nbsp;\" \/>\n<meta property=\"og:url\" content=\"https:\/\/grontkontor.dk\/no\/shop\/fraktpose-resirkulert-papir-xl\/\" \/>\n<meta property=\"og:site_name\" content=\"Gr\u00f8nt Kontor\" \/>\n<meta property=\"article:publisher\" content=\"https:\/\/www.facebook.com\/grontkontor.dk\/\" \/>\n<meta property=\"article:modified_time\" content=\"2024-06-18T10:22:18+00:00\" \/>\n<meta property=\"og:image\" content=\"https:\/\/grontkontor.dk\/wp-content\/uploads\/2023\/09\/Fornsendelsespose-i-genbrugspapir-X-Large.jpg\" \/>\n\t<meta property=\"og:image:width\" content=\"900\" \/>\n\t<meta property=\"og:image:height\" content=\"639\" \/>\n\t<meta property=\"og:image:type\" content=\"image\/jpeg\" \/>\n<meta name=\"twitter:card\" content=\"summary_large_image\" \/>\n<script type=\"application\/ld+json\" class=\"yoast-schema-graph\">{\"@context\":\"https:\/\/schema.org\",\"@graph\":[{\"@type\":\"WebPage\",\"@id\":\"https:\/\/grontkontor.dk\/no\/shop\/fraktpose-resirkulert-papir-xl\/\",\"url\":\"https:\/\/grontkontor.dk\/no\/shop\/fraktpose-resirkulert-papir-xl\/\",\"name\":\"Fraktpose i resirkulert papir XL - Gr\u00f8nt Kontor\",\"isPartOf\":{\"@id\":\"https:\/\/grontkontor.dk\/#website\"},\"datePublished\":\"2024-05-28T09:55:01+00:00\",\"dateModified\":\"2024-06-18T10:22:18+00:00\",\"breadcrumb\":{\"@id\":\"https:\/\/grontkontor.dk\/no\/shop\/fraktpose-resirkulert-papir-xl\/#breadcrumb\"},\"inLanguage\":\"no-NO\",\"potentialAction\":[{\"@type\":\"ReadAction\",\"target\":[\"https:\/\/grontkontor.dk\/no\/shop\/fraktpose-resirkulert-papir-xl\/\"]}]},{\"@type\":\"BreadcrumbList\",\"@id\":\"https:\/\/grontkontor.dk\/no\/shop\/fraktpose-resirkulert-papir-xl\/#breadcrumb\",\"itemListElement\":[{\"@type\":\"ListItem\",\"position\":1,\"name\":\"Forside\",\"item\":\"https:\/\/grontkontor.dk\/\"},{\"@type\":\"ListItem\",\"position\":2,\"name\":\"Butikk\",\"item\":\"https:\/\/grontkontor.dk\/no\/butikk-2\/\"},{\"@type\":\"ListItem\",\"position\":3,\"name\":\"Produktserier\",\"item\":\"https:\/\/grontkontor.dk\/no\/produkt-kategori\/produktserier\/\"},{\"@type\":\"ListItem\",\"position\":4,\"name\":\"Naturlig resirkulert papir\",\"item\":\"https:\/\/grontkontor.dk\/no\/produkt-kategori\/produktserier\/naturlig-resirkulert-papir\/\"},{\"@type\":\"ListItem\",\"position\":5,\"name\":\"Fraktpose i resirkulert papir XL\"}]},{\"@type\":\"WebSite\",\"@id\":\"https:\/\/grontkontor.dk\/#website\",\"url\":\"https:\/\/grontkontor.dk\/\",\"name\":\"Gr\u00f8nt Kontor\",\"description\":\"Milj\u00f8venlige produkter til kontor og erhverv med fokus p\u00e5 b\u00e6redygtighed, design og fair trade.\",\"publisher\":{\"@id\":\"https:\/\/grontkontor.dk\/#organization\"},\"potentialAction\":[{\"@type\":\"SearchAction\",\"target\":{\"@type\":\"EntryPoint\",\"urlTemplate\":\"https:\/\/grontkontor.dk\/?s={search_term_string}\"},\"query-input\":\"required name=search_term_string\"}],\"inLanguage\":\"no-NO\"},{\"@type\":\"Organization\",\"@id\":\"https:\/\/grontkontor.dk\/#organization\",\"name\":\"Gr\u00f8nt Kontor\",\"url\":\"https:\/\/grontkontor.dk\/\",\"logo\":{\"@type\":\"ImageObject\",\"inLanguage\":\"no-NO\",\"@id\":\"https:\/\/grontkontor.dk\/#\/schema\/logo\/image\/\",\"url\":\"https:\/\/grontkontor.dk\/wp-content\/uploads\/2014\/02\/Logo_groent_kontor_300x80.png\",\"contentUrl\":\"https:\/\/grontkontor.dk\/wp-content\/uploads\/2014\/02\/Logo_groent_kontor_300x80.png\",\"width\":300,\"height\":80,\"caption\":\"Gr\u00f8nt Kontor\"},\"image\":{\"@id\":\"https:\/\/grontkontor.dk\/#\/schema\/logo\/image\/\"},\"sameAs\":[\"https:\/\/www.facebook.com\/grontkontor.dk\/\"]}]}<\/script>\n<!-- \/ Yoast SEO Premium plugin. -->","yoast_head_json":{"title":"Fraktpose i resirkulert papir XL - Gr\u00f8nt Kontor","robots":{"index":"index","follow":"follow","max-snippet":"max-snippet:-1","max-image-preview":"max-image-preview:large","max-video-preview":"max-video-preview:-1"},"canonical":"https:\/\/grontkontor.dk\/no\/shop\/fraktpose-resirkulert-papir-xl\/","og_locale":"en_US","og_type":"article","og_title":"Fraktpose i resirkulert papir XL","og_description":"Pr\u00f8veposer i 100% kraftresirkulert papir. Disse kraftige og holdbare posene er et flott milj\u00f8vennlig alternativ til plastposer. Posen er utstyrt med perforering og dobbel stripelukking, for enkel retur. Etter bruk kan posen sorteres som vanlig papir. &nbsp; [papir] [FSC_s] &nbsp;","og_url":"https:\/\/grontkontor.dk\/no\/shop\/fraktpose-resirkulert-papir-xl\/","og_site_name":"Gr\u00f8nt Kontor","article_publisher":"https:\/\/www.facebook.com\/grontkontor.dk\/","article_modified_time":"2024-06-18T10:22:18+00:00","og_image":[{"width":900,"height":639,"url":"https:\/\/grontkontor.dk\/wp-content\/uploads\/2023\/09\/Fornsendelsespose-i-genbrugspapir-X-Large.jpg","type":"image\/jpeg"}],"twitter_card":"summary_large_image","schema":{"@context":"https:\/\/schema.org","@graph":[{"@type":"WebPage","@id":"https:\/\/grontkontor.dk\/no\/shop\/fraktpose-resirkulert-papir-xl\/","url":"https:\/\/grontkontor.dk\/no\/shop\/fraktpose-resirkulert-papir-xl\/","name":"Fraktpose i resirkulert papir XL - Gr\u00f8nt Kontor","isPartOf":{"@id":"https:\/\/grontkontor.dk\/#website"},"datePublished":"2024-05-28T09:55:01+00:00","dateModified":"2024-06-18T10:22:18+00:00","breadcrumb":{"@id":"https:\/\/grontkontor.dk\/no\/shop\/fraktpose-resirkulert-papir-xl\/#breadcrumb"},"inLanguage":"no-NO","potentialAction":[{"@type":"ReadAction","target":["https:\/\/grontkontor.dk\/no\/shop\/fraktpose-resirkulert-papir-xl\/"]}]},{"@type":"BreadcrumbList","@id":"https:\/\/grontkontor.dk\/no\/shop\/fraktpose-resirkulert-papir-xl\/#breadcrumb","itemListElement":[{"@type":"ListItem","position":1,"name":"Forside","item":"https:\/\/grontkontor.dk\/"},{"@type":"ListItem","position":2,"name":"Butikk","item":"https:\/\/grontkontor.dk\/no\/butikk-2\/"},{"@type":"ListItem","position":3,"name":"Produktserier","item":"https:\/\/grontkontor.dk\/no\/produkt-kategori\/produktserier\/"},{"@type":"ListItem","position":4,"name":"Naturlig resirkulert papir","item":"https:\/\/grontkontor.dk\/no\/produkt-kategori\/produktserier\/naturlig-resirkulert-papir\/"},{"@type":"ListItem","position":5,"name":"Fraktpose i resirkulert papir XL"}]},{"@type":"WebSite","@id":"https:\/\/grontkontor.dk\/#website","url":"https:\/\/grontkontor.dk\/","name":"Gr\u00f8nt Kontor","description":"Milj\u00f8venlige produkter til kontor og erhverv med fokus p\u00e5 b\u00e6redygtighed, design og fair trade.","publisher":{"@id":"https:\/\/grontkontor.dk\/#organization"},"potentialAction":[{"@type":"SearchAction","target":{"@type":"EntryPoint","urlTemplate":"https:\/\/grontkontor.dk\/?s={search_term_string}"},"query-input":"required name=search_term_string"}],"inLanguage":"no-NO"},{"@type":"Organization","@id":"https:\/\/grontkontor.dk\/#organization","name":"Gr\u00f8nt Kontor","url":"https:\/\/grontkontor.dk\/","logo":{"@type":"ImageObject","inLanguage":"no-NO","@id":"https:\/\/grontkontor.dk\/#\/schema\/logo\/image\/","url":"https:\/\/grontkontor.dk\/wp-content\/uploads\/2014\/02\/Logo_groent_kontor_300x80.png","contentUrl":"https:\/\/grontkontor.dk\/wp-content\/uploads\/2014\/02\/Logo_groent_kontor_300x80.png","width":300,"height":80,"caption":"Gr\u00f8nt Kontor"},"image":{"@id":"https:\/\/grontkontor.dk\/#\/schema\/logo\/image\/"},"sameAs":["https:\/\/www.facebook.com\/grontkontor.dk\/"]}]}},"_links":{"self":[{"href":"https:\/\/grontkontor.dk\/no\/wp-json\/wp\/v2\/product\/87050"}],"collection":[{"href":"https:\/\/grontkontor.dk\/no\/wp-json\/wp\/v2\/product"}],"about":[{"href":"https:\/\/grontkontor.dk\/no\/wp-json\/wp\/v2\/types\/product"}],"replies":[{"embeddable":true,"href":"https:\/\/grontkontor.dk\/no\/wp-json\/wp\/v2\/comments?post=87050"}],"wp:featuredmedia":[{"embeddable":true,"href":"https:\/\/grontkontor.dk\/no\/wp-json\/wp\/v2\/media\/69903"}],"wp:attachment":[{"href":"https:\/\/grontkontor.dk\/no\/wp-json\/wp\/v2\/media?parent=87050"}],"wp:term":[{"taxonomy":"product_cat","embeddable":true,"href":"https:\/\/grontkontor.dk\/no\/wp-json\/wp\/v2\/product_cat?post=87050"},{"taxonomy":"product_tag","embeddable":true,"href":"https:\/\/grontkontor.dk\/no\/wp-json\/wp\/v2\/product_tag?post=87050"}],"curies":[{"name":"wp","href":"https:\/\/api.w.org\/{rel}","templated":true}]}}