{"id":87130,"date":"2023-09-22T14:02:13","date_gmt":"2024-05-28T09:56:22","guid":{"rendered":"https:\/\/grontkontor.dk\/shop\/traeboerste-saet-boeg\/"},"modified":"2024-05-28T11:56:22","modified_gmt":"2024-05-28T09:56:22","slug":"traeboerste-saet-boeg","status":"publish","type":"product","link":"https:\/\/grontkontor.dk\/no\/shop\/traeboerste-saet-boeg\/","title":{"rendered":"Treb\u00f8rste sett b\u00f8k"},"content":{"rendered":"<p>B\u00f8rstesett i b\u00f8k og naturfibre. Settet best\u00e5r av en oppvaskb\u00f8rste, gryteb\u00f8rste og en gr\u00f8nnsaksb\u00f8rste. Hodet p\u00e5 oppvaskb\u00f8rsten er 40 mm i diameter og kan byttes ut.<br \/>\nLysfibrene p\u00e5 de tre b\u00f8rstene er hentet fra agaveplanten, mens de m\u00f8rke fibrene p\u00e5 halvparten av gr\u00f8nnsaksb\u00f8rsten er laget av grove palmefibre, perfekt for \u00e5 skrubbe jord og smuss av gr\u00f8nnsaker.<br \/>\nB\u00f8rstene er laget av 100% veganske og naturlige materialer, og dermed et godt milj\u00f8vennlig produkt for kj\u00f8kkenet.<\/p>\n<p>&nbsp;<\/p>\n<p>Produsert i Tyskland<\/p>\n<img loading=\"lazy\" decoding=\"async\" class=\"size-medium wp-image-21008\" src=\"https:\/\/grontkontor.dk\/wp-content\/uploads\/2020\/11\/eu-flag_1-300x199.jpg\" alt=\"Fremstillet i EU\" width=\"76\" height=\"50\" srcset=\"https:\/\/grontkontor.dk\/wp-content\/uploads\/2020\/11\/eu-flag_1-300x199.jpg 300w, https:\/\/grontkontor.dk\/wp-content\/uploads\/2020\/11\/eu-flag_1.jpg 530w\" sizes=\"(max-width: 76px) 100vw, 76px\" \/>\n","protected":false},"excerpt":{"rendered":"<p>B\u00f8rstesett i b\u00f8k og naturfibre. Settet best\u00e5r av en oppvaskb\u00f8rste, gryteb\u00f8rste og en gr\u00f8nnsaksb\u00f8rste. Hodet p\u00e5 oppvaskb\u00f8rsten er 40 mm i diameter og kan byttes ut. Lysfibrene p\u00e5 de tre b\u00f8rstene er hentet fra agaveplanten, mens de m\u00f8rke fibrene p\u00e5 halvparten av gr\u00f8nnsaksb\u00f8rsten er laget av grove palmefibre, perfekt for \u00e5 skrubbe jord og smuss [&hellip;]<\/p>\n","protected":false},"featured_media":59825,"comment_status":"closed","ping_status":"closed","template":"","meta":{"_acf_changed":false},"product_cat":[3199,2657,3303],"product_tag":[3659,3316,3658],"class_list":{"0":"post-87130","1":"product","2":"type-product","3":"status-publish","4":"has-post-thumbnail","6":"product_cat-dummy-moq-1-no","7":"product_cat-nyheter","8":"product_cat-renhold","9":"product_tag-boerste-no","10":"product_tag-oppvaskboerste","11":"product_tag-renhold","12":"tm-has-options","14":"first","15":"instock","16":"taxable","17":"shipping-taxable","18":"purchasable","19":"product-type-simple"},"acf":[],"yoast_head":"<!-- This site is optimized with the Yoast SEO Premium plugin v21.2 (Yoast SEO v21.2) - https:\/\/yoast.com\/wordpress\/plugins\/seo\/ -->\n<title>Treb\u00f8rste sett b\u00f8k - Gr\u00f8nt Kontor<\/title>\n<meta name=\"robots\" content=\"index, follow, max-snippet:-1, max-image-preview:large, max-video-preview:-1\" \/>\n<link rel=\"canonical\" href=\"https:\/\/grontkontor.dk\/no\/shop\/traeboerste-saet-boeg\/\" \/>\n<meta property=\"og:locale\" content=\"en_US\" \/>\n<meta property=\"og:type\" content=\"article\" \/>\n<meta property=\"og:title\" content=\"Treb\u00f8rste sett b\u00f8k\" \/>\n<meta property=\"og:description\" content=\"B\u00f8rstesett i b\u00f8k og naturfibre. Settet best\u00e5r av en oppvaskb\u00f8rste, gryteb\u00f8rste og en gr\u00f8nnsaksb\u00f8rste. Hodet p\u00e5 oppvaskb\u00f8rsten er 40 mm i diameter og kan byttes ut. Lysfibrene p\u00e5 de tre b\u00f8rstene er hentet fra agaveplanten, mens de m\u00f8rke fibrene p\u00e5 halvparten av gr\u00f8nnsaksb\u00f8rsten er laget av grove palmefibre, perfekt for \u00e5 skrubbe jord og smuss [&hellip;]\" \/>\n<meta property=\"og:url\" content=\"https:\/\/grontkontor.dk\/no\/shop\/traeboerste-saet-boeg\/\" \/>\n<meta property=\"og:site_name\" content=\"Gr\u00f8nt Kontor\" \/>\n<meta property=\"article:publisher\" content=\"https:\/\/www.facebook.com\/grontkontor.dk\/\" \/>\n<meta property=\"og:image\" content=\"https:\/\/grontkontor.dk\/wp-content\/uploads\/2023\/05\/Opvaskeboerstesaet-boeg.jpg\" \/>\n\t<meta property=\"og:image:width\" content=\"900\" \/>\n\t<meta property=\"og:image:height\" content=\"639\" \/>\n\t<meta property=\"og:image:type\" content=\"image\/jpeg\" \/>\n<meta name=\"twitter:card\" content=\"summary_large_image\" \/>\n<script type=\"application\/ld+json\" class=\"yoast-schema-graph\">{\"@context\":\"https:\/\/schema.org\",\"@graph\":[{\"@type\":\"WebPage\",\"@id\":\"https:\/\/grontkontor.dk\/no\/shop\/traeboerste-saet-boeg\/\",\"url\":\"https:\/\/grontkontor.dk\/no\/shop\/traeboerste-saet-boeg\/\",\"name\":\"Treb\u00f8rste sett b\u00f8k - Gr\u00f8nt Kontor\",\"isPartOf\":{\"@id\":\"https:\/\/grontkontor.dk\/#website\"},\"datePublished\":\"2024-05-28T09:56:22+00:00\",\"dateModified\":\"2024-05-28T09:56:22+00:00\",\"breadcrumb\":{\"@id\":\"https:\/\/grontkontor.dk\/no\/shop\/traeboerste-saet-boeg\/#breadcrumb\"},\"inLanguage\":\"no-NO\",\"potentialAction\":[{\"@type\":\"ReadAction\",\"target\":[\"https:\/\/grontkontor.dk\/no\/shop\/traeboerste-saet-boeg\/\"]}]},{\"@type\":\"BreadcrumbList\",\"@id\":\"https:\/\/grontkontor.dk\/no\/shop\/traeboerste-saet-boeg\/#breadcrumb\",\"itemListElement\":[{\"@type\":\"ListItem\",\"position\":1,\"name\":\"Forside\",\"item\":\"https:\/\/grontkontor.dk\/\"},{\"@type\":\"ListItem\",\"position\":2,\"name\":\"Butikk\",\"item\":\"https:\/\/grontkontor.dk\/no\/butikk-2\/\"},{\"@type\":\"ListItem\",\"position\":3,\"name\":\"Reng\u00f8ring\",\"item\":\"https:\/\/grontkontor.dk\/produkt-kategori\/rengoering\/\"},{\"@type\":\"ListItem\",\"position\":4,\"name\":\"Treb\u00f8rste sett b\u00f8k\"}]},{\"@type\":\"WebSite\",\"@id\":\"https:\/\/grontkontor.dk\/#website\",\"url\":\"https:\/\/grontkontor.dk\/\",\"name\":\"Gr\u00f8nt Kontor\",\"description\":\"Milj\u00f8venlige produkter til kontor og erhverv med fokus p\u00e5 b\u00e6redygtighed, design og fair trade.\",\"publisher\":{\"@id\":\"https:\/\/grontkontor.dk\/#organization\"},\"potentialAction\":[{\"@type\":\"SearchAction\",\"target\":{\"@type\":\"EntryPoint\",\"urlTemplate\":\"https:\/\/grontkontor.dk\/?s={search_term_string}\"},\"query-input\":\"required name=search_term_string\"}],\"inLanguage\":\"no-NO\"},{\"@type\":\"Organization\",\"@id\":\"https:\/\/grontkontor.dk\/#organization\",\"name\":\"Gr\u00f8nt Kontor\",\"url\":\"https:\/\/grontkontor.dk\/\",\"logo\":{\"@type\":\"ImageObject\",\"inLanguage\":\"no-NO\",\"@id\":\"https:\/\/grontkontor.dk\/#\/schema\/logo\/image\/\",\"url\":\"https:\/\/grontkontor.dk\/wp-content\/uploads\/2014\/02\/Logo_groent_kontor_300x80.png\",\"contentUrl\":\"https:\/\/grontkontor.dk\/wp-content\/uploads\/2014\/02\/Logo_groent_kontor_300x80.png\",\"width\":300,\"height\":80,\"caption\":\"Gr\u00f8nt Kontor\"},\"image\":{\"@id\":\"https:\/\/grontkontor.dk\/#\/schema\/logo\/image\/\"},\"sameAs\":[\"https:\/\/www.facebook.com\/grontkontor.dk\/\"]}]}<\/script>\n<!-- \/ Yoast SEO Premium plugin. -->","yoast_head_json":{"title":"Treb\u00f8rste sett b\u00f8k - Gr\u00f8nt Kontor","robots":{"index":"index","follow":"follow","max-snippet":"max-snippet:-1","max-image-preview":"max-image-preview:large","max-video-preview":"max-video-preview:-1"},"canonical":"https:\/\/grontkontor.dk\/no\/shop\/traeboerste-saet-boeg\/","og_locale":"en_US","og_type":"article","og_title":"Treb\u00f8rste sett b\u00f8k","og_description":"B\u00f8rstesett i b\u00f8k og naturfibre. Settet best\u00e5r av en oppvaskb\u00f8rste, gryteb\u00f8rste og en gr\u00f8nnsaksb\u00f8rste. Hodet p\u00e5 oppvaskb\u00f8rsten er 40 mm i diameter og kan byttes ut. Lysfibrene p\u00e5 de tre b\u00f8rstene er hentet fra agaveplanten, mens de m\u00f8rke fibrene p\u00e5 halvparten av gr\u00f8nnsaksb\u00f8rsten er laget av grove palmefibre, perfekt for \u00e5 skrubbe jord og smuss [&hellip;]","og_url":"https:\/\/grontkontor.dk\/no\/shop\/traeboerste-saet-boeg\/","og_site_name":"Gr\u00f8nt Kontor","article_publisher":"https:\/\/www.facebook.com\/grontkontor.dk\/","og_image":[{"width":900,"height":639,"url":"https:\/\/grontkontor.dk\/wp-content\/uploads\/2023\/05\/Opvaskeboerstesaet-boeg.jpg","type":"image\/jpeg"}],"twitter_card":"summary_large_image","schema":{"@context":"https:\/\/schema.org","@graph":[{"@type":"WebPage","@id":"https:\/\/grontkontor.dk\/no\/shop\/traeboerste-saet-boeg\/","url":"https:\/\/grontkontor.dk\/no\/shop\/traeboerste-saet-boeg\/","name":"Treb\u00f8rste sett b\u00f8k - Gr\u00f8nt Kontor","isPartOf":{"@id":"https:\/\/grontkontor.dk\/#website"},"datePublished":"2024-05-28T09:56:22+00:00","dateModified":"2024-05-28T09:56:22+00:00","breadcrumb":{"@id":"https:\/\/grontkontor.dk\/no\/shop\/traeboerste-saet-boeg\/#breadcrumb"},"inLanguage":"no-NO","potentialAction":[{"@type":"ReadAction","target":["https:\/\/grontkontor.dk\/no\/shop\/traeboerste-saet-boeg\/"]}]},{"@type":"BreadcrumbList","@id":"https:\/\/grontkontor.dk\/no\/shop\/traeboerste-saet-boeg\/#breadcrumb","itemListElement":[{"@type":"ListItem","position":1,"name":"Forside","item":"https:\/\/grontkontor.dk\/"},{"@type":"ListItem","position":2,"name":"Butikk","item":"https:\/\/grontkontor.dk\/no\/butikk-2\/"},{"@type":"ListItem","position":3,"name":"Reng\u00f8ring","item":"https:\/\/grontkontor.dk\/produkt-kategori\/rengoering\/"},{"@type":"ListItem","position":4,"name":"Treb\u00f8rste sett b\u00f8k"}]},{"@type":"WebSite","@id":"https:\/\/grontkontor.dk\/#website","url":"https:\/\/grontkontor.dk\/","name":"Gr\u00f8nt Kontor","description":"Milj\u00f8venlige produkter til kontor og erhverv med fokus p\u00e5 b\u00e6redygtighed, design og fair trade.","publisher":{"@id":"https:\/\/grontkontor.dk\/#organization"},"potentialAction":[{"@type":"SearchAction","target":{"@type":"EntryPoint","urlTemplate":"https:\/\/grontkontor.dk\/?s={search_term_string}"},"query-input":"required name=search_term_string"}],"inLanguage":"no-NO"},{"@type":"Organization","@id":"https:\/\/grontkontor.dk\/#organization","name":"Gr\u00f8nt Kontor","url":"https:\/\/grontkontor.dk\/","logo":{"@type":"ImageObject","inLanguage":"no-NO","@id":"https:\/\/grontkontor.dk\/#\/schema\/logo\/image\/","url":"https:\/\/grontkontor.dk\/wp-content\/uploads\/2014\/02\/Logo_groent_kontor_300x80.png","contentUrl":"https:\/\/grontkontor.dk\/wp-content\/uploads\/2014\/02\/Logo_groent_kontor_300x80.png","width":300,"height":80,"caption":"Gr\u00f8nt Kontor"},"image":{"@id":"https:\/\/grontkontor.dk\/#\/schema\/logo\/image\/"},"sameAs":["https:\/\/www.facebook.com\/grontkontor.dk\/"]}]}},"_links":{"self":[{"href":"https:\/\/grontkontor.dk\/no\/wp-json\/wp\/v2\/product\/87130"}],"collection":[{"href":"https:\/\/grontkontor.dk\/no\/wp-json\/wp\/v2\/product"}],"about":[{"href":"https:\/\/grontkontor.dk\/no\/wp-json\/wp\/v2\/types\/product"}],"replies":[{"embeddable":true,"href":"https:\/\/grontkontor.dk\/no\/wp-json\/wp\/v2\/comments?post=87130"}],"wp:featuredmedia":[{"embeddable":true,"href":"https:\/\/grontkontor.dk\/no\/wp-json\/wp\/v2\/media\/59825"}],"wp:attachment":[{"href":"https:\/\/grontkontor.dk\/no\/wp-json\/wp\/v2\/media?parent=87130"}],"wp:term":[{"taxonomy":"product_cat","embeddable":true,"href":"https:\/\/grontkontor.dk\/no\/wp-json\/wp\/v2\/product_cat?post=87130"},{"taxonomy":"product_tag","embeddable":true,"href":"https:\/\/grontkontor.dk\/no\/wp-json\/wp\/v2\/product_tag?post=87130"}],"curies":[{"name":"wp","href":"https:\/\/api.w.org\/{rel}","templated":true}]}}