{"id":87219,"date":"2023-09-22T14:01:50","date_gmt":"2024-05-28T09:57:51","guid":{"rendered":"https:\/\/grontkontor.dk\/shop\/organisk-popped-hirse-baller\/"},"modified":"2024-05-28T11:57:51","modified_gmt":"2024-05-28T09:57:51","slug":"organisk-popped-hirse-baller","status":"publish","type":"product","link":"https:\/\/grontkontor.dk\/no\/shop\/organisk-popped-hirse-baller\/","title":{"rendered":"\u00d8kologiske poppet hirse baller"},"content":{"rendered":"<p>Disse organiske og hypoallergene hirseballene er laget av skallet hirse, som er &#8220;poppet&#8221; ved hjelp av en hirse. trykk og varme.<br \/>\nEn deilig matbit som kan nytes av alle, da den er glutenfri, vegansk og \u00f8kologisk. De er tilgjengelige i pean\u00f8tter, krydret eller salt varianter.<\/p>\n<p>Minimum 48 stykker selges deretter i esker med 12 stykker.<\/p>\n<p>Netto vekt: 75 &#8211; 150 g<br \/>\nOpprinnelse: Ungarn<br \/>\nKan inneholde spor av: Pean\u00f8tter og melk<br \/>\nB\u00f8r lagres: T\u00f8rt og kj\u00f8lig<\/p>\n<img loading=\"lazy\" decoding=\"async\" class=\"size-medium wp-image-21008\" src=\"https:\/\/grontkontor.dk\/wp-content\/uploads\/2020\/11\/eu-flag_1-300x199.jpg\" alt=\"Fremstillet i EU\" width=\"76\" height=\"50\" srcset=\"https:\/\/grontkontor.dk\/wp-content\/uploads\/2020\/11\/eu-flag_1-300x199.jpg 300w, https:\/\/grontkontor.dk\/wp-content\/uploads\/2020\/11\/eu-flag_1.jpg 530w\" sizes=\"(max-width: 76px) 100vw, 76px\" \/>\n","protected":false},"excerpt":{"rendered":"<p>Disse organiske og hypoallergene hirseballene er laget av skallet hirse, som er &#8220;poppet&#8221; ved hjelp av en hirse. trykk og varme. En deilig matbit som kan nytes av alle, da den er glutenfri, vegansk og \u00f8kologisk. De er tilgjengelige i pean\u00f8tter, krydret eller salt varianter. Minimum 48 stykker selges deretter i esker med 12 stykker. [&hellip;]<\/p>\n","protected":false},"featured_media":59769,"comment_status":"closed","ping_status":"closed","template":"","meta":{"_acf_changed":false},"product_cat":[3225,3818,3224,3820],"product_tag":[3447,3227],"class_list":{"0":"post-87219","1":"product","2":"type-product","3":"status-publish","4":"has-post-thumbnail","6":"product_cat-dummy-moq-10-50-no","7":"product_cat-knase-og-snacks","8":"product_cat-soetsaker-og-snacks","9":"product_cat-soetsaker-snacks-og-snacks","10":"product_tag-potetgull","11":"product_tag-snacks-no","12":"tm-no-options","14":"first","15":"instock","16":"taxable","17":"shipping-taxable","18":"purchasable","19":"product-type-variable"},"acf":[],"yoast_head":"<!-- This site is optimized with the Yoast SEO Premium plugin v21.2 (Yoast SEO v21.2) - https:\/\/yoast.com\/wordpress\/plugins\/seo\/ -->\n<title>\u00d8kologiske poppet hirse baller - Gr\u00f8nt Kontor<\/title>\n<meta name=\"robots\" content=\"index, follow, max-snippet:-1, max-image-preview:large, max-video-preview:-1\" \/>\n<link rel=\"canonical\" href=\"https:\/\/grontkontor.dk\/shop\/oekologiske-poppet-hirsekugler\/\" \/>\n<meta property=\"og:locale\" content=\"en_US\" \/>\n<meta property=\"og:type\" content=\"article\" \/>\n<meta property=\"og:title\" content=\"\u00d8kologiske poppet hirse baller\" \/>\n<meta property=\"og:description\" content=\"Disse organiske og hypoallergene hirseballene er laget av skallet hirse, som er &#8220;poppet&#8221; ved hjelp av en hirse. trykk og varme. En deilig matbit som kan nytes av alle, da den er glutenfri, vegansk og \u00f8kologisk. De er tilgjengelige i pean\u00f8tter, krydret eller salt varianter. Minimum 48 stykker selges deretter i esker med 12 stykker. [&hellip;]\" \/>\n<meta property=\"og:url\" content=\"https:\/\/grontkontor.dk\/shop\/oekologiske-poppet-hirsekugler\/\" \/>\n<meta property=\"og:site_name\" content=\"Gr\u00f8nt Kontor\" \/>\n<meta property=\"article:publisher\" content=\"https:\/\/www.facebook.com\/grontkontor.dk\/\" \/>\n<meta property=\"og:image\" content=\"https:\/\/grontkontor.dk\/wp-content\/uploads\/2023\/05\/Oekologisk-poppet-hirsekugler-peanut.jpg\" \/>\n\t<meta property=\"og:image:width\" content=\"900\" \/>\n\t<meta property=\"og:image:height\" content=\"639\" \/>\n\t<meta property=\"og:image:type\" content=\"image\/jpeg\" \/>\n<meta name=\"twitter:card\" content=\"summary_large_image\" \/>\n<script type=\"application\/ld+json\" class=\"yoast-schema-graph\">{\"@context\":\"https:\/\/schema.org\",\"@graph\":[{\"@type\":\"WebPage\",\"@id\":\"https:\/\/grontkontor.dk\/shop\/oekologiske-poppet-hirsekugler\/\",\"url\":\"https:\/\/grontkontor.dk\/shop\/oekologiske-poppet-hirsekugler\/\",\"name\":\"\u00d8kologiske poppet hirse baller - Gr\u00f8nt Kontor\",\"isPartOf\":{\"@id\":\"https:\/\/grontkontor.dk\/#website\"},\"datePublished\":\"2024-05-28T09:57:51+00:00\",\"dateModified\":\"2024-05-28T09:57:51+00:00\",\"breadcrumb\":{\"@id\":\"https:\/\/grontkontor.dk\/shop\/oekologiske-poppet-hirsekugler\/#breadcrumb\"},\"inLanguage\":\"no-NO\",\"potentialAction\":[{\"@type\":\"ReadAction\",\"target\":[\"https:\/\/grontkontor.dk\/shop\/oekologiske-poppet-hirsekugler\/\"]}]},{\"@type\":\"BreadcrumbList\",\"@id\":\"https:\/\/grontkontor.dk\/shop\/oekologiske-poppet-hirsekugler\/#breadcrumb\",\"itemListElement\":[{\"@type\":\"ListItem\",\"position\":1,\"name\":\"Forside\",\"item\":\"https:\/\/grontkontor.dk\/\"},{\"@type\":\"ListItem\",\"position\":2,\"name\":\"Butikk\",\"item\":\"https:\/\/grontkontor.dk\/no\/butikk-2\/\"},{\"@type\":\"ListItem\",\"position\":3,\"name\":\"Messe og arrangement\",\"item\":\"https:\/\/grontkontor.dk\/no\/produkt-kategori\/messe-og-arrangement\/\"},{\"@type\":\"ListItem\",\"position\":4,\"name\":\"Knase og snacks\",\"item\":\"https:\/\/grontkontor.dk\/no\/produkt-kategori\/messe-og-arrangement\/knase-og-snacks\/\"},{\"@type\":\"ListItem\",\"position\":5,\"name\":\"\u00d8kologiske poppet hirse baller\"}]},{\"@type\":\"WebSite\",\"@id\":\"https:\/\/grontkontor.dk\/#website\",\"url\":\"https:\/\/grontkontor.dk\/\",\"name\":\"Gr\u00f8nt Kontor\",\"description\":\"Milj\u00f8venlige produkter til kontor og erhverv med fokus p\u00e5 b\u00e6redygtighed, design og fair trade.\",\"publisher\":{\"@id\":\"https:\/\/grontkontor.dk\/#organization\"},\"potentialAction\":[{\"@type\":\"SearchAction\",\"target\":{\"@type\":\"EntryPoint\",\"urlTemplate\":\"https:\/\/grontkontor.dk\/?s={search_term_string}\"},\"query-input\":\"required name=search_term_string\"}],\"inLanguage\":\"no-NO\"},{\"@type\":\"Organization\",\"@id\":\"https:\/\/grontkontor.dk\/#organization\",\"name\":\"Gr\u00f8nt Kontor\",\"url\":\"https:\/\/grontkontor.dk\/\",\"logo\":{\"@type\":\"ImageObject\",\"inLanguage\":\"no-NO\",\"@id\":\"https:\/\/grontkontor.dk\/#\/schema\/logo\/image\/\",\"url\":\"https:\/\/grontkontor.dk\/wp-content\/uploads\/2014\/02\/Logo_groent_kontor_300x80.png\",\"contentUrl\":\"https:\/\/grontkontor.dk\/wp-content\/uploads\/2014\/02\/Logo_groent_kontor_300x80.png\",\"width\":300,\"height\":80,\"caption\":\"Gr\u00f8nt Kontor\"},\"image\":{\"@id\":\"https:\/\/grontkontor.dk\/#\/schema\/logo\/image\/\"},\"sameAs\":[\"https:\/\/www.facebook.com\/grontkontor.dk\/\"]}]}<\/script>\n<!-- \/ Yoast SEO Premium plugin. -->","yoast_head_json":{"title":"\u00d8kologiske poppet hirse baller - Gr\u00f8nt Kontor","robots":{"index":"index","follow":"follow","max-snippet":"max-snippet:-1","max-image-preview":"max-image-preview:large","max-video-preview":"max-video-preview:-1"},"canonical":"https:\/\/grontkontor.dk\/shop\/oekologiske-poppet-hirsekugler\/","og_locale":"en_US","og_type":"article","og_title":"\u00d8kologiske poppet hirse baller","og_description":"Disse organiske og hypoallergene hirseballene er laget av skallet hirse, som er &#8220;poppet&#8221; ved hjelp av en hirse. trykk og varme. En deilig matbit som kan nytes av alle, da den er glutenfri, vegansk og \u00f8kologisk. De er tilgjengelige i pean\u00f8tter, krydret eller salt varianter. Minimum 48 stykker selges deretter i esker med 12 stykker. [&hellip;]","og_url":"https:\/\/grontkontor.dk\/shop\/oekologiske-poppet-hirsekugler\/","og_site_name":"Gr\u00f8nt Kontor","article_publisher":"https:\/\/www.facebook.com\/grontkontor.dk\/","og_image":[{"width":900,"height":639,"url":"https:\/\/grontkontor.dk\/wp-content\/uploads\/2023\/05\/Oekologisk-poppet-hirsekugler-peanut.jpg","type":"image\/jpeg"}],"twitter_card":"summary_large_image","schema":{"@context":"https:\/\/schema.org","@graph":[{"@type":"WebPage","@id":"https:\/\/grontkontor.dk\/shop\/oekologiske-poppet-hirsekugler\/","url":"https:\/\/grontkontor.dk\/shop\/oekologiske-poppet-hirsekugler\/","name":"\u00d8kologiske poppet hirse baller - Gr\u00f8nt Kontor","isPartOf":{"@id":"https:\/\/grontkontor.dk\/#website"},"datePublished":"2024-05-28T09:57:51+00:00","dateModified":"2024-05-28T09:57:51+00:00","breadcrumb":{"@id":"https:\/\/grontkontor.dk\/shop\/oekologiske-poppet-hirsekugler\/#breadcrumb"},"inLanguage":"no-NO","potentialAction":[{"@type":"ReadAction","target":["https:\/\/grontkontor.dk\/shop\/oekologiske-poppet-hirsekugler\/"]}]},{"@type":"BreadcrumbList","@id":"https:\/\/grontkontor.dk\/shop\/oekologiske-poppet-hirsekugler\/#breadcrumb","itemListElement":[{"@type":"ListItem","position":1,"name":"Forside","item":"https:\/\/grontkontor.dk\/"},{"@type":"ListItem","position":2,"name":"Butikk","item":"https:\/\/grontkontor.dk\/no\/butikk-2\/"},{"@type":"ListItem","position":3,"name":"Messe og arrangement","item":"https:\/\/grontkontor.dk\/no\/produkt-kategori\/messe-og-arrangement\/"},{"@type":"ListItem","position":4,"name":"Knase og snacks","item":"https:\/\/grontkontor.dk\/no\/produkt-kategori\/messe-og-arrangement\/knase-og-snacks\/"},{"@type":"ListItem","position":5,"name":"\u00d8kologiske poppet hirse baller"}]},{"@type":"WebSite","@id":"https:\/\/grontkontor.dk\/#website","url":"https:\/\/grontkontor.dk\/","name":"Gr\u00f8nt Kontor","description":"Milj\u00f8venlige produkter til kontor og erhverv med fokus p\u00e5 b\u00e6redygtighed, design og fair trade.","publisher":{"@id":"https:\/\/grontkontor.dk\/#organization"},"potentialAction":[{"@type":"SearchAction","target":{"@type":"EntryPoint","urlTemplate":"https:\/\/grontkontor.dk\/?s={search_term_string}"},"query-input":"required name=search_term_string"}],"inLanguage":"no-NO"},{"@type":"Organization","@id":"https:\/\/grontkontor.dk\/#organization","name":"Gr\u00f8nt Kontor","url":"https:\/\/grontkontor.dk\/","logo":{"@type":"ImageObject","inLanguage":"no-NO","@id":"https:\/\/grontkontor.dk\/#\/schema\/logo\/image\/","url":"https:\/\/grontkontor.dk\/wp-content\/uploads\/2014\/02\/Logo_groent_kontor_300x80.png","contentUrl":"https:\/\/grontkontor.dk\/wp-content\/uploads\/2014\/02\/Logo_groent_kontor_300x80.png","width":300,"height":80,"caption":"Gr\u00f8nt Kontor"},"image":{"@id":"https:\/\/grontkontor.dk\/#\/schema\/logo\/image\/"},"sameAs":["https:\/\/www.facebook.com\/grontkontor.dk\/"]}]}},"_links":{"self":[{"href":"https:\/\/grontkontor.dk\/no\/wp-json\/wp\/v2\/product\/87219"}],"collection":[{"href":"https:\/\/grontkontor.dk\/no\/wp-json\/wp\/v2\/product"}],"about":[{"href":"https:\/\/grontkontor.dk\/no\/wp-json\/wp\/v2\/types\/product"}],"replies":[{"embeddable":true,"href":"https:\/\/grontkontor.dk\/no\/wp-json\/wp\/v2\/comments?post=87219"}],"wp:featuredmedia":[{"embeddable":true,"href":"https:\/\/grontkontor.dk\/no\/wp-json\/wp\/v2\/media\/59769"}],"wp:attachment":[{"href":"https:\/\/grontkontor.dk\/no\/wp-json\/wp\/v2\/media?parent=87219"}],"wp:term":[{"taxonomy":"product_cat","embeddable":true,"href":"https:\/\/grontkontor.dk\/no\/wp-json\/wp\/v2\/product_cat?post=87219"},{"taxonomy":"product_tag","embeddable":true,"href":"https:\/\/grontkontor.dk\/no\/wp-json\/wp\/v2\/product_tag?post=87219"}],"curies":[{"name":"wp","href":"https:\/\/api.w.org\/{rel}","templated":true}]}}